{"id":27531,"date":"2021-06-04T11:59:04","date_gmt":"2021-06-04T09:59:04","guid":{"rendered":"https:\/\/www.medespoir.fr\/liposuzione-vaser-in-turchia\/"},"modified":"2023-10-16T10:29:09","modified_gmt":"2023-10-16T08:29:09","slug":"liposuzione-vaser-in-turchia","status":"publish","type":"page","link":"https:\/\/www.medespoir.fr\/it\/liposuzione-vaser-in-turchia\/","title":{"rendered":"Liposuzione Vaser in Tunisia"},"content":{"rendered":"\t\t<div data-elementor-type=\"wp-page\" data-elementor-id=\"27531\" class=\"elementor elementor-27531\">\n\t\t\t\t\t\t<section class=\"elementor-section elementor-top-section elementor-element elementor-element-87f2a3c elementor-section-boxed elementor-section-height-default elementor-section-height-default\" data-id=\"87f2a3c\" data-element_type=\"section\" data-e-type=\"section\">\n\t\t\t\t\t\t<div class=\"elementor-container elementor-column-gap-default\">\n\t\t\t\t\t<div class=\"elementor-column elementor-col-66 elementor-top-column elementor-element elementor-element-2daa0bc\" data-id=\"2daa0bc\" data-element_type=\"column\" data-e-type=\"column\">\n\t\t\t<div class=\"elementor-widget-wrap elementor-element-populated\">\n\t\t\t\t\t\t<div class=\"elementor-element elementor-element-0bcdca0 elementor-widget elementor-widget-text-editor\" data-id=\"0bcdca0\" data-element_type=\"widget\" data-e-type=\"widget\" data-widget_type=\"text-editor.default\">\n\t\t\t\t<div class=\"elementor-widget-container\">\n\t\t\t\t\t\t\t\t\tLa liposuzione \u00e8 una delle procedure chirurgiche cosmetiche pi\u00f9 comuni utilizzate per trattare l&#8217;eccesso di peso. I primi tentativi di questa operazione sono stati fatti negli anni &#8217;20, ma solo negli anni &#8217;70 i risultati hanno cominciato a dare segni di successo.\t\t\t\t\t\t\t\t<\/div>\n\t\t\t\t<\/div>\n\t\t\t\t<div class=\"elementor-element elementor-element-3eb7129 elementor-widget elementor-widget-text-editor\" data-id=\"3eb7129\" data-element_type=\"widget\" data-e-type=\"widget\" data-widget_type=\"text-editor.default\">\n\t\t\t\t<div class=\"elementor-widget-container\">\n\t\t\t\t\t\t\t\t\t<p>Questa operazione \u00e8 stata un successo per le persone che volevano tornare in forma.Una figura pi\u00f9 snella e una nuova possibilit\u00e0 di avere una vita migliore. Il sogno di molti. Con i progressi medici, tecnologici e scientifici, la liposuzione sta diventando sempre pi\u00f9 efficace, dando vita alla liposuzione Vaser. In Tunisia, questa tecnica \u00e8 gi\u00e0 stata sperimentata da quasi 10 anni.<\/p>\n\t\t\t\t\t\t\t\t<\/div>\n\t\t\t\t<\/div>\n\t\t\t\t\t<\/div>\n\t\t<\/div>\n\t\t\t\t<div class=\"elementor-column elementor-col-33 elementor-top-column elementor-element elementor-element-fe4364a\" data-id=\"fe4364a\" data-element_type=\"column\" data-e-type=\"column\">\n\t\t\t<div class=\"elementor-widget-wrap elementor-element-populated\">\n\t\t\t\t\t\t<div class=\"elementor-element elementor-element-dfd9c2a elementor-widget elementor-widget-text-editor\" data-id=\"dfd9c2a\" data-element_type=\"widget\" data-e-type=\"widget\" data-widget_type=\"text-editor.default\">\n\t\t\t\t<div class=\"elementor-widget-container\">\n\t\t\t\t\t\t\t\t\t<p><img decoding=\"async\" class=\"size-full aligncenter\" src=\"https:\/\/www.medespoir.fr\/wp-content\/uploads\/2021\/11\/liposuccion-vaser-turquie.jpg\" alt=\"Liposuccion Vaser en Turquie\" \/><\/p>\n\t\t\t\t\t\t\t\t<\/div>\n\t\t\t\t<\/div>\n\t\t\t\t\t<\/div>\n\t\t<\/div>\n\t\t\t\t\t<\/div>\n\t\t<\/section>\n\t\t\t\t<section class=\"elementor-section elementor-top-section elementor-element elementor-element-8d0841b elementor-section-boxed elementor-section-height-default elementor-section-height-default\" data-id=\"8d0841b\" data-element_type=\"section\" data-e-type=\"section\" id=\"bg-devis-express\">\n\t\t\t\t\t\t<div class=\"elementor-container elementor-column-gap-default\">\n\t\t\t\t\t<div class=\"elementor-column elementor-col-100 elementor-top-column elementor-element elementor-element-7fcdc57\" data-id=\"7fcdc57\" data-element_type=\"column\" data-e-type=\"column\">\n\t\t\t<div class=\"elementor-widget-wrap elementor-element-populated\">\n\t\t\t\t\t\t<div class=\"elementor-element elementor-element-29ab01b elementor-widget elementor-widget-text-editor\" data-id=\"29ab01b\" data-element_type=\"widget\" data-e-type=\"widget\" data-widget_type=\"text-editor.default\">\n\t\t\t\t<div class=\"elementor-widget-container\">\n\t\t\t\t\t\t\t\t\t<style>\r\n\tbody.home #main-form h2 {\r\n   display:none;\r\n}\r\n<\/style>\r\n<h2 style=\"text-align: center;font-weight: bold;\">Preventivo indicativo di chirurgia estetica<\/h2>\r\n<iframe src=\"https:\/\/app.metocrm.com\/web-forms\/cfe93edc-3abf-49cd-afd3-77ca9271bead\"  height=\"750px\" width=\"100%\"  frameborder=\"0\"><\/iframe>\r\n\n\t\t\t\t\t\t\t\t<\/div>\n\t\t\t\t<\/div>\n\t\t\t\t\t<\/div>\n\t\t<\/div>\n\t\t\t\t\t<\/div>\n\t\t<\/section>\n\t\t\t\t<section class=\"elementor-section elementor-top-section elementor-element elementor-element-7333b73 elementor-section-boxed elementor-section-height-default elementor-section-height-default\" data-id=\"7333b73\" data-element_type=\"section\" data-e-type=\"section\">\n\t\t\t\t\t\t<div class=\"elementor-container elementor-column-gap-default\">\n\t\t\t\t\t<div class=\"elementor-column elementor-col-100 elementor-top-column elementor-element elementor-element-0d18664\" data-id=\"0d18664\" data-element_type=\"column\" data-e-type=\"column\">\n\t\t\t<div class=\"elementor-widget-wrap elementor-element-populated\">\n\t\t\t\t\t\t<div class=\"elementor-element elementor-element-c143999 elementor-widget elementor-widget-text-editor\" data-id=\"c143999\" data-element_type=\"widget\" data-e-type=\"widget\" data-widget_type=\"text-editor.default\">\n\t\t\t\t<div class=\"elementor-widget-container\">\n\t\t\t\t\t\t\t\t\t<h2>Che cos&#8217;\u00e8 la liposuzione Vaser?<\/h2>\r\nLa Vaser lipo \u00e8 un intervento di chirurgia medica estetica che utilizza una tecnica innovativa e tecnologicamente avanzata.Come la liposuzione tradizionale, che si basa sull&#8217;aspirazione della massa grassa, anche il metodo della liposuzione vaser non fa eccezione.\t\t\t\t\t\t\t\t<\/div>\n\t\t\t\t<\/div>\n\t\t\t\t<div class=\"elementor-element elementor-element-f478d1a elementor-widget elementor-widget-text-editor\" data-id=\"f478d1a\" data-element_type=\"widget\" data-e-type=\"widget\" data-widget_type=\"text-editor.default\">\n\t\t\t\t<div class=\"elementor-widget-container\">\n\t\t\t\t\t\t\t\t\tInoltre, la liposuzione vaser in Tunisia utilizza ultrasuoni ad alta frequenza per distruggere, ammorbidire e staccare le cellule di grasso sottocutaneo. La portata di questo metodo \u00e8 maggiore rispetto a quello tradizionale, in quanto \u00e8 in grado di raggiungere un volume maggiore di grasso e quindi di ottenere risultati migliori.\t\t\t\t\t\t\t\t<\/div>\n\t\t\t\t<\/div>\n\t\t\t\t<div class=\"elementor-element elementor-element-ca074f7 elementor-widget elementor-widget-text-editor\" data-id=\"ca074f7\" data-element_type=\"widget\" data-e-type=\"widget\" data-widget_type=\"text-editor.default\">\n\t\t\t\t<div class=\"elementor-widget-container\">\n\t\t\t\t\t\t\t\t\tQuesto intervento \u00e8 molto apprezzato per la sua modernit\u00e0 e per gli effetti estetici che si ottengono dopo l&#8217;operazione.Il tasso di successo di questo intervento \u00e8 molto elevato.\t\t\t\t\t\t\t\t<\/div>\n\t\t\t\t<\/div>\n\t\t\t\t<div class=\"elementor-element elementor-element-f2b652f elementor-widget elementor-widget-text-editor\" data-id=\"f2b652f\" data-element_type=\"widget\" data-e-type=\"widget\" data-widget_type=\"text-editor.default\">\n\t\t\t\t<div class=\"elementor-widget-container\">\n\t\t\t\t\t\t\t\t\tCon la liposuzione Vaser Tunisia \u00e8 ora possibile aspirare un volume di grasso molto maggiore di quello ottenuto con il metodo tradizionale.Infatti, con questo metodo \u00e8 possibile aspirare oltre l&#8217;80% della massa grassa. A differenza della liposuzione, che interessa il 50% della massa mirata.\t\t\t\t\t\t\t\t<\/div>\n\t\t\t\t<\/div>\n\t\t\t\t<div class=\"elementor-element elementor-element-ed18348 elementor-widget elementor-widget-text-editor\" data-id=\"ed18348\" data-element_type=\"widget\" data-e-type=\"widget\" data-widget_type=\"text-editor.default\">\n\t\t\t\t<div class=\"elementor-widget-container\">\n\t\t\t\t\t\t\t\t\t<p>Nella maggior parte dei casi, l&#8217;intervento di vaser lipo in Tunisia \u00e8 combinato con altre procedure estetiche, come il lipofilling o il lifting.Data la natura dell&#8217;intervento, \u00e8 possibile che dopo l&#8217;operazione si verifichi un eccesso di pelle che conferisce un aspetto poco attraente; per questo motivo un lifting pu\u00f2 risolvere il problema.Molte donne preferiscono approfittare di questo intervento anche per aumentare il volume dei glutei o del seno, o per eseguire interventi al viso con il lipofilling facciale.<\/p>\n\t\t\t\t\t\t\t\t<\/div>\n\t\t\t\t<\/div>\n\t\t\t\t\t<\/div>\n\t\t<\/div>\n\t\t\t\t\t<\/div>\n\t\t<\/section>\n\t\t\t\t<section class=\"elementor-section elementor-top-section elementor-element elementor-element-1aea18a elementor-section-boxed elementor-section-height-default elementor-section-height-default\" data-id=\"1aea18a\" data-element_type=\"section\" data-e-type=\"section\" id=\"bg__grad\">\n\t\t\t\t\t\t<div class=\"elementor-container elementor-column-gap-default\">\n\t\t\t\t\t<div class=\"elementor-column elementor-col-100 elementor-top-column elementor-element elementor-element-45b4392\" data-id=\"45b4392\" data-element_type=\"column\" data-e-type=\"column\" id=\"all__white\">\n\t\t\t<div class=\"elementor-widget-wrap elementor-element-populated\">\n\t\t\t\t\t\t<div class=\"elementor-element elementor-element-135042d elementor-widget elementor-widget-text-editor\" data-id=\"135042d\" data-element_type=\"widget\" data-e-type=\"widget\" data-widget_type=\"text-editor.default\">\n\t\t\t\t<div class=\"elementor-widget-container\">\n\t\t\t\t\t\t\t\t\t<h2>Procedura per la liposuzione Vaser in Tunisia<\/h2>\r\nLa fase di preparazione \u00e8 una parte importante di qualsiasi tipo di intervento chirurgico. Nel caso della liposuzione vaser in Tunisia, \u00e8 importante sapere che il paziente sta per subire un cambiamento piuttosto significativo. Il corpo deve quindi essere preparato a questo nuovo ritmo.\t\t\t\t\t\t\t\t<\/div>\n\t\t\t\t<\/div>\n\t\t\t\t<div class=\"elementor-element elementor-element-2dc5204 elementor-widget elementor-widget-text-editor\" data-id=\"2dc5204\" data-element_type=\"widget\" data-e-type=\"widget\" data-widget_type=\"text-editor.default\">\n\t\t\t\t<div class=\"elementor-widget-container\">\n\t\t\t\t\t\t\t\t\tIl primo passo \u00e8 un consulto con il medico per discutere le proprie esigenze e il potenziale risultato. Il chirurgo ordiner\u00e0 test ed esami del sangue per verificare eventuali precedenti medici.Se necessario, prescriver\u00e0 anche una dieta e un livello minimo di attivit\u00e0 fisica per il periodo di trattamento.\t\t\t\t\t\t\t\t<\/div>\n\t\t\t\t<\/div>\n\t\t\t\t<div class=\"elementor-element elementor-element-8dbc66b elementor-widget elementor-widget-text-editor\" data-id=\"8dbc66b\" data-element_type=\"widget\" data-e-type=\"widget\" data-widget_type=\"text-editor.default\">\n\t\t\t\t<div class=\"elementor-widget-container\">\n\t\t\t\t\t\t\t\t\tLa procedura \u00e8 semplice e molto simile al metodo tradizionale, ma si differenzia per il metodo utilizzato per distruggere le cellule di grasso.Le cannule vengono posizionate sull&#8217;area bersaglio e utilizzate per emettere ultrasuoni ad alta frequenza che ammorbidiscono l&#8217;area distruggendo le cellule di grasso per facilitare l&#8217;aspirazione.\t\t\t\t\t\t\t\t<\/div>\n\t\t\t\t<\/div>\n\t\t\t\t<div class=\"elementor-element elementor-element-66ac8ce elementor-widget elementor-widget-text-editor\" data-id=\"66ac8ce\" data-element_type=\"widget\" data-e-type=\"widget\" data-widget_type=\"text-editor.default\">\n\t\t\t\t<div class=\"elementor-widget-container\">\n\t\t\t\t\t\t\t\t\tUna volta effettuata questa operazione, il chirurgo procede a praticare un&#8217;incisione a forma di foro per inserire un tubo con cui aspirare il grasso ammorbidito.Con questo metodo \u00e8 possibile rimuovere fino al 30% di grasso in pi\u00f9.\t\t\t\t\t\t\t\t<\/div>\n\t\t\t\t<\/div>\n\t\t\t\t<div class=\"elementor-element elementor-element-11abea3 elementor-widget elementor-widget-text-editor\" data-id=\"11abea3\" data-element_type=\"widget\" data-e-type=\"widget\" data-widget_type=\"text-editor.default\">\n\t\t\t\t<div class=\"elementor-widget-container\">\n\t\t\t\t\t\t\t\t\t<p>Il grasso liquefatto aspirato viene talvolta utilizzato per altri interventi che si svolgeranno durante la stessa operazione.In particolare, il lipofilling per l&#8217;aumento del seno, dei glutei o per il trattamento delle rughe del viso.<\/p>\n\t\t\t\t\t\t\t\t<\/div>\n\t\t\t\t<\/div>\n\t\t\t\t\t<\/div>\n\t\t<\/div>\n\t\t\t\t\t<\/div>\n\t\t<\/section>\n\t\t\t\t<section class=\"elementor-section elementor-top-section elementor-element elementor-element-44dd0980 elementor-section-boxed elementor-section-height-default elementor-section-height-default\" data-id=\"44dd0980\" data-element_type=\"section\" data-e-type=\"section\">\n\t\t\t\t\t\t<div class=\"elementor-container elementor-column-gap-default\">\n\t\t\t\t\t<div class=\"elementor-column elementor-col-100 elementor-top-column elementor-element elementor-element-7784b1df\" data-id=\"7784b1df\" data-element_type=\"column\" data-e-type=\"column\">\n\t\t\t<div class=\"elementor-widget-wrap elementor-element-populated\">\n\t\t\t\t\t\t<div class=\"elementor-element elementor-element-22b172f7 elementor-widget elementor-widget-text-editor\" data-id=\"22b172f7\" data-element_type=\"widget\" data-e-type=\"widget\" data-widget_type=\"text-editor.default\">\n\t\t\t\t<div class=\"elementor-widget-container\">\n\t\t\t\t\t\t\t\t\t<h2>Cosa posso aspettarmi dopo la liposuzione vaser in Tunisia?<\/h2>\r\nLa liposuzione vaser in Tunisia presenta un grande vantaggio rispetto al metodo tradizionale in termini di tempi di recupero. Infatti, riduce notevolmente il trauma causato durante l&#8217;operazione.\r\n\r\nDi conseguenza, il periodo di recupero del paziente \u00e8 meno doloroso e, soprattutto, pi\u00f9 rapido. Dopo un intervento di questo tipo, \u00e8 necessario sentirsi il prima possibile a proprio agio con la nuova figura.\r\n\r\nI risultati della vaser lipo Tunisia sono visibili subito dopo l&#8217;intervento. Tuttavia, si deve prevedere la comparsa di lividi ed edemi entro circa sei settimane prima che si attenuino. A partire dal quarto mese, il risultato finale prende forma, con una silhouette pi\u00f9 snella e una pelle pi\u00f9 aderente ai muscoli, che conferisce un aspetto atletico e tridimensionale.\r\n<h2>\r\nPrezzo della liposuzione vaser in Tunisia?<\/h2>\r\nIl prezzo della liposuzione vaser in Tunisia varia principalmente in base alla scelta della clinica, del medico e talvolta della situazione del paziente. Una stima esatta del costo dell&#8217;intervento si ottiene durante un consulto con il chirurgo.\t\t\t\t\t\t\t\t<\/div>\n\t\t\t\t<\/div>\n\t\t\t\t\t<\/div>\n\t\t<\/div>\n\t\t\t\t\t<\/div>\n\t\t<\/section>\n\t\t\t\t<section class=\"elementor-section elementor-top-section elementor-element elementor-element-bd84aad elementor-section-boxed elementor-section-height-default elementor-section-height-default\" data-id=\"bd84aad\" data-element_type=\"section\" data-e-type=\"section\">\n\t\t\t\t\t\t<div class=\"elementor-container elementor-column-gap-default\">\n\t\t\t\t\t<div class=\"elementor-column elementor-col-50 elementor-top-column elementor-element elementor-element-e0345e3\" data-id=\"e0345e3\" data-element_type=\"column\" data-e-type=\"column\">\n\t\t\t<div class=\"elementor-widget-wrap elementor-element-populated\">\n\t\t\t\t\t\t<div class=\"elementor-element elementor-element-1ee8528 elementor-widget elementor-widget-html\" data-id=\"1ee8528\" data-element_type=\"widget\" data-e-type=\"widget\" data-widget_type=\"html.default\">\n\t\t\t\t<div class=\"elementor-widget-container\">\n\t\t\t\t\t<a href=\"https:\/\/www.medespoir.fr\/it\/preventivo\/\" class=\"main__btn blue\"><span>Preventivo gratuito<\/span><\/a>\t\t\t\t<\/div>\n\t\t\t\t<\/div>\n\t\t\t\t\t<\/div>\n\t\t<\/div>\n\t\t\t\t<div class=\"elementor-column elementor-col-50 elementor-top-column elementor-element elementor-element-0af1a9e\" data-id=\"0af1a9e\" data-element_type=\"column\" data-e-type=\"column\">\n\t\t\t<div class=\"elementor-widget-wrap\">\n\t\t\t\t\t\t\t<\/div>\n\t\t<\/div>\n\t\t\t\t\t<\/div>\n\t\t<\/section>\n\t\t\t\t<\/div>\n\t\t","protected":false},"excerpt":{"rendered":"<p>La liposuzione \u00e8 una delle procedure chirurgiche cosmetiche pi\u00f9 comuni utilizzate per trattare l&#8217;eccesso di peso. I primi tentativi di [&hellip;]<\/p>\n","protected":false},"author":1,"featured_media":17312,"parent":0,"menu_order":40,"comment_status":"closed","ping_status":"closed","template":"","meta":{"footnotes":""},"class_list":["post-27531","page","type-page","status-publish","has-post-thumbnail","hentry"],"yoast_head":"<!-- This site is optimized with the Yoast SEO plugin v27.5 - https:\/\/yoast.com\/product\/yoast-seo-wordpress\/ -->\n<title>Liposuzione Vaser Tunisia - prezzo VASER Lipo Tunisia<\/title>\n<meta name=\"description\" content=\"Liposuzione Vaser Tunisia o VASER Lipo Tunisia, prezzo economico con Medespoir. Seduta di Vaser Lipo a prezzo ridotto.\" \/>\n<meta name=\"robots\" content=\"index, follow, max-snippet:-1, max-image-preview:large, max-video-preview:-1\" \/>\n<link rel=\"canonical\" href=\"https:\/\/www.medespoir.fr\/it\/liposuzione-vaser-in-turchia\/\" \/>\n<meta name=\"twitter:label1\" content=\"Tempo di lettura stimato\" \/>\n\t<meta name=\"twitter:data1\" content=\"4 minuti\" \/>\n<script type=\"application\/ld+json\" class=\"yoast-schema-graph\">{\"@context\":\"https:\\\/\\\/schema.org\",\"@graph\":[{\"@type\":\"WebPage\",\"@id\":\"https:\\\/\\\/www.medespoir.fr\\\/it\\\/liposuzione-vaser-in-turchia\\\/\",\"url\":\"https:\\\/\\\/www.medespoir.fr\\\/it\\\/liposuzione-vaser-in-turchia\\\/\",\"name\":\"Liposuzione Vaser Tunisia - prezzo VASER Lipo Tunisia\",\"isPartOf\":{\"@id\":\"https:\\\/\\\/www.medespoir.fr\\\/it\\\/#website\"},\"primaryImageOfPage\":{\"@id\":\"https:\\\/\\\/www.medespoir.fr\\\/it\\\/liposuzione-vaser-in-turchia\\\/#primaryimage\"},\"image\":{\"@id\":\"https:\\\/\\\/www.medespoir.fr\\\/it\\\/liposuzione-vaser-in-turchia\\\/#primaryimage\"},\"thumbnailUrl\":\"https:\\\/\\\/www.medespoir.fr\\\/wp-content\\\/uploads\\\/2021\\\/11\\\/header-turquie.jpg\",\"datePublished\":\"2021-06-04T09:59:04+00:00\",\"dateModified\":\"2023-10-16T08:29:09+00:00\",\"description\":\"Liposuzione Vaser Tunisia o VASER Lipo Tunisia, prezzo economico con Medespoir. Seduta di Vaser Lipo a prezzo ridotto.\",\"breadcrumb\":{\"@id\":\"https:\\\/\\\/www.medespoir.fr\\\/it\\\/liposuzione-vaser-in-turchia\\\/#breadcrumb\"},\"inLanguage\":\"it-IT\",\"potentialAction\":[{\"@type\":\"ReadAction\",\"target\":[\"https:\\\/\\\/www.medespoir.fr\\\/it\\\/liposuzione-vaser-in-turchia\\\/\"]}]},{\"@type\":\"ImageObject\",\"inLanguage\":\"it-IT\",\"@id\":\"https:\\\/\\\/www.medespoir.fr\\\/it\\\/liposuzione-vaser-in-turchia\\\/#primaryimage\",\"url\":\"https:\\\/\\\/www.medespoir.fr\\\/wp-content\\\/uploads\\\/2021\\\/11\\\/header-turquie.jpg\",\"contentUrl\":\"https:\\\/\\\/www.medespoir.fr\\\/wp-content\\\/uploads\\\/2021\\\/11\\\/header-turquie.jpg\",\"width\":1928,\"height\":479},{\"@type\":\"BreadcrumbList\",\"@id\":\"https:\\\/\\\/www.medespoir.fr\\\/it\\\/liposuzione-vaser-in-turchia\\\/#breadcrumb\",\"itemListElement\":[{\"@type\":\"ListItem\",\"position\":1,\"name\":\"Accueil\",\"item\":\"https:\\\/\\\/www.medespoir.fr\\\/it\\\/\"},{\"@type\":\"ListItem\",\"position\":2,\"name\":\"Liposuzione Vaser in Tunisia\"}]},{\"@type\":\"WebSite\",\"@id\":\"https:\\\/\\\/www.medespoir.fr\\\/it\\\/#website\",\"url\":\"https:\\\/\\\/www.medespoir.fr\\\/it\\\/\",\"name\":\"Medespoir France\",\"description\":\"Chirurgie esthetique Tunisie\",\"publisher\":{\"@id\":\"https:\\\/\\\/www.medespoir.fr\\\/it\\\/#organization\"},\"potentialAction\":[{\"@type\":\"SearchAction\",\"target\":{\"@type\":\"EntryPoint\",\"urlTemplate\":\"https:\\\/\\\/www.medespoir.fr\\\/it\\\/?s={search_term_string}\"},\"query-input\":{\"@type\":\"PropertyValueSpecification\",\"valueRequired\":true,\"valueName\":\"search_term_string\"}}],\"inLanguage\":\"it-IT\"},{\"@type\":\"Organization\",\"@id\":\"https:\\\/\\\/www.medespoir.fr\\\/it\\\/#organization\",\"name\":\"Medespoir France\",\"url\":\"https:\\\/\\\/www.medespoir.fr\\\/it\\\/\",\"logo\":{\"@type\":\"ImageObject\",\"inLanguage\":\"it-IT\",\"@id\":\"https:\\\/\\\/www.medespoir.fr\\\/it\\\/#\\\/schema\\\/logo\\\/image\\\/\",\"url\":\"https:\\\/\\\/www.medespoir.fr\\\/wp-content\\\/uploads\\\/2021\\\/10\\\/cropped-logo__medespoirFR.png\",\"contentUrl\":\"https:\\\/\\\/www.medespoir.fr\\\/wp-content\\\/uploads\\\/2021\\\/10\\\/cropped-logo__medespoirFR.png\",\"width\":150,\"height\":62,\"caption\":\"Medespoir France\"},\"image\":{\"@id\":\"https:\\\/\\\/www.medespoir.fr\\\/it\\\/#\\\/schema\\\/logo\\\/image\\\/\"},\"sameAs\":[\"https:\\\/\\\/www.facebook.com\\\/MedEspoirFr\",\"https:\\\/\\\/x.com\\\/MedEspoirTN\"]}]}<\/script>\n<!-- \/ Yoast SEO plugin. -->","yoast_head_json":{"title":"Liposuzione Vaser Tunisia - prezzo VASER Lipo Tunisia","description":"Liposuzione Vaser Tunisia o VASER Lipo Tunisia, prezzo economico con Medespoir. Seduta di Vaser Lipo a prezzo ridotto.","robots":{"index":"index","follow":"follow","max-snippet":"max-snippet:-1","max-image-preview":"max-image-preview:large","max-video-preview":"max-video-preview:-1"},"canonical":"https:\/\/www.medespoir.fr\/it\/liposuzione-vaser-in-turchia\/","twitter_misc":{"Tempo di lettura stimato":"4 minuti"},"schema":{"@context":"https:\/\/schema.org","@graph":[{"@type":"WebPage","@id":"https:\/\/www.medespoir.fr\/it\/liposuzione-vaser-in-turchia\/","url":"https:\/\/www.medespoir.fr\/it\/liposuzione-vaser-in-turchia\/","name":"Liposuzione Vaser Tunisia - prezzo VASER Lipo Tunisia","isPartOf":{"@id":"https:\/\/www.medespoir.fr\/it\/#website"},"primaryImageOfPage":{"@id":"https:\/\/www.medespoir.fr\/it\/liposuzione-vaser-in-turchia\/#primaryimage"},"image":{"@id":"https:\/\/www.medespoir.fr\/it\/liposuzione-vaser-in-turchia\/#primaryimage"},"thumbnailUrl":"https:\/\/www.medespoir.fr\/wp-content\/uploads\/2021\/11\/header-turquie.jpg","datePublished":"2021-06-04T09:59:04+00:00","dateModified":"2023-10-16T08:29:09+00:00","description":"Liposuzione Vaser Tunisia o VASER Lipo Tunisia, prezzo economico con Medespoir. Seduta di Vaser Lipo a prezzo ridotto.","breadcrumb":{"@id":"https:\/\/www.medespoir.fr\/it\/liposuzione-vaser-in-turchia\/#breadcrumb"},"inLanguage":"it-IT","potentialAction":[{"@type":"ReadAction","target":["https:\/\/www.medespoir.fr\/it\/liposuzione-vaser-in-turchia\/"]}]},{"@type":"ImageObject","inLanguage":"it-IT","@id":"https:\/\/www.medespoir.fr\/it\/liposuzione-vaser-in-turchia\/#primaryimage","url":"https:\/\/www.medespoir.fr\/wp-content\/uploads\/2021\/11\/header-turquie.jpg","contentUrl":"https:\/\/www.medespoir.fr\/wp-content\/uploads\/2021\/11\/header-turquie.jpg","width":1928,"height":479},{"@type":"BreadcrumbList","@id":"https:\/\/www.medespoir.fr\/it\/liposuzione-vaser-in-turchia\/#breadcrumb","itemListElement":[{"@type":"ListItem","position":1,"name":"Accueil","item":"https:\/\/www.medespoir.fr\/it\/"},{"@type":"ListItem","position":2,"name":"Liposuzione Vaser in Tunisia"}]},{"@type":"WebSite","@id":"https:\/\/www.medespoir.fr\/it\/#website","url":"https:\/\/www.medespoir.fr\/it\/","name":"Medespoir France","description":"Chirurgie esthetique Tunisie","publisher":{"@id":"https:\/\/www.medespoir.fr\/it\/#organization"},"potentialAction":[{"@type":"SearchAction","target":{"@type":"EntryPoint","urlTemplate":"https:\/\/www.medespoir.fr\/it\/?s={search_term_string}"},"query-input":{"@type":"PropertyValueSpecification","valueRequired":true,"valueName":"search_term_string"}}],"inLanguage":"it-IT"},{"@type":"Organization","@id":"https:\/\/www.medespoir.fr\/it\/#organization","name":"Medespoir France","url":"https:\/\/www.medespoir.fr\/it\/","logo":{"@type":"ImageObject","inLanguage":"it-IT","@id":"https:\/\/www.medespoir.fr\/it\/#\/schema\/logo\/image\/","url":"https:\/\/www.medespoir.fr\/wp-content\/uploads\/2021\/10\/cropped-logo__medespoirFR.png","contentUrl":"https:\/\/www.medespoir.fr\/wp-content\/uploads\/2021\/10\/cropped-logo__medespoirFR.png","width":150,"height":62,"caption":"Medespoir France"},"image":{"@id":"https:\/\/www.medespoir.fr\/it\/#\/schema\/logo\/image\/"},"sameAs":["https:\/\/www.facebook.com\/MedEspoirFr","https:\/\/x.com\/MedEspoirTN"]}]}},"_links":{"self":[{"href":"https:\/\/www.medespoir.fr\/it\/wp-json\/wp\/v2\/pages\/27531","targetHints":{"allow":["GET"]}}],"collection":[{"href":"https:\/\/www.medespoir.fr\/it\/wp-json\/wp\/v2\/pages"}],"about":[{"href":"https:\/\/www.medespoir.fr\/it\/wp-json\/wp\/v2\/types\/page"}],"author":[{"embeddable":true,"href":"https:\/\/www.medespoir.fr\/it\/wp-json\/wp\/v2\/users\/1"}],"replies":[{"embeddable":true,"href":"https:\/\/www.medespoir.fr\/it\/wp-json\/wp\/v2\/comments?post=27531"}],"version-history":[{"count":0,"href":"https:\/\/www.medespoir.fr\/it\/wp-json\/wp\/v2\/pages\/27531\/revisions"}],"wp:featuredmedia":[{"embeddable":true,"href":"https:\/\/www.medespoir.fr\/it\/wp-json\/wp\/v2\/media\/17312"}],"wp:attachment":[{"href":"https:\/\/www.medespoir.fr\/it\/wp-json\/wp\/v2\/media?parent=27531"}],"curies":[{"name":"wp","href":"https:\/\/api.w.org\/{rel}","templated":true}]}}