{"id":27499,"date":"2023-10-12T10:14:40","date_gmt":"2023-10-12T08:14:40","guid":{"rendered":"https:\/\/www.medespoir.fr\/prezzi-della-chirurgia-estetica-le-nostre-tariffe-convenienti\/"},"modified":"2025-06-16T16:13:59","modified_gmt":"2025-06-16T14:13:59","slug":"prezzi-della-chirurgia-estetica","status":"publish","type":"page","link":"https:\/\/www.medespoir.fr\/it\/prezzi-della-chirurgia-estetica\/","title":{"rendered":"Prezzi della chirurgia estetica: le nostre tariffe convenienti"},"content":{"rendered":"\t\t<div data-elementor-type=\"wp-page\" data-elementor-id=\"27499\" class=\"elementor elementor-27499\">\n\t\t\t\t\t\t<section class=\"elementor-section elementor-top-section elementor-element elementor-element-662689b elementor-section-boxed elementor-section-height-default elementor-section-height-default\" data-id=\"662689b\" data-element_type=\"section\" data-e-type=\"section\">\n\t\t\t\t\t\t<div class=\"elementor-container elementor-column-gap-default\">\n\t\t\t\t\t<div class=\"elementor-column elementor-col-100 elementor-top-column elementor-element elementor-element-3205ce3\" data-id=\"3205ce3\" data-element_type=\"column\" data-e-type=\"column\">\n\t\t\t<div class=\"elementor-widget-wrap elementor-element-populated\">\n\t\t\t\t\t\t<div class=\"elementor-element elementor-element-f6604b4 elementor-widget elementor-widget-text-editor\" data-id=\"f6604b4\" data-element_type=\"widget\" data-e-type=\"widget\" data-widget_type=\"text-editor.default\">\n\t\t\t\t<div class=\"elementor-widget-container\">\n\t\t\t\t\t\t\t\t\t<p>In qualit\u00e0 di agenzia di turismo medico, l&#8217;obiettivo principale di <b>MedEspoir<\/b> \u00e8 quello di offrire interventi di chirurgia plastica a basso costo a chiunque voglia davvero avere il corpo o il viso dei propri sogni.<\/p><p>Sapendo che la preoccupazione numero uno \u00e8 quella economica, abbiamo preferito preparare un listino prezzi accessibile che comprende le cure e i trattamenti chirurgici di base.<\/p><p>Questi prezzi sono sempre adattati al budget dei nostri pazienti, e questo non \u00e8 sinonimo di cure mediche di bassa qualit\u00e0. I prezzi indicati di seguito comprendono tutti i costi dell&#8217;intervento: onorario del chirurgo, onorario dell&#8217;anestesista, onorario della sala operatoria, eventuali impianti o attrezzature, alloggio e assistenza post operatoria.<\/p><p>Il nostro obiettivo principale \u00e8 quello di offrire un intervento di chirurgia estetica a basso costo a chiunque desideri davvero avere il corpo o il viso che ha sempre sognato.<\/p><p>Sapendo che la prima preoccupazione \u00e8 di tipo economico, abbiamo preferito stabilire un listino prezzi accessibile che comprende i trattamenti chirurgici e le cure essenziali. Il prezzo \u00e8 sempre adeguato al budget dei nostri pazienti e non sottrae alcuna prestazione medica.<\/p>\t\t\t\t\t\t\t\t<\/div>\n\t\t\t\t<\/div>\n\t\t\t\t\t<\/div>\n\t\t<\/div>\n\t\t\t\t\t<\/div>\n\t\t<\/section>\n\t\t\t\t<section class=\"elementor-section elementor-top-section elementor-element elementor-element-7873e08 elementor-section-boxed elementor-section-height-default elementor-section-height-default\" data-id=\"7873e08\" data-element_type=\"section\" data-e-type=\"section\">\n\t\t\t\t\t\t<div class=\"elementor-container elementor-column-gap-default\">\n\t\t\t\t\t<div class=\"elementor-column elementor-col-100 elementor-top-column elementor-element elementor-element-c82a66e\" data-id=\"c82a66e\" data-element_type=\"column\" data-e-type=\"column\">\n\t\t\t<div class=\"elementor-widget-wrap elementor-element-populated\">\n\t\t\t\t\t\t<div class=\"elementor-element elementor-element-28b3f33 elementor-widget elementor-widget-text-editor\" data-id=\"28b3f33\" data-element_type=\"widget\" data-e-type=\"widget\" data-widget_type=\"text-editor.default\">\n\t\t\t\t<div class=\"elementor-widget-container\">\n\t\t\t\t\t\t\t\t\t<style>\r\n\tbody.home #main-form h2 {\r\n   display:none;\r\n}\r\n<\/style>\r\n<h2 style=\"text-align: center;font-weight: bold;\">Preventivo indicativo di chirurgia estetica<\/h2>\r\n<iframe src=\"https:\/\/app.metocrm.com\/web-forms\/cfe93edc-3abf-49cd-afd3-77ca9271bead\"  height=\"750px\" width=\"100%\"  frameborder=\"0\"><\/iframe>\r\n\t\t\t\t\t\t\t\t<\/div>\n\t\t\t\t<\/div>\n\t\t\t\t\t<\/div>\n\t\t<\/div>\n\t\t\t\t\t<\/div>\n\t\t<\/section>\n\t\t\t\t<section class=\"elementor-section elementor-top-section elementor-element elementor-element-2b3420c elementor-section-boxed elementor-section-height-default elementor-section-height-default\" data-id=\"2b3420c\" data-element_type=\"section\" data-e-type=\"section\">\n\t\t\t\t\t\t<div class=\"elementor-container elementor-column-gap-default\">\n\t\t\t\t\t<div class=\"elementor-column elementor-col-100 elementor-top-column elementor-element elementor-element-476a8e9\" data-id=\"476a8e9\" data-element_type=\"column\" data-e-type=\"column\">\n\t\t\t<div class=\"elementor-widget-wrap elementor-element-populated\">\n\t\t\t\t\t\t<div class=\"elementor-element elementor-element-0d76f84 elementor-widget elementor-widget-text-editor\" data-id=\"0d76f84\" data-element_type=\"widget\" data-e-type=\"widget\" data-widget_type=\"text-editor.default\">\n\t\t\t\t<div class=\"elementor-widget-container\">\n\t\t\t\t\t\t\t\t\t<h2>Quali fattori possono influenzare il prezzo della chirurgia estetica?<\/h2>\r\nRicordiamo che gli interventi di chirurgia estetica non sono generalmente intesi come terapia. Di conseguenza, non sono coperti dai programmi di previdenza sociale o di assicurazione sanitaria. I costi di questi interventi sono quindi a carico dei pazienti stessi.\r\n\r\nD&#8217;altro canto, gli interventi chirurgici di ricostruzione o riparazione possono essere rimborsati. Tra questi, la ricostruzione del seno dopo un cancro al seno, la chirurgia bariatrica per l&#8217;obesit\u00e0, ecc.\r\n\r\nAnche le complicazioni gravi dovute a un intervento di chirurgia puramente estetica possono essere rimborsate dal sistema di previdenza sociale, come l&#8217;embolia polmonare, la sepsi o semplicemente le complicazioni che richiedono una terapia intensiva.\r\n\r\nCome pianificare un intervento di chirurgia estetica all&#8217;estero?\r\nIl motivo pi\u00f9 comune per cui si lascia il proprio Paese per sottoporsi a un intervento di chirurgia estetica \u00e8 il risparmio economico. \u00c8 quindi importante valutare il costo totale dell&#8217;intervento tenendo conto di tutti gli aspetti, quindi, oltre al prezzo della procedura chirurgica, \u00e8 necessario considerare anche:\r\n<ul>\r\n \t<li>Onorari del chirurgo<\/li>\r\n \t<li>Visite pre e post operatorie<\/li>\r\n \t<li>Spese di clinica<\/li>\r\n \t<li>Onorari dell&#8217;anestesista<\/li>\r\n \t<li>Materiale medico come protesi mammarie o indumenti compressivi<\/li>\r\n \t<li>Esami preoperatori<\/li>\r\n \t<li>Farmaci post-operatori<\/li>\r\n \t<li>Medicazioni<\/li>\r\n \t<li>Viaggi, biglietti, trasferimenti via terra, alberghi, congedi per malattia e convalescenza.<\/li>\r\n \t<li>Spese mediche e di viaggio supplementari in caso di complicazioni.<\/li>\r\n<\/ul>\r\nAnche se i prezzi bassi della chirurgia estetica sembrano allettanti, \u00e8 necessario scegliere il chirurgo con attenzione. Verificate le sue qualifiche, la sua reputazione, le sue referenze e la sua esperienza, soprattutto se i suoi onorari sono significativamente inferiori a quelli di altri chirurghi.Finanziamento della chirurgia esteticaLe considerazioni finanziarie includono:\r\n<ul>\r\n \t<li>Quali metodi di pagamento accetta il chirurgo, la clinica o l&#8217;agenzia?<\/li>\r\n \t<li>Il finanziamento \u00e8 disponibile nel Paese d&#8217;origine o nello studio del chirurgo?<\/li>\r\n \t<li>Sono previste penali per l&#8217;annullamento dell&#8217;intervento?<\/li>\r\n<\/ul>\r\n<h2>Assicurazione sanitaria<\/h2>\r\nLa maggior parte degli interventi di chirurgia estetica all&#8217;estero non \u00e8 coperta da assicurazione sanitaria. Alcuni interventi, come la rinoplastica e la mammoplastica riduttiva, possono essere coperti dall&#8217;assicurazione. Poich\u00e9 la possibilit\u00e0 di complicazioni post-operatorie esiste anche se l&#8217;intervento viene eseguito dal chirurgo migliore e pi\u00f9 esperto, \u00e8 consigliabile documentarsi prima sul tipo di copertura assicurativa che si intende attivare.\r\n\r\nQueste considerazioni includono:\r\n<ul>\r\n \t<li>La copertura assicurativa sar\u00e0 valida anche al di fuori del Paese?<\/li>\r\n \t<li>La copertura sar\u00e0 valida anche al rientro nel Paese in caso di complicazioni?<\/li>\r\n \t<li>L&#8217;intervento che state per subire rientra tra quelli coperti da assicurazione? In caso affermativo, il vostro chirurgo pu\u00f2 mettervela a disposizione?<\/li>\r\n<\/ul>\r\n<h2>In conclusione,<\/h2>\r\nVa notato che i prezzi indicati per la chirurgia estetica non sono contrattuali.Infatti, possono essere determinati con precisione in base al paese, alla complessit\u00e0 e alla specificit\u00e0 di ogni paziente, il che in alcuni casi giustifica un aumento di questi prezzi.\r\nVa inoltre sottolineato che ogni intervento \u00e8 sempre preceduto da un preventivo. Questo preventivo vi fornisce una stima precisa dei costi da prevedere per il vostro intervento di chirurgia estetica.\t\t\t\t\t\t\t\t<\/div>\n\t\t\t\t<\/div>\n\t\t\t\t\t<\/div>\n\t\t<\/div>\n\t\t\t\t\t<\/div>\n\t\t<\/section>\n\t\t\t\t<\/div>\n\t\t","protected":false},"excerpt":{"rendered":"<p>In qualit\u00e0 di agenzia di turismo medico, l&#8217;obiettivo principale di MedEspoir \u00e8 quello di offrire interventi di chirurgia plastica a [&hellip;]<\/p>\n","protected":false},"author":1,"featured_media":17336,"parent":0,"menu_order":85,"comment_status":"closed","ping_status":"closed","template":"","meta":{"footnotes":""},"class_list":["post-27499","page","type-page","status-publish","has-post-thumbnail","hentry"],"yoast_head":"<!-- This site is optimized with the Yoast SEO plugin v27.5 - https:\/\/yoast.com\/product\/yoast-seo-wordpress\/ -->\n<title>Prezzi chirurgia estetica : Prezzi chirurgia estetica Medespoir<\/title>\n<meta name=\"description\" content=\"Prezzi economici della chirurgia estetica offerti da Medespoir. Approfittate di un soggiorno medico all-inclusive. prezzi chirurgia estetica\" \/>\n<meta name=\"robots\" content=\"index, follow, max-snippet:-1, max-image-preview:large, max-video-preview:-1\" \/>\n<link rel=\"canonical\" href=\"https:\/\/www.medespoir.fr\/it\/prezzi-della-chirurgia-estetica\/\" \/>\n<meta name=\"twitter:label1\" content=\"Tempo di lettura stimato\" \/>\n\t<meta name=\"twitter:data1\" content=\"4 minuti\" \/>\n<script type=\"application\/ld+json\" class=\"yoast-schema-graph\">{\"@context\":\"https:\\\/\\\/schema.org\",\"@graph\":[{\"@type\":\"WebPage\",\"@id\":\"https:\\\/\\\/www.medespoir.fr\\\/it\\\/prezzi-della-chirurgia-estetica\\\/\",\"url\":\"https:\\\/\\\/www.medespoir.fr\\\/it\\\/prezzi-della-chirurgia-estetica\\\/\",\"name\":\"Prezzi chirurgia estetica : Prezzi chirurgia estetica Medespoir\",\"isPartOf\":{\"@id\":\"https:\\\/\\\/www.medespoir.fr\\\/it\\\/#website\"},\"primaryImageOfPage\":{\"@id\":\"https:\\\/\\\/www.medespoir.fr\\\/it\\\/prezzi-della-chirurgia-estetica\\\/#primaryimage\"},\"image\":{\"@id\":\"https:\\\/\\\/www.medespoir.fr\\\/it\\\/prezzi-della-chirurgia-estetica\\\/#primaryimage\"},\"thumbnailUrl\":\"https:\\\/\\\/www.medespoir.fr\\\/wp-content\\\/uploads\\\/2021\\\/11\\\/header-tarif.jpg\",\"datePublished\":\"2023-10-12T08:14:40+00:00\",\"dateModified\":\"2025-06-16T14:13:59+00:00\",\"description\":\"Prezzi economici della chirurgia estetica offerti da Medespoir. Approfittate di un soggiorno medico all-inclusive. prezzi chirurgia estetica\",\"breadcrumb\":{\"@id\":\"https:\\\/\\\/www.medespoir.fr\\\/it\\\/prezzi-della-chirurgia-estetica\\\/#breadcrumb\"},\"inLanguage\":\"it-IT\",\"potentialAction\":[{\"@type\":\"ReadAction\",\"target\":[\"https:\\\/\\\/www.medespoir.fr\\\/it\\\/prezzi-della-chirurgia-estetica\\\/\"]}]},{\"@type\":\"ImageObject\",\"inLanguage\":\"it-IT\",\"@id\":\"https:\\\/\\\/www.medespoir.fr\\\/it\\\/prezzi-della-chirurgia-estetica\\\/#primaryimage\",\"url\":\"https:\\\/\\\/www.medespoir.fr\\\/wp-content\\\/uploads\\\/2021\\\/11\\\/header-tarif.jpg\",\"contentUrl\":\"https:\\\/\\\/www.medespoir.fr\\\/wp-content\\\/uploads\\\/2021\\\/11\\\/header-tarif.jpg\",\"width\":1928,\"height\":479},{\"@type\":\"BreadcrumbList\",\"@id\":\"https:\\\/\\\/www.medespoir.fr\\\/it\\\/prezzi-della-chirurgia-estetica\\\/#breadcrumb\",\"itemListElement\":[{\"@type\":\"ListItem\",\"position\":1,\"name\":\"Accueil\",\"item\":\"https:\\\/\\\/www.medespoir.fr\\\/it\\\/\"},{\"@type\":\"ListItem\",\"position\":2,\"name\":\"Prezzi della chirurgia estetica: le nostre tariffe convenienti\"}]},{\"@type\":\"WebSite\",\"@id\":\"https:\\\/\\\/www.medespoir.fr\\\/it\\\/#website\",\"url\":\"https:\\\/\\\/www.medespoir.fr\\\/it\\\/\",\"name\":\"Medespoir France\",\"description\":\"Chirurgie esthetique Tunisie\",\"publisher\":{\"@id\":\"https:\\\/\\\/www.medespoir.fr\\\/it\\\/#organization\"},\"potentialAction\":[{\"@type\":\"SearchAction\",\"target\":{\"@type\":\"EntryPoint\",\"urlTemplate\":\"https:\\\/\\\/www.medespoir.fr\\\/it\\\/?s={search_term_string}\"},\"query-input\":{\"@type\":\"PropertyValueSpecification\",\"valueRequired\":true,\"valueName\":\"search_term_string\"}}],\"inLanguage\":\"it-IT\"},{\"@type\":\"Organization\",\"@id\":\"https:\\\/\\\/www.medespoir.fr\\\/it\\\/#organization\",\"name\":\"Medespoir France\",\"url\":\"https:\\\/\\\/www.medespoir.fr\\\/it\\\/\",\"logo\":{\"@type\":\"ImageObject\",\"inLanguage\":\"it-IT\",\"@id\":\"https:\\\/\\\/www.medespoir.fr\\\/it\\\/#\\\/schema\\\/logo\\\/image\\\/\",\"url\":\"https:\\\/\\\/www.medespoir.fr\\\/wp-content\\\/uploads\\\/2021\\\/10\\\/cropped-logo__medespoirFR.png\",\"contentUrl\":\"https:\\\/\\\/www.medespoir.fr\\\/wp-content\\\/uploads\\\/2021\\\/10\\\/cropped-logo__medespoirFR.png\",\"width\":150,\"height\":62,\"caption\":\"Medespoir France\"},\"image\":{\"@id\":\"https:\\\/\\\/www.medespoir.fr\\\/it\\\/#\\\/schema\\\/logo\\\/image\\\/\"},\"sameAs\":[\"https:\\\/\\\/www.facebook.com\\\/MedEspoirFr\",\"https:\\\/\\\/x.com\\\/MedEspoirTN\"]}]}<\/script>\n<!-- \/ Yoast SEO plugin. -->","yoast_head_json":{"title":"Prezzi chirurgia estetica : Prezzi chirurgia estetica Medespoir","description":"Prezzi economici della chirurgia estetica offerti da Medespoir. Approfittate di un soggiorno medico all-inclusive. prezzi chirurgia estetica","robots":{"index":"index","follow":"follow","max-snippet":"max-snippet:-1","max-image-preview":"max-image-preview:large","max-video-preview":"max-video-preview:-1"},"canonical":"https:\/\/www.medespoir.fr\/it\/prezzi-della-chirurgia-estetica\/","twitter_misc":{"Tempo di lettura stimato":"4 minuti"},"schema":{"@context":"https:\/\/schema.org","@graph":[{"@type":"WebPage","@id":"https:\/\/www.medespoir.fr\/it\/prezzi-della-chirurgia-estetica\/","url":"https:\/\/www.medespoir.fr\/it\/prezzi-della-chirurgia-estetica\/","name":"Prezzi chirurgia estetica : Prezzi chirurgia estetica Medespoir","isPartOf":{"@id":"https:\/\/www.medespoir.fr\/it\/#website"},"primaryImageOfPage":{"@id":"https:\/\/www.medespoir.fr\/it\/prezzi-della-chirurgia-estetica\/#primaryimage"},"image":{"@id":"https:\/\/www.medespoir.fr\/it\/prezzi-della-chirurgia-estetica\/#primaryimage"},"thumbnailUrl":"https:\/\/www.medespoir.fr\/wp-content\/uploads\/2021\/11\/header-tarif.jpg","datePublished":"2023-10-12T08:14:40+00:00","dateModified":"2025-06-16T14:13:59+00:00","description":"Prezzi economici della chirurgia estetica offerti da Medespoir. Approfittate di un soggiorno medico all-inclusive. prezzi chirurgia estetica","breadcrumb":{"@id":"https:\/\/www.medespoir.fr\/it\/prezzi-della-chirurgia-estetica\/#breadcrumb"},"inLanguage":"it-IT","potentialAction":[{"@type":"ReadAction","target":["https:\/\/www.medespoir.fr\/it\/prezzi-della-chirurgia-estetica\/"]}]},{"@type":"ImageObject","inLanguage":"it-IT","@id":"https:\/\/www.medespoir.fr\/it\/prezzi-della-chirurgia-estetica\/#primaryimage","url":"https:\/\/www.medespoir.fr\/wp-content\/uploads\/2021\/11\/header-tarif.jpg","contentUrl":"https:\/\/www.medespoir.fr\/wp-content\/uploads\/2021\/11\/header-tarif.jpg","width":1928,"height":479},{"@type":"BreadcrumbList","@id":"https:\/\/www.medespoir.fr\/it\/prezzi-della-chirurgia-estetica\/#breadcrumb","itemListElement":[{"@type":"ListItem","position":1,"name":"Accueil","item":"https:\/\/www.medespoir.fr\/it\/"},{"@type":"ListItem","position":2,"name":"Prezzi della chirurgia estetica: le nostre tariffe convenienti"}]},{"@type":"WebSite","@id":"https:\/\/www.medespoir.fr\/it\/#website","url":"https:\/\/www.medespoir.fr\/it\/","name":"Medespoir France","description":"Chirurgie esthetique Tunisie","publisher":{"@id":"https:\/\/www.medespoir.fr\/it\/#organization"},"potentialAction":[{"@type":"SearchAction","target":{"@type":"EntryPoint","urlTemplate":"https:\/\/www.medespoir.fr\/it\/?s={search_term_string}"},"query-input":{"@type":"PropertyValueSpecification","valueRequired":true,"valueName":"search_term_string"}}],"inLanguage":"it-IT"},{"@type":"Organization","@id":"https:\/\/www.medespoir.fr\/it\/#organization","name":"Medespoir France","url":"https:\/\/www.medespoir.fr\/it\/","logo":{"@type":"ImageObject","inLanguage":"it-IT","@id":"https:\/\/www.medespoir.fr\/it\/#\/schema\/logo\/image\/","url":"https:\/\/www.medespoir.fr\/wp-content\/uploads\/2021\/10\/cropped-logo__medespoirFR.png","contentUrl":"https:\/\/www.medespoir.fr\/wp-content\/uploads\/2021\/10\/cropped-logo__medespoirFR.png","width":150,"height":62,"caption":"Medespoir France"},"image":{"@id":"https:\/\/www.medespoir.fr\/it\/#\/schema\/logo\/image\/"},"sameAs":["https:\/\/www.facebook.com\/MedEspoirFr","https:\/\/x.com\/MedEspoirTN"]}]}},"_links":{"self":[{"href":"https:\/\/www.medespoir.fr\/it\/wp-json\/wp\/v2\/pages\/27499","targetHints":{"allow":["GET"]}}],"collection":[{"href":"https:\/\/www.medespoir.fr\/it\/wp-json\/wp\/v2\/pages"}],"about":[{"href":"https:\/\/www.medespoir.fr\/it\/wp-json\/wp\/v2\/types\/page"}],"author":[{"embeddable":true,"href":"https:\/\/www.medespoir.fr\/it\/wp-json\/wp\/v2\/users\/1"}],"replies":[{"embeddable":true,"href":"https:\/\/www.medespoir.fr\/it\/wp-json\/wp\/v2\/comments?post=27499"}],"version-history":[{"count":3,"href":"https:\/\/www.medespoir.fr\/it\/wp-json\/wp\/v2\/pages\/27499\/revisions"}],"predecessor-version":[{"id":31883,"href":"https:\/\/www.medespoir.fr\/it\/wp-json\/wp\/v2\/pages\/27499\/revisions\/31883"}],"wp:featuredmedia":[{"embeddable":true,"href":"https:\/\/www.medespoir.fr\/it\/wp-json\/wp\/v2\/media\/17336"}],"wp:attachment":[{"href":"https:\/\/www.medespoir.fr\/it\/wp-json\/wp\/v2\/media?parent=27499"}],"curies":[{"name":"wp","href":"https:\/\/api.w.org\/{rel}","templated":true}]}}