{"id":27342,"date":"2021-11-19T14:41:09","date_gmt":"2021-11-19T13:41:09","guid":{"rendered":"https:\/\/www.medespoir.fr\/tout-savoir-sur-le-bbl-brazilian-butt-lift\/"},"modified":"2023-09-20T11:12:33","modified_gmt":"2023-09-20T09:12:33","slug":"bbl","status":"publish","type":"page","link":"https:\/\/www.medespoir.fr\/it\/bbl\/","title":{"rendered":"Tutto quello che c&#8217;\u00e8 da sapere sul BBL (Brazilian Butt Lift)"},"content":{"rendered":"\t\t<div data-elementor-type=\"wp-page\" data-elementor-id=\"27342\" class=\"elementor elementor-27342\">\n\t\t\t\t\t\t<section class=\"elementor-section elementor-top-section elementor-element elementor-element-0fba05b elementor-section-boxed elementor-section-height-default elementor-section-height-default\" data-id=\"0fba05b\" data-element_type=\"section\" data-e-type=\"section\">\n\t\t\t\t\t\t<div class=\"elementor-container elementor-column-gap-default\">\n\t\t\t\t\t<div class=\"elementor-column elementor-col-66 elementor-top-column elementor-element elementor-element-acbf892\" data-id=\"acbf892\" data-element_type=\"column\" data-e-type=\"column\">\n\t\t\t<div class=\"elementor-widget-wrap elementor-element-populated\">\n\t\t\t\t\t\t<div class=\"elementor-element elementor-element-ffa000b elementor-widget elementor-widget-text-editor\" data-id=\"ffa000b\" data-element_type=\"widget\" data-e-type=\"widget\" data-widget_type=\"text-editor.default\">\n\t\t\t\t<div class=\"elementor-widget-container\">\n\t\t\t\t\t\t\t\t\t<p>Il Brazilian Butt Lift \u00e8 uno degli interventi estetici pi\u00f9 richiesti. Questa tecnica rivoluzionaria consente di rimodellare la forma dei glutei. Molte celebrit\u00e0 si sono sottoposte al BBL. \u00c8 sulla bocca di tutti sul web. Qual \u00e8 il principio alla base di questo intervento estetico? Quali sono i risultati? E quanto costa?<\/p>\t\t\t\t\t\t\t\t<\/div>\n\t\t\t\t<\/div>\n\t\t\t\t<div class=\"elementor-element elementor-element-ed83e4c elementor-widget elementor-widget-text-editor\" data-id=\"ed83e4c\" data-element_type=\"widget\" data-e-type=\"widget\" data-widget_type=\"text-editor.default\">\n\t\t\t\t<div class=\"elementor-widget-container\">\n\t\t\t\t\t\t\t\t\t<h2>Che cos&#8217;\u00e8 il lifting del sedere brasiliano?<\/h2><p>Il lifting del sedere brasiliano \u00e8 un intervento di chirurgia estetica utilizzato per aumentare le dimensioni dei glutei.Molte donne optano per il lipofilling, noto anche come lifting del sedere brasiliano, al fine di ottenere un sedere formoso.Negli ultimi anni questo trattamento ha riscosso un grande successo.Molte celebrit\u00e0 hanno fatto ricorso a questa tecnica chirurgica.Va notato che questo trattamento offre risultati molto apprezzabili.Grazie alla BBL \u00e8 possibile avere glutei ben modellati. Il punto di forza di questo intervento \u00e8 che offre un aspetto naturale al 100%. A differenza dei trattamenti che possono alterare l&#8217;aspetto fisico, la BBL offre un risultato naturale.<\/p>\t\t\t\t\t\t\t\t<\/div>\n\t\t\t\t<\/div>\n\t\t\t\t\t<\/div>\n\t\t<\/div>\n\t\t\t\t<div class=\"elementor-column elementor-col-33 elementor-top-column elementor-element elementor-element-2b7e84f\" data-id=\"2b7e84f\" data-element_type=\"column\" data-e-type=\"column\">\n\t\t\t<div class=\"elementor-widget-wrap elementor-element-populated\">\n\t\t\t\t\t\t<div class=\"elementor-element elementor-element-d500c33 elementor-widget elementor-widget-text-editor\" data-id=\"d500c33\" data-element_type=\"widget\" data-e-type=\"widget\" data-widget_type=\"text-editor.default\">\n\t\t\t\t<div class=\"elementor-widget-container\">\n\t\t\t\t\t\t\t\t\t<p><img decoding=\"async\" class=\"aligncenter\" src=\"https:\/\/www.medespoir.fr\/wp-content\/uploads\/2022\/07\/brazilian-butt-lift-bbl.jpg\" alt=\"bbl\" \/><\/p>\n\t\t\t\t\t\t\t\t<\/div>\n\t\t\t\t<\/div>\n\t\t\t\t\t<\/div>\n\t\t<\/div>\n\t\t\t\t\t<\/div>\n\t\t<\/section>\n\t\t\t\t<section class=\"elementor-section elementor-top-section elementor-element elementor-element-4f165e4 elementor-section-boxed elementor-section-height-default elementor-section-height-default\" data-id=\"4f165e4\" data-element_type=\"section\" data-e-type=\"section\" id=\"bg-devis-express\">\n\t\t\t\t\t\t<div class=\"elementor-container elementor-column-gap-default\">\n\t\t\t\t\t<div class=\"elementor-column elementor-col-100 elementor-top-column elementor-element elementor-element-a85b737\" data-id=\"a85b737\" data-element_type=\"column\" data-e-type=\"column\">\n\t\t\t<div class=\"elementor-widget-wrap elementor-element-populated\">\n\t\t\t\t\t\t<div class=\"elementor-element elementor-element-e5efe80 elementor-widget elementor-widget-text-editor\" data-id=\"e5efe80\" data-element_type=\"widget\" data-e-type=\"widget\" data-widget_type=\"text-editor.default\">\n\t\t\t\t<div class=\"elementor-widget-container\">\n\t\t\t\t\t\t\t\t\t<style>\r\n\tbody.home #main-form h2 {\r\n   display:none;\r\n}\r\n<\/style>\r\n<h2 style=\"text-align: center;font-weight: bold;\">Preventivo indicativo di chirurgia estetica<\/h2>\r\n<iframe src=\"https:\/\/app.metocrm.com\/web-forms\/cfe93edc-3abf-49cd-afd3-77ca9271bead\"  height=\"750px\" width=\"100%\"  frameborder=\"0\"><\/iframe>\r\n\t\t\t\t\t\t\t\t<\/div>\n\t\t\t\t<\/div>\n\t\t\t\t\t<\/div>\n\t\t<\/div>\n\t\t\t\t\t<\/div>\n\t\t<\/section>\n\t\t\t\t<section class=\"elementor-section elementor-top-section elementor-element elementor-element-3b3e6f8 elementor-section-boxed elementor-section-height-default elementor-section-height-default\" data-id=\"3b3e6f8\" data-element_type=\"section\" data-e-type=\"section\">\n\t\t\t\t\t\t<div class=\"elementor-container elementor-column-gap-default\">\n\t\t\t\t\t<div class=\"elementor-column elementor-col-100 elementor-top-column elementor-element elementor-element-e679b5b\" data-id=\"e679b5b\" data-element_type=\"column\" data-e-type=\"column\">\n\t\t\t<div class=\"elementor-widget-wrap elementor-element-populated\">\n\t\t\t\t\t\t<div class=\"elementor-element elementor-element-965f509 elementor-widget elementor-widget-text-editor\" data-id=\"965f509\" data-element_type=\"widget\" data-e-type=\"widget\" data-widget_type=\"text-editor.default\">\n\t\t\t\t<div class=\"elementor-widget-container\">\n\t\t\t\t\t\t\t\t\t<h2>Chi dovrebbe sottoporsi al lifting del sedere brasiliano?<\/h2><p>Il lifting del sedere brasiliano \u00e8 un intervento estetico adatto a tutte le donne che desiderano un sedere ben modellato.Tuttavia, \u00e8 bene ricordare che questo trattamento non pu\u00f2 essere eseguito su pazienti in sovrappeso.Alcune celebrit\u00e0 maschili hanno confessato di aver utilizzato questa tecnica innovativa.Sia gli uomini che le donne possono ora sottoporsi a una BBL.<\/p><h2>Come funziona il lifting brasiliano?<\/h2><p>Prima di sottoporsi a un lifting brasiliano, \u00e8 essenziale sottoporsi a un check-up medico.Una volta che gli esami clinici sono stati controllati dal chirurgo, si pu\u00f2 procedere con l&#8217;operazione.Si tratta di un intervento molto semplice. Tuttavia, richiede una certa competenza medica. Per questo motivo, \u00e8 necessario informarsi al meglio sul proprio medico. Il lifting del sedere brasiliano viene eseguito in anestesia generale e richiede un ricovero di 24 ore. Innanzitutto, il medico esegue una liposuzione per rimuovere il grasso. Questo grasso viene poi reiniettato nelle aree precedentemente delimitate su entrambi i glutei. Le incisioni praticate sui glutei vengono poi suturate. Va notato che il lifting brasiliano \u00e8 consigliato a persone con un peso stabile.<\/p>\t\t\t\t\t\t\t\t<\/div>\n\t\t\t\t<\/div>\n\t\t\t\t\t<\/div>\n\t\t<\/div>\n\t\t\t\t\t<\/div>\n\t\t<\/section>\n\t\t\t\t<section class=\"elementor-section elementor-top-section elementor-element elementor-element-869acde elementor-section-boxed elementor-section-height-default elementor-section-height-default\" data-id=\"869acde\" data-element_type=\"section\" data-e-type=\"section\">\n\t\t\t\t\t\t<div class=\"elementor-container elementor-column-gap-default\">\n\t\t\t\t\t<div class=\"elementor-column elementor-col-66 elementor-top-column elementor-element elementor-element-3012f64\" data-id=\"3012f64\" data-element_type=\"column\" data-e-type=\"column\">\n\t\t\t<div class=\"elementor-widget-wrap elementor-element-populated\">\n\t\t\t\t\t\t<div class=\"elementor-element elementor-element-d69bd03 elementor-widget elementor-widget-text-editor\" data-id=\"d69bd03\" data-element_type=\"widget\" data-e-type=\"widget\" data-widget_type=\"text-editor.default\">\n\t\t\t\t<div class=\"elementor-widget-container\">\n\t\t\t\t\t\t\t\t\t<h2>Quali sono i risultati?<\/h2><p>Il Brazilian Butt Lift \u00e8 diventato uno dei trattamenti pi\u00f9 utilizzati nel campo della chirurgia estetica.Infatti, il Brazilian Butt Lift offre risultati sorprendenti.Il risultato finale \u00e8 visibile due mesi dopo l&#8217;intervento.I glutei diventano meravigliosamente modellati e le cicatrici finiscono per svanire. Va notato che i risultati hanno un aspetto al 100%.<\/p>\t\t\t\t\t\t\t\t<\/div>\n\t\t\t\t<\/div>\n\t\t\t\t\t<\/div>\n\t\t<\/div>\n\t\t\t\t<div class=\"elementor-column elementor-col-33 elementor-top-column elementor-element elementor-element-fc6fb49\" data-id=\"fc6fb49\" data-element_type=\"column\" data-e-type=\"column\">\n\t\t\t<div class=\"elementor-widget-wrap elementor-element-populated\">\n\t\t\t\t\t\t<div class=\"elementor-element elementor-element-656a909 elementor-widget elementor-widget-text-editor\" data-id=\"656a909\" data-element_type=\"widget\" data-e-type=\"widget\" data-widget_type=\"text-editor.default\">\n\t\t\t\t<div class=\"elementor-widget-container\">\n\t\t\t\t\t\t\t\t\t<p><img fetchpriority=\"high\" decoding=\"async\" class=\"alignright wp-image-6600\" src=\"https:\/\/www.medespoir.fr\/wp-content\/uploads\/2021\/11\/lifting-bresilien-avant-apres.jpg\" alt=\"lifting bresilien avant apr\u00e8s\" width=\"550\" height=\"281\" \/><\/p>\n\t\t\t\t\t\t\t\t<\/div>\n\t\t\t\t<\/div>\n\t\t\t\t\t<\/div>\n\t\t<\/div>\n\t\t\t\t\t<\/div>\n\t\t<\/section>\n\t\t\t\t<section class=\"elementor-section elementor-top-section elementor-element elementor-element-5c00bab2 elementor-section-boxed elementor-section-height-default elementor-section-height-default\" data-id=\"5c00bab2\" data-element_type=\"section\" data-e-type=\"section\">\n\t\t\t\t\t\t<div class=\"elementor-container elementor-column-gap-default\">\n\t\t\t\t\t<div class=\"elementor-column elementor-col-100 elementor-top-column elementor-element elementor-element-31d7e8b9\" data-id=\"31d7e8b9\" data-element_type=\"column\" data-e-type=\"column\">\n\t\t\t<div class=\"elementor-widget-wrap elementor-element-populated\">\n\t\t\t\t\t\t<div class=\"elementor-element elementor-element-351d3c84 elementor-widget elementor-widget-text-editor\" data-id=\"351d3c84\" data-element_type=\"widget\" data-e-type=\"widget\" data-widget_type=\"text-editor.default\">\n\t\t\t\t<div class=\"elementor-widget-container\">\n\t\t\t\t\t\t\t\t\t<h2>Quali sono i rischi del Brazilian Butt Lifting?<\/h2><p>Come la maggior parte degli interventi di chirurgia estetica, il Brazilian Butt Lifting pu\u00f2 comportare alcuni rischi post-operatori, come sanguinamento, infezione, versamento linfatico e lieve dolore.\u00c8 essenziale contattare il medico in caso di emergenza.Va inoltre sottolineato che il verificarsi di questi rischi \u00e8 generalmente molto raro.In caso di emergenza, \u00e8 necessario contattare il proprio medico.<\/p><h2>Quali sono i vantaggi del Brazilian Butt Lifting?<\/h2><p>Il Brazilian Butt Lifting \u00e8 un intervento estetico che presenta numerosi vantaggi. A differenza di altre procedure chirurgiche, il Brazilian Butt Lifting offre risultati tangibili in soli 3 mesi. Inoltre, la procedura \u00e8 molto semplice. Il BBT \u00e8 classificato come uno degli interventi estetici meno complicati. Inoltre, va ricordato che il lifting brasiliano migliora l&#8217;intera figura dopo l&#8217;asportazione del grasso che verr\u00e0 reiniettato nei glutei. Anche le aree da cui viene rimosso il grasso possono essere liberate dai depositi adiposi.<\/p><h2>Quali sono le precauzioni da prendere dopo un lifting del sedere brasiliano?<\/h2><p>Dopo un lifting del sedere brasiliano, la paziente non potr\u00e0 sedersi per i primi giorni successivi all&#8217;intervento.Le attivit\u00e0 sportive saranno tollerate dopo 3 mesi.Dopo i primi tre mesi, la paziente potr\u00e0 tornare gradualmente alla sua routine quotidiana.<\/p><h2>Quanto costa il Brazilian Butt Lift?<\/h2><p>Il costo del lifting brasiliano del sedere \u00e8 un po&#8217; elevato. Sebbene si tratti di un trattamento semplice, il costo di un intervento del genere \u00e8 un po&#8217; elevato.Infatti, il costo dell&#8217;intervento dipende dalla procedura chirurgica.In generale, il costo di un lifting brasiliano varia tra i 7.000 e gli 8.000 euro.Attualmente, sui social network, questa procedura di chirurgia estetica sembra essere molto popolare.Tutte le celebrit\u00e0 che si sono sottoposte a questa tecnica non hanno esitato a condividere i loro risultati.E i risultati sembrano essere impressionanti.<\/p>\t\t\t\t\t\t\t\t<\/div>\n\t\t\t\t<\/div>\n\t\t\t\t\t<\/div>\n\t\t<\/div>\n\t\t\t\t\t<\/div>\n\t\t<\/section>\n\t\t\t\t<section class=\"elementor-section elementor-top-section elementor-element elementor-element-7112cdf elementor-section-boxed elementor-section-height-default elementor-section-height-default\" data-id=\"7112cdf\" data-element_type=\"section\" data-e-type=\"section\">\n\t\t\t\t\t\t<div class=\"elementor-container elementor-column-gap-default\">\n\t\t\t\t\t<div class=\"elementor-column elementor-col-50 elementor-top-column elementor-element elementor-element-0e3b318\" data-id=\"0e3b318\" data-element_type=\"column\" data-e-type=\"column\">\n\t\t\t<div class=\"elementor-widget-wrap elementor-element-populated\">\n\t\t\t\t\t\t<div class=\"elementor-element elementor-element-fae56f0 elementor-widget elementor-widget-html\" data-id=\"fae56f0\" data-element_type=\"widget\" data-e-type=\"widget\" data-widget_type=\"html.default\">\n\t\t\t\t<div class=\"elementor-widget-container\">\n\t\t\t\t\t<a href=\"https:\/\/www.medespoir.fr\/it\/preventivo\/\" class=\"main__btn blue\"><span>Devis gratuit<\/span><\/a>\t\t\t\t<\/div>\n\t\t\t\t<\/div>\n\t\t\t\t\t<\/div>\n\t\t<\/div>\n\t\t\t\t<div class=\"elementor-column elementor-col-50 elementor-top-column elementor-element elementor-element-07931fe\" data-id=\"07931fe\" data-element_type=\"column\" data-e-type=\"column\">\n\t\t\t<div class=\"elementor-widget-wrap\">\n\t\t\t\t\t\t\t<\/div>\n\t\t<\/div>\n\t\t\t\t\t<\/div>\n\t\t<\/section>\n\t\t\t\t<\/div>\n\t\t","protected":false},"excerpt":{"rendered":"<p>Il Brazilian Butt Lift \u00e8 uno degli interventi estetici pi\u00f9 richiesti. Questa tecnica rivoluzionaria consente di rimodellare la forma dei [&hellip;]<\/p>\n","protected":false},"author":1,"featured_media":17285,"parent":0,"menu_order":45,"comment_status":"closed","ping_status":"closed","template":"","meta":{"footnotes":""},"class_list":["post-27342","page","type-page","status-publish","has-post-thumbnail","hentry"],"yoast_head":"<!-- This site is optimized with the Yoast SEO plugin v27.4 - https:\/\/yoast.com\/product\/yoast-seo-wordpress\/ -->\n<title>BBL: Lifting brasiliano del sedere - prezzi bbl<\/title>\n<meta name=\"description\" content=\"BBL, Brazilian Butt Lift : Aumento naturale dei glutei a prezzi bassi con Medespoir\" \/>\n<meta name=\"robots\" content=\"index, follow, max-snippet:-1, max-image-preview:large, max-video-preview:-1\" \/>\n<link rel=\"canonical\" href=\"https:\/\/www.medespoir.fr\/it\/bbl\/\" \/>\n<meta name=\"twitter:label1\" content=\"Tempo di lettura stimato\" \/>\n\t<meta name=\"twitter:data1\" content=\"4 minuti\" \/>\n<script type=\"application\/ld+json\" class=\"yoast-schema-graph\">{\"@context\":\"https:\\\/\\\/schema.org\",\"@graph\":[{\"@type\":\"WebPage\",\"@id\":\"https:\\\/\\\/www.medespoir.fr\\\/it\\\/bbl\\\/\",\"url\":\"https:\\\/\\\/www.medespoir.fr\\\/it\\\/bbl\\\/\",\"name\":\"BBL: Lifting brasiliano del sedere - prezzi bbl\",\"isPartOf\":{\"@id\":\"https:\\\/\\\/www.medespoir.fr\\\/it\\\/#website\"},\"primaryImageOfPage\":{\"@id\":\"https:\\\/\\\/www.medespoir.fr\\\/it\\\/bbl\\\/#primaryimage\"},\"image\":{\"@id\":\"https:\\\/\\\/www.medespoir.fr\\\/it\\\/bbl\\\/#primaryimage\"},\"thumbnailUrl\":\"https:\\\/\\\/www.medespoir.fr\\\/wp-content\\\/uploads\\\/2021\\\/11\\\/header-corps.jpg\",\"datePublished\":\"2021-11-19T13:41:09+00:00\",\"dateModified\":\"2023-09-20T09:12:33+00:00\",\"description\":\"BBL, Brazilian Butt Lift : Aumento naturale dei glutei a prezzi bassi con Medespoir\",\"breadcrumb\":{\"@id\":\"https:\\\/\\\/www.medespoir.fr\\\/it\\\/bbl\\\/#breadcrumb\"},\"inLanguage\":\"it-IT\",\"potentialAction\":[{\"@type\":\"ReadAction\",\"target\":[\"https:\\\/\\\/www.medespoir.fr\\\/it\\\/bbl\\\/\"]}]},{\"@type\":\"ImageObject\",\"inLanguage\":\"it-IT\",\"@id\":\"https:\\\/\\\/www.medespoir.fr\\\/it\\\/bbl\\\/#primaryimage\",\"url\":\"https:\\\/\\\/www.medespoir.fr\\\/wp-content\\\/uploads\\\/2021\\\/11\\\/header-corps.jpg\",\"contentUrl\":\"https:\\\/\\\/www.medespoir.fr\\\/wp-content\\\/uploads\\\/2021\\\/11\\\/header-corps.jpg\",\"width\":1928,\"height\":479},{\"@type\":\"BreadcrumbList\",\"@id\":\"https:\\\/\\\/www.medespoir.fr\\\/it\\\/bbl\\\/#breadcrumb\",\"itemListElement\":[{\"@type\":\"ListItem\",\"position\":1,\"name\":\"Accueil\",\"item\":\"https:\\\/\\\/www.medespoir.fr\\\/it\\\/\"},{\"@type\":\"ListItem\",\"position\":2,\"name\":\"Tutto quello che c&rsquo;\u00e8 da sapere sul BBL (Brazilian Butt Lift)\"}]},{\"@type\":\"WebSite\",\"@id\":\"https:\\\/\\\/www.medespoir.fr\\\/it\\\/#website\",\"url\":\"https:\\\/\\\/www.medespoir.fr\\\/it\\\/\",\"name\":\"Medespoir France\",\"description\":\"Chirurgie esthetique Tunisie\",\"publisher\":{\"@id\":\"https:\\\/\\\/www.medespoir.fr\\\/it\\\/#organization\"},\"potentialAction\":[{\"@type\":\"SearchAction\",\"target\":{\"@type\":\"EntryPoint\",\"urlTemplate\":\"https:\\\/\\\/www.medespoir.fr\\\/it\\\/?s={search_term_string}\"},\"query-input\":{\"@type\":\"PropertyValueSpecification\",\"valueRequired\":true,\"valueName\":\"search_term_string\"}}],\"inLanguage\":\"it-IT\"},{\"@type\":\"Organization\",\"@id\":\"https:\\\/\\\/www.medespoir.fr\\\/it\\\/#organization\",\"name\":\"Medespoir France\",\"url\":\"https:\\\/\\\/www.medespoir.fr\\\/it\\\/\",\"logo\":{\"@type\":\"ImageObject\",\"inLanguage\":\"it-IT\",\"@id\":\"https:\\\/\\\/www.medespoir.fr\\\/it\\\/#\\\/schema\\\/logo\\\/image\\\/\",\"url\":\"https:\\\/\\\/www.medespoir.fr\\\/wp-content\\\/uploads\\\/2021\\\/10\\\/cropped-logo__medespoirFR.png\",\"contentUrl\":\"https:\\\/\\\/www.medespoir.fr\\\/wp-content\\\/uploads\\\/2021\\\/10\\\/cropped-logo__medespoirFR.png\",\"width\":150,\"height\":62,\"caption\":\"Medespoir France\"},\"image\":{\"@id\":\"https:\\\/\\\/www.medespoir.fr\\\/it\\\/#\\\/schema\\\/logo\\\/image\\\/\"},\"sameAs\":[\"https:\\\/\\\/www.facebook.com\\\/MedEspoirFr\",\"https:\\\/\\\/x.com\\\/MedEspoirTN\"]}]}<\/script>\n<!-- \/ Yoast SEO plugin. -->","yoast_head_json":{"title":"BBL: Lifting brasiliano del sedere - prezzi bbl","description":"BBL, Brazilian Butt Lift : Aumento naturale dei glutei a prezzi bassi con Medespoir","robots":{"index":"index","follow":"follow","max-snippet":"max-snippet:-1","max-image-preview":"max-image-preview:large","max-video-preview":"max-video-preview:-1"},"canonical":"https:\/\/www.medespoir.fr\/it\/bbl\/","twitter_misc":{"Tempo di lettura stimato":"4 minuti"},"schema":{"@context":"https:\/\/schema.org","@graph":[{"@type":"WebPage","@id":"https:\/\/www.medespoir.fr\/it\/bbl\/","url":"https:\/\/www.medespoir.fr\/it\/bbl\/","name":"BBL: Lifting brasiliano del sedere - prezzi bbl","isPartOf":{"@id":"https:\/\/www.medespoir.fr\/it\/#website"},"primaryImageOfPage":{"@id":"https:\/\/www.medespoir.fr\/it\/bbl\/#primaryimage"},"image":{"@id":"https:\/\/www.medespoir.fr\/it\/bbl\/#primaryimage"},"thumbnailUrl":"https:\/\/www.medespoir.fr\/wp-content\/uploads\/2021\/11\/header-corps.jpg","datePublished":"2021-11-19T13:41:09+00:00","dateModified":"2023-09-20T09:12:33+00:00","description":"BBL, Brazilian Butt Lift : Aumento naturale dei glutei a prezzi bassi con Medespoir","breadcrumb":{"@id":"https:\/\/www.medespoir.fr\/it\/bbl\/#breadcrumb"},"inLanguage":"it-IT","potentialAction":[{"@type":"ReadAction","target":["https:\/\/www.medespoir.fr\/it\/bbl\/"]}]},{"@type":"ImageObject","inLanguage":"it-IT","@id":"https:\/\/www.medespoir.fr\/it\/bbl\/#primaryimage","url":"https:\/\/www.medespoir.fr\/wp-content\/uploads\/2021\/11\/header-corps.jpg","contentUrl":"https:\/\/www.medespoir.fr\/wp-content\/uploads\/2021\/11\/header-corps.jpg","width":1928,"height":479},{"@type":"BreadcrumbList","@id":"https:\/\/www.medespoir.fr\/it\/bbl\/#breadcrumb","itemListElement":[{"@type":"ListItem","position":1,"name":"Accueil","item":"https:\/\/www.medespoir.fr\/it\/"},{"@type":"ListItem","position":2,"name":"Tutto quello che c&rsquo;\u00e8 da sapere sul BBL (Brazilian Butt Lift)"}]},{"@type":"WebSite","@id":"https:\/\/www.medespoir.fr\/it\/#website","url":"https:\/\/www.medespoir.fr\/it\/","name":"Medespoir France","description":"Chirurgie esthetique Tunisie","publisher":{"@id":"https:\/\/www.medespoir.fr\/it\/#organization"},"potentialAction":[{"@type":"SearchAction","target":{"@type":"EntryPoint","urlTemplate":"https:\/\/www.medespoir.fr\/it\/?s={search_term_string}"},"query-input":{"@type":"PropertyValueSpecification","valueRequired":true,"valueName":"search_term_string"}}],"inLanguage":"it-IT"},{"@type":"Organization","@id":"https:\/\/www.medespoir.fr\/it\/#organization","name":"Medespoir France","url":"https:\/\/www.medespoir.fr\/it\/","logo":{"@type":"ImageObject","inLanguage":"it-IT","@id":"https:\/\/www.medespoir.fr\/it\/#\/schema\/logo\/image\/","url":"https:\/\/www.medespoir.fr\/wp-content\/uploads\/2021\/10\/cropped-logo__medespoirFR.png","contentUrl":"https:\/\/www.medespoir.fr\/wp-content\/uploads\/2021\/10\/cropped-logo__medespoirFR.png","width":150,"height":62,"caption":"Medespoir France"},"image":{"@id":"https:\/\/www.medespoir.fr\/it\/#\/schema\/logo\/image\/"},"sameAs":["https:\/\/www.facebook.com\/MedEspoirFr","https:\/\/x.com\/MedEspoirTN"]}]}},"_links":{"self":[{"href":"https:\/\/www.medespoir.fr\/it\/wp-json\/wp\/v2\/pages\/27342","targetHints":{"allow":["GET"]}}],"collection":[{"href":"https:\/\/www.medespoir.fr\/it\/wp-json\/wp\/v2\/pages"}],"about":[{"href":"https:\/\/www.medespoir.fr\/it\/wp-json\/wp\/v2\/types\/page"}],"author":[{"embeddable":true,"href":"https:\/\/www.medespoir.fr\/it\/wp-json\/wp\/v2\/users\/1"}],"replies":[{"embeddable":true,"href":"https:\/\/www.medespoir.fr\/it\/wp-json\/wp\/v2\/comments?post=27342"}],"version-history":[{"count":0,"href":"https:\/\/www.medespoir.fr\/it\/wp-json\/wp\/v2\/pages\/27342\/revisions"}],"wp:featuredmedia":[{"embeddable":true,"href":"https:\/\/www.medespoir.fr\/it\/wp-json\/wp\/v2\/media\/17285"}],"wp:attachment":[{"href":"https:\/\/www.medespoir.fr\/it\/wp-json\/wp\/v2\/media?parent=27342"}],"curies":[{"name":"wp","href":"https:\/\/api.w.org\/{rel}","templated":true}]}}