{"id":27508,"date":"2023-10-12T10:14:40","date_gmt":"2023-10-12T08:14:40","guid":{"rendered":"https:\/\/www.medespoir.fr\/precios-de-la-cirugia-estetica-nuestras-tarifas-economicas\/"},"modified":"2023-10-12T11:09:27","modified_gmt":"2023-10-12T09:09:27","slug":"precios-de-la-cirugia-estetica","status":"publish","type":"page","link":"https:\/\/www.medespoir.fr\/es\/precios-de-la-cirugia-estetica\/","title":{"rendered":"Precios de la cirug\u00eda est\u00e9tica: Nuestras tarifas econ\u00f3micas"},"content":{"rendered":"\t\t<div data-elementor-type=\"wp-page\" data-elementor-id=\"27508\" class=\"elementor elementor-27508\">\n\t\t\t\t\t\t<section class=\"elementor-section elementor-top-section elementor-element elementor-element-662689b elementor-section-boxed elementor-section-height-default elementor-section-height-default\" data-id=\"662689b\" data-element_type=\"section\" data-e-type=\"section\">\n\t\t\t\t\t\t<div class=\"elementor-container elementor-column-gap-default\">\n\t\t\t\t\t<div class=\"elementor-column elementor-col-100 elementor-top-column elementor-element elementor-element-3205ce3\" data-id=\"3205ce3\" data-element_type=\"column\" data-e-type=\"column\">\n\t\t\t<div class=\"elementor-widget-wrap elementor-element-populated\">\n\t\t\t\t\t\t<div class=\"elementor-element elementor-element-f6604b4 elementor-widget elementor-widget-text-editor\" data-id=\"f6604b4\" data-element_type=\"widget\" data-e-type=\"widget\" data-widget_type=\"text-editor.default\">\n\t\t\t\t<div class=\"elementor-widget-container\">\n\t\t\t\t\t\t\t\t\tComo agencia de turismo m\u00e9dico, el principal objetivo de MedEspoir es ofrecer cirug\u00eda pl\u00e1stica barata a todo aquel que realmente desee tener el cuerpo o el rostro de sus sue\u00f1os.\r\n\r\nSabiendo que la preocupaci\u00f3n n\u00famero uno es la econ\u00f3mica, hemos preferido preparar una lista de precios asequibles que incluya los cuidados y tratamientos quir\u00fargicos b\u00e1sicos.\r\n\r\nEstos precios se adaptan siempre al presupuesto de nuestros pacientes, lo que no es sin\u00f3nimo de una atenci\u00f3n m\u00e9dica de baja calidad. Los precios que figuran a continuaci\u00f3n incluyen todos los costes de la operaci\u00f3n: honorarios del cirujano, honorarios del anestesista, honorarios del quir\u00f3fano, cualquier implante o equipo, alojamiento y cuidados posteriores.\r\n\r\nNuestro principal objetivo es ofrecer cirug\u00eda est\u00e9tica a bajo coste a cualquier persona que realmente desee tener el cuerpo o el rostro con el que siempre ha so\u00f1ado.\r\n\r\nSabiendo que la primera preocupaci\u00f3n es econ\u00f3mica, hemos preferido establecer una lista de precios asequibles que incluye los tratamientos y cuidados quir\u00fargicos esenciales. El precio se adapta siempre al presupuesto de nuestros pacientes y no resta ning\u00fan servicio m\u00e9dico.\t\t\t\t\t\t\t\t<\/div>\n\t\t\t\t<\/div>\n\t\t\t\t\t<\/div>\n\t\t<\/div>\n\t\t\t\t\t<\/div>\n\t\t<\/section>\n\t\t\t\t<section class=\"elementor-section elementor-top-section elementor-element elementor-element-e4bfe35 elementor-section-boxed elementor-section-height-default elementor-section-height-default\" data-id=\"e4bfe35\" data-element_type=\"section\" data-e-type=\"section\" id=\"bg-devis-express\">\n\t\t\t\t\t\t<div class=\"elementor-container elementor-column-gap-default\">\n\t\t\t\t\t<div class=\"elementor-column elementor-col-100 elementor-top-column elementor-element elementor-element-4420b95\" data-id=\"4420b95\" data-element_type=\"column\" data-e-type=\"column\">\n\t\t\t<div class=\"elementor-widget-wrap elementor-element-populated\">\n\t\t\t\t\t\t<div class=\"elementor-element elementor-element-167ff36 elementor-widget elementor-widget-text-editor\" data-id=\"167ff36\" data-element_type=\"widget\" data-e-type=\"widget\" data-widget_type=\"text-editor.default\">\n\t\t\t\t<div class=\"elementor-widget-container\">\n\t\t\t\t\t\t\t\t\t<style>\r\n\tbody.home #main-form h2 {\r\n   display:none;\r\n}\r\n<\/style>\r\n<h2 style=\"text-align: center;font-weight: bold;\">Presupuesto r\u00e1pido gratuito<\/h2>\r\n<iframe src=\"https:\/\/app.metocrm.com\/web-forms\/e1cab5bd-ef56-4a37-aa71-4857d931f368\"  height=\"700px\" width=\"100%\"  frameborder=\"0\"><\/iframe>\n\t\t\t\t\t\t\t\t<\/div>\n\t\t\t\t<\/div>\n\t\t\t\t\t<\/div>\n\t\t<\/div>\n\t\t\t\t\t<\/div>\n\t\t<\/section>\n\t\t\t\t<section class=\"elementor-section elementor-top-section elementor-element elementor-element-2b3420c elementor-section-boxed elementor-section-height-default elementor-section-height-default\" data-id=\"2b3420c\" data-element_type=\"section\" data-e-type=\"section\">\n\t\t\t\t\t\t<div class=\"elementor-container elementor-column-gap-default\">\n\t\t\t\t\t<div class=\"elementor-column elementor-col-100 elementor-top-column elementor-element elementor-element-476a8e9\" data-id=\"476a8e9\" data-element_type=\"column\" data-e-type=\"column\">\n\t\t\t<div class=\"elementor-widget-wrap elementor-element-populated\">\n\t\t\t\t\t\t<div class=\"elementor-element elementor-element-0d76f84 elementor-widget elementor-widget-text-editor\" data-id=\"0d76f84\" data-element_type=\"widget\" data-e-type=\"widget\" data-widget_type=\"text-editor.default\">\n\t\t\t\t<div class=\"elementor-widget-container\">\n\t\t\t\t\t\t\t\t\t<h2>\u00bfQu\u00e9 factores pueden influir en el precio de la cirug\u00eda est\u00e9tica?<\/h2>\r\nRecuerde que las operaciones est\u00e9ticas no suelen considerarse una terapia. Por lo tanto, no est\u00e1n cubiertas por la seguridad social ni por los seguros de enfermedad.Por tanto, los costes de estas operaciones corren a cargo de los propios pacientes.\r\nEn cambio, las operaciones de reconstrucci\u00f3n o reparaci\u00f3n pueden ser reembolsadas. Por ejemplo, la reconstrucci\u00f3n mamaria tras un c\u00e1ncer de mama, la cirug\u00eda bari\u00e1trica para la obesidad, etc.\r\n\r\nAsimismo, las complicaciones graves derivadas de su cirug\u00eda puramente est\u00e9tica pueden ser reembolsadas por la Seguridad Social, como la embolia pulmonar, la sepsis o simplemente las complicaciones que requieran cuidados intensivos.\r\n<h2>\u00bfQu\u00e9 hay que hacer para planificar una operaci\u00f3n de cirug\u00eda est\u00e9tica en el extranjero?<\/h2>\r\nLa raz\u00f3n m\u00e1s com\u00fan por la que la gente sale de su pa\u00eds de origen para someterse a una operaci\u00f3n de cirug\u00eda est\u00e9tica es ahorrar dinero.Por lo tanto, es importante evaluar el coste total de la intervenci\u00f3n teniendo en cuenta todos los aspectos, por lo que, adem\u00e1s del precio de la intervenci\u00f3n quir\u00fargica,\u00a0 tambi\u00e9n debe considerar:\r\n<ul>\r\n \t<li>Los honorarios del cirujano<\/li>\r\n \t<li>Las visitas pre y postoperatorias<\/li>\r\n \t<li>Los honorarios de la cl\u00ednica<\/li>\r\n \t<li>Los honorarios del anestesista<\/li>\r\n \t<li>El material m\u00e9dico, como los implantes mamarios o las prendas de compresi\u00f3n<\/li>\r\n \t<li>Ex\u00e1menes preoperatorios<\/li>\r\n \t<li>Medicaci\u00f3n postoperatoria<\/li>\r\n \t<li>Ap\u00f3sitos<\/li>\r\n \t<li>Viajes, billetes, traslados terrestres, hoteles, bajas por enfermedad adicionales y convalecencia.<\/li>\r\n \t<li>Gastos m\u00e9dicos y de viaje adicionales en caso de complicaciones<\/li>\r\n<\/ul>\r\nAunque los precios bajos de la cirug\u00eda est\u00e9tica parezcan atractivos, debe elegir a su cirujano con cuidado. F\u00edjese en sus cualificaciones, reputaci\u00f3n, referencias y experiencia, sobre todo si sus honorarios son considerablemente m\u00e1s bajos que los de otros cirujanos.\r\n<h2>Financiaci\u00f3n de la cirug\u00eda est\u00e9tica<\/h2>\r\nLas consideraciones financieras incluyen:\r\n<ul>\r\n \t<li>\u00bfQu\u00e9 m\u00e9todos de pago aceptan el cirujano, la cl\u00ednica o la agencia?<\/li>\r\n \t<li>\u00bfSe puede obtener financiaci\u00f3n en el pa\u00eds de origen o en la consulta del m\u00e9dico?<\/li>\r\n \t<li>\u00bfHay penalizaciones por cancelar la operaci\u00f3n?<\/li>\r\n<\/ul>\r\n<h2>Seguro m\u00e9dico<\/h2>\r\nLa mayor\u00eda de las operaciones de cirug\u00eda est\u00e9tica en el extranjero no est\u00e1n cubiertas por el seguro m\u00e9dico. Algunas operaciones, como la rinoplastia y la mamoplastia de reducci\u00f3n, pueden estar cubiertas por el seguro. Dado que la posibilidad de complicaciones postoperatorias existe incluso si el mejor y m\u00e1s experimentado cirujano realiza la operaci\u00f3n, es aconsejable investigar primero el tipo de cobertura del seguro que pretende activar.\r\n\r\nEstas consideraciones incluyen:\r\n<ul>\r\n \t<li>\u00bfSer\u00e1 v\u00e1lida la cobertura del seguro fuera del pa\u00eds?<\/li>\r\n \t<li>\u00bfSe aplicar\u00e1 la cobertura a su regreso al pa\u00eds en caso de complicaciones?<\/li>\r\n \t<li>\u00bfEs la operaci\u00f3n a la que va a someterse una de las que pueden acogerse a la cobertura del seguro? En caso afirmativo, \u00bfpuede su cirujano ponerla a su disposici\u00f3n?<\/li>\r\n<\/ul>\r\n<h2>En conclusi\u00f3n,<\/h2>\r\nHay que tener en cuenta que los precios de la cirug\u00eda est\u00e9tica no son contractuales. Pueden determinarse con precisi\u00f3n en funci\u00f3n del pa\u00eds, la complejidad y la especificidad de cada paciente, lo que en algunos casos justifica un aumento de estos precios.Tambi\u00e9n hay que se\u00f1alar que cada operaci\u00f3n va siempre precedida de un presupuesto. Este presupuesto le proporciona una estimaci\u00f3n precisa de los costes que cabe esperar de su intervenci\u00f3n de cirug\u00eda est\u00e9tica.\t\t\t\t\t\t\t\t<\/div>\n\t\t\t\t<\/div>\n\t\t\t\t\t<\/div>\n\t\t<\/div>\n\t\t\t\t\t<\/div>\n\t\t<\/section>\n\t\t\t\t<\/div>\n\t\t","protected":false},"excerpt":{"rendered":"<p>Como agencia de turismo m\u00e9dico, el principal objetivo de MedEspoir es ofrecer cirug\u00eda pl\u00e1stica barata a todo aquel que realmente [&hellip;]<\/p>\n","protected":false},"author":1,"featured_media":20719,"parent":0,"menu_order":85,"comment_status":"closed","ping_status":"closed","template":"","meta":{"footnotes":""},"class_list":["post-27508","page","type-page","status-publish","has-post-thumbnail","hentry"],"yoast_head":"<!-- This site is optimized with the Yoast SEO plugin v27.5 - https:\/\/yoast.com\/product\/yoast-seo-wordpress\/ -->\n<title>Precios cirug\u00eda est\u00e9tica : Medespoir precios cirug\u00eda est\u00e9tica<\/title>\n<meta name=\"description\" content=\"Precios baratos de cirug\u00eda est\u00e9tica ofrecidos por Medespoir. Benef\u00edciese de una estancia m\u00e9dica con todo incluido. precios cirug\u00eda est\u00e9tica\" \/>\n<meta name=\"robots\" content=\"index, follow, max-snippet:-1, max-image-preview:large, max-video-preview:-1\" \/>\n<link rel=\"canonical\" href=\"https:\/\/www.medespoir.fr\/es\/precios-de-la-cirugia-estetica\/\" \/>\n<meta name=\"twitter:label1\" content=\"Tiempo de lectura\" \/>\n\t<meta name=\"twitter:data1\" content=\"4 minutos\" \/>\n<script type=\"application\/ld+json\" class=\"yoast-schema-graph\">{\"@context\":\"https:\\\/\\\/schema.org\",\"@graph\":[{\"@type\":\"WebPage\",\"@id\":\"https:\\\/\\\/www.medespoir.fr\\\/es\\\/precios-de-la-cirugia-estetica\\\/\",\"url\":\"https:\\\/\\\/www.medespoir.fr\\\/es\\\/precios-de-la-cirugia-estetica\\\/\",\"name\":\"Precios cirug\u00eda est\u00e9tica : Medespoir precios cirug\u00eda est\u00e9tica\",\"isPartOf\":{\"@id\":\"https:\\\/\\\/www.medespoir.fr\\\/es\\\/#website\"},\"primaryImageOfPage\":{\"@id\":\"https:\\\/\\\/www.medespoir.fr\\\/es\\\/precios-de-la-cirugia-estetica\\\/#primaryimage\"},\"image\":{\"@id\":\"https:\\\/\\\/www.medespoir.fr\\\/es\\\/precios-de-la-cirugia-estetica\\\/#primaryimage\"},\"thumbnailUrl\":\"https:\\\/\\\/www.medespoir.fr\\\/wp-content\\\/uploads\\\/2021\\\/11\\\/header-tarif.jpg\",\"datePublished\":\"2023-10-12T08:14:40+00:00\",\"dateModified\":\"2023-10-12T09:09:27+00:00\",\"description\":\"Precios baratos de cirug\u00eda est\u00e9tica ofrecidos por Medespoir. Benef\u00edciese de una estancia m\u00e9dica con todo incluido. precios cirug\u00eda est\u00e9tica\",\"breadcrumb\":{\"@id\":\"https:\\\/\\\/www.medespoir.fr\\\/es\\\/precios-de-la-cirugia-estetica\\\/#breadcrumb\"},\"inLanguage\":\"es\",\"potentialAction\":[{\"@type\":\"ReadAction\",\"target\":[\"https:\\\/\\\/www.medespoir.fr\\\/es\\\/precios-de-la-cirugia-estetica\\\/\"]}]},{\"@type\":\"ImageObject\",\"inLanguage\":\"es\",\"@id\":\"https:\\\/\\\/www.medespoir.fr\\\/es\\\/precios-de-la-cirugia-estetica\\\/#primaryimage\",\"url\":\"https:\\\/\\\/www.medespoir.fr\\\/wp-content\\\/uploads\\\/2021\\\/11\\\/header-tarif.jpg\",\"contentUrl\":\"https:\\\/\\\/www.medespoir.fr\\\/wp-content\\\/uploads\\\/2021\\\/11\\\/header-tarif.jpg\",\"width\":1928,\"height\":479},{\"@type\":\"BreadcrumbList\",\"@id\":\"https:\\\/\\\/www.medespoir.fr\\\/es\\\/precios-de-la-cirugia-estetica\\\/#breadcrumb\",\"itemListElement\":[{\"@type\":\"ListItem\",\"position\":1,\"name\":\"Accueil\",\"item\":\"https:\\\/\\\/www.medespoir.fr\\\/es\\\/\"},{\"@type\":\"ListItem\",\"position\":2,\"name\":\"Precios de la cirug\u00eda est\u00e9tica: Nuestras tarifas econ\u00f3micas\"}]},{\"@type\":\"WebSite\",\"@id\":\"https:\\\/\\\/www.medespoir.fr\\\/es\\\/#website\",\"url\":\"https:\\\/\\\/www.medespoir.fr\\\/es\\\/\",\"name\":\"Medespoir France\",\"description\":\"Chirurgie esthetique Tunisie\",\"publisher\":{\"@id\":\"https:\\\/\\\/www.medespoir.fr\\\/es\\\/#organization\"},\"potentialAction\":[{\"@type\":\"SearchAction\",\"target\":{\"@type\":\"EntryPoint\",\"urlTemplate\":\"https:\\\/\\\/www.medespoir.fr\\\/es\\\/?s={search_term_string}\"},\"query-input\":{\"@type\":\"PropertyValueSpecification\",\"valueRequired\":true,\"valueName\":\"search_term_string\"}}],\"inLanguage\":\"es\"},{\"@type\":\"Organization\",\"@id\":\"https:\\\/\\\/www.medespoir.fr\\\/es\\\/#organization\",\"name\":\"Medespoir France\",\"url\":\"https:\\\/\\\/www.medespoir.fr\\\/es\\\/\",\"logo\":{\"@type\":\"ImageObject\",\"inLanguage\":\"es\",\"@id\":\"https:\\\/\\\/www.medespoir.fr\\\/es\\\/#\\\/schema\\\/logo\\\/image\\\/\",\"url\":\"https:\\\/\\\/www.medespoir.fr\\\/wp-content\\\/uploads\\\/2021\\\/10\\\/cropped-logo__medespoirFR.png\",\"contentUrl\":\"https:\\\/\\\/www.medespoir.fr\\\/wp-content\\\/uploads\\\/2021\\\/10\\\/cropped-logo__medespoirFR.png\",\"width\":150,\"height\":62,\"caption\":\"Medespoir France\"},\"image\":{\"@id\":\"https:\\\/\\\/www.medespoir.fr\\\/es\\\/#\\\/schema\\\/logo\\\/image\\\/\"},\"sameAs\":[\"https:\\\/\\\/www.facebook.com\\\/MedEspoirFr\",\"https:\\\/\\\/x.com\\\/MedEspoirTN\"]}]}<\/script>\n<!-- \/ Yoast SEO plugin. -->","yoast_head_json":{"title":"Precios cirug\u00eda est\u00e9tica : Medespoir precios cirug\u00eda est\u00e9tica","description":"Precios baratos de cirug\u00eda est\u00e9tica ofrecidos por Medespoir. Benef\u00edciese de una estancia m\u00e9dica con todo incluido. precios cirug\u00eda est\u00e9tica","robots":{"index":"index","follow":"follow","max-snippet":"max-snippet:-1","max-image-preview":"max-image-preview:large","max-video-preview":"max-video-preview:-1"},"canonical":"https:\/\/www.medespoir.fr\/es\/precios-de-la-cirugia-estetica\/","twitter_misc":{"Tiempo de lectura":"4 minutos"},"schema":{"@context":"https:\/\/schema.org","@graph":[{"@type":"WebPage","@id":"https:\/\/www.medespoir.fr\/es\/precios-de-la-cirugia-estetica\/","url":"https:\/\/www.medespoir.fr\/es\/precios-de-la-cirugia-estetica\/","name":"Precios cirug\u00eda est\u00e9tica : Medespoir precios cirug\u00eda est\u00e9tica","isPartOf":{"@id":"https:\/\/www.medespoir.fr\/es\/#website"},"primaryImageOfPage":{"@id":"https:\/\/www.medespoir.fr\/es\/precios-de-la-cirugia-estetica\/#primaryimage"},"image":{"@id":"https:\/\/www.medespoir.fr\/es\/precios-de-la-cirugia-estetica\/#primaryimage"},"thumbnailUrl":"https:\/\/www.medespoir.fr\/wp-content\/uploads\/2021\/11\/header-tarif.jpg","datePublished":"2023-10-12T08:14:40+00:00","dateModified":"2023-10-12T09:09:27+00:00","description":"Precios baratos de cirug\u00eda est\u00e9tica ofrecidos por Medespoir. Benef\u00edciese de una estancia m\u00e9dica con todo incluido. precios cirug\u00eda est\u00e9tica","breadcrumb":{"@id":"https:\/\/www.medespoir.fr\/es\/precios-de-la-cirugia-estetica\/#breadcrumb"},"inLanguage":"es","potentialAction":[{"@type":"ReadAction","target":["https:\/\/www.medespoir.fr\/es\/precios-de-la-cirugia-estetica\/"]}]},{"@type":"ImageObject","inLanguage":"es","@id":"https:\/\/www.medespoir.fr\/es\/precios-de-la-cirugia-estetica\/#primaryimage","url":"https:\/\/www.medespoir.fr\/wp-content\/uploads\/2021\/11\/header-tarif.jpg","contentUrl":"https:\/\/www.medespoir.fr\/wp-content\/uploads\/2021\/11\/header-tarif.jpg","width":1928,"height":479},{"@type":"BreadcrumbList","@id":"https:\/\/www.medespoir.fr\/es\/precios-de-la-cirugia-estetica\/#breadcrumb","itemListElement":[{"@type":"ListItem","position":1,"name":"Accueil","item":"https:\/\/www.medespoir.fr\/es\/"},{"@type":"ListItem","position":2,"name":"Precios de la cirug\u00eda est\u00e9tica: Nuestras tarifas econ\u00f3micas"}]},{"@type":"WebSite","@id":"https:\/\/www.medespoir.fr\/es\/#website","url":"https:\/\/www.medespoir.fr\/es\/","name":"Medespoir France","description":"Chirurgie esthetique Tunisie","publisher":{"@id":"https:\/\/www.medespoir.fr\/es\/#organization"},"potentialAction":[{"@type":"SearchAction","target":{"@type":"EntryPoint","urlTemplate":"https:\/\/www.medespoir.fr\/es\/?s={search_term_string}"},"query-input":{"@type":"PropertyValueSpecification","valueRequired":true,"valueName":"search_term_string"}}],"inLanguage":"es"},{"@type":"Organization","@id":"https:\/\/www.medespoir.fr\/es\/#organization","name":"Medespoir France","url":"https:\/\/www.medespoir.fr\/es\/","logo":{"@type":"ImageObject","inLanguage":"es","@id":"https:\/\/www.medespoir.fr\/es\/#\/schema\/logo\/image\/","url":"https:\/\/www.medespoir.fr\/wp-content\/uploads\/2021\/10\/cropped-logo__medespoirFR.png","contentUrl":"https:\/\/www.medespoir.fr\/wp-content\/uploads\/2021\/10\/cropped-logo__medespoirFR.png","width":150,"height":62,"caption":"Medespoir France"},"image":{"@id":"https:\/\/www.medespoir.fr\/es\/#\/schema\/logo\/image\/"},"sameAs":["https:\/\/www.facebook.com\/MedEspoirFr","https:\/\/x.com\/MedEspoirTN"]}]}},"_links":{"self":[{"href":"https:\/\/www.medespoir.fr\/es\/wp-json\/wp\/v2\/pages\/27508","targetHints":{"allow":["GET"]}}],"collection":[{"href":"https:\/\/www.medespoir.fr\/es\/wp-json\/wp\/v2\/pages"}],"about":[{"href":"https:\/\/www.medespoir.fr\/es\/wp-json\/wp\/v2\/types\/page"}],"author":[{"embeddable":true,"href":"https:\/\/www.medespoir.fr\/es\/wp-json\/wp\/v2\/users\/1"}],"replies":[{"embeddable":true,"href":"https:\/\/www.medespoir.fr\/es\/wp-json\/wp\/v2\/comments?post=27508"}],"version-history":[{"count":0,"href":"https:\/\/www.medespoir.fr\/es\/wp-json\/wp\/v2\/pages\/27508\/revisions"}],"wp:featuredmedia":[{"embeddable":true,"href":"https:\/\/www.medespoir.fr\/es\/wp-json\/wp\/v2\/media\/20719"}],"wp:attachment":[{"href":"https:\/\/www.medespoir.fr\/es\/wp-json\/wp\/v2\/media?parent=27508"}],"curies":[{"name":"wp","href":"https:\/\/api.w.org\/{rel}","templated":true}]}}