{"id":25511,"date":"2017-12-19T11:26:33","date_gmt":"2017-12-19T10:26:33","guid":{"rendered":"https:\/\/www.medespoir.fr\/inseminacion-artificial-tunez-tecnica-de-reproduccion-asistida\/"},"modified":"2022-12-20T16:32:14","modified_gmt":"2022-12-20T15:32:14","slug":"inseminacion-artificial","status":"publish","type":"page","link":"https:\/\/www.medespoir.fr\/es\/inseminacion-artificial\/","title":{"rendered":"Inseminaci\u00f3n artificial T\u00fanez: t\u00e9cnica de reproducci\u00f3n asistida"},"content":{"rendered":"\t\t<div data-elementor-type=\"wp-page\" data-elementor-id=\"25511\" class=\"elementor elementor-25511\">\n\t\t\t\t\t\t<section class=\"elementor-section elementor-top-section elementor-element elementor-element-17e8f6f elementor-section-boxed elementor-section-height-default elementor-section-height-default\" data-id=\"17e8f6f\" data-element_type=\"section\" data-e-type=\"section\">\n\t\t\t\t\t\t<div class=\"elementor-container elementor-column-gap-default\">\n\t\t\t\t\t<div class=\"elementor-column elementor-col-66 elementor-top-column elementor-element elementor-element-fbd61d3\" data-id=\"fbd61d3\" data-element_type=\"column\" data-e-type=\"column\">\n\t\t\t<div class=\"elementor-widget-wrap elementor-element-populated\">\n\t\t\t\t\t\t<div class=\"elementor-element elementor-element-82e791c elementor-widget elementor-widget-text-editor\" data-id=\"82e791c\" data-element_type=\"widget\" data-e-type=\"widget\" data-widget_type=\"text-editor.default\">\n\t\t\t\t<div class=\"elementor-widget-container\">\n\t\t\t\t\t\t\t\t\t<p>La<span style=\"font-weight: bolder;\">inseminaci\u00f3n artificial<\/span> <span style=\"font-weight: bolder;\">intrauterina<\/span> es una t\u00e9cnica de reproducci\u00f3n m\u00e9dicamente asistida (RMA) que consiste en introducir en el \u00fatero, durante el periodo de ovulaci\u00f3n, los espermatozoides de la pareja, previamente seleccionados a partir de una muestra, con el fin de concebir un beb\u00e9.<\/p>\n\t\t\t\t\t\t\t\t<\/div>\n\t\t\t\t<\/div>\n\t\t\t\t<div class=\"elementor-element elementor-element-ac39667 elementor-widget elementor-widget-heading\" data-id=\"ac39667\" data-element_type=\"widget\" data-e-type=\"widget\" data-widget_type=\"heading.default\">\n\t\t\t\t<div class=\"elementor-widget-container\">\n\t\t\t\t\t<h2 class=\"elementor-heading-title elementor-size-default\"><h2 style=\"white-space: normal\">\u00bfCu\u00e1ndo est\u00e1 indicada la inseminaci\u00f3n artificial?<\/h2><p style=\"font-family: Jost, sans-serif;font-size: 16px;white-space: normal\">La inseminaci\u00f3n artificial con \u00f3vulos de la mujer y esperma de su pareja se recomienda si los gametos masculinos no pueden llegar al \u00fatero por impotencia, mala calidad del esperma, etc.<\/p><span style=\"font-family: Jost, sans-serif;font-size: 16px;white-space: normal\">Tambi\u00e9n puede estar indicada en caso de dificultades en los ovarios, alteraciones anat\u00f3micas y\/o funcionales del cuello uterino, factores coitales, o en caso de infertilidad por causas irreconocibles.<\/span><\/h2>\t\t\t\t<\/div>\n\t\t\t\t<\/div>\n\t\t\t\t\t<\/div>\n\t\t<\/div>\n\t\t\t\t<div class=\"elementor-column elementor-col-33 elementor-top-column elementor-element elementor-element-9ac710e\" data-id=\"9ac710e\" data-element_type=\"column\" data-e-type=\"column\">\n\t\t\t<div class=\"elementor-widget-wrap elementor-element-populated\">\n\t\t\t\t\t\t<div class=\"elementor-element elementor-element-02a4521 elementor-widget elementor-widget-text-editor\" data-id=\"02a4521\" data-element_type=\"widget\" data-e-type=\"widget\" data-widget_type=\"text-editor.default\">\n\t\t\t\t<div class=\"elementor-widget-container\">\n\t\t\t\t\t\t\t\t\t<p><img decoding=\"async\" class=\"size-full aligncenter\" src=\"https:\/\/www.medespoir.fr\/wp-content\/uploads\/2021\/11\/insemination-artificielle-tunisie.jpg\" alt=\"Inseminaci\u00f3n artificial T\u00fanez\"><\/p>\n\t\t\t\t\t\t\t\t<\/div>\n\t\t\t\t<\/div>\n\t\t\t\t\t<\/div>\n\t\t<\/div>\n\t\t\t\t\t<\/div>\n\t\t<\/section>\n\t\t\t\t<section class=\"elementor-section elementor-top-section elementor-element elementor-element-11a756e elementor-section-boxed elementor-section-height-default elementor-section-height-default\" data-id=\"11a756e\" data-element_type=\"section\" data-e-type=\"section\" id=\"bg-devis-express\">\n\t\t\t\t\t\t<div class=\"elementor-container elementor-column-gap-default\">\n\t\t\t\t\t<div class=\"elementor-column elementor-col-100 elementor-top-column elementor-element elementor-element-1ef1e11\" data-id=\"1ef1e11\" data-element_type=\"column\" data-e-type=\"column\">\n\t\t\t<div class=\"elementor-widget-wrap elementor-element-populated\">\n\t\t\t\t\t\t<div class=\"elementor-element elementor-element-fbec95e elementor-widget elementor-widget-text-editor\" data-id=\"fbec95e\" data-element_type=\"widget\" data-e-type=\"widget\" data-widget_type=\"text-editor.default\">\n\t\t\t\t<div class=\"elementor-widget-container\">\n\t\t\t\t\t\t\t\t\t<style>\r\n\tbody.home #main-form h2 {\r\n   display:none;\r\n}\r\n<\/style>\r\n<h2 style=\"text-align: center;font-weight: bold;\">Presupuesto r\u00e1pido gratuito<\/h2>\r\n<iframe src=\"https:\/\/app.metocrm.com\/web-forms\/e1cab5bd-ef56-4a37-aa71-4857d931f368\"  height=\"700px\" width=\"100%\"  frameborder=\"0\"><\/iframe>\t\t\t\t\t\t\t\t<\/div>\n\t\t\t\t<\/div>\n\t\t\t\t\t<\/div>\n\t\t<\/div>\n\t\t\t\t\t<\/div>\n\t\t<\/section>\n\t\t\t\t<section class=\"elementor-section elementor-top-section elementor-element elementor-element-148fee2 elementor-section-boxed elementor-section-height-default elementor-section-height-default\" data-id=\"148fee2\" data-element_type=\"section\" data-e-type=\"section\">\n\t\t\t\t\t\t<div class=\"elementor-container elementor-column-gap-default\">\n\t\t\t\t\t<div class=\"elementor-column elementor-col-66 elementor-top-column elementor-element elementor-element-5e55313\" data-id=\"5e55313\" data-element_type=\"column\" data-e-type=\"column\">\n\t\t\t<div class=\"elementor-widget-wrap elementor-element-populated\">\n\t\t\t\t\t\t<div class=\"elementor-element elementor-element-eed9cab elementor-widget elementor-widget-text-editor\" data-id=\"eed9cab\" data-element_type=\"widget\" data-e-type=\"widget\" data-widget_type=\"text-editor.default\">\n\t\t\t\t<div class=\"elementor-widget-container\">\n\t\t\t\t\t\t\t\t\t<h2>Precios de la inseminaci\u00f3n artificial en T\u00fanez<\/h2>\nMedespoir le ofrece una cobertura total para su procedimiento de<strong>inseminaci\u00f3n intrauterina en T\u00fanez<\/strong> incluyendo la estancia a s\u00f3lo 1650 \u20ac. Para recibir un presupuesto gratuito con el <strong>precio de la inseminaci\u00f3n artificial en dinares tunecinos<\/strong>, rellene este formulario <a href=\"https:\/\/www.medespoir.fr\/es\/presupuesto\/\">\n  <strong>FORMULARIO EN L\u00cdNEA<\/strong>\n<\/a>\t\t\t\t\t\t\t\t<\/div>\n\t\t\t\t<\/div>\n\t\t\t\t<div class=\"elementor-element elementor-element-af52349 elementor-widget elementor-widget-html\" data-id=\"af52349\" data-element_type=\"widget\" data-e-type=\"widget\" data-widget_type=\"html.default\">\n\t\t\t\t<div class=\"elementor-widget-container\">\n\t\t\t\t\t<a href=\"https:\/\/www.medespoir.fr\/es\/presupuesto\/\" class=\"main__btn blue\"><span>Presupuesto gratuito<\/span><\/a>\t\t\t\t<\/div>\n\t\t\t\t<\/div>\n\t\t\t\t\t<\/div>\n\t\t<\/div>\n\t\t\t\t<div class=\"elementor-column elementor-col-33 elementor-top-column elementor-element elementor-element-53f9da3\" data-id=\"53f9da3\" data-element_type=\"column\" data-e-type=\"column\">\n\t\t\t<div class=\"elementor-widget-wrap elementor-element-populated\">\n\t\t\t\t\t\t<div class=\"elementor-element elementor-element-2dab678 elementor-widget elementor-widget-text-editor\" data-id=\"2dab678\" data-element_type=\"widget\" data-e-type=\"widget\" data-widget_type=\"text-editor.default\">\n\t\t\t\t<div class=\"elementor-widget-container\">\n\t\t\t\t\t\t\t\t\t<figure id=\"attachment_2713\" aria-describedby=\"caption-attachment-2713\" style=\"width: 600px\" class=\"wp-caption aligncenter\"><img decoding=\"async\" class=\"size-full\" src=\"https:\/\/www.medespoir.fr\/wp-content\/uploads\/2017\/12\/insemination-artificielle-tunisie-1.jpg\" alt=\"{%ALT_TEXT%}\"><figcaption id=\"caption-attachment-2713\" class=\"wp-caption-text\"><em><strong>Principio de la inseminaci\u00f3n artificial<\/strong><\/em><\/figcaption><\/figure>\n\t\t\t\t\t\t\t\t<\/div>\n\t\t\t\t<\/div>\n\t\t\t\t\t<\/div>\n\t\t<\/div>\n\t\t\t\t\t<\/div>\n\t\t<\/section>\n\t\t\t\t<section class=\"elementor-section elementor-top-section elementor-element elementor-element-500f5f12 elementor-section-boxed elementor-section-height-default elementor-section-height-default\" data-id=\"500f5f12\" data-element_type=\"section\" data-e-type=\"section\">\n\t\t\t\t\t\t<div class=\"elementor-container elementor-column-gap-default\">\n\t\t\t\t\t<div class=\"elementor-column elementor-col-100 elementor-top-column elementor-element elementor-element-29a539bc\" data-id=\"29a539bc\" data-element_type=\"column\" data-e-type=\"column\">\n\t\t\t<div class=\"elementor-widget-wrap elementor-element-populated\">\n\t\t\t\t\t\t<div class=\"elementor-element elementor-element-37f7e04e elementor-widget elementor-widget-text-editor\" data-id=\"37f7e04e\" data-element_type=\"widget\" data-e-type=\"widget\" data-widget_type=\"text-editor.default\">\n\t\t\t\t<div class=\"elementor-widget-container\">\n\t\t\t\t\t\t\t\t\t<h2>Las pruebas necesarias<\/h2>\nSi ya se ha tomado la decisi\u00f3n de la <strong>inseminaci\u00f3n artificial<\/strong>, como en el caso de <a href=\"https:\/\/www.medespoir.fr\/es\/fecondacion-in-vitro\/\">la FIV<\/a>, ser\u00e1 necesario un chequeo m\u00e9dico de la pareja:\n\n<strong>Para las mujeres :<\/strong>\n<ul class=\"liste-style\">\n \t<li>Examen cl\u00ednico<\/li>\n \t<li>Evaluaci\u00f3n hormonal<\/li>\n \t<li>Evaluaci\u00f3n de la inmunidad frente a diversas enfermedades (serolog\u00eda) v\u00e1lida durante un a\u00f1o<\/li>\n \t<li>Histerosalpingograf\u00eda para asegurarse de que las trompas de Falopio est\u00e1n sanas<\/li>\n<\/ul>\n<strong>Para los humanos :<\/strong>\n<ul class=\"liste-style\">\n \t<li>Examen cl\u00ednico<\/li>\n \t<li>Serolog\u00eda<\/li>\n \t<li>Espermiograma, an\u00e1lisis del semen y espermiocitograma para determinar el porcentaje de espermatozoides de forma normal.<\/li>\n<\/ul>\n<h2>Pasos previos a la inseminaci\u00f3n artificial<\/h2>\n<ul class=\"liste-style\">\n \t<li><strong>Ovulaci\u00f3n<\/strong>: el procedimiento de inseminaci\u00f3n puede producirse en el ciclo espont\u00e1neo y natural de la mujer, con verificaci\u00f3n de la ovulaci\u00f3n mediante el control del pico de la hormona luteinizante (LH). Pero a veces la ovulaci\u00f3n se estimula mediante un tratamiento inductor.<\/li>\n<\/ul>\n<ul class=\"liste-style\">\n \t<li><strong>Recogida de esperma<\/strong>: El esperma puede recogerse fresco la ma\u00f1ana de la operaci\u00f3n mediante masturbaci\u00f3n en un laboratorio especializado o congelado. El esperma no puede recogerse el d\u00eda de la inseminaci\u00f3n.<\/li>\n<\/ul>\nPor lo tanto, es necesario ir a T\u00fanez unos d\u00edas antes de cualquier manipulaci\u00f3n de laboratorio. La inseminaci\u00f3n debe producirse dentro de las 36 horas siguientes a la ovulaci\u00f3n para maximizar las posibilidades de \u00e9xito.\n\nEl d\u00eda de la inseminaci\u00f3n se realiza una recogida esterilizada del semen de la pareja en el laboratorio para analizarlo y prepararlo antes de la introducci\u00f3n.\n<h2>Inseminaci\u00f3n artificial: procedimiento<\/h2>\nTras el an\u00e1lisis y la preparaci\u00f3n de los espermatozoides, el procedimiento se realiza el d\u00eda de la ovulaci\u00f3n. La mujer recibir\u00e1 los gametos masculinos en el interior de la cavidad uterina, a trav\u00e9s de un cat\u00e9ter fino, conectado a una jeringa en posici\u00f3n tumbada.\n\nDespu\u00e9s de 10 a 30 minutos, la persona puede volver a su vida normal.\n\nSi la paciente no tiene la regla, se realiza una prueba de embarazo entre dos semanas y 18 d\u00edas despu\u00e9s de la intervenci\u00f3n.\t\t\t\t\t\t\t\t<\/div>\n\t\t\t\t<\/div>\n\t\t\t\t\t<\/div>\n\t\t<\/div>\n\t\t\t\t\t<\/div>\n\t\t<\/section>\n\t\t\t\t<section class=\"elementor-section elementor-top-section elementor-element elementor-element-2941c0c elementor-section-boxed elementor-section-height-default elementor-section-height-default\" data-id=\"2941c0c\" data-element_type=\"section\" data-e-type=\"section\">\n\t\t\t\t\t\t<div class=\"elementor-container elementor-column-gap-default\">\n\t\t\t\t\t<div class=\"elementor-column elementor-col-50 elementor-top-column elementor-element elementor-element-b85cf89\" data-id=\"b85cf89\" data-element_type=\"column\" data-e-type=\"column\">\n\t\t\t<div class=\"elementor-widget-wrap elementor-element-populated\">\n\t\t\t\t\t\t<div class=\"elementor-element elementor-element-a376ca6 elementor-widget elementor-widget-html\" data-id=\"a376ca6\" data-element_type=\"widget\" data-e-type=\"widget\" data-widget_type=\"html.default\">\n\t\t\t\t<div class=\"elementor-widget-container\">\n\t\t\t\t\t<a href=\"https:\/\/www.medespoir.fr\/es\/presupuesto\/\" class=\"main__btn blue\"><span>Presupuesto gratuito<\/span><\/a>\t\t\t\t<\/div>\n\t\t\t\t<\/div>\n\t\t\t\t\t<\/div>\n\t\t<\/div>\n\t\t\t\t<div class=\"elementor-column elementor-col-50 elementor-top-column elementor-element elementor-element-abf8036\" data-id=\"abf8036\" data-element_type=\"column\" data-e-type=\"column\">\n\t\t\t<div class=\"elementor-widget-wrap\">\n\t\t\t\t\t\t\t<\/div>\n\t\t<\/div>\n\t\t\t\t\t<\/div>\n\t\t<\/section>\n\t\t\t\t<\/div>\n\t\t","protected":false},"excerpt":{"rendered":"<p>Lainseminaci\u00f3n artificial intrauterina es una t\u00e9cnica de reproducci\u00f3n m\u00e9dicamente asistida (RMA) que consiste en introducir en el \u00fatero, durante el [&hellip;]<\/p>\n","protected":false},"author":2,"featured_media":21092,"parent":0,"menu_order":26,"comment_status":"closed","ping_status":"closed","template":"","meta":{"footnotes":""},"class_list":["post-25511","page","type-page","status-publish","has-post-thumbnail","hentry"],"yoast_head":"<!-- This site is optimized with the Yoast SEO plugin v27.4 - https:\/\/yoast.com\/product\/yoast-seo-wordpress\/ -->\n<title>Inseminaci\u00f3n artificial T\u00fanez : Reproducci\u00f3n asistida<\/title>\n<meta name=\"description\" content=\"Inseminaci\u00f3n artificial T\u00fanez: t\u00e9cnica de reproducci\u00f3n asistida. Solicite un presupuesto gratuito con los precios baratos que ofrece la Cl\u00ednica Medespoir.\" \/>\n<meta name=\"robots\" content=\"index, follow, max-snippet:-1, max-image-preview:large, max-video-preview:-1\" \/>\n<link rel=\"canonical\" href=\"https:\/\/www.medespoir.fr\/es\/inseminacion-artificial\/\" \/>\n<meta name=\"twitter:label1\" content=\"Tiempo de lectura\" \/>\n\t<meta name=\"twitter:data1\" content=\"3 minutos\" \/>\n<script type=\"application\/ld+json\" class=\"yoast-schema-graph\">{\"@context\":\"https:\\\/\\\/schema.org\",\"@graph\":[{\"@type\":\"WebPage\",\"@id\":\"https:\\\/\\\/www.medespoir.fr\\\/es\\\/inseminacion-artificial\\\/\",\"url\":\"https:\\\/\\\/www.medespoir.fr\\\/es\\\/inseminacion-artificial\\\/\",\"name\":\"Inseminaci\u00f3n artificial T\u00fanez : Reproducci\u00f3n asistida\",\"isPartOf\":{\"@id\":\"https:\\\/\\\/www.medespoir.fr\\\/es\\\/#website\"},\"primaryImageOfPage\":{\"@id\":\"https:\\\/\\\/www.medespoir.fr\\\/es\\\/inseminacion-artificial\\\/#primaryimage\"},\"image\":{\"@id\":\"https:\\\/\\\/www.medespoir.fr\\\/es\\\/inseminacion-artificial\\\/#primaryimage\"},\"thumbnailUrl\":\"https:\\\/\\\/www.medespoir.fr\\\/wp-content\\\/uploads\\\/2021\\\/11\\\/header-invitro.jpg\",\"datePublished\":\"2017-12-19T10:26:33+00:00\",\"dateModified\":\"2022-12-20T15:32:14+00:00\",\"description\":\"Inseminaci\u00f3n artificial T\u00fanez: t\u00e9cnica de reproducci\u00f3n asistida. Solicite un presupuesto gratuito con los precios baratos que ofrece la Cl\u00ednica Medespoir.\",\"breadcrumb\":{\"@id\":\"https:\\\/\\\/www.medespoir.fr\\\/es\\\/inseminacion-artificial\\\/#breadcrumb\"},\"inLanguage\":\"es\",\"potentialAction\":[{\"@type\":\"ReadAction\",\"target\":[\"https:\\\/\\\/www.medespoir.fr\\\/es\\\/inseminacion-artificial\\\/\"]}]},{\"@type\":\"ImageObject\",\"inLanguage\":\"es\",\"@id\":\"https:\\\/\\\/www.medespoir.fr\\\/es\\\/inseminacion-artificial\\\/#primaryimage\",\"url\":\"https:\\\/\\\/www.medespoir.fr\\\/wp-content\\\/uploads\\\/2021\\\/11\\\/header-invitro.jpg\",\"contentUrl\":\"https:\\\/\\\/www.medespoir.fr\\\/wp-content\\\/uploads\\\/2021\\\/11\\\/header-invitro.jpg\",\"width\":1928,\"height\":479},{\"@type\":\"BreadcrumbList\",\"@id\":\"https:\\\/\\\/www.medespoir.fr\\\/es\\\/inseminacion-artificial\\\/#breadcrumb\",\"itemListElement\":[{\"@type\":\"ListItem\",\"position\":1,\"name\":\"Accueil\",\"item\":\"https:\\\/\\\/www.medespoir.fr\\\/es\\\/\"},{\"@type\":\"ListItem\",\"position\":2,\"name\":\"Inseminaci\u00f3n artificial T\u00fanez: t\u00e9cnica de reproducci\u00f3n asistida\"}]},{\"@type\":\"WebSite\",\"@id\":\"https:\\\/\\\/www.medespoir.fr\\\/es\\\/#website\",\"url\":\"https:\\\/\\\/www.medespoir.fr\\\/es\\\/\",\"name\":\"Medespoir France\",\"description\":\"Chirurgie esthetique Tunisie\",\"publisher\":{\"@id\":\"https:\\\/\\\/www.medespoir.fr\\\/es\\\/#organization\"},\"potentialAction\":[{\"@type\":\"SearchAction\",\"target\":{\"@type\":\"EntryPoint\",\"urlTemplate\":\"https:\\\/\\\/www.medespoir.fr\\\/es\\\/?s={search_term_string}\"},\"query-input\":{\"@type\":\"PropertyValueSpecification\",\"valueRequired\":true,\"valueName\":\"search_term_string\"}}],\"inLanguage\":\"es\"},{\"@type\":\"Organization\",\"@id\":\"https:\\\/\\\/www.medespoir.fr\\\/es\\\/#organization\",\"name\":\"Medespoir France\",\"url\":\"https:\\\/\\\/www.medespoir.fr\\\/es\\\/\",\"logo\":{\"@type\":\"ImageObject\",\"inLanguage\":\"es\",\"@id\":\"https:\\\/\\\/www.medespoir.fr\\\/es\\\/#\\\/schema\\\/logo\\\/image\\\/\",\"url\":\"https:\\\/\\\/www.medespoir.fr\\\/wp-content\\\/uploads\\\/2021\\\/10\\\/cropped-logo__medespoirFR.png\",\"contentUrl\":\"https:\\\/\\\/www.medespoir.fr\\\/wp-content\\\/uploads\\\/2021\\\/10\\\/cropped-logo__medespoirFR.png\",\"width\":150,\"height\":62,\"caption\":\"Medespoir France\"},\"image\":{\"@id\":\"https:\\\/\\\/www.medespoir.fr\\\/es\\\/#\\\/schema\\\/logo\\\/image\\\/\"},\"sameAs\":[\"https:\\\/\\\/www.facebook.com\\\/MedEspoirFr\",\"https:\\\/\\\/x.com\\\/MedEspoirTN\"]}]}<\/script>\n<!-- \/ Yoast SEO plugin. -->","yoast_head_json":{"title":"Inseminaci\u00f3n artificial T\u00fanez : Reproducci\u00f3n asistida","description":"Inseminaci\u00f3n artificial T\u00fanez: t\u00e9cnica de reproducci\u00f3n asistida. Solicite un presupuesto gratuito con los precios baratos que ofrece la Cl\u00ednica Medespoir.","robots":{"index":"index","follow":"follow","max-snippet":"max-snippet:-1","max-image-preview":"max-image-preview:large","max-video-preview":"max-video-preview:-1"},"canonical":"https:\/\/www.medespoir.fr\/es\/inseminacion-artificial\/","twitter_misc":{"Tiempo de lectura":"3 minutos"},"schema":{"@context":"https:\/\/schema.org","@graph":[{"@type":"WebPage","@id":"https:\/\/www.medespoir.fr\/es\/inseminacion-artificial\/","url":"https:\/\/www.medespoir.fr\/es\/inseminacion-artificial\/","name":"Inseminaci\u00f3n artificial T\u00fanez : Reproducci\u00f3n asistida","isPartOf":{"@id":"https:\/\/www.medespoir.fr\/es\/#website"},"primaryImageOfPage":{"@id":"https:\/\/www.medespoir.fr\/es\/inseminacion-artificial\/#primaryimage"},"image":{"@id":"https:\/\/www.medespoir.fr\/es\/inseminacion-artificial\/#primaryimage"},"thumbnailUrl":"https:\/\/www.medespoir.fr\/wp-content\/uploads\/2021\/11\/header-invitro.jpg","datePublished":"2017-12-19T10:26:33+00:00","dateModified":"2022-12-20T15:32:14+00:00","description":"Inseminaci\u00f3n artificial T\u00fanez: t\u00e9cnica de reproducci\u00f3n asistida. Solicite un presupuesto gratuito con los precios baratos que ofrece la Cl\u00ednica Medespoir.","breadcrumb":{"@id":"https:\/\/www.medespoir.fr\/es\/inseminacion-artificial\/#breadcrumb"},"inLanguage":"es","potentialAction":[{"@type":"ReadAction","target":["https:\/\/www.medespoir.fr\/es\/inseminacion-artificial\/"]}]},{"@type":"ImageObject","inLanguage":"es","@id":"https:\/\/www.medespoir.fr\/es\/inseminacion-artificial\/#primaryimage","url":"https:\/\/www.medespoir.fr\/wp-content\/uploads\/2021\/11\/header-invitro.jpg","contentUrl":"https:\/\/www.medespoir.fr\/wp-content\/uploads\/2021\/11\/header-invitro.jpg","width":1928,"height":479},{"@type":"BreadcrumbList","@id":"https:\/\/www.medespoir.fr\/es\/inseminacion-artificial\/#breadcrumb","itemListElement":[{"@type":"ListItem","position":1,"name":"Accueil","item":"https:\/\/www.medespoir.fr\/es\/"},{"@type":"ListItem","position":2,"name":"Inseminaci\u00f3n artificial T\u00fanez: t\u00e9cnica de reproducci\u00f3n asistida"}]},{"@type":"WebSite","@id":"https:\/\/www.medespoir.fr\/es\/#website","url":"https:\/\/www.medespoir.fr\/es\/","name":"Medespoir France","description":"Chirurgie esthetique Tunisie","publisher":{"@id":"https:\/\/www.medespoir.fr\/es\/#organization"},"potentialAction":[{"@type":"SearchAction","target":{"@type":"EntryPoint","urlTemplate":"https:\/\/www.medespoir.fr\/es\/?s={search_term_string}"},"query-input":{"@type":"PropertyValueSpecification","valueRequired":true,"valueName":"search_term_string"}}],"inLanguage":"es"},{"@type":"Organization","@id":"https:\/\/www.medespoir.fr\/es\/#organization","name":"Medespoir France","url":"https:\/\/www.medespoir.fr\/es\/","logo":{"@type":"ImageObject","inLanguage":"es","@id":"https:\/\/www.medespoir.fr\/es\/#\/schema\/logo\/image\/","url":"https:\/\/www.medespoir.fr\/wp-content\/uploads\/2021\/10\/cropped-logo__medespoirFR.png","contentUrl":"https:\/\/www.medespoir.fr\/wp-content\/uploads\/2021\/10\/cropped-logo__medespoirFR.png","width":150,"height":62,"caption":"Medespoir France"},"image":{"@id":"https:\/\/www.medespoir.fr\/es\/#\/schema\/logo\/image\/"},"sameAs":["https:\/\/www.facebook.com\/MedEspoirFr","https:\/\/x.com\/MedEspoirTN"]}]}},"_links":{"self":[{"href":"https:\/\/www.medespoir.fr\/es\/wp-json\/wp\/v2\/pages\/25511","targetHints":{"allow":["GET"]}}],"collection":[{"href":"https:\/\/www.medespoir.fr\/es\/wp-json\/wp\/v2\/pages"}],"about":[{"href":"https:\/\/www.medespoir.fr\/es\/wp-json\/wp\/v2\/types\/page"}],"author":[{"embeddable":true,"href":"https:\/\/www.medespoir.fr\/es\/wp-json\/wp\/v2\/users\/2"}],"replies":[{"embeddable":true,"href":"https:\/\/www.medespoir.fr\/es\/wp-json\/wp\/v2\/comments?post=25511"}],"version-history":[{"count":0,"href":"https:\/\/www.medespoir.fr\/es\/wp-json\/wp\/v2\/pages\/25511\/revisions"}],"wp:featuredmedia":[{"embeddable":true,"href":"https:\/\/www.medespoir.fr\/es\/wp-json\/wp\/v2\/media\/21092"}],"wp:attachment":[{"href":"https:\/\/www.medespoir.fr\/es\/wp-json\/wp\/v2\/media?parent=25511"}],"curies":[{"name":"wp","href":"https:\/\/api.w.org\/{rel}","templated":true}]}}