{"id":25480,"date":"2018-01-30T08:57:16","date_gmt":"2018-01-30T07:57:16","guid":{"rendered":"https:\/\/www.medespoir.fr\/lente-intraocular-tunez-cirugia-ocular-barata\/"},"modified":"2022-12-20T14:07:41","modified_gmt":"2022-12-20T13:07:41","slug":"lente-intraocular","status":"publish","type":"page","link":"https:\/\/www.medespoir.fr\/es\/lente-intraocular\/","title":{"rendered":"Lente intraocular T\u00fanez : Cirug\u00eda ocular barata"},"content":{"rendered":"\t\t<div data-elementor-type=\"wp-page\" data-elementor-id=\"25480\" class=\"elementor elementor-25480\">\n\t\t\t\t\t\t<section class=\"elementor-section elementor-top-section elementor-element elementor-element-c7d987e elementor-section-boxed elementor-section-height-default elementor-section-height-default\" data-id=\"c7d987e\" data-element_type=\"section\" data-e-type=\"section\">\n\t\t\t\t\t\t<div class=\"elementor-container elementor-column-gap-default\">\n\t\t\t\t\t<div class=\"elementor-column elementor-col-66 elementor-top-column elementor-element elementor-element-77e0275\" data-id=\"77e0275\" data-element_type=\"column\" data-e-type=\"column\">\n\t\t\t<div class=\"elementor-widget-wrap elementor-element-populated\">\n\t\t\t\t\t\t<div class=\"elementor-element elementor-element-0014bf0 elementor-widget elementor-widget-text-editor\" data-id=\"0014bf0\" data-element_type=\"widget\" data-e-type=\"widget\" data-widget_type=\"text-editor.default\">\n\t\t\t\t<div class=\"elementor-widget-container\">\n\t\t\t\t\t\t\t\t\t <strong>Las lentes intraoculares<\/strong> son <strong>implantes oculares<\/strong> artificiales que se colocan dentro del ojo quir\u00fargicamente de forma ambulatoria durante la extracci\u00f3n de cataratas y para corregir defectos visuales como la <strong>miop\u00eda<\/strong> severa, la<strong>hipermetrop\u00eda<\/strong>,<strong>el astigmatismo<\/strong>, as\u00ed como anomal\u00edas que no pueden corregirse con <a href=\"https:\/\/www.medespoir.fr\/es\/lasik\/\">Lasik<\/a>.\n\nLas lentes intraoculares son reversibles y corrigen la visi\u00f3n del paciente del mismo modo que las gafas o las lentes de contacto.\t\t\t\t\t\t\t\t<\/div>\n\t\t\t\t<\/div>\n\t\t\t\t<div class=\"elementor-element elementor-element-52b60da elementor-widget elementor-widget-text-editor\" data-id=\"52b60da\" data-element_type=\"widget\" data-e-type=\"widget\" data-widget_type=\"text-editor.default\">\n\t\t\t\t<div class=\"elementor-widget-container\">\n\t\t\t\t\t\t\t\t\t<h2>Precio de los implantes intraoculares T\u00fanez<\/h2><p>El <strong>precio de la implantaci\u00f3n de lentes intraoculares en T\u00fanez<\/strong> no es caro.<\/p><p>Este precio incluye todos los gastos de la operaci\u00f3n: el cirujano oftalm\u00f3logo, el anestesista, el dispositivo m\u00e9dico, los cuidados, la cl\u00ednica, el hotel, etc.<\/p><p>Obtenga un <a href=\"https:\/\/www.medespoir.fr\/es\/presupuesto\/\">presupuesto personalizado barato en dinares<\/a> rellenando este formulario de la web.<\/p>\t\t\t\t\t\t\t\t<\/div>\n\t\t\t\t<\/div>\n\t\t\t\t\t<\/div>\n\t\t<\/div>\n\t\t\t\t<div class=\"elementor-column elementor-col-33 elementor-top-column elementor-element elementor-element-11530b4\" data-id=\"11530b4\" data-element_type=\"column\" data-e-type=\"column\">\n\t\t\t<div class=\"elementor-widget-wrap elementor-element-populated\">\n\t\t\t\t\t\t<div class=\"elementor-element elementor-element-27c0579 elementor-widget elementor-widget-text-editor\" data-id=\"27c0579\" data-element_type=\"widget\" data-e-type=\"widget\" data-widget_type=\"text-editor.default\">\n\t\t\t\t<div class=\"elementor-widget-container\">\n\t\t\t\t\t\t\t\t\t<p><img decoding=\"async\" class=\" aligncenter\" src=\"https:\/\/www.medespoir.fr\/wp-content\/uploads\/2021\/11\/lentille-intraoculaire-tunisie.jpg\" alt=\"Lentes intraoculares T\u00fanez\"><\/p>\n\t\t\t\t\t\t\t\t<\/div>\n\t\t\t\t<\/div>\n\t\t\t\t\t<\/div>\n\t\t<\/div>\n\t\t\t\t\t<\/div>\n\t\t<\/section>\n\t\t\t\t<section class=\"elementor-section elementor-top-section elementor-element elementor-element-4d39118 elementor-section-boxed elementor-section-height-default elementor-section-height-default\" data-id=\"4d39118\" data-element_type=\"section\" data-e-type=\"section\" id=\"bg-devis-express\">\n\t\t\t\t\t\t<div class=\"elementor-container elementor-column-gap-default\">\n\t\t\t\t\t<div class=\"elementor-column elementor-col-100 elementor-top-column elementor-element elementor-element-73bf8b6\" data-id=\"73bf8b6\" data-element_type=\"column\" data-e-type=\"column\">\n\t\t\t<div class=\"elementor-widget-wrap elementor-element-populated\">\n\t\t\t\t\t\t<div class=\"elementor-element elementor-element-2de9882 elementor-widget elementor-widget-text-editor\" data-id=\"2de9882\" data-element_type=\"widget\" data-e-type=\"widget\" data-widget_type=\"text-editor.default\">\n\t\t\t\t<div class=\"elementor-widget-container\">\n\t\t\t\t\t\t\t\t\t<style>\r\n\tbody.home #main-form h2 {\r\n   display:none;\r\n}\r\n<\/style>\r\n<h2 style=\"text-align: center;font-weight: bold;\">Presupuesto r\u00e1pido gratuito<\/h2>\r\n<iframe src=\"https:\/\/app.metocrm.com\/web-forms\/e1cab5bd-ef56-4a37-aa71-4857d931f368\"  height=\"700px\" width=\"100%\"  frameborder=\"0\"><\/iframe>\t\t\t\t\t\t\t\t<\/div>\n\t\t\t\t<\/div>\n\t\t\t\t\t<\/div>\n\t\t<\/div>\n\t\t\t\t\t<\/div>\n\t\t<\/section>\n\t\t\t\t<section class=\"elementor-section elementor-top-section elementor-element elementor-element-724f5ccf elementor-section-boxed elementor-section-height-default elementor-section-height-default\" data-id=\"724f5ccf\" data-element_type=\"section\" data-e-type=\"section\">\n\t\t\t\t\t\t<div class=\"elementor-container elementor-column-gap-default\">\n\t\t\t\t\t<div class=\"elementor-column elementor-col-100 elementor-top-column elementor-element elementor-element-716a054a\" data-id=\"716a054a\" data-element_type=\"column\" data-e-type=\"column\">\n\t\t\t<div class=\"elementor-widget-wrap elementor-element-populated\">\n\t\t\t\t\t\t<div class=\"elementor-element elementor-element-34c7eee7 elementor-widget elementor-widget-text-editor\" data-id=\"34c7eee7\" data-element_type=\"widget\" data-e-type=\"widget\" data-widget_type=\"text-editor.default\">\n\t\t\t\t<div class=\"elementor-widget-container\">\n\t\t\t\t\t\t\t\t\t<h2>Procedimiento para la implantaci\u00f3n de la lente intraocular<\/h2>\nSe elegir\u00e1 una lente durante el examen preoperatorio.\n\nLa<strong>operaci\u00f3n para implantar una lente intraocular<\/strong> dura entre diez y veinte minutos por ojo y se realiza con anestesia local en forma de gotas.\n\nEl cirujano ocular inyecta la lente mediante una microincisi\u00f3n y la coloca entre el cristalino y el iris (implante ICL), o sobre el iris, entre el iris y la c\u00f3rnea (implante Phake artisan), seg\u00fan el tipo de lente elegido.\n\nEl cristalino natural se deja en su sitio sin tocarlo, salvo en el caso de la cirug\u00eda de cataratas, en la que se extraer\u00e1.\n\nPor lo general, el procedimiento no requiere suturas.\n\nSi la operaci\u00f3n es necesaria para ambos ojos, hay un retraso de 15 d\u00edas a 1 mes entre la primera implantaci\u00f3n para el primer ojo y la segunda implantaci\u00f3n para el segundo.\n<h2>Seguimiento de la intervenci\u00f3n<\/h2>\n<ul class=\"liste-style\">\n \t<li>Se recomienda un seguimiento anual tras la cirug\u00eda de <strong>implante ocular<\/strong><\/li>\n \t<li>No hay dolor que se\u00f1alar<\/li>\n \t<li>La vista mejora muy r\u00e1pidamente<\/li>\n \t<li>La recuperaci\u00f3n tarda unos d\u00edas<\/li>\n \t<li>Se prescribe un tratamiento en forma de colirio durante 15 d\u00edas<\/li>\n<\/ul>\n<h2>Resultados de la adaptaci\u00f3n de lentes intraoculares<\/h2>\nLa visi\u00f3n se corrige adecuadamente tras la intervenci\u00f3n y el paciente recupera la independencia sin gafas o con muy poco uso de ellas.\t\t\t\t\t\t\t\t<\/div>\n\t\t\t\t<\/div>\n\t\t\t\t\t<\/div>\n\t\t<\/div>\n\t\t\t\t\t<\/div>\n\t\t<\/section>\n\t\t\t\t<section class=\"elementor-section elementor-top-section elementor-element elementor-element-c1a669e elementor-section-boxed elementor-section-height-default elementor-section-height-default\" data-id=\"c1a669e\" data-element_type=\"section\" data-e-type=\"section\">\n\t\t\t\t\t\t<div class=\"elementor-container elementor-column-gap-default\">\n\t\t\t\t\t<div class=\"elementor-column elementor-col-50 elementor-top-column elementor-element elementor-element-15e8556\" data-id=\"15e8556\" data-element_type=\"column\" data-e-type=\"column\">\n\t\t\t<div class=\"elementor-widget-wrap elementor-element-populated\">\n\t\t\t\t\t\t<div class=\"elementor-element elementor-element-f825e65 elementor-widget elementor-widget-html\" data-id=\"f825e65\" data-element_type=\"widget\" data-e-type=\"widget\" data-widget_type=\"html.default\">\n\t\t\t\t<div class=\"elementor-widget-container\">\n\t\t\t\t\t<a href=\"https:\/\/www.medespoir.fr\/es\/presupuesto\/\" class=\"main__btn blue\"><span>Presupuesto gratuito<\/span><\/a>\t\t\t\t<\/div>\n\t\t\t\t<\/div>\n\t\t\t\t\t<\/div>\n\t\t<\/div>\n\t\t\t\t<div class=\"elementor-column elementor-col-50 elementor-top-column elementor-element elementor-element-85e5f2d\" data-id=\"85e5f2d\" data-element_type=\"column\" data-e-type=\"column\">\n\t\t\t<div class=\"elementor-widget-wrap\">\n\t\t\t\t\t\t\t<\/div>\n\t\t<\/div>\n\t\t\t\t\t<\/div>\n\t\t<\/section>\n\t\t\t\t<\/div>\n\t\t","protected":false},"excerpt":{"rendered":"<p>Las lentes intraoculares son implantes oculares artificiales que se colocan dentro del ojo quir\u00fargicamente de forma ambulatoria durante la extracci\u00f3n [&hellip;]<\/p>\n","protected":false},"author":2,"featured_media":25466,"parent":0,"menu_order":4,"comment_status":"closed","ping_status":"closed","template":"","meta":{"footnotes":""},"class_list":["post-25480","page","type-page","status-publish","has-post-thumbnail","hentry"],"yoast_head":"<!-- This site is optimized with the Yoast SEO plugin v27.5 - https:\/\/yoast.com\/product\/yoast-seo-wordpress\/ -->\n<title>Lente intraocular T\u00fanez : Precio de instalaci\u00f3n de la lente intraocular<\/title>\n<meta name=\"description\" content=\"Lente intraocular T\u00fanez, realizar la operaci\u00f3n de instalaci\u00f3n de lente intraocular en T\u00fanez a precio barato con Medespoir Francia.\" \/>\n<meta name=\"robots\" content=\"index, follow, max-snippet:-1, max-image-preview:large, max-video-preview:-1\" \/>\n<link rel=\"canonical\" href=\"https:\/\/www.medespoir.fr\/es\/lente-intraocular\/\" \/>\n<meta name=\"twitter:label1\" content=\"Tiempo de lectura\" \/>\n\t<meta name=\"twitter:data1\" content=\"2 minutos\" \/>\n<script type=\"application\/ld+json\" class=\"yoast-schema-graph\">{\"@context\":\"https:\\\/\\\/schema.org\",\"@graph\":[{\"@type\":\"WebPage\",\"@id\":\"https:\\\/\\\/www.medespoir.fr\\\/es\\\/lente-intraocular\\\/\",\"url\":\"https:\\\/\\\/www.medespoir.fr\\\/es\\\/lente-intraocular\\\/\",\"name\":\"Lente intraocular T\u00fanez : Precio de instalaci\u00f3n de la lente intraocular\",\"isPartOf\":{\"@id\":\"https:\\\/\\\/www.medespoir.fr\\\/es\\\/#website\"},\"primaryImageOfPage\":{\"@id\":\"https:\\\/\\\/www.medespoir.fr\\\/es\\\/lente-intraocular\\\/#primaryimage\"},\"image\":{\"@id\":\"https:\\\/\\\/www.medespoir.fr\\\/es\\\/lente-intraocular\\\/#primaryimage\"},\"thumbnailUrl\":\"https:\\\/\\\/www.medespoir.fr\\\/wp-content\\\/uploads\\\/2021\\\/11\\\/header-cataracte.jpg\",\"datePublished\":\"2018-01-30T07:57:16+00:00\",\"dateModified\":\"2022-12-20T13:07:41+00:00\",\"description\":\"Lente intraocular T\u00fanez, realizar la operaci\u00f3n de instalaci\u00f3n de lente intraocular en T\u00fanez a precio barato con Medespoir Francia.\",\"breadcrumb\":{\"@id\":\"https:\\\/\\\/www.medespoir.fr\\\/es\\\/lente-intraocular\\\/#breadcrumb\"},\"inLanguage\":\"es\",\"potentialAction\":[{\"@type\":\"ReadAction\",\"target\":[\"https:\\\/\\\/www.medespoir.fr\\\/es\\\/lente-intraocular\\\/\"]}]},{\"@type\":\"ImageObject\",\"inLanguage\":\"es\",\"@id\":\"https:\\\/\\\/www.medespoir.fr\\\/es\\\/lente-intraocular\\\/#primaryimage\",\"url\":\"https:\\\/\\\/www.medespoir.fr\\\/wp-content\\\/uploads\\\/2021\\\/11\\\/header-cataracte.jpg\",\"contentUrl\":\"https:\\\/\\\/www.medespoir.fr\\\/wp-content\\\/uploads\\\/2021\\\/11\\\/header-cataracte.jpg\",\"width\":1928,\"height\":479},{\"@type\":\"BreadcrumbList\",\"@id\":\"https:\\\/\\\/www.medespoir.fr\\\/es\\\/lente-intraocular\\\/#breadcrumb\",\"itemListElement\":[{\"@type\":\"ListItem\",\"position\":1,\"name\":\"Accueil\",\"item\":\"https:\\\/\\\/www.medespoir.fr\\\/es\\\/\"},{\"@type\":\"ListItem\",\"position\":2,\"name\":\"Lente intraocular T\u00fanez : Cirug\u00eda ocular barata\"}]},{\"@type\":\"WebSite\",\"@id\":\"https:\\\/\\\/www.medespoir.fr\\\/es\\\/#website\",\"url\":\"https:\\\/\\\/www.medespoir.fr\\\/es\\\/\",\"name\":\"Medespoir France\",\"description\":\"Chirurgie esthetique Tunisie\",\"publisher\":{\"@id\":\"https:\\\/\\\/www.medespoir.fr\\\/es\\\/#organization\"},\"potentialAction\":[{\"@type\":\"SearchAction\",\"target\":{\"@type\":\"EntryPoint\",\"urlTemplate\":\"https:\\\/\\\/www.medespoir.fr\\\/es\\\/?s={search_term_string}\"},\"query-input\":{\"@type\":\"PropertyValueSpecification\",\"valueRequired\":true,\"valueName\":\"search_term_string\"}}],\"inLanguage\":\"es\"},{\"@type\":\"Organization\",\"@id\":\"https:\\\/\\\/www.medespoir.fr\\\/es\\\/#organization\",\"name\":\"Medespoir France\",\"url\":\"https:\\\/\\\/www.medespoir.fr\\\/es\\\/\",\"logo\":{\"@type\":\"ImageObject\",\"inLanguage\":\"es\",\"@id\":\"https:\\\/\\\/www.medespoir.fr\\\/es\\\/#\\\/schema\\\/logo\\\/image\\\/\",\"url\":\"https:\\\/\\\/www.medespoir.fr\\\/wp-content\\\/uploads\\\/2021\\\/10\\\/cropped-logo__medespoirFR.png\",\"contentUrl\":\"https:\\\/\\\/www.medespoir.fr\\\/wp-content\\\/uploads\\\/2021\\\/10\\\/cropped-logo__medespoirFR.png\",\"width\":150,\"height\":62,\"caption\":\"Medespoir France\"},\"image\":{\"@id\":\"https:\\\/\\\/www.medespoir.fr\\\/es\\\/#\\\/schema\\\/logo\\\/image\\\/\"},\"sameAs\":[\"https:\\\/\\\/www.facebook.com\\\/MedEspoirFr\",\"https:\\\/\\\/x.com\\\/MedEspoirTN\"]}]}<\/script>\n<!-- \/ Yoast SEO plugin. -->","yoast_head_json":{"title":"Lente intraocular T\u00fanez : Precio de instalaci\u00f3n de la lente intraocular","description":"Lente intraocular T\u00fanez, realizar la operaci\u00f3n de instalaci\u00f3n de lente intraocular en T\u00fanez a precio barato con Medespoir Francia.","robots":{"index":"index","follow":"follow","max-snippet":"max-snippet:-1","max-image-preview":"max-image-preview:large","max-video-preview":"max-video-preview:-1"},"canonical":"https:\/\/www.medespoir.fr\/es\/lente-intraocular\/","twitter_misc":{"Tiempo de lectura":"2 minutos"},"schema":{"@context":"https:\/\/schema.org","@graph":[{"@type":"WebPage","@id":"https:\/\/www.medespoir.fr\/es\/lente-intraocular\/","url":"https:\/\/www.medespoir.fr\/es\/lente-intraocular\/","name":"Lente intraocular T\u00fanez : Precio de instalaci\u00f3n de la lente intraocular","isPartOf":{"@id":"https:\/\/www.medespoir.fr\/es\/#website"},"primaryImageOfPage":{"@id":"https:\/\/www.medespoir.fr\/es\/lente-intraocular\/#primaryimage"},"image":{"@id":"https:\/\/www.medespoir.fr\/es\/lente-intraocular\/#primaryimage"},"thumbnailUrl":"https:\/\/www.medespoir.fr\/wp-content\/uploads\/2021\/11\/header-cataracte.jpg","datePublished":"2018-01-30T07:57:16+00:00","dateModified":"2022-12-20T13:07:41+00:00","description":"Lente intraocular T\u00fanez, realizar la operaci\u00f3n de instalaci\u00f3n de lente intraocular en T\u00fanez a precio barato con Medespoir Francia.","breadcrumb":{"@id":"https:\/\/www.medespoir.fr\/es\/lente-intraocular\/#breadcrumb"},"inLanguage":"es","potentialAction":[{"@type":"ReadAction","target":["https:\/\/www.medespoir.fr\/es\/lente-intraocular\/"]}]},{"@type":"ImageObject","inLanguage":"es","@id":"https:\/\/www.medespoir.fr\/es\/lente-intraocular\/#primaryimage","url":"https:\/\/www.medespoir.fr\/wp-content\/uploads\/2021\/11\/header-cataracte.jpg","contentUrl":"https:\/\/www.medespoir.fr\/wp-content\/uploads\/2021\/11\/header-cataracte.jpg","width":1928,"height":479},{"@type":"BreadcrumbList","@id":"https:\/\/www.medespoir.fr\/es\/lente-intraocular\/#breadcrumb","itemListElement":[{"@type":"ListItem","position":1,"name":"Accueil","item":"https:\/\/www.medespoir.fr\/es\/"},{"@type":"ListItem","position":2,"name":"Lente intraocular T\u00fanez : Cirug\u00eda ocular barata"}]},{"@type":"WebSite","@id":"https:\/\/www.medespoir.fr\/es\/#website","url":"https:\/\/www.medespoir.fr\/es\/","name":"Medespoir France","description":"Chirurgie esthetique Tunisie","publisher":{"@id":"https:\/\/www.medespoir.fr\/es\/#organization"},"potentialAction":[{"@type":"SearchAction","target":{"@type":"EntryPoint","urlTemplate":"https:\/\/www.medespoir.fr\/es\/?s={search_term_string}"},"query-input":{"@type":"PropertyValueSpecification","valueRequired":true,"valueName":"search_term_string"}}],"inLanguage":"es"},{"@type":"Organization","@id":"https:\/\/www.medespoir.fr\/es\/#organization","name":"Medespoir France","url":"https:\/\/www.medespoir.fr\/es\/","logo":{"@type":"ImageObject","inLanguage":"es","@id":"https:\/\/www.medespoir.fr\/es\/#\/schema\/logo\/image\/","url":"https:\/\/www.medespoir.fr\/wp-content\/uploads\/2021\/10\/cropped-logo__medespoirFR.png","contentUrl":"https:\/\/www.medespoir.fr\/wp-content\/uploads\/2021\/10\/cropped-logo__medespoirFR.png","width":150,"height":62,"caption":"Medespoir France"},"image":{"@id":"https:\/\/www.medespoir.fr\/es\/#\/schema\/logo\/image\/"},"sameAs":["https:\/\/www.facebook.com\/MedEspoirFr","https:\/\/x.com\/MedEspoirTN"]}]}},"_links":{"self":[{"href":"https:\/\/www.medespoir.fr\/es\/wp-json\/wp\/v2\/pages\/25480","targetHints":{"allow":["GET"]}}],"collection":[{"href":"https:\/\/www.medespoir.fr\/es\/wp-json\/wp\/v2\/pages"}],"about":[{"href":"https:\/\/www.medespoir.fr\/es\/wp-json\/wp\/v2\/types\/page"}],"author":[{"embeddable":true,"href":"https:\/\/www.medespoir.fr\/es\/wp-json\/wp\/v2\/users\/2"}],"replies":[{"embeddable":true,"href":"https:\/\/www.medespoir.fr\/es\/wp-json\/wp\/v2\/comments?post=25480"}],"version-history":[{"count":0,"href":"https:\/\/www.medespoir.fr\/es\/wp-json\/wp\/v2\/pages\/25480\/revisions"}],"wp:featuredmedia":[{"embeddable":true,"href":"https:\/\/www.medespoir.fr\/es\/wp-json\/wp\/v2\/media\/25466"}],"wp:attachment":[{"href":"https:\/\/www.medespoir.fr\/es\/wp-json\/wp\/v2\/media?parent=25480"}],"curies":[{"name":"wp","href":"https:\/\/api.w.org\/{rel}","templated":true}]}}