{"id":25452,"date":"2018-01-31T09:22:59","date_gmt":"2018-01-31T08:22:59","guid":{"rendered":"https:\/\/www.medespoir.fr\/gingivectomia-en-tunez-dientes-bien-proporcionados-a-bajo-coste\/"},"modified":"2022-12-20T14:05:46","modified_gmt":"2022-12-20T13:05:46","slug":"gingivectomia","status":"publish","type":"page","link":"https:\/\/www.medespoir.fr\/es\/gingivectomia\/","title":{"rendered":"Gingivectom\u00eda en T\u00fanez: dientes bien proporcionados a bajo coste"},"content":{"rendered":"\t\t<div data-elementor-type=\"wp-page\" data-elementor-id=\"25452\" class=\"elementor elementor-25452\">\n\t\t\t\t\t\t<section class=\"elementor-section elementor-top-section elementor-element elementor-element-43e4fc2 elementor-section-boxed elementor-section-height-default elementor-section-height-default\" data-id=\"43e4fc2\" data-element_type=\"section\" data-e-type=\"section\">\n\t\t\t\t\t\t<div class=\"elementor-container elementor-column-gap-default\">\n\t\t\t\t\t<div class=\"elementor-column elementor-col-66 elementor-top-column elementor-element elementor-element-17710f3\" data-id=\"17710f3\" data-element_type=\"column\" data-e-type=\"column\">\n\t\t\t<div class=\"elementor-widget-wrap elementor-element-populated\">\n\t\t\t\t\t\t<div class=\"elementor-element elementor-element-b8137ca elementor-widget elementor-widget-text-editor\" data-id=\"b8137ca\" data-element_type=\"widget\" data-e-type=\"widget\" data-widget_type=\"text-editor.default\">\n\t\t\t\t<div class=\"elementor-widget-container\">\n\t\t\t\t\t\t\t\t\t<p> <strong>La gingivectom\u00eda<\/strong> es un sencillo procedimiento de <strong>cirug\u00eda dental est\u00e9tica<\/strong> que elimina<em> las enc\u00edas de los dientes<\/em> sobrantes para reflejar una sonrisa armoniosa.<\/p>\n<p>Por razones est\u00e9ticas y\/o funcionales, y para conseguir unas enc\u00edas naturales y sanas, esta cirug\u00eda es necesaria cuando las enc\u00edas est\u00e1n alejadas de los dientes, causando dolor, problemas al masticar e impidiendo una correcta limpieza dental.<\/p>\n\t\t\t\t\t\t\t\t<\/div>\n\t\t\t\t<\/div>\n\t\t\t\t<div class=\"elementor-element elementor-element-7d075d9 elementor-widget elementor-widget-text-editor\" data-id=\"7d075d9\" data-element_type=\"widget\" data-e-type=\"widget\" data-widget_type=\"text-editor.default\">\n\t\t\t\t<div class=\"elementor-widget-container\">\n\t\t\t\t\t\t\t\t\t<h2>Precio de la gingivectom\u00eda T\u00fanez<\/h2><p>El <strong>precio de una gingivectom\u00eda en T\u00fanez<\/strong> incluye todos los gastos de la intervenci\u00f3n, desde la recepci\u00f3n en el aeropuerto hasta el necesario periodo de recuperaci\u00f3n tras la operaci\u00f3n.<\/p><p>Para <a href=\"https:\/\/www.medespoir.fr\/es\/presupuesto\/\">obtener un presupuesto personalizado en dinares<\/a>, basta con solicitarlo en el sitio web.<\/p>\t\t\t\t\t\t\t\t<\/div>\n\t\t\t\t<\/div>\n\t\t\t\t\t<\/div>\n\t\t<\/div>\n\t\t\t\t<div class=\"elementor-column elementor-col-33 elementor-top-column elementor-element elementor-element-70635a4\" data-id=\"70635a4\" data-element_type=\"column\" data-e-type=\"column\">\n\t\t\t<div class=\"elementor-widget-wrap elementor-element-populated\">\n\t\t\t\t\t\t<div class=\"elementor-element elementor-element-ea722d4 elementor-widget elementor-widget-text-editor\" data-id=\"ea722d4\" data-element_type=\"widget\" data-e-type=\"widget\" data-widget_type=\"text-editor.default\">\n\t\t\t\t<div class=\"elementor-widget-container\">\n\t\t\t\t\t\t\t\t\t<p><img decoding=\"async\" class=\"aligncenter\" src=\"https:\/\/www.medespoir.fr\/wp-content\/uploads\/2021\/11\/gingivectomie-tunisie.jpg\" alt=\"Gingivectom\u00eda en T\u00fanez\"><\/p>\n\t\t\t\t\t\t\t\t<\/div>\n\t\t\t\t<\/div>\n\t\t\t\t\t<\/div>\n\t\t<\/div>\n\t\t\t\t\t<\/div>\n\t\t<\/section>\n\t\t\t\t<section class=\"elementor-section elementor-top-section elementor-element elementor-element-f84901e elementor-section-boxed elementor-section-height-default elementor-section-height-default\" data-id=\"f84901e\" data-element_type=\"section\" data-e-type=\"section\">\n\t\t\t\t\t\t<div class=\"elementor-container elementor-column-gap-default\">\n\t\t\t\t\t<div class=\"elementor-column elementor-col-100 elementor-top-column elementor-element elementor-element-3950753\" data-id=\"3950753\" data-element_type=\"column\" data-e-type=\"column\">\n\t\t\t<div class=\"elementor-widget-wrap\">\n\t\t\t\t\t\t\t<\/div>\n\t\t<\/div>\n\t\t\t\t\t<\/div>\n\t\t<\/section>\n\t\t\t\t<section class=\"elementor-section elementor-top-section elementor-element elementor-element-30a7cc2 elementor-section-boxed elementor-section-height-default elementor-section-height-default\" data-id=\"30a7cc2\" data-element_type=\"section\" data-e-type=\"section\" id=\"bg-devis-express\">\n\t\t\t\t\t\t<div class=\"elementor-container elementor-column-gap-default\">\n\t\t\t\t\t<div class=\"elementor-column elementor-col-100 elementor-top-column elementor-element elementor-element-dceb7ad\" data-id=\"dceb7ad\" data-element_type=\"column\" data-e-type=\"column\">\n\t\t\t<div class=\"elementor-widget-wrap elementor-element-populated\">\n\t\t\t\t\t\t<div class=\"elementor-element elementor-element-5a68236 elementor-widget elementor-widget-text-editor\" data-id=\"5a68236\" data-element_type=\"widget\" data-e-type=\"widget\" data-widget_type=\"text-editor.default\">\n\t\t\t\t<div class=\"elementor-widget-container\">\n\t\t\t\t\t\t\t\t\t<style>\r\n\tbody.home #main-form h2 {\r\n   display:none;\r\n}\r\n<\/style>\r\n<h2 style=\"text-align: center;font-weight: bold;\">Presupuesto r\u00e1pido gratuito<\/h2>\r\n<iframe src=\"https:\/\/app.metocrm.com\/web-forms\/e1cab5bd-ef56-4a37-aa71-4857d931f368\"  height=\"700px\" width=\"100%\"  frameborder=\"0\"><\/iframe>\t\t\t\t\t\t\t\t<\/div>\n\t\t\t\t<\/div>\n\t\t\t\t\t<\/div>\n\t\t<\/div>\n\t\t\t\t\t<\/div>\n\t\t<\/section>\n\t\t\t\t<section class=\"elementor-section elementor-top-section elementor-element elementor-element-64fddaeb elementor-section-boxed elementor-section-height-default elementor-section-height-default\" data-id=\"64fddaeb\" data-element_type=\"section\" data-e-type=\"section\">\n\t\t\t\t\t\t<div class=\"elementor-container elementor-column-gap-default\">\n\t\t\t\t\t<div class=\"elementor-column elementor-col-100 elementor-top-column elementor-element elementor-element-3fe9de3\" data-id=\"3fe9de3\" data-element_type=\"column\" data-e-type=\"column\">\n\t\t\t<div class=\"elementor-widget-wrap elementor-element-populated\">\n\t\t\t\t\t\t<div class=\"elementor-element elementor-element-2075b4b elementor-widget elementor-widget-text-editor\" data-id=\"2075b4b\" data-element_type=\"widget\" data-e-type=\"widget\" data-widget_type=\"text-editor.default\">\n\t\t\t\t<div class=\"elementor-widget-container\">\n\t\t\t\t\t\t\t\t\t<h2>El procedimiento de una gingivectom\u00eda<\/h2>\n<p>La gingivectom\u00eda puede durar desde unos minutos hasta m\u00e1s de una hora, dependiendo de la cantidad de tejido que haya que extirpar.<\/p>\n<p>Se administra un anest\u00e9sico local en las enc\u00edas.<\/p>\n<p>La cirug\u00eda se realiza con bistur\u00ed, pero a veces puede realizarse con electrocirug\u00eda (un aparato que utiliza corriente el\u00e9ctrica) o l\u00e1ser.<\/p>\n<p>El dentista remodela las enc\u00edas modificando su altura seg\u00fan sea necesario y a veces tiene que eliminar el tejido inflamado que recubre el esmalte dental para tener unas enc\u00edas naturales de forma armoniosa.<\/p>\n<h2>Las secuelas de la gingivectom\u00eda<\/h2>\n<ul class=\"liste-style\">\n<li>Se coloca un ap\u00f3sito especial en las enc\u00edas para preservar la herida<\/li>\n<li>La curaci\u00f3n puede tardar de 7 a 10 d\u00edas<\/li>\n<li>Se debe seguir una dieta blanda y tibia para una r\u00e1pida recuperaci\u00f3n, evitando los alimentos duros y las especias<\/li>\n<li>Mantener una buena higiene bucal utilizando un cepillo suave sin retirar el ap\u00f3sito.<\/li>\n<li>El uso de colutorios antis\u00e9pticos facilita la cicatrizaci\u00f3n<\/li>\n<\/ul>\n<h2>El resultado de la intervenci\u00f3n<\/h2>\n<p>Por lo general, las enc\u00edas empiezan a volver a la normalidad al cabo de un mes de la operaci\u00f3n.<\/p>\n<p>A los 90 d\u00edas de la intervenci\u00f3n se puede ver una <strong>bonita sonrisa <\/strong>con enc\u00edas normales.<\/p>\n\t\t\t\t\t\t\t\t<\/div>\n\t\t\t\t<\/div>\n\t\t\t\t\t<\/div>\n\t\t<\/div>\n\t\t\t\t\t<\/div>\n\t\t<\/section>\n\t\t\t\t<section class=\"elementor-section elementor-top-section elementor-element elementor-element-08ba313 elementor-section-boxed elementor-section-height-default elementor-section-height-default\" data-id=\"08ba313\" data-element_type=\"section\" data-e-type=\"section\">\n\t\t\t\t\t\t<div class=\"elementor-container elementor-column-gap-default\">\n\t\t\t\t\t<div class=\"elementor-column elementor-col-50 elementor-top-column elementor-element elementor-element-30e34da\" data-id=\"30e34da\" data-element_type=\"column\" data-e-type=\"column\">\n\t\t\t<div class=\"elementor-widget-wrap elementor-element-populated\">\n\t\t\t\t\t\t<div class=\"elementor-element elementor-element-ba2c0d0 elementor-widget elementor-widget-html\" data-id=\"ba2c0d0\" data-element_type=\"widget\" data-e-type=\"widget\" data-widget_type=\"html.default\">\n\t\t\t\t<div class=\"elementor-widget-container\">\n\t\t\t\t\t<a href=\"https:\/\/www.medespoir.fr\/es\/presupuesto\/\" class=\"main__btn blue\"><span>Presupuesto gratuito<\/span><\/a>\t\t\t\t<\/div>\n\t\t\t\t<\/div>\n\t\t\t\t\t<\/div>\n\t\t<\/div>\n\t\t\t\t<div class=\"elementor-column elementor-col-50 elementor-top-column elementor-element elementor-element-a3d1845\" data-id=\"a3d1845\" data-element_type=\"column\" data-e-type=\"column\">\n\t\t\t<div class=\"elementor-widget-wrap\">\n\t\t\t\t\t\t\t<\/div>\n\t\t<\/div>\n\t\t\t\t\t<\/div>\n\t\t<\/section>\n\t\t\t\t<\/div>\n\t\t","protected":false},"excerpt":{"rendered":"<p>La gingivectom\u00eda es un sencillo procedimiento de cirug\u00eda dental est\u00e9tica que elimina las enc\u00edas de los dientes sobrantes para reflejar [&hellip;]<\/p>\n","protected":false},"author":2,"featured_media":21040,"parent":0,"menu_order":7,"comment_status":"closed","ping_status":"closed","template":"","meta":{"footnotes":""},"class_list":["post-25452","page","type-page","status-publish","has-post-thumbnail","hentry"],"yoast_head":"<!-- This site is optimized with the Yoast SEO plugin v27.5 - https:\/\/yoast.com\/product\/yoast-seo-wordpress\/ -->\n<title>Gingivectom\u00eda T\u00fanez : Gingivoplastia baratos T\u00fanez<\/title>\n<meta name=\"description\" content=\"Gingivectom\u00eda T\u00fanez: Aprovecha nuestros precios baratos para gingivectom\u00eda T\u00fanez. Gingivoplastia para eliminar la sonrisa gingival con l\u00e1ser,\" \/>\n<meta name=\"robots\" content=\"index, follow, max-snippet:-1, max-image-preview:large, max-video-preview:-1\" \/>\n<link rel=\"canonical\" href=\"https:\/\/www.medespoir.fr\/es\/gingivectomia\/\" \/>\n<meta name=\"twitter:label1\" content=\"Tiempo de lectura\" \/>\n\t<meta name=\"twitter:data1\" content=\"2 minutos\" \/>\n<script type=\"application\/ld+json\" class=\"yoast-schema-graph\">{\"@context\":\"https:\\\/\\\/schema.org\",\"@graph\":[{\"@type\":\"WebPage\",\"@id\":\"https:\\\/\\\/www.medespoir.fr\\\/es\\\/gingivectomia\\\/\",\"url\":\"https:\\\/\\\/www.medespoir.fr\\\/es\\\/gingivectomia\\\/\",\"name\":\"Gingivectom\u00eda T\u00fanez : Gingivoplastia baratos T\u00fanez\",\"isPartOf\":{\"@id\":\"https:\\\/\\\/www.medespoir.fr\\\/es\\\/#website\"},\"primaryImageOfPage\":{\"@id\":\"https:\\\/\\\/www.medespoir.fr\\\/es\\\/gingivectomia\\\/#primaryimage\"},\"image\":{\"@id\":\"https:\\\/\\\/www.medespoir.fr\\\/es\\\/gingivectomia\\\/#primaryimage\"},\"thumbnailUrl\":\"https:\\\/\\\/www.medespoir.fr\\\/wp-content\\\/uploads\\\/2021\\\/11\\\/header-dentaire.jpg\",\"datePublished\":\"2018-01-31T08:22:59+00:00\",\"dateModified\":\"2022-12-20T13:05:46+00:00\",\"description\":\"Gingivectom\u00eda T\u00fanez: Aprovecha nuestros precios baratos para gingivectom\u00eda T\u00fanez. Gingivoplastia para eliminar la sonrisa gingival con l\u00e1ser,\",\"breadcrumb\":{\"@id\":\"https:\\\/\\\/www.medespoir.fr\\\/es\\\/gingivectomia\\\/#breadcrumb\"},\"inLanguage\":\"es\",\"potentialAction\":[{\"@type\":\"ReadAction\",\"target\":[\"https:\\\/\\\/www.medespoir.fr\\\/es\\\/gingivectomia\\\/\"]}]},{\"@type\":\"ImageObject\",\"inLanguage\":\"es\",\"@id\":\"https:\\\/\\\/www.medespoir.fr\\\/es\\\/gingivectomia\\\/#primaryimage\",\"url\":\"https:\\\/\\\/www.medespoir.fr\\\/wp-content\\\/uploads\\\/2021\\\/11\\\/header-dentaire.jpg\",\"contentUrl\":\"https:\\\/\\\/www.medespoir.fr\\\/wp-content\\\/uploads\\\/2021\\\/11\\\/header-dentaire.jpg\",\"width\":1928,\"height\":479},{\"@type\":\"BreadcrumbList\",\"@id\":\"https:\\\/\\\/www.medespoir.fr\\\/es\\\/gingivectomia\\\/#breadcrumb\",\"itemListElement\":[{\"@type\":\"ListItem\",\"position\":1,\"name\":\"Accueil\",\"item\":\"https:\\\/\\\/www.medespoir.fr\\\/es\\\/\"},{\"@type\":\"ListItem\",\"position\":2,\"name\":\"Gingivectom\u00eda en T\u00fanez: dientes bien proporcionados a bajo coste\"}]},{\"@type\":\"WebSite\",\"@id\":\"https:\\\/\\\/www.medespoir.fr\\\/es\\\/#website\",\"url\":\"https:\\\/\\\/www.medespoir.fr\\\/es\\\/\",\"name\":\"Medespoir France\",\"description\":\"Chirurgie esthetique Tunisie\",\"publisher\":{\"@id\":\"https:\\\/\\\/www.medespoir.fr\\\/es\\\/#organization\"},\"potentialAction\":[{\"@type\":\"SearchAction\",\"target\":{\"@type\":\"EntryPoint\",\"urlTemplate\":\"https:\\\/\\\/www.medespoir.fr\\\/es\\\/?s={search_term_string}\"},\"query-input\":{\"@type\":\"PropertyValueSpecification\",\"valueRequired\":true,\"valueName\":\"search_term_string\"}}],\"inLanguage\":\"es\"},{\"@type\":\"Organization\",\"@id\":\"https:\\\/\\\/www.medespoir.fr\\\/es\\\/#organization\",\"name\":\"Medespoir France\",\"url\":\"https:\\\/\\\/www.medespoir.fr\\\/es\\\/\",\"logo\":{\"@type\":\"ImageObject\",\"inLanguage\":\"es\",\"@id\":\"https:\\\/\\\/www.medespoir.fr\\\/es\\\/#\\\/schema\\\/logo\\\/image\\\/\",\"url\":\"https:\\\/\\\/www.medespoir.fr\\\/wp-content\\\/uploads\\\/2021\\\/10\\\/cropped-logo__medespoirFR.png\",\"contentUrl\":\"https:\\\/\\\/www.medespoir.fr\\\/wp-content\\\/uploads\\\/2021\\\/10\\\/cropped-logo__medespoirFR.png\",\"width\":150,\"height\":62,\"caption\":\"Medespoir France\"},\"image\":{\"@id\":\"https:\\\/\\\/www.medespoir.fr\\\/es\\\/#\\\/schema\\\/logo\\\/image\\\/\"},\"sameAs\":[\"https:\\\/\\\/www.facebook.com\\\/MedEspoirFr\",\"https:\\\/\\\/x.com\\\/MedEspoirTN\"]}]}<\/script>\n<!-- \/ Yoast SEO plugin. -->","yoast_head_json":{"title":"Gingivectom\u00eda T\u00fanez : Gingivoplastia baratos T\u00fanez","description":"Gingivectom\u00eda T\u00fanez: Aprovecha nuestros precios baratos para gingivectom\u00eda T\u00fanez. Gingivoplastia para eliminar la sonrisa gingival con l\u00e1ser,","robots":{"index":"index","follow":"follow","max-snippet":"max-snippet:-1","max-image-preview":"max-image-preview:large","max-video-preview":"max-video-preview:-1"},"canonical":"https:\/\/www.medespoir.fr\/es\/gingivectomia\/","twitter_misc":{"Tiempo de lectura":"2 minutos"},"schema":{"@context":"https:\/\/schema.org","@graph":[{"@type":"WebPage","@id":"https:\/\/www.medespoir.fr\/es\/gingivectomia\/","url":"https:\/\/www.medespoir.fr\/es\/gingivectomia\/","name":"Gingivectom\u00eda T\u00fanez : Gingivoplastia baratos T\u00fanez","isPartOf":{"@id":"https:\/\/www.medespoir.fr\/es\/#website"},"primaryImageOfPage":{"@id":"https:\/\/www.medespoir.fr\/es\/gingivectomia\/#primaryimage"},"image":{"@id":"https:\/\/www.medespoir.fr\/es\/gingivectomia\/#primaryimage"},"thumbnailUrl":"https:\/\/www.medespoir.fr\/wp-content\/uploads\/2021\/11\/header-dentaire.jpg","datePublished":"2018-01-31T08:22:59+00:00","dateModified":"2022-12-20T13:05:46+00:00","description":"Gingivectom\u00eda T\u00fanez: Aprovecha nuestros precios baratos para gingivectom\u00eda T\u00fanez. Gingivoplastia para eliminar la sonrisa gingival con l\u00e1ser,","breadcrumb":{"@id":"https:\/\/www.medespoir.fr\/es\/gingivectomia\/#breadcrumb"},"inLanguage":"es","potentialAction":[{"@type":"ReadAction","target":["https:\/\/www.medespoir.fr\/es\/gingivectomia\/"]}]},{"@type":"ImageObject","inLanguage":"es","@id":"https:\/\/www.medespoir.fr\/es\/gingivectomia\/#primaryimage","url":"https:\/\/www.medespoir.fr\/wp-content\/uploads\/2021\/11\/header-dentaire.jpg","contentUrl":"https:\/\/www.medespoir.fr\/wp-content\/uploads\/2021\/11\/header-dentaire.jpg","width":1928,"height":479},{"@type":"BreadcrumbList","@id":"https:\/\/www.medespoir.fr\/es\/gingivectomia\/#breadcrumb","itemListElement":[{"@type":"ListItem","position":1,"name":"Accueil","item":"https:\/\/www.medespoir.fr\/es\/"},{"@type":"ListItem","position":2,"name":"Gingivectom\u00eda en T\u00fanez: dientes bien proporcionados a bajo coste"}]},{"@type":"WebSite","@id":"https:\/\/www.medespoir.fr\/es\/#website","url":"https:\/\/www.medespoir.fr\/es\/","name":"Medespoir France","description":"Chirurgie esthetique Tunisie","publisher":{"@id":"https:\/\/www.medespoir.fr\/es\/#organization"},"potentialAction":[{"@type":"SearchAction","target":{"@type":"EntryPoint","urlTemplate":"https:\/\/www.medespoir.fr\/es\/?s={search_term_string}"},"query-input":{"@type":"PropertyValueSpecification","valueRequired":true,"valueName":"search_term_string"}}],"inLanguage":"es"},{"@type":"Organization","@id":"https:\/\/www.medespoir.fr\/es\/#organization","name":"Medespoir France","url":"https:\/\/www.medespoir.fr\/es\/","logo":{"@type":"ImageObject","inLanguage":"es","@id":"https:\/\/www.medespoir.fr\/es\/#\/schema\/logo\/image\/","url":"https:\/\/www.medespoir.fr\/wp-content\/uploads\/2021\/10\/cropped-logo__medespoirFR.png","contentUrl":"https:\/\/www.medespoir.fr\/wp-content\/uploads\/2021\/10\/cropped-logo__medespoirFR.png","width":150,"height":62,"caption":"Medespoir France"},"image":{"@id":"https:\/\/www.medespoir.fr\/es\/#\/schema\/logo\/image\/"},"sameAs":["https:\/\/www.facebook.com\/MedEspoirFr","https:\/\/x.com\/MedEspoirTN"]}]}},"_links":{"self":[{"href":"https:\/\/www.medespoir.fr\/es\/wp-json\/wp\/v2\/pages\/25452","targetHints":{"allow":["GET"]}}],"collection":[{"href":"https:\/\/www.medespoir.fr\/es\/wp-json\/wp\/v2\/pages"}],"about":[{"href":"https:\/\/www.medespoir.fr\/es\/wp-json\/wp\/v2\/types\/page"}],"author":[{"embeddable":true,"href":"https:\/\/www.medespoir.fr\/es\/wp-json\/wp\/v2\/users\/2"}],"replies":[{"embeddable":true,"href":"https:\/\/www.medespoir.fr\/es\/wp-json\/wp\/v2\/comments?post=25452"}],"version-history":[{"count":0,"href":"https:\/\/www.medespoir.fr\/es\/wp-json\/wp\/v2\/pages\/25452\/revisions"}],"wp:featuredmedia":[{"embeddable":true,"href":"https:\/\/www.medespoir.fr\/es\/wp-json\/wp\/v2\/media\/21040"}],"wp:attachment":[{"href":"https:\/\/www.medespoir.fr\/es\/wp-json\/wp\/v2\/media?parent=25452"}],"curies":[{"name":"wp","href":"https:\/\/api.w.org\/{rel}","templated":true}]}}