{"id":25395,"date":"2018-01-30T09:18:05","date_gmt":"2018-01-30T08:18:05","guid":{"rendered":"https:\/\/www.medespoir.fr\/penoplastia-en-tunez-alargamiento-de-pene-barato\/"},"modified":"2022-12-20T14:01:37","modified_gmt":"2022-12-20T13:01:37","slug":"penoplastia","status":"publish","type":"page","link":"https:\/\/www.medespoir.fr\/es\/penoplastia\/","title":{"rendered":"Penoplastia en T\u00fanez: alargamiento de pene barato"},"content":{"rendered":"\t\t<div data-elementor-type=\"wp-page\" data-elementor-id=\"25395\" class=\"elementor elementor-25395\">\n\t\t\t\t\t\t<section class=\"elementor-section elementor-top-section elementor-element elementor-element-97fb8d9 elementor-section-boxed elementor-section-height-default elementor-section-height-default\" data-id=\"97fb8d9\" data-element_type=\"section\" data-e-type=\"section\">\n\t\t\t\t\t\t<div class=\"elementor-container elementor-column-gap-default\">\n\t\t\t\t\t<div class=\"elementor-column elementor-col-66 elementor-top-column elementor-element elementor-element-da1d839\" data-id=\"da1d839\" data-element_type=\"column\" data-e-type=\"column\">\n\t\t\t<div class=\"elementor-widget-wrap elementor-element-populated\">\n\t\t\t\t\t\t<div class=\"elementor-element elementor-element-fa02532 elementor-widget elementor-widget-text-editor\" data-id=\"fa02532\" data-element_type=\"widget\" data-e-type=\"widget\" data-widget_type=\"text-editor.default\">\n\t\t\t\t<div class=\"elementor-widget-container\">\n\t\t\t\t\t\t\t\t\t<p>Es en Estados Unidos, en California y Florida, donde <strong>la penoplastia est\u00e9tica<\/strong> ha despegado. Hoy en d\u00eda se piden muchas <strong>penoplastia en T\u00fanez<\/strong> por una base de pacientes extranjeros que, gracias a la experiencia tunecina en materia de <strong>cirug\u00eda pl\u00e1stica<\/strong>Para que sus cirujanos dispongan de las competencias y cualificaciones quir\u00fargicas necesarias en este \u00e1mbito, la Comisi\u00f3n desea <em>aumentar el tama\u00f1o del pene<\/em> para acabar con el s\u00edndrome del vestuario.<br \/>La fenoplastia se refiere a la cirug\u00eda de aumento o<strong>alargamiento del pene<\/strong>. Puede realizarse mediante la t\u00e9cnica de alargamiento por desinserci\u00f3n del ligamento suspensorio, as\u00ed como mediante la t\u00e9cnica de alargamiento del pene por inyecci\u00f3n de tejido graso o \u00e1cido hialur\u00f3nico.<\/p><h2>Precio de la penoplastia en T\u00fanez<\/h2><p>Para tener una idea precisa del <strong>precio de la penoplastia en T\u00fanez<\/strong>, es aconsejable<a href=\"https:\/\/www.medespoir.fr\/es\/presupuesto\/\">solicitar un presupuesto online<\/a>. Porque el precio se fijar\u00e1 teniendo en cuenta si se trata de un alargamiento o de un alargamiento del pene, o de ambas cosas. El importe de la intervenci\u00f3n permite al paciente beneficiarse de varios d\u00edas de alojamiento en un hotel de lujo.<\/p>\t\t\t\t\t\t\t\t<\/div>\n\t\t\t\t<\/div>\n\t\t\t\t\t<\/div>\n\t\t<\/div>\n\t\t\t\t<div class=\"elementor-column elementor-col-33 elementor-top-column elementor-element elementor-element-d1d9833\" data-id=\"d1d9833\" data-element_type=\"column\" data-e-type=\"column\">\n\t\t\t<div class=\"elementor-widget-wrap elementor-element-populated\">\n\t\t\t\t\t\t<div class=\"elementor-element elementor-element-37cf3ae elementor-widget elementor-widget-text-editor\" data-id=\"37cf3ae\" data-element_type=\"widget\" data-e-type=\"widget\" data-widget_type=\"text-editor.default\">\n\t\t\t\t<div class=\"elementor-widget-container\">\n\t\t\t\t\t\t\t\t\t<p><img decoding=\"async\" class=\"alignright\" src=\"https:\/\/www.medespoir.fr\/wp-content\/uploads\/2021\/11\/penoplastie-tunisie.jpg\" alt=\"penoplastia T\u00fanez\"><\/p>\n\t\t\t\t\t\t\t\t<\/div>\n\t\t\t\t<\/div>\n\t\t\t\t\t<\/div>\n\t\t<\/div>\n\t\t\t\t\t<\/div>\n\t\t<\/section>\n\t\t\t\t<section class=\"elementor-section elementor-top-section elementor-element elementor-element-028ddd7 elementor-section-boxed elementor-section-height-default elementor-section-height-default\" data-id=\"028ddd7\" data-element_type=\"section\" data-e-type=\"section\" id=\"bg-devis-express\">\n\t\t\t\t\t\t<div class=\"elementor-container elementor-column-gap-default\">\n\t\t\t\t\t<div class=\"elementor-column elementor-col-100 elementor-top-column elementor-element elementor-element-8b85bc3\" data-id=\"8b85bc3\" data-element_type=\"column\" data-e-type=\"column\">\n\t\t\t<div class=\"elementor-widget-wrap elementor-element-populated\">\n\t\t\t\t\t\t<div class=\"elementor-element elementor-element-fbc986e elementor-widget elementor-widget-text-editor\" data-id=\"fbc986e\" data-element_type=\"widget\" data-e-type=\"widget\" data-widget_type=\"text-editor.default\">\n\t\t\t\t<div class=\"elementor-widget-container\">\n\t\t\t\t\t\t\t\t\t<style>\r\n\tbody.home #main-form h2 {\r\n   display:none;\r\n}\r\n<\/style>\r\n<h2 style=\"text-align: center;font-weight: bold;\">Presupuesto r\u00e1pido gratuito<\/h2>\r\n<iframe src=\"https:\/\/app.metocrm.com\/web-forms\/e1cab5bd-ef56-4a37-aa71-4857d931f368\"  height=\"700px\" width=\"100%\"  frameborder=\"0\"><\/iframe>\t\t\t\t\t\t\t\t<\/div>\n\t\t\t\t<\/div>\n\t\t\t\t\t<\/div>\n\t\t<\/div>\n\t\t\t\t\t<\/div>\n\t\t<\/section>\n\t\t\t\t<section class=\"elementor-section elementor-top-section elementor-element elementor-element-68e791b elementor-section-boxed elementor-section-height-default elementor-section-height-default\" data-id=\"68e791b\" data-element_type=\"section\" data-e-type=\"section\">\n\t\t\t\t\t\t<div class=\"elementor-container elementor-column-gap-default\">\n\t\t\t\t\t<div class=\"elementor-column elementor-col-100 elementor-top-column elementor-element elementor-element-e6d13ff\" data-id=\"e6d13ff\" data-element_type=\"column\" data-e-type=\"column\">\n\t\t\t<div class=\"elementor-widget-wrap elementor-element-populated\">\n\t\t\t\t\t\t<div class=\"elementor-element elementor-element-277f2ba elementor-widget elementor-widget-text-editor\" data-id=\"277f2ba\" data-element_type=\"widget\" data-e-type=\"widget\" data-widget_type=\"text-editor.default\">\n\t\t\t\t<div class=\"elementor-widget-container\">\n\t\t\t\t\t\t\t\t\t<h2>Procedimiento de la penoplastia<\/h2>\nPara una faloplastia, se pueden utilizar varias t\u00e9cnicas para lograr el resultado deseado.\n\n\t\t\t\t\t\t\t\t<\/div>\n\t\t\t\t<\/div>\n\t\t\t\t<div class=\"elementor-element elementor-element-7fe09a6 elementor-widget elementor-widget-text-editor\" data-id=\"7fe09a6\" data-element_type=\"widget\" data-e-type=\"widget\" data-widget_type=\"text-editor.default\">\n\t\t\t\t<div class=\"elementor-widget-container\">\n\t\t\t\t\t\t\t\t\t<p>Por ejemplo, la <strong>penoplastia m\u00e9dica<\/strong> est\u00e1 indicada para pacientes que desean agrandar el pene sin cirug\u00eda. A continuaci\u00f3n, puede realizarse una penoplastia mediante <a href=\"https:\/\/www.medespoir.fr\/es\/inyeccion-acido-botulico\/\">inyecci\u00f3n de \u00e1cido hialur\u00f3nico<\/a>. El procedimiento no requiere incisi\u00f3n ni anestesia.<\/p>\n\t\t\t\t\t\t\t\t<\/div>\n\t\t\t\t<\/div>\n\t\t\t\t<div class=\"elementor-element elementor-element-5d3b9b1 elementor-widget elementor-widget-text-editor\" data-id=\"5d3b9b1\" data-element_type=\"widget\" data-e-type=\"widget\" data-widget_type=\"text-editor.default\">\n\t\t\t\t<div class=\"elementor-widget-container\">\n\t\t\t\t\t\t\t\t\tLa inyecci\u00f3n de \u00e1cido hialur\u00f3nico ensancha y alarga el pene, adem\u00e1s de ayudar a engrosar el glande.\n\n\t\t\t\t\t\t\t\t<\/div>\n\t\t\t\t<\/div>\n\t\t\t\t<div class=\"elementor-element elementor-element-fe91fbe elementor-widget elementor-widget-text-editor\" data-id=\"fe91fbe\" data-element_type=\"widget\" data-e-type=\"widget\" data-widget_type=\"text-editor.default\">\n\t\t\t\t<div class=\"elementor-widget-container\">\n\t\t\t\t\t\t\t\t\t<p>Para realizar este procedimiento, se desinfecta el pene y se aplica una crema anest\u00e9sica. La inyecci\u00f3n de \u00e1cido hialur\u00f3nico para el<strong>aumento del pene<\/strong> se realiza en 30 minutos. La inyecci\u00f3n se realiza con una c\u00e1nula fina y atraum\u00e1tica en el surco balanoprepucial. La t\u00e9cnica de inyecci\u00f3n es la misma que para <strong>el lipofilling peneal<\/strong>.<\/p>\n\t\t\t\t\t\t\t\t<\/div>\n\t\t\t\t<\/div>\n\t\t\t\t\t<\/div>\n\t\t<\/div>\n\t\t\t\t\t<\/div>\n\t\t<\/section>\n\t\t\t\t<section class=\"elementor-section elementor-top-section elementor-element elementor-element-1691b70 elementor-section-boxed elementor-section-height-default elementor-section-height-default\" data-id=\"1691b70\" data-element_type=\"section\" data-e-type=\"section\">\n\t\t\t\t\t\t<div class=\"elementor-container elementor-column-gap-default\">\n\t\t\t\t\t<div class=\"elementor-column elementor-col-100 elementor-top-column elementor-element elementor-element-ef1ee94\" data-id=\"ef1ee94\" data-element_type=\"column\" data-e-type=\"column\">\n\t\t\t<div class=\"elementor-widget-wrap elementor-element-populated\">\n\t\t\t\t\t\t<div class=\"elementor-element elementor-element-90ce1a2 elementor-widget elementor-widget-text-editor\" data-id=\"90ce1a2\" data-element_type=\"widget\" data-e-type=\"widget\" data-widget_type=\"text-editor.default\">\n\t\t\t\t<div class=\"elementor-widget-container\">\n\t\t\t\t\t\t\t\t\t<h2>Penoplastia postoperatoria<\/h2>\nSuelen ser muy sencillos. Si se trata de las secuelas de una penoplastia m\u00e9dica, el paciente puede esperar una hinchaz\u00f3n leve e indolora. Por tanto, puede volver al trabajo en cuanto termine la operaci\u00f3n. No se prescribe el cese de las actividades f\u00edsicas y deportivas. Puede mantener relaciones sexuales despu\u00e9s de 48 horas.\n\n\t\t\t\t\t\t\t\t<\/div>\n\t\t\t\t<\/div>\n\t\t\t\t<div class=\"elementor-element elementor-element-2d324c1 elementor-widget elementor-widget-text-editor\" data-id=\"2d324c1\" data-element_type=\"widget\" data-e-type=\"widget\" data-widget_type=\"text-editor.default\">\n\t\t\t\t<div class=\"elementor-widget-container\">\n\t\t\t\t\t\t\t\t\t<p>Las secuelas de una penoplastia tambi\u00e9n est\u00e1n marcadas, en el caso del aumento de pene mediante inyecci\u00f3n de \u00e1cido hialur\u00f3nico, por un edema indoloro, enrojecimiento localizado en las zonas inyectadas. Tambi\u00e9n puede observarse supuraci\u00f3n del \u00e1cido hialur\u00f3nico inyectado, pero este caso, aunque poco frecuente, no supera los 3 d\u00edas. Si aparecen n\u00f3dulos duros, se reabsorben con hialuronidosa.<\/p>\n\t\t\t\t\t\t\t\t<\/div>\n\t\t\t\t<\/div>\n\t\t\t\t\t<\/div>\n\t\t<\/div>\n\t\t\t\t\t<\/div>\n\t\t<\/section>\n\t\t\t\t<section class=\"elementor-section elementor-top-section elementor-element elementor-element-4529d750 elementor-section-boxed elementor-section-height-default elementor-section-height-default\" data-id=\"4529d750\" data-element_type=\"section\" data-e-type=\"section\">\n\t\t\t\t\t\t<div class=\"elementor-container elementor-column-gap-default\">\n\t\t\t\t\t<div class=\"elementor-column elementor-col-100 elementor-top-column elementor-element elementor-element-638e0e85\" data-id=\"638e0e85\" data-element_type=\"column\" data-e-type=\"column\">\n\t\t\t<div class=\"elementor-widget-wrap elementor-element-populated\">\n\t\t\t\t\t\t<div class=\"elementor-element elementor-element-4cbad2fc elementor-widget elementor-widget-text-editor\" data-id=\"4cbad2fc\" data-element_type=\"widget\" data-e-type=\"widget\" data-widget_type=\"text-editor.default\">\n\t\t\t\t<div class=\"elementor-widget-container\">\n\t\t\t\t\t\t\t\t\t<h2>Resultados de la penoplastia<\/h2>\nEl paciente ya puede apreciar un 30% del resultado del aumento de pene al final de la intervenci\u00f3n. Al cabo de 1 o 2 d\u00edas, podr\u00e1 observar el 70% restante del resultado. No se puede esperar un resultado \u00f3ptimo hasta pasadas unas 6 semanas.\n\n\t\t\t\t\t\t\t\t<\/div>\n\t\t\t\t<\/div>\n\t\t\t\t<div class=\"elementor-element elementor-element-f93960c elementor-widget elementor-widget-text-editor\" data-id=\"f93960c\" data-element_type=\"widget\" data-e-type=\"widget\" data-widget_type=\"text-editor.default\">\n\t\t\t\t<div class=\"elementor-widget-container\">\n\t\t\t\t\t\t\t\t\tPuede esperar unos 3 cm m\u00e1s de grosor del pene, tanto en reposo como en erecci\u00f3n, y un alargamiento de 2 cm. En el glande, puede llegar a ser 1 cm m\u00e1s grueso.\n\n\t\t\t\t\t\t\t\t<\/div>\n\t\t\t\t<\/div>\n\t\t\t\t<div class=\"elementor-element elementor-element-49c71e5 elementor-widget elementor-widget-text-editor\" data-id=\"49c71e5\" data-element_type=\"widget\" data-e-type=\"widget\" data-widget_type=\"text-editor.default\">\n\t\t\t\t<div class=\"elementor-widget-container\">\n\t\t\t\t\t\t\t\t\tUna penoplastia m\u00e9dica no tiene ning\u00fan impacto negativo en las funciones libidinales, er\u00e9ctiles o reproductivas del paciente. Por el contrario, incluso se ha informado de que regula el problema de la eyaculaci\u00f3n precoz en algunos hombres.\n\n\t\t\t\t\t\t\t\t<\/div>\n\t\t\t\t<\/div>\n\t\t\t\t<div class=\"elementor-element elementor-element-d53e6ab elementor-widget elementor-widget-text-editor\" data-id=\"d53e6ab\" data-element_type=\"widget\" data-e-type=\"widget\" data-widget_type=\"text-editor.default\">\n\t\t\t\t<div class=\"elementor-widget-container\">\n\t\t\t\t\t\t\t\t\tEl resultado se nota a las 24 horas. El 30% se realiza en el momento del alta de la cl\u00ednica, y el 70% al d\u00eda siguiente. Si se produce hinchaz\u00f3n, \u00e9sta remitir\u00e1 al cabo de 15 d\u00edas. El resultado final se aprecia al cabo de 2 semanas. El tama\u00f1o y el volumen del pene son m\u00e1s importantes. El paciente puede aumentar el di\u00e1metro de su pene en 6 cm si se somete a varias sesiones.\n\n\t\t\t\t\t\t\t\t<\/div>\n\t\t\t\t<\/div>\n\t\t\t\t<div class=\"elementor-element elementor-element-642beec elementor-widget elementor-widget-text-editor\" data-id=\"642beec\" data-element_type=\"widget\" data-e-type=\"widget\" data-widget_type=\"text-editor.default\">\n\t\t\t\t<div class=\"elementor-widget-container\">\n\t\t\t\t\t\t\t\t\t<p>Se espera una disminuci\u00f3n de los resultados de al menos un 20% al cabo de 1 \u00f3 2 a\u00f1os. S\u00f3lo quedar\u00e1 el 80% del producto inyectado. Si se aumenta el n\u00famero de inyecciones, el \u00e1cido hialur\u00f3nico tiende a absorberse menos.<\/p>\n\t\t\t\t\t\t\t\t<\/div>\n\t\t\t\t<\/div>\n\t\t\t\t\t<\/div>\n\t\t<\/div>\n\t\t\t\t\t<\/div>\n\t\t<\/section>\n\t\t\t\t<section class=\"elementor-section elementor-top-section elementor-element elementor-element-9fa8cd0 elementor-section-boxed elementor-section-height-default elementor-section-height-default\" data-id=\"9fa8cd0\" data-element_type=\"section\" data-e-type=\"section\">\n\t\t\t\t\t\t<div class=\"elementor-container elementor-column-gap-default\">\n\t\t\t\t\t<div class=\"elementor-column elementor-col-50 elementor-top-column elementor-element elementor-element-ba98829\" data-id=\"ba98829\" data-element_type=\"column\" data-e-type=\"column\">\n\t\t\t<div class=\"elementor-widget-wrap elementor-element-populated\">\n\t\t\t\t\t\t<div class=\"elementor-element elementor-element-402e38c elementor-widget elementor-widget-html\" data-id=\"402e38c\" data-element_type=\"widget\" data-e-type=\"widget\" data-widget_type=\"html.default\">\n\t\t\t\t<div class=\"elementor-widget-container\">\n\t\t\t\t\t<a href=\"https:\/\/www.medespoir.fr\/es\/presupuesto\/\" class=\"main__btn blue\"><span>Presupuesto gratuito<\/span><\/a>\t\t\t\t<\/div>\n\t\t\t\t<\/div>\n\t\t\t\t\t<\/div>\n\t\t<\/div>\n\t\t\t\t<div class=\"elementor-column elementor-col-50 elementor-top-column elementor-element elementor-element-2efc85a\" data-id=\"2efc85a\" data-element_type=\"column\" data-e-type=\"column\">\n\t\t\t<div class=\"elementor-widget-wrap\">\n\t\t\t\t\t\t\t<\/div>\n\t\t<\/div>\n\t\t\t\t\t<\/div>\n\t\t<\/section>\n\t\t\t\t<\/div>\n\t\t","protected":false},"excerpt":{"rendered":"<p>Es en Estados Unidos, en California y Florida, donde la penoplastia est\u00e9tica ha despegado. Hoy en d\u00eda se piden muchas [&hellip;]<\/p>\n","protected":false},"author":2,"featured_media":21247,"parent":0,"menu_order":5,"comment_status":"closed","ping_status":"closed","template":"","meta":{"footnotes":""},"class_list":["post-25395","page","type-page","status-publish","has-post-thumbnail","hentry"],"yoast_head":"<!-- This site is optimized with the Yoast SEO plugin v27.4 - https:\/\/yoast.com\/product\/yoast-seo-wordpress\/ -->\n<title>Penoplastia T\u00fanez : Precio alargamiento de pene<\/title>\n<meta name=\"description\" content=\"Penoplastia barata en T\u00fanez con Medespoir France. cirug\u00eda \u00edntima masculina de alargamiento y alargamiento del pene.\" \/>\n<meta name=\"robots\" content=\"index, follow, max-snippet:-1, max-image-preview:large, max-video-preview:-1\" \/>\n<link rel=\"canonical\" href=\"https:\/\/www.medespoir.fr\/es\/penoplastia\/\" \/>\n<meta name=\"twitter:label1\" content=\"Tiempo de lectura\" \/>\n\t<meta name=\"twitter:data1\" content=\"4 minutos\" \/>\n<script type=\"application\/ld+json\" class=\"yoast-schema-graph\">{\"@context\":\"https:\\\/\\\/schema.org\",\"@graph\":[{\"@type\":\"WebPage\",\"@id\":\"https:\\\/\\\/www.medespoir.fr\\\/es\\\/penoplastia\\\/\",\"url\":\"https:\\\/\\\/www.medespoir.fr\\\/es\\\/penoplastia\\\/\",\"name\":\"Penoplastia T\u00fanez : Precio alargamiento de pene\",\"isPartOf\":{\"@id\":\"https:\\\/\\\/www.medespoir.fr\\\/es\\\/#website\"},\"primaryImageOfPage\":{\"@id\":\"https:\\\/\\\/www.medespoir.fr\\\/es\\\/penoplastia\\\/#primaryimage\"},\"image\":{\"@id\":\"https:\\\/\\\/www.medespoir.fr\\\/es\\\/penoplastia\\\/#primaryimage\"},\"thumbnailUrl\":\"https:\\\/\\\/www.medespoir.fr\\\/wp-content\\\/uploads\\\/2021\\\/11\\\/header-homme.jpg\",\"datePublished\":\"2018-01-30T08:18:05+00:00\",\"dateModified\":\"2022-12-20T13:01:37+00:00\",\"description\":\"Penoplastia barata en T\u00fanez con Medespoir France. cirug\u00eda \u00edntima masculina de alargamiento y alargamiento del pene.\",\"breadcrumb\":{\"@id\":\"https:\\\/\\\/www.medespoir.fr\\\/es\\\/penoplastia\\\/#breadcrumb\"},\"inLanguage\":\"es\",\"potentialAction\":[{\"@type\":\"ReadAction\",\"target\":[\"https:\\\/\\\/www.medespoir.fr\\\/es\\\/penoplastia\\\/\"]}]},{\"@type\":\"ImageObject\",\"inLanguage\":\"es\",\"@id\":\"https:\\\/\\\/www.medespoir.fr\\\/es\\\/penoplastia\\\/#primaryimage\",\"url\":\"https:\\\/\\\/www.medespoir.fr\\\/wp-content\\\/uploads\\\/2021\\\/11\\\/header-homme.jpg\",\"contentUrl\":\"https:\\\/\\\/www.medespoir.fr\\\/wp-content\\\/uploads\\\/2021\\\/11\\\/header-homme.jpg\",\"width\":1928,\"height\":479},{\"@type\":\"BreadcrumbList\",\"@id\":\"https:\\\/\\\/www.medespoir.fr\\\/es\\\/penoplastia\\\/#breadcrumb\",\"itemListElement\":[{\"@type\":\"ListItem\",\"position\":1,\"name\":\"Accueil\",\"item\":\"https:\\\/\\\/www.medespoir.fr\\\/es\\\/\"},{\"@type\":\"ListItem\",\"position\":2,\"name\":\"Penoplastia en T\u00fanez: alargamiento de pene barato\"}]},{\"@type\":\"WebSite\",\"@id\":\"https:\\\/\\\/www.medespoir.fr\\\/es\\\/#website\",\"url\":\"https:\\\/\\\/www.medespoir.fr\\\/es\\\/\",\"name\":\"Medespoir France\",\"description\":\"Chirurgie esthetique Tunisie\",\"publisher\":{\"@id\":\"https:\\\/\\\/www.medespoir.fr\\\/es\\\/#organization\"},\"potentialAction\":[{\"@type\":\"SearchAction\",\"target\":{\"@type\":\"EntryPoint\",\"urlTemplate\":\"https:\\\/\\\/www.medespoir.fr\\\/es\\\/?s={search_term_string}\"},\"query-input\":{\"@type\":\"PropertyValueSpecification\",\"valueRequired\":true,\"valueName\":\"search_term_string\"}}],\"inLanguage\":\"es\"},{\"@type\":\"Organization\",\"@id\":\"https:\\\/\\\/www.medespoir.fr\\\/es\\\/#organization\",\"name\":\"Medespoir France\",\"url\":\"https:\\\/\\\/www.medespoir.fr\\\/es\\\/\",\"logo\":{\"@type\":\"ImageObject\",\"inLanguage\":\"es\",\"@id\":\"https:\\\/\\\/www.medespoir.fr\\\/es\\\/#\\\/schema\\\/logo\\\/image\\\/\",\"url\":\"https:\\\/\\\/www.medespoir.fr\\\/wp-content\\\/uploads\\\/2021\\\/10\\\/cropped-logo__medespoirFR.png\",\"contentUrl\":\"https:\\\/\\\/www.medespoir.fr\\\/wp-content\\\/uploads\\\/2021\\\/10\\\/cropped-logo__medespoirFR.png\",\"width\":150,\"height\":62,\"caption\":\"Medespoir France\"},\"image\":{\"@id\":\"https:\\\/\\\/www.medespoir.fr\\\/es\\\/#\\\/schema\\\/logo\\\/image\\\/\"},\"sameAs\":[\"https:\\\/\\\/www.facebook.com\\\/MedEspoirFr\",\"https:\\\/\\\/x.com\\\/MedEspoirTN\"]}]}<\/script>\n<!-- \/ Yoast SEO plugin. -->","yoast_head_json":{"title":"Penoplastia T\u00fanez : Precio alargamiento de pene","description":"Penoplastia barata en T\u00fanez con Medespoir France. cirug\u00eda \u00edntima masculina de alargamiento y alargamiento del pene.","robots":{"index":"index","follow":"follow","max-snippet":"max-snippet:-1","max-image-preview":"max-image-preview:large","max-video-preview":"max-video-preview:-1"},"canonical":"https:\/\/www.medespoir.fr\/es\/penoplastia\/","twitter_misc":{"Tiempo de lectura":"4 minutos"},"schema":{"@context":"https:\/\/schema.org","@graph":[{"@type":"WebPage","@id":"https:\/\/www.medespoir.fr\/es\/penoplastia\/","url":"https:\/\/www.medespoir.fr\/es\/penoplastia\/","name":"Penoplastia T\u00fanez : Precio alargamiento de pene","isPartOf":{"@id":"https:\/\/www.medespoir.fr\/es\/#website"},"primaryImageOfPage":{"@id":"https:\/\/www.medespoir.fr\/es\/penoplastia\/#primaryimage"},"image":{"@id":"https:\/\/www.medespoir.fr\/es\/penoplastia\/#primaryimage"},"thumbnailUrl":"https:\/\/www.medespoir.fr\/wp-content\/uploads\/2021\/11\/header-homme.jpg","datePublished":"2018-01-30T08:18:05+00:00","dateModified":"2022-12-20T13:01:37+00:00","description":"Penoplastia barata en T\u00fanez con Medespoir France. cirug\u00eda \u00edntima masculina de alargamiento y alargamiento del pene.","breadcrumb":{"@id":"https:\/\/www.medespoir.fr\/es\/penoplastia\/#breadcrumb"},"inLanguage":"es","potentialAction":[{"@type":"ReadAction","target":["https:\/\/www.medespoir.fr\/es\/penoplastia\/"]}]},{"@type":"ImageObject","inLanguage":"es","@id":"https:\/\/www.medespoir.fr\/es\/penoplastia\/#primaryimage","url":"https:\/\/www.medespoir.fr\/wp-content\/uploads\/2021\/11\/header-homme.jpg","contentUrl":"https:\/\/www.medespoir.fr\/wp-content\/uploads\/2021\/11\/header-homme.jpg","width":1928,"height":479},{"@type":"BreadcrumbList","@id":"https:\/\/www.medespoir.fr\/es\/penoplastia\/#breadcrumb","itemListElement":[{"@type":"ListItem","position":1,"name":"Accueil","item":"https:\/\/www.medespoir.fr\/es\/"},{"@type":"ListItem","position":2,"name":"Penoplastia en T\u00fanez: alargamiento de pene barato"}]},{"@type":"WebSite","@id":"https:\/\/www.medespoir.fr\/es\/#website","url":"https:\/\/www.medespoir.fr\/es\/","name":"Medespoir France","description":"Chirurgie esthetique Tunisie","publisher":{"@id":"https:\/\/www.medespoir.fr\/es\/#organization"},"potentialAction":[{"@type":"SearchAction","target":{"@type":"EntryPoint","urlTemplate":"https:\/\/www.medespoir.fr\/es\/?s={search_term_string}"},"query-input":{"@type":"PropertyValueSpecification","valueRequired":true,"valueName":"search_term_string"}}],"inLanguage":"es"},{"@type":"Organization","@id":"https:\/\/www.medespoir.fr\/es\/#organization","name":"Medespoir France","url":"https:\/\/www.medespoir.fr\/es\/","logo":{"@type":"ImageObject","inLanguage":"es","@id":"https:\/\/www.medespoir.fr\/es\/#\/schema\/logo\/image\/","url":"https:\/\/www.medespoir.fr\/wp-content\/uploads\/2021\/10\/cropped-logo__medespoirFR.png","contentUrl":"https:\/\/www.medespoir.fr\/wp-content\/uploads\/2021\/10\/cropped-logo__medespoirFR.png","width":150,"height":62,"caption":"Medespoir France"},"image":{"@id":"https:\/\/www.medespoir.fr\/es\/#\/schema\/logo\/image\/"},"sameAs":["https:\/\/www.facebook.com\/MedEspoirFr","https:\/\/x.com\/MedEspoirTN"]}]}},"_links":{"self":[{"href":"https:\/\/www.medespoir.fr\/es\/wp-json\/wp\/v2\/pages\/25395","targetHints":{"allow":["GET"]}}],"collection":[{"href":"https:\/\/www.medespoir.fr\/es\/wp-json\/wp\/v2\/pages"}],"about":[{"href":"https:\/\/www.medespoir.fr\/es\/wp-json\/wp\/v2\/types\/page"}],"author":[{"embeddable":true,"href":"https:\/\/www.medespoir.fr\/es\/wp-json\/wp\/v2\/users\/2"}],"replies":[{"embeddable":true,"href":"https:\/\/www.medespoir.fr\/es\/wp-json\/wp\/v2\/comments?post=25395"}],"version-history":[{"count":0,"href":"https:\/\/www.medespoir.fr\/es\/wp-json\/wp\/v2\/pages\/25395\/revisions"}],"wp:featuredmedia":[{"embeddable":true,"href":"https:\/\/www.medespoir.fr\/es\/wp-json\/wp\/v2\/media\/21247"}],"wp:attachment":[{"href":"https:\/\/www.medespoir.fr\/es\/wp-json\/wp\/v2\/media?parent=25395"}],"curies":[{"name":"wp","href":"https:\/\/api.w.org\/{rel}","templated":true}]}}