{"id":25378,"date":"2020-02-24T14:06:24","date_gmt":"2020-02-24T13:06:24","guid":{"rendered":"https:\/\/www.medespoir.fr\/trasplante-de-barba-tunez-tener-una-barba-densa\/"},"modified":"2022-12-20T14:01:16","modified_gmt":"2022-12-20T13:01:16","slug":"trasplante-barba","status":"publish","type":"page","link":"https:\/\/www.medespoir.fr\/es\/trasplante-barba\/","title":{"rendered":"Trasplante de barba T\u00fanez : Tener una barba densa"},"content":{"rendered":"\t\t<div data-elementor-type=\"wp-page\" data-elementor-id=\"25378\" class=\"elementor elementor-25378\">\n\t\t\t\t\t\t<section class=\"elementor-section elementor-top-section elementor-element elementor-element-aaf26fd elementor-section-boxed elementor-section-height-default elementor-section-height-default\" data-id=\"aaf26fd\" data-element_type=\"section\" data-e-type=\"section\">\n\t\t\t\t\t\t<div class=\"elementor-container elementor-column-gap-default\">\n\t\t\t\t\t<div class=\"elementor-column elementor-col-66 elementor-top-column elementor-element elementor-element-d3be73a\" data-id=\"d3be73a\" data-element_type=\"column\" data-e-type=\"column\">\n\t\t\t<div class=\"elementor-widget-wrap elementor-element-populated\">\n\t\t\t\t\t\t<div class=\"elementor-element elementor-element-1cbbf02 elementor-widget elementor-widget-text-editor\" data-id=\"1cbbf02\" data-element_type=\"widget\" data-e-type=\"widget\" data-widget_type=\"text-editor.default\">\n\t\t\t\t<div class=\"elementor-widget-container\">\n\t\t\t\t\t\t\t\t\tTambi\u00e9n llamado <strong>implante de barba<\/strong>, el <strong>trasplante de barba T\u00fanez<\/strong> es una t\u00e9cnica de cirug\u00eda est\u00e9tica que pretende remediar la falta de vello en la barbilla de los hombres.\n\nPara los hombres, la barba puede desempe\u00f1ar un papel muy importante. El vello facial no es un accesorio de moda, pero sin duda es un factor de estilo.\n\nPor eso, muchos hombres sin barba recurren ahora a un <strong>trasplante de barba<\/strong>.\n\nCon ello pretenden recuperar lo que se considera el rasgo m\u00e1s ic\u00f3nico de la masculinidad, la barba, ya que puede hacer que el rostro de un hombre parezca m\u00e1s masculino o maduro.\n\n\t\t\t\t\t\t\t\t<\/div>\n\t\t\t\t<\/div>\n\t\t\t\t\t<\/div>\n\t\t<\/div>\n\t\t\t\t<div class=\"elementor-column elementor-col-33 elementor-top-column elementor-element elementor-element-60a5083\" data-id=\"60a5083\" data-element_type=\"column\" data-e-type=\"column\">\n\t\t\t<div class=\"elementor-widget-wrap elementor-element-populated\">\n\t\t\t\t\t\t<div class=\"elementor-element elementor-element-872325e elementor-widget elementor-widget-text-editor\" data-id=\"872325e\" data-element_type=\"widget\" data-e-type=\"widget\" data-widget_type=\"text-editor.default\">\n\t\t\t\t<div class=\"elementor-widget-container\">\n\t\t\t\t\t\t\t\t\t<p><img decoding=\"async\" class=\" alignright\" src=\"https:\/\/www.medespoir.fr\/wp-content\/uploads\/2021\/11\/greffe-de-barbe-tunisie.jpg\" alt=\"trasplante de barba T\u00fanez\"><\/p>\n\t\t\t\t\t\t\t\t<\/div>\n\t\t\t\t<\/div>\n\t\t\t\t\t<\/div>\n\t\t<\/div>\n\t\t\t\t\t<\/div>\n\t\t<\/section>\n\t\t\t\t<section class=\"elementor-section elementor-top-section elementor-element elementor-element-ae58517 elementor-section-boxed elementor-section-height-default elementor-section-height-default\" data-id=\"ae58517\" data-element_type=\"section\" data-e-type=\"section\" id=\"bg-devis-express\">\n\t\t\t\t\t\t<div class=\"elementor-container elementor-column-gap-default\">\n\t\t\t\t\t<div class=\"elementor-column elementor-col-100 elementor-top-column elementor-element elementor-element-41fb9d6\" data-id=\"41fb9d6\" data-element_type=\"column\" data-e-type=\"column\">\n\t\t\t<div class=\"elementor-widget-wrap elementor-element-populated\">\n\t\t\t\t\t\t<div class=\"elementor-element elementor-element-9ecf94e elementor-widget elementor-widget-text-editor\" data-id=\"9ecf94e\" data-element_type=\"widget\" data-e-type=\"widget\" data-widget_type=\"text-editor.default\">\n\t\t\t\t<div class=\"elementor-widget-container\">\n\t\t\t\t\t\t\t\t\t<style>\r\n\tbody.home #main-form h2 {\r\n   display:none;\r\n}\r\n<\/style>\r\n<h2 style=\"text-align: center;font-weight: bold;\">Presupuesto r\u00e1pido gratuito<\/h2>\r\n<iframe src=\"https:\/\/app.metocrm.com\/web-forms\/e1cab5bd-ef56-4a37-aa71-4857d931f368\"  height=\"700px\" width=\"100%\"  frameborder=\"0\"><\/iframe>\t\t\t\t\t\t\t\t<\/div>\n\t\t\t\t<\/div>\n\t\t\t\t\t<\/div>\n\t\t<\/div>\n\t\t\t\t\t<\/div>\n\t\t<\/section>\n\t\t\t\t<section class=\"elementor-section elementor-top-section elementor-element elementor-element-639a45dd elementor-section-boxed elementor-section-height-default elementor-section-height-default\" data-id=\"639a45dd\" data-element_type=\"section\" data-e-type=\"section\">\n\t\t\t\t\t\t<div class=\"elementor-container elementor-column-gap-default\">\n\t\t\t\t\t<div class=\"elementor-column elementor-col-100 elementor-top-column elementor-element elementor-element-60ac31bc\" data-id=\"60ac31bc\" data-element_type=\"column\" data-e-type=\"column\">\n\t\t\t<div class=\"elementor-widget-wrap elementor-element-populated\">\n\t\t\t\t\t\t<div class=\"elementor-element elementor-element-3779d3ad elementor-widget elementor-widget-text-editor\" data-id=\"3779d3ad\" data-element_type=\"widget\" data-e-type=\"widget\" data-widget_type=\"text-editor.default\">\n\t\t\t\t<div class=\"elementor-widget-container\">\n\t\t\t\t\t\t\t\t\t<h2>\u00bfCu\u00e1nto cuesta un trasplante de barba en T\u00fanez?<\/h2>\nEn <strong>T\u00fanez<\/strong> cada vez acuden m\u00e1s pacientes para someterse a <strong>un implante de bar<\/strong>ba por dos motivos principales: la destreza de los cirujanos est\u00e9ticos tunecinos y lo asequible que resulta la cirug\u00eda de barba.\n<h3>Trasplante de barba T\u00fanez precio<\/h3>\nSi est\u00e1 pensando en someterse <strong>a una intervenci\u00f3n de cirug\u00eda est\u00e9tica de la barba en T\u00fanez<\/strong>, la <strong>cl\u00ednica Mesdespoir<\/strong> le ofrece un procedimiento que responde a sus expectativas, pero a precios bajos, comparados con los que se cobran en Francia.\n\nEsta tarifa con todo incluido permite al paciente <em>disfrutar de una c\u00f3moda estancia m\u00e9dica<\/em>.\n\n\u00bfNecesita m\u00e1s detalles sobre esta cirug\u00eda pl\u00e1stica en T\u00fanez? Env\u00edenos una solicitud de presupuesto gratuito en l\u00ednea y nuestro equipo le responder\u00e1 lo antes posible.\n<h2>\u00bfQui\u00e9n es un buen candidato para un trasplante de barba?<\/h2>\nCualquier hombre sano y sin vello en la barbilla puede someterse a un <strong>trasplante de barba<\/strong>.\n\nEs importante se\u00f1alar que, en todos los <strong>trasplantes de barba<\/strong>, los injertos se toman del cuero cabelludo.\n\nAs\u00ed pues, un buen candidato debe tener un crecimiento regular y suficiente de vello en la zona donante.\n<h2>\u00bfC\u00f3mo funciona un trasplante de barba?<\/h2>\nAntes de la operaci\u00f3n, es aconsejable tener una consulta durante la cual el m\u00e9dico puede determinar si el paciente tiene alguna contraindicaci\u00f3n para esta cirug\u00eda, sino tambi\u00e9n hacer prescripciones preoperatorias.\n\nExtraer y reimplantar las unidades foliculares, una a una, es un procedimiento que dura entre 6 y 8 horas. Para evitar cualquier dolor al paciente, se administra anestesia local.\n\nExisten dos m\u00e9todos posibles para la extracci\u00f3n de unidades foliculares<a href=\"https:\/\/www.medespoir.fr\/es\/trasplante-capilar\/\">\n  <strong>extracci\u00f3n de unidades foliculares<\/strong>\n<\/a> <strong>FUE<\/strong> (<strong>extracci\u00f3n de unidades foliculares<\/strong>) y <strong>FUT<\/strong><strong>(trasplante de unidades foliculares<\/strong>). El m\u00e9dico elige el m\u00e9todo en consulta con el paciente.\n\nPor ello, el cirujano debe explicar ambos m\u00e9todos al paciente para que \u00e9ste sepa cu\u00e1l es el adecuado.\n\nTras extraer los fol\u00edculos pilosos, el m\u00e9dico realiza la implantaci\u00f3n practicando peque\u00f1as incisiones en la zona receptora.\n\nEl objetivo de este procedimiento es conseguir un aspecto natural de la barba cuando vuelva a crecer.\n\nEl trasplante de barba no requiere hospitalizaci\u00f3n.\n<h2>\u00bfQu\u00e9 esperar tras un trasplante de barba?<\/h2>\nEl paciente puede volver al trabajo al d\u00eda siguiente de la operaci\u00f3n. Por otra parte, el cirujano pl\u00e1stico puede hacer algunas prescripciones relativas a la pr\u00e1ctica de un deporte u otro.\n\nLa persona que se ha sometido <strong>a un trasplante de barba en T\u00fanez<\/strong> debe esperar que el pelo trasplantado se caiga al cabo de dos o tres semanas.\n\nPero no dejes que eso te preocupe, porque volver\u00e1n a crecer de forma permanente al cabo de tres o cuatro meses.\n\n <strong>La cirug\u00eda de restauraci\u00f3n de barba<\/strong> puede causar hinchaz\u00f3n durante unos d\u00edas despu\u00e9s de la intervenci\u00f3n. Esta hinchaz\u00f3n desaparecer\u00e1 a los seis d\u00edas de su aparici\u00f3n.\n\nEn la zona del cuero cabelludo pueden formarse costras. El paciente tiene que esperar unos siete d\u00edas para que se caigan.\t\t\t\t\t\t\t\t<\/div>\n\t\t\t\t<\/div>\n\t\t\t\t\t<\/div>\n\t\t<\/div>\n\t\t\t\t\t<\/div>\n\t\t<\/section>\n\t\t\t\t<section class=\"elementor-section elementor-top-section elementor-element elementor-element-e5942a3 elementor-section-boxed elementor-section-height-default elementor-section-height-default\" data-id=\"e5942a3\" data-element_type=\"section\" data-e-type=\"section\">\n\t\t\t\t\t\t<div class=\"elementor-container elementor-column-gap-default\">\n\t\t\t\t\t<div class=\"elementor-column elementor-col-33 elementor-top-column elementor-element elementor-element-9658e71\" data-id=\"9658e71\" data-element_type=\"column\" data-e-type=\"column\">\n\t\t\t<div class=\"elementor-widget-wrap elementor-element-populated\">\n\t\t\t\t\t\t<div class=\"elementor-element elementor-element-80c1a2e elementor-widget elementor-widget-text-editor\" data-id=\"80c1a2e\" data-element_type=\"widget\" data-e-type=\"widget\" data-widget_type=\"text-editor.default\">\n\t\t\t\t<div class=\"elementor-widget-container\">\n\t\t\t\t\t\t\t\t\t<p><img decoding=\"async\" class=\"aligncenter\" src=\"https:\/\/www.medespoir.fr\/wp-content\/uploads\/2020\/02\/greffe-de-barbe-tunisie-photos-avant-apres.jpg\" alt=\"trasplante de barba tunez fotos antes y despues\"><\/p>\n\t\t\t\t\t\t\t\t<\/div>\n\t\t\t\t<\/div>\n\t\t\t\t\t<\/div>\n\t\t<\/div>\n\t\t\t\t<div class=\"elementor-column elementor-col-66 elementor-top-column elementor-element elementor-element-76a3d4f\" data-id=\"76a3d4f\" data-element_type=\"column\" data-e-type=\"column\">\n\t\t\t<div class=\"elementor-widget-wrap elementor-element-populated\">\n\t\t\t\t\t\t<div class=\"elementor-element elementor-element-c41d931 elementor-widget elementor-widget-text-editor\" data-id=\"c41d931\" data-element_type=\"widget\" data-e-type=\"widget\" data-widget_type=\"text-editor.default\">\n\t\t\t\t<div class=\"elementor-widget-container\">\n\t\t\t\t\t\t\t\t\t\n<h2>\u00bfCu\u00e1l es el resultado de un trasplante de barba?<\/h2>\nEl resultado natural de la barba es visible unos tres meses despu\u00e9s de la intervenci\u00f3n: una barba poblada y regular con un estilo elegido por el propio paciente.\t\t\t\t\t\t\t\t<\/div>\n\t\t\t\t<\/div>\n\t\t\t\t<div class=\"elementor-element elementor-element-1c25918 elementor-widget elementor-widget-html\" data-id=\"1c25918\" data-element_type=\"widget\" data-e-type=\"widget\" data-widget_type=\"html.default\">\n\t\t\t\t<div class=\"elementor-widget-container\">\n\t\t\t\t\t<a href=\"https:\/\/www.medespoir.fr\/es\/presupuesto\/\" class=\"main__btn blue\"><span>Presupuesto gratuito<\/span><\/a>\t\t\t\t<\/div>\n\t\t\t\t<\/div>\n\t\t\t\t\t<\/div>\n\t\t<\/div>\n\t\t\t\t\t<\/div>\n\t\t<\/section>\n\t\t\t\t<\/div>\n\t\t","protected":false},"excerpt":{"rendered":"<p>Tambi\u00e9n llamado implante de barba, el trasplante de barba T\u00fanez es una t\u00e9cnica de cirug\u00eda est\u00e9tica que pretende remediar la [&hellip;]<\/p>\n","protected":false},"author":1,"featured_media":21247,"parent":0,"menu_order":53,"comment_status":"closed","ping_status":"closed","template":"","meta":{"footnotes":""},"class_list":["post-25378","page","type-page","status-publish","has-post-thumbnail","hentry"],"yoast_head":"<!-- This site is optimized with the Yoast SEO plugin v27.4 - https:\/\/yoast.com\/product\/yoast-seo-wordpress\/ -->\n<title>Trasplante de barba T\u00fanez : implante de barba T\u00fanez precio<\/title>\n<meta name=\"description\" content=\"Trasplante de barba T\u00fanez : precio del trasplante de barba T\u00fanez en la cl\u00ednica Medespoir. Benef\u00edciese de un trasplante de barba en T\u00fanez a bajo precio.\" \/>\n<meta name=\"robots\" content=\"index, follow, max-snippet:-1, max-image-preview:large, max-video-preview:-1\" \/>\n<link rel=\"canonical\" href=\"https:\/\/www.medespoir.fr\/es\/trasplante-barba\/\" \/>\n<meta name=\"twitter:label1\" content=\"Tiempo de lectura\" \/>\n\t<meta name=\"twitter:data1\" content=\"4 minutos\" \/>\n<script type=\"application\/ld+json\" class=\"yoast-schema-graph\">{\"@context\":\"https:\\\/\\\/schema.org\",\"@graph\":[{\"@type\":\"WebPage\",\"@id\":\"https:\\\/\\\/www.medespoir.fr\\\/es\\\/trasplante-barba\\\/\",\"url\":\"https:\\\/\\\/www.medespoir.fr\\\/es\\\/trasplante-barba\\\/\",\"name\":\"Trasplante de barba T\u00fanez : implante de barba T\u00fanez precio\",\"isPartOf\":{\"@id\":\"https:\\\/\\\/www.medespoir.fr\\\/es\\\/#website\"},\"primaryImageOfPage\":{\"@id\":\"https:\\\/\\\/www.medespoir.fr\\\/es\\\/trasplante-barba\\\/#primaryimage\"},\"image\":{\"@id\":\"https:\\\/\\\/www.medespoir.fr\\\/es\\\/trasplante-barba\\\/#primaryimage\"},\"thumbnailUrl\":\"https:\\\/\\\/www.medespoir.fr\\\/wp-content\\\/uploads\\\/2021\\\/11\\\/header-homme.jpg\",\"datePublished\":\"2020-02-24T13:06:24+00:00\",\"dateModified\":\"2022-12-20T13:01:16+00:00\",\"description\":\"Trasplante de barba T\u00fanez : precio del trasplante de barba T\u00fanez en la cl\u00ednica Medespoir. Benef\u00edciese de un trasplante de barba en T\u00fanez a bajo precio.\",\"breadcrumb\":{\"@id\":\"https:\\\/\\\/www.medespoir.fr\\\/es\\\/trasplante-barba\\\/#breadcrumb\"},\"inLanguage\":\"es\",\"potentialAction\":[{\"@type\":\"ReadAction\",\"target\":[\"https:\\\/\\\/www.medespoir.fr\\\/es\\\/trasplante-barba\\\/\"]}]},{\"@type\":\"ImageObject\",\"inLanguage\":\"es\",\"@id\":\"https:\\\/\\\/www.medespoir.fr\\\/es\\\/trasplante-barba\\\/#primaryimage\",\"url\":\"https:\\\/\\\/www.medespoir.fr\\\/wp-content\\\/uploads\\\/2021\\\/11\\\/header-homme.jpg\",\"contentUrl\":\"https:\\\/\\\/www.medespoir.fr\\\/wp-content\\\/uploads\\\/2021\\\/11\\\/header-homme.jpg\",\"width\":1928,\"height\":479},{\"@type\":\"BreadcrumbList\",\"@id\":\"https:\\\/\\\/www.medespoir.fr\\\/es\\\/trasplante-barba\\\/#breadcrumb\",\"itemListElement\":[{\"@type\":\"ListItem\",\"position\":1,\"name\":\"Accueil\",\"item\":\"https:\\\/\\\/www.medespoir.fr\\\/es\\\/\"},{\"@type\":\"ListItem\",\"position\":2,\"name\":\"Trasplante de barba T\u00fanez : Tener una barba densa\"}]},{\"@type\":\"WebSite\",\"@id\":\"https:\\\/\\\/www.medespoir.fr\\\/es\\\/#website\",\"url\":\"https:\\\/\\\/www.medespoir.fr\\\/es\\\/\",\"name\":\"Medespoir France\",\"description\":\"Chirurgie esthetique Tunisie\",\"publisher\":{\"@id\":\"https:\\\/\\\/www.medespoir.fr\\\/es\\\/#organization\"},\"potentialAction\":[{\"@type\":\"SearchAction\",\"target\":{\"@type\":\"EntryPoint\",\"urlTemplate\":\"https:\\\/\\\/www.medespoir.fr\\\/es\\\/?s={search_term_string}\"},\"query-input\":{\"@type\":\"PropertyValueSpecification\",\"valueRequired\":true,\"valueName\":\"search_term_string\"}}],\"inLanguage\":\"es\"},{\"@type\":\"Organization\",\"@id\":\"https:\\\/\\\/www.medespoir.fr\\\/es\\\/#organization\",\"name\":\"Medespoir France\",\"url\":\"https:\\\/\\\/www.medespoir.fr\\\/es\\\/\",\"logo\":{\"@type\":\"ImageObject\",\"inLanguage\":\"es\",\"@id\":\"https:\\\/\\\/www.medespoir.fr\\\/es\\\/#\\\/schema\\\/logo\\\/image\\\/\",\"url\":\"https:\\\/\\\/www.medespoir.fr\\\/wp-content\\\/uploads\\\/2021\\\/10\\\/cropped-logo__medespoirFR.png\",\"contentUrl\":\"https:\\\/\\\/www.medespoir.fr\\\/wp-content\\\/uploads\\\/2021\\\/10\\\/cropped-logo__medespoirFR.png\",\"width\":150,\"height\":62,\"caption\":\"Medespoir France\"},\"image\":{\"@id\":\"https:\\\/\\\/www.medespoir.fr\\\/es\\\/#\\\/schema\\\/logo\\\/image\\\/\"},\"sameAs\":[\"https:\\\/\\\/www.facebook.com\\\/MedEspoirFr\",\"https:\\\/\\\/x.com\\\/MedEspoirTN\"]}]}<\/script>\n<!-- \/ Yoast SEO plugin. -->","yoast_head_json":{"title":"Trasplante de barba T\u00fanez : implante de barba T\u00fanez precio","description":"Trasplante de barba T\u00fanez : precio del trasplante de barba T\u00fanez en la cl\u00ednica Medespoir. Benef\u00edciese de un trasplante de barba en T\u00fanez a bajo precio.","robots":{"index":"index","follow":"follow","max-snippet":"max-snippet:-1","max-image-preview":"max-image-preview:large","max-video-preview":"max-video-preview:-1"},"canonical":"https:\/\/www.medespoir.fr\/es\/trasplante-barba\/","twitter_misc":{"Tiempo de lectura":"4 minutos"},"schema":{"@context":"https:\/\/schema.org","@graph":[{"@type":"WebPage","@id":"https:\/\/www.medespoir.fr\/es\/trasplante-barba\/","url":"https:\/\/www.medespoir.fr\/es\/trasplante-barba\/","name":"Trasplante de barba T\u00fanez : implante de barba T\u00fanez precio","isPartOf":{"@id":"https:\/\/www.medespoir.fr\/es\/#website"},"primaryImageOfPage":{"@id":"https:\/\/www.medespoir.fr\/es\/trasplante-barba\/#primaryimage"},"image":{"@id":"https:\/\/www.medespoir.fr\/es\/trasplante-barba\/#primaryimage"},"thumbnailUrl":"https:\/\/www.medespoir.fr\/wp-content\/uploads\/2021\/11\/header-homme.jpg","datePublished":"2020-02-24T13:06:24+00:00","dateModified":"2022-12-20T13:01:16+00:00","description":"Trasplante de barba T\u00fanez : precio del trasplante de barba T\u00fanez en la cl\u00ednica Medespoir. Benef\u00edciese de un trasplante de barba en T\u00fanez a bajo precio.","breadcrumb":{"@id":"https:\/\/www.medespoir.fr\/es\/trasplante-barba\/#breadcrumb"},"inLanguage":"es","potentialAction":[{"@type":"ReadAction","target":["https:\/\/www.medespoir.fr\/es\/trasplante-barba\/"]}]},{"@type":"ImageObject","inLanguage":"es","@id":"https:\/\/www.medespoir.fr\/es\/trasplante-barba\/#primaryimage","url":"https:\/\/www.medespoir.fr\/wp-content\/uploads\/2021\/11\/header-homme.jpg","contentUrl":"https:\/\/www.medespoir.fr\/wp-content\/uploads\/2021\/11\/header-homme.jpg","width":1928,"height":479},{"@type":"BreadcrumbList","@id":"https:\/\/www.medespoir.fr\/es\/trasplante-barba\/#breadcrumb","itemListElement":[{"@type":"ListItem","position":1,"name":"Accueil","item":"https:\/\/www.medespoir.fr\/es\/"},{"@type":"ListItem","position":2,"name":"Trasplante de barba T\u00fanez : Tener una barba densa"}]},{"@type":"WebSite","@id":"https:\/\/www.medespoir.fr\/es\/#website","url":"https:\/\/www.medespoir.fr\/es\/","name":"Medespoir France","description":"Chirurgie esthetique Tunisie","publisher":{"@id":"https:\/\/www.medespoir.fr\/es\/#organization"},"potentialAction":[{"@type":"SearchAction","target":{"@type":"EntryPoint","urlTemplate":"https:\/\/www.medespoir.fr\/es\/?s={search_term_string}"},"query-input":{"@type":"PropertyValueSpecification","valueRequired":true,"valueName":"search_term_string"}}],"inLanguage":"es"},{"@type":"Organization","@id":"https:\/\/www.medespoir.fr\/es\/#organization","name":"Medespoir France","url":"https:\/\/www.medespoir.fr\/es\/","logo":{"@type":"ImageObject","inLanguage":"es","@id":"https:\/\/www.medespoir.fr\/es\/#\/schema\/logo\/image\/","url":"https:\/\/www.medespoir.fr\/wp-content\/uploads\/2021\/10\/cropped-logo__medespoirFR.png","contentUrl":"https:\/\/www.medespoir.fr\/wp-content\/uploads\/2021\/10\/cropped-logo__medespoirFR.png","width":150,"height":62,"caption":"Medespoir France"},"image":{"@id":"https:\/\/www.medespoir.fr\/es\/#\/schema\/logo\/image\/"},"sameAs":["https:\/\/www.facebook.com\/MedEspoirFr","https:\/\/x.com\/MedEspoirTN"]}]}},"_links":{"self":[{"href":"https:\/\/www.medespoir.fr\/es\/wp-json\/wp\/v2\/pages\/25378","targetHints":{"allow":["GET"]}}],"collection":[{"href":"https:\/\/www.medespoir.fr\/es\/wp-json\/wp\/v2\/pages"}],"about":[{"href":"https:\/\/www.medespoir.fr\/es\/wp-json\/wp\/v2\/types\/page"}],"author":[{"embeddable":true,"href":"https:\/\/www.medespoir.fr\/es\/wp-json\/wp\/v2\/users\/1"}],"replies":[{"embeddable":true,"href":"https:\/\/www.medespoir.fr\/es\/wp-json\/wp\/v2\/comments?post=25378"}],"version-history":[{"count":0,"href":"https:\/\/www.medespoir.fr\/es\/wp-json\/wp\/v2\/pages\/25378\/revisions"}],"wp:featuredmedia":[{"embeddable":true,"href":"https:\/\/www.medespoir.fr\/es\/wp-json\/wp\/v2\/media\/21247"}],"wp:attachment":[{"href":"https:\/\/www.medespoir.fr\/es\/wp-json\/wp\/v2\/media?parent=25378"}],"curies":[{"name":"wp","href":"https:\/\/api.w.org\/{rel}","templated":true}]}}