{"id":25371,"date":"2017-05-24T12:37:55","date_gmt":"2017-05-24T10:37:55","guid":{"rendered":"https:\/\/www.medespoir.fr\/trasplante-capilar-fue-tunez-trasplante-capilar-dhi-tunez\/"},"modified":"2022-12-20T13:59:47","modified_gmt":"2022-12-20T12:59:47","slug":"trasplante-capilar","status":"publish","type":"page","link":"https:\/\/www.medespoir.fr\/es\/trasplante-capilar\/","title":{"rendered":"Trasplante capilar FUE T\u00fanez : Trasplante capilar DHI T\u00fanez"},"content":{"rendered":"\t\t<div data-elementor-type=\"wp-page\" data-elementor-id=\"25371\" class=\"elementor elementor-25371\">\n\t\t\t\t\t\t<section class=\"elementor-section elementor-top-section elementor-element elementor-element-5953162 elementor-section-boxed elementor-section-height-default elementor-section-height-default\" data-id=\"5953162\" data-element_type=\"section\" data-e-type=\"section\">\n\t\t\t\t\t\t<div class=\"elementor-container elementor-column-gap-default\">\n\t\t\t\t\t<div class=\"elementor-column elementor-col-66 elementor-top-column elementor-element elementor-element-48f5843\" data-id=\"48f5843\" data-element_type=\"column\" data-e-type=\"column\">\n\t\t\t<div class=\"elementor-widget-wrap elementor-element-populated\">\n\t\t\t\t\t\t<div class=\"elementor-element elementor-element-23e4e3f elementor-widget elementor-widget-text-editor\" data-id=\"23e4e3f\" data-element_type=\"widget\" data-e-type=\"widget\" data-widget_type=\"text-editor.default\">\n\t\t\t\t<div class=\"elementor-widget-container\">\n\t\t\t\t\t\t\t\t\tLa calvicie androg\u00e9nica es una enfermedad cong\u00e9nita muy relacionada con una secreci\u00f3n anormal de hormonas de crecimiento y sexuales como la testosterona y la GR-RH (hormona liberadora de gonadotropina). El impacto directo es la ca\u00edda cr\u00f3nica del cabello en la parte frontal de la cabeza.\n\n\t\t\t\t\t\t\t\t<\/div>\n\t\t\t\t<\/div>\n\t\t\t\t<div class=\"elementor-element elementor-element-2312cf1 elementor-widget elementor-widget-text-editor\" data-id=\"2312cf1\" data-element_type=\"widget\" data-e-type=\"widget\" data-widget_type=\"text-editor.default\">\n\t\t\t\t<div class=\"elementor-widget-container\">\n\t\t\t\t\t\t\t\t\tEsta desgracia no se alivia con la aplicaci\u00f3n de lociones capilares o productos a base de aceites esenciales. Ni siquiera el tratamiento farmacol\u00f3gico es eficaz para catalizar el crecimiento del cabello o <strong>detener su ca\u00edda<\/strong>.\n\n\t\t\t\t\t\t\t\t<\/div>\n\t\t\t\t<\/div>\n\t\t\t\t<div class=\"elementor-element elementor-element-5b82082 elementor-widget elementor-widget-text-editor\" data-id=\"5b82082\" data-element_type=\"widget\" data-e-type=\"widget\" data-widget_type=\"text-editor.default\">\n\t\t\t\t<div class=\"elementor-widget-container\">\n\t\t\t\t\t\t\t\t\t<p>Para remediarlo, s\u00f3lo hay una alternativa aprobada por diversos expertos m\u00e9dicos internacionales, a saber  <strong>trasplante capilar en T\u00fanez<\/strong>Este procedimiento quir\u00fargico est\u00e9tico y reconstructivo est\u00e1 perfectamente dominado por el personal m\u00e9dico, que har\u00e1 todo lo posible por rellenar el vac\u00edo en el cuero cabelludo de acuerdo con los deseos del paciente.<\/p>\n\t\t\t\t\t\t\t\t<\/div>\n\t\t\t\t<\/div>\n\t\t\t\t\t<\/div>\n\t\t<\/div>\n\t\t\t\t<div class=\"elementor-column elementor-col-33 elementor-top-column elementor-element elementor-element-67409ee\" data-id=\"67409ee\" data-element_type=\"column\" data-e-type=\"column\">\n\t\t\t<div class=\"elementor-widget-wrap elementor-element-populated\">\n\t\t\t\t\t\t<div class=\"elementor-element elementor-element-049f7d3 elementor-widget elementor-widget-text-editor\" data-id=\"049f7d3\" data-element_type=\"widget\" data-e-type=\"widget\" data-widget_type=\"text-editor.default\">\n\t\t\t\t<div class=\"elementor-widget-container\">\n\t\t\t\t\t\t\t\t\t<p><img decoding=\"async\" class=\"alignleft\" src=\"https:\/\/www.medespoir.fr\/wp-content\/uploads\/2021\/11\/greffe-cheveux-tunisie.jpg\" alt=\"trasplante capilar T\u00fanez\"><\/p>\n\t\t\t\t\t\t\t\t<\/div>\n\t\t\t\t<\/div>\n\t\t\t\t\t<\/div>\n\t\t<\/div>\n\t\t\t\t\t<\/div>\n\t\t<\/section>\n\t\t\t\t<section class=\"elementor-section elementor-top-section elementor-element elementor-element-f7473da elementor-section-boxed elementor-section-height-default elementor-section-height-default\" data-id=\"f7473da\" data-element_type=\"section\" data-e-type=\"section\">\n\t\t\t\t\t\t<div class=\"elementor-container elementor-column-gap-default\">\n\t\t\t\t\t<div class=\"elementor-column elementor-col-100 elementor-top-column elementor-element elementor-element-02a57fe\" data-id=\"02a57fe\" data-element_type=\"column\" data-e-type=\"column\">\n\t\t\t<div class=\"elementor-widget-wrap elementor-element-populated\">\n\t\t\t\t\t\t<div class=\"elementor-element elementor-element-94883d3 elementor-widget elementor-widget-text-editor\" data-id=\"94883d3\" data-element_type=\"widget\" data-e-type=\"widget\" data-widget_type=\"text-editor.default\">\n\t\t\t\t<div class=\"elementor-widget-container\">\n\t\t\t\t\t\t\t\t\t<h2>Precios del trasplante capilar en T\u00fanez (t\u00e9cnica FUE)<\/h2>\n\t\t\t\t\t\t\t\t<\/div>\n\t\t\t\t<\/div>\n\t\t\t\t<div class=\"elementor-element elementor-element-7ee25dc elementor-widget elementor-widget-text-editor\" data-id=\"7ee25dc\" data-element_type=\"widget\" data-e-type=\"widget\" id=\"price\" data-widget_type=\"text-editor.default\">\n\t\t\t\t<div class=\"elementor-widget-container\">\n\t\t\t\t\t\t\t\t\t<table class=\"cmsms_table\">\n<thead>\n<tr class=\"cmsms_table_row_header\">\n<th class=\"cmsms_table_cell_alignleft\">Intervenci\u00f3n<\/th>\n<th class=\"cmsms_table_cell_aligncenter\">Premios<\/th>\n<th class=\"cmsms_table_cell_aligncenter\">Permanezca en<\/th>\n<\/tr>\n<\/thead>\n<tbody>\n<tr>\n<td class=\"cmsms_table_cell_alignleft\">Implante capilar<\/td>\n<td class=\"cmsms_table_cell_aligncenter\">2200 \u20ac<\/td>\n<td class=\"cmsms_table_cell_aligncenter\">5 noches \/ 6 d\u00edas<\/td>\n<\/tr>\n<\/tbody>\n<tfoot><\/tfoot>\n<\/table>\n\t\t\t\t\t\t\t\t<\/div>\n\t\t\t\t<\/div>\n\t\t\t\t\t<\/div>\n\t\t<\/div>\n\t\t\t\t\t<\/div>\n\t\t<\/section>\n\t\t\t\t<section class=\"elementor-section elementor-top-section elementor-element elementor-element-11d52ed elementor-section-boxed elementor-section-height-default elementor-section-height-default\" data-id=\"11d52ed\" data-element_type=\"section\" data-e-type=\"section\" id=\"bg-devis-express\">\n\t\t\t\t\t\t<div class=\"elementor-container elementor-column-gap-default\">\n\t\t\t\t\t<div class=\"elementor-column elementor-col-100 elementor-top-column elementor-element elementor-element-b414dd4\" data-id=\"b414dd4\" data-element_type=\"column\" data-e-type=\"column\">\n\t\t\t<div class=\"elementor-widget-wrap elementor-element-populated\">\n\t\t\t\t\t\t<div class=\"elementor-element elementor-element-aa83c01 elementor-widget elementor-widget-text-editor\" data-id=\"aa83c01\" data-element_type=\"widget\" data-e-type=\"widget\" data-widget_type=\"text-editor.default\">\n\t\t\t\t<div class=\"elementor-widget-container\">\n\t\t\t\t\t\t\t\t\t<style>\r\n\tbody.home #main-form h2 {\r\n   display:none;\r\n}\r\n<\/style>\r\n<h2 style=\"text-align: center;font-weight: bold;\">Presupuesto r\u00e1pido gratuito<\/h2>\r\n<iframe src=\"https:\/\/app.metocrm.com\/web-forms\/e1cab5bd-ef56-4a37-aa71-4857d931f368\"  height=\"700px\" width=\"100%\"  frameborder=\"0\"><\/iframe>\t\t\t\t\t\t\t\t<\/div>\n\t\t\t\t<\/div>\n\t\t\t\t\t<\/div>\n\t\t<\/div>\n\t\t\t\t\t<\/div>\n\t\t<\/section>\n\t\t\t\t<section class=\"elementor-section elementor-top-section elementor-element elementor-element-198126ed elementor-section-boxed elementor-section-height-default elementor-section-height-default\" data-id=\"198126ed\" data-element_type=\"section\" data-e-type=\"section\">\n\t\t\t\t\t\t<div class=\"elementor-container elementor-column-gap-default\">\n\t\t\t\t\t<div class=\"elementor-column elementor-col-100 elementor-top-column elementor-element elementor-element-43f55f57\" data-id=\"43f55f57\" data-element_type=\"column\" data-e-type=\"column\">\n\t\t\t<div class=\"elementor-widget-wrap elementor-element-populated\">\n\t\t\t\t\t\t<div class=\"elementor-element elementor-element-1b4763ad elementor-widget elementor-widget-text-editor\" data-id=\"1b4763ad\" data-element_type=\"widget\" data-e-type=\"widget\" data-widget_type=\"text-editor.default\">\n\t\t\t\t<div class=\"elementor-widget-container\">\n\t\t\t\t\t\t\t\t\t<h3>Trasplante capilar DHI T\u00fanez : qu\u00e9 es :<\/h3>\nA diferencia de las otras t\u00e9cnicas, FUE y FUT, el <strong>m\u00e9todo <em>DHI<\/em><\/strong> y <strong>Choi<\/strong> <strong>Implanter<\/strong> <strong>pen<\/strong>. Algunos lo definen como el m\u00e9todo m\u00e1s novedoso en  <em>el pelo. L<\/em>El <strong>DHI T\u00fanez<\/strong> es m\u00e1s respetuoso con el cuero cabelludo y no implica ninguna incisi\u00f3n. Se trata de una versi\u00f3n mejorada de la FUE en la que los injertos se implantan directamente utilizando una herramienta especialmente dise\u00f1ada para el m\u00e9todo. Se llama<strong>Choi Implanter<\/strong>.\n<h2>Curso de una sesi\u00f3n de trasplante capilar en T\u00fanez<\/h2>\nEs necesaria una consulta m\u00e9dica antes de la<strong>implantaci\u00f3n capilar en T\u00fanez<\/strong> para deducir la t\u00e9cnica de injerto adecuada para cada paciente. Siempre se basa en an\u00e1lisis biol\u00f3gicos y radiograf\u00edas sacrocraneales para garantizar que el paciente goza de buena salud.\n\nLa anestesia es local con la administraci\u00f3n de tranquilizantes y a veces general cuando el paciente est\u00e1 ansioso por el bistur\u00ed. La cirug\u00eda antica\u00edda se basa esencialmente en la extracci\u00f3n de injertos de una banda capilar situada en la parte posterior de la cabeza.\n\nT\u00e9cnicos de laboratorio experimentados seleccionar\u00e1n los injertos adecuados con 3 a 5 pelos y un bulbo piloso completo. A continuaci\u00f3n, se realiza una incisi\u00f3n precisa en la parte distal del cr\u00e1neo para enraizar el microinjerto. La inserci\u00f3n de estos \u00faltimos se realiza de manera uniforme y no agregada.\n\nEl final de la operaci\u00f3n est\u00e1 marcado por la cicatrizaci\u00f3n de las heridas con la ayuda de hilos muy finos no reabsorbibles.\n<h2>Seguimiento postoperatorio de un trasplante capilar<\/h2>\nEn cuanto el paciente abandona la cl\u00ednica tras un d\u00eda de intervenci\u00f3n, se observan efectos no deseados como hematomas, hinchaz\u00f3n y tirantez de la piel, que s\u00f3lo pueden reducirse siguiendo \u00edntegramente las instrucciones postoperatorias.\n\nSe pide al paciente que limpie el cuero cabelludo a partir del s\u00e9ptimo d\u00eda despu\u00e9s de la intervenci\u00f3n para eliminar las costras que se hayan formado.\nPara proteger las heridas en proceso de cicatrizaci\u00f3n, se debe llevar un vendaje compresivo y un drenaje durante el periodo de reposo para evitar cualquier tipo de infecci\u00f3n.\nLa exposici\u00f3n a los rayos UV est\u00e1 prohibida durante los primeros 15 d\u00edas tras la operaci\u00f3n.\n<h2>FUE T\u00fanez : Resultado<\/h2>\n<p style=\"background: white; margin: 0cm 0cm 15.0pt 0cm;\">El resultado es espectacular a partir del sexto mes. A continuaci\u00f3n, los injertos se caen y son sustituidos por nuevos pelos que se caracterizan por su persistencia. El uso de champ\u00fas suaves y naturales s\u00f3lo puede fortalecer sus ra\u00edces.<\/p>\n\t\t\t\t\t\t\t\t<\/div>\n\t\t\t\t<\/div>\n\t\t\t\t\t<\/div>\n\t\t<\/div>\n\t\t\t\t\t<\/div>\n\t\t<\/section>\n\t\t\t\t<section class=\"elementor-section elementor-top-section elementor-element elementor-element-077a256 elementor-section-boxed elementor-section-height-default elementor-section-height-default\" data-id=\"077a256\" data-element_type=\"section\" data-e-type=\"section\">\n\t\t\t\t\t\t<div class=\"elementor-container elementor-column-gap-default\">\n\t\t\t\t\t<div class=\"elementor-column elementor-col-50 elementor-top-column elementor-element elementor-element-b271935\" data-id=\"b271935\" data-element_type=\"column\" data-e-type=\"column\">\n\t\t\t<div class=\"elementor-widget-wrap elementor-element-populated\">\n\t\t\t\t\t\t<div class=\"elementor-element elementor-element-052ebd6 elementor-widget elementor-widget-html\" data-id=\"052ebd6\" data-element_type=\"widget\" data-e-type=\"widget\" data-widget_type=\"html.default\">\n\t\t\t\t<div class=\"elementor-widget-container\">\n\t\t\t\t\t<a href=\"https:\/\/www.medespoir.fr\/es\/presupuesto\/\" class=\"main__btn blue\"><span>Presupuesto gratuito<\/span><\/a>\t\t\t\t<\/div>\n\t\t\t\t<\/div>\n\t\t\t\t\t<\/div>\n\t\t<\/div>\n\t\t\t\t<div class=\"elementor-column elementor-col-50 elementor-top-column elementor-element elementor-element-02f9736\" data-id=\"02f9736\" data-element_type=\"column\" data-e-type=\"column\">\n\t\t\t<div class=\"elementor-widget-wrap\">\n\t\t\t\t\t\t\t<\/div>\n\t\t<\/div>\n\t\t\t\t\t<\/div>\n\t\t<\/section>\n\t\t\t\t<\/div>\n\t\t","protected":false},"excerpt":{"rendered":"<p>La calvicie androg\u00e9nica es una enfermedad cong\u00e9nita muy relacionada con una secreci\u00f3n anormal de hormonas de crecimiento y sexuales como [&hellip;]<\/p>\n","protected":false},"author":1,"featured_media":21247,"parent":0,"menu_order":124,"comment_status":"closed","ping_status":"closed","template":"","meta":{"footnotes":""},"class_list":["post-25371","page","type-page","status-publish","has-post-thumbnail","hentry"],"yoast_head":"<!-- This site is optimized with the Yoast SEO plugin v27.4 - https:\/\/yoast.com\/product\/yoast-seo-wordpress\/ -->\n<title>Trasplante capilar T\u00fanez : trasplante capilar DHI tunisie | FUE T\u00fanez precio<\/title>\n<meta name=\"description\" content=\"Trasplante capilar T\u00fanez, FUE T\u00fanez o DHI T\u00fanez para luchar contra la calvicie y hacer crecer de nuevo su cabello de forma natural.\" \/>\n<meta name=\"robots\" content=\"index, follow, max-snippet:-1, max-image-preview:large, max-video-preview:-1\" \/>\n<link rel=\"canonical\" href=\"https:\/\/www.medespoir.fr\/es\/trasplante-capilar\/\" \/>\n<meta name=\"twitter:label1\" content=\"Tiempo de lectura\" \/>\n\t<meta name=\"twitter:data1\" content=\"4 minutos\" \/>\n<script type=\"application\/ld+json\" class=\"yoast-schema-graph\">{\"@context\":\"https:\\\/\\\/schema.org\",\"@graph\":[{\"@type\":\"WebPage\",\"@id\":\"https:\\\/\\\/www.medespoir.fr\\\/es\\\/trasplante-capilar\\\/\",\"url\":\"https:\\\/\\\/www.medespoir.fr\\\/es\\\/trasplante-capilar\\\/\",\"name\":\"Trasplante capilar T\u00fanez : trasplante capilar DHI tunisie | FUE T\u00fanez precio\",\"isPartOf\":{\"@id\":\"https:\\\/\\\/www.medespoir.fr\\\/es\\\/#website\"},\"primaryImageOfPage\":{\"@id\":\"https:\\\/\\\/www.medespoir.fr\\\/es\\\/trasplante-capilar\\\/#primaryimage\"},\"image\":{\"@id\":\"https:\\\/\\\/www.medespoir.fr\\\/es\\\/trasplante-capilar\\\/#primaryimage\"},\"thumbnailUrl\":\"https:\\\/\\\/www.medespoir.fr\\\/wp-content\\\/uploads\\\/2021\\\/11\\\/header-homme.jpg\",\"datePublished\":\"2017-05-24T10:37:55+00:00\",\"dateModified\":\"2022-12-20T12:59:47+00:00\",\"description\":\"Trasplante capilar T\u00fanez, FUE T\u00fanez o DHI T\u00fanez para luchar contra la calvicie y hacer crecer de nuevo su cabello de forma natural.\",\"breadcrumb\":{\"@id\":\"https:\\\/\\\/www.medespoir.fr\\\/es\\\/trasplante-capilar\\\/#breadcrumb\"},\"inLanguage\":\"es\",\"potentialAction\":[{\"@type\":\"ReadAction\",\"target\":[\"https:\\\/\\\/www.medespoir.fr\\\/es\\\/trasplante-capilar\\\/\"]}]},{\"@type\":\"ImageObject\",\"inLanguage\":\"es\",\"@id\":\"https:\\\/\\\/www.medespoir.fr\\\/es\\\/trasplante-capilar\\\/#primaryimage\",\"url\":\"https:\\\/\\\/www.medespoir.fr\\\/wp-content\\\/uploads\\\/2021\\\/11\\\/header-homme.jpg\",\"contentUrl\":\"https:\\\/\\\/www.medespoir.fr\\\/wp-content\\\/uploads\\\/2021\\\/11\\\/header-homme.jpg\",\"width\":1928,\"height\":479},{\"@type\":\"BreadcrumbList\",\"@id\":\"https:\\\/\\\/www.medespoir.fr\\\/es\\\/trasplante-capilar\\\/#breadcrumb\",\"itemListElement\":[{\"@type\":\"ListItem\",\"position\":1,\"name\":\"Accueil\",\"item\":\"https:\\\/\\\/www.medespoir.fr\\\/es\\\/\"},{\"@type\":\"ListItem\",\"position\":2,\"name\":\"Trasplante capilar FUE T\u00fanez : Trasplante capilar DHI T\u00fanez\"}]},{\"@type\":\"WebSite\",\"@id\":\"https:\\\/\\\/www.medespoir.fr\\\/es\\\/#website\",\"url\":\"https:\\\/\\\/www.medespoir.fr\\\/es\\\/\",\"name\":\"Medespoir France\",\"description\":\"Chirurgie esthetique Tunisie\",\"publisher\":{\"@id\":\"https:\\\/\\\/www.medespoir.fr\\\/es\\\/#organization\"},\"potentialAction\":[{\"@type\":\"SearchAction\",\"target\":{\"@type\":\"EntryPoint\",\"urlTemplate\":\"https:\\\/\\\/www.medespoir.fr\\\/es\\\/?s={search_term_string}\"},\"query-input\":{\"@type\":\"PropertyValueSpecification\",\"valueRequired\":true,\"valueName\":\"search_term_string\"}}],\"inLanguage\":\"es\"},{\"@type\":\"Organization\",\"@id\":\"https:\\\/\\\/www.medespoir.fr\\\/es\\\/#organization\",\"name\":\"Medespoir France\",\"url\":\"https:\\\/\\\/www.medespoir.fr\\\/es\\\/\",\"logo\":{\"@type\":\"ImageObject\",\"inLanguage\":\"es\",\"@id\":\"https:\\\/\\\/www.medespoir.fr\\\/es\\\/#\\\/schema\\\/logo\\\/image\\\/\",\"url\":\"https:\\\/\\\/www.medespoir.fr\\\/wp-content\\\/uploads\\\/2021\\\/10\\\/cropped-logo__medespoirFR.png\",\"contentUrl\":\"https:\\\/\\\/www.medespoir.fr\\\/wp-content\\\/uploads\\\/2021\\\/10\\\/cropped-logo__medespoirFR.png\",\"width\":150,\"height\":62,\"caption\":\"Medespoir France\"},\"image\":{\"@id\":\"https:\\\/\\\/www.medespoir.fr\\\/es\\\/#\\\/schema\\\/logo\\\/image\\\/\"},\"sameAs\":[\"https:\\\/\\\/www.facebook.com\\\/MedEspoirFr\",\"https:\\\/\\\/x.com\\\/MedEspoirTN\"]}]}<\/script>\n<!-- \/ Yoast SEO plugin. -->","yoast_head_json":{"title":"Trasplante capilar T\u00fanez : trasplante capilar DHI tunisie | FUE T\u00fanez precio","description":"Trasplante capilar T\u00fanez, FUE T\u00fanez o DHI T\u00fanez para luchar contra la calvicie y hacer crecer de nuevo su cabello de forma natural.","robots":{"index":"index","follow":"follow","max-snippet":"max-snippet:-1","max-image-preview":"max-image-preview:large","max-video-preview":"max-video-preview:-1"},"canonical":"https:\/\/www.medespoir.fr\/es\/trasplante-capilar\/","twitter_misc":{"Tiempo de lectura":"4 minutos"},"schema":{"@context":"https:\/\/schema.org","@graph":[{"@type":"WebPage","@id":"https:\/\/www.medespoir.fr\/es\/trasplante-capilar\/","url":"https:\/\/www.medespoir.fr\/es\/trasplante-capilar\/","name":"Trasplante capilar T\u00fanez : trasplante capilar DHI tunisie | FUE T\u00fanez precio","isPartOf":{"@id":"https:\/\/www.medespoir.fr\/es\/#website"},"primaryImageOfPage":{"@id":"https:\/\/www.medespoir.fr\/es\/trasplante-capilar\/#primaryimage"},"image":{"@id":"https:\/\/www.medespoir.fr\/es\/trasplante-capilar\/#primaryimage"},"thumbnailUrl":"https:\/\/www.medespoir.fr\/wp-content\/uploads\/2021\/11\/header-homme.jpg","datePublished":"2017-05-24T10:37:55+00:00","dateModified":"2022-12-20T12:59:47+00:00","description":"Trasplante capilar T\u00fanez, FUE T\u00fanez o DHI T\u00fanez para luchar contra la calvicie y hacer crecer de nuevo su cabello de forma natural.","breadcrumb":{"@id":"https:\/\/www.medespoir.fr\/es\/trasplante-capilar\/#breadcrumb"},"inLanguage":"es","potentialAction":[{"@type":"ReadAction","target":["https:\/\/www.medespoir.fr\/es\/trasplante-capilar\/"]}]},{"@type":"ImageObject","inLanguage":"es","@id":"https:\/\/www.medespoir.fr\/es\/trasplante-capilar\/#primaryimage","url":"https:\/\/www.medespoir.fr\/wp-content\/uploads\/2021\/11\/header-homme.jpg","contentUrl":"https:\/\/www.medespoir.fr\/wp-content\/uploads\/2021\/11\/header-homme.jpg","width":1928,"height":479},{"@type":"BreadcrumbList","@id":"https:\/\/www.medespoir.fr\/es\/trasplante-capilar\/#breadcrumb","itemListElement":[{"@type":"ListItem","position":1,"name":"Accueil","item":"https:\/\/www.medespoir.fr\/es\/"},{"@type":"ListItem","position":2,"name":"Trasplante capilar FUE T\u00fanez : Trasplante capilar DHI T\u00fanez"}]},{"@type":"WebSite","@id":"https:\/\/www.medespoir.fr\/es\/#website","url":"https:\/\/www.medespoir.fr\/es\/","name":"Medespoir France","description":"Chirurgie esthetique Tunisie","publisher":{"@id":"https:\/\/www.medespoir.fr\/es\/#organization"},"potentialAction":[{"@type":"SearchAction","target":{"@type":"EntryPoint","urlTemplate":"https:\/\/www.medespoir.fr\/es\/?s={search_term_string}"},"query-input":{"@type":"PropertyValueSpecification","valueRequired":true,"valueName":"search_term_string"}}],"inLanguage":"es"},{"@type":"Organization","@id":"https:\/\/www.medespoir.fr\/es\/#organization","name":"Medespoir France","url":"https:\/\/www.medespoir.fr\/es\/","logo":{"@type":"ImageObject","inLanguage":"es","@id":"https:\/\/www.medespoir.fr\/es\/#\/schema\/logo\/image\/","url":"https:\/\/www.medespoir.fr\/wp-content\/uploads\/2021\/10\/cropped-logo__medespoirFR.png","contentUrl":"https:\/\/www.medespoir.fr\/wp-content\/uploads\/2021\/10\/cropped-logo__medespoirFR.png","width":150,"height":62,"caption":"Medespoir France"},"image":{"@id":"https:\/\/www.medespoir.fr\/es\/#\/schema\/logo\/image\/"},"sameAs":["https:\/\/www.facebook.com\/MedEspoirFr","https:\/\/x.com\/MedEspoirTN"]}]}},"_links":{"self":[{"href":"https:\/\/www.medespoir.fr\/es\/wp-json\/wp\/v2\/pages\/25371","targetHints":{"allow":["GET"]}}],"collection":[{"href":"https:\/\/www.medespoir.fr\/es\/wp-json\/wp\/v2\/pages"}],"about":[{"href":"https:\/\/www.medespoir.fr\/es\/wp-json\/wp\/v2\/types\/page"}],"author":[{"embeddable":true,"href":"https:\/\/www.medespoir.fr\/es\/wp-json\/wp\/v2\/users\/1"}],"replies":[{"embeddable":true,"href":"https:\/\/www.medespoir.fr\/es\/wp-json\/wp\/v2\/comments?post=25371"}],"version-history":[{"count":0,"href":"https:\/\/www.medespoir.fr\/es\/wp-json\/wp\/v2\/pages\/25371\/revisions"}],"wp:featuredmedia":[{"embeddable":true,"href":"https:\/\/www.medespoir.fr\/es\/wp-json\/wp\/v2\/media\/21247"}],"wp:attachment":[{"href":"https:\/\/www.medespoir.fr\/es\/wp-json\/wp\/v2\/media?parent=25371"}],"curies":[{"name":"wp","href":"https:\/\/api.w.org\/{rel}","templated":true}]}}