{"id":25328,"date":"2017-04-17T09:58:39","date_gmt":"2017-04-17T07:58:39","guid":{"rendered":"https:\/\/www.medespoir.fr\/modificacion-del-tercio-medio-facial-lifting-malar\/"},"modified":"2022-12-20T11:25:50","modified_gmt":"2022-12-20T10:25:50","slug":"facelift-tiers-cara-media","status":"publish","type":"page","link":"https:\/\/www.medespoir.fr\/es\/facelift-tiers-cara-media\/","title":{"rendered":"Modificaci\u00f3n del tercio medio facial: lifting malar"},"content":{"rendered":"\t\t<div data-elementor-type=\"wp-page\" data-elementor-id=\"25328\" class=\"elementor elementor-25328\">\n\t\t\t\t\t\t<section class=\"elementor-section elementor-top-section elementor-element elementor-element-ab6d537 elementor-section-boxed elementor-section-height-default elementor-section-height-default\" data-id=\"ab6d537\" data-element_type=\"section\" data-e-type=\"section\">\n\t\t\t\t\t\t<div class=\"elementor-container elementor-column-gap-default\">\n\t\t\t\t\t<div class=\"elementor-column elementor-col-66 elementor-top-column elementor-element elementor-element-eb27966\" data-id=\"eb27966\" data-element_type=\"column\" data-e-type=\"column\">\n\t\t\t<div class=\"elementor-widget-wrap elementor-element-populated\">\n\t\t\t\t\t\t<div class=\"elementor-element elementor-element-e4c0564 elementor-widget elementor-widget-text-editor\" data-id=\"e4c0564\" data-element_type=\"widget\" data-e-type=\"widget\" data-widget_type=\"text-editor.default\">\n\t\t\t\t<div class=\"elementor-widget-container\">\n\t\t\t\t\t\t\t\t\t<p>La <strong>modificaci\u00f3n del tercio medio del rostro<\/strong> est\u00e1 relacionada principalmente con la nariz, pero puede asociarse a un <strong>fortalecimiento de los p\u00f3mulos<\/strong> y a una reducci\u00f3n del tama\u00f1o de los l\u00f3bulos de las orejas, siendo la feminizaci\u00f3n una acumulaci\u00f3n de peque\u00f1os detalles.<\/p>\n\t\t\t\t\t\t\t\t<\/div>\n\t\t\t\t<\/div>\n\t\t\t\t<div class=\"elementor-element elementor-element-25c9a37 elementor-widget elementor-widget-text-editor\" data-id=\"25c9a37\" data-element_type=\"widget\" data-e-type=\"widget\" data-widget_type=\"text-editor.default\">\n\t\t\t\t<div class=\"elementor-widget-container\">\n\t\t\t\t\t\t\t\t\t<h2>Rinoplastia de feminizaci\u00f3n<\/h2>\nLa nariz es la parte m\u00e1s expuesta de la cara, tenemos la \u00abnariz en medio de la cara\u00bb.  <strong>La rinoplastia<\/strong> suele ser el elemento m\u00e1s importante en la feminizaci\u00f3n del rostro. <a href=\"https:\/\/www.medespoir.fr\/es\/lifting-facial\/\">\n  <strong>feminizaci\u00f3n de un rostro<\/strong>\n<\/a>La reparaci\u00f3n de la nariz suele ser el elemento m\u00e1s importante en la feminizaci\u00f3n del rostro, ya que permite que parezca m\u00e1s delicado. Este procedimiento requiere mucha experiencia, es un paso fundamental que debe conducir a un resultado natural y armonioso.\nEl procedimiento y su desarrollo son, por supuesto, id\u00e9nticos a los descritos en el cap\u00edtulo sobre rinoplastias.\nEl procedimiento y su desarrollo son, por supuesto, id\u00e9nticos a los de la <a href=\"https:\/\/www.medespoir.fr\/es\/rinoplastia\/\">rinoplastia est\u00e1ndar<\/a>.\nEl objetivo est\u00e9tico de la operaci\u00f3n es a\u00f1adir ciertas caracter\u00edsticas de la nariz femenina:\n<ul class=\"liste-style\">\n \t<li>Afinamiento de la pir\u00e1mide nasal \u00f3sea y de la punta de la nariz<\/li>\n \t<li>Extirpaci\u00f3n de una posible protuberancia \u00f3sea con ligero ahuecamiento de la pir\u00e1mide nasal.<\/li>\n \t<li>Descenso del \u00e1ngulo nasofrontal<\/li>\n \t<li>Aumento del \u00e1ngulo nasolabial<\/li>\n \t<li>Cirug\u00eda de refinamiento nasal<\/li>\n<\/ul>\nLos l\u00edmites de las modificaciones posibles se deben la mayor\u00eda de las veces a la calidad de la piel, si la piel es fina, las posibilidades t\u00e9cnicas son superiores a las de una piel gruesa que se ve limitada en la retracci\u00f3n.\t\t\t\t\t\t\t\t<\/div>\n\t\t\t\t<\/div>\n\t\t\t\t\t<\/div>\n\t\t<\/div>\n\t\t\t\t<div class=\"elementor-column elementor-col-33 elementor-top-column elementor-element elementor-element-3a5f5cf\" data-id=\"3a5f5cf\" data-element_type=\"column\" data-e-type=\"column\">\n\t\t\t<div class=\"elementor-widget-wrap elementor-element-populated\">\n\t\t\t\t\t\t<div class=\"elementor-element elementor-element-245565c elementor-widget elementor-widget-text-editor\" data-id=\"245565c\" data-element_type=\"widget\" data-e-type=\"widget\" data-widget_type=\"text-editor.default\">\n\t\t\t\t<div class=\"elementor-widget-container\">\n\t\t\t\t\t\t\t\t\t<p><img decoding=\"async\" class=\"alignright\" src=\"https:\/\/www.medespoir.fr\/wp-content\/uploads\/2021\/11\/lifting-medio-facial-tunisie.jpg\" alt=\"lifting-medio-facial-tunisia\"><\/p>\n\t\t\t\t\t\t\t\t<\/div>\n\t\t\t\t<\/div>\n\t\t\t\t\t<\/div>\n\t\t<\/div>\n\t\t\t\t\t<\/div>\n\t\t<\/section>\n\t\t\t\t<section class=\"elementor-section elementor-top-section elementor-element elementor-element-dcdee10 elementor-section-boxed elementor-section-height-default elementor-section-height-default\" data-id=\"dcdee10\" data-element_type=\"section\" data-e-type=\"section\" id=\"bg-devis-express\">\n\t\t\t\t\t\t<div class=\"elementor-container elementor-column-gap-default\">\n\t\t\t\t\t<div class=\"elementor-column elementor-col-100 elementor-top-column elementor-element elementor-element-e9bcfe3\" data-id=\"e9bcfe3\" data-element_type=\"column\" data-e-type=\"column\">\n\t\t\t<div class=\"elementor-widget-wrap elementor-element-populated\">\n\t\t\t\t\t\t<div class=\"elementor-element elementor-element-d95b03d elementor-widget elementor-widget-text-editor\" data-id=\"d95b03d\" data-element_type=\"widget\" data-e-type=\"widget\" data-widget_type=\"text-editor.default\">\n\t\t\t\t<div class=\"elementor-widget-container\">\n\t\t\t\t\t\t\t\t\t<style>\r\n\tbody.home #main-form h2 {\r\n   display:none;\r\n}\r\n<\/style>\r\n<h2 style=\"text-align: center;font-weight: bold;\">Presupuesto r\u00e1pido gratuito<\/h2>\r\n<iframe src=\"https:\/\/app.metocrm.com\/web-forms\/e1cab5bd-ef56-4a37-aa71-4857d931f368\"  height=\"700px\" width=\"100%\"  frameborder=\"0\"><\/iframe>\t\t\t\t\t\t\t\t<\/div>\n\t\t\t\t<\/div>\n\t\t\t\t\t<\/div>\n\t\t<\/div>\n\t\t\t\t\t<\/div>\n\t\t<\/section>\n\t\t\t\t<section class=\"elementor-section elementor-top-section elementor-element elementor-element-2d1bbe58 elementor-section-boxed elementor-section-height-default elementor-section-height-default\" data-id=\"2d1bbe58\" data-element_type=\"section\" data-e-type=\"section\">\n\t\t\t\t\t\t<div class=\"elementor-container elementor-column-gap-default\">\n\t\t\t\t\t<div class=\"elementor-column elementor-col-100 elementor-top-column elementor-element elementor-element-3e5291c7\" data-id=\"3e5291c7\" data-element_type=\"column\" data-e-type=\"column\">\n\t\t\t<div class=\"elementor-widget-wrap elementor-element-populated\">\n\t\t\t\t\t\t<div class=\"elementor-element elementor-element-162113f9 elementor-widget elementor-widget-text-editor\" data-id=\"162113f9\" data-element_type=\"widget\" data-e-type=\"widget\" data-widget_type=\"text-editor.default\">\n\t\t\t\t<div class=\"elementor-widget-container\">\n\t\t\t\t\t\t\t\t\t<h2>Reforzar los p\u00f3mulos<\/h2>\nEn  <strong>fortalecimiento de los p\u00f3mulos<\/strong>  es un car\u00e1cter de juventud con una ptosis ligada a la edad y a la feminidad, debe realizarse sin exceso como todas estas cirug\u00edas, por eso los injertos \u00f3seos se han abandonado progresivamente en favor de los lipofillings  <a href=\"https:\/\/www.medespoir.fr\/es\/acido-hialuronico\/\">inyecciones de \u00e1cido hialur\u00f3nico<\/a>o implantes de p\u00f3mulos de silicona.\nUn injerto de grasa (lipofilling) de la cara a nivel nasolabial puede completar el procedimiento de rinoplastia\n<h2>Tambi\u00e9n puede considerarse la posibilidad de reducir el tama\u00f1o de los l\u00f3bulos de las orejas:<\/h2>\nLos pabellones auriculares masculinos son a menudo voluminosos, se puede considerar una reducci\u00f3n de volumen asociada a un recogimiento parcial o a una reducci\u00f3n de los lobulillos.\n<h2>Perfeccionamiento de la genioplastia:<\/h2>\nAl mismo tiempo es posible combinar ciertos procedimientos, en particular la <a href=\"https:\/\/www.medespoir.fr\/es\/genioplastia\/\">mentonplastia<\/a>, el ment\u00f3n cuadrado y macizo es un elemento muy masculino y t\u00e9cnicamente la asociaci\u00f3n de los 2 procedimientos no plantea ning\u00fan problema\t\t\t\t\t\t\t\t<\/div>\n\t\t\t\t<\/div>\n\t\t\t\t\t<\/div>\n\t\t<\/div>\n\t\t\t\t\t<\/div>\n\t\t<\/section>\n\t\t\t\t<section class=\"elementor-section elementor-top-section elementor-element elementor-element-e45ec1f elementor-section-boxed elementor-section-height-default elementor-section-height-default\" data-id=\"e45ec1f\" data-element_type=\"section\" data-e-type=\"section\">\n\t\t\t\t\t\t<div class=\"elementor-container elementor-column-gap-default\">\n\t\t\t\t\t<div class=\"elementor-column elementor-col-50 elementor-top-column elementor-element elementor-element-98b1047\" data-id=\"98b1047\" data-element_type=\"column\" data-e-type=\"column\">\n\t\t\t<div class=\"elementor-widget-wrap elementor-element-populated\">\n\t\t\t\t\t\t<div class=\"elementor-element elementor-element-eb111f2 elementor-widget elementor-widget-html\" data-id=\"eb111f2\" data-element_type=\"widget\" data-e-type=\"widget\" data-widget_type=\"html.default\">\n\t\t\t\t<div class=\"elementor-widget-container\">\n\t\t\t\t\t<a href=\"https:\/\/www.medespoir.fr\/es\/presupuesto\/\" class=\"main__btn blue\"><span>Presupuesto gratuito<\/span><\/a>\t\t\t\t<\/div>\n\t\t\t\t<\/div>\n\t\t\t\t\t<\/div>\n\t\t<\/div>\n\t\t\t\t<div class=\"elementor-column elementor-col-50 elementor-top-column elementor-element elementor-element-878e55e\" data-id=\"878e55e\" data-element_type=\"column\" data-e-type=\"column\">\n\t\t\t<div class=\"elementor-widget-wrap\">\n\t\t\t\t\t\t\t<\/div>\n\t\t<\/div>\n\t\t\t\t\t<\/div>\n\t\t<\/section>\n\t\t\t\t<\/div>\n\t\t","protected":false},"excerpt":{"rendered":"<p>La modificaci\u00f3n del tercio medio del rostro est\u00e1 relacionada principalmente con la nariz, pero puede asociarse a un fortalecimiento de [&hellip;]<\/p>\n","protected":false},"author":1,"featured_media":20781,"parent":0,"menu_order":119,"comment_status":"closed","ping_status":"closed","template":"","meta":{"footnotes":""},"class_list":["post-25328","page","type-page","status-publish","has-post-thumbnail","hentry"],"yoast_head":"<!-- This site is optimized with the Yoast SEO plugin v27.4 - https:\/\/yoast.com\/product\/yoast-seo-wordpress\/ -->\n<title>Lifting malar T\u00fanez : Precio de un lifting facial en T\u00fanez<\/title>\n<meta name=\"description\" content=\"Lifting malar barato T\u00fanez, intervenci\u00f3n est\u00e9tica para levantar los p\u00f3mulos planos o ca\u00eddos hacia arriba. lifting facial central\" \/>\n<meta name=\"robots\" content=\"index, follow, max-snippet:-1, max-image-preview:large, max-video-preview:-1\" \/>\n<link rel=\"canonical\" href=\"https:\/\/www.medespoir.fr\/es\/facelift-tiers-cara-media\/\" \/>\n<meta name=\"twitter:label1\" content=\"Tiempo de lectura\" \/>\n\t<meta name=\"twitter:data1\" content=\"3 minutos\" \/>\n<script type=\"application\/ld+json\" class=\"yoast-schema-graph\">{\"@context\":\"https:\\\/\\\/schema.org\",\"@graph\":[{\"@type\":\"WebPage\",\"@id\":\"https:\\\/\\\/www.medespoir.fr\\\/es\\\/facelift-tiers-cara-media\\\/\",\"url\":\"https:\\\/\\\/www.medespoir.fr\\\/es\\\/facelift-tiers-cara-media\\\/\",\"name\":\"Lifting malar T\u00fanez : Precio de un lifting facial en T\u00fanez\",\"isPartOf\":{\"@id\":\"https:\\\/\\\/www.medespoir.fr\\\/es\\\/#website\"},\"primaryImageOfPage\":{\"@id\":\"https:\\\/\\\/www.medespoir.fr\\\/es\\\/facelift-tiers-cara-media\\\/#primaryimage\"},\"image\":{\"@id\":\"https:\\\/\\\/www.medespoir.fr\\\/es\\\/facelift-tiers-cara-media\\\/#primaryimage\"},\"thumbnailUrl\":\"https:\\\/\\\/www.medespoir.fr\\\/wp-content\\\/uploads\\\/2021\\\/11\\\/header-visage.jpg\",\"datePublished\":\"2017-04-17T07:58:39+00:00\",\"dateModified\":\"2022-12-20T10:25:50+00:00\",\"description\":\"Lifting malar barato T\u00fanez, intervenci\u00f3n est\u00e9tica para levantar los p\u00f3mulos planos o ca\u00eddos hacia arriba. lifting facial central\",\"breadcrumb\":{\"@id\":\"https:\\\/\\\/www.medespoir.fr\\\/es\\\/facelift-tiers-cara-media\\\/#breadcrumb\"},\"inLanguage\":\"es\",\"potentialAction\":[{\"@type\":\"ReadAction\",\"target\":[\"https:\\\/\\\/www.medespoir.fr\\\/es\\\/facelift-tiers-cara-media\\\/\"]}]},{\"@type\":\"ImageObject\",\"inLanguage\":\"es\",\"@id\":\"https:\\\/\\\/www.medespoir.fr\\\/es\\\/facelift-tiers-cara-media\\\/#primaryimage\",\"url\":\"https:\\\/\\\/www.medespoir.fr\\\/wp-content\\\/uploads\\\/2021\\\/11\\\/header-visage.jpg\",\"contentUrl\":\"https:\\\/\\\/www.medespoir.fr\\\/wp-content\\\/uploads\\\/2021\\\/11\\\/header-visage.jpg\",\"width\":1928,\"height\":479},{\"@type\":\"BreadcrumbList\",\"@id\":\"https:\\\/\\\/www.medespoir.fr\\\/es\\\/facelift-tiers-cara-media\\\/#breadcrumb\",\"itemListElement\":[{\"@type\":\"ListItem\",\"position\":1,\"name\":\"Accueil\",\"item\":\"https:\\\/\\\/www.medespoir.fr\\\/es\\\/\"},{\"@type\":\"ListItem\",\"position\":2,\"name\":\"Modificaci\u00f3n del tercio medio facial: lifting malar\"}]},{\"@type\":\"WebSite\",\"@id\":\"https:\\\/\\\/www.medespoir.fr\\\/es\\\/#website\",\"url\":\"https:\\\/\\\/www.medespoir.fr\\\/es\\\/\",\"name\":\"Medespoir France\",\"description\":\"Chirurgie esthetique Tunisie\",\"publisher\":{\"@id\":\"https:\\\/\\\/www.medespoir.fr\\\/es\\\/#organization\"},\"potentialAction\":[{\"@type\":\"SearchAction\",\"target\":{\"@type\":\"EntryPoint\",\"urlTemplate\":\"https:\\\/\\\/www.medespoir.fr\\\/es\\\/?s={search_term_string}\"},\"query-input\":{\"@type\":\"PropertyValueSpecification\",\"valueRequired\":true,\"valueName\":\"search_term_string\"}}],\"inLanguage\":\"es\"},{\"@type\":\"Organization\",\"@id\":\"https:\\\/\\\/www.medespoir.fr\\\/es\\\/#organization\",\"name\":\"Medespoir France\",\"url\":\"https:\\\/\\\/www.medespoir.fr\\\/es\\\/\",\"logo\":{\"@type\":\"ImageObject\",\"inLanguage\":\"es\",\"@id\":\"https:\\\/\\\/www.medespoir.fr\\\/es\\\/#\\\/schema\\\/logo\\\/image\\\/\",\"url\":\"https:\\\/\\\/www.medespoir.fr\\\/wp-content\\\/uploads\\\/2021\\\/10\\\/cropped-logo__medespoirFR.png\",\"contentUrl\":\"https:\\\/\\\/www.medespoir.fr\\\/wp-content\\\/uploads\\\/2021\\\/10\\\/cropped-logo__medespoirFR.png\",\"width\":150,\"height\":62,\"caption\":\"Medespoir France\"},\"image\":{\"@id\":\"https:\\\/\\\/www.medespoir.fr\\\/es\\\/#\\\/schema\\\/logo\\\/image\\\/\"},\"sameAs\":[\"https:\\\/\\\/www.facebook.com\\\/MedEspoirFr\",\"https:\\\/\\\/x.com\\\/MedEspoirTN\"]}]}<\/script>\n<!-- \/ Yoast SEO plugin. -->","yoast_head_json":{"title":"Lifting malar T\u00fanez : Precio de un lifting facial en T\u00fanez","description":"Lifting malar barato T\u00fanez, intervenci\u00f3n est\u00e9tica para levantar los p\u00f3mulos planos o ca\u00eddos hacia arriba. lifting facial central","robots":{"index":"index","follow":"follow","max-snippet":"max-snippet:-1","max-image-preview":"max-image-preview:large","max-video-preview":"max-video-preview:-1"},"canonical":"https:\/\/www.medespoir.fr\/es\/facelift-tiers-cara-media\/","twitter_misc":{"Tiempo de lectura":"3 minutos"},"schema":{"@context":"https:\/\/schema.org","@graph":[{"@type":"WebPage","@id":"https:\/\/www.medespoir.fr\/es\/facelift-tiers-cara-media\/","url":"https:\/\/www.medespoir.fr\/es\/facelift-tiers-cara-media\/","name":"Lifting malar T\u00fanez : Precio de un lifting facial en T\u00fanez","isPartOf":{"@id":"https:\/\/www.medespoir.fr\/es\/#website"},"primaryImageOfPage":{"@id":"https:\/\/www.medespoir.fr\/es\/facelift-tiers-cara-media\/#primaryimage"},"image":{"@id":"https:\/\/www.medespoir.fr\/es\/facelift-tiers-cara-media\/#primaryimage"},"thumbnailUrl":"https:\/\/www.medespoir.fr\/wp-content\/uploads\/2021\/11\/header-visage.jpg","datePublished":"2017-04-17T07:58:39+00:00","dateModified":"2022-12-20T10:25:50+00:00","description":"Lifting malar barato T\u00fanez, intervenci\u00f3n est\u00e9tica para levantar los p\u00f3mulos planos o ca\u00eddos hacia arriba. lifting facial central","breadcrumb":{"@id":"https:\/\/www.medespoir.fr\/es\/facelift-tiers-cara-media\/#breadcrumb"},"inLanguage":"es","potentialAction":[{"@type":"ReadAction","target":["https:\/\/www.medespoir.fr\/es\/facelift-tiers-cara-media\/"]}]},{"@type":"ImageObject","inLanguage":"es","@id":"https:\/\/www.medespoir.fr\/es\/facelift-tiers-cara-media\/#primaryimage","url":"https:\/\/www.medespoir.fr\/wp-content\/uploads\/2021\/11\/header-visage.jpg","contentUrl":"https:\/\/www.medespoir.fr\/wp-content\/uploads\/2021\/11\/header-visage.jpg","width":1928,"height":479},{"@type":"BreadcrumbList","@id":"https:\/\/www.medespoir.fr\/es\/facelift-tiers-cara-media\/#breadcrumb","itemListElement":[{"@type":"ListItem","position":1,"name":"Accueil","item":"https:\/\/www.medespoir.fr\/es\/"},{"@type":"ListItem","position":2,"name":"Modificaci\u00f3n del tercio medio facial: lifting malar"}]},{"@type":"WebSite","@id":"https:\/\/www.medespoir.fr\/es\/#website","url":"https:\/\/www.medespoir.fr\/es\/","name":"Medespoir France","description":"Chirurgie esthetique Tunisie","publisher":{"@id":"https:\/\/www.medespoir.fr\/es\/#organization"},"potentialAction":[{"@type":"SearchAction","target":{"@type":"EntryPoint","urlTemplate":"https:\/\/www.medespoir.fr\/es\/?s={search_term_string}"},"query-input":{"@type":"PropertyValueSpecification","valueRequired":true,"valueName":"search_term_string"}}],"inLanguage":"es"},{"@type":"Organization","@id":"https:\/\/www.medespoir.fr\/es\/#organization","name":"Medespoir France","url":"https:\/\/www.medespoir.fr\/es\/","logo":{"@type":"ImageObject","inLanguage":"es","@id":"https:\/\/www.medespoir.fr\/es\/#\/schema\/logo\/image\/","url":"https:\/\/www.medespoir.fr\/wp-content\/uploads\/2021\/10\/cropped-logo__medespoirFR.png","contentUrl":"https:\/\/www.medespoir.fr\/wp-content\/uploads\/2021\/10\/cropped-logo__medespoirFR.png","width":150,"height":62,"caption":"Medespoir France"},"image":{"@id":"https:\/\/www.medespoir.fr\/es\/#\/schema\/logo\/image\/"},"sameAs":["https:\/\/www.facebook.com\/MedEspoirFr","https:\/\/x.com\/MedEspoirTN"]}]}},"_links":{"self":[{"href":"https:\/\/www.medespoir.fr\/es\/wp-json\/wp\/v2\/pages\/25328","targetHints":{"allow":["GET"]}}],"collection":[{"href":"https:\/\/www.medespoir.fr\/es\/wp-json\/wp\/v2\/pages"}],"about":[{"href":"https:\/\/www.medespoir.fr\/es\/wp-json\/wp\/v2\/types\/page"}],"author":[{"embeddable":true,"href":"https:\/\/www.medespoir.fr\/es\/wp-json\/wp\/v2\/users\/1"}],"replies":[{"embeddable":true,"href":"https:\/\/www.medespoir.fr\/es\/wp-json\/wp\/v2\/comments?post=25328"}],"version-history":[{"count":0,"href":"https:\/\/www.medespoir.fr\/es\/wp-json\/wp\/v2\/pages\/25328\/revisions"}],"wp:featuredmedia":[{"embeddable":true,"href":"https:\/\/www.medespoir.fr\/es\/wp-json\/wp\/v2\/media\/20781"}],"wp:attachment":[{"href":"https:\/\/www.medespoir.fr\/es\/wp-json\/wp\/v2\/media?parent=25328"}],"curies":[{"name":"wp","href":"https:\/\/api.w.org\/{rel}","templated":true}]}}