{"id":25216,"date":"2017-10-06T10:51:55","date_gmt":"2017-10-06T08:51:55","guid":{"rendered":"https:\/\/www.medespoir.fr\/rinoplastia-correctiva-una-correccion-puramente-estetica\/"},"modified":"2022-12-20T16:52:00","modified_gmt":"2022-12-20T15:52:00","slug":"correccion-nariz","status":"publish","type":"page","link":"https:\/\/www.medespoir.fr\/es\/correccion-nariz\/","title":{"rendered":"Rinoplastia correctiva: \u00a1una correcci\u00f3n puramente est\u00e9tica!"},"content":{"rendered":"\t\t<div data-elementor-type=\"wp-page\" data-elementor-id=\"25216\" class=\"elementor elementor-25216\">\n\t\t\t\t\t\t<section class=\"elementor-section elementor-top-section elementor-element elementor-element-5df6120 elementor-section-boxed elementor-section-height-default elementor-section-height-default\" data-id=\"5df6120\" data-element_type=\"section\" data-e-type=\"section\">\n\t\t\t\t\t\t<div class=\"elementor-container elementor-column-gap-default\">\n\t\t\t\t\t<div class=\"elementor-column elementor-col-66 elementor-top-column elementor-element elementor-element-ae7cc8f\" data-id=\"ae7cc8f\" data-element_type=\"column\" data-e-type=\"column\">\n\t\t\t<div class=\"elementor-widget-wrap elementor-element-populated\">\n\t\t\t\t\t\t<div class=\"elementor-element elementor-element-c9c8675 elementor-widget elementor-widget-text-editor\" data-id=\"c9c8675\" data-element_type=\"widget\" data-e-type=\"widget\" data-widget_type=\"text-editor.default\">\n\t\t\t\t<div class=\"elementor-widget-container\">\n\t\t\t\t\t\t\t\t\tLa <strong>rinoplastia<\/strong> es la <em>correcci\u00f3n quir\u00fargica de los problemas nasales<\/em>. La nariz de un paciente puede presentar problemas est\u00e9ticos, es decir, de naturaleza puramente cosm\u00e9tica. Los problemas tambi\u00e9n pueden ser funcionales, lo que significa que afectan a la capacidad de la nariz para funcionar correctamente. Independientemente del tipo de problema, la <em>correcci\u00f3n de un problema nasal<\/em> puede tener un gran impacto positivo en la calidad de vida del paciente.\n\n\t\t\t\t\t\t\t\t<\/div>\n\t\t\t\t<\/div>\n\t\t\t\t<div class=\"elementor-element elementor-element-7fcd4d4 elementor-widget elementor-widget-text-editor\" data-id=\"7fcd4d4\" data-element_type=\"widget\" data-e-type=\"widget\" data-widget_type=\"text-editor.default\">\n\t\t\t\t<div class=\"elementor-widget-container\">\n\t\t\t\t\t\t\t\t\t<h2>Rinoplastia con fines puramente est\u00e9ticos: \u00bfen qu\u00e9 consiste?<\/h2>\nSi su nariz es claramente demasiado grande o tiene un aspecto inusual: demasiado peque\u00f1a, una punta poco atractiva, una nariz aguile\u00f1a, una nariz que no es recta o mal perfilada en las aletas nasales, desde el primer an\u00e1lisis del tama\u00f1o y la forma de su nariz, el aspecto general es decisivo. Estamos seguros de que su rinoplastia se realizar\u00e1 por motivos puramente est\u00e9ticos y se llevar\u00e1 a cabo de la forma m\u00e1s adecuada para su cara y sus dimensiones.\n\nEl objetivo principal de la rinoplastia est\u00e9tica es modificar la morfolog\u00eda de la nariz, para darle un aspecto est\u00e9tico diferente, encuadr\u00e1ndose as\u00ed en el marco cl\u00e1sico de la cirug\u00eda est\u00e9tica.\n\nPor lo tanto, el objetivo importante para el <a href=\"https:\/\/www.medespoir.fr\/es\/rinoplastia\/\">\n  <strong>correcci\u00f3n est\u00e9tica de la nariz<\/strong>\n<\/a> es lograr un resultado armonioso en el que la nariz y la cara sean totalmente compatibles con el aspecto habitual.\t\t\t\t\t\t\t\t<\/div>\n\t\t\t\t<\/div>\n\t\t\t\t\t<\/div>\n\t\t<\/div>\n\t\t\t\t<div class=\"elementor-column elementor-col-33 elementor-top-column elementor-element elementor-element-9469fcc\" data-id=\"9469fcc\" data-element_type=\"column\" data-e-type=\"column\">\n\t\t\t<div class=\"elementor-widget-wrap elementor-element-populated\">\n\t\t\t\t\t\t<div class=\"elementor-element elementor-element-3d46b81 elementor-widget elementor-widget-text-editor\" data-id=\"3d46b81\" data-element_type=\"widget\" data-e-type=\"widget\" id=\"margin__btm\" data-widget_type=\"text-editor.default\">\n\t\t\t\t<div class=\"elementor-widget-container\">\n\t\t\t\t\t\t\t\t\t<p><img decoding=\"async\" class=\"size-full aligncenter\" src=\"https:\/\/www.medespoir.fr\/wp-content\/uploads\/2021\/11\/rhinoplastie-correction-Tunisie.jpg\" alt=\"correcci\u00f3n de nariz T\u00fanez\"><\/p>\n\t\t\t\t\t\t\t\t<\/div>\n\t\t\t\t<\/div>\n\t\t\t\t\t<\/div>\n\t\t<\/div>\n\t\t\t\t\t<\/div>\n\t\t<\/section>\n\t\t\t\t<section class=\"elementor-section elementor-top-section elementor-element elementor-element-2e5f40b elementor-section-boxed elementor-section-height-default elementor-section-height-default\" data-id=\"2e5f40b\" data-element_type=\"section\" data-e-type=\"section\" id=\"bg-devis-express\">\n\t\t\t\t\t\t<div class=\"elementor-container elementor-column-gap-default\">\n\t\t\t\t\t<div class=\"elementor-column elementor-col-100 elementor-top-column elementor-element elementor-element-90a29bf\" data-id=\"90a29bf\" data-element_type=\"column\" data-e-type=\"column\">\n\t\t\t<div class=\"elementor-widget-wrap elementor-element-populated\">\n\t\t\t\t\t\t<div class=\"elementor-element elementor-element-25fcb33 elementor-widget elementor-widget-text-editor\" data-id=\"25fcb33\" data-element_type=\"widget\" data-e-type=\"widget\" data-widget_type=\"text-editor.default\">\n\t\t\t\t<div class=\"elementor-widget-container\">\n\t\t\t\t\t\t\t\t\t<style>\r\n\tbody.home #main-form h2 {\r\n   display:none;\r\n}\r\n<\/style>\r\n<h2 style=\"text-align: center;font-weight: bold;\">Presupuesto r\u00e1pido gratuito<\/h2>\r\n<iframe src=\"https:\/\/app.metocrm.com\/web-forms\/e1cab5bd-ef56-4a37-aa71-4857d931f368\"  height=\"700px\" width=\"100%\"  frameborder=\"0\"><\/iframe>\n\t\t\t\t\t\t\t\t<\/div>\n\t\t\t\t<\/div>\n\t\t\t\t\t<\/div>\n\t\t<\/div>\n\t\t\t\t\t<\/div>\n\t\t<\/section>\n\t\t\t\t<section class=\"elementor-section elementor-top-section elementor-element elementor-element-e659502 elementor-section-boxed elementor-section-height-default elementor-section-height-default\" data-id=\"e659502\" data-element_type=\"section\" data-e-type=\"section\">\n\t\t\t\t\t\t<div class=\"elementor-container elementor-column-gap-default\">\n\t\t\t\t\t<div class=\"elementor-column elementor-col-100 elementor-top-column elementor-element elementor-element-baf7b72\" data-id=\"baf7b72\" data-element_type=\"column\" data-e-type=\"column\">\n\t\t\t<div class=\"elementor-widget-wrap elementor-element-populated\">\n\t\t\t\t\t\t<div class=\"elementor-element elementor-element-fcf14f3 elementor-widget elementor-widget-text-editor\" data-id=\"fcf14f3\" data-element_type=\"widget\" data-e-type=\"widget\" data-widget_type=\"text-editor.default\">\n\t\t\t\t<div class=\"elementor-widget-container\">\n\t\t\t\t\t\t\t\t\t<h2>Cirug\u00eda: posibles t\u00e9cnicas<\/h2>\nLa intervenci\u00f3n puede realizarse bajo anestesia general o sedaci\u00f3n con inyecciones de anestesia local. Dependiendo de la variedad de casos, su duraci\u00f3n puede variar entre una y dos horas. Existen dos enfoques posibles para realizar esta rinoplastia: la t\u00e9cnica de <strong>rinoplastia abierta<\/strong> y la t\u00e9cnica de <strong>rinoplastia cerrada<\/strong>.\n\nLa diferencia entre ambas t\u00e9cnicas se limita al tipo de grabado.\n<ul class=\"liste-style\">\n \t<li>La rinoplastia abierta o la t\u00e9cnica abierta utiliza en cambio una peque\u00f1a incisi\u00f3n en la parte oculta de la columela nasal (la zona que divide las dos fosas nasales); al contrario de lo que pueda imaginar, se trata de una t\u00e9cnica de rinoplastia m\u00e1s moderna y fiable. As\u00ed pues, a este nivel, la incisi\u00f3n es externa y s\u00f3lo mide unos mil\u00edmetros.<\/li>\n \t<li>La rinoplastia cerrada o t\u00e9cnica cerrada es menos invasiva y consiste en realizar todas las incisiones en el interior de la nariz.<\/li>\n<\/ul>\n\t\t\t\t\t\t\t\t<\/div>\n\t\t\t\t<\/div>\n\t\t\t\t<div class=\"elementor-element elementor-element-580643f elementor-widget elementor-widget-text-editor\" data-id=\"580643f\" data-element_type=\"widget\" data-e-type=\"widget\" data-widget_type=\"text-editor.default\">\n\t\t\t\t<div class=\"elementor-widget-container\">\n\t\t\t\t\t\t\t\t\t<p>Una vez realizados los grabados, se retira la giba dorsal y, mediante instrumentos especiales, se fracturan los huesos nasales en la base para <em>reposicionar y reconstruir el dorso de la nariz<\/em>. Esto <em>remodela la punta nasal<\/em>, haci\u00e9ndola m\u00e1s peque\u00f1a y predecible. Adem\u00e1s de la <em>correcci\u00f3n puramente est\u00e9tica de la nariz<\/em>, se puede corregir la desviaci\u00f3n del tabique nasal, responsable de las dificultades respiratorias, y en este caso ser\u00e1 una asociaci\u00f3n con una <a href=\"https:\/\/www.medespoir.fr\/es\/rinoplastia-medica\/\">rinoplastia m\u00e9dica<\/a>. Al final de la intervenci\u00f3n, se colocar\u00e1n unas clavijas nasales que se retirar\u00e1n un d\u00eda despu\u00e9s si el tabique no se ha visto afectado, o cinco d\u00edas despu\u00e9s si tambi\u00e9n se ha corregido la desviaci\u00f3n s\u00e9ptica. Se aplica tiza en la espalda para inmovilizar los huesos, que se retirar\u00e1 al cabo de unos diez d\u00edas.<\/p>\n\t\t\t\t\t\t\t\t<\/div>\n\t\t\t\t<\/div>\n\t\t\t\t\t<\/div>\n\t\t<\/div>\n\t\t\t\t\t<\/div>\n\t\t<\/section>\n\t\t\t\t<section class=\"elementor-section elementor-top-section elementor-element elementor-element-7ab1c89c elementor-section-boxed elementor-section-height-default elementor-section-height-default\" data-id=\"7ab1c89c\" data-element_type=\"section\" data-e-type=\"section\" id=\"bg__grad\">\n\t\t\t\t\t\t<div class=\"elementor-container elementor-column-gap-default\">\n\t\t\t\t\t<div class=\"elementor-column elementor-col-100 elementor-top-column elementor-element elementor-element-4952b0e9\" data-id=\"4952b0e9\" data-element_type=\"column\" data-e-type=\"column\" id=\"all__white\">\n\t\t\t<div class=\"elementor-widget-wrap elementor-element-populated\">\n\t\t\t\t\t\t<div class=\"elementor-element elementor-element-14b54811 elementor-widget elementor-widget-text-editor\" data-id=\"14b54811\" data-element_type=\"widget\" data-e-type=\"widget\" data-widget_type=\"text-editor.default\">\n\t\t\t\t<div class=\"elementor-widget-container\">\n\t\t\t\t\t\t\t\t\t<h2>Las diferentes correcciones posibles durante esta correcci\u00f3n<\/h2>\nLas narices pueden experimentar una gran variedad de irregularidades, y la rinoplastia est\u00e9tica es un procedimiento que trata de abordar y corregir los problemas que puedan estar molestando al paciente. Por lo tanto, la rinoplastia de correcci\u00f3n en la parte superior, de car\u00e1cter puramente est\u00e9tico, permite reducir la nariz cuando existe un bulto antiest\u00e9tico o si est\u00e1 demasiado curvada, o aumentar su volumen si se detecta que es demasiado peque\u00f1a o roma. Por lo tanto, este tipo de <strong>cirug\u00eda nasal<\/strong> puede utilizarse para la correcci\u00f3n de :\n<ul class=\"liste-style\">\n \t<li>Nariz demasiado grande para la cara<\/li>\n \t<li>Un bulto en el puente de la nariz<\/li>\n \t<li>Una nariz ancha<\/li>\n \t<li>Una punta inclinada<\/li>\n \t<li>Fosas nasales excesivamente abiertas<\/li>\n \t<li>Un aspecto retorcido<\/li>\n \t<li>Nariz aguile\u00f1a<\/li>\n \t<li>Una nariz partida<\/li>\n \t<li>Una nariz larga<\/li>\n \t<li>De las alas de la nariz<\/li>\n \t<li>Y mucho m\u00e1s.<\/li>\n<\/ul>\n\t\t\t\t\t\t\t\t<\/div>\n\t\t\t\t<\/div>\n\t\t\t\t\t<\/div>\n\t\t<\/div>\n\t\t\t\t\t<\/div>\n\t\t<\/section>\n\t\t\t\t<section class=\"elementor-section elementor-top-section elementor-element elementor-element-56f846e elementor-section-boxed elementor-section-height-default elementor-section-height-default\" data-id=\"56f846e\" data-element_type=\"section\" data-e-type=\"section\">\n\t\t\t\t\t\t<div class=\"elementor-container elementor-column-gap-default\">\n\t\t\t\t\t<div class=\"elementor-column elementor-col-100 elementor-top-column elementor-element elementor-element-b22f38d\" data-id=\"b22f38d\" data-element_type=\"column\" data-e-type=\"column\">\n\t\t\t<div class=\"elementor-widget-wrap elementor-element-populated\">\n\t\t\t\t\t\t<div class=\"elementor-element elementor-element-8b0bf2d elementor-widget elementor-widget-text-editor\" data-id=\"8b0bf2d\" data-element_type=\"widget\" data-e-type=\"widget\" data-widget_type=\"text-editor.default\">\n\t\t\t\t<div class=\"elementor-widget-container\">\n\t\t\t\t\t\t\t\t\t<h2>Recuperaci\u00f3n y postoperatorio<\/h2>\n<ul class=\"liste-style\">\n \t<li>Tras la intervenci\u00f3n, es probable que aparezca una sensaci\u00f3n de dolor de forma habitual, s\u00f3lo durante la primera noche despu\u00e9s de la intervenci\u00f3n, que puede controlarse con analg\u00e9sicos orales simples.<\/li>\n \t<li>La aparici\u00f3n de hinchaz\u00f3n y hematomas, que afectan principalmente a la parte superior de la cara y a la zona periocular, es completamente normal.<\/li>\n \t<li>Estos s\u00edntomas tienden a desaparecer en 7-10 d\u00edas, aunque puede quedar algo de inflamaci\u00f3n residual durante 5-6 meses, sobre todo en la rinoplastia abierta.<\/li>\n \t<li>Dependiendo de la resoluci\u00f3n de los hematomas y la inflamaci\u00f3n, la vuelta al trabajo es posible despu\u00e9s de 7 a 10 d\u00edas de la cirug\u00eda.<\/li>\n \t<li>Se recomienda evitar las actividades deportivas durante al menos 3 semanas.<\/li>\n \t<li>Como ocurre con muchas intervenciones quir\u00fargicas, el resultado final se evaluar\u00e1 entre seis meses y un a\u00f1o despu\u00e9s de la cirug\u00eda.<\/li>\n<\/ul>\n<ul class=\"liste-style\">\n \t<li><a href=\"https:\/\/www.medespoir.fr\/es\/rinoplastia-etnica\/\">Rinoplastia \u00e9tnica<\/a><\/li>\n \t<li><a href=\"https:\/\/www.medespoir.fr\/es\/rinoplastia-medica\/\">Rinoplastia m\u00e9dica<\/a><\/li>\n \t<li><a href=\"https:\/\/www.medespoir.fr\/es\/profiloplastia\/ \">Profiloplastia<\/a><\/li>\n<\/ul>\t\t\t\t\t\t\t\t<\/div>\n\t\t\t\t<\/div>\n\t\t\t\t\t<\/div>\n\t\t<\/div>\n\t\t\t\t\t<\/div>\n\t\t<\/section>\n\t\t\t\t<section class=\"elementor-section elementor-top-section elementor-element elementor-element-2ef0bb2 elementor-section-boxed elementor-section-height-default elementor-section-height-default\" data-id=\"2ef0bb2\" data-element_type=\"section\" data-e-type=\"section\">\n\t\t\t\t\t\t<div class=\"elementor-container elementor-column-gap-default\">\n\t\t\t\t\t<div class=\"elementor-column elementor-col-50 elementor-top-column elementor-element elementor-element-052f4b4\" data-id=\"052f4b4\" data-element_type=\"column\" data-e-type=\"column\">\n\t\t\t<div class=\"elementor-widget-wrap elementor-element-populated\">\n\t\t\t\t\t\t<div class=\"elementor-element elementor-element-0eafb04 elementor-widget elementor-widget-html\" data-id=\"0eafb04\" data-element_type=\"widget\" data-e-type=\"widget\" data-widget_type=\"html.default\">\n\t\t\t\t<div class=\"elementor-widget-container\">\n\t\t\t\t\t<a href=\"https:\/\/www.medespoir.fr\/es\/presupuesto\/\" class=\"main__btn blue\"><span>Presupuesto gratuito<\/span><\/a>\t\t\t\t<\/div>\n\t\t\t\t<\/div>\n\t\t\t\t\t<\/div>\n\t\t<\/div>\n\t\t\t\t<div class=\"elementor-column elementor-col-50 elementor-top-column elementor-element elementor-element-eecca9c\" data-id=\"eecca9c\" data-element_type=\"column\" data-e-type=\"column\">\n\t\t\t<div class=\"elementor-widget-wrap\">\n\t\t\t\t\t\t\t<\/div>\n\t\t<\/div>\n\t\t\t\t\t<\/div>\n\t\t<\/section>\n\t\t\t\t<\/div>\n\t\t","protected":false},"excerpt":{"rendered":"<p>La rinoplastia es la correcci\u00f3n quir\u00fargica de los problemas nasales. La nariz de un paciente puede presentar problemas est\u00e9ticos, es [&hellip;]<\/p>\n","protected":false},"author":2,"featured_media":20781,"parent":0,"menu_order":109,"comment_status":"closed","ping_status":"closed","template":"","meta":{"footnotes":""},"class_list":["post-25216","page","type-page","status-publish","has-post-thumbnail","hentry"],"yoast_head":"<!-- This site is optimized with the Yoast SEO plugin v27.4 - https:\/\/yoast.com\/product\/yoast-seo-wordpress\/ -->\n<title>Correcci\u00f3n rinoplastia en T\u00fanez : Correcci\u00f3n nariz T\u00fanez<\/title>\n<meta name=\"description\" content=\"La rinoplastia correctiva o reparaci\u00f3n de la nariz es la correcci\u00f3n de determinados problemas nasales funcionales o de una rinoplastia primaria que ha fracasado.\" \/>\n<meta name=\"robots\" content=\"index, follow, max-snippet:-1, max-image-preview:large, max-video-preview:-1\" \/>\n<link rel=\"canonical\" href=\"https:\/\/www.medespoir.fr\/es\/correccion-nariz\/\" \/>\n<meta name=\"twitter:label1\" content=\"Tiempo de lectura\" \/>\n\t<meta name=\"twitter:data1\" content=\"4 minutos\" \/>\n<script type=\"application\/ld+json\" class=\"yoast-schema-graph\">{\"@context\":\"https:\\\/\\\/schema.org\",\"@graph\":[{\"@type\":\"WebPage\",\"@id\":\"https:\\\/\\\/www.medespoir.fr\\\/es\\\/correccion-nariz\\\/\",\"url\":\"https:\\\/\\\/www.medespoir.fr\\\/es\\\/correccion-nariz\\\/\",\"name\":\"Correcci\u00f3n rinoplastia en T\u00fanez : Correcci\u00f3n nariz T\u00fanez\",\"isPartOf\":{\"@id\":\"https:\\\/\\\/www.medespoir.fr\\\/es\\\/#website\"},\"primaryImageOfPage\":{\"@id\":\"https:\\\/\\\/www.medespoir.fr\\\/es\\\/correccion-nariz\\\/#primaryimage\"},\"image\":{\"@id\":\"https:\\\/\\\/www.medespoir.fr\\\/es\\\/correccion-nariz\\\/#primaryimage\"},\"thumbnailUrl\":\"https:\\\/\\\/www.medespoir.fr\\\/wp-content\\\/uploads\\\/2021\\\/11\\\/header-visage.jpg\",\"datePublished\":\"2017-10-06T08:51:55+00:00\",\"dateModified\":\"2022-12-20T15:52:00+00:00\",\"description\":\"La rinoplastia correctiva o reparaci\u00f3n de la nariz es la correcci\u00f3n de determinados problemas nasales funcionales o de una rinoplastia primaria que ha fracasado.\",\"breadcrumb\":{\"@id\":\"https:\\\/\\\/www.medespoir.fr\\\/es\\\/correccion-nariz\\\/#breadcrumb\"},\"inLanguage\":\"es\",\"potentialAction\":[{\"@type\":\"ReadAction\",\"target\":[\"https:\\\/\\\/www.medespoir.fr\\\/es\\\/correccion-nariz\\\/\"]}]},{\"@type\":\"ImageObject\",\"inLanguage\":\"es\",\"@id\":\"https:\\\/\\\/www.medespoir.fr\\\/es\\\/correccion-nariz\\\/#primaryimage\",\"url\":\"https:\\\/\\\/www.medespoir.fr\\\/wp-content\\\/uploads\\\/2021\\\/11\\\/header-visage.jpg\",\"contentUrl\":\"https:\\\/\\\/www.medespoir.fr\\\/wp-content\\\/uploads\\\/2021\\\/11\\\/header-visage.jpg\",\"width\":1928,\"height\":479},{\"@type\":\"BreadcrumbList\",\"@id\":\"https:\\\/\\\/www.medespoir.fr\\\/es\\\/correccion-nariz\\\/#breadcrumb\",\"itemListElement\":[{\"@type\":\"ListItem\",\"position\":1,\"name\":\"Accueil\",\"item\":\"https:\\\/\\\/www.medespoir.fr\\\/es\\\/\"},{\"@type\":\"ListItem\",\"position\":2,\"name\":\"Rinoplastia correctiva: \u00a1una correcci\u00f3n puramente est\u00e9tica!\"}]},{\"@type\":\"WebSite\",\"@id\":\"https:\\\/\\\/www.medespoir.fr\\\/es\\\/#website\",\"url\":\"https:\\\/\\\/www.medespoir.fr\\\/es\\\/\",\"name\":\"Medespoir France\",\"description\":\"Chirurgie esthetique Tunisie\",\"publisher\":{\"@id\":\"https:\\\/\\\/www.medespoir.fr\\\/es\\\/#organization\"},\"potentialAction\":[{\"@type\":\"SearchAction\",\"target\":{\"@type\":\"EntryPoint\",\"urlTemplate\":\"https:\\\/\\\/www.medespoir.fr\\\/es\\\/?s={search_term_string}\"},\"query-input\":{\"@type\":\"PropertyValueSpecification\",\"valueRequired\":true,\"valueName\":\"search_term_string\"}}],\"inLanguage\":\"es\"},{\"@type\":\"Organization\",\"@id\":\"https:\\\/\\\/www.medespoir.fr\\\/es\\\/#organization\",\"name\":\"Medespoir France\",\"url\":\"https:\\\/\\\/www.medespoir.fr\\\/es\\\/\",\"logo\":{\"@type\":\"ImageObject\",\"inLanguage\":\"es\",\"@id\":\"https:\\\/\\\/www.medespoir.fr\\\/es\\\/#\\\/schema\\\/logo\\\/image\\\/\",\"url\":\"https:\\\/\\\/www.medespoir.fr\\\/wp-content\\\/uploads\\\/2021\\\/10\\\/cropped-logo__medespoirFR.png\",\"contentUrl\":\"https:\\\/\\\/www.medespoir.fr\\\/wp-content\\\/uploads\\\/2021\\\/10\\\/cropped-logo__medespoirFR.png\",\"width\":150,\"height\":62,\"caption\":\"Medespoir France\"},\"image\":{\"@id\":\"https:\\\/\\\/www.medespoir.fr\\\/es\\\/#\\\/schema\\\/logo\\\/image\\\/\"},\"sameAs\":[\"https:\\\/\\\/www.facebook.com\\\/MedEspoirFr\",\"https:\\\/\\\/x.com\\\/MedEspoirTN\"]}]}<\/script>\n<!-- \/ Yoast SEO plugin. -->","yoast_head_json":{"title":"Correcci\u00f3n rinoplastia en T\u00fanez : Correcci\u00f3n nariz T\u00fanez","description":"La rinoplastia correctiva o reparaci\u00f3n de la nariz es la correcci\u00f3n de determinados problemas nasales funcionales o de una rinoplastia primaria que ha fracasado.","robots":{"index":"index","follow":"follow","max-snippet":"max-snippet:-1","max-image-preview":"max-image-preview:large","max-video-preview":"max-video-preview:-1"},"canonical":"https:\/\/www.medespoir.fr\/es\/correccion-nariz\/","twitter_misc":{"Tiempo de lectura":"4 minutos"},"schema":{"@context":"https:\/\/schema.org","@graph":[{"@type":"WebPage","@id":"https:\/\/www.medespoir.fr\/es\/correccion-nariz\/","url":"https:\/\/www.medespoir.fr\/es\/correccion-nariz\/","name":"Correcci\u00f3n rinoplastia en T\u00fanez : Correcci\u00f3n nariz T\u00fanez","isPartOf":{"@id":"https:\/\/www.medespoir.fr\/es\/#website"},"primaryImageOfPage":{"@id":"https:\/\/www.medespoir.fr\/es\/correccion-nariz\/#primaryimage"},"image":{"@id":"https:\/\/www.medespoir.fr\/es\/correccion-nariz\/#primaryimage"},"thumbnailUrl":"https:\/\/www.medespoir.fr\/wp-content\/uploads\/2021\/11\/header-visage.jpg","datePublished":"2017-10-06T08:51:55+00:00","dateModified":"2022-12-20T15:52:00+00:00","description":"La rinoplastia correctiva o reparaci\u00f3n de la nariz es la correcci\u00f3n de determinados problemas nasales funcionales o de una rinoplastia primaria que ha fracasado.","breadcrumb":{"@id":"https:\/\/www.medespoir.fr\/es\/correccion-nariz\/#breadcrumb"},"inLanguage":"es","potentialAction":[{"@type":"ReadAction","target":["https:\/\/www.medespoir.fr\/es\/correccion-nariz\/"]}]},{"@type":"ImageObject","inLanguage":"es","@id":"https:\/\/www.medespoir.fr\/es\/correccion-nariz\/#primaryimage","url":"https:\/\/www.medespoir.fr\/wp-content\/uploads\/2021\/11\/header-visage.jpg","contentUrl":"https:\/\/www.medespoir.fr\/wp-content\/uploads\/2021\/11\/header-visage.jpg","width":1928,"height":479},{"@type":"BreadcrumbList","@id":"https:\/\/www.medespoir.fr\/es\/correccion-nariz\/#breadcrumb","itemListElement":[{"@type":"ListItem","position":1,"name":"Accueil","item":"https:\/\/www.medespoir.fr\/es\/"},{"@type":"ListItem","position":2,"name":"Rinoplastia correctiva: \u00a1una correcci\u00f3n puramente est\u00e9tica!"}]},{"@type":"WebSite","@id":"https:\/\/www.medespoir.fr\/es\/#website","url":"https:\/\/www.medespoir.fr\/es\/","name":"Medespoir France","description":"Chirurgie esthetique Tunisie","publisher":{"@id":"https:\/\/www.medespoir.fr\/es\/#organization"},"potentialAction":[{"@type":"SearchAction","target":{"@type":"EntryPoint","urlTemplate":"https:\/\/www.medespoir.fr\/es\/?s={search_term_string}"},"query-input":{"@type":"PropertyValueSpecification","valueRequired":true,"valueName":"search_term_string"}}],"inLanguage":"es"},{"@type":"Organization","@id":"https:\/\/www.medespoir.fr\/es\/#organization","name":"Medespoir France","url":"https:\/\/www.medespoir.fr\/es\/","logo":{"@type":"ImageObject","inLanguage":"es","@id":"https:\/\/www.medespoir.fr\/es\/#\/schema\/logo\/image\/","url":"https:\/\/www.medespoir.fr\/wp-content\/uploads\/2021\/10\/cropped-logo__medespoirFR.png","contentUrl":"https:\/\/www.medespoir.fr\/wp-content\/uploads\/2021\/10\/cropped-logo__medespoirFR.png","width":150,"height":62,"caption":"Medespoir France"},"image":{"@id":"https:\/\/www.medespoir.fr\/es\/#\/schema\/logo\/image\/"},"sameAs":["https:\/\/www.facebook.com\/MedEspoirFr","https:\/\/x.com\/MedEspoirTN"]}]}},"_links":{"self":[{"href":"https:\/\/www.medespoir.fr\/es\/wp-json\/wp\/v2\/pages\/25216","targetHints":{"allow":["GET"]}}],"collection":[{"href":"https:\/\/www.medespoir.fr\/es\/wp-json\/wp\/v2\/pages"}],"about":[{"href":"https:\/\/www.medespoir.fr\/es\/wp-json\/wp\/v2\/types\/page"}],"author":[{"embeddable":true,"href":"https:\/\/www.medespoir.fr\/es\/wp-json\/wp\/v2\/users\/2"}],"replies":[{"embeddable":true,"href":"https:\/\/www.medespoir.fr\/es\/wp-json\/wp\/v2\/comments?post=25216"}],"version-history":[{"count":0,"href":"https:\/\/www.medespoir.fr\/es\/wp-json\/wp\/v2\/pages\/25216\/revisions"}],"wp:featuredmedia":[{"embeddable":true,"href":"https:\/\/www.medespoir.fr\/es\/wp-json\/wp\/v2\/media\/20781"}],"wp:attachment":[{"href":"https:\/\/www.medespoir.fr\/es\/wp-json\/wp\/v2\/media?parent=25216"}],"curies":[{"name":"wp","href":"https:\/\/api.w.org\/{rel}","templated":true}]}}