{"id":25211,"date":"2017-10-04T10:57:04","date_gmt":"2017-10-04T08:57:04","guid":{"rendered":"https:\/\/www.medespoir.fr\/rinoplastia-medica-tratamiento-no-quirurgico-de-la-nariz-en-tunez\/"},"modified":"2022-12-20T10:20:30","modified_gmt":"2022-12-20T09:20:30","slug":"rinoplastia-medica","status":"publish","type":"page","link":"https:\/\/www.medespoir.fr\/es\/rinoplastia-medica\/","title":{"rendered":"Rinoplastia M\u00e9dica : Tratamiento no quir\u00fargico de la nariz en T\u00fanez"},"content":{"rendered":"\t\t<div data-elementor-type=\"wp-page\" data-elementor-id=\"25211\" class=\"elementor elementor-25211\">\n\t\t\t\t\t\t<section class=\"elementor-section elementor-top-section elementor-element elementor-element-149b5fa elementor-section-boxed elementor-section-height-default elementor-section-height-default\" data-id=\"149b5fa\" data-element_type=\"section\" data-e-type=\"section\">\n\t\t\t\t\t\t<div class=\"elementor-container elementor-column-gap-default\">\n\t\t\t\t\t<div class=\"elementor-column elementor-col-66 elementor-top-column elementor-element elementor-element-1835b69\" data-id=\"1835b69\" data-element_type=\"column\" data-e-type=\"column\">\n\t\t\t<div class=\"elementor-widget-wrap elementor-element-populated\">\n\t\t\t\t\t\t<div class=\"elementor-element elementor-element-530ed66 elementor-widget elementor-widget-text-editor\" data-id=\"530ed66\" data-element_type=\"widget\" data-e-type=\"widget\" data-widget_type=\"text-editor.default\">\n\t\t\t\t<div class=\"elementor-widget-container\">\n\t\t\t\t\t\t\t\t\t<h2>Rinoplastia m\u00e9dica: \u00bfqu\u00e9 es?<\/h2>\nLa <strong>rinoplastia m\u00e9dica<\/strong> es una t\u00e9cnica de medicina est\u00e9tica facial que utiliza rellenos d\u00e9rmicos para remodelar la nariz con la forma deseada sin cirug\u00eda.\n\n\t\t\t\t\t\t\t\t<\/div>\n\t\t\t\t<\/div>\n\t\t\t\t<div class=\"elementor-element elementor-element-3b36623 elementor-widget elementor-widget-text-editor\" data-id=\"3b36623\" data-element_type=\"widget\" data-e-type=\"widget\" data-widget_type=\"text-editor.default\">\n\t\t\t\t<div class=\"elementor-widget-container\">\n\t\t\t\t\t\t\t\t\tEs un tratamiento est\u00e9tico no invasivo que consiste en mejorar la forma de la pir\u00e1mide nasal mediante <a href=\"https:\/\/www.medespoir.fr\/es\/acido-hialuronico\/\">inyecciones de \u00e1cido hialur\u00f3nico<\/a>, toxina botul\u00ednica o hidroxiapatita c\u00e1lcica.\n\nLa rinoplastia m\u00e9dica permite corregir defectos de la nariz (huecos, protuberancias, asimetr\u00eda&#8230;) de forma r\u00e1pida.\t\t\t\t\t\t\t\t<\/div>\n\t\t\t\t<\/div>\n\t\t\t\t\t<\/div>\n\t\t<\/div>\n\t\t\t\t<div class=\"elementor-column elementor-col-33 elementor-top-column elementor-element elementor-element-73cbdcf\" data-id=\"73cbdcf\" data-element_type=\"column\" data-e-type=\"column\">\n\t\t\t<div class=\"elementor-widget-wrap elementor-element-populated\">\n\t\t\t\t\t\t<div class=\"elementor-element elementor-element-9101dd6 elementor-widget elementor-widget-text-editor\" data-id=\"9101dd6\" data-element_type=\"widget\" data-e-type=\"widget\" id=\"margin__btm\" data-widget_type=\"text-editor.default\">\n\t\t\t\t<div class=\"elementor-widget-container\">\n\t\t\t\t\t\t\t\t\t<p><img decoding=\"async\" class=\"aligncenter\" src=\"https:\/\/www.medespoir.fr\/wp-content\/uploads\/2021\/11\/rhinoplastie-medicale-tunisie.jpg\" alt=\"rinoplastia m\u00e9dica T\u00fanez\"><\/p>\n\t\t\t\t\t\t\t\t<\/div>\n\t\t\t\t<\/div>\n\t\t\t\t\t<\/div>\n\t\t<\/div>\n\t\t\t\t\t<\/div>\n\t\t<\/section>\n\t\t\t\t<section class=\"elementor-section elementor-top-section elementor-element elementor-element-a94958b elementor-section-boxed elementor-section-height-default elementor-section-height-default\" data-id=\"a94958b\" data-element_type=\"section\" data-e-type=\"section\" id=\"bg-devis-express\">\n\t\t\t\t\t\t<div class=\"elementor-container elementor-column-gap-default\">\n\t\t\t\t\t<div class=\"elementor-column elementor-col-100 elementor-top-column elementor-element elementor-element-14c8792\" data-id=\"14c8792\" data-element_type=\"column\" data-e-type=\"column\">\n\t\t\t<div class=\"elementor-widget-wrap elementor-element-populated\">\n\t\t\t\t\t\t<div class=\"elementor-element elementor-element-fd49288 elementor-widget elementor-widget-text-editor\" data-id=\"fd49288\" data-element_type=\"widget\" data-e-type=\"widget\" data-widget_type=\"text-editor.default\">\n\t\t\t\t<div class=\"elementor-widget-container\">\n\t\t\t\t\t\t\t\t\t<style>\r\n\tbody.home #main-form h2 {\r\n   display:none;\r\n}\r\n<\/style>\r\n<h2 style=\"text-align: center;font-weight: bold;\">Presupuesto r\u00e1pido gratuito<\/h2>\r\n<iframe src=\"https:\/\/app.metocrm.com\/web-forms\/e1cab5bd-ef56-4a37-aa71-4857d931f368\"  height=\"700px\" width=\"100%\"  frameborder=\"0\"><\/iframe>\t\t\t\t\t\t\t\t<\/div>\n\t\t\t\t<\/div>\n\t\t\t\t\t<\/div>\n\t\t<\/div>\n\t\t\t\t\t<\/div>\n\t\t<\/section>\n\t\t\t\t<section class=\"elementor-section elementor-top-section elementor-element elementor-element-5431cd8 elementor-section-boxed elementor-section-height-default elementor-section-height-default\" data-id=\"5431cd8\" data-element_type=\"section\" data-e-type=\"section\">\n\t\t\t\t\t\t<div class=\"elementor-container elementor-column-gap-default\">\n\t\t\t\t\t<div class=\"elementor-column elementor-col-100 elementor-top-column elementor-element elementor-element-0213653\" data-id=\"0213653\" data-element_type=\"column\" data-e-type=\"column\">\n\t\t\t<div class=\"elementor-widget-wrap elementor-element-populated\">\n\t\t\t\t\t\t<div class=\"elementor-element elementor-element-e39035d elementor-widget elementor-widget-text-editor\" data-id=\"e39035d\" data-element_type=\"widget\" data-e-type=\"widget\" data-widget_type=\"text-editor.default\">\n\t\t\t\t<div class=\"elementor-widget-container\">\n\t\t\t\t\t\t\t\t\t<h2>Precio de la rinoplastia m\u00e9dica en T\u00fanez<\/h2>\nEl <strong>precio de una rinoplastia m\u00e9dica en T\u00fanez<\/strong> incluye todos los servicios de la intervenci\u00f3n.\nObtenga su precio personalizado en dinares tunecinos con todo incluido rellenando el formulario <strong>\n  <a href=\"https:\/\/www.medespoir.fr\/es\/presupuesto\/\">formulario del sitio web para solicitar un presupuesto<\/a>\n<\/strong>.\t\t\t\t\t\t\t\t<\/div>\n\t\t\t\t<\/div>\n\t\t\t\t<div class=\"elementor-element elementor-element-2712623 elementor-widget elementor-widget-text-editor\" data-id=\"2712623\" data-element_type=\"widget\" data-e-type=\"widget\" data-widget_type=\"text-editor.default\">\n\t\t\t\t<div class=\"elementor-widget-container\">\n\t\t\t\t\t\t\t\t\t<h2>Procedimiento de la rinoplastia m\u00e9dica<\/h2>\nLa rinoplastia m\u00e9dica es un procedimiento est\u00e9tico indoloro que se realiza en 15 a 30 minutos, con anestesia local o aplicando una crema anest\u00e9sica.\nEl m\u00e9dico analiza el perfil de la nariz, la forma y la punta de la protuberancia, y a continuaci\u00f3n inyecta una peque\u00f1a cantidad del producto de \u00e1cido hialur\u00f3nico reabsorbible o toxina botul\u00ednica en la zona objetivo mediante una aguja muy fina.\nLa rinoplastia m\u00e9dica es un procedimiento sin cicatrices que suele preceder a una rinoplastia convencional o <a href=\"https:\/\/www.medespoir.fr\/es\/septoplastia\/\">rinoseptoplastia<\/a>.\nGracias a la t\u00e9cnica de la rinoplastia m\u00e9dica, el paciente puede apreciar el resultado de su <a href=\"https:\/\/www.medespoir.fr\/es\/rinoplastia\/\">rinoplastia quir\u00fargica<\/a> antes de hac\u00e9rsela.\t\t\t\t\t\t\t\t<\/div>\n\t\t\t\t<\/div>\n\t\t\t\t\t<\/div>\n\t\t<\/div>\n\t\t\t\t\t<\/div>\n\t\t<\/section>\n\t\t\t\t<section class=\"elementor-section elementor-top-section elementor-element elementor-element-2f777aa3 elementor-section-boxed elementor-section-height-default elementor-section-height-default\" data-id=\"2f777aa3\" data-element_type=\"section\" data-e-type=\"section\">\n\t\t\t\t\t\t<div class=\"elementor-container elementor-column-gap-default\">\n\t\t\t\t\t<div class=\"elementor-column elementor-col-50 elementor-top-column elementor-element elementor-element-132a4a89\" data-id=\"132a4a89\" data-element_type=\"column\" data-e-type=\"column\">\n\t\t\t<div class=\"elementor-widget-wrap elementor-element-populated\">\n\t\t\t\t\t\t<div class=\"elementor-element elementor-element-5fdd3850 elementor-widget elementor-widget-text-editor\" data-id=\"5fdd3850\" data-element_type=\"widget\" data-e-type=\"widget\" data-widget_type=\"text-editor.default\">\n\t\t\t\t<div class=\"elementor-widget-container\">\n\t\t\t\t\t\t\t\t\t<h2>  El resultado de la rinoplastia m\u00e9dica<\/h2>\nEl resultado de la rinoplastia m\u00e9dica es inmediato tras una sesi\u00f3n de 30 minutos. Este resultado dura hasta un a\u00f1o y medio. Si el paciente no tiene previsto someterse a una rinoplastia cl\u00e1sica, el tratamiento puede renovarse al cabo de 10 meses.\n\n\t\t\t\t\t\t\t\t<\/div>\n\t\t\t\t<\/div>\n\t\t\t\t<div class=\"elementor-element elementor-element-0883800 elementor-widget elementor-widget-text-editor\" data-id=\"0883800\" data-element_type=\"widget\" data-e-type=\"widget\" data-widget_type=\"text-editor.default\">\n\t\t\t\t<div class=\"elementor-widget-container\">\n\t\t\t\t\t\t\t\t\t<h2>Las secuelas de la operaci\u00f3n<\/h2>\nLa nariz del paciente se vuelve sensible tras una <a href=\"https:\/\/fr.wikipedia.org\/wiki\/Rhinoplastie\">rinoplastia<\/a> m\u00e9dica. Tambi\u00e9n es posible notar la aparici\u00f3n de un ligero enrojecimiento, hematomas y un poco de hinchaz\u00f3n, que desaparecen r\u00e1pidamente.\n\nTras la operaci\u00f3n, el paciente puede reincorporarse al trabajo, aunque evitando la exposici\u00f3n prolongada al sol.\t\t\t\t\t\t\t\t<\/div>\n\t\t\t\t<\/div>\n\t\t\t\t\t<\/div>\n\t\t<\/div>\n\t\t\t\t<div class=\"elementor-column elementor-col-50 elementor-top-column elementor-element elementor-element-4b7b8f0\" data-id=\"4b7b8f0\" data-element_type=\"column\" data-e-type=\"column\">\n\t\t\t<div class=\"elementor-widget-wrap elementor-element-populated\">\n\t\t\t\t\t\t<div class=\"elementor-element elementor-element-1da9db5 elementor-widget elementor-widget-text-editor\" data-id=\"1da9db5\" data-element_type=\"widget\" data-e-type=\"widget\" data-widget_type=\"text-editor.default\">\n\t\t\t\t<div class=\"elementor-widget-container\">\n\t\t\t\t\t\t\t\t\t<figure id=\"attachment_2861\" aria-describedby=\"caption-attachment-2861\" style=\"width: 600px\" class=\"wp-caption aligncenter\"><img fetchpriority=\"high\" decoding=\"async\" class=\"size-full\" src=\"https:\/\/www.medespoir.fr\/wp-content\/uploads\/2017\/10\/resultat-rhinoplastie-medicale.jpg\" alt=\"{%ALT_TEXT%}\" width=\"600\" height=\"340\"><figcaption id=\"caption-attachment-2861\" class=\"wp-caption-text\">Resultado inmediato rinoplastia m\u00e9dica<\/figcaption><\/figure>\n\t\t\t\t\t\t\t\t<\/div>\n\t\t\t\t<\/div>\n\t\t\t\t\t<\/div>\n\t\t<\/div>\n\t\t\t\t\t<\/div>\n\t\t<\/section>\n\t\t\t\t<section class=\"elementor-section elementor-top-section elementor-element elementor-element-4cc0b5c elementor-section-boxed elementor-section-height-default elementor-section-height-default\" data-id=\"4cc0b5c\" data-element_type=\"section\" data-e-type=\"section\">\n\t\t\t\t\t\t<div class=\"elementor-container elementor-column-gap-default\">\n\t\t\t\t\t<div class=\"elementor-column elementor-col-50 elementor-top-column elementor-element elementor-element-de68924\" data-id=\"de68924\" data-element_type=\"column\" data-e-type=\"column\">\n\t\t\t<div class=\"elementor-widget-wrap elementor-element-populated\">\n\t\t\t\t\t\t<div class=\"elementor-element elementor-element-6bf0209 elementor-widget elementor-widget-text-editor\" data-id=\"6bf0209\" data-element_type=\"widget\" data-e-type=\"widget\" data-widget_type=\"text-editor.default\">\n\t\t\t\t<div class=\"elementor-widget-container\">\n\t\t\t\t\t\t\t\t\t<h3>M\u00e1s informaci\u00f3n:<\/h3>\n<ul class=\"liste-style\">\n \t<li><a href=\"https:\/\/www.medespoir.fr\/es\/rinoplastia-etnica\/\">Rinoplastia \u00e9tnica<\/a><\/li>\n \t<li><a href=\"https:\/\/www.medespoir.fr\/es\/correccion-nariz\/\">Rinoplastia correctiva<\/a><\/li>\n \t<li><a href=\"https:\/\/www.medespoir.fr\/es\/profiloplastia\/ \">Profiloplastia<\/a><\/li>\n<\/ul>\t\t\t\t\t\t\t\t<\/div>\n\t\t\t\t<\/div>\n\t\t\t\t\t<\/div>\n\t\t<\/div>\n\t\t\t\t<div class=\"elementor-column elementor-col-50 elementor-top-column elementor-element elementor-element-d2ac2c8\" data-id=\"d2ac2c8\" data-element_type=\"column\" data-e-type=\"column\">\n\t\t\t<div class=\"elementor-widget-wrap elementor-element-populated\">\n\t\t\t\t\t\t<div class=\"elementor-element elementor-element-4d9e71b elementor-widget elementor-widget-html\" data-id=\"4d9e71b\" data-element_type=\"widget\" data-e-type=\"widget\" data-widget_type=\"html.default\">\n\t\t\t\t<div class=\"elementor-widget-container\">\n\t\t\t\t\t<a href=\"https:\/\/www.medespoir.fr\/es\/presupuesto\/\" class=\"main__btn blue\"><span>Presupuesto gratuito<\/span><\/a>\t\t\t\t<\/div>\n\t\t\t\t<\/div>\n\t\t\t\t\t<\/div>\n\t\t<\/div>\n\t\t\t\t\t<\/div>\n\t\t<\/section>\n\t\t\t\t<\/div>\n\t\t","protected":false},"excerpt":{"rendered":"<p>Rinoplastia m\u00e9dica: \u00bfqu\u00e9 es? La rinoplastia m\u00e9dica es una t\u00e9cnica de medicina est\u00e9tica facial que utiliza rellenos d\u00e9rmicos para remodelar [&hellip;]<\/p>\n","protected":false},"author":2,"featured_media":20781,"parent":0,"menu_order":108,"comment_status":"closed","ping_status":"closed","template":"","meta":{"footnotes":""},"class_list":["post-25211","page","type-page","status-publish","has-post-thumbnail","hentry"],"yoast_head":"<!-- This site is optimized with the Yoast SEO plugin v27.4 - https:\/\/yoast.com\/product\/yoast-seo-wordpress\/ -->\n<title>Rinoplastia m\u00e9dica T\u00fanez : Rinoplastia precio sin cirug\u00eda<\/title>\n<meta name=\"description\" content=\"Rinoplastia m\u00e9dica T\u00fanez: correcci\u00f3n y remodelaci\u00f3n de la nariz sin cirug\u00eda ni cicatrices mediante inyecci\u00f3n de \u00e1cido hialur\u00f3nico. Solicite un presupuesto gratuito\" \/>\n<meta name=\"robots\" content=\"index, follow, max-snippet:-1, max-image-preview:large, max-video-preview:-1\" \/>\n<link rel=\"canonical\" href=\"https:\/\/www.medespoir.fr\/es\/rinoplastia-medica\/\" \/>\n<meta name=\"twitter:label1\" content=\"Tiempo de lectura\" \/>\n\t<meta name=\"twitter:data1\" content=\"2 minutos\" \/>\n<script type=\"application\/ld+json\" class=\"yoast-schema-graph\">{\"@context\":\"https:\\\/\\\/schema.org\",\"@graph\":[{\"@type\":\"WebPage\",\"@id\":\"https:\\\/\\\/www.medespoir.fr\\\/es\\\/rinoplastia-medica\\\/\",\"url\":\"https:\\\/\\\/www.medespoir.fr\\\/es\\\/rinoplastia-medica\\\/\",\"name\":\"Rinoplastia m\u00e9dica T\u00fanez : Rinoplastia precio sin cirug\u00eda\",\"isPartOf\":{\"@id\":\"https:\\\/\\\/www.medespoir.fr\\\/es\\\/#website\"},\"primaryImageOfPage\":{\"@id\":\"https:\\\/\\\/www.medespoir.fr\\\/es\\\/rinoplastia-medica\\\/#primaryimage\"},\"image\":{\"@id\":\"https:\\\/\\\/www.medespoir.fr\\\/es\\\/rinoplastia-medica\\\/#primaryimage\"},\"thumbnailUrl\":\"https:\\\/\\\/www.medespoir.fr\\\/wp-content\\\/uploads\\\/2021\\\/11\\\/header-visage.jpg\",\"datePublished\":\"2017-10-04T08:57:04+00:00\",\"dateModified\":\"2022-12-20T09:20:30+00:00\",\"description\":\"Rinoplastia m\u00e9dica T\u00fanez: correcci\u00f3n y remodelaci\u00f3n de la nariz sin cirug\u00eda ni cicatrices mediante inyecci\u00f3n de \u00e1cido hialur\u00f3nico. Solicite un presupuesto gratuito\",\"breadcrumb\":{\"@id\":\"https:\\\/\\\/www.medespoir.fr\\\/es\\\/rinoplastia-medica\\\/#breadcrumb\"},\"inLanguage\":\"es\",\"potentialAction\":[{\"@type\":\"ReadAction\",\"target\":[\"https:\\\/\\\/www.medespoir.fr\\\/es\\\/rinoplastia-medica\\\/\"]}]},{\"@type\":\"ImageObject\",\"inLanguage\":\"es\",\"@id\":\"https:\\\/\\\/www.medespoir.fr\\\/es\\\/rinoplastia-medica\\\/#primaryimage\",\"url\":\"https:\\\/\\\/www.medespoir.fr\\\/wp-content\\\/uploads\\\/2021\\\/11\\\/header-visage.jpg\",\"contentUrl\":\"https:\\\/\\\/www.medespoir.fr\\\/wp-content\\\/uploads\\\/2021\\\/11\\\/header-visage.jpg\",\"width\":1928,\"height\":479},{\"@type\":\"BreadcrumbList\",\"@id\":\"https:\\\/\\\/www.medespoir.fr\\\/es\\\/rinoplastia-medica\\\/#breadcrumb\",\"itemListElement\":[{\"@type\":\"ListItem\",\"position\":1,\"name\":\"Accueil\",\"item\":\"https:\\\/\\\/www.medespoir.fr\\\/es\\\/\"},{\"@type\":\"ListItem\",\"position\":2,\"name\":\"Rinoplastia M\u00e9dica : Tratamiento no quir\u00fargico de la nariz en T\u00fanez\"}]},{\"@type\":\"WebSite\",\"@id\":\"https:\\\/\\\/www.medespoir.fr\\\/es\\\/#website\",\"url\":\"https:\\\/\\\/www.medespoir.fr\\\/es\\\/\",\"name\":\"Medespoir France\",\"description\":\"Chirurgie esthetique Tunisie\",\"publisher\":{\"@id\":\"https:\\\/\\\/www.medespoir.fr\\\/es\\\/#organization\"},\"potentialAction\":[{\"@type\":\"SearchAction\",\"target\":{\"@type\":\"EntryPoint\",\"urlTemplate\":\"https:\\\/\\\/www.medespoir.fr\\\/es\\\/?s={search_term_string}\"},\"query-input\":{\"@type\":\"PropertyValueSpecification\",\"valueRequired\":true,\"valueName\":\"search_term_string\"}}],\"inLanguage\":\"es\"},{\"@type\":\"Organization\",\"@id\":\"https:\\\/\\\/www.medespoir.fr\\\/es\\\/#organization\",\"name\":\"Medespoir France\",\"url\":\"https:\\\/\\\/www.medespoir.fr\\\/es\\\/\",\"logo\":{\"@type\":\"ImageObject\",\"inLanguage\":\"es\",\"@id\":\"https:\\\/\\\/www.medespoir.fr\\\/es\\\/#\\\/schema\\\/logo\\\/image\\\/\",\"url\":\"https:\\\/\\\/www.medespoir.fr\\\/wp-content\\\/uploads\\\/2021\\\/10\\\/cropped-logo__medespoirFR.png\",\"contentUrl\":\"https:\\\/\\\/www.medespoir.fr\\\/wp-content\\\/uploads\\\/2021\\\/10\\\/cropped-logo__medespoirFR.png\",\"width\":150,\"height\":62,\"caption\":\"Medespoir France\"},\"image\":{\"@id\":\"https:\\\/\\\/www.medespoir.fr\\\/es\\\/#\\\/schema\\\/logo\\\/image\\\/\"},\"sameAs\":[\"https:\\\/\\\/www.facebook.com\\\/MedEspoirFr\",\"https:\\\/\\\/x.com\\\/MedEspoirTN\"]}]}<\/script>\n<!-- \/ Yoast SEO plugin. -->","yoast_head_json":{"title":"Rinoplastia m\u00e9dica T\u00fanez : Rinoplastia precio sin cirug\u00eda","description":"Rinoplastia m\u00e9dica T\u00fanez: correcci\u00f3n y remodelaci\u00f3n de la nariz sin cirug\u00eda ni cicatrices mediante inyecci\u00f3n de \u00e1cido hialur\u00f3nico. Solicite un presupuesto gratuito","robots":{"index":"index","follow":"follow","max-snippet":"max-snippet:-1","max-image-preview":"max-image-preview:large","max-video-preview":"max-video-preview:-1"},"canonical":"https:\/\/www.medespoir.fr\/es\/rinoplastia-medica\/","twitter_misc":{"Tiempo de lectura":"2 minutos"},"schema":{"@context":"https:\/\/schema.org","@graph":[{"@type":"WebPage","@id":"https:\/\/www.medespoir.fr\/es\/rinoplastia-medica\/","url":"https:\/\/www.medespoir.fr\/es\/rinoplastia-medica\/","name":"Rinoplastia m\u00e9dica T\u00fanez : Rinoplastia precio sin cirug\u00eda","isPartOf":{"@id":"https:\/\/www.medespoir.fr\/es\/#website"},"primaryImageOfPage":{"@id":"https:\/\/www.medespoir.fr\/es\/rinoplastia-medica\/#primaryimage"},"image":{"@id":"https:\/\/www.medespoir.fr\/es\/rinoplastia-medica\/#primaryimage"},"thumbnailUrl":"https:\/\/www.medespoir.fr\/wp-content\/uploads\/2021\/11\/header-visage.jpg","datePublished":"2017-10-04T08:57:04+00:00","dateModified":"2022-12-20T09:20:30+00:00","description":"Rinoplastia m\u00e9dica T\u00fanez: correcci\u00f3n y remodelaci\u00f3n de la nariz sin cirug\u00eda ni cicatrices mediante inyecci\u00f3n de \u00e1cido hialur\u00f3nico. Solicite un presupuesto gratuito","breadcrumb":{"@id":"https:\/\/www.medespoir.fr\/es\/rinoplastia-medica\/#breadcrumb"},"inLanguage":"es","potentialAction":[{"@type":"ReadAction","target":["https:\/\/www.medespoir.fr\/es\/rinoplastia-medica\/"]}]},{"@type":"ImageObject","inLanguage":"es","@id":"https:\/\/www.medespoir.fr\/es\/rinoplastia-medica\/#primaryimage","url":"https:\/\/www.medespoir.fr\/wp-content\/uploads\/2021\/11\/header-visage.jpg","contentUrl":"https:\/\/www.medespoir.fr\/wp-content\/uploads\/2021\/11\/header-visage.jpg","width":1928,"height":479},{"@type":"BreadcrumbList","@id":"https:\/\/www.medespoir.fr\/es\/rinoplastia-medica\/#breadcrumb","itemListElement":[{"@type":"ListItem","position":1,"name":"Accueil","item":"https:\/\/www.medespoir.fr\/es\/"},{"@type":"ListItem","position":2,"name":"Rinoplastia M\u00e9dica : Tratamiento no quir\u00fargico de la nariz en T\u00fanez"}]},{"@type":"WebSite","@id":"https:\/\/www.medespoir.fr\/es\/#website","url":"https:\/\/www.medespoir.fr\/es\/","name":"Medespoir France","description":"Chirurgie esthetique Tunisie","publisher":{"@id":"https:\/\/www.medespoir.fr\/es\/#organization"},"potentialAction":[{"@type":"SearchAction","target":{"@type":"EntryPoint","urlTemplate":"https:\/\/www.medespoir.fr\/es\/?s={search_term_string}"},"query-input":{"@type":"PropertyValueSpecification","valueRequired":true,"valueName":"search_term_string"}}],"inLanguage":"es"},{"@type":"Organization","@id":"https:\/\/www.medespoir.fr\/es\/#organization","name":"Medespoir France","url":"https:\/\/www.medespoir.fr\/es\/","logo":{"@type":"ImageObject","inLanguage":"es","@id":"https:\/\/www.medespoir.fr\/es\/#\/schema\/logo\/image\/","url":"https:\/\/www.medespoir.fr\/wp-content\/uploads\/2021\/10\/cropped-logo__medespoirFR.png","contentUrl":"https:\/\/www.medespoir.fr\/wp-content\/uploads\/2021\/10\/cropped-logo__medespoirFR.png","width":150,"height":62,"caption":"Medespoir France"},"image":{"@id":"https:\/\/www.medespoir.fr\/es\/#\/schema\/logo\/image\/"},"sameAs":["https:\/\/www.facebook.com\/MedEspoirFr","https:\/\/x.com\/MedEspoirTN"]}]}},"_links":{"self":[{"href":"https:\/\/www.medespoir.fr\/es\/wp-json\/wp\/v2\/pages\/25211","targetHints":{"allow":["GET"]}}],"collection":[{"href":"https:\/\/www.medespoir.fr\/es\/wp-json\/wp\/v2\/pages"}],"about":[{"href":"https:\/\/www.medespoir.fr\/es\/wp-json\/wp\/v2\/types\/page"}],"author":[{"embeddable":true,"href":"https:\/\/www.medespoir.fr\/es\/wp-json\/wp\/v2\/users\/2"}],"replies":[{"embeddable":true,"href":"https:\/\/www.medespoir.fr\/es\/wp-json\/wp\/v2\/comments?post=25211"}],"version-history":[{"count":0,"href":"https:\/\/www.medespoir.fr\/es\/wp-json\/wp\/v2\/pages\/25211\/revisions"}],"wp:featuredmedia":[{"embeddable":true,"href":"https:\/\/www.medespoir.fr\/es\/wp-json\/wp\/v2\/media\/20781"}],"wp:attachment":[{"href":"https:\/\/www.medespoir.fr\/es\/wp-json\/wp\/v2\/media?parent=25211"}],"curies":[{"name":"wp","href":"https:\/\/api.w.org\/{rel}","templated":true}]}}