{"id":25208,"date":"2017-05-23T15:08:51","date_gmt":"2017-05-23T13:08:51","guid":{"rendered":"https:\/\/www.medespoir.fr\/cirugia-estetica-masculina-en-tunez\/"},"modified":"2022-12-20T13:59:52","modified_gmt":"2022-12-20T12:59:52","slug":"cirugia-estetica-masculina","status":"publish","type":"page","link":"https:\/\/www.medespoir.fr\/es\/cirugia-estetica-masculina\/","title":{"rendered":"Cirug\u00eda est\u00e9tica masculina en T\u00fanez"},"content":{"rendered":"\t\t<div data-elementor-type=\"wp-page\" data-elementor-id=\"25208\" class=\"elementor elementor-25208\">\n\t\t\t\t\t\t<section class=\"elementor-section elementor-top-section elementor-element elementor-element-98bc711 elementor-section-boxed elementor-section-height-default elementor-section-height-default\" data-id=\"98bc711\" data-element_type=\"section\" data-e-type=\"section\">\n\t\t\t\t\t\t<div class=\"elementor-container elementor-column-gap-default\">\n\t\t\t\t\t<div class=\"elementor-column elementor-col-66 elementor-top-column elementor-element elementor-element-2e4d1b4\" data-id=\"2e4d1b4\" data-element_type=\"column\" data-e-type=\"column\">\n\t\t\t<div class=\"elementor-widget-wrap elementor-element-populated\">\n\t\t\t\t\t\t<div class=\"elementor-element elementor-element-fceda3e elementor-widget elementor-widget-text-editor\" data-id=\"fceda3e\" data-element_type=\"widget\" data-e-type=\"widget\" data-widget_type=\"text-editor.default\">\n\t\t\t\t<div class=\"elementor-widget-container\">\n\t\t\t\t\t\t\t\t\tHoy en d\u00eda, cada vez m\u00e1s<strong>hombres<\/strong> recurren a la <strong>cirug\u00eda est\u00e9tica<\/strong> para corregir sus peque\u00f1os defectos f\u00edsicos. Impulsadas por la importancia de la apariencia en la vida social y privada, se han sometido a diversas intervenciones quir\u00fargicas que afectan al rostro, la figura e incluso los \u00f3rganos \u00edntimos.\nLa estereotipaci\u00f3n de los criterios de belleza y virilidad lleva a muchos individuos a enmascarar defectos f\u00edsicos, mejorar la morfolog\u00eda de la figura y afinar el rostro.\n<p style=\"background: white; margin: 0cm 0cm 15.0pt 0cm;\"><span style=\"font-size: 10.5pt; font-family: 'Raleway',serif; color: #4c4c4c;\">El hombre se ha interesado cada vez m\u00e1s por<span class=\"apple-converted-space\"> <\/span><span style=\"font-family: 'Raleway',serif;\">cirug\u00eda est\u00e9tica<\/span><span class=\"apple-converted-space\"> <\/span>que le ha dedicado toda una rama y cuyo nombre es: <strong>cirug\u00eda masculina<\/strong>.<\/span><\/p>\n<p style=\"background: white; margin: 0cm 0cm 15.0pt 0cm;\">Este \u00faltimo incluye varios procedimientos, desde los m\u00e1s sencillos a los m\u00e1s espec\u00edficos, como la ginecomastia, la penoplastia y<strong>, sobre todo,<\/strong> <strong>los trasplantes capilares<\/strong>.<\/p>\n\n\t\t\t\t\t\t\t\t<\/div>\n\t\t\t\t<\/div>\n\t\t\t\t\t<\/div>\n\t\t<\/div>\n\t\t\t\t<div class=\"elementor-column elementor-col-33 elementor-top-column elementor-element elementor-element-e551c8a\" data-id=\"e551c8a\" data-element_type=\"column\" data-e-type=\"column\">\n\t\t\t<div class=\"elementor-widget-wrap elementor-element-populated\">\n\t\t\t\t\t\t<div class=\"elementor-element elementor-element-5d011e9 elementor-widget elementor-widget-text-editor\" data-id=\"5d011e9\" data-element_type=\"widget\" data-e-type=\"widget\" data-widget_type=\"text-editor.default\">\n\t\t\t\t<div class=\"elementor-widget-container\">\n\t\t\t\t\t\t\t\t\t<p><img decoding=\"async\" class=\"aligncenter\" src=\"https:\/\/www.medespoir.fr\/wp-content\/uploads\/2021\/11\/chirurgie-esthetique-hommes-tunisie.jpg\" alt=\"cirug\u00eda pl\u00e1stica hombres T\u00fanez\"><\/p>\n\t\t\t\t\t\t\t\t<\/div>\n\t\t\t\t<\/div>\n\t\t\t\t\t<\/div>\n\t\t<\/div>\n\t\t\t\t\t<\/div>\n\t\t<\/section>\n\t\t\t\t<section class=\"elementor-section elementor-top-section elementor-element elementor-element-88239ad elementor-section-boxed elementor-section-height-default elementor-section-height-default\" data-id=\"88239ad\" data-element_type=\"section\" data-e-type=\"section\" id=\"bg-devis-express\">\n\t\t\t\t\t\t<div class=\"elementor-container elementor-column-gap-default\">\n\t\t\t\t\t<div class=\"elementor-column elementor-col-100 elementor-top-column elementor-element elementor-element-07b808a\" data-id=\"07b808a\" data-element_type=\"column\" data-e-type=\"column\">\n\t\t\t<div class=\"elementor-widget-wrap elementor-element-populated\">\n\t\t\t\t\t\t<div class=\"elementor-element elementor-element-f3b939a elementor-widget elementor-widget-text-editor\" data-id=\"f3b939a\" data-element_type=\"widget\" data-e-type=\"widget\" data-widget_type=\"text-editor.default\">\n\t\t\t\t<div class=\"elementor-widget-container\">\n\t\t\t\t\t\t\t\t\t<style>\r\n\tbody.home #main-form h2 {\r\n   display:none;\r\n}\r\n<\/style>\r\n<h2 style=\"text-align: center;font-weight: bold;\">Presupuesto r\u00e1pido gratuito<\/h2>\r\n<iframe src=\"https:\/\/app.metocrm.com\/web-forms\/e1cab5bd-ef56-4a37-aa71-4857d931f368\"  height=\"700px\" width=\"100%\"  frameborder=\"0\"><\/iframe>\t\t\t\t\t\t\t\t<\/div>\n\t\t\t\t<\/div>\n\t\t\t\t\t<\/div>\n\t\t<\/div>\n\t\t\t\t\t<\/div>\n\t\t<\/section>\n\t\t\t\t<section class=\"elementor-section elementor-top-section elementor-element elementor-element-79c2ced7 elementor-section-full_width elementor-section-height-default elementor-section-height-default\" data-id=\"79c2ced7\" data-element_type=\"section\" data-e-type=\"section\" id=\"medicine-esth\" data-settings=\"{&quot;background_background&quot;:&quot;classic&quot;}\">\n\t\t\t\t\t\t<div class=\"elementor-container elementor-column-gap-default\">\n\t\t\t\t\t<div class=\"elementor-column elementor-col-100 elementor-top-column elementor-element elementor-element-68fd91dc\" data-id=\"68fd91dc\" data-element_type=\"column\" data-e-type=\"column\">\n\t\t\t<div class=\"elementor-widget-wrap elementor-element-populated\">\n\t\t\t\t\t\t<div class=\"elementor-element elementor-element-d924ef2 elementor-widget elementor-widget-html\" data-id=\"d924ef2\" data-element_type=\"widget\" data-e-type=\"widget\" data-widget_type=\"html.default\">\n\t\t\t\t<div class=\"elementor-widget-container\">\n\t\t\t\t\t<div class=\"container-fluid \">\n<div class=\"row\">\n<div class=\"col-md-6 col-12 bg-homme\"><\/div>\n<div class=\"col-md-6 col-12 padding-60\">\n<h2>Cirug\u00eda est\u00e9tica masculina en T\u00fanez<\/h2>\nSe utilizan muchos procedimientos quir\u00fargicos para modelar y reestructurar el cuerpo<strong>masculino<\/strong>. Adem\u00e1s de cirug\u00edas ordinarias como <a href=\"https:\/\/www.medespoir.fr\/es\/lifting-facial\/\">estiramientos faciales<\/a>, abdominoplastias, lifting de brazos y muslos y rinoplastias, tambi\u00e9n se realizan <strong>trasplantes capilares<\/strong>.\n<h3>Trasplante capilar<\/h3>\nEn <a href=\"https:\/\/www.medespoir.fr\/es\/trasplante-capilar\/\"><strong>trasplante capilar en T\u00fanez<\/strong><\/a> se basa en dos t\u00e9cnicas distintas: la FUT y la <strong>FUE<\/strong>, cuyo resultado es siempre satisfactorio. Ambos procedimientos tienen como resultado el recrecimiento del cuero cabelludo en las zonas alop\u00e9cicas.\n\nEl aspecto del cabello es permanente y progresivo, sin efectos secundarios.\nEsta cirug\u00eda, descrita a continuaci\u00f3n, trata eficazmente la calvicie hereditaria. No depende de la edad ni del grado de ca\u00edda del cabello.\nAntes de cualquier trasplante capilar, el paciente debe seguir un tratamiento antica\u00edda que le prescribir\u00e1 el cirujano durante la consulta preoperatoria.\n\n<\/div>\n<\/div>\n<\/div>\t\t\t\t<\/div>\n\t\t\t\t<\/div>\n\t\t\t\t\t<\/div>\n\t\t<\/div>\n\t\t\t\t\t<\/div>\n\t\t<\/section>\n\t\t\t\t<section class=\"elementor-section elementor-top-section elementor-element elementor-element-61a4d3c elementor-section-boxed elementor-section-height-default elementor-section-height-default\" data-id=\"61a4d3c\" data-element_type=\"section\" data-e-type=\"section\">\n\t\t\t\t\t\t<div class=\"elementor-container elementor-column-gap-default\">\n\t\t\t\t\t<div class=\"elementor-column elementor-col-66 elementor-top-column elementor-element elementor-element-336aa82\" data-id=\"336aa82\" data-element_type=\"column\" data-e-type=\"column\">\n\t\t\t<div class=\"elementor-widget-wrap elementor-element-populated\">\n\t\t\t\t\t\t<div class=\"elementor-element elementor-element-0f48d82 elementor-widget elementor-widget-text-editor\" data-id=\"0f48d82\" data-element_type=\"widget\" data-e-type=\"widget\" data-widget_type=\"text-editor.default\">\n\t\t\t\t<div class=\"elementor-widget-container\">\n\t\t\t\t\t\t\t\t\t<h3>Otras intervenciones<\/h3>\nDe hecho, hay cirug\u00edas est\u00e9ticas \u00edntimas que son exclusivas para hombres. Por ejemplo:\nreducci\u00f3n mamaria para <strong><a href=\"https:\/\/www.medespoir.fr\/es\/ginecomastia\/\">tratamiento de la ginecomastia<\/a><\/strong> que es una afecci\u00f3n benigna causada por una hipersecreci\u00f3n de hormonas sexuales femeninas como los estr\u00f3genos.\nImplante testicular para rellenar el vac\u00edo del escroto.\n<blockquote>\n<p style=\"background: white; margin: 0cm 0cm 15.0pt 0cm;\"><span style=\"font-size: 10.5pt; font-family: 'Raleway',serif; color: #4c4c4c;\">Nuestra cl\u00ednica se ha esforzado al m\u00e1ximo para que todas las operaciones de correcci\u00f3n de desfiguraciones cong\u00e9nitas y morfol\u00f3gicas ayuden al cuerpo humano.<\/span><\/p>\n<\/blockquote>\t\t\t\t\t\t\t\t<\/div>\n\t\t\t\t<\/div>\n\t\t\t\t\t<\/div>\n\t\t<\/div>\n\t\t\t\t<div class=\"elementor-column elementor-col-33 elementor-top-column elementor-element elementor-element-2f0f6cf\" data-id=\"2f0f6cf\" data-element_type=\"column\" data-e-type=\"column\">\n\t\t\t<div class=\"elementor-widget-wrap elementor-element-populated\">\n\t\t\t\t\t\t<div class=\"elementor-element elementor-element-787a309 elementor-widget elementor-widget-text-editor\" data-id=\"787a309\" data-element_type=\"widget\" data-e-type=\"widget\" data-widget_type=\"text-editor.default\">\n\t\t\t\t<div class=\"elementor-widget-container\">\n\t\t\t\t\t\t\t\t\t<p><img decoding=\"async\" class=\"alignleft\" src=\"https:\/\/www.medespoir.fr\/wp-content\/uploads\/2021\/11\/chirurgie-esthetique-hommes-tunisie-2.jpg\" alt=\"cirug\u00eda pl\u00e1stica hombres T\u00fanez\"><\/p>\n\t\t\t\t\t\t\t\t<\/div>\n\t\t\t\t<\/div>\n\t\t\t\t\t<\/div>\n\t\t<\/div>\n\t\t\t\t\t<\/div>\n\t\t<\/section>\n\t\t\t\t<section class=\"elementor-section elementor-top-section elementor-element elementor-element-6b7823b elementor-section-boxed elementor-section-height-default elementor-section-height-default\" data-id=\"6b7823b\" data-element_type=\"section\" data-e-type=\"section\">\n\t\t\t\t\t\t<div class=\"elementor-container elementor-column-gap-default\">\n\t\t\t\t\t<div class=\"elementor-column elementor-col-50 elementor-top-column elementor-element elementor-element-ddd3833\" data-id=\"ddd3833\" data-element_type=\"column\" data-e-type=\"column\">\n\t\t\t<div class=\"elementor-widget-wrap elementor-element-populated\">\n\t\t\t\t\t\t<div class=\"elementor-element elementor-element-3fef431 elementor-widget elementor-widget-html\" data-id=\"3fef431\" data-element_type=\"widget\" data-e-type=\"widget\" data-widget_type=\"html.default\">\n\t\t\t\t<div class=\"elementor-widget-container\">\n\t\t\t\t\t<a href=\"https:\/\/www.medespoir.fr\/es\/presupuesto\/\" class=\"main__btn blue\"><span>Presupuesto gratuito<\/span><\/a>\t\t\t\t<\/div>\n\t\t\t\t<\/div>\n\t\t\t\t\t<\/div>\n\t\t<\/div>\n\t\t\t\t<div class=\"elementor-column elementor-col-50 elementor-top-column elementor-element elementor-element-ede6d81\" data-id=\"ede6d81\" data-element_type=\"column\" data-e-type=\"column\">\n\t\t\t<div class=\"elementor-widget-wrap\">\n\t\t\t\t\t\t\t<\/div>\n\t\t<\/div>\n\t\t\t\t\t<\/div>\n\t\t<\/section>\n\t\t\t\t<\/div>\n\t\t","protected":false},"excerpt":{"rendered":"<p>Hoy en d\u00eda, cada vez m\u00e1shombres recurren a la cirug\u00eda est\u00e9tica para corregir sus peque\u00f1os defectos f\u00edsicos. Impulsadas por la [&hellip;]<\/p>\n","protected":false},"author":1,"featured_media":21247,"parent":0,"menu_order":123,"comment_status":"closed","ping_status":"closed","template":"","meta":{"footnotes":""},"class_list":["post-25208","page","type-page","status-publish","has-post-thumbnail","hentry"],"yoast_head":"<!-- This site is optimized with the Yoast SEO plugin v27.4 - https:\/\/yoast.com\/product\/yoast-seo-wordpress\/ -->\n<title>Cirug\u00eda est\u00e9tica T\u00fanez : Trasplante capilar, Ginecomastia<\/title>\n<meta name=\"description\" content=\"Descubra las diferentes intervenciones de cirug\u00eda est\u00e9tica masculina en T\u00fanez realizadas por Medespoir Francia a precios baratos.\" \/>\n<meta name=\"robots\" content=\"index, follow, max-snippet:-1, max-image-preview:large, max-video-preview:-1\" \/>\n<link rel=\"canonical\" href=\"https:\/\/www.medespoir.fr\/es\/cirugia-estetica-masculina\/\" \/>\n<meta name=\"twitter:label1\" content=\"Tiempo de lectura\" \/>\n\t<meta name=\"twitter:data1\" content=\"3 minutos\" \/>\n<script type=\"application\/ld+json\" class=\"yoast-schema-graph\">{\"@context\":\"https:\\\/\\\/schema.org\",\"@graph\":[{\"@type\":\"WebPage\",\"@id\":\"https:\\\/\\\/www.medespoir.fr\\\/es\\\/cirugia-estetica-masculina\\\/\",\"url\":\"https:\\\/\\\/www.medespoir.fr\\\/es\\\/cirugia-estetica-masculina\\\/\",\"name\":\"Cirug\u00eda est\u00e9tica T\u00fanez : Trasplante capilar, Ginecomastia\",\"isPartOf\":{\"@id\":\"https:\\\/\\\/www.medespoir.fr\\\/es\\\/#website\"},\"primaryImageOfPage\":{\"@id\":\"https:\\\/\\\/www.medespoir.fr\\\/es\\\/cirugia-estetica-masculina\\\/#primaryimage\"},\"image\":{\"@id\":\"https:\\\/\\\/www.medespoir.fr\\\/es\\\/cirugia-estetica-masculina\\\/#primaryimage\"},\"thumbnailUrl\":\"https:\\\/\\\/www.medespoir.fr\\\/wp-content\\\/uploads\\\/2021\\\/11\\\/header-homme.jpg\",\"datePublished\":\"2017-05-23T13:08:51+00:00\",\"dateModified\":\"2022-12-20T12:59:52+00:00\",\"description\":\"Descubra las diferentes intervenciones de cirug\u00eda est\u00e9tica masculina en T\u00fanez realizadas por Medespoir Francia a precios baratos.\",\"breadcrumb\":{\"@id\":\"https:\\\/\\\/www.medespoir.fr\\\/es\\\/cirugia-estetica-masculina\\\/#breadcrumb\"},\"inLanguage\":\"es\",\"potentialAction\":[{\"@type\":\"ReadAction\",\"target\":[\"https:\\\/\\\/www.medespoir.fr\\\/es\\\/cirugia-estetica-masculina\\\/\"]}]},{\"@type\":\"ImageObject\",\"inLanguage\":\"es\",\"@id\":\"https:\\\/\\\/www.medespoir.fr\\\/es\\\/cirugia-estetica-masculina\\\/#primaryimage\",\"url\":\"https:\\\/\\\/www.medespoir.fr\\\/wp-content\\\/uploads\\\/2021\\\/11\\\/header-homme.jpg\",\"contentUrl\":\"https:\\\/\\\/www.medespoir.fr\\\/wp-content\\\/uploads\\\/2021\\\/11\\\/header-homme.jpg\",\"width\":1928,\"height\":479},{\"@type\":\"BreadcrumbList\",\"@id\":\"https:\\\/\\\/www.medespoir.fr\\\/es\\\/cirugia-estetica-masculina\\\/#breadcrumb\",\"itemListElement\":[{\"@type\":\"ListItem\",\"position\":1,\"name\":\"Accueil\",\"item\":\"https:\\\/\\\/www.medespoir.fr\\\/es\\\/\"},{\"@type\":\"ListItem\",\"position\":2,\"name\":\"Cirug\u00eda est\u00e9tica masculina en T\u00fanez\"}]},{\"@type\":\"WebSite\",\"@id\":\"https:\\\/\\\/www.medespoir.fr\\\/es\\\/#website\",\"url\":\"https:\\\/\\\/www.medespoir.fr\\\/es\\\/\",\"name\":\"Medespoir France\",\"description\":\"Chirurgie esthetique Tunisie\",\"publisher\":{\"@id\":\"https:\\\/\\\/www.medespoir.fr\\\/es\\\/#organization\"},\"potentialAction\":[{\"@type\":\"SearchAction\",\"target\":{\"@type\":\"EntryPoint\",\"urlTemplate\":\"https:\\\/\\\/www.medespoir.fr\\\/es\\\/?s={search_term_string}\"},\"query-input\":{\"@type\":\"PropertyValueSpecification\",\"valueRequired\":true,\"valueName\":\"search_term_string\"}}],\"inLanguage\":\"es\"},{\"@type\":\"Organization\",\"@id\":\"https:\\\/\\\/www.medespoir.fr\\\/es\\\/#organization\",\"name\":\"Medespoir France\",\"url\":\"https:\\\/\\\/www.medespoir.fr\\\/es\\\/\",\"logo\":{\"@type\":\"ImageObject\",\"inLanguage\":\"es\",\"@id\":\"https:\\\/\\\/www.medespoir.fr\\\/es\\\/#\\\/schema\\\/logo\\\/image\\\/\",\"url\":\"https:\\\/\\\/www.medespoir.fr\\\/wp-content\\\/uploads\\\/2021\\\/10\\\/cropped-logo__medespoirFR.png\",\"contentUrl\":\"https:\\\/\\\/www.medespoir.fr\\\/wp-content\\\/uploads\\\/2021\\\/10\\\/cropped-logo__medespoirFR.png\",\"width\":150,\"height\":62,\"caption\":\"Medespoir France\"},\"image\":{\"@id\":\"https:\\\/\\\/www.medespoir.fr\\\/es\\\/#\\\/schema\\\/logo\\\/image\\\/\"},\"sameAs\":[\"https:\\\/\\\/www.facebook.com\\\/MedEspoirFr\",\"https:\\\/\\\/x.com\\\/MedEspoirTN\"]}]}<\/script>\n<!-- \/ Yoast SEO plugin. -->","yoast_head_json":{"title":"Cirug\u00eda est\u00e9tica T\u00fanez : Trasplante capilar, Ginecomastia","description":"Descubra las diferentes intervenciones de cirug\u00eda est\u00e9tica masculina en T\u00fanez realizadas por Medespoir Francia a precios baratos.","robots":{"index":"index","follow":"follow","max-snippet":"max-snippet:-1","max-image-preview":"max-image-preview:large","max-video-preview":"max-video-preview:-1"},"canonical":"https:\/\/www.medespoir.fr\/es\/cirugia-estetica-masculina\/","twitter_misc":{"Tiempo de lectura":"3 minutos"},"schema":{"@context":"https:\/\/schema.org","@graph":[{"@type":"WebPage","@id":"https:\/\/www.medespoir.fr\/es\/cirugia-estetica-masculina\/","url":"https:\/\/www.medespoir.fr\/es\/cirugia-estetica-masculina\/","name":"Cirug\u00eda est\u00e9tica T\u00fanez : Trasplante capilar, Ginecomastia","isPartOf":{"@id":"https:\/\/www.medespoir.fr\/es\/#website"},"primaryImageOfPage":{"@id":"https:\/\/www.medespoir.fr\/es\/cirugia-estetica-masculina\/#primaryimage"},"image":{"@id":"https:\/\/www.medespoir.fr\/es\/cirugia-estetica-masculina\/#primaryimage"},"thumbnailUrl":"https:\/\/www.medespoir.fr\/wp-content\/uploads\/2021\/11\/header-homme.jpg","datePublished":"2017-05-23T13:08:51+00:00","dateModified":"2022-12-20T12:59:52+00:00","description":"Descubra las diferentes intervenciones de cirug\u00eda est\u00e9tica masculina en T\u00fanez realizadas por Medespoir Francia a precios baratos.","breadcrumb":{"@id":"https:\/\/www.medespoir.fr\/es\/cirugia-estetica-masculina\/#breadcrumb"},"inLanguage":"es","potentialAction":[{"@type":"ReadAction","target":["https:\/\/www.medespoir.fr\/es\/cirugia-estetica-masculina\/"]}]},{"@type":"ImageObject","inLanguage":"es","@id":"https:\/\/www.medespoir.fr\/es\/cirugia-estetica-masculina\/#primaryimage","url":"https:\/\/www.medespoir.fr\/wp-content\/uploads\/2021\/11\/header-homme.jpg","contentUrl":"https:\/\/www.medespoir.fr\/wp-content\/uploads\/2021\/11\/header-homme.jpg","width":1928,"height":479},{"@type":"BreadcrumbList","@id":"https:\/\/www.medespoir.fr\/es\/cirugia-estetica-masculina\/#breadcrumb","itemListElement":[{"@type":"ListItem","position":1,"name":"Accueil","item":"https:\/\/www.medespoir.fr\/es\/"},{"@type":"ListItem","position":2,"name":"Cirug\u00eda est\u00e9tica masculina en T\u00fanez"}]},{"@type":"WebSite","@id":"https:\/\/www.medespoir.fr\/es\/#website","url":"https:\/\/www.medespoir.fr\/es\/","name":"Medespoir France","description":"Chirurgie esthetique Tunisie","publisher":{"@id":"https:\/\/www.medespoir.fr\/es\/#organization"},"potentialAction":[{"@type":"SearchAction","target":{"@type":"EntryPoint","urlTemplate":"https:\/\/www.medespoir.fr\/es\/?s={search_term_string}"},"query-input":{"@type":"PropertyValueSpecification","valueRequired":true,"valueName":"search_term_string"}}],"inLanguage":"es"},{"@type":"Organization","@id":"https:\/\/www.medespoir.fr\/es\/#organization","name":"Medespoir France","url":"https:\/\/www.medespoir.fr\/es\/","logo":{"@type":"ImageObject","inLanguage":"es","@id":"https:\/\/www.medespoir.fr\/es\/#\/schema\/logo\/image\/","url":"https:\/\/www.medespoir.fr\/wp-content\/uploads\/2021\/10\/cropped-logo__medespoirFR.png","contentUrl":"https:\/\/www.medespoir.fr\/wp-content\/uploads\/2021\/10\/cropped-logo__medespoirFR.png","width":150,"height":62,"caption":"Medespoir France"},"image":{"@id":"https:\/\/www.medespoir.fr\/es\/#\/schema\/logo\/image\/"},"sameAs":["https:\/\/www.facebook.com\/MedEspoirFr","https:\/\/x.com\/MedEspoirTN"]}]}},"_links":{"self":[{"href":"https:\/\/www.medespoir.fr\/es\/wp-json\/wp\/v2\/pages\/25208","targetHints":{"allow":["GET"]}}],"collection":[{"href":"https:\/\/www.medespoir.fr\/es\/wp-json\/wp\/v2\/pages"}],"about":[{"href":"https:\/\/www.medespoir.fr\/es\/wp-json\/wp\/v2\/types\/page"}],"author":[{"embeddable":true,"href":"https:\/\/www.medespoir.fr\/es\/wp-json\/wp\/v2\/users\/1"}],"replies":[{"embeddable":true,"href":"https:\/\/www.medespoir.fr\/es\/wp-json\/wp\/v2\/comments?post=25208"}],"version-history":[{"count":0,"href":"https:\/\/www.medespoir.fr\/es\/wp-json\/wp\/v2\/pages\/25208\/revisions"}],"wp:featuredmedia":[{"embeddable":true,"href":"https:\/\/www.medespoir.fr\/es\/wp-json\/wp\/v2\/media\/21247"}],"wp:attachment":[{"href":"https:\/\/www.medespoir.fr\/es\/wp-json\/wp\/v2\/media?parent=25208"}],"curies":[{"name":"wp","href":"https:\/\/api.w.org\/{rel}","templated":true}]}}