{"id":25195,"date":"2020-02-25T12:01:51","date_gmt":"2020-02-25T11:01:51","guid":{"rendered":"https:\/\/www.medespoir.fr\/cellu-m6-tunez-para-un-cuerpo-y-un-rostro-bien-esculpidos\/"},"modified":"2022-12-20T13:57:42","modified_gmt":"2022-12-20T12:57:42","slug":"cellu-m6","status":"publish","type":"page","link":"https:\/\/www.medespoir.fr\/es\/cellu-m6\/","title":{"rendered":"Cellu M6 T\u00fanez: Para un cuerpo y un rostro bien esculpidos"},"content":{"rendered":"\t\t<div data-elementor-type=\"wp-page\" data-elementor-id=\"25195\" class=\"elementor elementor-25195\">\n\t\t\t\t\t\t<section class=\"elementor-section elementor-top-section elementor-element elementor-element-f040e4f elementor-section-boxed elementor-section-height-default elementor-section-height-default\" data-id=\"f040e4f\" data-element_type=\"section\" data-e-type=\"section\">\n\t\t\t\t\t\t<div class=\"elementor-container elementor-column-gap-default\">\n\t\t\t\t\t<div class=\"elementor-column elementor-col-66 elementor-top-column elementor-element elementor-element-4eff24f\" data-id=\"4eff24f\" data-element_type=\"column\" data-e-type=\"column\">\n\t\t\t<div class=\"elementor-widget-wrap elementor-element-populated\">\n\t\t\t\t\t\t<div class=\"elementor-element elementor-element-bdc7f72 elementor-widget elementor-widget-text-editor\" data-id=\"bdc7f72\" data-element_type=\"widget\" data-e-type=\"widget\" data-widget_type=\"text-editor.default\">\n\t\t\t\t<div class=\"elementor-widget-container\">\n\t\t\t\t\t\t\t\t\t <strong>El Cellu M6 T\u00fanez<\/strong>, tambi\u00e9n llamado endermolog\u00eda, es una <strong>t\u00e9cnica anticelul\u00edtica<\/strong> y antienvejecimiento de palpaci\u00f3n y rodamiento mec\u00e1nico cuyo objetivo es <strong>eliminar las c\u00e9lulas grasas<\/strong> o los c\u00famulos de grasa tanto en el <strong>cuerpo<\/strong> como en <strong>el rostro<\/strong>.\n\n\t\t\t\t\t\t\t\t<\/div>\n\t\t\t\t<\/div>\n\t\t\t\t<div class=\"elementor-element elementor-element-7b96f37 elementor-widget elementor-widget-text-editor\" data-id=\"7b96f37\" data-element_type=\"widget\" data-e-type=\"widget\" data-widget_type=\"text-editor.default\">\n\t\t\t\t<div class=\"elementor-widget-container\">\n\t\t\t\t\t\t\t\t\t <strong>El lipomasaje<\/strong> con la <strong>m\u00e1quina Cellu M6<\/strong> tambi\u00e9n es un tratamiento popular y eficaz para la <strong>flacidez de la piel<\/strong>.\n\n\t\t\t\t\t\t\t\t<\/div>\n\t\t\t\t<\/div>\n\t\t\t\t<div class=\"elementor-element elementor-element-9c98be1 elementor-widget elementor-widget-text-editor\" data-id=\"9c98be1\" data-element_type=\"widget\" data-e-type=\"widget\" data-widget_type=\"text-editor.default\">\n\t\t\t\t<div class=\"elementor-widget-container\">\n\t\t\t\t\t\t\t\t\tAunque la mayor\u00eda de las personas <strong>utilizan el Cellu M6<\/strong> por motivos puramente est\u00e9ticos, la endermolog\u00eda tambi\u00e9n es un remedio adecuado para las mujeres que padecen c\u00e1ncer de mama o las pacientes que desean recuperarse r\u00e1pidamente de una intervenci\u00f3n quir\u00fargica.\n\n\t\t\t\t\t\t\t\t<\/div>\n\t\t\t\t<\/div>\n\t\t\t\t<div class=\"elementor-element elementor-element-b1692c7 elementor-widget elementor-widget-text-editor\" data-id=\"b1692c7\" data-element_type=\"widget\" data-e-type=\"widget\" data-widget_type=\"text-editor.default\">\n\t\t\t\t<div class=\"elementor-widget-container\">\n\t\t\t\t\t\t\t\t\tEsculpa su cuerpo para<em>conseguir una figura armoniosa<\/em> sin <a href=\"https:\/\/www.medespoir.fr\/es\/\">cirug\u00eda pl\u00e1stica<\/a>.\n\nEl <strong>Cellu M6 en T\u00fanez<\/strong> es una soluci\u00f3n natural y mucho menos dolorosa que permite borrar todas las formas antiest\u00e9ticas o indeseables de su cuerpo y de su cara, debidas al almacenamiento de grasa.\t\t\t\t\t\t\t\t<\/div>\n\t\t\t\t<\/div>\n\t\t\t\t\t<\/div>\n\t\t<\/div>\n\t\t\t\t<div class=\"elementor-column elementor-col-33 elementor-top-column elementor-element elementor-element-2fd53b2\" data-id=\"2fd53b2\" data-element_type=\"column\" data-e-type=\"column\">\n\t\t\t<div class=\"elementor-widget-wrap elementor-element-populated\">\n\t\t\t\t\t\t<div class=\"elementor-element elementor-element-202ea10 elementor-widget elementor-widget-text-editor\" data-id=\"202ea10\" data-element_type=\"widget\" data-e-type=\"widget\" data-widget_type=\"text-editor.default\">\n\t\t\t\t<div class=\"elementor-widget-container\">\n\t\t\t\t\t\t\t\t\t<p><img decoding=\"async\" class=\" alignright\" src=\"https:\/\/www.medespoir.fr\/wp-content\/uploads\/2021\/11\/Cellu-M6.jpg\" alt=\"Cellu M6 T\u00fanez\"><\/p>\n\t\t\t\t\t\t\t\t<\/div>\n\t\t\t\t<\/div>\n\t\t\t\t\t<\/div>\n\t\t<\/div>\n\t\t\t\t\t<\/div>\n\t\t<\/section>\n\t\t\t\t<section class=\"elementor-section elementor-top-section elementor-element elementor-element-6e83f3e elementor-section-boxed elementor-section-height-default elementor-section-height-default\" data-id=\"6e83f3e\" data-element_type=\"section\" data-e-type=\"section\">\n\t\t\t\t\t\t<div class=\"elementor-container elementor-column-gap-default\">\n\t\t\t\t\t<div class=\"elementor-column elementor-col-100 elementor-top-column elementor-element elementor-element-8f3c3b8\" data-id=\"8f3c3b8\" data-element_type=\"column\" data-e-type=\"column\">\n\t\t\t<div class=\"elementor-widget-wrap elementor-element-populated\">\n\t\t\t\t\t\t<div class=\"elementor-element elementor-element-66dde09 elementor-widget elementor-widget-text-editor\" data-id=\"66dde09\" data-element_type=\"widget\" data-e-type=\"widget\" data-widget_type=\"text-editor.default\">\n\t\t\t\t<div class=\"elementor-widget-container\">\n\t\t\t\t\t\t\t\t\t<h2>\u00bfCu\u00e1nto cuesta un lipomasaje en T\u00fanez?<\/h2>\n<h3>Cellu m6 precio T\u00fanez<\/h3>\nA menudo son necesarias varias sesiones <strong>de lipomasaje<\/strong> para lograr un resultado satisfactorio. El n\u00famero de sesiones puede ser determinado por nuestro m\u00e9dico est\u00e9tico en consulta con el paciente, teniendo en cuenta sus expectativas.\n\nAs\u00ed, para su Cellu M6 en T\u00fanez, la <strong>cl\u00ednica Medespoir<\/strong> le propone tarifas todo incluido en funci\u00f3n del n\u00famero de sesiones acordadas.\n\nLa sesi\u00f3n no es cara, \u00a1no te preocupes! Solicite un presupuesto gratuito en l\u00ednea para conocer las tarifas especiales que ofrecemos a nuestros pacientes extranjeros.\n\n\n<h2>El buen candidato para el lipomasaje por Cellu M6<\/h2>\nSea cual sea la parte del cuerpo afectada por la acumulaci\u00f3n de grasa, el Cellu M6 en T\u00fanez le permite obtener resultados a la altura de sus expectativas.\n\nAs\u00ed, cualquier persona que sufra de exceso de grasa puede remediarlo sin cirug\u00eda pl\u00e1stica, s\u00f3lo con <strong>Cellu M6<\/strong>.\t\t\t\t\t\t\t\t<\/div>\n\t\t\t\t<\/div>\n\t\t\t\t\t<\/div>\n\t\t<\/div>\n\t\t\t\t\t<\/div>\n\t\t<\/section>\n\t\t\t\t<section class=\"elementor-section elementor-top-section elementor-element elementor-element-d7fc429 elementor-section-boxed elementor-section-height-default elementor-section-height-default\" data-id=\"d7fc429\" data-element_type=\"section\" data-e-type=\"section\" id=\"bg-devis-express\">\n\t\t\t\t\t\t<div class=\"elementor-container elementor-column-gap-default\">\n\t\t\t\t\t<div class=\"elementor-column elementor-col-100 elementor-top-column elementor-element elementor-element-be28315\" data-id=\"be28315\" data-element_type=\"column\" data-e-type=\"column\">\n\t\t\t<div class=\"elementor-widget-wrap elementor-element-populated\">\n\t\t\t\t\t\t<div class=\"elementor-element elementor-element-b2702fb elementor-widget elementor-widget-text-editor\" data-id=\"b2702fb\" data-element_type=\"widget\" data-e-type=\"widget\" data-widget_type=\"text-editor.default\">\n\t\t\t\t<div class=\"elementor-widget-container\">\n\t\t\t\t\t\t\t\t\t<style>\r\n\tbody.home #main-form h2 {\r\n   display:none;\r\n}\r\n<\/style>\r\n<h2 style=\"text-align: center;font-weight: bold;\">Presupuesto r\u00e1pido gratuito<\/h2>\r\n<iframe src=\"https:\/\/app.metocrm.com\/web-forms\/e1cab5bd-ef56-4a37-aa71-4857d931f368\"  height=\"700px\" width=\"100%\"  frameborder=\"0\"><\/iframe>\t\t\t\t\t\t\t\t<\/div>\n\t\t\t\t<\/div>\n\t\t\t\t\t<\/div>\n\t\t<\/div>\n\t\t\t\t\t<\/div>\n\t\t<\/section>\n\t\t\t\t<section class=\"elementor-section elementor-top-section elementor-element elementor-element-3f1247b2 elementor-section-boxed elementor-section-height-default elementor-section-height-default\" data-id=\"3f1247b2\" data-element_type=\"section\" data-e-type=\"section\">\n\t\t\t\t\t\t<div class=\"elementor-container elementor-column-gap-default\">\n\t\t\t\t\t<div class=\"elementor-column elementor-col-100 elementor-top-column elementor-element elementor-element-45576dd0\" data-id=\"45576dd0\" data-element_type=\"column\" data-e-type=\"column\">\n\t\t\t<div class=\"elementor-widget-wrap elementor-element-populated\">\n\t\t\t\t\t\t<div class=\"elementor-element elementor-element-245fca0b elementor-widget elementor-widget-text-editor\" data-id=\"245fca0b\" data-element_type=\"widget\" data-e-type=\"widget\" data-widget_type=\"text-editor.default\">\n\t\t\t\t<div class=\"elementor-widget-container\">\n\t\t\t\t\t\t\t\t\t<h2>Cellu M6 en T\u00fanez: una soluci\u00f3n para armonizar el contorno corporal<\/h2>\n<strong>La endermolog\u00eda<\/strong> es cada vez m\u00e1s popular, en gran parte debido a su eficacia para <strong>remodelar el cuerpo<\/strong>.\n\nLa mayor ventaja del lipomasaje es su capacidad para <strong>tratar todas las partes<\/strong> del cuerpo a menudo expuestas a la acumulaci\u00f3n de grasa: vientre, muslos, nalgas, piernas, caderas, &#8230;\n\nTodas estas partes bien esculpidas y definidas s\u00f3lo pueden dar un resultado impresionante en la figura del paciente.\n<h3>Desarrollo de una sesi\u00f3n de Cellu M6 para el cuerpo<\/h3>\nEl paciente debe ponerse un traje especial para iniciar una <strong>sesi\u00f3n de lipomasaje<\/strong>. El paciente se tumba y el profesional mueve el dispositivo de un lado a otro sobre su cuerpo. Esto permitir\u00e1 succionar y masajear la piel.\n\nLa sesi\u00f3n dura unos 45 minutos y puede reanudar sus actividades sin complicaciones.\n\nAl d\u00eda siguiente del lipomasaje, es posible que sienta algunas molestias en las zonas masajeadas.\n<h2>Cellu M6 en T\u00fanez: una soluci\u00f3n para afinar tu rostro<\/h2>\nLos <strong>beneficios del Cellu M6<\/strong> no se limitan a eliminar la <strong>celulitis<\/strong> y los michelines. El lipomasaje es tambi\u00e9n un <strong>tratamiento no quir\u00fargico<\/strong> que puede utilizarse para afinar o<strong>adelgazar el rostro<\/strong>, para<a href=\"https:\/\/www.medespoir.fr\/es\/genioplastia\/\">\n  <strong>eliminar la papada<\/strong>\n<\/a>, &#8230;\n<h3>Desarrollo de una sesi\u00f3n de Cellu M6 para el rostro<\/h3>\nEs como un <strong>tratamiento facial<\/strong>. El profesional pasa el cabezal del aparato por la cara del paciente para <a href=\"https:\/\/www.medespoir.fr\/es\/liposuccion\/\">eliminar los dep\u00f3sitos de grasa localizados<\/a>.\n\nTanto si se trata de un <strong>lipomasaje corporal<\/strong> como facial, el paciente puede reincorporarse a sus actividades cotidianas como si nada hubiera ocurrido.\n<h2>Resultados Cellu M6<\/h2>\nDesde la primera sesi\u00f3n, el paciente nota la diferencia en las zonas tratadas: <strong>piel m\u00e1s lisa<\/strong> y <strong>suave<\/strong>.\n\nDespu\u00e9s de unas seis sesiones de lipomasaje, el resultado se hace m\u00e1s visible: la piel <strong>de naranja se alisa<\/strong> y la silueta se remodela y tonifica.\n\nEl resultado puede durar hasta unos a\u00f1os, dependiendo de la edad, el estilo de vida y los cambios hormonales.\n\nSe recomienda una dieta equilibrada y actividad f\u00edsica regular para obtener mejores resultados.\t\t\t\t\t\t\t\t<\/div>\n\t\t\t\t<\/div>\n\t\t\t\t\t<\/div>\n\t\t<\/div>\n\t\t\t\t\t<\/div>\n\t\t<\/section>\n\t\t\t\t<section class=\"elementor-section elementor-top-section elementor-element elementor-element-9767b2f elementor-section-boxed elementor-section-height-default elementor-section-height-default\" data-id=\"9767b2f\" data-element_type=\"section\" data-e-type=\"section\">\n\t\t\t\t\t\t<div class=\"elementor-container elementor-column-gap-default\">\n\t\t\t\t\t<div class=\"elementor-column elementor-col-50 elementor-top-column elementor-element elementor-element-271709d\" data-id=\"271709d\" data-element_type=\"column\" data-e-type=\"column\">\n\t\t\t<div class=\"elementor-widget-wrap elementor-element-populated\">\n\t\t\t\t\t\t<div class=\"elementor-element elementor-element-a3e3b02 elementor-widget elementor-widget-html\" data-id=\"a3e3b02\" data-element_type=\"widget\" data-e-type=\"widget\" data-widget_type=\"html.default\">\n\t\t\t\t<div class=\"elementor-widget-container\">\n\t\t\t\t\t<a href=\"https:\/\/www.medespoir.fr\/es\/presupuesto\/\" class=\"main__btn blue\"><span>Presupuesto gratuito<\/span><\/a>\t\t\t\t<\/div>\n\t\t\t\t<\/div>\n\t\t\t\t\t<\/div>\n\t\t<\/div>\n\t\t\t\t<div class=\"elementor-column elementor-col-50 elementor-top-column elementor-element elementor-element-686b37d\" data-id=\"686b37d\" data-element_type=\"column\" data-e-type=\"column\">\n\t\t\t<div class=\"elementor-widget-wrap\">\n\t\t\t\t\t\t\t<\/div>\n\t\t<\/div>\n\t\t\t\t\t<\/div>\n\t\t<\/section>\n\t\t\t\t<\/div>\n\t\t","protected":false},"excerpt":{"rendered":"<p>El Cellu M6 T\u00fanez, tambi\u00e9n llamado endermolog\u00eda, es una t\u00e9cnica anticelul\u00edtica y antienvejecimiento de palpaci\u00f3n y rodamiento mec\u00e1nico cuyo objetivo [&hellip;]<\/p>\n","protected":false},"author":1,"featured_media":21104,"parent":0,"menu_order":54,"comment_status":"closed","ping_status":"closed","template":"","meta":{"footnotes":""},"class_list":["post-25195","page","type-page","status-publish","has-post-thumbnail","hentry"],"yoast_head":"<!-- This site is optimized with the Yoast SEO plugin v27.5 - https:\/\/yoast.com\/product\/yoast-seo-wordpress\/ -->\n<title>Cellu M6 T\u00fanez : Tratamiento anticelul\u00edtico precio - lipomasaje<\/title>\n<meta name=\"description\" content=\"Cellu M6 T\u00fanez, la sesi\u00f3n no es cara, \u00a1est\u00e9 tranquilo! Precios baratos del lipomasaje Cellu M6. Tratamiento anticelul\u00edtico y antiedad para callos y rostro.\" \/>\n<meta name=\"robots\" content=\"index, follow, max-snippet:-1, max-image-preview:large, max-video-preview:-1\" \/>\n<link rel=\"canonical\" href=\"https:\/\/www.medespoir.fr\/es\/cellu-m6\/\" \/>\n<meta name=\"twitter:label1\" content=\"Tiempo de lectura\" \/>\n\t<meta name=\"twitter:data1\" content=\"4 minutos\" \/>\n<script type=\"application\/ld+json\" class=\"yoast-schema-graph\">{\"@context\":\"https:\\\/\\\/schema.org\",\"@graph\":[{\"@type\":\"WebPage\",\"@id\":\"https:\\\/\\\/www.medespoir.fr\\\/es\\\/cellu-m6\\\/\",\"url\":\"https:\\\/\\\/www.medespoir.fr\\\/es\\\/cellu-m6\\\/\",\"name\":\"Cellu M6 T\u00fanez : Tratamiento anticelul\u00edtico precio - lipomasaje\",\"isPartOf\":{\"@id\":\"https:\\\/\\\/www.medespoir.fr\\\/es\\\/#website\"},\"primaryImageOfPage\":{\"@id\":\"https:\\\/\\\/www.medespoir.fr\\\/es\\\/cellu-m6\\\/#primaryimage\"},\"image\":{\"@id\":\"https:\\\/\\\/www.medespoir.fr\\\/es\\\/cellu-m6\\\/#primaryimage\"},\"thumbnailUrl\":\"https:\\\/\\\/www.medespoir.fr\\\/wp-content\\\/uploads\\\/2021\\\/11\\\/header-esthetique.jpg\",\"datePublished\":\"2020-02-25T11:01:51+00:00\",\"dateModified\":\"2022-12-20T12:57:42+00:00\",\"description\":\"Cellu M6 T\u00fanez, la sesi\u00f3n no es cara, \u00a1est\u00e9 tranquilo! Precios baratos del lipomasaje Cellu M6. Tratamiento anticelul\u00edtico y antiedad para callos y rostro.\",\"breadcrumb\":{\"@id\":\"https:\\\/\\\/www.medespoir.fr\\\/es\\\/cellu-m6\\\/#breadcrumb\"},\"inLanguage\":\"es\",\"potentialAction\":[{\"@type\":\"ReadAction\",\"target\":[\"https:\\\/\\\/www.medespoir.fr\\\/es\\\/cellu-m6\\\/\"]}]},{\"@type\":\"ImageObject\",\"inLanguage\":\"es\",\"@id\":\"https:\\\/\\\/www.medespoir.fr\\\/es\\\/cellu-m6\\\/#primaryimage\",\"url\":\"https:\\\/\\\/www.medespoir.fr\\\/wp-content\\\/uploads\\\/2021\\\/11\\\/header-esthetique.jpg\",\"contentUrl\":\"https:\\\/\\\/www.medespoir.fr\\\/wp-content\\\/uploads\\\/2021\\\/11\\\/header-esthetique.jpg\",\"width\":1928,\"height\":479},{\"@type\":\"BreadcrumbList\",\"@id\":\"https:\\\/\\\/www.medespoir.fr\\\/es\\\/cellu-m6\\\/#breadcrumb\",\"itemListElement\":[{\"@type\":\"ListItem\",\"position\":1,\"name\":\"Accueil\",\"item\":\"https:\\\/\\\/www.medespoir.fr\\\/es\\\/\"},{\"@type\":\"ListItem\",\"position\":2,\"name\":\"Cellu M6 T\u00fanez: Para un cuerpo y un rostro bien esculpidos\"}]},{\"@type\":\"WebSite\",\"@id\":\"https:\\\/\\\/www.medespoir.fr\\\/es\\\/#website\",\"url\":\"https:\\\/\\\/www.medespoir.fr\\\/es\\\/\",\"name\":\"Medespoir France\",\"description\":\"Chirurgie esthetique Tunisie\",\"publisher\":{\"@id\":\"https:\\\/\\\/www.medespoir.fr\\\/es\\\/#organization\"},\"potentialAction\":[{\"@type\":\"SearchAction\",\"target\":{\"@type\":\"EntryPoint\",\"urlTemplate\":\"https:\\\/\\\/www.medespoir.fr\\\/es\\\/?s={search_term_string}\"},\"query-input\":{\"@type\":\"PropertyValueSpecification\",\"valueRequired\":true,\"valueName\":\"search_term_string\"}}],\"inLanguage\":\"es\"},{\"@type\":\"Organization\",\"@id\":\"https:\\\/\\\/www.medespoir.fr\\\/es\\\/#organization\",\"name\":\"Medespoir France\",\"url\":\"https:\\\/\\\/www.medespoir.fr\\\/es\\\/\",\"logo\":{\"@type\":\"ImageObject\",\"inLanguage\":\"es\",\"@id\":\"https:\\\/\\\/www.medespoir.fr\\\/es\\\/#\\\/schema\\\/logo\\\/image\\\/\",\"url\":\"https:\\\/\\\/www.medespoir.fr\\\/wp-content\\\/uploads\\\/2021\\\/10\\\/cropped-logo__medespoirFR.png\",\"contentUrl\":\"https:\\\/\\\/www.medespoir.fr\\\/wp-content\\\/uploads\\\/2021\\\/10\\\/cropped-logo__medespoirFR.png\",\"width\":150,\"height\":62,\"caption\":\"Medespoir France\"},\"image\":{\"@id\":\"https:\\\/\\\/www.medespoir.fr\\\/es\\\/#\\\/schema\\\/logo\\\/image\\\/\"},\"sameAs\":[\"https:\\\/\\\/www.facebook.com\\\/MedEspoirFr\",\"https:\\\/\\\/x.com\\\/MedEspoirTN\"]}]}<\/script>\n<!-- \/ Yoast SEO plugin. -->","yoast_head_json":{"title":"Cellu M6 T\u00fanez : Tratamiento anticelul\u00edtico precio - lipomasaje","description":"Cellu M6 T\u00fanez, la sesi\u00f3n no es cara, \u00a1est\u00e9 tranquilo! Precios baratos del lipomasaje Cellu M6. Tratamiento anticelul\u00edtico y antiedad para callos y rostro.","robots":{"index":"index","follow":"follow","max-snippet":"max-snippet:-1","max-image-preview":"max-image-preview:large","max-video-preview":"max-video-preview:-1"},"canonical":"https:\/\/www.medespoir.fr\/es\/cellu-m6\/","twitter_misc":{"Tiempo de lectura":"4 minutos"},"schema":{"@context":"https:\/\/schema.org","@graph":[{"@type":"WebPage","@id":"https:\/\/www.medespoir.fr\/es\/cellu-m6\/","url":"https:\/\/www.medespoir.fr\/es\/cellu-m6\/","name":"Cellu M6 T\u00fanez : Tratamiento anticelul\u00edtico precio - lipomasaje","isPartOf":{"@id":"https:\/\/www.medespoir.fr\/es\/#website"},"primaryImageOfPage":{"@id":"https:\/\/www.medespoir.fr\/es\/cellu-m6\/#primaryimage"},"image":{"@id":"https:\/\/www.medespoir.fr\/es\/cellu-m6\/#primaryimage"},"thumbnailUrl":"https:\/\/www.medespoir.fr\/wp-content\/uploads\/2021\/11\/header-esthetique.jpg","datePublished":"2020-02-25T11:01:51+00:00","dateModified":"2022-12-20T12:57:42+00:00","description":"Cellu M6 T\u00fanez, la sesi\u00f3n no es cara, \u00a1est\u00e9 tranquilo! Precios baratos del lipomasaje Cellu M6. Tratamiento anticelul\u00edtico y antiedad para callos y rostro.","breadcrumb":{"@id":"https:\/\/www.medespoir.fr\/es\/cellu-m6\/#breadcrumb"},"inLanguage":"es","potentialAction":[{"@type":"ReadAction","target":["https:\/\/www.medespoir.fr\/es\/cellu-m6\/"]}]},{"@type":"ImageObject","inLanguage":"es","@id":"https:\/\/www.medespoir.fr\/es\/cellu-m6\/#primaryimage","url":"https:\/\/www.medespoir.fr\/wp-content\/uploads\/2021\/11\/header-esthetique.jpg","contentUrl":"https:\/\/www.medespoir.fr\/wp-content\/uploads\/2021\/11\/header-esthetique.jpg","width":1928,"height":479},{"@type":"BreadcrumbList","@id":"https:\/\/www.medespoir.fr\/es\/cellu-m6\/#breadcrumb","itemListElement":[{"@type":"ListItem","position":1,"name":"Accueil","item":"https:\/\/www.medespoir.fr\/es\/"},{"@type":"ListItem","position":2,"name":"Cellu M6 T\u00fanez: Para un cuerpo y un rostro bien esculpidos"}]},{"@type":"WebSite","@id":"https:\/\/www.medespoir.fr\/es\/#website","url":"https:\/\/www.medespoir.fr\/es\/","name":"Medespoir France","description":"Chirurgie esthetique Tunisie","publisher":{"@id":"https:\/\/www.medespoir.fr\/es\/#organization"},"potentialAction":[{"@type":"SearchAction","target":{"@type":"EntryPoint","urlTemplate":"https:\/\/www.medespoir.fr\/es\/?s={search_term_string}"},"query-input":{"@type":"PropertyValueSpecification","valueRequired":true,"valueName":"search_term_string"}}],"inLanguage":"es"},{"@type":"Organization","@id":"https:\/\/www.medespoir.fr\/es\/#organization","name":"Medespoir France","url":"https:\/\/www.medespoir.fr\/es\/","logo":{"@type":"ImageObject","inLanguage":"es","@id":"https:\/\/www.medespoir.fr\/es\/#\/schema\/logo\/image\/","url":"https:\/\/www.medespoir.fr\/wp-content\/uploads\/2021\/10\/cropped-logo__medespoirFR.png","contentUrl":"https:\/\/www.medespoir.fr\/wp-content\/uploads\/2021\/10\/cropped-logo__medespoirFR.png","width":150,"height":62,"caption":"Medespoir France"},"image":{"@id":"https:\/\/www.medespoir.fr\/es\/#\/schema\/logo\/image\/"},"sameAs":["https:\/\/www.facebook.com\/MedEspoirFr","https:\/\/x.com\/MedEspoirTN"]}]}},"_links":{"self":[{"href":"https:\/\/www.medespoir.fr\/es\/wp-json\/wp\/v2\/pages\/25195","targetHints":{"allow":["GET"]}}],"collection":[{"href":"https:\/\/www.medespoir.fr\/es\/wp-json\/wp\/v2\/pages"}],"about":[{"href":"https:\/\/www.medespoir.fr\/es\/wp-json\/wp\/v2\/types\/page"}],"author":[{"embeddable":true,"href":"https:\/\/www.medespoir.fr\/es\/wp-json\/wp\/v2\/users\/1"}],"replies":[{"embeddable":true,"href":"https:\/\/www.medespoir.fr\/es\/wp-json\/wp\/v2\/comments?post=25195"}],"version-history":[{"count":0,"href":"https:\/\/www.medespoir.fr\/es\/wp-json\/wp\/v2\/pages\/25195\/revisions"}],"wp:featuredmedia":[{"embeddable":true,"href":"https:\/\/www.medespoir.fr\/es\/wp-json\/wp\/v2\/media\/21104"}],"wp:attachment":[{"href":"https:\/\/www.medespoir.fr\/es\/wp-json\/wp\/v2\/media?parent=25195"}],"curies":[{"name":"wp","href":"https:\/\/api.w.org\/{rel}","templated":true}]}}