{"id":25161,"date":"2017-12-25T15:13:22","date_gmt":"2017-12-25T14:13:22","guid":{"rendered":"https:\/\/www.medespoir.fr\/tratamiento-de-cicatrices-tunez-tratamiento-de-cicatrices-con-laser\/"},"modified":"2022-12-20T13:57:20","modified_gmt":"2022-12-20T12:57:20","slug":"tratamiento-cicatrices","status":"publish","type":"page","link":"https:\/\/www.medespoir.fr\/es\/tratamiento-cicatrices\/","title":{"rendered":"Tratamiento de cicatrices T\u00fanez : Tratamiento de cicatrices con l\u00e1ser"},"content":{"rendered":"\t\t<div data-elementor-type=\"wp-page\" data-elementor-id=\"25161\" class=\"elementor elementor-25161\">\n\t\t\t\t\t\t<section class=\"elementor-section elementor-top-section elementor-element elementor-element-61c9ae6 elementor-section-boxed elementor-section-height-default elementor-section-height-default\" data-id=\"61c9ae6\" data-element_type=\"section\" data-e-type=\"section\">\n\t\t\t\t\t\t<div class=\"elementor-container elementor-column-gap-default\">\n\t\t\t\t\t<div class=\"elementor-column elementor-col-66 elementor-top-column elementor-element elementor-element-b511cce\" data-id=\"b511cce\" data-element_type=\"column\" data-e-type=\"column\">\n\t\t\t<div class=\"elementor-widget-wrap elementor-element-populated\">\n\t\t\t\t\t\t<div class=\"elementor-element elementor-element-b6f97bb elementor-widget elementor-widget-text-editor\" data-id=\"b6f97bb\" data-element_type=\"widget\" data-e-type=\"widget\" data-widget_type=\"text-editor.default\">\n\t\t\t\t<div class=\"elementor-widget-container\">\n\t\t\t\t\t\t\t\t\tEn medicina est\u00e9tica, el <strong>tratamiento de las cicatrices<\/strong> consiste en borrar las marcas y huellas antiest\u00e9ticas resultantes de una herida, lesi\u00f3n, acto quir\u00fargico, quemadura&#8230; Es el rejuvenecimiento de la piel da\u00f1ada.\n\nLa t\u00e9cnica utilizada para el <strong>tratamiento de las cicatrices en T\u00fanez<\/strong> es el l\u00e1ser CO2\/Erbio. El l\u00e1ser permite recuperar una piel m\u00e1s lisa y agradable. Act\u00faa reduciendo el tama\u00f1o y la forma de la cicatriz por su efecto abrasivo, al tiempo que estimula las c\u00e9lulas que se contraen con cada sesi\u00f3n.\n\nEl <strong>tratamiento l\u00e1ser de las cicatrices<\/strong> es adecuado para pieles claras y oscuras\n<h2>Los diferentes tipos de cicatrices tratadas con l\u00e1ser<\/h2>\nLas sesiones de l\u00e1ser pueden utilizarse para tratar distintos tipos de cicatrices:\n<ul class=\"liste-style\">\n \t<li>cicatrices tras un traumatismo,<\/li>\n \t<li>cicatrices queloides,<\/li>\n \t<li>cicatrices hipertr\u00f3ficas,<\/li>\n \t<li>cicatrices tras una intervenci\u00f3n quir\u00fargica,<\/li>\n \t<li>cicatrices de heridas accidentales,<\/li>\n \t<li>resultado del acn\u00e9,<\/li>\n \t<li>cicatrices de tumores tratados,<\/li>\n \t<li>viejas estr\u00edas,<\/li>\n<\/ul>\t\t\t\t\t\t\t\t<\/div>\n\t\t\t\t<\/div>\n\t\t\t\t\t<\/div>\n\t\t<\/div>\n\t\t\t\t<div class=\"elementor-column elementor-col-33 elementor-top-column elementor-element elementor-element-5a7bf51\" data-id=\"5a7bf51\" data-element_type=\"column\" data-e-type=\"column\">\n\t\t\t<div class=\"elementor-widget-wrap elementor-element-populated\">\n\t\t\t\t\t\t<div class=\"elementor-element elementor-element-eccc12d elementor-widget elementor-widget-text-editor\" data-id=\"eccc12d\" data-element_type=\"widget\" data-e-type=\"widget\" data-widget_type=\"text-editor.default\">\n\t\t\t\t<div class=\"elementor-widget-container\">\n\t\t\t\t\t\t\t\t\t<p><img fetchpriority=\"high\" decoding=\"async\" class=\"size-post-thumbnail aligncenter\" src=\"https:\/\/www.medespoir.fr\/wp-content\/uploads\/2021\/11\/Traitement-cicatrices-Tunisie.jpg\" alt=\"Tratamiento de cicatrices T\u00fanez  \" width=\"820\" height=\"420\"><\/p>\n\t\t\t\t\t\t\t\t<\/div>\n\t\t\t\t<\/div>\n\t\t\t\t\t<\/div>\n\t\t<\/div>\n\t\t\t\t\t<\/div>\n\t\t<\/section>\n\t\t\t\t<section class=\"elementor-section elementor-top-section elementor-element elementor-element-3921739 elementor-section-boxed elementor-section-height-default elementor-section-height-default\" data-id=\"3921739\" data-element_type=\"section\" data-e-type=\"section\" id=\"bg-devis-express\">\n\t\t\t\t\t\t<div class=\"elementor-container elementor-column-gap-default\">\n\t\t\t\t\t<div class=\"elementor-column elementor-col-100 elementor-top-column elementor-element elementor-element-0ecf348\" data-id=\"0ecf348\" data-element_type=\"column\" data-e-type=\"column\">\n\t\t\t<div class=\"elementor-widget-wrap elementor-element-populated\">\n\t\t\t\t\t\t<div class=\"elementor-element elementor-element-6cbaccb elementor-widget elementor-widget-text-editor\" data-id=\"6cbaccb\" data-element_type=\"widget\" data-e-type=\"widget\" data-widget_type=\"text-editor.default\">\n\t\t\t\t<div class=\"elementor-widget-container\">\n\t\t\t\t\t\t\t\t\t<style>\r\n\tbody.home #main-form h2 {\r\n   display:none;\r\n}\r\n<\/style>\r\n<h2 style=\"text-align: center;font-weight: bold;\">Presupuesto r\u00e1pido gratuito<\/h2>\r\n<iframe src=\"https:\/\/app.metocrm.com\/web-forms\/e1cab5bd-ef56-4a37-aa71-4857d931f368\"  height=\"700px\" width=\"100%\"  frameborder=\"0\"><\/iframe>\t\t\t\t\t\t\t\t<\/div>\n\t\t\t\t<\/div>\n\t\t\t\t\t<\/div>\n\t\t<\/div>\n\t\t\t\t\t<\/div>\n\t\t<\/section>\n\t\t\t\t<section class=\"elementor-section elementor-top-section elementor-element elementor-element-29531916 elementor-section-boxed elementor-section-height-default elementor-section-height-default\" data-id=\"29531916\" data-element_type=\"section\" data-e-type=\"section\">\n\t\t\t\t\t\t<div class=\"elementor-container elementor-column-gap-default\">\n\t\t\t\t\t<div class=\"elementor-column elementor-col-100 elementor-top-column elementor-element elementor-element-683bb455\" data-id=\"683bb455\" data-element_type=\"column\" data-e-type=\"column\">\n\t\t\t<div class=\"elementor-widget-wrap elementor-element-populated\">\n\t\t\t\t\t\t<div class=\"elementor-element elementor-element-72f55558 elementor-widget elementor-widget-text-editor\" data-id=\"72f55558\" data-element_type=\"widget\" data-e-type=\"widget\" data-widget_type=\"text-editor.default\">\n\t\t\t\t<div class=\"elementor-widget-container\">\n\t\t\t\t\t\t\t\t\t<h2>Precio del tratamiento de cicatrices en T\u00fanez<\/h2><p>El <strong>precio de un tratamiento de cicatrices en T\u00fanez<\/strong> se establece en funci\u00f3n del n\u00famero de sesiones necesarias para eliminar todas las marcas. Para m\u00e1s informaci\u00f3n sobre este tratamiento l\u00e1ser y para obtener el precio en dinares tunecinos, rellene <a href=\"https:\/\/www.medespoir.fr\/es\/presupuesto\/\">este formulario en l\u00ednea<\/a>. Nuestros asesores se pondr\u00e1n en contacto con usted en un plazo de 48 horas.<\/p><h2>Tipo de l\u00e1ser utilizado en el tratamiento de cicatrices<\/h2><p>Existen dos tipos de l\u00e1ser utilizados para el rejuvenecimiento cut\u00e1neo, cada uno con sus propias ventajas e inconvenientes:<\/p><ul class=\"liste-style\"><li>El l\u00e1ser de CO2 es un l\u00e1ser potente que penetra profundamente en la piel y es el mejor para eliminar las cicatrices m\u00e1s profundas y graves. En consecuencia, el tiempo de recuperaci\u00f3n es m\u00e1s largo, normalmente de unas dos semanas. La operaci\u00f3n puede ser ligeramente dolorosa, pero con unos analg\u00e9sicos el dolor remitir\u00e1.<\/li><li>Erbio: El l\u00e1ser YAG es menos potente que el l\u00e1ser CO2 y se utiliza con mayor frecuencia para tratar cicatrices superficiales. Se requerir\u00e1 menos anestesia y sedaci\u00f3n al eliminar la cicatriz con este l\u00e1ser, con un tiempo de recuperaci\u00f3n m\u00e1s r\u00e1pido (aproximadamente una semana).<\/li><\/ul><h2>\u00bfC\u00f3mo funciona una sesi\u00f3n de tratamiento de cicatrices?<\/h2><p>El m\u00e9dico est\u00e9tico utiliza un l\u00e1ser abrasivo de alta potencia para eliminar la capa superior de piel cicatrizada.<\/p><p>El l\u00e1ser tambi\u00e9n penetra en las capas medias de la piel, lo que la tensa y alisa.<\/p><p>La sesi\u00f3n de rejuvenecimiento con l\u00e1ser se realiza en la consulta y suele durar unos 30 minutos.<\/p><p>Durante el procedimiento se utilizan gafas especiales que protegen los ojos del paciente de la luz brillante del l\u00e1ser.<\/p><p>Se aplica una crema anest\u00e9sica local en la zona a tratar.<\/p><p>Con cada pasada del rayo l\u00e1ser, se elimina una capa de c\u00e9lulas da\u00f1adas.<\/p><p>Se requiere una serie de 3 a 4 tratamientos de cicatrices con l\u00e1ser para eliminar las marcas.<\/p><p>Tras una sesi\u00f3n de tratamiento con l\u00e1ser, el paciente puede experimentar un enrojecimiento temporal que desaparece al cabo de una semana a 12 d\u00edas, as\u00ed como hinchaz\u00f3n y hematomas en la zona tratada que desaparecen al cabo de unos d\u00edas.<\/p><p>Las actividades normales pueden reanudarse inmediatamente.<\/p>\t\t\t\t\t\t\t\t<\/div>\n\t\t\t\t<\/div>\n\t\t\t\t\t<\/div>\n\t\t<\/div>\n\t\t\t\t\t<\/div>\n\t\t<\/section>\n\t\t\t\t<section class=\"elementor-section elementor-top-section elementor-element elementor-element-f3d8fda elementor-section-boxed elementor-section-height-default elementor-section-height-default\" data-id=\"f3d8fda\" data-element_type=\"section\" data-e-type=\"section\">\n\t\t\t\t\t\t<div class=\"elementor-container elementor-column-gap-default\">\n\t\t\t\t\t<div class=\"elementor-column elementor-col-66 elementor-top-column elementor-element elementor-element-4fc4ade\" data-id=\"4fc4ade\" data-element_type=\"column\" data-e-type=\"column\">\n\t\t\t<div class=\"elementor-widget-wrap elementor-element-populated\">\n\t\t\t\t\t\t<div class=\"elementor-element elementor-element-2812d1c elementor-widget elementor-widget-text-editor\" data-id=\"2812d1c\" data-element_type=\"widget\" data-e-type=\"widget\" data-widget_type=\"text-editor.default\">\n\t\t\t\t<div class=\"elementor-widget-container\">\n\t\t\t\t\t\t\t\t\t<h2>Resultados del tratamiento<\/h2>\nTras varias pasadas del l\u00e1ser, la piel de la cicatriz se repigmenta del mismo color que la piel circundante.\n\nEl resultado final de las cicatrices no ser\u00e1 aparente hasta pasados de 6 a 12 meses desde el \u00faltimo tratamiento de cicatrices con l\u00e1ser.\n\t\t\t\t\t\t\t\t<\/div>\n\t\t\t\t<\/div>\n\t\t\t\t<div class=\"elementor-element elementor-element-378c529 elementor-widget elementor-widget-html\" data-id=\"378c529\" data-element_type=\"widget\" data-e-type=\"widget\" data-widget_type=\"html.default\">\n\t\t\t\t<div class=\"elementor-widget-container\">\n\t\t\t\t\t<a href=\"https:\/\/www.medespoir.fr\/es\/presupuesto\/\" class=\"main__btn blue\"><span>Presupuesto gratuito<\/span><\/a>\t\t\t\t<\/div>\n\t\t\t\t<\/div>\n\t\t\t\t\t<\/div>\n\t\t<\/div>\n\t\t\t\t<div class=\"elementor-column elementor-col-33 elementor-top-column elementor-element elementor-element-2840e72\" data-id=\"2840e72\" data-element_type=\"column\" data-e-type=\"column\">\n\t\t\t<div class=\"elementor-widget-wrap elementor-element-populated\">\n\t\t\t\t\t\t<div class=\"elementor-element elementor-element-9661b8a elementor-widget elementor-widget-text-editor\" data-id=\"9661b8a\" data-element_type=\"widget\" data-e-type=\"widget\" data-widget_type=\"text-editor.default\">\n\t\t\t\t<div class=\"elementor-widget-container\">\n\t\t\t\t\t\t\t\t\t\n<img decoding=\"async\" class=\"aligncenter size-full\" src=\"https:\/\/www.medespoir.fr\/wp-content\/uploads\/2017\/12\/Traitement-cicatrices-Tunisie-avant-apres.jpg\" alt=\"Tratamiento de cicatrices T\u00fanez antes y despu\u00e9s\">\t\t\t\t\t\t\t\t<\/div>\n\t\t\t\t<\/div>\n\t\t\t\t\t<\/div>\n\t\t<\/div>\n\t\t\t\t\t<\/div>\n\t\t<\/section>\n\t\t\t\t<\/div>\n\t\t","protected":false},"excerpt":{"rendered":"<p>En medicina est\u00e9tica, el tratamiento de las cicatrices consiste en borrar las marcas y huellas antiest\u00e9ticas resultantes de una herida, [&hellip;]<\/p>\n","protected":false},"author":2,"featured_media":21104,"parent":0,"menu_order":29,"comment_status":"closed","ping_status":"closed","template":"","meta":{"footnotes":""},"class_list":["post-25161","page","type-page","status-publish","has-post-thumbnail","hentry"],"yoast_head":"<!-- This site is optimized with the Yoast SEO plugin v27.4 - https:\/\/yoast.com\/product\/yoast-seo-wordpress\/ -->\n<title>Tratamiento de cicatrices T\u00fanez : Borrar, tratar las cicatrices con l\u00e1ser<\/title>\n<meta name=\"description\" content=\"Tratamiento de cicatrices en T\u00fanez: tratamiento con l\u00e1ser de lesiones cut\u00e1neas superficiales y profundas. Reducci\u00f3n suave del color de las cicatrices a precios baratos en T\u00fanez.\" \/>\n<meta name=\"robots\" content=\"index, follow, max-snippet:-1, max-image-preview:large, max-video-preview:-1\" \/>\n<link rel=\"canonical\" href=\"https:\/\/www.medespoir.fr\/es\/tratamiento-cicatrices\/\" \/>\n<meta name=\"twitter:label1\" content=\"Tiempo de lectura\" \/>\n\t<meta name=\"twitter:data1\" content=\"4 minutos\" \/>\n<script type=\"application\/ld+json\" class=\"yoast-schema-graph\">{\"@context\":\"https:\\\/\\\/schema.org\",\"@graph\":[{\"@type\":\"WebPage\",\"@id\":\"https:\\\/\\\/www.medespoir.fr\\\/es\\\/tratamiento-cicatrices\\\/\",\"url\":\"https:\\\/\\\/www.medespoir.fr\\\/es\\\/tratamiento-cicatrices\\\/\",\"name\":\"Tratamiento de cicatrices T\u00fanez : Borrar, tratar las cicatrices con l\u00e1ser\",\"isPartOf\":{\"@id\":\"https:\\\/\\\/www.medespoir.fr\\\/es\\\/#website\"},\"primaryImageOfPage\":{\"@id\":\"https:\\\/\\\/www.medespoir.fr\\\/es\\\/tratamiento-cicatrices\\\/#primaryimage\"},\"image\":{\"@id\":\"https:\\\/\\\/www.medespoir.fr\\\/es\\\/tratamiento-cicatrices\\\/#primaryimage\"},\"thumbnailUrl\":\"https:\\\/\\\/www.medespoir.fr\\\/wp-content\\\/uploads\\\/2021\\\/11\\\/header-esthetique.jpg\",\"datePublished\":\"2017-12-25T14:13:22+00:00\",\"dateModified\":\"2022-12-20T12:57:20+00:00\",\"description\":\"Tratamiento de cicatrices en T\u00fanez: tratamiento con l\u00e1ser de lesiones cut\u00e1neas superficiales y profundas. Reducci\u00f3n suave del color de las cicatrices a precios baratos en T\u00fanez.\",\"breadcrumb\":{\"@id\":\"https:\\\/\\\/www.medespoir.fr\\\/es\\\/tratamiento-cicatrices\\\/#breadcrumb\"},\"inLanguage\":\"es\",\"potentialAction\":[{\"@type\":\"ReadAction\",\"target\":[\"https:\\\/\\\/www.medespoir.fr\\\/es\\\/tratamiento-cicatrices\\\/\"]}]},{\"@type\":\"ImageObject\",\"inLanguage\":\"es\",\"@id\":\"https:\\\/\\\/www.medespoir.fr\\\/es\\\/tratamiento-cicatrices\\\/#primaryimage\",\"url\":\"https:\\\/\\\/www.medespoir.fr\\\/wp-content\\\/uploads\\\/2021\\\/11\\\/header-esthetique.jpg\",\"contentUrl\":\"https:\\\/\\\/www.medespoir.fr\\\/wp-content\\\/uploads\\\/2021\\\/11\\\/header-esthetique.jpg\",\"width\":1928,\"height\":479},{\"@type\":\"BreadcrumbList\",\"@id\":\"https:\\\/\\\/www.medespoir.fr\\\/es\\\/tratamiento-cicatrices\\\/#breadcrumb\",\"itemListElement\":[{\"@type\":\"ListItem\",\"position\":1,\"name\":\"Accueil\",\"item\":\"https:\\\/\\\/www.medespoir.fr\\\/es\\\/\"},{\"@type\":\"ListItem\",\"position\":2,\"name\":\"Tratamiento de cicatrices T\u00fanez : Tratamiento de cicatrices con l\u00e1ser\"}]},{\"@type\":\"WebSite\",\"@id\":\"https:\\\/\\\/www.medespoir.fr\\\/es\\\/#website\",\"url\":\"https:\\\/\\\/www.medespoir.fr\\\/es\\\/\",\"name\":\"Medespoir France\",\"description\":\"Chirurgie esthetique Tunisie\",\"publisher\":{\"@id\":\"https:\\\/\\\/www.medespoir.fr\\\/es\\\/#organization\"},\"potentialAction\":[{\"@type\":\"SearchAction\",\"target\":{\"@type\":\"EntryPoint\",\"urlTemplate\":\"https:\\\/\\\/www.medespoir.fr\\\/es\\\/?s={search_term_string}\"},\"query-input\":{\"@type\":\"PropertyValueSpecification\",\"valueRequired\":true,\"valueName\":\"search_term_string\"}}],\"inLanguage\":\"es\"},{\"@type\":\"Organization\",\"@id\":\"https:\\\/\\\/www.medespoir.fr\\\/es\\\/#organization\",\"name\":\"Medespoir France\",\"url\":\"https:\\\/\\\/www.medespoir.fr\\\/es\\\/\",\"logo\":{\"@type\":\"ImageObject\",\"inLanguage\":\"es\",\"@id\":\"https:\\\/\\\/www.medespoir.fr\\\/es\\\/#\\\/schema\\\/logo\\\/image\\\/\",\"url\":\"https:\\\/\\\/www.medespoir.fr\\\/wp-content\\\/uploads\\\/2021\\\/10\\\/cropped-logo__medespoirFR.png\",\"contentUrl\":\"https:\\\/\\\/www.medespoir.fr\\\/wp-content\\\/uploads\\\/2021\\\/10\\\/cropped-logo__medespoirFR.png\",\"width\":150,\"height\":62,\"caption\":\"Medespoir France\"},\"image\":{\"@id\":\"https:\\\/\\\/www.medespoir.fr\\\/es\\\/#\\\/schema\\\/logo\\\/image\\\/\"},\"sameAs\":[\"https:\\\/\\\/www.facebook.com\\\/MedEspoirFr\",\"https:\\\/\\\/x.com\\\/MedEspoirTN\"]}]}<\/script>\n<!-- \/ Yoast SEO plugin. -->","yoast_head_json":{"title":"Tratamiento de cicatrices T\u00fanez : Borrar, tratar las cicatrices con l\u00e1ser","description":"Tratamiento de cicatrices en T\u00fanez: tratamiento con l\u00e1ser de lesiones cut\u00e1neas superficiales y profundas. Reducci\u00f3n suave del color de las cicatrices a precios baratos en T\u00fanez.","robots":{"index":"index","follow":"follow","max-snippet":"max-snippet:-1","max-image-preview":"max-image-preview:large","max-video-preview":"max-video-preview:-1"},"canonical":"https:\/\/www.medespoir.fr\/es\/tratamiento-cicatrices\/","twitter_misc":{"Tiempo de lectura":"4 minutos"},"schema":{"@context":"https:\/\/schema.org","@graph":[{"@type":"WebPage","@id":"https:\/\/www.medespoir.fr\/es\/tratamiento-cicatrices\/","url":"https:\/\/www.medespoir.fr\/es\/tratamiento-cicatrices\/","name":"Tratamiento de cicatrices T\u00fanez : Borrar, tratar las cicatrices con l\u00e1ser","isPartOf":{"@id":"https:\/\/www.medespoir.fr\/es\/#website"},"primaryImageOfPage":{"@id":"https:\/\/www.medespoir.fr\/es\/tratamiento-cicatrices\/#primaryimage"},"image":{"@id":"https:\/\/www.medespoir.fr\/es\/tratamiento-cicatrices\/#primaryimage"},"thumbnailUrl":"https:\/\/www.medespoir.fr\/wp-content\/uploads\/2021\/11\/header-esthetique.jpg","datePublished":"2017-12-25T14:13:22+00:00","dateModified":"2022-12-20T12:57:20+00:00","description":"Tratamiento de cicatrices en T\u00fanez: tratamiento con l\u00e1ser de lesiones cut\u00e1neas superficiales y profundas. Reducci\u00f3n suave del color de las cicatrices a precios baratos en T\u00fanez.","breadcrumb":{"@id":"https:\/\/www.medespoir.fr\/es\/tratamiento-cicatrices\/#breadcrumb"},"inLanguage":"es","potentialAction":[{"@type":"ReadAction","target":["https:\/\/www.medespoir.fr\/es\/tratamiento-cicatrices\/"]}]},{"@type":"ImageObject","inLanguage":"es","@id":"https:\/\/www.medespoir.fr\/es\/tratamiento-cicatrices\/#primaryimage","url":"https:\/\/www.medespoir.fr\/wp-content\/uploads\/2021\/11\/header-esthetique.jpg","contentUrl":"https:\/\/www.medespoir.fr\/wp-content\/uploads\/2021\/11\/header-esthetique.jpg","width":1928,"height":479},{"@type":"BreadcrumbList","@id":"https:\/\/www.medespoir.fr\/es\/tratamiento-cicatrices\/#breadcrumb","itemListElement":[{"@type":"ListItem","position":1,"name":"Accueil","item":"https:\/\/www.medespoir.fr\/es\/"},{"@type":"ListItem","position":2,"name":"Tratamiento de cicatrices T\u00fanez : Tratamiento de cicatrices con l\u00e1ser"}]},{"@type":"WebSite","@id":"https:\/\/www.medespoir.fr\/es\/#website","url":"https:\/\/www.medespoir.fr\/es\/","name":"Medespoir France","description":"Chirurgie esthetique Tunisie","publisher":{"@id":"https:\/\/www.medespoir.fr\/es\/#organization"},"potentialAction":[{"@type":"SearchAction","target":{"@type":"EntryPoint","urlTemplate":"https:\/\/www.medespoir.fr\/es\/?s={search_term_string}"},"query-input":{"@type":"PropertyValueSpecification","valueRequired":true,"valueName":"search_term_string"}}],"inLanguage":"es"},{"@type":"Organization","@id":"https:\/\/www.medespoir.fr\/es\/#organization","name":"Medespoir France","url":"https:\/\/www.medespoir.fr\/es\/","logo":{"@type":"ImageObject","inLanguage":"es","@id":"https:\/\/www.medespoir.fr\/es\/#\/schema\/logo\/image\/","url":"https:\/\/www.medespoir.fr\/wp-content\/uploads\/2021\/10\/cropped-logo__medespoirFR.png","contentUrl":"https:\/\/www.medespoir.fr\/wp-content\/uploads\/2021\/10\/cropped-logo__medespoirFR.png","width":150,"height":62,"caption":"Medespoir France"},"image":{"@id":"https:\/\/www.medespoir.fr\/es\/#\/schema\/logo\/image\/"},"sameAs":["https:\/\/www.facebook.com\/MedEspoirFr","https:\/\/x.com\/MedEspoirTN"]}]}},"_links":{"self":[{"href":"https:\/\/www.medespoir.fr\/es\/wp-json\/wp\/v2\/pages\/25161","targetHints":{"allow":["GET"]}}],"collection":[{"href":"https:\/\/www.medespoir.fr\/es\/wp-json\/wp\/v2\/pages"}],"about":[{"href":"https:\/\/www.medespoir.fr\/es\/wp-json\/wp\/v2\/types\/page"}],"author":[{"embeddable":true,"href":"https:\/\/www.medespoir.fr\/es\/wp-json\/wp\/v2\/users\/2"}],"replies":[{"embeddable":true,"href":"https:\/\/www.medespoir.fr\/es\/wp-json\/wp\/v2\/comments?post=25161"}],"version-history":[{"count":0,"href":"https:\/\/www.medespoir.fr\/es\/wp-json\/wp\/v2\/pages\/25161\/revisions"}],"wp:featuredmedia":[{"embeddable":true,"href":"https:\/\/www.medespoir.fr\/es\/wp-json\/wp\/v2\/media\/21104"}],"wp:attachment":[{"href":"https:\/\/www.medespoir.fr\/es\/wp-json\/wp\/v2\/media?parent=25161"}],"curies":[{"name":"wp","href":"https:\/\/api.w.org\/{rel}","templated":true}]}}