{"id":25129,"date":"2018-02-06T10:54:20","date_gmt":"2018-02-06T09:54:20","guid":{"rendered":"https:\/\/www.medespoir.fr\/laser-vascular-en-tunez-tratamiento-de-las-lesiones-vasculares\/"},"modified":"2022-12-20T13:57:26","modified_gmt":"2022-12-20T12:57:26","slug":"laser-vascular","status":"publish","type":"page","link":"https:\/\/www.medespoir.fr\/es\/laser-vascular\/","title":{"rendered":"L\u00e1ser vascular en T\u00fanez : Tratamiento de las lesiones vasculares"},"content":{"rendered":"\t\t<div data-elementor-type=\"wp-page\" data-elementor-id=\"25129\" class=\"elementor elementor-25129\">\n\t\t\t\t\t\t<section class=\"elementor-section elementor-top-section elementor-element elementor-element-87bff49 elementor-section-boxed elementor-section-height-default elementor-section-height-default\" data-id=\"87bff49\" data-element_type=\"section\" data-e-type=\"section\">\n\t\t\t\t\t\t<div class=\"elementor-container elementor-column-gap-default\">\n\t\t\t\t\t<div class=\"elementor-column elementor-col-66 elementor-top-column elementor-element elementor-element-26f3675\" data-id=\"26f3675\" data-element_type=\"column\" data-e-type=\"column\">\n\t\t\t<div class=\"elementor-widget-wrap elementor-element-populated\">\n\t\t\t\t\t\t<div class=\"elementor-element elementor-element-47ca193 elementor-widget elementor-widget-text-editor\" data-id=\"47ca193\" data-element_type=\"widget\" data-e-type=\"widget\" data-widget_type=\"text-editor.default\">\n\t\t\t\t<div class=\"elementor-widget-container\">\n\t\t\t\t\t\t\t\t\t<p>El <strong>l\u00e1ser vascular<\/strong> es un tratamiento est\u00e9tico y no quir\u00fargico de las lesiones vasculares (varices, venitas, ara\u00f1as vasculares, ros\u00e1cea, estr\u00edas, angiomas, eritrosis&#8230;) mediante la utilizaci\u00f3n de rayos l\u00e1ser de una intensidad y suavidad capaces de <strong>tratar el vaso sangu\u00edneo<\/strong> en cuesti\u00f3n sin alterar el tejido circundante.<\/p><h2>Precio del l\u00e1ser vascular en T\u00fanez<\/h2><p>Una respuesta personalizada sobre el precio de un <strong>tratamiento con l\u00e1ser vascular en T\u00fanez<\/strong> est\u00e1 disponible si usted <a href=\"https:\/\/www.medespoir.fr\/es\/presupuesto\/\">env\u00eda una solicitud de presupuesto gratuito en el sitio<\/a>.<br \/>El precio, en dinares, incluye :<\/p><ul class=\"liste-style\"><li>Los costes de la cl\u00ednica<\/li><li>Los honorarios del cirujano<\/li><li>La remuneraci\u00f3n del anestesista<\/li><li>Cuidados necesarios<\/li><li>Aeropuerto-hotel, hotel-cl\u00ednica y otros gastos de traslado<\/li><\/ul>\t\t\t\t\t\t\t\t<\/div>\n\t\t\t\t<\/div>\n\t\t\t\t\t<\/div>\n\t\t<\/div>\n\t\t\t\t<div class=\"elementor-column elementor-col-33 elementor-top-column elementor-element elementor-element-e062968\" data-id=\"e062968\" data-element_type=\"column\" data-e-type=\"column\">\n\t\t\t<div class=\"elementor-widget-wrap elementor-element-populated\">\n\t\t\t\t\t\t<div class=\"elementor-element elementor-element-947895d elementor-widget elementor-widget-text-editor\" data-id=\"947895d\" data-element_type=\"widget\" data-e-type=\"widget\" data-widget_type=\"text-editor.default\">\n\t\t\t\t<div class=\"elementor-widget-container\">\n\t\t\t\t\t\t\t\t\t<p><img decoding=\"async\" class=\"size-full alignright\" src=\"https:\/\/www.medespoir.fr\/wp-content\/uploads\/2021\/11\/laser-vasculaire-Tunisie.jpg\" alt=\"l\u00e1ser vascular T\u00fanez\"><\/p>\n\t\t\t\t\t\t\t\t<\/div>\n\t\t\t\t<\/div>\n\t\t\t\t\t<\/div>\n\t\t<\/div>\n\t\t\t\t\t<\/div>\n\t\t<\/section>\n\t\t\t\t<section class=\"elementor-section elementor-top-section elementor-element elementor-element-4d4be52 elementor-section-boxed elementor-section-height-default elementor-section-height-default\" data-id=\"4d4be52\" data-element_type=\"section\" data-e-type=\"section\" id=\"bg-devis-express\">\n\t\t\t\t\t\t<div class=\"elementor-container elementor-column-gap-default\">\n\t\t\t\t\t<div class=\"elementor-column elementor-col-100 elementor-top-column elementor-element elementor-element-2524974\" data-id=\"2524974\" data-element_type=\"column\" data-e-type=\"column\">\n\t\t\t<div class=\"elementor-widget-wrap elementor-element-populated\">\n\t\t\t\t\t\t<div class=\"elementor-element elementor-element-9e58d5e elementor-widget elementor-widget-text-editor\" data-id=\"9e58d5e\" data-element_type=\"widget\" data-e-type=\"widget\" data-widget_type=\"text-editor.default\">\n\t\t\t\t<div class=\"elementor-widget-container\">\n\t\t\t\t\t\t\t\t\t<style>\r\n\tbody.home #main-form h2 {\r\n   display:none;\r\n}\r\n<\/style>\r\n<h2 style=\"text-align: center;font-weight: bold;\">Presupuesto r\u00e1pido gratuito<\/h2>\r\n<iframe src=\"https:\/\/app.metocrm.com\/web-forms\/e1cab5bd-ef56-4a37-aa71-4857d931f368\"  height=\"700px\" width=\"100%\"  frameborder=\"0\"><\/iframe>\t\t\t\t\t\t\t\t<\/div>\n\t\t\t\t<\/div>\n\t\t\t\t\t<\/div>\n\t\t<\/div>\n\t\t\t\t\t<\/div>\n\t\t<\/section>\n\t\t\t\t<section class=\"elementor-section elementor-top-section elementor-element elementor-element-2ab7fe0b elementor-section-boxed elementor-section-height-default elementor-section-height-default\" data-id=\"2ab7fe0b\" data-element_type=\"section\" data-e-type=\"section\">\n\t\t\t\t\t\t<div class=\"elementor-container elementor-column-gap-default\">\n\t\t\t\t\t<div class=\"elementor-column elementor-col-100 elementor-top-column elementor-element elementor-element-20ab728a\" data-id=\"20ab728a\" data-element_type=\"column\" data-e-type=\"column\">\n\t\t\t<div class=\"elementor-widget-wrap elementor-element-populated\">\n\t\t\t\t\t\t<div class=\"elementor-element elementor-element-681bba2f elementor-widget elementor-widget-text-editor\" data-id=\"681bba2f\" data-element_type=\"widget\" data-e-type=\"widget\" data-widget_type=\"text-editor.default\">\n\t\t\t\t<div class=\"elementor-widget-container\">\n\t\t\t\t\t\t\t\t\t<h2>Desarrollo de una sesi\u00f3n de l\u00e1ser vascular<\/h2>\nSe utilizan dos tipos de l\u00e1ser vascular: el l\u00e1ser KTP y el l\u00e1ser de colorante pulsado.\n\nEste remedio est\u00e9tico no es muy doloroso y s\u00f3lo requiere la aplicaci\u00f3n de una crema anest\u00e9sica.\n\nSe realiza una aplicaci\u00f3n cut\u00e1nea desinfectante antes del inicio de la sesi\u00f3n.\n\nLos ojos se protegen con gafas especiales contra la luz l\u00e1ser.\n\nLa sensaci\u00f3n de incomodidad s\u00f3lo dura el tiempo que dura el tratamiento, que no excede de unos 30 minutos.\n\nLa zona objetivo se explora cuidadosamente con la luz l\u00e1ser, pasando manualmente una peque\u00f1a moneda o bola sobre los vasos.\n\nAl final del <a href=\"https:\/\/www.medespoir.fr\/es\/medicina-estetica\/\">tratamiento est\u00e9tico<\/a>, se aplica una crema cicatrizante e hidratante.\n\nA veces son necesarias dos o tres sesiones para obtener un resultado \u00f3ptimo.\n<h2>Las secuelas de la operaci\u00f3n<\/h2>\n<ul class=\"liste-style\">\n \t<li>Se siente calor, enrojecimiento e hinchaz\u00f3n durante un breve periodo de tiempo.<\/li>\n \t<li>Las actividades normales pueden reanudarse inmediatamente despu\u00e9s de la sesi\u00f3n.<\/li>\n \t<li>Una buena hidrataci\u00f3n con protecci\u00f3n solar deber\u00eda durar unos diez d\u00edas.<\/li>\n \t<li>Utiliza hielo para el dolor.<\/li>\n \t<li>Aplique una pomada antibi\u00f3tica t\u00f3pica durante los primeros d\u00edas tras la sesi\u00f3n.<\/li>\n \t<li>Est\u00e1 prohibido frotar o enjuagar la zona de trabajo con productos abrasivos.<\/li>\n \t<li>A veces puede observarse una hipopigmentaci\u00f3n o hiperpigmentaci\u00f3n, pero desaparece con el tiempo.<\/li>\n<\/ul>\n<h2>Resultado de la aplicaci\u00f3n del l\u00e1ser vascular<\/h2>\nUn tratamiento eficaz y seguro que da buenos resultados en poco tiempo.\n\nLa tez se unifica, lo que produce satisfacci\u00f3n.\n\nAl cabo de unas semanas, los efectos secundarios desaparecen y el resultado se estabiliza claramente.\t\t\t\t\t\t\t\t<\/div>\n\t\t\t\t<\/div>\n\t\t\t\t\t<\/div>\n\t\t<\/div>\n\t\t\t\t\t<\/div>\n\t\t<\/section>\n\t\t\t\t<section class=\"elementor-section elementor-top-section elementor-element elementor-element-e444e9c elementor-section-boxed elementor-section-height-default elementor-section-height-default\" data-id=\"e444e9c\" data-element_type=\"section\" data-e-type=\"section\">\n\t\t\t\t\t\t<div class=\"elementor-container elementor-column-gap-default\">\n\t\t\t\t\t<div class=\"elementor-column elementor-col-50 elementor-top-column elementor-element elementor-element-fd9beb0\" data-id=\"fd9beb0\" data-element_type=\"column\" data-e-type=\"column\">\n\t\t\t<div class=\"elementor-widget-wrap elementor-element-populated\">\n\t\t\t\t\t\t<div class=\"elementor-element elementor-element-b5f7755 elementor-widget elementor-widget-html\" data-id=\"b5f7755\" data-element_type=\"widget\" data-e-type=\"widget\" data-widget_type=\"html.default\">\n\t\t\t\t<div class=\"elementor-widget-container\">\n\t\t\t\t\t<a href=\"https:\/\/www.medespoir.fr\/es\/presupuesto\/\" class=\"main__btn blue\"><span>Presupuesto gratuito<\/span><\/a>\t\t\t\t<\/div>\n\t\t\t\t<\/div>\n\t\t\t\t\t<\/div>\n\t\t<\/div>\n\t\t\t\t<div class=\"elementor-column elementor-col-50 elementor-top-column elementor-element elementor-element-ced9a30\" data-id=\"ced9a30\" data-element_type=\"column\" data-e-type=\"column\">\n\t\t\t<div class=\"elementor-widget-wrap\">\n\t\t\t\t\t\t\t<\/div>\n\t\t<\/div>\n\t\t\t\t\t<\/div>\n\t\t<\/section>\n\t\t\t\t<\/div>\n\t\t","protected":false},"excerpt":{"rendered":"<p>El l\u00e1ser vascular es un tratamiento est\u00e9tico y no quir\u00fargico de las lesiones vasculares (varices, venitas, ara\u00f1as vasculares, ros\u00e1cea, estr\u00edas, [&hellip;]<\/p>\n","protected":false},"author":2,"featured_media":21104,"parent":0,"menu_order":10,"comment_status":"closed","ping_status":"closed","template":"","meta":{"footnotes":""},"class_list":["post-25129","page","type-page","status-publish","has-post-thumbnail","hentry"],"yoast_head":"<!-- This site is optimized with the Yoast SEO plugin v27.4 - https:\/\/yoast.com\/product\/yoast-seo-wordpress\/ -->\n<title>L\u00e1ser vascular T\u00fanez : tratamiento l\u00e1ser barato T\u00fanez<\/title>\n<meta name=\"description\" content=\"L\u00e1ser vascular T\u00fanez, tratamiento est\u00e9tico l\u00e1ser en T\u00fanez a bajo coste. Tratamiento l\u00e1ser de varices, ros\u00e1cea, estr\u00edas, etc.\" \/>\n<meta name=\"robots\" content=\"index, follow, max-snippet:-1, max-image-preview:large, max-video-preview:-1\" \/>\n<link rel=\"canonical\" href=\"https:\/\/www.medespoir.fr\/es\/laser-vascular\/\" \/>\n<meta name=\"twitter:label1\" content=\"Tiempo de lectura\" \/>\n\t<meta name=\"twitter:data1\" content=\"3 minutos\" \/>\n<script type=\"application\/ld+json\" class=\"yoast-schema-graph\">{\"@context\":\"https:\\\/\\\/schema.org\",\"@graph\":[{\"@type\":\"WebPage\",\"@id\":\"https:\\\/\\\/www.medespoir.fr\\\/es\\\/laser-vascular\\\/\",\"url\":\"https:\\\/\\\/www.medespoir.fr\\\/es\\\/laser-vascular\\\/\",\"name\":\"L\u00e1ser vascular T\u00fanez : tratamiento l\u00e1ser barato T\u00fanez\",\"isPartOf\":{\"@id\":\"https:\\\/\\\/www.medespoir.fr\\\/es\\\/#website\"},\"primaryImageOfPage\":{\"@id\":\"https:\\\/\\\/www.medespoir.fr\\\/es\\\/laser-vascular\\\/#primaryimage\"},\"image\":{\"@id\":\"https:\\\/\\\/www.medespoir.fr\\\/es\\\/laser-vascular\\\/#primaryimage\"},\"thumbnailUrl\":\"https:\\\/\\\/www.medespoir.fr\\\/wp-content\\\/uploads\\\/2021\\\/11\\\/header-esthetique.jpg\",\"datePublished\":\"2018-02-06T09:54:20+00:00\",\"dateModified\":\"2022-12-20T12:57:26+00:00\",\"description\":\"L\u00e1ser vascular T\u00fanez, tratamiento est\u00e9tico l\u00e1ser en T\u00fanez a bajo coste. Tratamiento l\u00e1ser de varices, ros\u00e1cea, estr\u00edas, etc.\",\"breadcrumb\":{\"@id\":\"https:\\\/\\\/www.medespoir.fr\\\/es\\\/laser-vascular\\\/#breadcrumb\"},\"inLanguage\":\"es\",\"potentialAction\":[{\"@type\":\"ReadAction\",\"target\":[\"https:\\\/\\\/www.medespoir.fr\\\/es\\\/laser-vascular\\\/\"]}]},{\"@type\":\"ImageObject\",\"inLanguage\":\"es\",\"@id\":\"https:\\\/\\\/www.medespoir.fr\\\/es\\\/laser-vascular\\\/#primaryimage\",\"url\":\"https:\\\/\\\/www.medespoir.fr\\\/wp-content\\\/uploads\\\/2021\\\/11\\\/header-esthetique.jpg\",\"contentUrl\":\"https:\\\/\\\/www.medespoir.fr\\\/wp-content\\\/uploads\\\/2021\\\/11\\\/header-esthetique.jpg\",\"width\":1928,\"height\":479},{\"@type\":\"BreadcrumbList\",\"@id\":\"https:\\\/\\\/www.medespoir.fr\\\/es\\\/laser-vascular\\\/#breadcrumb\",\"itemListElement\":[{\"@type\":\"ListItem\",\"position\":1,\"name\":\"Accueil\",\"item\":\"https:\\\/\\\/www.medespoir.fr\\\/es\\\/\"},{\"@type\":\"ListItem\",\"position\":2,\"name\":\"L\u00e1ser vascular en T\u00fanez : Tratamiento de las lesiones vasculares\"}]},{\"@type\":\"WebSite\",\"@id\":\"https:\\\/\\\/www.medespoir.fr\\\/es\\\/#website\",\"url\":\"https:\\\/\\\/www.medespoir.fr\\\/es\\\/\",\"name\":\"Medespoir France\",\"description\":\"Chirurgie esthetique Tunisie\",\"publisher\":{\"@id\":\"https:\\\/\\\/www.medespoir.fr\\\/es\\\/#organization\"},\"potentialAction\":[{\"@type\":\"SearchAction\",\"target\":{\"@type\":\"EntryPoint\",\"urlTemplate\":\"https:\\\/\\\/www.medespoir.fr\\\/es\\\/?s={search_term_string}\"},\"query-input\":{\"@type\":\"PropertyValueSpecification\",\"valueRequired\":true,\"valueName\":\"search_term_string\"}}],\"inLanguage\":\"es\"},{\"@type\":\"Organization\",\"@id\":\"https:\\\/\\\/www.medespoir.fr\\\/es\\\/#organization\",\"name\":\"Medespoir France\",\"url\":\"https:\\\/\\\/www.medespoir.fr\\\/es\\\/\",\"logo\":{\"@type\":\"ImageObject\",\"inLanguage\":\"es\",\"@id\":\"https:\\\/\\\/www.medespoir.fr\\\/es\\\/#\\\/schema\\\/logo\\\/image\\\/\",\"url\":\"https:\\\/\\\/www.medespoir.fr\\\/wp-content\\\/uploads\\\/2021\\\/10\\\/cropped-logo__medespoirFR.png\",\"contentUrl\":\"https:\\\/\\\/www.medespoir.fr\\\/wp-content\\\/uploads\\\/2021\\\/10\\\/cropped-logo__medespoirFR.png\",\"width\":150,\"height\":62,\"caption\":\"Medespoir France\"},\"image\":{\"@id\":\"https:\\\/\\\/www.medespoir.fr\\\/es\\\/#\\\/schema\\\/logo\\\/image\\\/\"},\"sameAs\":[\"https:\\\/\\\/www.facebook.com\\\/MedEspoirFr\",\"https:\\\/\\\/x.com\\\/MedEspoirTN\"]}]}<\/script>\n<!-- \/ Yoast SEO plugin. -->","yoast_head_json":{"title":"L\u00e1ser vascular T\u00fanez : tratamiento l\u00e1ser barato T\u00fanez","description":"L\u00e1ser vascular T\u00fanez, tratamiento est\u00e9tico l\u00e1ser en T\u00fanez a bajo coste. Tratamiento l\u00e1ser de varices, ros\u00e1cea, estr\u00edas, etc.","robots":{"index":"index","follow":"follow","max-snippet":"max-snippet:-1","max-image-preview":"max-image-preview:large","max-video-preview":"max-video-preview:-1"},"canonical":"https:\/\/www.medespoir.fr\/es\/laser-vascular\/","twitter_misc":{"Tiempo de lectura":"3 minutos"},"schema":{"@context":"https:\/\/schema.org","@graph":[{"@type":"WebPage","@id":"https:\/\/www.medespoir.fr\/es\/laser-vascular\/","url":"https:\/\/www.medespoir.fr\/es\/laser-vascular\/","name":"L\u00e1ser vascular T\u00fanez : tratamiento l\u00e1ser barato T\u00fanez","isPartOf":{"@id":"https:\/\/www.medespoir.fr\/es\/#website"},"primaryImageOfPage":{"@id":"https:\/\/www.medespoir.fr\/es\/laser-vascular\/#primaryimage"},"image":{"@id":"https:\/\/www.medespoir.fr\/es\/laser-vascular\/#primaryimage"},"thumbnailUrl":"https:\/\/www.medespoir.fr\/wp-content\/uploads\/2021\/11\/header-esthetique.jpg","datePublished":"2018-02-06T09:54:20+00:00","dateModified":"2022-12-20T12:57:26+00:00","description":"L\u00e1ser vascular T\u00fanez, tratamiento est\u00e9tico l\u00e1ser en T\u00fanez a bajo coste. Tratamiento l\u00e1ser de varices, ros\u00e1cea, estr\u00edas, etc.","breadcrumb":{"@id":"https:\/\/www.medespoir.fr\/es\/laser-vascular\/#breadcrumb"},"inLanguage":"es","potentialAction":[{"@type":"ReadAction","target":["https:\/\/www.medespoir.fr\/es\/laser-vascular\/"]}]},{"@type":"ImageObject","inLanguage":"es","@id":"https:\/\/www.medespoir.fr\/es\/laser-vascular\/#primaryimage","url":"https:\/\/www.medespoir.fr\/wp-content\/uploads\/2021\/11\/header-esthetique.jpg","contentUrl":"https:\/\/www.medespoir.fr\/wp-content\/uploads\/2021\/11\/header-esthetique.jpg","width":1928,"height":479},{"@type":"BreadcrumbList","@id":"https:\/\/www.medespoir.fr\/es\/laser-vascular\/#breadcrumb","itemListElement":[{"@type":"ListItem","position":1,"name":"Accueil","item":"https:\/\/www.medespoir.fr\/es\/"},{"@type":"ListItem","position":2,"name":"L\u00e1ser vascular en T\u00fanez : Tratamiento de las lesiones vasculares"}]},{"@type":"WebSite","@id":"https:\/\/www.medespoir.fr\/es\/#website","url":"https:\/\/www.medespoir.fr\/es\/","name":"Medespoir France","description":"Chirurgie esthetique Tunisie","publisher":{"@id":"https:\/\/www.medespoir.fr\/es\/#organization"},"potentialAction":[{"@type":"SearchAction","target":{"@type":"EntryPoint","urlTemplate":"https:\/\/www.medespoir.fr\/es\/?s={search_term_string}"},"query-input":{"@type":"PropertyValueSpecification","valueRequired":true,"valueName":"search_term_string"}}],"inLanguage":"es"},{"@type":"Organization","@id":"https:\/\/www.medespoir.fr\/es\/#organization","name":"Medespoir France","url":"https:\/\/www.medespoir.fr\/es\/","logo":{"@type":"ImageObject","inLanguage":"es","@id":"https:\/\/www.medespoir.fr\/es\/#\/schema\/logo\/image\/","url":"https:\/\/www.medespoir.fr\/wp-content\/uploads\/2021\/10\/cropped-logo__medespoirFR.png","contentUrl":"https:\/\/www.medespoir.fr\/wp-content\/uploads\/2021\/10\/cropped-logo__medespoirFR.png","width":150,"height":62,"caption":"Medespoir France"},"image":{"@id":"https:\/\/www.medespoir.fr\/es\/#\/schema\/logo\/image\/"},"sameAs":["https:\/\/www.facebook.com\/MedEspoirFr","https:\/\/x.com\/MedEspoirTN"]}]}},"_links":{"self":[{"href":"https:\/\/www.medespoir.fr\/es\/wp-json\/wp\/v2\/pages\/25129","targetHints":{"allow":["GET"]}}],"collection":[{"href":"https:\/\/www.medespoir.fr\/es\/wp-json\/wp\/v2\/pages"}],"about":[{"href":"https:\/\/www.medespoir.fr\/es\/wp-json\/wp\/v2\/types\/page"}],"author":[{"embeddable":true,"href":"https:\/\/www.medespoir.fr\/es\/wp-json\/wp\/v2\/users\/2"}],"replies":[{"embeddable":true,"href":"https:\/\/www.medespoir.fr\/es\/wp-json\/wp\/v2\/comments?post=25129"}],"version-history":[{"count":0,"href":"https:\/\/www.medespoir.fr\/es\/wp-json\/wp\/v2\/pages\/25129\/revisions"}],"wp:featuredmedia":[{"embeddable":true,"href":"https:\/\/www.medespoir.fr\/es\/wp-json\/wp\/v2\/media\/21104"}],"wp:attachment":[{"href":"https:\/\/www.medespoir.fr\/es\/wp-json\/wp\/v2\/media?parent=25129"}],"curies":[{"name":"wp","href":"https:\/\/api.w.org\/{rel}","templated":true}]}}