{"id":25114,"date":"2017-08-15T13:22:57","date_gmt":"2017-08-15T11:22:57","guid":{"rendered":"https:\/\/www.medespoir.fr\/cirugia-de-parpados\/"},"modified":"2022-12-20T10:28:19","modified_gmt":"2022-12-20T09:28:19","slug":"cirugia-de-parpados","status":"publish","type":"page","link":"https:\/\/www.medespoir.fr\/es\/cirugia-de-parpados\/","title":{"rendered":"Cirug\u00eda de p\u00e1rpados"},"content":{"rendered":"\t\t<div data-elementor-type=\"wp-page\" data-elementor-id=\"25114\" class=\"elementor elementor-25114\">\n\t\t\t\t\t\t<section class=\"elementor-section elementor-top-section elementor-element elementor-element-a5cc483 elementor-section-boxed elementor-section-height-default elementor-section-height-default\" data-id=\"a5cc483\" data-element_type=\"section\" data-e-type=\"section\">\n\t\t\t\t\t\t<div class=\"elementor-container elementor-column-gap-default\">\n\t\t\t\t\t<div class=\"elementor-column elementor-col-66 elementor-top-column elementor-element elementor-element-10694a1\" data-id=\"10694a1\" data-element_type=\"column\" data-e-type=\"column\">\n\t\t\t<div class=\"elementor-widget-wrap elementor-element-populated\">\n\t\t\t\t\t\t<div class=\"elementor-element elementor-element-a632670 elementor-widget elementor-widget-text-editor\" data-id=\"a632670\" data-element_type=\"widget\" data-e-type=\"widget\" data-widget_type=\"text-editor.default\">\n\t\t\t\t<div class=\"elementor-widget-container\">\n\t\t\t\t\t\t\t\t\t<h2>\u00bfQu\u00e9 es la <strong>cirug\u00eda de p\u00e1rpados inferiores<\/strong>?<\/h2>\nUna de las principales preocupaciones est\u00e9ticas de muchos pacientes es el p\u00e1rpado inferior. A medida que envejecemos, la grasa que rodea los ojos puede empezar a desplazarse hacia el p\u00e1rpado inferior, creando las \u00abbolsas\u00bb que crean una sombra y nos hacen parecer ojeras. Dependiendo de su anatom\u00eda, esto puede ocurrir a una edad muy temprana, pero sin duda es m\u00e1s com\u00fan a medida que envejecemos.\n\t\t\t\t\t\t\t\t<\/div>\n\t\t\t\t<\/div>\n\t\t\t\t<div class=\"elementor-element elementor-element-6aaad48 elementor-widget elementor-widget-text-editor\" data-id=\"6aaad48\" data-element_type=\"widget\" data-e-type=\"widget\" data-widget_type=\"text-editor.default\">\n\t\t\t\t<div class=\"elementor-widget-container\">\n\t\t\t\t\t\t\t\t\t<p>S\u00f3lo hay unas pocas maneras de ayudar a las ojeras y la grasa. Una excelente opci\u00f3n no quir\u00fargica es rellenar el lagrimal, justo debajo de la almohadilla de grasa, con una inyecci\u00f3n de \u00e1cido hialur\u00f3nico. De este modo, se a\u00f1ade volumen a la papada y se suaviza la transici\u00f3n de la mejilla al p\u00e1rpado. Este volumen extra hace que la ojera sea menos pronunciada y ayuda a ocultar la almohadilla de grasa.<\/p>\n\t\t\t\t\t\t\t\t<\/div>\n\t\t\t\t<\/div>\n\t\t\t\t<div class=\"elementor-element elementor-element-d798e8e elementor-widget elementor-widget-text-editor\" data-id=\"d798e8e\" data-element_type=\"widget\" data-e-type=\"widget\" data-widget_type=\"text-editor.default\">\n\t\t\t\t<div class=\"elementor-widget-container\">\n\t\t\t\t\t\t\t\t\tLa otra opci\u00f3n es <strong>la cirug\u00eda de p\u00e1rpados<\/strong>.\nEn un <strong>\n  <a href=\"https:\/\/www.medespoir.fr\/es\/blefaroplastia\/\">blefaroplastia tradicional<\/a>\n<\/strong>En una blefoplastia tradicional, se eliminan la grasa y el exceso de piel. Aunque los resultados pueden ser buenos con esta t\u00e9cnica, la eliminaci\u00f3n de la grasa puede provocar una profundizaci\u00f3n del p\u00e1rpado inferior y un empeoramiento de la ojera. Con esta t\u00e9cnica, la grasa no se extrae, sino que se baja al lagrimal. De este modo se mantiene el volumen de la cubierta inferior, y el relleno del lagrimal reducir\u00e1 la aparici\u00f3n de los c\u00edrculos negros.\t\t\t\t\t\t\t\t<\/div>\n\t\t\t\t<\/div>\n\t\t\t\t\t<\/div>\n\t\t<\/div>\n\t\t\t\t<div class=\"elementor-column elementor-col-33 elementor-top-column elementor-element elementor-element-2145b12\" data-id=\"2145b12\" data-element_type=\"column\" data-e-type=\"column\">\n\t\t\t<div class=\"elementor-widget-wrap elementor-element-populated\">\n\t\t\t\t\t\t<div class=\"elementor-element elementor-element-c556813 elementor-widget elementor-widget-text-editor\" data-id=\"c556813\" data-element_type=\"widget\" data-e-type=\"widget\" id=\"margin__btm\" data-widget_type=\"text-editor.default\">\n\t\t\t\t<div class=\"elementor-widget-container\">\n\t\t\t\t\t\t\t\t\t<p><img decoding=\"async\" class=\"alignright\" src=\"https:\/\/www.medespoir.fr\/wp-content\/uploads\/2021\/11\/chirurgie-paupiere-inferieure.jpg\" alt=\"cirug\u00eda de p\u00e1rpados\"><\/p>\n\t\t\t\t\t\t\t\t<\/div>\n\t\t\t\t<\/div>\n\t\t\t\t\t<\/div>\n\t\t<\/div>\n\t\t\t\t\t<\/div>\n\t\t<\/section>\n\t\t\t\t<section class=\"elementor-section elementor-top-section elementor-element elementor-element-53eb45d elementor-section-boxed elementor-section-height-default elementor-section-height-default\" data-id=\"53eb45d\" data-element_type=\"section\" data-e-type=\"section\" id=\"bg-devis-express\">\n\t\t\t\t\t\t<div class=\"elementor-container elementor-column-gap-default\">\n\t\t\t\t\t<div class=\"elementor-column elementor-col-100 elementor-top-column elementor-element elementor-element-3ae3728\" data-id=\"3ae3728\" data-element_type=\"column\" data-e-type=\"column\">\n\t\t\t<div class=\"elementor-widget-wrap elementor-element-populated\">\n\t\t\t\t\t\t<div class=\"elementor-element elementor-element-f243133 elementor-widget elementor-widget-text-editor\" data-id=\"f243133\" data-element_type=\"widget\" data-e-type=\"widget\" data-widget_type=\"text-editor.default\">\n\t\t\t\t<div class=\"elementor-widget-container\">\n\t\t\t\t\t\t\t\t\t<style>\r\n\tbody.home #main-form h2 {\r\n   display:none;\r\n}\r\n<\/style>\r\n<h2 style=\"text-align: center;font-weight: bold;\">Presupuesto r\u00e1pido gratuito<\/h2>\r\n<iframe src=\"https:\/\/app.metocrm.com\/web-forms\/e1cab5bd-ef56-4a37-aa71-4857d931f368\"  height=\"700px\" width=\"100%\"  frameborder=\"0\"><\/iframe>\t\t\t\t\t\t\t\t<\/div>\n\t\t\t\t<\/div>\n\t\t\t\t\t<\/div>\n\t\t<\/div>\n\t\t\t\t\t<\/div>\n\t\t<\/section>\n\t\t\t\t<section class=\"elementor-section elementor-top-section elementor-element elementor-element-2e7c1374 elementor-section-boxed elementor-section-height-default elementor-section-height-default\" data-id=\"2e7c1374\" data-element_type=\"section\" data-e-type=\"section\">\n\t\t\t\t\t\t<div class=\"elementor-container elementor-column-gap-default\">\n\t\t\t\t\t<div class=\"elementor-column elementor-col-100 elementor-top-column elementor-element elementor-element-722dc02d\" data-id=\"722dc02d\" data-element_type=\"column\" data-e-type=\"column\">\n\t\t\t<div class=\"elementor-widget-wrap elementor-element-populated\">\n\t\t\t\t\t\t<div class=\"elementor-element elementor-element-74492a27 elementor-widget elementor-widget-text-editor\" data-id=\"74492a27\" data-element_type=\"widget\" data-e-type=\"widget\" data-widget_type=\"text-editor.default\">\n\t\t\t\t<div class=\"elementor-widget-container\">\n\t\t\t\t\t\t\t\t\t<h2>Consulta :<\/h2>\nMuchos pacientes atendidos en la consulta acuden por hinchaz\u00f3n de grasa en el p\u00e1rpado inferior. Si alguien es joven o no tiene mucho prolapso graso, los rellenos suelen ser la mejor opci\u00f3n. Se utiliza una <a href=\"https:\/\/www.medespoir.fr\/es\/acido-hialuronico\/\">inyecci\u00f3n de \u00e1cido hialur\u00f3nico<\/a> que suele durar entre 1 y 2 a\u00f1os.\n\nSi alguien tiene grandes cantidades de grasa y piel fl\u00e1cida y arrugada, debe plantearse la cirug\u00eda. Se hablar\u00eda de una blefaroplastia de transposici\u00f3n de grasa, que se realiza desde un abordaje transconjuntival, es decir, por dentro del p\u00e1rpado. Si hay exceso de piel, se puede retirar una tira de piel justo debajo de las pesta\u00f1as, en el pliegue del p\u00e1rpado inferior. Tambi\u00e9n puede realizarse un rejuvenecimiento con l\u00e1ser para tensar la piel y mejorar su textura.\n<h2>Cirug\u00eda :<\/h2>\nPara reposicionar la grasa transconjuntival, se baja el p\u00e1rpado de forma que quede visible la parte interior del mismo. Mediante un l\u00e1ser, se practica una incisi\u00f3n en el p\u00e1rpado. La piel y el m\u00fasculo se elevan, y la grasa se localiza. A continuaci\u00f3n, la grasa se desplaza hacia el lagrimal y se sutura en su posici\u00f3n. A continuaci\u00f3n, la tapa vuelve a su posici\u00f3n normal. Si el p\u00e1rpado est\u00e1 muy suelto y flojo, el tend\u00f3n se sujeta a la esquina exterior del p\u00e1rpado. A continuaci\u00f3n, se extirpa una pizca de piel sobrante y se sutura la piel para cerrarla. A continuaci\u00f3n, se realiza un rejuvenecimiento con l\u00e1ser para mejorar la textura de la piel en pacientes con tonos de piel m\u00e1s claros.\n<h2>Anestesia :<\/h2>\nLa <strong>cirug\u00eda de p\u00e1rpados<\/strong> se realiza con anestesia local y sedaci\u00f3n. Realizar la cirug\u00eda con anestesia local no es f\u00e1cil para el paciente porque la manipulaci\u00f3n de la grasa es inc\u00f3moda. Por lo tanto, al paciente se le colocar\u00e1 una v\u00eda intravenosa para recibir la sedaci\u00f3n. Tras la intervenci\u00f3n, el paciente permanecer\u00e1 en la sala de recuperaci\u00f3n durante aproximadamente una hora antes de volver a casa.\n\nPara esta operaci\u00f3n no es necesaria la anestesia general.\n\t\t\t\t\t\t\t\t<\/div>\n\t\t\t\t<\/div>\n\t\t\t\t\t<\/div>\n\t\t<\/div>\n\t\t\t\t\t<\/div>\n\t\t<\/section>\n\t\t\t\t<section class=\"elementor-section elementor-top-section elementor-element elementor-element-5a7e40b elementor-section-boxed elementor-section-height-default elementor-section-height-default\" data-id=\"5a7e40b\" data-element_type=\"section\" data-e-type=\"section\">\n\t\t\t\t\t\t<div class=\"elementor-container elementor-column-gap-default\">\n\t\t\t\t\t<div class=\"elementor-column elementor-col-66 elementor-top-column elementor-element elementor-element-68e5d43\" data-id=\"68e5d43\" data-element_type=\"column\" data-e-type=\"column\">\n\t\t\t<div class=\"elementor-widget-wrap elementor-element-populated\">\n\t\t\t\t\t\t<div class=\"elementor-element elementor-element-df0df2c elementor-widget elementor-widget-text-editor\" data-id=\"df0df2c\" data-element_type=\"widget\" data-e-type=\"widget\" data-widget_type=\"text-editor.default\">\n\t\t\t\t<div class=\"elementor-widget-container\">\n\t\t\t\t\t\t\t\t\t<h2>Postoperatorio :<\/h2>\nTras la <strong>cirug\u00eda de p\u00e1rpados<\/strong> inferiores, todos los pacientes presentar\u00e1n lesiones e hinchaz\u00f3n. Durar\u00e1 al menos 10 d\u00edas y variar\u00e1 de un p\u00e1rpado a otro y de un paciente a otro. Se utilizan compresas de hielo durante los 3 primeros d\u00edas, seguidas de compresas calientes. Se utiliza una pomada ocular 3 veces al d\u00eda durante una semana. Las suturas se retiran en unos 7 a 10 d\u00edas. Las molestias son m\u00ednimas para la mayor\u00eda de los pacientes postoperados. En algunos pacientes, la inflamaci\u00f3n puede durar varias semanas. Si se ha realizado un rejuvenecimiento con l\u00e1ser, puede haber enrojecimiento de la piel durante varias semanas.\n\n\t\t\t\t\t\t\t\t<\/div>\n\t\t\t\t<\/div>\n\t\t\t\t\t<\/div>\n\t\t<\/div>\n\t\t\t\t<div class=\"elementor-column elementor-col-33 elementor-top-column elementor-element elementor-element-af0aa93\" data-id=\"af0aa93\" data-element_type=\"column\" data-e-type=\"column\">\n\t\t\t<div class=\"elementor-widget-wrap elementor-element-populated\">\n\t\t\t\t\t\t<div class=\"elementor-element elementor-element-c4850cc elementor-widget elementor-widget-text-editor\" data-id=\"c4850cc\" data-element_type=\"widget\" data-e-type=\"widget\" data-widget_type=\"text-editor.default\">\n\t\t\t\t<div class=\"elementor-widget-container\">\n\t\t\t\t\t\t\t\t\t<figure id=\"attachment_2099\" aria-describedby=\"caption-attachment-2099\" style=\"width: 462px\" class=\"wp-caption aligncenter\"><img fetchpriority=\"high\" decoding=\"async\" src=\"https:\/\/www.medespoir.fr\/wp-content\/uploads\/2017\/08\/blepharoplastie-paupiere-inferieure.jpg\" alt=\"cirug\u00eda de p\u00e1rpados inferiores\" width=\"462\" height=\"333\"><figcaption id=\"caption-attachment-2099\" class=\"wp-caption-text\">Resultados antes y despu\u00e9s de la cirug\u00eda de p\u00e1rpados. Operaci\u00f3n realizada por el dr. Mezhoud en la Cl\u00ednica Medespoir Francia<\/figcaption><\/figure>\n\t\t\t\t\t\t\t\t<\/div>\n\t\t\t\t<\/div>\n\t\t\t\t\t<\/div>\n\t\t<\/div>\n\t\t\t\t\t<\/div>\n\t\t<\/section>\n\t\t\t\t<section class=\"elementor-section elementor-top-section elementor-element elementor-element-b9a8666 elementor-section-boxed elementor-section-height-default elementor-section-height-default\" data-id=\"b9a8666\" data-element_type=\"section\" data-e-type=\"section\">\n\t\t\t\t\t\t<div class=\"elementor-container elementor-column-gap-default\">\n\t\t\t\t\t<div class=\"elementor-column elementor-col-100 elementor-top-column elementor-element elementor-element-00053af\" data-id=\"00053af\" data-element_type=\"column\" data-e-type=\"column\">\n\t\t\t<div class=\"elementor-widget-wrap elementor-element-populated\">\n\t\t\t\t\t\t<div class=\"elementor-element elementor-element-0739382 elementor-widget elementor-widget-text-editor\" data-id=\"0739382\" data-element_type=\"widget\" data-e-type=\"widget\" data-widget_type=\"text-editor.default\">\n\t\t\t\t<div class=\"elementor-widget-container\">\n\t\t\t\t\t\t\t\t\t<h2>Complicaciones:<\/h2>\nLa complicaci\u00f3n m\u00e1s preocupante de la cirug\u00eda de p\u00e1rpados es el ectropi\u00f3n. En este punto, el p\u00e1rpado se aleja del ojo, dejando al descubierto la escler\u00f3tica blanca. Esto puede provocar enrojecimiento, sequedad e irritaci\u00f3n cr\u00f3nica del ojo. Si es grave, debe realizarse una cirug\u00eda de revisi\u00f3n. Esto suele ocurrir por extirpar demasiada piel o por no tensar un p\u00e1rpado laxo durante la cirug\u00eda. Tambi\u00e9n puede producirse una inflamaci\u00f3n prolongada, sobre todo de la almohadilla de grasa malar.\n<h2>Otros :<\/h2>\nLa <strong>blefaroplastia inferior<\/strong> puede combinarse con otras cirug\u00edas est\u00e9ticas como <a href=\"https:\/\/www.medespoir.fr\/lifting-tiers-superieur-visage\/\">el lifting de cejas<\/a>, la blefaroplastia del p\u00e1rpado superior y el lifting facial y de cuello. Si un paciente tiene un lagrimal muy hueco y no tiene mucha grasa en el p\u00e1rpado inferior, se puede transferir grasa extra de otra parte del cuerpo al p\u00e1rpado.\t\t\t\t\t\t\t\t<\/div>\n\t\t\t\t<\/div>\n\t\t\t\t\t<\/div>\n\t\t<\/div>\n\t\t\t\t\t<\/div>\n\t\t<\/section>\n\t\t\t\t<section class=\"elementor-section elementor-top-section elementor-element elementor-element-e48a9f8 elementor-section-boxed elementor-section-height-default elementor-section-height-default\" data-id=\"e48a9f8\" data-element_type=\"section\" data-e-type=\"section\">\n\t\t\t\t\t\t<div class=\"elementor-container elementor-column-gap-default\">\n\t\t\t\t\t<div class=\"elementor-column elementor-col-50 elementor-top-column elementor-element elementor-element-9439c7e\" data-id=\"9439c7e\" data-element_type=\"column\" data-e-type=\"column\">\n\t\t\t<div class=\"elementor-widget-wrap elementor-element-populated\">\n\t\t\t\t\t\t<div class=\"elementor-element elementor-element-2802c4b elementor-widget elementor-widget-html\" data-id=\"2802c4b\" data-element_type=\"widget\" data-e-type=\"widget\" data-widget_type=\"html.default\">\n\t\t\t\t<div class=\"elementor-widget-container\">\n\t\t\t\t\t<a href=\"https:\/\/www.medespoir.fr\/es\/presupuesto\/\" class=\"main__btn blue\"><span>Presupuesto gratuito<\/span><\/a>\t\t\t\t<\/div>\n\t\t\t\t<\/div>\n\t\t\t\t\t<\/div>\n\t\t<\/div>\n\t\t\t\t<div class=\"elementor-column elementor-col-50 elementor-top-column elementor-element elementor-element-b9abfc0\" data-id=\"b9abfc0\" data-element_type=\"column\" data-e-type=\"column\">\n\t\t\t<div class=\"elementor-widget-wrap\">\n\t\t\t\t\t\t\t<\/div>\n\t\t<\/div>\n\t\t\t\t\t<\/div>\n\t\t<\/section>\n\t\t\t\t<\/div>\n\t\t","protected":false},"excerpt":{"rendered":"<p>\u00bfQu\u00e9 es la cirug\u00eda de p\u00e1rpados inferiores? Una de las principales preocupaciones est\u00e9ticas de muchos pacientes es el p\u00e1rpado inferior. [&hellip;]<\/p>\n","protected":false},"author":1,"featured_media":20781,"parent":0,"menu_order":97,"comment_status":"closed","ping_status":"closed","template":"","meta":{"footnotes":""},"class_list":["post-25114","page","type-page","status-publish","has-post-thumbnail","hentry"],"yoast_head":"<!-- This site is optimized with the Yoast SEO plugin v27.5 - https:\/\/yoast.com\/product\/yoast-seo-wordpress\/ -->\n<title>Cirug\u00eda de p\u00e1rpados : Cirug\u00eda de p\u00e1rpados inferiores<\/title>\n<meta name=\"description\" content=\"Cirug\u00eda de p\u00e1rpados inferiores en la Cl\u00ednica Medespoir de Francia por el Dr. J. M. K. Sami Mazhoud a precios baratos.\" \/>\n<meta name=\"robots\" content=\"index, follow, max-snippet:-1, max-image-preview:large, max-video-preview:-1\" \/>\n<link rel=\"canonical\" href=\"https:\/\/www.medespoir.fr\/es\/cirugia-de-parpados\/\" \/>\n<meta name=\"twitter:label1\" content=\"Tiempo de lectura\" \/>\n\t<meta name=\"twitter:data1\" content=\"5 minutos\" \/>\n<script type=\"application\/ld+json\" class=\"yoast-schema-graph\">{\"@context\":\"https:\\\/\\\/schema.org\",\"@graph\":[{\"@type\":\"WebPage\",\"@id\":\"https:\\\/\\\/www.medespoir.fr\\\/es\\\/cirugia-de-parpados\\\/\",\"url\":\"https:\\\/\\\/www.medespoir.fr\\\/es\\\/cirugia-de-parpados\\\/\",\"name\":\"Cirug\u00eda de p\u00e1rpados : Cirug\u00eda de p\u00e1rpados inferiores\",\"isPartOf\":{\"@id\":\"https:\\\/\\\/www.medespoir.fr\\\/es\\\/#website\"},\"primaryImageOfPage\":{\"@id\":\"https:\\\/\\\/www.medespoir.fr\\\/es\\\/cirugia-de-parpados\\\/#primaryimage\"},\"image\":{\"@id\":\"https:\\\/\\\/www.medespoir.fr\\\/es\\\/cirugia-de-parpados\\\/#primaryimage\"},\"thumbnailUrl\":\"https:\\\/\\\/www.medespoir.fr\\\/wp-content\\\/uploads\\\/2021\\\/11\\\/header-visage.jpg\",\"datePublished\":\"2017-08-15T11:22:57+00:00\",\"dateModified\":\"2022-12-20T09:28:19+00:00\",\"description\":\"Cirug\u00eda de p\u00e1rpados inferiores en la Cl\u00ednica Medespoir de Francia por el Dr. J. M. K. Sami Mazhoud a precios baratos.\",\"breadcrumb\":{\"@id\":\"https:\\\/\\\/www.medespoir.fr\\\/es\\\/cirugia-de-parpados\\\/#breadcrumb\"},\"inLanguage\":\"es\",\"potentialAction\":[{\"@type\":\"ReadAction\",\"target\":[\"https:\\\/\\\/www.medespoir.fr\\\/es\\\/cirugia-de-parpados\\\/\"]}]},{\"@type\":\"ImageObject\",\"inLanguage\":\"es\",\"@id\":\"https:\\\/\\\/www.medespoir.fr\\\/es\\\/cirugia-de-parpados\\\/#primaryimage\",\"url\":\"https:\\\/\\\/www.medespoir.fr\\\/wp-content\\\/uploads\\\/2021\\\/11\\\/header-visage.jpg\",\"contentUrl\":\"https:\\\/\\\/www.medespoir.fr\\\/wp-content\\\/uploads\\\/2021\\\/11\\\/header-visage.jpg\",\"width\":1928,\"height\":479},{\"@type\":\"BreadcrumbList\",\"@id\":\"https:\\\/\\\/www.medespoir.fr\\\/es\\\/cirugia-de-parpados\\\/#breadcrumb\",\"itemListElement\":[{\"@type\":\"ListItem\",\"position\":1,\"name\":\"Accueil\",\"item\":\"https:\\\/\\\/www.medespoir.fr\\\/es\\\/\"},{\"@type\":\"ListItem\",\"position\":2,\"name\":\"Cirug\u00eda de p\u00e1rpados\"}]},{\"@type\":\"WebSite\",\"@id\":\"https:\\\/\\\/www.medespoir.fr\\\/es\\\/#website\",\"url\":\"https:\\\/\\\/www.medespoir.fr\\\/es\\\/\",\"name\":\"Medespoir France\",\"description\":\"Chirurgie esthetique Tunisie\",\"publisher\":{\"@id\":\"https:\\\/\\\/www.medespoir.fr\\\/es\\\/#organization\"},\"potentialAction\":[{\"@type\":\"SearchAction\",\"target\":{\"@type\":\"EntryPoint\",\"urlTemplate\":\"https:\\\/\\\/www.medespoir.fr\\\/es\\\/?s={search_term_string}\"},\"query-input\":{\"@type\":\"PropertyValueSpecification\",\"valueRequired\":true,\"valueName\":\"search_term_string\"}}],\"inLanguage\":\"es\"},{\"@type\":\"Organization\",\"@id\":\"https:\\\/\\\/www.medespoir.fr\\\/es\\\/#organization\",\"name\":\"Medespoir France\",\"url\":\"https:\\\/\\\/www.medespoir.fr\\\/es\\\/\",\"logo\":{\"@type\":\"ImageObject\",\"inLanguage\":\"es\",\"@id\":\"https:\\\/\\\/www.medespoir.fr\\\/es\\\/#\\\/schema\\\/logo\\\/image\\\/\",\"url\":\"https:\\\/\\\/www.medespoir.fr\\\/wp-content\\\/uploads\\\/2021\\\/10\\\/cropped-logo__medespoirFR.png\",\"contentUrl\":\"https:\\\/\\\/www.medespoir.fr\\\/wp-content\\\/uploads\\\/2021\\\/10\\\/cropped-logo__medespoirFR.png\",\"width\":150,\"height\":62,\"caption\":\"Medespoir France\"},\"image\":{\"@id\":\"https:\\\/\\\/www.medespoir.fr\\\/es\\\/#\\\/schema\\\/logo\\\/image\\\/\"},\"sameAs\":[\"https:\\\/\\\/www.facebook.com\\\/MedEspoirFr\",\"https:\\\/\\\/x.com\\\/MedEspoirTN\"]}]}<\/script>\n<!-- \/ Yoast SEO plugin. -->","yoast_head_json":{"title":"Cirug\u00eda de p\u00e1rpados : Cirug\u00eda de p\u00e1rpados inferiores","description":"Cirug\u00eda de p\u00e1rpados inferiores en la Cl\u00ednica Medespoir de Francia por el Dr. J. M. K. Sami Mazhoud a precios baratos.","robots":{"index":"index","follow":"follow","max-snippet":"max-snippet:-1","max-image-preview":"max-image-preview:large","max-video-preview":"max-video-preview:-1"},"canonical":"https:\/\/www.medespoir.fr\/es\/cirugia-de-parpados\/","twitter_misc":{"Tiempo de lectura":"5 minutos"},"schema":{"@context":"https:\/\/schema.org","@graph":[{"@type":"WebPage","@id":"https:\/\/www.medespoir.fr\/es\/cirugia-de-parpados\/","url":"https:\/\/www.medespoir.fr\/es\/cirugia-de-parpados\/","name":"Cirug\u00eda de p\u00e1rpados : Cirug\u00eda de p\u00e1rpados inferiores","isPartOf":{"@id":"https:\/\/www.medespoir.fr\/es\/#website"},"primaryImageOfPage":{"@id":"https:\/\/www.medespoir.fr\/es\/cirugia-de-parpados\/#primaryimage"},"image":{"@id":"https:\/\/www.medespoir.fr\/es\/cirugia-de-parpados\/#primaryimage"},"thumbnailUrl":"https:\/\/www.medespoir.fr\/wp-content\/uploads\/2021\/11\/header-visage.jpg","datePublished":"2017-08-15T11:22:57+00:00","dateModified":"2022-12-20T09:28:19+00:00","description":"Cirug\u00eda de p\u00e1rpados inferiores en la Cl\u00ednica Medespoir de Francia por el Dr. J. M. K. Sami Mazhoud a precios baratos.","breadcrumb":{"@id":"https:\/\/www.medespoir.fr\/es\/cirugia-de-parpados\/#breadcrumb"},"inLanguage":"es","potentialAction":[{"@type":"ReadAction","target":["https:\/\/www.medespoir.fr\/es\/cirugia-de-parpados\/"]}]},{"@type":"ImageObject","inLanguage":"es","@id":"https:\/\/www.medespoir.fr\/es\/cirugia-de-parpados\/#primaryimage","url":"https:\/\/www.medespoir.fr\/wp-content\/uploads\/2021\/11\/header-visage.jpg","contentUrl":"https:\/\/www.medespoir.fr\/wp-content\/uploads\/2021\/11\/header-visage.jpg","width":1928,"height":479},{"@type":"BreadcrumbList","@id":"https:\/\/www.medespoir.fr\/es\/cirugia-de-parpados\/#breadcrumb","itemListElement":[{"@type":"ListItem","position":1,"name":"Accueil","item":"https:\/\/www.medespoir.fr\/es\/"},{"@type":"ListItem","position":2,"name":"Cirug\u00eda de p\u00e1rpados"}]},{"@type":"WebSite","@id":"https:\/\/www.medespoir.fr\/es\/#website","url":"https:\/\/www.medespoir.fr\/es\/","name":"Medespoir France","description":"Chirurgie esthetique Tunisie","publisher":{"@id":"https:\/\/www.medespoir.fr\/es\/#organization"},"potentialAction":[{"@type":"SearchAction","target":{"@type":"EntryPoint","urlTemplate":"https:\/\/www.medespoir.fr\/es\/?s={search_term_string}"},"query-input":{"@type":"PropertyValueSpecification","valueRequired":true,"valueName":"search_term_string"}}],"inLanguage":"es"},{"@type":"Organization","@id":"https:\/\/www.medespoir.fr\/es\/#organization","name":"Medespoir France","url":"https:\/\/www.medespoir.fr\/es\/","logo":{"@type":"ImageObject","inLanguage":"es","@id":"https:\/\/www.medespoir.fr\/es\/#\/schema\/logo\/image\/","url":"https:\/\/www.medespoir.fr\/wp-content\/uploads\/2021\/10\/cropped-logo__medespoirFR.png","contentUrl":"https:\/\/www.medespoir.fr\/wp-content\/uploads\/2021\/10\/cropped-logo__medespoirFR.png","width":150,"height":62,"caption":"Medespoir France"},"image":{"@id":"https:\/\/www.medespoir.fr\/es\/#\/schema\/logo\/image\/"},"sameAs":["https:\/\/www.facebook.com\/MedEspoirFr","https:\/\/x.com\/MedEspoirTN"]}]}},"_links":{"self":[{"href":"https:\/\/www.medespoir.fr\/es\/wp-json\/wp\/v2\/pages\/25114","targetHints":{"allow":["GET"]}}],"collection":[{"href":"https:\/\/www.medespoir.fr\/es\/wp-json\/wp\/v2\/pages"}],"about":[{"href":"https:\/\/www.medespoir.fr\/es\/wp-json\/wp\/v2\/types\/page"}],"author":[{"embeddable":true,"href":"https:\/\/www.medespoir.fr\/es\/wp-json\/wp\/v2\/users\/1"}],"replies":[{"embeddable":true,"href":"https:\/\/www.medespoir.fr\/es\/wp-json\/wp\/v2\/comments?post=25114"}],"version-history":[{"count":0,"href":"https:\/\/www.medespoir.fr\/es\/wp-json\/wp\/v2\/pages\/25114\/revisions"}],"wp:featuredmedia":[{"embeddable":true,"href":"https:\/\/www.medespoir.fr\/es\/wp-json\/wp\/v2\/media\/20781"}],"wp:attachment":[{"href":"https:\/\/www.medespoir.fr\/es\/wp-json\/wp\/v2\/media?parent=25114"}],"curies":[{"name":"wp","href":"https:\/\/api.w.org\/{rel}","templated":true}]}}