{"id":25080,"date":"2017-09-14T12:07:41","date_gmt":"2017-09-14T10:07:41","guid":{"rendered":"https:\/\/www.medespoir.fr\/consultenos-y-pida-un-presupuesto-gratuito-personalizado\/"},"modified":"2022-12-20T13:54:16","modified_gmt":"2022-12-20T12:54:16","slug":"prp","status":"publish","type":"page","link":"https:\/\/www.medespoir.fr\/es\/prp\/","title":{"rendered":"PRP T\u00fanez: \u00a1Un efecto natural y sin riesgos!"},"content":{"rendered":"\t\t<div data-elementor-type=\"wp-page\" data-elementor-id=\"25080\" class=\"elementor elementor-25080\">\n\t\t\t\t\t\t<section class=\"elementor-section elementor-top-section elementor-element elementor-element-bad4791 elementor-section-boxed elementor-section-height-default elementor-section-height-default\" data-id=\"bad4791\" data-element_type=\"section\" data-e-type=\"section\">\n\t\t\t\t\t\t<div class=\"elementor-container elementor-column-gap-default\">\n\t\t\t\t\t<div class=\"elementor-column elementor-col-66 elementor-top-column elementor-element elementor-element-fe39bc0\" data-id=\"fe39bc0\" data-element_type=\"column\" data-e-type=\"column\">\n\t\t\t<div class=\"elementor-widget-wrap elementor-element-populated\">\n\t\t\t\t\t\t<div class=\"elementor-element elementor-element-0a7b114 elementor-widget elementor-widget-text-editor\" data-id=\"0a7b114\" data-element_type=\"widget\" data-e-type=\"widget\" data-widget_type=\"text-editor.default\">\n\t\t\t\t<div class=\"elementor-widget-container\">\n\t\t\t\t\t\t\t\t\t<h2>PRP T\u00fanez o plasma rico en plaquetas: \u00bfen qu\u00e9 consiste esta t\u00e9cnica?<\/h2>\nEsta t\u00e9cnica de<strong>inyecci\u00f3n de plasma aut\u00f3logo<\/strong> (tomado del cuerpo del paciente aunque sea muy rico en plaquetas), conocido como <strong>PRP<\/strong>  (<strong>Plasma rico en plaquetas<\/strong>), es un proceso que permite la regeneraci\u00f3n y el rejuvenecimiento de los tejidos actuando en profundidad en la dermis gracias a sus cualidades regeneradoras de las plaquetas sangu\u00edneas los factores de crecimiento y las c\u00e9lulas madre.\n\nAl tratarse de un producto natural, biocompatible, sin riesgo de rechazo ni de alergia, <strong>el PRP T\u00fanez<\/strong> puede utilizarse para luchar contra el envejecimiento de los tejidos.\n\n\t\t\t\t\t\t\t\t<\/div>\n\t\t\t\t<\/div>\n\t\t\t\t<div class=\"elementor-element elementor-element-55b0e08 elementor-widget elementor-widget-text-editor\" data-id=\"55b0e08\" data-element_type=\"widget\" data-e-type=\"widget\" data-widget_type=\"text-editor.default\">\n\t\t\t\t<div class=\"elementor-widget-container\">\n\t\t\t\t\t\t\t\t\t<p>Sus virtudes regenerativas est\u00e1n probadas desde hace a\u00f1os en diversos \u00e1mbitos m\u00e9dicos (medicina deportiva, traumatolog\u00eda, cirug\u00eda, etc.) y su <a href=\"https:\/\/www.medespoir.fr\/es\/medicina-estetica\/\">intervenci\u00f3n en medicina<\/a> est\u00e9tica aporta resultados fenomenales, concretamente en el rostro. En efecto, mediante la inyecci\u00f3n de plasma rico en plaquetas, se reducir\u00e1n las arrugas y las l\u00edneas de expresi\u00f3n, se mejorar\u00e1n las cicatrices del acn\u00e9, se unificar\u00e1 el tono de la piel y mejorar\u00e1 su elasticidad.<\/p>\n\t\t\t\t\t\t\t\t<\/div>\n\t\t\t\t<\/div>\n\t\t\t\t\t<\/div>\n\t\t<\/div>\n\t\t\t\t<div class=\"elementor-column elementor-col-33 elementor-top-column elementor-element elementor-element-ec394b5\" data-id=\"ec394b5\" data-element_type=\"column\" data-e-type=\"column\">\n\t\t\t<div class=\"elementor-widget-wrap elementor-element-populated\">\n\t\t\t\t\t\t<div class=\"elementor-element elementor-element-eab00b4 elementor-widget elementor-widget-text-editor\" data-id=\"eab00b4\" data-element_type=\"widget\" data-e-type=\"widget\" data-widget_type=\"text-editor.default\">\n\t\t\t\t<div class=\"elementor-widget-container\">\n\t\t\t\t\t\t\t\t\t<p><img decoding=\"async\" class=\"aligncenter \" src=\"https:\/\/www.medespoir.fr\/wp-content\/uploads\/2021\/11\/PRP-Tunisie.jpg\" alt=\"PRP T\u00fanez\"><\/p>\n\t\t\t\t\t\t\t\t<\/div>\n\t\t\t\t<\/div>\n\t\t\t\t\t<\/div>\n\t\t<\/div>\n\t\t\t\t\t<\/div>\n\t\t<\/section>\n\t\t\t\t<section class=\"elementor-section elementor-top-section elementor-element elementor-element-c7cb755 elementor-section-boxed elementor-section-height-default elementor-section-height-default\" data-id=\"c7cb755\" data-element_type=\"section\" data-e-type=\"section\" id=\"bg-devis-express\">\n\t\t\t\t\t\t<div class=\"elementor-container elementor-column-gap-default\">\n\t\t\t\t\t<div class=\"elementor-column elementor-col-100 elementor-top-column elementor-element elementor-element-5745e13\" data-id=\"5745e13\" data-element_type=\"column\" data-e-type=\"column\">\n\t\t\t<div class=\"elementor-widget-wrap elementor-element-populated\">\n\t\t\t\t\t\t<div class=\"elementor-element elementor-element-68cacff elementor-widget elementor-widget-text-editor\" data-id=\"68cacff\" data-element_type=\"widget\" data-e-type=\"widget\" data-widget_type=\"text-editor.default\">\n\t\t\t\t<div class=\"elementor-widget-container\">\n\t\t\t\t\t\t\t\t\t<style>\r\n\tbody.home #main-form h2 {\r\n   display:none;\r\n}\r\n<\/style>\r\n<h2 style=\"text-align: center;font-weight: bold;\">Presupuesto r\u00e1pido gratuito<\/h2>\r\n<iframe src=\"https:\/\/app.metocrm.com\/web-forms\/e1cab5bd-ef56-4a37-aa71-4857d931f368\"  height=\"700px\" width=\"100%\"  frameborder=\"0\"><\/iframe>\t\t\t\t\t\t\t\t<\/div>\n\t\t\t\t<\/div>\n\t\t\t\t\t<\/div>\n\t\t<\/div>\n\t\t\t\t\t<\/div>\n\t\t<\/section>\n\t\t\t\t<section class=\"elementor-section elementor-top-section elementor-element elementor-element-6746dbf2 elementor-section-boxed elementor-section-height-default elementor-section-height-default\" data-id=\"6746dbf2\" data-element_type=\"section\" data-e-type=\"section\">\n\t\t\t\t\t\t<div class=\"elementor-container elementor-column-gap-default\">\n\t\t\t\t\t<div class=\"elementor-column elementor-col-100 elementor-top-column elementor-element elementor-element-24f7a9bd\" data-id=\"24f7a9bd\" data-element_type=\"column\" data-e-type=\"column\">\n\t\t\t<div class=\"elementor-widget-wrap elementor-element-populated\">\n\t\t\t\t\t\t<div class=\"elementor-element elementor-element-11f5bb36 elementor-widget elementor-widget-text-editor\" data-id=\"11f5bb36\" data-element_type=\"widget\" data-e-type=\"widget\" data-widget_type=\"text-editor.default\">\n\t\t\t\t<div class=\"elementor-widget-container\">\n\t\t\t\t\t\t\t\t\t<h2>Descripci\u00f3n de este proceso<\/h2>\nPara realizar esta t\u00e9cnica, se extrae una peque\u00f1a cantidad de sangre y se introduce en una centrifugadora para separar los distintos elementos que la componen. Esto se debe a que los gl\u00f3bulos rojos y blancos est\u00e1n lejos de las plaquetas y el plasma (suero que contiene part\u00edculas nutritivas, vitaminas, hormonas, minerales y prote\u00ednas, esenciales para la supervivencia celular).\n\n\t\t\t\t\t\t\t\t<\/div>\n\t\t\t\t<\/div>\n\t\t\t\t<div class=\"elementor-element elementor-element-131c5e6 elementor-widget elementor-widget-text-editor\" data-id=\"131c5e6\" data-element_type=\"widget\" data-e-type=\"widget\" data-widget_type=\"text-editor.default\">\n\t\t\t\t<div class=\"elementor-widget-container\">\n\t\t\t\t\t\t\t\t\tAs\u00ed, el PRP o plasma rico en plaquetas se obtiene extray\u00e9ndolo del plasma que contiene un mayor n\u00famero de plaquetas.\n\t\t\t\t\t\t\t\t<\/div>\n\t\t\t\t<\/div>\n\t\t\t\t<div class=\"elementor-element elementor-element-2aa7418 elementor-widget elementor-widget-text-editor\" data-id=\"2aa7418\" data-element_type=\"widget\" data-e-type=\"widget\" data-widget_type=\"text-editor.default\">\n\t\t\t\t<div class=\"elementor-widget-container\">\n\t\t\t\t\t\t\t\t\t\nDe hecho, al reinyectarlo bajo la piel del mismo paciente que se somete a la extracci\u00f3n, el Plasma Rico en Plaquetas activa, con mayor rapidez, el mecanismo de cicatrizaci\u00f3n, al modelar la s\u00edntesis de col\u00e1geno, la revascularizaci\u00f3n y la recuperaci\u00f3n tisular.\n\n\t\t\t\t\t\t\t\t<\/div>\n\t\t\t\t<\/div>\n\t\t\t\t<div class=\"elementor-element elementor-element-f94b121 elementor-widget elementor-widget-text-editor\" data-id=\"f94b121\" data-element_type=\"widget\" data-e-type=\"widget\" data-widget_type=\"text-editor.default\">\n\t\t\t\t<div class=\"elementor-widget-container\">\n\t\t\t\t\t\t\t\t\t<p>Como resultado, el PRP aumenta gradualmente el grosor y la energ\u00eda vital de la piel. Se obtiene una piel m\u00e1s el\u00e1stica y mejor hidratada. Unas semanas despu\u00e9s del tratamiento, se puede notar la aparici\u00f3n de firmeza y la ralentizaci\u00f3n del proceso de envejecimiento de la piel.<\/p>\n\t\t\t\t\t\t\t\t<\/div>\n\t\t\t\t<\/div>\n\t\t\t\t<div class=\"elementor-element elementor-element-ffb2733 elementor-widget elementor-widget-text-editor\" data-id=\"ffb2733\" data-element_type=\"widget\" data-e-type=\"widget\" data-widget_type=\"text-editor.default\">\n\t\t\t\t<div class=\"elementor-widget-container\">\n\t\t\t\t\t\t\t\t\t<h2>Inyecci\u00f3n de PRP en T\u00fanez: un efecto deslumbrante muy natural<\/h2>\nUna inyecci\u00f3n de PRP en T\u00fanez es un remedio de medicina est\u00e9tica. Altamente dominado por nuestros experimentados m\u00e9dicos especialistas, en nuestros centros m\u00e9dicos y a precios muy competitivos, este tratamiento garantiza el rejuvenecimiento del rostro y del cuerpo. Requiere de 1 a 3 sesiones espaciadas de 3 a 4 semanas.\n\n\t\t\t\t\t\t\t\t<\/div>\n\t\t\t\t<\/div>\n\t\t\t\t<div class=\"elementor-element elementor-element-fad0149 elementor-widget elementor-widget-text-editor\" data-id=\"fad0149\" data-element_type=\"widget\" data-e-type=\"widget\" data-widget_type=\"text-editor.default\">\n\t\t\t\t<div class=\"elementor-widget-container\">\n\t\t\t\t\t\t\t\t\tDebe dejar de tomar aspirina, antiinflamatorios o anticoagulantes dos d\u00edas antes de la sesi\u00f3n para evitar hematomas.\n\nDurante el procedimiento se utiliza una crema anest\u00e9sica.\n\nDependiendo de la calidad de la piel, la edad y los antecedentes del paciente (sol, tabaquismo&#8230;), se recomienda un tratamiento de mantenimiento cada 6 a 12 meses, que puede realizarse mediante otras t\u00e9cnicas como peeling, l\u00e1ser, mesoterapia, etc.\t\t\t\t\t\t\t\t<\/div>\n\t\t\t\t<\/div>\n\t\t\t\t\t<\/div>\n\t\t<\/div>\n\t\t\t\t\t<\/div>\n\t\t<\/section>\n\t\t\t\t<section class=\"elementor-section elementor-top-section elementor-element elementor-element-4e2b0a0 elementor-section-boxed elementor-section-height-default elementor-section-height-default\" data-id=\"4e2b0a0\" data-element_type=\"section\" data-e-type=\"section\">\n\t\t\t\t\t\t<div class=\"elementor-container elementor-column-gap-default\">\n\t\t\t\t\t<div class=\"elementor-column elementor-col-66 elementor-top-column elementor-element elementor-element-89312c9\" data-id=\"89312c9\" data-element_type=\"column\" data-e-type=\"column\">\n\t\t\t<div class=\"elementor-widget-wrap elementor-element-populated\">\n\t\t\t\t\t\t<div class=\"elementor-element elementor-element-ce5580f elementor-widget elementor-widget-text-editor\" data-id=\"ce5580f\" data-element_type=\"widget\" data-e-type=\"widget\" data-widget_type=\"text-editor.default\">\n\t\t\t\t<div class=\"elementor-widget-container\">\n\t\t\t\t\t\t\t\t\t<h2>PRP T\u00fanez precio<\/h2>\n<h2>Coste\/precio de la inyecci\u00f3n de toxina botul\u00ednica en T\u00fanez<\/h2>\n\t\t\t\t\t\t\t\t<\/div>\n\t\t\t\t<\/div>\n\t\t\t\t<div class=\"elementor-element elementor-element-0202de6 elementor-widget elementor-widget-html\" data-id=\"0202de6\" data-element_type=\"widget\" data-e-type=\"widget\" data-widget_type=\"html.default\">\n\t\t\t\t<div class=\"elementor-widget-container\">\n\t\t\t\t\t<a href=\"https:\/\/www.medespoir.fr\/es\/presupuesto\/\" class=\"main__btn blue\"><span>Presupuesto gratuito<\/span><\/a>\t\t\t\t<\/div>\n\t\t\t\t<\/div>\n\t\t\t\t\t<\/div>\n\t\t<\/div>\n\t\t\t\t<div class=\"elementor-column elementor-col-33 elementor-top-column elementor-element elementor-element-9d99f6b\" data-id=\"9d99f6b\" data-element_type=\"column\" data-e-type=\"column\">\n\t\t\t<div class=\"elementor-widget-wrap elementor-element-populated\">\n\t\t\t\t\t\t<div class=\"elementor-element elementor-element-db961bf elementor-widget elementor-widget-text-editor\" data-id=\"db961bf\" data-element_type=\"widget\" data-e-type=\"widget\" id=\"price\" data-widget_type=\"text-editor.default\">\n\t\t\t\t<div class=\"elementor-widget-container\">\n\t\t\t\t\t\t\t\t\t<table class=\"cmsms_table\">\n<thead>\n<tr class=\"cmsms_table_row_header\">\n<th class=\"cmsms_table_cell_alignleft\">Intervenci\u00f3n<\/th>\n<th class=\"cmsms_table_cell_aligncenter\">Premios<\/th>\n<\/tr>\n<\/thead>\n<tbody>\n<tr>\n<td class=\"cmsms_table_cell_alignleft\">Precios de las inyecciones PRP en T\u00fanez<\/td>\n<td class=\"cmsms_table_cell_aligncenter\">350\u20ac \/ Botella<\/td>\n<\/tr>\n<\/tbody>\n<\/table>\t\t\t\t\t\t\t\t<\/div>\n\t\t\t\t<\/div>\n\t\t\t\t\t<\/div>\n\t\t<\/div>\n\t\t\t\t\t<\/div>\n\t\t<\/section>\n\t\t\t\t<section class=\"elementor-section elementor-top-section elementor-element elementor-element-b41844b elementor-section-boxed elementor-section-height-default elementor-section-height-default\" data-id=\"b41844b\" data-element_type=\"section\" data-e-type=\"section\">\n\t\t\t\t\t\t<div class=\"elementor-container elementor-column-gap-default\">\n\t\t\t\t\t<div class=\"elementor-column elementor-col-100 elementor-top-column elementor-element elementor-element-03d9e62\" data-id=\"03d9e62\" data-element_type=\"column\" data-e-type=\"column\">\n\t\t\t<div class=\"elementor-widget-wrap elementor-element-populated\">\n\t\t\t\t\t\t<div class=\"elementor-element elementor-element-eb03de4 elementor-widget elementor-widget-text-editor\" data-id=\"eb03de4\" data-element_type=\"widget\" data-e-type=\"widget\" data-widget_type=\"text-editor.default\">\n\t\t\t\t<div class=\"elementor-widget-container\">\n\t\t\t\t\t\t\t\t\t<h2>Partes tratadas por el PRI<\/h2>\nUna inyecci\u00f3n de Plasma Rico en Plaquetas es un tratamiento indicado para quienes desean recuperar su fuente de juventud y un embellecimiento de la piel del rostro, el escote y\/o el dorso de las manos. En efecto, el PRP permite tratar :\n<ul class=\"liste-style\">\n \t<li>Ojeras reduci\u00e9ndolas<img fetchpriority=\"high\" decoding=\"async\" class=\"size-medium alignright\" src=\"https:\/\/www.medespoir.fr\/wp-content\/uploads\/2017\/09\/prp-visage-tunisie-300x263.jpg\" alt=\"prp frente a T\u00fanez\" width=\"300\" height=\"263\"><\/li>\n \t<li>Arrugas y l\u00edneas de expresi\u00f3n del rostro borr\u00e1ndolas<\/li>\n \t<li>El escote arrugado<\/li>\n \t<li>El dorso de las manos<\/li>\n \t<li>frenando la ca\u00edda del cabello y estimulando su crecimiento.<\/li>\n \t<li>textura, densidad y luminosidad de la piel reduciendo las manchas marrones y las rojeces relacionadas con los rayos UV.<\/li>\n \t<li>cicatrices de acn\u00e9 o postraum\u00e1ticas<\/li>\n \t<li>las fibras el\u00e1sticas y el col\u00e1geno de la piel, aumentando su s\u00edntesis o regener\u00e1ndolas.<\/li>\n \t<li>La zona \u00edntima rejuveneci\u00e9ndola por el efecto de sus cualidades regeneradoras sobre los grandes labios vaginales asegurando su firmeza y tonicidad.<\/li>\n \t<li>Lesiones tendinosas frecuentes<\/li>\n \t<li>Lesiones musculares y de ligamentos<\/li>\n \t<li>Artritis de rodilla<\/li>\n \t<li>Fracturas<\/li>\n<\/ul>\n\t\t\t\t\t\t\t\t<\/div>\n\t\t\t\t<\/div>\n\t\t\t\t<div class=\"elementor-element elementor-element-6eb8189 elementor-widget elementor-widget-text-editor\" data-id=\"6eb8189\" data-element_type=\"widget\" data-e-type=\"widget\" data-widget_type=\"text-editor.default\">\n\t\t\t\t<div class=\"elementor-widget-container\">\n\t\t\t\t\t\t\t\t\t<h2>Lifting facial con PRP para un rostro m\u00e1s joven y luminoso<\/h2>\nUn <strong>PRP en T\u00fanez<\/strong>, o un <a href=\"https:\/\/www.medespoir.fr\/es\/lifting-facial\/\">lifting facial<\/a> PRP, tambi\u00e9n conocido como lifting facial o <strong>lifting<\/strong> <strong>vampiro<\/strong> o <strong>lifting vampiro<\/strong> es un <strong>lifting facial no quir\u00fargico<\/strong> muy recomendado para el rejuvenecimiento de la piel del rostro. Esta terapia facilita la tersura de la piel estimulando la producci\u00f3n natural de col\u00e1geno y elastina. La mayor\u00eda de las personas optan por este tratamiento a partir de los treinta a\u00f1os. Reaparece un rostro m\u00e1s firme, tenso y joven, libre de arrugas y l\u00edneas de expresi\u00f3n en todo su esplendor y sin cicatrices.\t\t\t\t\t\t\t\t<\/div>\n\t\t\t\t<\/div>\n\t\t\t\t\t<\/div>\n\t\t<\/div>\n\t\t\t\t\t<\/div>\n\t\t<\/section>\n\t\t\t\t<section class=\"elementor-section elementor-top-section elementor-element elementor-element-105600d elementor-section-boxed elementor-section-height-default elementor-section-height-default\" data-id=\"105600d\" data-element_type=\"section\" data-e-type=\"section\">\n\t\t\t\t\t\t<div class=\"elementor-container elementor-column-gap-default\">\n\t\t\t\t\t<div class=\"elementor-column elementor-col-50 elementor-top-column elementor-element elementor-element-e07492c\" data-id=\"e07492c\" data-element_type=\"column\" data-e-type=\"column\">\n\t\t\t<div class=\"elementor-widget-wrap elementor-element-populated\">\n\t\t\t\t\t\t<div class=\"elementor-element elementor-element-a980aab elementor-widget elementor-widget-html\" data-id=\"a980aab\" data-element_type=\"widget\" data-e-type=\"widget\" data-widget_type=\"html.default\">\n\t\t\t\t<div class=\"elementor-widget-container\">\n\t\t\t\t\t<a href=\"https:\/\/www.medespoir.fr\/es\/presupuesto\/\" class=\"main__btn blue\"><span>Presupuesto gratuito<\/span><\/a>\t\t\t\t<\/div>\n\t\t\t\t<\/div>\n\t\t\t\t\t<\/div>\n\t\t<\/div>\n\t\t\t\t<div class=\"elementor-column elementor-col-50 elementor-top-column elementor-element elementor-element-45aa8e1\" data-id=\"45aa8e1\" data-element_type=\"column\" data-e-type=\"column\">\n\t\t\t<div class=\"elementor-widget-wrap\">\n\t\t\t\t\t\t\t<\/div>\n\t\t<\/div>\n\t\t\t\t\t<\/div>\n\t\t<\/section>\n\t\t\t\t<\/div>\n\t\t","protected":false},"excerpt":{"rendered":"<p>PRP T\u00fanez o plasma rico en plaquetas: \u00bfen qu\u00e9 consiste esta t\u00e9cnica? Esta t\u00e9cnica deinyecci\u00f3n de plasma aut\u00f3logo (tomado del [&hellip;]<\/p>\n","protected":false},"author":1,"featured_media":21104,"parent":0,"menu_order":102,"comment_status":"closed","ping_status":"closed","template":"","meta":{"footnotes":""},"class_list":["post-25080","page","type-page","status-publish","has-post-thumbnail","hentry"],"yoast_head":"<!-- This site is optimized with the Yoast SEO plugin v27.4 - https:\/\/yoast.com\/product\/yoast-seo-wordpress\/ -->\n<title>PRP T\u00fanez : PRP facial precio, PRP capilar T\u00fanez<\/title>\n<meta name=\"description\" content=\"PRP T\u00fanez: inyecci\u00f3n de plasma rico en plaquetas en T\u00fanez a precio barato. PRP facial, PRP capilar T\u00fanez\" \/>\n<meta name=\"robots\" content=\"index, follow, max-snippet:-1, max-image-preview:large, max-video-preview:-1\" \/>\n<link rel=\"canonical\" href=\"https:\/\/www.medespoir.fr\/es\/prp\/\" \/>\n<meta name=\"twitter:label1\" content=\"Tiempo de lectura\" \/>\n\t<meta name=\"twitter:data1\" content=\"5 minutos\" \/>\n<script type=\"application\/ld+json\" class=\"yoast-schema-graph\">{\"@context\":\"https:\\\/\\\/schema.org\",\"@graph\":[{\"@type\":\"WebPage\",\"@id\":\"https:\\\/\\\/www.medespoir.fr\\\/es\\\/prp\\\/\",\"url\":\"https:\\\/\\\/www.medespoir.fr\\\/es\\\/prp\\\/\",\"name\":\"PRP T\u00fanez : PRP facial precio, PRP capilar T\u00fanez\",\"isPartOf\":{\"@id\":\"https:\\\/\\\/www.medespoir.fr\\\/es\\\/#website\"},\"primaryImageOfPage\":{\"@id\":\"https:\\\/\\\/www.medespoir.fr\\\/es\\\/prp\\\/#primaryimage\"},\"image\":{\"@id\":\"https:\\\/\\\/www.medespoir.fr\\\/es\\\/prp\\\/#primaryimage\"},\"thumbnailUrl\":\"https:\\\/\\\/www.medespoir.fr\\\/wp-content\\\/uploads\\\/2021\\\/11\\\/header-esthetique.jpg\",\"datePublished\":\"2017-09-14T10:07:41+00:00\",\"dateModified\":\"2022-12-20T12:54:16+00:00\",\"description\":\"PRP T\u00fanez: inyecci\u00f3n de plasma rico en plaquetas en T\u00fanez a precio barato. PRP facial, PRP capilar T\u00fanez\",\"breadcrumb\":{\"@id\":\"https:\\\/\\\/www.medespoir.fr\\\/es\\\/prp\\\/#breadcrumb\"},\"inLanguage\":\"es\",\"potentialAction\":[{\"@type\":\"ReadAction\",\"target\":[\"https:\\\/\\\/www.medespoir.fr\\\/es\\\/prp\\\/\"]}]},{\"@type\":\"ImageObject\",\"inLanguage\":\"es\",\"@id\":\"https:\\\/\\\/www.medespoir.fr\\\/es\\\/prp\\\/#primaryimage\",\"url\":\"https:\\\/\\\/www.medespoir.fr\\\/wp-content\\\/uploads\\\/2021\\\/11\\\/header-esthetique.jpg\",\"contentUrl\":\"https:\\\/\\\/www.medespoir.fr\\\/wp-content\\\/uploads\\\/2021\\\/11\\\/header-esthetique.jpg\",\"width\":1928,\"height\":479},{\"@type\":\"BreadcrumbList\",\"@id\":\"https:\\\/\\\/www.medespoir.fr\\\/es\\\/prp\\\/#breadcrumb\",\"itemListElement\":[{\"@type\":\"ListItem\",\"position\":1,\"name\":\"Accueil\",\"item\":\"https:\\\/\\\/www.medespoir.fr\\\/es\\\/\"},{\"@type\":\"ListItem\",\"position\":2,\"name\":\"PRP T\u00fanez: \u00a1Un efecto natural y sin riesgos!\"}]},{\"@type\":\"WebSite\",\"@id\":\"https:\\\/\\\/www.medespoir.fr\\\/es\\\/#website\",\"url\":\"https:\\\/\\\/www.medespoir.fr\\\/es\\\/\",\"name\":\"Medespoir France\",\"description\":\"Chirurgie esthetique Tunisie\",\"publisher\":{\"@id\":\"https:\\\/\\\/www.medespoir.fr\\\/es\\\/#organization\"},\"potentialAction\":[{\"@type\":\"SearchAction\",\"target\":{\"@type\":\"EntryPoint\",\"urlTemplate\":\"https:\\\/\\\/www.medespoir.fr\\\/es\\\/?s={search_term_string}\"},\"query-input\":{\"@type\":\"PropertyValueSpecification\",\"valueRequired\":true,\"valueName\":\"search_term_string\"}}],\"inLanguage\":\"es\"},{\"@type\":\"Organization\",\"@id\":\"https:\\\/\\\/www.medespoir.fr\\\/es\\\/#organization\",\"name\":\"Medespoir France\",\"url\":\"https:\\\/\\\/www.medespoir.fr\\\/es\\\/\",\"logo\":{\"@type\":\"ImageObject\",\"inLanguage\":\"es\",\"@id\":\"https:\\\/\\\/www.medespoir.fr\\\/es\\\/#\\\/schema\\\/logo\\\/image\\\/\",\"url\":\"https:\\\/\\\/www.medespoir.fr\\\/wp-content\\\/uploads\\\/2021\\\/10\\\/cropped-logo__medespoirFR.png\",\"contentUrl\":\"https:\\\/\\\/www.medespoir.fr\\\/wp-content\\\/uploads\\\/2021\\\/10\\\/cropped-logo__medespoirFR.png\",\"width\":150,\"height\":62,\"caption\":\"Medespoir France\"},\"image\":{\"@id\":\"https:\\\/\\\/www.medespoir.fr\\\/es\\\/#\\\/schema\\\/logo\\\/image\\\/\"},\"sameAs\":[\"https:\\\/\\\/www.facebook.com\\\/MedEspoirFr\",\"https:\\\/\\\/x.com\\\/MedEspoirTN\"]}]}<\/script>\n<!-- \/ Yoast SEO plugin. -->","yoast_head_json":{"title":"PRP T\u00fanez : PRP facial precio, PRP capilar T\u00fanez","description":"PRP T\u00fanez: inyecci\u00f3n de plasma rico en plaquetas en T\u00fanez a precio barato. PRP facial, PRP capilar T\u00fanez","robots":{"index":"index","follow":"follow","max-snippet":"max-snippet:-1","max-image-preview":"max-image-preview:large","max-video-preview":"max-video-preview:-1"},"canonical":"https:\/\/www.medespoir.fr\/es\/prp\/","twitter_misc":{"Tiempo de lectura":"5 minutos"},"schema":{"@context":"https:\/\/schema.org","@graph":[{"@type":"WebPage","@id":"https:\/\/www.medespoir.fr\/es\/prp\/","url":"https:\/\/www.medespoir.fr\/es\/prp\/","name":"PRP T\u00fanez : PRP facial precio, PRP capilar T\u00fanez","isPartOf":{"@id":"https:\/\/www.medespoir.fr\/es\/#website"},"primaryImageOfPage":{"@id":"https:\/\/www.medespoir.fr\/es\/prp\/#primaryimage"},"image":{"@id":"https:\/\/www.medespoir.fr\/es\/prp\/#primaryimage"},"thumbnailUrl":"https:\/\/www.medespoir.fr\/wp-content\/uploads\/2021\/11\/header-esthetique.jpg","datePublished":"2017-09-14T10:07:41+00:00","dateModified":"2022-12-20T12:54:16+00:00","description":"PRP T\u00fanez: inyecci\u00f3n de plasma rico en plaquetas en T\u00fanez a precio barato. PRP facial, PRP capilar T\u00fanez","breadcrumb":{"@id":"https:\/\/www.medespoir.fr\/es\/prp\/#breadcrumb"},"inLanguage":"es","potentialAction":[{"@type":"ReadAction","target":["https:\/\/www.medespoir.fr\/es\/prp\/"]}]},{"@type":"ImageObject","inLanguage":"es","@id":"https:\/\/www.medespoir.fr\/es\/prp\/#primaryimage","url":"https:\/\/www.medespoir.fr\/wp-content\/uploads\/2021\/11\/header-esthetique.jpg","contentUrl":"https:\/\/www.medespoir.fr\/wp-content\/uploads\/2021\/11\/header-esthetique.jpg","width":1928,"height":479},{"@type":"BreadcrumbList","@id":"https:\/\/www.medespoir.fr\/es\/prp\/#breadcrumb","itemListElement":[{"@type":"ListItem","position":1,"name":"Accueil","item":"https:\/\/www.medespoir.fr\/es\/"},{"@type":"ListItem","position":2,"name":"PRP T\u00fanez: \u00a1Un efecto natural y sin riesgos!"}]},{"@type":"WebSite","@id":"https:\/\/www.medespoir.fr\/es\/#website","url":"https:\/\/www.medespoir.fr\/es\/","name":"Medespoir France","description":"Chirurgie esthetique Tunisie","publisher":{"@id":"https:\/\/www.medespoir.fr\/es\/#organization"},"potentialAction":[{"@type":"SearchAction","target":{"@type":"EntryPoint","urlTemplate":"https:\/\/www.medespoir.fr\/es\/?s={search_term_string}"},"query-input":{"@type":"PropertyValueSpecification","valueRequired":true,"valueName":"search_term_string"}}],"inLanguage":"es"},{"@type":"Organization","@id":"https:\/\/www.medespoir.fr\/es\/#organization","name":"Medespoir France","url":"https:\/\/www.medespoir.fr\/es\/","logo":{"@type":"ImageObject","inLanguage":"es","@id":"https:\/\/www.medespoir.fr\/es\/#\/schema\/logo\/image\/","url":"https:\/\/www.medespoir.fr\/wp-content\/uploads\/2021\/10\/cropped-logo__medespoirFR.png","contentUrl":"https:\/\/www.medespoir.fr\/wp-content\/uploads\/2021\/10\/cropped-logo__medespoirFR.png","width":150,"height":62,"caption":"Medespoir France"},"image":{"@id":"https:\/\/www.medespoir.fr\/es\/#\/schema\/logo\/image\/"},"sameAs":["https:\/\/www.facebook.com\/MedEspoirFr","https:\/\/x.com\/MedEspoirTN"]}]}},"_links":{"self":[{"href":"https:\/\/www.medespoir.fr\/es\/wp-json\/wp\/v2\/pages\/25080","targetHints":{"allow":["GET"]}}],"collection":[{"href":"https:\/\/www.medespoir.fr\/es\/wp-json\/wp\/v2\/pages"}],"about":[{"href":"https:\/\/www.medespoir.fr\/es\/wp-json\/wp\/v2\/types\/page"}],"author":[{"embeddable":true,"href":"https:\/\/www.medespoir.fr\/es\/wp-json\/wp\/v2\/users\/1"}],"replies":[{"embeddable":true,"href":"https:\/\/www.medespoir.fr\/es\/wp-json\/wp\/v2\/comments?post=25080"}],"version-history":[{"count":0,"href":"https:\/\/www.medespoir.fr\/es\/wp-json\/wp\/v2\/pages\/25080\/revisions"}],"wp:featuredmedia":[{"embeddable":true,"href":"https:\/\/www.medespoir.fr\/es\/wp-json\/wp\/v2\/media\/21104"}],"wp:attachment":[{"href":"https:\/\/www.medespoir.fr\/es\/wp-json\/wp\/v2\/media?parent=25080"}],"curies":[{"name":"wp","href":"https:\/\/api.w.org\/{rel}","templated":true}]}}