{"id":24996,"date":"2018-01-22T10:54:59","date_gmt":"2018-01-22T09:54:59","guid":{"rendered":"https:\/\/www.medespoir.fr\/aumento-de-pantorrillas-en-tunez-mediante-inyeccion-de-grasa\/"},"modified":"2022-12-19T15:27:33","modified_gmt":"2022-12-19T14:27:33","slug":"aumento-pantorrillas","status":"publish","type":"page","link":"https:\/\/www.medespoir.fr\/es\/aumento-pantorrillas\/","title":{"rendered":"Aumento de pantorrillas en T\u00fanez mediante inyecci\u00f3n de grasa"},"content":{"rendered":"\t\t<div data-elementor-type=\"wp-page\" data-elementor-id=\"24996\" class=\"elementor elementor-24996\">\n\t\t\t\t\t\t<section class=\"elementor-section elementor-top-section elementor-element elementor-element-01ba1d1 elementor-section-boxed elementor-section-height-default elementor-section-height-default\" data-id=\"01ba1d1\" data-element_type=\"section\" data-e-type=\"section\">\n\t\t\t\t\t\t<div class=\"elementor-container elementor-column-gap-default\">\n\t\t\t\t\t<div class=\"elementor-column elementor-col-100 elementor-top-column elementor-element elementor-element-cf01f7b\" data-id=\"cf01f7b\" data-element_type=\"column\" data-e-type=\"column\">\n\t\t\t<div class=\"elementor-widget-wrap elementor-element-populated\">\n\t\t\t\t\t\t<div class=\"elementor-element elementor-element-c275da0 elementor-widget elementor-widget-text-editor\" data-id=\"c275da0\" data-element_type=\"widget\" data-e-type=\"widget\" data-widget_type=\"text-editor.default\">\n\t\t\t\t<div class=\"elementor-widget-container\">\n\t\t\t\t\t\t\t\t\t<ul class=\"liste-style\">\n \t<li style=\"list-style-type: none;\">\n<ul class=\"liste-style\">\n \t<li><strong>El aumento de pantorrillas<\/strong> es una de las t\u00e9cnicas de cirug\u00eda est\u00e9tica que pretende armonizar la figura <em>aumentando el tama\u00f1o y la forma de las pantorrillas delgadas<\/em> y d\u00e1ndoles m\u00e1s redondez y forma.<\/li>\n<\/ul>\n<\/li>\n<\/ul>\nSe utilizan dos t\u00e9cnicas: <strong>los implantes de pantorrillas<\/strong> o <strong>el lipofilling de pantorrillas<\/strong>, que consiste en inyectar c\u00e9lulas grasas tras su filtraci\u00f3n y <a href=\"https:\/\/www.medespoir.fr\/es\/liposuccion\/\">aspiraci\u00f3n mediante liposucci\u00f3n<\/a>.\t\t\t\t\t\t\t\t<\/div>\n\t\t\t\t<\/div>\n\t\t\t\t\t<\/div>\n\t\t<\/div>\n\t\t\t\t\t<\/div>\n\t\t<\/section>\n\t\t\t\t<section class=\"elementor-section elementor-top-section elementor-element elementor-element-5263b1a elementor-section-boxed elementor-section-height-default elementor-section-height-default\" data-id=\"5263b1a\" data-element_type=\"section\" data-e-type=\"section\">\n\t\t\t\t\t\t<div class=\"elementor-container elementor-column-gap-default\">\n\t\t\t\t\t<div class=\"elementor-column elementor-col-66 elementor-top-column elementor-element elementor-element-1495219\" data-id=\"1495219\" data-element_type=\"column\" data-e-type=\"column\">\n\t\t\t<div class=\"elementor-widget-wrap elementor-element-populated\">\n\t\t\t\t\t\t<div class=\"elementor-element elementor-element-fa70106 elementor-widget elementor-widget-text-editor\" data-id=\"fa70106\" data-element_type=\"widget\" data-e-type=\"widget\" data-widget_type=\"text-editor.default\">\n\t\t\t\t<div class=\"elementor-widget-container\">\n\t\t\t\t\t\t\t\t\t<h2>El precio de un aumento de pantorrilla en T\u00fanez<\/h2>\nEl precio en T\u00fanez no es caro, pero depende de la t\u00e9cnica utilizada. Se confirma en dinas tunecinas en el presupuesto a trav\u00e9s de este formulario en l\u00ednea e incluye:\n<ul class=\"liste-style\">\n \t<li>La remuneraci\u00f3n del cirujano<\/li>\n \t<li>Remuneraci\u00f3n del anestesista<\/li>\n \t<li>Los costes de la cl\u00ednica<\/li>\n \t<li>Cuidados de enfermer\u00eda en relaci\u00f3n con la intervenci\u00f3n<\/li>\n \t<li>Traslado del paciente<\/li>\n \t<li>La estancia en el hotel<\/li>\n<\/ul>\t\t\t\t\t\t\t\t<\/div>\n\t\t\t\t<\/div>\n\t\t\t\t\t<\/div>\n\t\t<\/div>\n\t\t\t\t<div class=\"elementor-column elementor-col-33 elementor-top-column elementor-element elementor-element-6955ca5\" data-id=\"6955ca5\" data-element_type=\"column\" data-e-type=\"column\">\n\t\t\t<div class=\"elementor-widget-wrap elementor-element-populated\">\n\t\t\t\t\t\t<div class=\"elementor-element elementor-element-6835e0a elementor-widget elementor-widget-text-editor\" data-id=\"6835e0a\" data-element_type=\"widget\" data-e-type=\"widget\" data-widget_type=\"text-editor.default\">\n\t\t\t\t<div class=\"elementor-widget-container\">\n\t\t\t\t\t\t\t\t\t<p><img fetchpriority=\"high\" decoding=\"async\" class=\"alignright\" src=\"https:\/\/www.medespoir.fr\/wp-content\/uploads\/2021\/11\/Augmentation-mollets-tunisie.jpg\" alt=\"Aumento de pantorrillas T\u00fanez\" width=\"326\" height=\"217\"><\/p>\n\t\t\t\t\t\t\t\t<\/div>\n\t\t\t\t<\/div>\n\t\t\t\t\t<\/div>\n\t\t<\/div>\n\t\t\t\t\t<\/div>\n\t\t<\/section>\n\t\t\t\t<section class=\"elementor-section elementor-top-section elementor-element elementor-element-c107c90 elementor-section-boxed elementor-section-height-default elementor-section-height-default\" data-id=\"c107c90\" data-element_type=\"section\" data-e-type=\"section\" id=\"bg-devis-express\">\n\t\t\t\t\t\t<div class=\"elementor-container elementor-column-gap-default\">\n\t\t\t\t\t<div class=\"elementor-column elementor-col-100 elementor-top-column elementor-element elementor-element-41e1453\" data-id=\"41e1453\" data-element_type=\"column\" data-e-type=\"column\">\n\t\t\t<div class=\"elementor-widget-wrap elementor-element-populated\">\n\t\t\t\t\t\t<div class=\"elementor-element elementor-element-941d5e2 elementor-widget elementor-widget-text-editor\" data-id=\"941d5e2\" data-element_type=\"widget\" data-e-type=\"widget\" data-widget_type=\"text-editor.default\">\n\t\t\t\t<div class=\"elementor-widget-container\">\n\t\t\t\t\t\t\t\t\t<style>\r\n\tbody.home #main-form h2 {\r\n   display:none;\r\n}\r\n<\/style>\r\n<h2 style=\"text-align: center;font-weight: bold;\">Presupuesto r\u00e1pido gratuito<\/h2>\r\n<iframe src=\"https:\/\/app.metocrm.com\/web-forms\/e1cab5bd-ef56-4a37-aa71-4857d931f368\"  height=\"700px\" width=\"100%\"  frameborder=\"0\"><\/iframe>\t\t\t\t\t\t\t\t<\/div>\n\t\t\t\t<\/div>\n\t\t\t\t\t<\/div>\n\t\t<\/div>\n\t\t\t\t\t<\/div>\n\t\t<\/section>\n\t\t\t\t<section class=\"elementor-section elementor-top-section elementor-element elementor-element-246fb702 elementor-section-boxed elementor-section-height-default elementor-section-height-default\" data-id=\"246fb702\" data-element_type=\"section\" data-e-type=\"section\">\n\t\t\t\t\t\t<div class=\"elementor-container elementor-column-gap-default\">\n\t\t\t\t\t<div class=\"elementor-column elementor-col-100 elementor-top-column elementor-element elementor-element-72229d5\" data-id=\"72229d5\" data-element_type=\"column\" data-e-type=\"column\">\n\t\t\t<div class=\"elementor-widget-wrap elementor-element-populated\">\n\t\t\t\t\t\t<div class=\"elementor-element elementor-element-31374d46 elementor-widget elementor-widget-text-editor\" data-id=\"31374d46\" data-element_type=\"widget\" data-e-type=\"widget\" data-widget_type=\"text-editor.default\">\n\t\t\t\t<div class=\"elementor-widget-container\">\n\t\t\t\t\t\t\t\t\t<h2>Procedimiento del aumento de pantorrillas<\/h2>\n<h3>Lipofilling de pantorrilla<\/h3>\nLa liposucci\u00f3n se realiza para recoger la grasa de las zonas de abundancia (muslos, caderas, nalgas&#8230;), que luego se tratar\u00e1 para depurarla y reinyectarla.\n\nLa inyecci\u00f3n de c\u00e9lulas grasas aut\u00f3logas se realiza en la parte inferior de la pantorrilla si se realiza un implante al mismo tiempo o en toda la pantorrilla si la intervenci\u00f3n se realiza \u00fanicamente mediante lipofilling.\n\nLa intervenci\u00f3n dura entre 60 y 120 minutos bajo anestesia general.\n<h4>Secuelas del lipofilling de pantorrilla<\/h4>\n<ul class=\"liste-style\">\n \t<li>Hinchaz\u00f3n y dolor leve que se calma con analg\u00e9sicos.<\/li>\n \t<li>Moratones y rojeces que desaparecen en poco tiempo y que es necesario quitar del sol.<\/li>\n \t<li>Las suturas se reabsorber\u00e1n en poco tiempo.<\/li>\n \t<li>Evite el agua en los lugares de intervenci\u00f3n durante una semana.<\/li>\n<\/ul>\n<h3>La t\u00e9cnica del implante de pantorrillas<\/h3>\nBajo anestesia general o local con sedaci\u00f3n, se practica una incisi\u00f3n en la parte posterior de la rodilla y se introduce un implante de silicona en un c\u00f3modo bolsillo creado entre el m\u00fasculo y la piel de la pantorrilla.\n\nEl corte se cierra con suturas y la pantorrilla se ve inmediatamente en buen estado, sobre todo en los dos tercios superiores.\n\nLa intervenci\u00f3n se realiza en tres cuartos de hora o en una hora.\n<h4>Seguimiento del aumento de pantorrillas con implantes<\/h4>\n<ul class=\"liste-style\">\n \t<li>Se produce hinchaz\u00f3n con decoloraci\u00f3n azul durante un per\u00edodo no superior a 30 d\u00edas.<\/li>\n \t<li>Dolor e hinchaz\u00f3n que se calma con simples analg\u00e9sicos.<\/li>\n \t<li>Las medias de compresi\u00f3n se llevan d\u00eda y noche durante unos 30 d\u00edas.<\/li>\n \t<li>Las suturas son con hilo absorbible.<\/li>\n \t<li>La vida normal se reanuda al cabo de un mes o mes y medio.<\/li>\n \t<li>Es necesario caminar a pesar de las molestias desde el d\u00eda siguiente a la intervenci\u00f3n.<\/li>\n<\/ul>\n<h2>Resultado del aumento de pantorrillas<\/h2>\nEl resultado del<strong>aumento de pantorrillas en T\u00fanez<\/strong> es inmediatamente visible y mejora gradualmente hasta ser bastante notable al cabo de 30 d\u00edas y de forma permanente.\n\t\t\t\t\t\t\t\t<\/div>\n\t\t\t\t<\/div>\n\t\t\t\t\t<\/div>\n\t\t<\/div>\n\t\t\t\t\t<\/div>\n\t\t<\/section>\n\t\t\t\t<section class=\"elementor-section elementor-top-section elementor-element elementor-element-87bbb5f elementor-section-boxed elementor-section-height-default elementor-section-height-default\" data-id=\"87bbb5f\" data-element_type=\"section\" data-e-type=\"section\">\n\t\t\t\t\t\t<div class=\"elementor-container elementor-column-gap-default\">\n\t\t\t\t\t<div class=\"elementor-column elementor-col-50 elementor-top-column elementor-element elementor-element-93df7fc\" data-id=\"93df7fc\" data-element_type=\"column\" data-e-type=\"column\">\n\t\t\t<div class=\"elementor-widget-wrap elementor-element-populated\">\n\t\t\t\t\t\t<div class=\"elementor-element elementor-element-b480e94 elementor-widget elementor-widget-html\" data-id=\"b480e94\" data-element_type=\"widget\" data-e-type=\"widget\" data-widget_type=\"html.default\">\n\t\t\t\t<div class=\"elementor-widget-container\">\n\t\t\t\t\t<a href=\"https:\/\/www.medespoir.fr\/es\/presupuesto\/\" class=\"main__btn blue\"><span>Presupuesto gratuito<\/span><\/a>\t\t\t\t<\/div>\n\t\t\t\t<\/div>\n\t\t\t\t\t<\/div>\n\t\t<\/div>\n\t\t\t\t<div class=\"elementor-column elementor-col-50 elementor-top-column elementor-element elementor-element-16fa3a6\" data-id=\"16fa3a6\" data-element_type=\"column\" data-e-type=\"column\">\n\t\t\t<div class=\"elementor-widget-wrap\">\n\t\t\t\t\t\t\t<\/div>\n\t\t<\/div>\n\t\t\t\t\t<\/div>\n\t\t<\/section>\n\t\t\t\t<\/div>\n\t\t","protected":false},"excerpt":{"rendered":"<p>El aumento de pantorrillas es una de las t\u00e9cnicas de cirug\u00eda est\u00e9tica que pretende armonizar la figura aumentando el tama\u00f1o [&hellip;]<\/p>\n","protected":false},"author":2,"featured_media":20927,"parent":0,"menu_order":15,"comment_status":"closed","ping_status":"closed","template":"","meta":{"footnotes":""},"class_list":["post-24996","page","type-page","status-publish","has-post-thumbnail","hentry"],"yoast_head":"<!-- This site is optimized with the Yoast SEO plugin v27.6 - https:\/\/yoast.com\/product\/yoast-seo-wordpress\/ -->\n<title>Aumento de pantorrillas T\u00fanez : Precio del lipofilling de pantorrillas<\/title>\n<meta name=\"description\" content=\"Aumento de pantorrillas T\u00fanez: mediante pr\u00f3tesis de pantorrilla o lipofilling de pantorrilla a bajo coste v\u00eda Medespoir Francia\" \/>\n<meta name=\"robots\" content=\"index, follow, max-snippet:-1, max-image-preview:large, max-video-preview:-1\" \/>\n<link rel=\"canonical\" href=\"https:\/\/www.medespoir.fr\/es\/aumento-pantorrillas\/\" \/>\n<meta name=\"twitter:label1\" content=\"Tiempo de lectura\" \/>\n\t<meta name=\"twitter:data1\" content=\"3 minutos\" \/>\n<script type=\"application\/ld+json\" class=\"yoast-schema-graph\">{\"@context\":\"https:\\\/\\\/schema.org\",\"@graph\":[{\"@type\":\"WebPage\",\"@id\":\"https:\\\/\\\/www.medespoir.fr\\\/es\\\/aumento-pantorrillas\\\/\",\"url\":\"https:\\\/\\\/www.medespoir.fr\\\/es\\\/aumento-pantorrillas\\\/\",\"name\":\"Aumento de pantorrillas T\u00fanez : Precio del lipofilling de pantorrillas\",\"isPartOf\":{\"@id\":\"https:\\\/\\\/www.medespoir.fr\\\/es\\\/#website\"},\"primaryImageOfPage\":{\"@id\":\"https:\\\/\\\/www.medespoir.fr\\\/es\\\/aumento-pantorrillas\\\/#primaryimage\"},\"image\":{\"@id\":\"https:\\\/\\\/www.medespoir.fr\\\/es\\\/aumento-pantorrillas\\\/#primaryimage\"},\"thumbnailUrl\":\"https:\\\/\\\/www.medespoir.fr\\\/wp-content\\\/uploads\\\/2021\\\/11\\\/header-corps.jpg\",\"datePublished\":\"2018-01-22T09:54:59+00:00\",\"dateModified\":\"2022-12-19T14:27:33+00:00\",\"description\":\"Aumento de pantorrillas T\u00fanez: mediante pr\u00f3tesis de pantorrilla o lipofilling de pantorrilla a bajo coste v\u00eda Medespoir Francia\",\"breadcrumb\":{\"@id\":\"https:\\\/\\\/www.medespoir.fr\\\/es\\\/aumento-pantorrillas\\\/#breadcrumb\"},\"inLanguage\":\"es\",\"potentialAction\":[{\"@type\":\"ReadAction\",\"target\":[\"https:\\\/\\\/www.medespoir.fr\\\/es\\\/aumento-pantorrillas\\\/\"]}]},{\"@type\":\"ImageObject\",\"inLanguage\":\"es\",\"@id\":\"https:\\\/\\\/www.medespoir.fr\\\/es\\\/aumento-pantorrillas\\\/#primaryimage\",\"url\":\"https:\\\/\\\/www.medespoir.fr\\\/wp-content\\\/uploads\\\/2021\\\/11\\\/header-corps.jpg\",\"contentUrl\":\"https:\\\/\\\/www.medespoir.fr\\\/wp-content\\\/uploads\\\/2021\\\/11\\\/header-corps.jpg\",\"width\":1928,\"height\":479},{\"@type\":\"BreadcrumbList\",\"@id\":\"https:\\\/\\\/www.medespoir.fr\\\/es\\\/aumento-pantorrillas\\\/#breadcrumb\",\"itemListElement\":[{\"@type\":\"ListItem\",\"position\":1,\"name\":\"Accueil\",\"item\":\"https:\\\/\\\/www.medespoir.fr\\\/es\\\/\"},{\"@type\":\"ListItem\",\"position\":2,\"name\":\"Aumento de pantorrillas en T\u00fanez mediante inyecci\u00f3n de grasa\"}]},{\"@type\":\"WebSite\",\"@id\":\"https:\\\/\\\/www.medespoir.fr\\\/es\\\/#website\",\"url\":\"https:\\\/\\\/www.medespoir.fr\\\/es\\\/\",\"name\":\"Medespoir France\",\"description\":\"Chirurgie esthetique Tunisie\",\"publisher\":{\"@id\":\"https:\\\/\\\/www.medespoir.fr\\\/es\\\/#organization\"},\"potentialAction\":[{\"@type\":\"SearchAction\",\"target\":{\"@type\":\"EntryPoint\",\"urlTemplate\":\"https:\\\/\\\/www.medespoir.fr\\\/es\\\/?s={search_term_string}\"},\"query-input\":{\"@type\":\"PropertyValueSpecification\",\"valueRequired\":true,\"valueName\":\"search_term_string\"}}],\"inLanguage\":\"es\"},{\"@type\":\"Organization\",\"@id\":\"https:\\\/\\\/www.medespoir.fr\\\/es\\\/#organization\",\"name\":\"Medespoir France\",\"url\":\"https:\\\/\\\/www.medespoir.fr\\\/es\\\/\",\"logo\":{\"@type\":\"ImageObject\",\"inLanguage\":\"es\",\"@id\":\"https:\\\/\\\/www.medespoir.fr\\\/es\\\/#\\\/schema\\\/logo\\\/image\\\/\",\"url\":\"https:\\\/\\\/www.medespoir.fr\\\/wp-content\\\/uploads\\\/2021\\\/10\\\/cropped-logo__medespoirFR.png\",\"contentUrl\":\"https:\\\/\\\/www.medespoir.fr\\\/wp-content\\\/uploads\\\/2021\\\/10\\\/cropped-logo__medespoirFR.png\",\"width\":150,\"height\":62,\"caption\":\"Medespoir France\"},\"image\":{\"@id\":\"https:\\\/\\\/www.medespoir.fr\\\/es\\\/#\\\/schema\\\/logo\\\/image\\\/\"},\"sameAs\":[\"https:\\\/\\\/www.facebook.com\\\/MedEspoirFr\",\"https:\\\/\\\/x.com\\\/MedEspoirTN\"]}]}<\/script>\n<!-- \/ Yoast SEO plugin. -->","yoast_head_json":{"title":"Aumento de pantorrillas T\u00fanez : Precio del lipofilling de pantorrillas","description":"Aumento de pantorrillas T\u00fanez: mediante pr\u00f3tesis de pantorrilla o lipofilling de pantorrilla a bajo coste v\u00eda Medespoir Francia","robots":{"index":"index","follow":"follow","max-snippet":"max-snippet:-1","max-image-preview":"max-image-preview:large","max-video-preview":"max-video-preview:-1"},"canonical":"https:\/\/www.medespoir.fr\/es\/aumento-pantorrillas\/","twitter_misc":{"Tiempo de lectura":"3 minutos"},"schema":{"@context":"https:\/\/schema.org","@graph":[{"@type":"WebPage","@id":"https:\/\/www.medespoir.fr\/es\/aumento-pantorrillas\/","url":"https:\/\/www.medespoir.fr\/es\/aumento-pantorrillas\/","name":"Aumento de pantorrillas T\u00fanez : Precio del lipofilling de pantorrillas","isPartOf":{"@id":"https:\/\/www.medespoir.fr\/es\/#website"},"primaryImageOfPage":{"@id":"https:\/\/www.medespoir.fr\/es\/aumento-pantorrillas\/#primaryimage"},"image":{"@id":"https:\/\/www.medespoir.fr\/es\/aumento-pantorrillas\/#primaryimage"},"thumbnailUrl":"https:\/\/www.medespoir.fr\/wp-content\/uploads\/2021\/11\/header-corps.jpg","datePublished":"2018-01-22T09:54:59+00:00","dateModified":"2022-12-19T14:27:33+00:00","description":"Aumento de pantorrillas T\u00fanez: mediante pr\u00f3tesis de pantorrilla o lipofilling de pantorrilla a bajo coste v\u00eda Medespoir Francia","breadcrumb":{"@id":"https:\/\/www.medespoir.fr\/es\/aumento-pantorrillas\/#breadcrumb"},"inLanguage":"es","potentialAction":[{"@type":"ReadAction","target":["https:\/\/www.medespoir.fr\/es\/aumento-pantorrillas\/"]}]},{"@type":"ImageObject","inLanguage":"es","@id":"https:\/\/www.medespoir.fr\/es\/aumento-pantorrillas\/#primaryimage","url":"https:\/\/www.medespoir.fr\/wp-content\/uploads\/2021\/11\/header-corps.jpg","contentUrl":"https:\/\/www.medespoir.fr\/wp-content\/uploads\/2021\/11\/header-corps.jpg","width":1928,"height":479},{"@type":"BreadcrumbList","@id":"https:\/\/www.medespoir.fr\/es\/aumento-pantorrillas\/#breadcrumb","itemListElement":[{"@type":"ListItem","position":1,"name":"Accueil","item":"https:\/\/www.medespoir.fr\/es\/"},{"@type":"ListItem","position":2,"name":"Aumento de pantorrillas en T\u00fanez mediante inyecci\u00f3n de grasa"}]},{"@type":"WebSite","@id":"https:\/\/www.medespoir.fr\/es\/#website","url":"https:\/\/www.medespoir.fr\/es\/","name":"Medespoir France","description":"Chirurgie esthetique Tunisie","publisher":{"@id":"https:\/\/www.medespoir.fr\/es\/#organization"},"potentialAction":[{"@type":"SearchAction","target":{"@type":"EntryPoint","urlTemplate":"https:\/\/www.medespoir.fr\/es\/?s={search_term_string}"},"query-input":{"@type":"PropertyValueSpecification","valueRequired":true,"valueName":"search_term_string"}}],"inLanguage":"es"},{"@type":"Organization","@id":"https:\/\/www.medespoir.fr\/es\/#organization","name":"Medespoir France","url":"https:\/\/www.medespoir.fr\/es\/","logo":{"@type":"ImageObject","inLanguage":"es","@id":"https:\/\/www.medespoir.fr\/es\/#\/schema\/logo\/image\/","url":"https:\/\/www.medespoir.fr\/wp-content\/uploads\/2021\/10\/cropped-logo__medespoirFR.png","contentUrl":"https:\/\/www.medespoir.fr\/wp-content\/uploads\/2021\/10\/cropped-logo__medespoirFR.png","width":150,"height":62,"caption":"Medespoir France"},"image":{"@id":"https:\/\/www.medespoir.fr\/es\/#\/schema\/logo\/image\/"},"sameAs":["https:\/\/www.facebook.com\/MedEspoirFr","https:\/\/x.com\/MedEspoirTN"]}]}},"_links":{"self":[{"href":"https:\/\/www.medespoir.fr\/es\/wp-json\/wp\/v2\/pages\/24996","targetHints":{"allow":["GET"]}}],"collection":[{"href":"https:\/\/www.medespoir.fr\/es\/wp-json\/wp\/v2\/pages"}],"about":[{"href":"https:\/\/www.medespoir.fr\/es\/wp-json\/wp\/v2\/types\/page"}],"author":[{"embeddable":true,"href":"https:\/\/www.medespoir.fr\/es\/wp-json\/wp\/v2\/users\/2"}],"replies":[{"embeddable":true,"href":"https:\/\/www.medespoir.fr\/es\/wp-json\/wp\/v2\/comments?post=24996"}],"version-history":[{"count":0,"href":"https:\/\/www.medespoir.fr\/es\/wp-json\/wp\/v2\/pages\/24996\/revisions"}],"wp:featuredmedia":[{"embeddable":true,"href":"https:\/\/www.medespoir.fr\/es\/wp-json\/wp\/v2\/media\/20927"}],"wp:attachment":[{"href":"https:\/\/www.medespoir.fr\/es\/wp-json\/wp\/v2\/media?parent=24996"}],"curies":[{"name":"wp","href":"https:\/\/api.w.org\/{rel}","templated":true}]}}