{"id":24988,"date":"2018-01-22T09:56:12","date_gmt":"2018-01-22T08:56:12","guid":{"rendered":"https:\/\/www.medespoir.fr\/protesis-de-cadera-en-tunez-cirugia-ortopedica-fiable\/"},"modified":"2022-12-19T15:28:20","modified_gmt":"2022-12-19T14:28:20","slug":"protesis-cadera","status":"publish","type":"page","link":"https:\/\/www.medespoir.fr\/es\/protesis-cadera\/","title":{"rendered":"Pr\u00f3tesis de cadera en T\u00fanez: cirug\u00eda ortop\u00e9dica fiable"},"content":{"rendered":"\t\t<div data-elementor-type=\"wp-page\" data-elementor-id=\"24988\" class=\"elementor elementor-24988\">\n\t\t\t\t\t\t<section class=\"elementor-section elementor-top-section elementor-element elementor-element-e7aaef8 elementor-section-boxed elementor-section-height-default elementor-section-height-default\" data-id=\"e7aaef8\" data-element_type=\"section\" data-e-type=\"section\">\n\t\t\t\t\t\t<div class=\"elementor-container elementor-column-gap-default\">\n\t\t\t\t\t<div class=\"elementor-column elementor-col-66 elementor-top-column elementor-element elementor-element-8877488\" data-id=\"8877488\" data-element_type=\"column\" data-e-type=\"column\">\n\t\t\t<div class=\"elementor-widget-wrap elementor-element-populated\">\n\t\t\t\t\t\t<div class=\"elementor-element elementor-element-204ab07 elementor-widget elementor-widget-text-editor\" data-id=\"204ab07\" data-element_type=\"widget\" data-e-type=\"widget\" data-widget_type=\"text-editor.default\">\n\t\t\t\t<div class=\"elementor-widget-container\">\n\t\t\t\t\t\t\t\t\tLa instalaci\u00f3n de un  <strong>pr\u00f3tesis total de cadera<\/strong>  o el<strong>operaci\u00f3n de pr\u00f3tesis de cadera<\/strong>  es un procedimiento de cirug\u00eda ortop\u00e9dica fiable basado en la sustituci\u00f3n de una cadera enferma con la articulaci\u00f3n femoral da\u00f1ada (artrosis, accidente&#8230;) por una articulaci\u00f3n artificial, con el fin de aliviar el dolor del paciente y mejorar la movilidad de su pierna.\n\t\t\t\t\t\t\t\t<\/div>\n\t\t\t\t<\/div>\n\t\t\t\t<div class=\"elementor-element elementor-element-9570867 elementor-widget elementor-widget-text-editor\" data-id=\"9570867\" data-element_type=\"widget\" data-e-type=\"widget\" data-widget_type=\"text-editor.default\">\n\t\t\t\t<div class=\"elementor-widget-container\">\n\t\t\t\t\t\t\t\t\t<h2>Resultados de una pr\u00f3tesis de cadera<\/h2>\nGeneralmente, la <strong>instalaci\u00f3n de una pr\u00f3tesis total de cadera en T\u00fanez<\/strong> alcanza una tasa de \u00e9xito muy apreciable ya que el paciente no siente m\u00e1s sus dolores anteriores que se desvanecen al cabo de 90 d\u00edas de la intervenci\u00f3n y encuentra el uso de su pierna de manera normal.\t\t\t\t\t\t\t\t<\/div>\n\t\t\t\t<\/div>\n\t\t\t\t\t<\/div>\n\t\t<\/div>\n\t\t\t\t<div class=\"elementor-column elementor-col-33 elementor-top-column elementor-element elementor-element-14f71cf\" data-id=\"14f71cf\" data-element_type=\"column\" data-e-type=\"column\">\n\t\t\t<div class=\"elementor-widget-wrap elementor-element-populated\">\n\t\t\t\t\t\t<div class=\"elementor-element elementor-element-32c8376 elementor-widget elementor-widget-text-editor\" data-id=\"32c8376\" data-element_type=\"widget\" data-e-type=\"widget\" data-widget_type=\"text-editor.default\">\n\t\t\t\t<div class=\"elementor-widget-container\">\n\t\t\t\t\t\t\t\t\t<img decoding=\"async\" class=\" aligncenter\" src=\"https:\/\/www.medespoir.fr\/wp-content\/uploads\/2022\/07\/prothese-hanche-tunisie.png\" alt=\"Pr\u00f3tesis de cadera en T\u00fanez: cirug\u00eda ortop\u00e9dica fiable  \">\t\t\t\t\t\t\t\t<\/div>\n\t\t\t\t<\/div>\n\t\t\t\t\t<\/div>\n\t\t<\/div>\n\t\t\t\t\t<\/div>\n\t\t<\/section>\n\t\t\t\t<section class=\"elementor-section elementor-top-section elementor-element elementor-element-72ecc0a elementor-section-boxed elementor-section-height-default elementor-section-height-default\" data-id=\"72ecc0a\" data-element_type=\"section\" data-e-type=\"section\">\n\t\t\t\t\t\t<div class=\"elementor-container elementor-column-gap-default\">\n\t\t\t\t\t<div class=\"elementor-column elementor-col-100 elementor-top-column elementor-element elementor-element-fa27d53\" data-id=\"fa27d53\" data-element_type=\"column\" data-e-type=\"column\">\n\t\t\t<div class=\"elementor-widget-wrap elementor-element-populated\">\n\t\t\t\t\t\t<div class=\"elementor-element elementor-element-b9f1f6e elementor-widget elementor-widget-text-editor\" data-id=\"b9f1f6e\" data-element_type=\"widget\" data-e-type=\"widget\" data-widget_type=\"text-editor.default\">\n\t\t\t\t<div class=\"elementor-widget-container\">\n\t\t\t\t\t\t\t\t\t<h2>El precio de una pr\u00f3tesis de cadera en T\u00fanez<\/h2>\nEl <strong>precio de una pr\u00f3tesis de cadera en T\u00fanez<\/strong> no es caro. Los pacientes se benefician de un paquete con todo incluido:\n<ul class=\"liste-style\">\n \t<li>Los honorarios del traumat\u00f3logo<\/li>\n \t<li>Los honorarios del anestesista<\/li>\n \t<li>Todos los cuidados necesarios antes y despu\u00e9s de la operaci\u00f3n<\/li>\n \t<li>Los costes de la cl\u00ednica<\/li>\n \t<li>La estancia en el hotel<\/li>\n \t<li>Traslado del paciente<\/li>\n<\/ul>\nSolicite un presupuesto de su precio personalizado en dinares tunecinos con todo incluido enviando una solicitud en el sitio a trav\u00e9s de este formulario.\t\t\t\t\t\t\t\t<\/div>\n\t\t\t\t<\/div>\n\t\t\t\t\t<\/div>\n\t\t<\/div>\n\t\t\t\t\t<\/div>\n\t\t<\/section>\n\t\t\t\t<section class=\"elementor-section elementor-top-section elementor-element elementor-element-9d52f11 elementor-section-boxed elementor-section-height-default elementor-section-height-default\" data-id=\"9d52f11\" data-element_type=\"section\" data-e-type=\"section\" id=\"bg-devis-express\">\n\t\t\t\t\t\t<div class=\"elementor-container elementor-column-gap-default\">\n\t\t\t\t\t<div class=\"elementor-column elementor-col-100 elementor-top-column elementor-element elementor-element-e725e57\" data-id=\"e725e57\" data-element_type=\"column\" data-e-type=\"column\">\n\t\t\t<div class=\"elementor-widget-wrap elementor-element-populated\">\n\t\t\t\t\t\t<div class=\"elementor-element elementor-element-815313f elementor-widget elementor-widget-text-editor\" data-id=\"815313f\" data-element_type=\"widget\" data-e-type=\"widget\" data-widget_type=\"text-editor.default\">\n\t\t\t\t<div class=\"elementor-widget-container\">\n\t\t\t\t\t\t\t\t\t<style>\r\n\tbody.home #main-form h2 {\r\n   display:none;\r\n}\r\n<\/style>\r\n<h2 style=\"text-align: center;font-weight: bold;\">Presupuesto r\u00e1pido gratuito<\/h2>\r\n<iframe src=\"https:\/\/app.metocrm.com\/web-forms\/e1cab5bd-ef56-4a37-aa71-4857d931f368\"  height=\"700px\" width=\"100%\"  frameborder=\"0\"><\/iframe>\t\t\t\t\t\t\t\t<\/div>\n\t\t\t\t<\/div>\n\t\t\t\t\t<\/div>\n\t\t<\/div>\n\t\t\t\t\t<\/div>\n\t\t<\/section>\n\t\t\t\t<section class=\"elementor-section elementor-top-section elementor-element elementor-element-82aee96 elementor-section-boxed elementor-section-height-default elementor-section-height-default\" data-id=\"82aee96\" data-element_type=\"section\" data-e-type=\"section\">\n\t\t\t\t\t\t<div class=\"elementor-container elementor-column-gap-default\">\n\t\t\t\t\t<div class=\"elementor-column elementor-col-100 elementor-top-column elementor-element elementor-element-dc24928\" data-id=\"dc24928\" data-element_type=\"column\" data-e-type=\"column\">\n\t\t\t<div class=\"elementor-widget-wrap elementor-element-populated\">\n\t\t\t\t\t\t<div class=\"elementor-element elementor-element-4c5f7a4 elementor-widget elementor-widget-text-editor\" data-id=\"4c5f7a4\" data-element_type=\"widget\" data-e-type=\"widget\" data-widget_type=\"text-editor.default\">\n\t\t\t\t<div class=\"elementor-widget-container\">\n\t\t\t\t\t\t\t\t\t<h2>Procedimiento para la cirug\u00eda de pr\u00f3tesis de cadera<\/h2>\nLa intervenci\u00f3n se realiza bajo anestesia general o epidural, dura entre una hora y media y dos horas y la estancia hospitalaria oscila entre 5 y 10 d\u00edas.\n\nSe practica de la siguiente manera:\n<ul class=\"liste-style\">\n \t<li>En primer lugar, se desarticula la cadera extrayendo completamente la cabeza del f\u00e9mur (la bola) de su cavidad y, a continuaci\u00f3n, se vuelve a recubrir la cavidad extrayendo el hueso y el cart\u00edlago da\u00f1ados.<\/li>\n \t<li>A continuaci\u00f3n, se coloca una copa met\u00e1lica artificial. Se integra perfectamente en la cavidad \u00f3sea mediante cementaci\u00f3n o fijaci\u00f3n al f\u00e9mur.<\/li>\n \t<li>Posteriormente, se fija un inserto de pl\u00e1stico en forma de cuenco en el cotilo met\u00e1lico (estas dos partes forman el componente acetabular).<\/li>\n \t<li>A continuaci\u00f3n, se coloca en el v\u00e1stago del componente femoral una nueva cabeza femoral (tambi\u00e9n denominada bola) que, una vez fijada, se introduce en el encaje en forma de copa (el componente acetabular), formando as\u00ed el componente femoral.<\/li>\n<\/ul>\nLa pr\u00f3tesis sustituye a la articulaci\u00f3n de cadera da\u00f1ada y se sutura la piel.\n<h2>Despu\u00e9s de la operaci\u00f3n<\/h2>\n<ul class=\"liste-style\">\n \t<li>Se puede instalar un sistema de drenaje, pero no de forma sistem\u00e1tica.<\/li>\n \t<li>La marcha se reanuda al d\u00eda siguiente de la operaci\u00f3n con la ayuda de dos bastones que se abandonan gradualmente.<\/li>\n \t<li>Muy pocos problemas despu\u00e9s de la operaci\u00f3n.<\/li>\n \t<li>Las suturas se retiran a los 15 d\u00edas.<\/li>\n \t<li>Suscribirse a un antibi\u00f3tico como precauci\u00f3n contra la infecci\u00f3n.<\/li>\n \t<li>Contra la flebitis est\u00e1n indicadas las sujeciones, los ejercicios espec\u00edficos para el tobillo, la anticoagulaci\u00f3n y el desplazamiento prematuro.<\/li>\n \t<li>Se puede hacer vida normal a partir de la tercera o sexta semana tras la operaci\u00f3n.<\/li>\n \t<li>Instrucciones diarias espec\u00edficas que deben seguirse repetidamente para el fortalecimiento de la cadera.<\/li>\n<\/ul>\n\t\t\t\t\t\t\t\t<\/div>\n\t\t\t\t<\/div>\n\t\t\t\t\t<\/div>\n\t\t<\/div>\n\t\t\t\t\t<\/div>\n\t\t<\/section>\n\t\t\t\t<section class=\"elementor-section elementor-top-section elementor-element elementor-element-fffd382 elementor-section-boxed elementor-section-height-default elementor-section-height-default\" data-id=\"fffd382\" data-element_type=\"section\" data-e-type=\"section\">\n\t\t\t\t\t\t<div class=\"elementor-container elementor-column-gap-default\">\n\t\t\t\t\t<div class=\"elementor-column elementor-col-50 elementor-top-column elementor-element elementor-element-a3d250c\" data-id=\"a3d250c\" data-element_type=\"column\" data-e-type=\"column\">\n\t\t\t<div class=\"elementor-widget-wrap elementor-element-populated\">\n\t\t\t\t\t\t<div class=\"elementor-element elementor-element-6d2bee6 elementor-widget elementor-widget-html\" data-id=\"6d2bee6\" data-element_type=\"widget\" data-e-type=\"widget\" data-widget_type=\"html.default\">\n\t\t\t\t<div class=\"elementor-widget-container\">\n\t\t\t\t\t<a href=\"https:\/\/www.medespoir.fr\/es\/presupuesto\/\" class=\"main__btn blue\"><span>Presupuesto gratuito<\/span><\/a>\t\t\t\t<\/div>\n\t\t\t\t<\/div>\n\t\t\t\t\t<\/div>\n\t\t<\/div>\n\t\t\t\t<div class=\"elementor-column elementor-col-50 elementor-top-column elementor-element elementor-element-c8e65c0\" data-id=\"c8e65c0\" data-element_type=\"column\" data-e-type=\"column\">\n\t\t\t<div class=\"elementor-widget-wrap\">\n\t\t\t\t\t\t\t<\/div>\n\t\t<\/div>\n\t\t\t\t\t<\/div>\n\t\t<\/section>\n\t\t\t\t<\/div>\n\t\t","protected":false},"excerpt":{"rendered":"<p>La instalaci\u00f3n de un pr\u00f3tesis total de cadera o eloperaci\u00f3n de pr\u00f3tesis de cadera es un procedimiento de cirug\u00eda ortop\u00e9dica [&hellip;]<\/p>\n","protected":false},"author":2,"featured_media":20927,"parent":0,"menu_order":17,"comment_status":"closed","ping_status":"closed","template":"","meta":{"footnotes":""},"class_list":["post-24988","page","type-page","status-publish","has-post-thumbnail","hentry"],"yoast_head":"<!-- This site is optimized with the Yoast SEO plugin v27.5 - https:\/\/yoast.com\/product\/yoast-seo-wordpress\/ -->\n<title>Pr\u00f3tesis de cadera T\u00fanez : Precios baratos de pr\u00f3tesis de cadera<\/title>\n<meta name=\"description\" content=\"Pr\u00f3tesis de cadera en T\u00fanez, Pr\u00f3tesis de cadera en T\u00fanez o artroplastia de cadera a precio barato con Medespoir Francia. Cambios en el esqueleto y el cart\u00edlago de la cadera alterados por fractura, artrosis o necrosis.\" \/>\n<meta name=\"robots\" content=\"index, follow, max-snippet:-1, max-image-preview:large, max-video-preview:-1\" \/>\n<link rel=\"canonical\" href=\"https:\/\/www.medespoir.fr\/es\/protesis-cadera\/\" \/>\n<meta name=\"twitter:label1\" content=\"Tiempo de lectura\" \/>\n\t<meta name=\"twitter:data1\" content=\"3 minutos\" \/>\n<script type=\"application\/ld+json\" class=\"yoast-schema-graph\">{\"@context\":\"https:\\\/\\\/schema.org\",\"@graph\":[{\"@type\":\"WebPage\",\"@id\":\"https:\\\/\\\/www.medespoir.fr\\\/es\\\/protesis-cadera\\\/\",\"url\":\"https:\\\/\\\/www.medespoir.fr\\\/es\\\/protesis-cadera\\\/\",\"name\":\"Pr\u00f3tesis de cadera T\u00fanez : Precios baratos de pr\u00f3tesis de cadera\",\"isPartOf\":{\"@id\":\"https:\\\/\\\/www.medespoir.fr\\\/es\\\/#website\"},\"primaryImageOfPage\":{\"@id\":\"https:\\\/\\\/www.medespoir.fr\\\/es\\\/protesis-cadera\\\/#primaryimage\"},\"image\":{\"@id\":\"https:\\\/\\\/www.medespoir.fr\\\/es\\\/protesis-cadera\\\/#primaryimage\"},\"thumbnailUrl\":\"https:\\\/\\\/www.medespoir.fr\\\/wp-content\\\/uploads\\\/2021\\\/11\\\/header-corps.jpg\",\"datePublished\":\"2018-01-22T08:56:12+00:00\",\"dateModified\":\"2022-12-19T14:28:20+00:00\",\"description\":\"Pr\u00f3tesis de cadera en T\u00fanez, Pr\u00f3tesis de cadera en T\u00fanez o artroplastia de cadera a precio barato con Medespoir Francia. Cambios en el esqueleto y el cart\u00edlago de la cadera alterados por fractura, artrosis o necrosis.\",\"breadcrumb\":{\"@id\":\"https:\\\/\\\/www.medespoir.fr\\\/es\\\/protesis-cadera\\\/#breadcrumb\"},\"inLanguage\":\"es\",\"potentialAction\":[{\"@type\":\"ReadAction\",\"target\":[\"https:\\\/\\\/www.medespoir.fr\\\/es\\\/protesis-cadera\\\/\"]}]},{\"@type\":\"ImageObject\",\"inLanguage\":\"es\",\"@id\":\"https:\\\/\\\/www.medespoir.fr\\\/es\\\/protesis-cadera\\\/#primaryimage\",\"url\":\"https:\\\/\\\/www.medespoir.fr\\\/wp-content\\\/uploads\\\/2021\\\/11\\\/header-corps.jpg\",\"contentUrl\":\"https:\\\/\\\/www.medespoir.fr\\\/wp-content\\\/uploads\\\/2021\\\/11\\\/header-corps.jpg\",\"width\":1928,\"height\":479},{\"@type\":\"BreadcrumbList\",\"@id\":\"https:\\\/\\\/www.medespoir.fr\\\/es\\\/protesis-cadera\\\/#breadcrumb\",\"itemListElement\":[{\"@type\":\"ListItem\",\"position\":1,\"name\":\"Accueil\",\"item\":\"https:\\\/\\\/www.medespoir.fr\\\/es\\\/\"},{\"@type\":\"ListItem\",\"position\":2,\"name\":\"Pr\u00f3tesis de cadera en T\u00fanez: cirug\u00eda ortop\u00e9dica fiable\"}]},{\"@type\":\"WebSite\",\"@id\":\"https:\\\/\\\/www.medespoir.fr\\\/es\\\/#website\",\"url\":\"https:\\\/\\\/www.medespoir.fr\\\/es\\\/\",\"name\":\"Medespoir France\",\"description\":\"Chirurgie esthetique Tunisie\",\"publisher\":{\"@id\":\"https:\\\/\\\/www.medespoir.fr\\\/es\\\/#organization\"},\"potentialAction\":[{\"@type\":\"SearchAction\",\"target\":{\"@type\":\"EntryPoint\",\"urlTemplate\":\"https:\\\/\\\/www.medespoir.fr\\\/es\\\/?s={search_term_string}\"},\"query-input\":{\"@type\":\"PropertyValueSpecification\",\"valueRequired\":true,\"valueName\":\"search_term_string\"}}],\"inLanguage\":\"es\"},{\"@type\":\"Organization\",\"@id\":\"https:\\\/\\\/www.medespoir.fr\\\/es\\\/#organization\",\"name\":\"Medespoir France\",\"url\":\"https:\\\/\\\/www.medespoir.fr\\\/es\\\/\",\"logo\":{\"@type\":\"ImageObject\",\"inLanguage\":\"es\",\"@id\":\"https:\\\/\\\/www.medespoir.fr\\\/es\\\/#\\\/schema\\\/logo\\\/image\\\/\",\"url\":\"https:\\\/\\\/www.medespoir.fr\\\/wp-content\\\/uploads\\\/2021\\\/10\\\/cropped-logo__medespoirFR.png\",\"contentUrl\":\"https:\\\/\\\/www.medespoir.fr\\\/wp-content\\\/uploads\\\/2021\\\/10\\\/cropped-logo__medespoirFR.png\",\"width\":150,\"height\":62,\"caption\":\"Medespoir France\"},\"image\":{\"@id\":\"https:\\\/\\\/www.medespoir.fr\\\/es\\\/#\\\/schema\\\/logo\\\/image\\\/\"},\"sameAs\":[\"https:\\\/\\\/www.facebook.com\\\/MedEspoirFr\",\"https:\\\/\\\/x.com\\\/MedEspoirTN\"]}]}<\/script>\n<!-- \/ Yoast SEO plugin. -->","yoast_head_json":{"title":"Pr\u00f3tesis de cadera T\u00fanez : Precios baratos de pr\u00f3tesis de cadera","description":"Pr\u00f3tesis de cadera en T\u00fanez, Pr\u00f3tesis de cadera en T\u00fanez o artroplastia de cadera a precio barato con Medespoir Francia. Cambios en el esqueleto y el cart\u00edlago de la cadera alterados por fractura, artrosis o necrosis.","robots":{"index":"index","follow":"follow","max-snippet":"max-snippet:-1","max-image-preview":"max-image-preview:large","max-video-preview":"max-video-preview:-1"},"canonical":"https:\/\/www.medespoir.fr\/es\/protesis-cadera\/","twitter_misc":{"Tiempo de lectura":"3 minutos"},"schema":{"@context":"https:\/\/schema.org","@graph":[{"@type":"WebPage","@id":"https:\/\/www.medespoir.fr\/es\/protesis-cadera\/","url":"https:\/\/www.medespoir.fr\/es\/protesis-cadera\/","name":"Pr\u00f3tesis de cadera T\u00fanez : Precios baratos de pr\u00f3tesis de cadera","isPartOf":{"@id":"https:\/\/www.medespoir.fr\/es\/#website"},"primaryImageOfPage":{"@id":"https:\/\/www.medespoir.fr\/es\/protesis-cadera\/#primaryimage"},"image":{"@id":"https:\/\/www.medespoir.fr\/es\/protesis-cadera\/#primaryimage"},"thumbnailUrl":"https:\/\/www.medespoir.fr\/wp-content\/uploads\/2021\/11\/header-corps.jpg","datePublished":"2018-01-22T08:56:12+00:00","dateModified":"2022-12-19T14:28:20+00:00","description":"Pr\u00f3tesis de cadera en T\u00fanez, Pr\u00f3tesis de cadera en T\u00fanez o artroplastia de cadera a precio barato con Medespoir Francia. Cambios en el esqueleto y el cart\u00edlago de la cadera alterados por fractura, artrosis o necrosis.","breadcrumb":{"@id":"https:\/\/www.medespoir.fr\/es\/protesis-cadera\/#breadcrumb"},"inLanguage":"es","potentialAction":[{"@type":"ReadAction","target":["https:\/\/www.medespoir.fr\/es\/protesis-cadera\/"]}]},{"@type":"ImageObject","inLanguage":"es","@id":"https:\/\/www.medespoir.fr\/es\/protesis-cadera\/#primaryimage","url":"https:\/\/www.medespoir.fr\/wp-content\/uploads\/2021\/11\/header-corps.jpg","contentUrl":"https:\/\/www.medespoir.fr\/wp-content\/uploads\/2021\/11\/header-corps.jpg","width":1928,"height":479},{"@type":"BreadcrumbList","@id":"https:\/\/www.medespoir.fr\/es\/protesis-cadera\/#breadcrumb","itemListElement":[{"@type":"ListItem","position":1,"name":"Accueil","item":"https:\/\/www.medespoir.fr\/es\/"},{"@type":"ListItem","position":2,"name":"Pr\u00f3tesis de cadera en T\u00fanez: cirug\u00eda ortop\u00e9dica fiable"}]},{"@type":"WebSite","@id":"https:\/\/www.medespoir.fr\/es\/#website","url":"https:\/\/www.medespoir.fr\/es\/","name":"Medespoir France","description":"Chirurgie esthetique Tunisie","publisher":{"@id":"https:\/\/www.medespoir.fr\/es\/#organization"},"potentialAction":[{"@type":"SearchAction","target":{"@type":"EntryPoint","urlTemplate":"https:\/\/www.medespoir.fr\/es\/?s={search_term_string}"},"query-input":{"@type":"PropertyValueSpecification","valueRequired":true,"valueName":"search_term_string"}}],"inLanguage":"es"},{"@type":"Organization","@id":"https:\/\/www.medespoir.fr\/es\/#organization","name":"Medespoir France","url":"https:\/\/www.medespoir.fr\/es\/","logo":{"@type":"ImageObject","inLanguage":"es","@id":"https:\/\/www.medespoir.fr\/es\/#\/schema\/logo\/image\/","url":"https:\/\/www.medespoir.fr\/wp-content\/uploads\/2021\/10\/cropped-logo__medespoirFR.png","contentUrl":"https:\/\/www.medespoir.fr\/wp-content\/uploads\/2021\/10\/cropped-logo__medespoirFR.png","width":150,"height":62,"caption":"Medespoir France"},"image":{"@id":"https:\/\/www.medespoir.fr\/es\/#\/schema\/logo\/image\/"},"sameAs":["https:\/\/www.facebook.com\/MedEspoirFr","https:\/\/x.com\/MedEspoirTN"]}]}},"_links":{"self":[{"href":"https:\/\/www.medespoir.fr\/es\/wp-json\/wp\/v2\/pages\/24988","targetHints":{"allow":["GET"]}}],"collection":[{"href":"https:\/\/www.medespoir.fr\/es\/wp-json\/wp\/v2\/pages"}],"about":[{"href":"https:\/\/www.medespoir.fr\/es\/wp-json\/wp\/v2\/types\/page"}],"author":[{"embeddable":true,"href":"https:\/\/www.medespoir.fr\/es\/wp-json\/wp\/v2\/users\/2"}],"replies":[{"embeddable":true,"href":"https:\/\/www.medespoir.fr\/es\/wp-json\/wp\/v2\/comments?post=24988"}],"version-history":[{"count":0,"href":"https:\/\/www.medespoir.fr\/es\/wp-json\/wp\/v2\/pages\/24988\/revisions"}],"wp:featuredmedia":[{"embeddable":true,"href":"https:\/\/www.medespoir.fr\/es\/wp-json\/wp\/v2\/media\/20927"}],"wp:attachment":[{"href":"https:\/\/www.medespoir.fr\/es\/wp-json\/wp\/v2\/media?parent=24988"}],"curies":[{"name":"wp","href":"https:\/\/api.w.org\/{rel}","templated":true}]}}