{"id":24964,"date":"2021-11-19T14:41:09","date_gmt":"2021-11-19T13:41:09","guid":{"rendered":"https:\/\/www.medespoir.fr\/todo-lo-que-necesita-saber-sobre-el-lifting-de-gluteos-brasileno-bbl\/"},"modified":"2022-12-19T15:32:33","modified_gmt":"2022-12-19T14:32:33","slug":"bbl-lifting-gluteos-brasileno","status":"publish","type":"page","link":"https:\/\/www.medespoir.fr\/es\/bbl-lifting-gluteos-brasileno\/","title":{"rendered":"Todo lo que necesita saber sobre el lifting de gl\u00fateos brasile\u00f1o (BBL)"},"content":{"rendered":"\t\t<div data-elementor-type=\"wp-page\" data-elementor-id=\"24964\" class=\"elementor elementor-24964\">\n\t\t\t\t\t\t<section class=\"elementor-section elementor-top-section elementor-element elementor-element-0fba05b elementor-section-boxed elementor-section-height-default elementor-section-height-default\" data-id=\"0fba05b\" data-element_type=\"section\" data-e-type=\"section\">\n\t\t\t\t\t\t<div class=\"elementor-container elementor-column-gap-default\">\n\t\t\t\t\t<div class=\"elementor-column elementor-col-66 elementor-top-column elementor-element elementor-element-acbf892\" data-id=\"acbf892\" data-element_type=\"column\" data-e-type=\"column\">\n\t\t\t<div class=\"elementor-widget-wrap elementor-element-populated\">\n\t\t\t\t\t\t<div class=\"elementor-element elementor-element-ffa000b elementor-widget elementor-widget-text-editor\" data-id=\"ffa000b\" data-element_type=\"widget\" data-e-type=\"widget\" data-widget_type=\"text-editor.default\">\n\t\t\t\t<div class=\"elementor-widget-container\">\n\t\t\t\t\t\t\t\t\t<p>El <strong>lifting<\/strong> <strong>brasile\u00f1o de gl\u00fateos<\/strong> es uno de los procedimientos est\u00e9ticos m\u00e1s populares. Esta t\u00e9cnica revolucionaria permite remodelar los gl\u00fateos. Muchos famosos han utilizado la <strong>BBL<\/strong>. En la red, todo el mundo habla de ello. \u00bfCu\u00e1l es el principio de esta operaci\u00f3n est\u00e9tica? \u00bfCu\u00e1les son sus resultados? \u00bfY cu\u00e1nto cuesta?<\/p>\n\t\t\t\t\t\t\t\t<\/div>\n\t\t\t\t<\/div>\n\t\t\t\t<div class=\"elementor-element elementor-element-ed83e4c elementor-widget elementor-widget-text-editor\" data-id=\"ed83e4c\" data-element_type=\"widget\" data-e-type=\"widget\" data-widget_type=\"text-editor.default\">\n\t\t\t\t<div class=\"elementor-widget-container\">\n\t\t\t\t\t\t\t\t\t<h2>\u00bfQu\u00e9 es un lifting brasile\u00f1o de gl\u00fateos?<\/h2>\nEl lifting brasile\u00f1o de gl\u00fateos es un procedimiento de cirug\u00eda est\u00e9tica para<strong>aumentar el tama\u00f1o de los gl\u00fateos<\/strong>. De hecho, para<strong>tener unos gl\u00fateos bien formados<\/strong>, un gran n\u00famero de mujeres optan por el lipofilling, tambi\u00e9n conocido como lifting brasile\u00f1o. En los \u00faltimos a\u00f1os, este tratamiento ha tenido mucho \u00e9xito. Varios famosos se han sometido a esta t\u00e9cnica quir\u00fargica. Cabe se\u00f1alar que este tratamiento ofrece resultados muy apreciables. Con los BBL, es posible<a href=\"https:\/\/www.medespoir.fr\/es\/crecimiento-de-gluteos\/\">tener unos gl\u00fateos bien formados<\/a>. El punto fuerte de este procedimiento es que ofrece un aspecto 100% natural. A diferencia de los tratamientos que pueden distorsionar el aspecto f\u00edsico, BBL ofrece un resultado natural.\n\t\t\t\t\t\t\t\t<\/div>\n\t\t\t\t<\/div>\n\t\t\t\t\t<\/div>\n\t\t<\/div>\n\t\t\t\t<div class=\"elementor-column elementor-col-33 elementor-top-column elementor-element elementor-element-2b7e84f\" data-id=\"2b7e84f\" data-element_type=\"column\" data-e-type=\"column\">\n\t\t\t<div class=\"elementor-widget-wrap elementor-element-populated\">\n\t\t\t\t\t\t<div class=\"elementor-element elementor-element-d500c33 elementor-widget elementor-widget-text-editor\" data-id=\"d500c33\" data-element_type=\"widget\" data-e-type=\"widget\" data-widget_type=\"text-editor.default\">\n\t\t\t\t<div class=\"elementor-widget-container\">\n\t\t\t\t\t\t\t\t\t<p><img decoding=\"async\" class=\"aligncenter\" src=\"https:\/\/www.medespoir.fr\/wp-content\/uploads\/2022\/07\/brazilian-butt-lift-bbl.jpg\" alt=\"bbl\"><\/p>\n\t\t\t\t\t\t\t\t<\/div>\n\t\t\t\t<\/div>\n\t\t\t\t\t<\/div>\n\t\t<\/div>\n\t\t\t\t\t<\/div>\n\t\t<\/section>\n\t\t\t\t<section class=\"elementor-section elementor-top-section elementor-element elementor-element-4f165e4 elementor-section-boxed elementor-section-height-default elementor-section-height-default\" data-id=\"4f165e4\" data-element_type=\"section\" data-e-type=\"section\" id=\"bg-devis-express\">\n\t\t\t\t\t\t<div class=\"elementor-container elementor-column-gap-default\">\n\t\t\t\t\t<div class=\"elementor-column elementor-col-100 elementor-top-column elementor-element elementor-element-a85b737\" data-id=\"a85b737\" data-element_type=\"column\" data-e-type=\"column\">\n\t\t\t<div class=\"elementor-widget-wrap elementor-element-populated\">\n\t\t\t\t\t\t<div class=\"elementor-element elementor-element-e5efe80 elementor-widget elementor-widget-text-editor\" data-id=\"e5efe80\" data-element_type=\"widget\" data-e-type=\"widget\" data-widget_type=\"text-editor.default\">\n\t\t\t\t<div class=\"elementor-widget-container\">\n\t\t\t\t\t\t\t\t\t<style>\r\n\tbody.home #main-form h2 {\r\n   display:none;\r\n}\r\n<\/style>\r\n<h2 style=\"text-align: center;font-weight: bold;\">Presupuesto r\u00e1pido gratuito<\/h2>\r\n<iframe src=\"https:\/\/app.metocrm.com\/web-forms\/e1cab5bd-ef56-4a37-aa71-4857d931f368\"  height=\"700px\" width=\"100%\"  frameborder=\"0\"><\/iframe>\t\t\t\t\t\t\t\t<\/div>\n\t\t\t\t<\/div>\n\t\t\t\t\t<\/div>\n\t\t<\/div>\n\t\t\t\t\t<\/div>\n\t\t<\/section>\n\t\t\t\t<section class=\"elementor-section elementor-top-section elementor-element elementor-element-3b3e6f8 elementor-section-boxed elementor-section-height-default elementor-section-height-default\" data-id=\"3b3e6f8\" data-element_type=\"section\" data-e-type=\"section\">\n\t\t\t\t\t\t<div class=\"elementor-container elementor-column-gap-default\">\n\t\t\t\t\t<div class=\"elementor-column elementor-col-100 elementor-top-column elementor-element elementor-element-e679b5b\" data-id=\"e679b5b\" data-element_type=\"column\" data-e-type=\"column\">\n\t\t\t<div class=\"elementor-widget-wrap elementor-element-populated\">\n\t\t\t\t\t\t<div class=\"elementor-element elementor-element-965f509 elementor-widget elementor-widget-text-editor\" data-id=\"965f509\" data-element_type=\"widget\" data-e-type=\"widget\" data-widget_type=\"text-editor.default\">\n\t\t\t\t<div class=\"elementor-widget-container\">\n\t\t\t\t\t\t\t\t\t<h2>\u00bfQui\u00e9n debe someterse a un lifting facial brasile\u00f1o?<\/h2>\nEl lifting brasile\u00f1o de gl\u00fateos es una operaci\u00f3n est\u00e9tica para cualquier mujer que desee tener unos gl\u00fateos bien formados. Sin embargo, hay que recordar que este tratamiento no puede realizarse en pacientes con <a href=\"https:\/\/www.medespoir.fr\/es\/sleeve\/\">sobrepeso<\/a>. Cabe recordar que algunas celebridades masculinas han confesado haber utilizado esta innovadora t\u00e9cnica. En la actualidad, tanto hombres como mujeres pueden someterse <strong>a una BBL<\/strong>.\n<h2>\u00bfC\u00f3mo se realiza el lifting facial brasile\u00f1o?<\/h2>\nAntes de someterse a<strong>un lifting facial brasile\u00f1o<\/strong>, es imprescindible someterse a un chequeo m\u00e9dico. Una vez que su cirujano haya verificado sus pruebas cl\u00ednicas, podr\u00e1 proceder a la operaci\u00f3n. De hecho, es un procedimiento muy sencillo. Sin embargo, esta \u00faltima requiere cierta competencia m\u00e9dica. Por lo tanto, debe informarse sobre su m\u00e9dico. El lifting brasile\u00f1o de gl\u00fateos se realiza bajo anestesia general y requiere 24 horas de hospitalizaci\u00f3n. En primer lugar, el m\u00e9dico realiza una liposucci\u00f3n para eliminar la grasa. A continuaci\u00f3n, se volver\u00e1 a inyectar en las zonas marcadas previamente en ambas nalgas. A continuaci\u00f3n se suturan las incisiones practicadas en las nalgas. Cabe se\u00f1alar que el lifting brasile\u00f1o est\u00e1 recomendado para personas con un peso estable.\t\t\t\t\t\t\t\t<\/div>\n\t\t\t\t<\/div>\n\t\t\t\t\t<\/div>\n\t\t<\/div>\n\t\t\t\t\t<\/div>\n\t\t<\/section>\n\t\t\t\t<section class=\"elementor-section elementor-top-section elementor-element elementor-element-869acde elementor-section-boxed elementor-section-height-default elementor-section-height-default\" data-id=\"869acde\" data-element_type=\"section\" data-e-type=\"section\">\n\t\t\t\t\t\t<div class=\"elementor-container elementor-column-gap-default\">\n\t\t\t\t\t<div class=\"elementor-column elementor-col-66 elementor-top-column elementor-element elementor-element-3012f64\" data-id=\"3012f64\" data-element_type=\"column\" data-e-type=\"column\">\n\t\t\t<div class=\"elementor-widget-wrap elementor-element-populated\">\n\t\t\t\t\t\t<div class=\"elementor-element elementor-element-d69bd03 elementor-widget elementor-widget-text-editor\" data-id=\"d69bd03\" data-element_type=\"widget\" data-e-type=\"widget\" data-widget_type=\"text-editor.default\">\n\t\t\t\t<div class=\"elementor-widget-container\">\n\t\t\t\t\t\t\t\t\t<h2>\u00bfCu\u00e1les son los resultados?<\/h2>\nEl lifting brasile\u00f1o de gl\u00fateos se ha convertido en uno de los tratamientos m\u00e1s utilizados en el campo de la cirug\u00eda est\u00e9tica. En efecto, el lifting facial brasile\u00f1o ofrece resultados sorprendentes. El resultado final puede apreciarse transcurridos dos meses desde la fecha de la operaci\u00f3n. Las nalgas adquieren una forma maravillosa y las cicatrices acaban por desaparecer. Cabe se\u00f1alar que los resultados tienen una apariencia del 100%.\t\t\t\t\t\t\t\t<\/div>\n\t\t\t\t<\/div>\n\t\t\t\t\t<\/div>\n\t\t<\/div>\n\t\t\t\t<div class=\"elementor-column elementor-col-33 elementor-top-column elementor-element elementor-element-fc6fb49\" data-id=\"fc6fb49\" data-element_type=\"column\" data-e-type=\"column\">\n\t\t\t<div class=\"elementor-widget-wrap elementor-element-populated\">\n\t\t\t\t\t\t<div class=\"elementor-element elementor-element-656a909 elementor-widget elementor-widget-text-editor\" data-id=\"656a909\" data-element_type=\"widget\" data-e-type=\"widget\" data-widget_type=\"text-editor.default\">\n\t\t\t\t<div class=\"elementor-widget-container\">\n\t\t\t\t\t\t\t\t\t<p><img fetchpriority=\"high\" decoding=\"async\" class=\"alignright wp-image-6600\" src=\"https:\/\/www.medespoir.fr\/wp-content\/uploads\/2021\/11\/lifting-bresilien-avant-apres.jpg\" alt=\"lifting facial brasile\u00f1o antes y despu\u00e9s\" width=\"550\" height=\"281\"><\/p>\n\t\t\t\t\t\t\t\t<\/div>\n\t\t\t\t<\/div>\n\t\t\t\t\t<\/div>\n\t\t<\/div>\n\t\t\t\t\t<\/div>\n\t\t<\/section>\n\t\t\t\t<section class=\"elementor-section elementor-top-section elementor-element elementor-element-5c00bab2 elementor-section-boxed elementor-section-height-default elementor-section-height-default\" data-id=\"5c00bab2\" data-element_type=\"section\" data-e-type=\"section\">\n\t\t\t\t\t\t<div class=\"elementor-container elementor-column-gap-default\">\n\t\t\t\t\t<div class=\"elementor-column elementor-col-100 elementor-top-column elementor-element elementor-element-31d7e8b9\" data-id=\"31d7e8b9\" data-element_type=\"column\" data-e-type=\"column\">\n\t\t\t<div class=\"elementor-widget-wrap elementor-element-populated\">\n\t\t\t\t\t\t<div class=\"elementor-element elementor-element-351d3c84 elementor-widget elementor-widget-text-editor\" data-id=\"351d3c84\" data-element_type=\"widget\" data-e-type=\"widget\" data-widget_type=\"text-editor.default\">\n\t\t\t\t<div class=\"elementor-widget-container\">\n\t\t\t\t\t\t\t\t\t\n<h2>\u00bfCu\u00e1les son los riesgos del lifting brasile\u00f1o de gl\u00fateos?<\/h2>\nComo la mayor\u00eda de las cirug\u00edas est\u00e9ticas, el lifting brasile\u00f1o de gl\u00fateos puede tener algunos riesgos postoperatorios como hemorragias, infecci\u00f3n, derrame linf\u00e1tico y dolor leve. Es imprescindible ponerse en contacto con su m\u00e9dico en caso de urgencia. Adem\u00e1s, hay que se\u00f1alar que la aparici\u00f3n de estos riesgos es, por lo general, muy poco frecuente. En caso de urgencia, debe ponerse en contacto con su m\u00e9dico.\n<h2>\u00bfQu\u00e9 ventajas tiene el lifting brasile\u00f1o de gl\u00fateos?<\/h2>\nEl lifting brasile\u00f1o de gl\u00fateos es una operaci\u00f3n est\u00e9tica que tiene muchas ventajas. De hecho, a diferencia de otros procedimientos quir\u00fargicos, el lifting facial brasile\u00f1o ofrece resultados concretos en s\u00f3lo 3 meses. Adem\u00e1s, el procedimiento es muy sencillo. La BBT est\u00e1 clasificada como una de las operaciones est\u00e9ticas menos complicadas. Adem\u00e1s, hay que recordar que el lifting brasile\u00f1o mejora toda la silueta tras la extracci\u00f3n de grasa que se reinyectar\u00e1 en los gl\u00fateos. Esto permite que las piezas de extracci\u00f3n se deshagan de los dep\u00f3sitos de grasa.\n<h2>\u00bfQu\u00e9 precauciones deben tomarse tras un lifting facial brasile\u00f1o?<\/h2>\nDespu\u00e9s de un Brazilian Butt, el paciente no podr\u00e1 sentarse durante los primeros d\u00edas despu\u00e9s de la operaci\u00f3n. En cuanto a las actividades deportivas, conviene recordar que \u00e9stas se tolerar\u00e1n al cabo de 3 meses. Despu\u00e9s de los tres primeros meses, el paciente puede volver gradualmente a su rutina diaria.\n<h2>\u00bfCu\u00e1nto cuesta un lifting brasile\u00f1o de gl\u00fateos?<\/h2>\nEl precio del lifting brasile\u00f1o de gl\u00fateos es un poco caro. Aunque se trata de un tratamiento sencillo, el coste de una operaci\u00f3n de este tipo es algo elevado. De hecho, el importe de una operaci\u00f3n de este tipo depende de la intervenci\u00f3n quir\u00fargica. Por lo general, el coste de un lifting facial brasile\u00f1o oscila entre 7.000 y 8.000 euros. Actualmente, en las redes sociales, este procedimiento de cirug\u00eda est\u00e9tica parece ser un gran \u00e9xito. Todas las celebridades que han utilizado esta t\u00e9cnica se han apresurado a compartir sus resultados. Y esto \u00faltimo parece ser impresionante.\t\t\t\t\t\t\t\t<\/div>\n\t\t\t\t<\/div>\n\t\t\t\t\t<\/div>\n\t\t<\/div>\n\t\t\t\t\t<\/div>\n\t\t<\/section>\n\t\t\t\t<section class=\"elementor-section elementor-top-section elementor-element elementor-element-7112cdf elementor-section-boxed elementor-section-height-default elementor-section-height-default\" data-id=\"7112cdf\" data-element_type=\"section\" data-e-type=\"section\">\n\t\t\t\t\t\t<div class=\"elementor-container elementor-column-gap-default\">\n\t\t\t\t\t<div class=\"elementor-column elementor-col-50 elementor-top-column elementor-element elementor-element-0e3b318\" data-id=\"0e3b318\" data-element_type=\"column\" data-e-type=\"column\">\n\t\t\t<div class=\"elementor-widget-wrap elementor-element-populated\">\n\t\t\t\t\t\t<div class=\"elementor-element elementor-element-fae56f0 elementor-widget elementor-widget-html\" data-id=\"fae56f0\" data-element_type=\"widget\" data-e-type=\"widget\" data-widget_type=\"html.default\">\n\t\t\t\t<div class=\"elementor-widget-container\">\n\t\t\t\t\t<a href=\"https:\/\/www.medespoir.fr\/es\/presupuesto\/\" class=\"main__btn blue\"><span>Presupuesto gratuito<\/span><\/a>\t\t\t\t<\/div>\n\t\t\t\t<\/div>\n\t\t\t\t\t<\/div>\n\t\t<\/div>\n\t\t\t\t<div class=\"elementor-column elementor-col-50 elementor-top-column elementor-element elementor-element-07931fe\" data-id=\"07931fe\" data-element_type=\"column\" data-e-type=\"column\">\n\t\t\t<div class=\"elementor-widget-wrap\">\n\t\t\t\t\t\t\t<\/div>\n\t\t<\/div>\n\t\t\t\t\t<\/div>\n\t\t<\/section>\n\t\t\t\t<\/div>\n\t\t","protected":false},"excerpt":{"rendered":"<p>El lifting brasile\u00f1o de gl\u00fateos es uno de los procedimientos est\u00e9ticos m\u00e1s populares. Esta t\u00e9cnica revolucionaria permite remodelar los gl\u00fateos. [&hellip;]<\/p>\n","protected":false},"author":1,"featured_media":20927,"parent":0,"menu_order":45,"comment_status":"closed","ping_status":"closed","template":"","meta":{"footnotes":""},"class_list":["post-24964","page","type-page","status-publish","has-post-thumbnail","hentry"],"yoast_head":"<!-- This site is optimized with the Yoast SEO plugin v27.4 - https:\/\/yoast.com\/product\/yoast-seo-wordpress\/ -->\n<title>BBL : Lifting brasile\u00f1o de gl\u00fateos<\/title>\n<meta name=\"description\" content=\"BBL, Brazilian Butt Lift : Aumento natural de gl\u00fateos a bajo coste con Medespoir Francia Aumento natural de gl\u00fateos a bajo coste con Medespoir Francia\" \/>\n<meta name=\"robots\" content=\"index, follow, max-snippet:-1, max-image-preview:large, max-video-preview:-1\" \/>\n<link rel=\"canonical\" href=\"https:\/\/www.medespoir.fr\/es\/bbl-lifting-gluteos-brasileno\/\" \/>\n<meta name=\"twitter:label1\" content=\"Tiempo de lectura\" \/>\n\t<meta name=\"twitter:data1\" content=\"5 minutos\" \/>\n<script type=\"application\/ld+json\" class=\"yoast-schema-graph\">{\"@context\":\"https:\\\/\\\/schema.org\",\"@graph\":[{\"@type\":\"WebPage\",\"@id\":\"https:\\\/\\\/www.medespoir.fr\\\/es\\\/bbl-lifting-gluteos-brasileno\\\/\",\"url\":\"https:\\\/\\\/www.medespoir.fr\\\/es\\\/bbl-lifting-gluteos-brasileno\\\/\",\"name\":\"BBL : Lifting brasile\u00f1o de gl\u00fateos\",\"isPartOf\":{\"@id\":\"https:\\\/\\\/www.medespoir.fr\\\/es\\\/#website\"},\"primaryImageOfPage\":{\"@id\":\"https:\\\/\\\/www.medespoir.fr\\\/es\\\/bbl-lifting-gluteos-brasileno\\\/#primaryimage\"},\"image\":{\"@id\":\"https:\\\/\\\/www.medespoir.fr\\\/es\\\/bbl-lifting-gluteos-brasileno\\\/#primaryimage\"},\"thumbnailUrl\":\"https:\\\/\\\/www.medespoir.fr\\\/wp-content\\\/uploads\\\/2021\\\/11\\\/header-corps.jpg\",\"datePublished\":\"2021-11-19T13:41:09+00:00\",\"dateModified\":\"2022-12-19T14:32:33+00:00\",\"description\":\"BBL, Brazilian Butt Lift : Aumento natural de gl\u00fateos a bajo coste con Medespoir Francia Aumento natural de gl\u00fateos a bajo coste con Medespoir Francia\",\"breadcrumb\":{\"@id\":\"https:\\\/\\\/www.medespoir.fr\\\/es\\\/bbl-lifting-gluteos-brasileno\\\/#breadcrumb\"},\"inLanguage\":\"es\",\"potentialAction\":[{\"@type\":\"ReadAction\",\"target\":[\"https:\\\/\\\/www.medespoir.fr\\\/es\\\/bbl-lifting-gluteos-brasileno\\\/\"]}]},{\"@type\":\"ImageObject\",\"inLanguage\":\"es\",\"@id\":\"https:\\\/\\\/www.medespoir.fr\\\/es\\\/bbl-lifting-gluteos-brasileno\\\/#primaryimage\",\"url\":\"https:\\\/\\\/www.medespoir.fr\\\/wp-content\\\/uploads\\\/2021\\\/11\\\/header-corps.jpg\",\"contentUrl\":\"https:\\\/\\\/www.medespoir.fr\\\/wp-content\\\/uploads\\\/2021\\\/11\\\/header-corps.jpg\",\"width\":1928,\"height\":479},{\"@type\":\"BreadcrumbList\",\"@id\":\"https:\\\/\\\/www.medespoir.fr\\\/es\\\/bbl-lifting-gluteos-brasileno\\\/#breadcrumb\",\"itemListElement\":[{\"@type\":\"ListItem\",\"position\":1,\"name\":\"Accueil\",\"item\":\"https:\\\/\\\/www.medespoir.fr\\\/es\\\/\"},{\"@type\":\"ListItem\",\"position\":2,\"name\":\"Todo lo que necesita saber sobre el lifting de gl\u00fateos brasile\u00f1o (BBL)\"}]},{\"@type\":\"WebSite\",\"@id\":\"https:\\\/\\\/www.medespoir.fr\\\/es\\\/#website\",\"url\":\"https:\\\/\\\/www.medespoir.fr\\\/es\\\/\",\"name\":\"Medespoir France\",\"description\":\"Chirurgie esthetique Tunisie\",\"publisher\":{\"@id\":\"https:\\\/\\\/www.medespoir.fr\\\/es\\\/#organization\"},\"potentialAction\":[{\"@type\":\"SearchAction\",\"target\":{\"@type\":\"EntryPoint\",\"urlTemplate\":\"https:\\\/\\\/www.medespoir.fr\\\/es\\\/?s={search_term_string}\"},\"query-input\":{\"@type\":\"PropertyValueSpecification\",\"valueRequired\":true,\"valueName\":\"search_term_string\"}}],\"inLanguage\":\"es\"},{\"@type\":\"Organization\",\"@id\":\"https:\\\/\\\/www.medespoir.fr\\\/es\\\/#organization\",\"name\":\"Medespoir France\",\"url\":\"https:\\\/\\\/www.medespoir.fr\\\/es\\\/\",\"logo\":{\"@type\":\"ImageObject\",\"inLanguage\":\"es\",\"@id\":\"https:\\\/\\\/www.medespoir.fr\\\/es\\\/#\\\/schema\\\/logo\\\/image\\\/\",\"url\":\"https:\\\/\\\/www.medespoir.fr\\\/wp-content\\\/uploads\\\/2021\\\/10\\\/cropped-logo__medespoirFR.png\",\"contentUrl\":\"https:\\\/\\\/www.medespoir.fr\\\/wp-content\\\/uploads\\\/2021\\\/10\\\/cropped-logo__medespoirFR.png\",\"width\":150,\"height\":62,\"caption\":\"Medespoir France\"},\"image\":{\"@id\":\"https:\\\/\\\/www.medespoir.fr\\\/es\\\/#\\\/schema\\\/logo\\\/image\\\/\"},\"sameAs\":[\"https:\\\/\\\/www.facebook.com\\\/MedEspoirFr\",\"https:\\\/\\\/x.com\\\/MedEspoirTN\"]}]}<\/script>\n<!-- \/ Yoast SEO plugin. -->","yoast_head_json":{"title":"BBL : Lifting brasile\u00f1o de gl\u00fateos","description":"BBL, Brazilian Butt Lift : Aumento natural de gl\u00fateos a bajo coste con Medespoir Francia Aumento natural de gl\u00fateos a bajo coste con Medespoir Francia","robots":{"index":"index","follow":"follow","max-snippet":"max-snippet:-1","max-image-preview":"max-image-preview:large","max-video-preview":"max-video-preview:-1"},"canonical":"https:\/\/www.medespoir.fr\/es\/bbl-lifting-gluteos-brasileno\/","twitter_misc":{"Tiempo de lectura":"5 minutos"},"schema":{"@context":"https:\/\/schema.org","@graph":[{"@type":"WebPage","@id":"https:\/\/www.medespoir.fr\/es\/bbl-lifting-gluteos-brasileno\/","url":"https:\/\/www.medespoir.fr\/es\/bbl-lifting-gluteos-brasileno\/","name":"BBL : Lifting brasile\u00f1o de gl\u00fateos","isPartOf":{"@id":"https:\/\/www.medespoir.fr\/es\/#website"},"primaryImageOfPage":{"@id":"https:\/\/www.medespoir.fr\/es\/bbl-lifting-gluteos-brasileno\/#primaryimage"},"image":{"@id":"https:\/\/www.medespoir.fr\/es\/bbl-lifting-gluteos-brasileno\/#primaryimage"},"thumbnailUrl":"https:\/\/www.medespoir.fr\/wp-content\/uploads\/2021\/11\/header-corps.jpg","datePublished":"2021-11-19T13:41:09+00:00","dateModified":"2022-12-19T14:32:33+00:00","description":"BBL, Brazilian Butt Lift : Aumento natural de gl\u00fateos a bajo coste con Medespoir Francia Aumento natural de gl\u00fateos a bajo coste con Medespoir Francia","breadcrumb":{"@id":"https:\/\/www.medespoir.fr\/es\/bbl-lifting-gluteos-brasileno\/#breadcrumb"},"inLanguage":"es","potentialAction":[{"@type":"ReadAction","target":["https:\/\/www.medespoir.fr\/es\/bbl-lifting-gluteos-brasileno\/"]}]},{"@type":"ImageObject","inLanguage":"es","@id":"https:\/\/www.medespoir.fr\/es\/bbl-lifting-gluteos-brasileno\/#primaryimage","url":"https:\/\/www.medespoir.fr\/wp-content\/uploads\/2021\/11\/header-corps.jpg","contentUrl":"https:\/\/www.medespoir.fr\/wp-content\/uploads\/2021\/11\/header-corps.jpg","width":1928,"height":479},{"@type":"BreadcrumbList","@id":"https:\/\/www.medespoir.fr\/es\/bbl-lifting-gluteos-brasileno\/#breadcrumb","itemListElement":[{"@type":"ListItem","position":1,"name":"Accueil","item":"https:\/\/www.medespoir.fr\/es\/"},{"@type":"ListItem","position":2,"name":"Todo lo que necesita saber sobre el lifting de gl\u00fateos brasile\u00f1o (BBL)"}]},{"@type":"WebSite","@id":"https:\/\/www.medespoir.fr\/es\/#website","url":"https:\/\/www.medespoir.fr\/es\/","name":"Medespoir France","description":"Chirurgie esthetique Tunisie","publisher":{"@id":"https:\/\/www.medespoir.fr\/es\/#organization"},"potentialAction":[{"@type":"SearchAction","target":{"@type":"EntryPoint","urlTemplate":"https:\/\/www.medespoir.fr\/es\/?s={search_term_string}"},"query-input":{"@type":"PropertyValueSpecification","valueRequired":true,"valueName":"search_term_string"}}],"inLanguage":"es"},{"@type":"Organization","@id":"https:\/\/www.medespoir.fr\/es\/#organization","name":"Medespoir France","url":"https:\/\/www.medespoir.fr\/es\/","logo":{"@type":"ImageObject","inLanguage":"es","@id":"https:\/\/www.medespoir.fr\/es\/#\/schema\/logo\/image\/","url":"https:\/\/www.medespoir.fr\/wp-content\/uploads\/2021\/10\/cropped-logo__medespoirFR.png","contentUrl":"https:\/\/www.medespoir.fr\/wp-content\/uploads\/2021\/10\/cropped-logo__medespoirFR.png","width":150,"height":62,"caption":"Medespoir France"},"image":{"@id":"https:\/\/www.medespoir.fr\/es\/#\/schema\/logo\/image\/"},"sameAs":["https:\/\/www.facebook.com\/MedEspoirFr","https:\/\/x.com\/MedEspoirTN"]}]}},"_links":{"self":[{"href":"https:\/\/www.medespoir.fr\/es\/wp-json\/wp\/v2\/pages\/24964","targetHints":{"allow":["GET"]}}],"collection":[{"href":"https:\/\/www.medespoir.fr\/es\/wp-json\/wp\/v2\/pages"}],"about":[{"href":"https:\/\/www.medespoir.fr\/es\/wp-json\/wp\/v2\/types\/page"}],"author":[{"embeddable":true,"href":"https:\/\/www.medespoir.fr\/es\/wp-json\/wp\/v2\/users\/1"}],"replies":[{"embeddable":true,"href":"https:\/\/www.medespoir.fr\/es\/wp-json\/wp\/v2\/comments?post=24964"}],"version-history":[{"count":0,"href":"https:\/\/www.medespoir.fr\/es\/wp-json\/wp\/v2\/pages\/24964\/revisions"}],"wp:featuredmedia":[{"embeddable":true,"href":"https:\/\/www.medespoir.fr\/es\/wp-json\/wp\/v2\/media\/20927"}],"wp:attachment":[{"href":"https:\/\/www.medespoir.fr\/es\/wp-json\/wp\/v2\/media?parent=24964"}],"curies":[{"name":"wp","href":"https:\/\/api.w.org\/{rel}","templated":true}]}}