{"id":24781,"date":"2019-11-15T09:11:31","date_gmt":"2019-11-15T08:11:31","guid":{"rendered":"https:\/\/www.medespoir.fr\/correccion-del-pezon-umbilical-tunez-pezones-invaginados\/"},"modified":"2022-12-19T15:24:40","modified_gmt":"2022-12-19T14:24:40","slug":"correccion-pezon-umbilical","status":"publish","type":"page","link":"https:\/\/www.medespoir.fr\/es\/correccion-pezon-umbilical\/","title":{"rendered":"Correcci\u00f3n del pez\u00f3n umbilical T\u00fanez : Pezones invaginados"},"content":{"rendered":"\t\t<div data-elementor-type=\"wp-page\" data-elementor-id=\"24781\" class=\"elementor elementor-24781\">\n\t\t\t\t\t\t<section class=\"elementor-section elementor-top-section elementor-element elementor-element-9d376eb elementor-section-boxed elementor-section-height-default elementor-section-height-default\" data-id=\"9d376eb\" data-element_type=\"section\" data-e-type=\"section\">\n\t\t\t\t\t\t<div class=\"elementor-container elementor-column-gap-default\">\n\t\t\t\t\t<div class=\"elementor-column elementor-col-66 elementor-top-column elementor-element elementor-element-31a4e29\" data-id=\"31a4e29\" data-element_type=\"column\" data-e-type=\"column\">\n\t\t\t<div class=\"elementor-widget-wrap elementor-element-populated\">\n\t\t\t\t\t\t<div class=\"elementor-element elementor-element-8d671a9 elementor-widget elementor-widget-text-editor\" data-id=\"8d671a9\" data-element_type=\"widget\" data-e-type=\"widget\" data-widget_type=\"text-editor.default\">\n\t\t\t\t<div class=\"elementor-widget-container\">\n\t\t\t\t\t\t\t\t\tLa presencia de <strong>pezones umbilicados<\/strong> o <strong>invaginados<\/strong> es muy a menudo cong\u00e9nita, debido a la cortedad de los conductos galact\u00f3foros (canales por los que fluye la leche durante la lactancia). Tambi\u00e9n puede ser consecuencia de una infecci\u00f3n (galactoforitis) o, en raras ocasiones, ser consecuencia de una <strong>intervenci\u00f3n quir\u00fargica en la mama<\/strong> como la <a href=\"https:\/\/www.medespoir.fr\/es\/mastopexia\/\">\n  <u>correcci\u00f3n de la ptosis mamaria<\/u>\n<\/a> (pechos ca\u00eddos) o hipertrofia mamaria (pechos grandes).\n\nSe cree que una de cada 10 mujeres presenta esta malformaci\u00f3n en una o ambas mamas.\t\t\t\t\t\t\t\t<\/div>\n\t\t\t\t<\/div>\n\t\t\t\t<div class=\"elementor-element elementor-element-0205a7d elementor-widget elementor-widget-text-editor\" data-id=\"0205a7d\" data-element_type=\"widget\" data-e-type=\"widget\" data-widget_type=\"text-editor.default\">\n\t\t\t\t<div class=\"elementor-widget-container\">\n\t\t\t\t\t\t\t\t\t<h2>Honorarios por correcci\u00f3n del pez\u00f3n umbilical<\/h2>\nEl <strong>precio de la correcci\u00f3n de pezones umbilicales<\/strong> en T\u00fanez se calcula en consulta seg\u00fan el tipo de correcci\u00f3n, uni o bilateral y el tipo de anestesia.\n\t\t\t\t\t\t\t\t<\/div>\n\t\t\t\t<\/div>\n\t\t\t\t\t<\/div>\n\t\t<\/div>\n\t\t\t\t<div class=\"elementor-column elementor-col-33 elementor-top-column elementor-element elementor-element-d84c20e\" data-id=\"d84c20e\" data-element_type=\"column\" data-e-type=\"column\">\n\t\t\t<div class=\"elementor-widget-wrap elementor-element-populated\">\n\t\t\t\t\t\t<div class=\"elementor-element elementor-element-c4e4180 elementor-widget elementor-widget-text-editor\" data-id=\"c4e4180\" data-element_type=\"widget\" data-e-type=\"widget\" data-widget_type=\"text-editor.default\">\n\t\t\t\t<div class=\"elementor-widget-container\">\n\t\t\t\t\t\t\t\t\t<p><img decoding=\"async\" class=\"alignright\" src=\"https:\/\/www.medespoir.fr\/wp-content\/uploads\/2021\/11\/correction-mamelon-ombiliques-tunisie.jpg\" alt=\"Correcci\u00f3n del pez\u00f3n umbilical T\u00fanez\"><\/p>\n\t\t\t\t\t\t\t\t<\/div>\n\t\t\t\t<\/div>\n\t\t\t\t\t<\/div>\n\t\t<\/div>\n\t\t\t\t\t<\/div>\n\t\t<\/section>\n\t\t\t\t<section class=\"elementor-section elementor-top-section elementor-element elementor-element-23ab173 elementor-section-boxed elementor-section-height-default elementor-section-height-default\" data-id=\"23ab173\" data-element_type=\"section\" data-e-type=\"section\" id=\"bg-devis-express\">\n\t\t\t\t\t\t<div class=\"elementor-container elementor-column-gap-default\">\n\t\t\t\t\t<div class=\"elementor-column elementor-col-100 elementor-top-column elementor-element elementor-element-c63a405\" data-id=\"c63a405\" data-element_type=\"column\" data-e-type=\"column\">\n\t\t\t<div class=\"elementor-widget-wrap elementor-element-populated\">\n\t\t\t\t\t\t<div class=\"elementor-element elementor-element-437f354 elementor-widget elementor-widget-text-editor\" data-id=\"437f354\" data-element_type=\"widget\" data-e-type=\"widget\" data-widget_type=\"text-editor.default\">\n\t\t\t\t<div class=\"elementor-widget-container\">\n\t\t\t\t\t\t\t\t\t<style>\r\n\tbody.home #main-form h2 {\r\n   display:none;\r\n}\r\n<\/style>\r\n<h2 style=\"text-align: center;font-weight: bold;\">Presupuesto r\u00e1pido gratuito<\/h2>\r\n<iframe src=\"https:\/\/app.metocrm.com\/web-forms\/e1cab5bd-ef56-4a37-aa71-4857d931f368\"  height=\"700px\" width=\"100%\"  frameborder=\"0\"><\/iframe>\t\t\t\t\t\t\t\t<\/div>\n\t\t\t\t<\/div>\n\t\t\t\t\t<\/div>\n\t\t<\/div>\n\t\t\t\t\t<\/div>\n\t\t<\/section>\n\t\t\t\t<section class=\"elementor-section elementor-top-section elementor-element elementor-element-8e76aae elementor-section-boxed elementor-section-height-default elementor-section-height-default\" data-id=\"8e76aae\" data-element_type=\"section\" data-e-type=\"section\">\n\t\t\t\t\t\t<div class=\"elementor-container elementor-column-gap-default\">\n\t\t\t\t\t<div class=\"elementor-column elementor-col-100 elementor-top-column elementor-element elementor-element-cea0e87\" data-id=\"cea0e87\" data-element_type=\"column\" data-e-type=\"column\">\n\t\t\t<div class=\"elementor-widget-wrap elementor-element-populated\">\n\t\t\t\t\t\t<div class=\"elementor-element elementor-element-88b5543 elementor-widget elementor-widget-text-editor\" data-id=\"88b5543\" data-element_type=\"widget\" data-e-type=\"widget\" data-widget_type=\"text-editor.default\">\n\t\t\t\t<div class=\"elementor-widget-container\">\n\t\t\t\t\t\t\t\t\t<h2>Principio de correcci\u00f3n del pez\u00f3n umbilical en T\u00fanez<\/h2>\nLos pezones umbilicales, tambi\u00e9n llamados <strong>pezones invaginados<\/strong>, afectan a una o ambas mamas.\n\nEsta deformidad mamaria se traduce en la ausencia visual de pezones o en una presencia muy leve de los mismos. Esto se debe a que los pezones est\u00e1n ahora dentro del pecho en lugar de sobresalir hacia fuera.\n\nLos pezones umbilicales pueden ser incapacitantes para la lactancia materna o el estado psicol\u00f3gico de las mujeres afectadas por esta malformaci\u00f3n, la intervenci\u00f3n de la <strong>correcci\u00f3n de pezones umbilicales T\u00fanez<\/strong> puede corregir la apariencia sacando el pez\u00f3n al exterior.\t\t\t\t\t\t\t\t<\/div>\n\t\t\t\t<\/div>\n\t\t\t\t\t<\/div>\n\t\t<\/div>\n\t\t\t\t\t<\/div>\n\t\t<\/section>\n\t\t\t\t<section class=\"elementor-section elementor-top-section elementor-element elementor-element-3bb681ec elementor-section-boxed elementor-section-height-default elementor-section-height-default\" data-id=\"3bb681ec\" data-element_type=\"section\" data-e-type=\"section\">\n\t\t\t\t\t\t<div class=\"elementor-container elementor-column-gap-default\">\n\t\t\t\t\t<div class=\"elementor-column elementor-col-100 elementor-top-column elementor-element elementor-element-43489609\" data-id=\"43489609\" data-element_type=\"column\" data-e-type=\"column\">\n\t\t\t<div class=\"elementor-widget-wrap elementor-element-populated\">\n\t\t\t\t\t\t<div class=\"elementor-element elementor-element-511a2748 elementor-widget elementor-widget-text-editor\" data-id=\"511a2748\" data-element_type=\"widget\" data-e-type=\"widget\" data-widget_type=\"text-editor.default\">\n\t\t\t\t<div class=\"elementor-widget-container\">\n\t\t\t\t\t\t\t\t\t<h2>Antes del procedimiento de correcci\u00f3n del pez\u00f3n umbilical<\/h2>\nAntes de la operaci\u00f3n, las consultas m\u00e9dicas son necesarias para establecer sus necesidades y conocer las recomendaciones de su cirujano pl\u00e1stico.\n\nDurante estas consultas, se realiza un chequeo preoperatorio y ex\u00e1menes m\u00e9dicos, como una mamograf\u00eda, para analizar su situaci\u00f3n m\u00e9dica y la zona a tratar.\n\nOtra cita con su anestesista le permitir\u00e1 evaluar los distintos tipos de anestesia disponibles para la correcci\u00f3n del pez\u00f3n umbilical y cu\u00e1l es la m\u00e1s adecuada para usted.\n<h2>El procedimiento de correcci\u00f3n del pez\u00f3n umbilical<\/h2>\n<strong>El procedimiento para la correcci\u00f3n de los pezones umbilicales<\/strong> dura menos de 30 minutos. Por tanto, basta con una hospitalizaci\u00f3n de un d\u00eda (hospitalizaci\u00f3n ambulatoria).\n\nLa intervenci\u00f3n del pez\u00f3n umbilical suele realizarse con anestesia local, inyectando un producto para adormecer la mama o mamas.\n\nEl procedimiento para la correcci\u00f3n de los pezones umbilicales consiste en cortar los conductos galact\u00f3foros, que impiden la salida del pez\u00f3n, practicando incisiones muy peque\u00f1as (unos pocos mil\u00edmetros) en el pez\u00f3n.\n\n\u00c9sta se libera y, finalmente, se exterioriza.\n\nEs posible que sea necesario dar algunos puntos de sutura para mantener el pez\u00f3n o pezones corregidos en su sitio. Se caen espont\u00e1neamente en los d\u00edas siguientes a la operaci\u00f3n.\n\n<figure id=\"attachment_4285\" aria-describedby=\"caption-attachment-4285\" style=\"width: 512px\" class=\"wp-caption aligncenter\"><img fetchpriority=\"high\" decoding=\"async\" class=\" size-full\" src=\"https:\/\/www.medespoir.fr\/wp-content\/uploads\/2019\/11\/mamelon-ombelique-tunisie.png\" alt=\"{%ALT_TEXT%}\" width=\"512\" height=\"309\"><figcaption id=\"caption-attachment-4285\" class=\"wp-caption-text\"><strong>Correcci\u00f3n del pez\u00f3n umbilical en T\u00fanez<\/strong><\/figcaption><\/figure>\n<h2>Despu\u00e9s del procedimiento de correcci\u00f3n del pez\u00f3n invaginado<\/h2>\nCuando salga del quir\u00f3fano, se le administrar\u00e1n analg\u00e9sicos para aliviar el ligero dolor y se le colocar\u00e1 un vendaje en el pecho para mantener la zona de la operaci\u00f3n lo mejor posible.\n<ul class=\"liste-style\">\n \t<li>Cualquier hinchaz\u00f3n o hematoma en la zona tratada desaparecer\u00e1 unas semanas despu\u00e9s de finalizar la intervenci\u00f3n del pez\u00f3n umbilical, al igual que las cicatrices, que ya son muy discretas.<\/li>\n \t<li>Precauciones tras la cirug\u00eda de correcci\u00f3n del pez\u00f3n umbilical:<\/li>\n \t<li>En funci\u00f3n de su actividad profesional, es aconsejable dejar de trabajar de uno a tres d\u00edas<\/li>\n \t<li>La semana siguiente a la intervenci\u00f3n de correcci\u00f3n del pez\u00f3n umbilical, es importante evitar cualquier esfuerzo muscular importante, como cargar objetos pesados, hacer deporte o incluso conducir (coche, moto, bicicleta).<\/li>\n \t<li>Se recomienda encarecidamente dejar de fumar para evitar complicaciones relacionadas con la cicatrizaci\u00f3n.<\/li>\n<\/ul>\n<h2>Resultados de la correcci\u00f3n del pez\u00f3n umbilical<\/h2>\nLos resultados son visibles y definitivos tras el procedimiento de correcci\u00f3n del pez\u00f3n umbilical. Sin embargo, es necesario esperar de 2 a 3 meses despu\u00e9s de la operaci\u00f3n para obtener el resultado final (madurez de la cicatriz).\n\nEs importante saber que la correcci\u00f3n de los pezones invaginados puede interferir en la futura lactancia.\n<h2>Riesgos y complicaciones de la correcci\u00f3n del pez\u00f3n umbilical<\/h2>\nA pesar de la rareza de las complicaciones, hay que tener en cuenta los riesgos m\u00e1s comunes de la correcci\u00f3n del pez\u00f3n umbilical o invaginado:\n<ul class=\"liste-style\">\n \t<li>Aparici\u00f3n de grandes hematomas<\/li>\n \t<li>Riesgo de infecci\u00f3n tras la cirug\u00eda del pez\u00f3n umbilical<\/li>\n \t<li>Desarrollo deficiente de la cicatriz<\/li>\n \t<li>Disminuci\u00f3n temporal de la sensibilidad del pez\u00f3n<\/li>\n<\/ul>\nTodas estas complicaciones asociadas al procedimiento de correcci\u00f3n del pez\u00f3n umbilical pueden corregirse repitiendo el procedimiento si es necesario.\t\t\t\t\t\t\t\t<\/div>\n\t\t\t\t<\/div>\n\t\t\t\t\t<\/div>\n\t\t<\/div>\n\t\t\t\t\t<\/div>\n\t\t<\/section>\n\t\t\t\t<section class=\"elementor-section elementor-top-section elementor-element elementor-element-744e1dc elementor-section-boxed elementor-section-height-default elementor-section-height-default\" data-id=\"744e1dc\" data-element_type=\"section\" data-e-type=\"section\">\n\t\t\t\t\t\t<div class=\"elementor-container elementor-column-gap-default\">\n\t\t\t\t\t<div class=\"elementor-column elementor-col-50 elementor-top-column elementor-element elementor-element-3a88d0c\" data-id=\"3a88d0c\" data-element_type=\"column\" data-e-type=\"column\">\n\t\t\t<div class=\"elementor-widget-wrap elementor-element-populated\">\n\t\t\t\t\t\t<div class=\"elementor-element elementor-element-59c54e2 elementor-widget elementor-widget-html\" data-id=\"59c54e2\" data-element_type=\"widget\" data-e-type=\"widget\" data-widget_type=\"html.default\">\n\t\t\t\t<div class=\"elementor-widget-container\">\n\t\t\t\t\t<a href=\"https:\/\/www.medespoir.fr\/es\/presupuesto\/\" class=\"main__btn blue\"><span>Presupuesto gratuito<\/span><\/a>\t\t\t\t<\/div>\n\t\t\t\t<\/div>\n\t\t\t\t\t<\/div>\n\t\t<\/div>\n\t\t\t\t<div class=\"elementor-column elementor-col-50 elementor-top-column elementor-element elementor-element-3e7fa8b\" data-id=\"3e7fa8b\" data-element_type=\"column\" data-e-type=\"column\">\n\t\t\t<div class=\"elementor-widget-wrap\">\n\t\t\t\t\t\t\t<\/div>\n\t\t<\/div>\n\t\t\t\t\t<\/div>\n\t\t<\/section>\n\t\t\t\t<\/div>\n\t\t","protected":false},"excerpt":{"rendered":"<p>La presencia de pezones umbilicados o invaginados es muy a menudo cong\u00e9nita, debido a la cortedad de los conductos galact\u00f3foros [&hellip;]<\/p>\n","protected":false},"author":2,"featured_media":20844,"parent":0,"menu_order":33,"comment_status":"closed","ping_status":"closed","template":"","meta":{"footnotes":""},"class_list":["post-24781","page","type-page","status-publish","has-post-thumbnail","hentry"],"yoast_head":"<!-- This site is optimized with the Yoast SEO plugin v27.5 - https:\/\/yoast.com\/product\/yoast-seo-wordpress\/ -->\n<title>Correcci\u00f3n del pez\u00f3n umbilical T\u00fanez : Pezones umbilicales invaginados<\/title>\n<meta name=\"description\" content=\"Correcci\u00f3n de pezones umbilicales en T\u00fanez, Todo lo que necesitas saber sobre la cirug\u00eda de pezones invertidos, cirug\u00eda mamaria para corregir pezones invertidos.\" \/>\n<meta name=\"robots\" content=\"index, follow, max-snippet:-1, max-image-preview:large, max-video-preview:-1\" \/>\n<link rel=\"canonical\" href=\"https:\/\/www.medespoir.fr\/es\/correccion-pezon-umbilical\/\" \/>\n<meta name=\"twitter:label1\" content=\"Tiempo de lectura\" \/>\n\t<meta name=\"twitter:data1\" content=\"4 minutos\" \/>\n<script type=\"application\/ld+json\" class=\"yoast-schema-graph\">{\"@context\":\"https:\\\/\\\/schema.org\",\"@graph\":[{\"@type\":\"WebPage\",\"@id\":\"https:\\\/\\\/www.medespoir.fr\\\/es\\\/correccion-pezon-umbilical\\\/\",\"url\":\"https:\\\/\\\/www.medespoir.fr\\\/es\\\/correccion-pezon-umbilical\\\/\",\"name\":\"Correcci\u00f3n del pez\u00f3n umbilical T\u00fanez : Pezones umbilicales invaginados\",\"isPartOf\":{\"@id\":\"https:\\\/\\\/www.medespoir.fr\\\/es\\\/#website\"},\"primaryImageOfPage\":{\"@id\":\"https:\\\/\\\/www.medespoir.fr\\\/es\\\/correccion-pezon-umbilical\\\/#primaryimage\"},\"image\":{\"@id\":\"https:\\\/\\\/www.medespoir.fr\\\/es\\\/correccion-pezon-umbilical\\\/#primaryimage\"},\"thumbnailUrl\":\"https:\\\/\\\/www.medespoir.fr\\\/wp-content\\\/uploads\\\/2021\\\/11\\\/header-mammaire.jpg\",\"datePublished\":\"2019-11-15T08:11:31+00:00\",\"dateModified\":\"2022-12-19T14:24:40+00:00\",\"description\":\"Correcci\u00f3n de pezones umbilicales en T\u00fanez, Todo lo que necesitas saber sobre la cirug\u00eda de pezones invertidos, cirug\u00eda mamaria para corregir pezones invertidos.\",\"breadcrumb\":{\"@id\":\"https:\\\/\\\/www.medespoir.fr\\\/es\\\/correccion-pezon-umbilical\\\/#breadcrumb\"},\"inLanguage\":\"es\",\"potentialAction\":[{\"@type\":\"ReadAction\",\"target\":[\"https:\\\/\\\/www.medespoir.fr\\\/es\\\/correccion-pezon-umbilical\\\/\"]}]},{\"@type\":\"ImageObject\",\"inLanguage\":\"es\",\"@id\":\"https:\\\/\\\/www.medespoir.fr\\\/es\\\/correccion-pezon-umbilical\\\/#primaryimage\",\"url\":\"https:\\\/\\\/www.medespoir.fr\\\/wp-content\\\/uploads\\\/2021\\\/11\\\/header-mammaire.jpg\",\"contentUrl\":\"https:\\\/\\\/www.medespoir.fr\\\/wp-content\\\/uploads\\\/2021\\\/11\\\/header-mammaire.jpg\",\"width\":1928,\"height\":479},{\"@type\":\"BreadcrumbList\",\"@id\":\"https:\\\/\\\/www.medespoir.fr\\\/es\\\/correccion-pezon-umbilical\\\/#breadcrumb\",\"itemListElement\":[{\"@type\":\"ListItem\",\"position\":1,\"name\":\"Accueil\",\"item\":\"https:\\\/\\\/www.medespoir.fr\\\/es\\\/\"},{\"@type\":\"ListItem\",\"position\":2,\"name\":\"Correcci\u00f3n del pez\u00f3n umbilical T\u00fanez : Pezones invaginados\"}]},{\"@type\":\"WebSite\",\"@id\":\"https:\\\/\\\/www.medespoir.fr\\\/es\\\/#website\",\"url\":\"https:\\\/\\\/www.medespoir.fr\\\/es\\\/\",\"name\":\"Medespoir France\",\"description\":\"Chirurgie esthetique Tunisie\",\"publisher\":{\"@id\":\"https:\\\/\\\/www.medespoir.fr\\\/es\\\/#organization\"},\"potentialAction\":[{\"@type\":\"SearchAction\",\"target\":{\"@type\":\"EntryPoint\",\"urlTemplate\":\"https:\\\/\\\/www.medespoir.fr\\\/es\\\/?s={search_term_string}\"},\"query-input\":{\"@type\":\"PropertyValueSpecification\",\"valueRequired\":true,\"valueName\":\"search_term_string\"}}],\"inLanguage\":\"es\"},{\"@type\":\"Organization\",\"@id\":\"https:\\\/\\\/www.medespoir.fr\\\/es\\\/#organization\",\"name\":\"Medespoir France\",\"url\":\"https:\\\/\\\/www.medespoir.fr\\\/es\\\/\",\"logo\":{\"@type\":\"ImageObject\",\"inLanguage\":\"es\",\"@id\":\"https:\\\/\\\/www.medespoir.fr\\\/es\\\/#\\\/schema\\\/logo\\\/image\\\/\",\"url\":\"https:\\\/\\\/www.medespoir.fr\\\/wp-content\\\/uploads\\\/2021\\\/10\\\/cropped-logo__medespoirFR.png\",\"contentUrl\":\"https:\\\/\\\/www.medespoir.fr\\\/wp-content\\\/uploads\\\/2021\\\/10\\\/cropped-logo__medespoirFR.png\",\"width\":150,\"height\":62,\"caption\":\"Medespoir France\"},\"image\":{\"@id\":\"https:\\\/\\\/www.medespoir.fr\\\/es\\\/#\\\/schema\\\/logo\\\/image\\\/\"},\"sameAs\":[\"https:\\\/\\\/www.facebook.com\\\/MedEspoirFr\",\"https:\\\/\\\/x.com\\\/MedEspoirTN\"]}]}<\/script>\n<!-- \/ Yoast SEO plugin. -->","yoast_head_json":{"title":"Correcci\u00f3n del pez\u00f3n umbilical T\u00fanez : Pezones umbilicales invaginados","description":"Correcci\u00f3n de pezones umbilicales en T\u00fanez, Todo lo que necesitas saber sobre la cirug\u00eda de pezones invertidos, cirug\u00eda mamaria para corregir pezones invertidos.","robots":{"index":"index","follow":"follow","max-snippet":"max-snippet:-1","max-image-preview":"max-image-preview:large","max-video-preview":"max-video-preview:-1"},"canonical":"https:\/\/www.medespoir.fr\/es\/correccion-pezon-umbilical\/","twitter_misc":{"Tiempo de lectura":"4 minutos"},"schema":{"@context":"https:\/\/schema.org","@graph":[{"@type":"WebPage","@id":"https:\/\/www.medespoir.fr\/es\/correccion-pezon-umbilical\/","url":"https:\/\/www.medespoir.fr\/es\/correccion-pezon-umbilical\/","name":"Correcci\u00f3n del pez\u00f3n umbilical T\u00fanez : Pezones umbilicales invaginados","isPartOf":{"@id":"https:\/\/www.medespoir.fr\/es\/#website"},"primaryImageOfPage":{"@id":"https:\/\/www.medespoir.fr\/es\/correccion-pezon-umbilical\/#primaryimage"},"image":{"@id":"https:\/\/www.medespoir.fr\/es\/correccion-pezon-umbilical\/#primaryimage"},"thumbnailUrl":"https:\/\/www.medespoir.fr\/wp-content\/uploads\/2021\/11\/header-mammaire.jpg","datePublished":"2019-11-15T08:11:31+00:00","dateModified":"2022-12-19T14:24:40+00:00","description":"Correcci\u00f3n de pezones umbilicales en T\u00fanez, Todo lo que necesitas saber sobre la cirug\u00eda de pezones invertidos, cirug\u00eda mamaria para corregir pezones invertidos.","breadcrumb":{"@id":"https:\/\/www.medespoir.fr\/es\/correccion-pezon-umbilical\/#breadcrumb"},"inLanguage":"es","potentialAction":[{"@type":"ReadAction","target":["https:\/\/www.medespoir.fr\/es\/correccion-pezon-umbilical\/"]}]},{"@type":"ImageObject","inLanguage":"es","@id":"https:\/\/www.medespoir.fr\/es\/correccion-pezon-umbilical\/#primaryimage","url":"https:\/\/www.medespoir.fr\/wp-content\/uploads\/2021\/11\/header-mammaire.jpg","contentUrl":"https:\/\/www.medespoir.fr\/wp-content\/uploads\/2021\/11\/header-mammaire.jpg","width":1928,"height":479},{"@type":"BreadcrumbList","@id":"https:\/\/www.medespoir.fr\/es\/correccion-pezon-umbilical\/#breadcrumb","itemListElement":[{"@type":"ListItem","position":1,"name":"Accueil","item":"https:\/\/www.medespoir.fr\/es\/"},{"@type":"ListItem","position":2,"name":"Correcci\u00f3n del pez\u00f3n umbilical T\u00fanez : Pezones invaginados"}]},{"@type":"WebSite","@id":"https:\/\/www.medespoir.fr\/es\/#website","url":"https:\/\/www.medespoir.fr\/es\/","name":"Medespoir France","description":"Chirurgie esthetique Tunisie","publisher":{"@id":"https:\/\/www.medespoir.fr\/es\/#organization"},"potentialAction":[{"@type":"SearchAction","target":{"@type":"EntryPoint","urlTemplate":"https:\/\/www.medespoir.fr\/es\/?s={search_term_string}"},"query-input":{"@type":"PropertyValueSpecification","valueRequired":true,"valueName":"search_term_string"}}],"inLanguage":"es"},{"@type":"Organization","@id":"https:\/\/www.medespoir.fr\/es\/#organization","name":"Medespoir France","url":"https:\/\/www.medespoir.fr\/es\/","logo":{"@type":"ImageObject","inLanguage":"es","@id":"https:\/\/www.medespoir.fr\/es\/#\/schema\/logo\/image\/","url":"https:\/\/www.medespoir.fr\/wp-content\/uploads\/2021\/10\/cropped-logo__medespoirFR.png","contentUrl":"https:\/\/www.medespoir.fr\/wp-content\/uploads\/2021\/10\/cropped-logo__medespoirFR.png","width":150,"height":62,"caption":"Medespoir France"},"image":{"@id":"https:\/\/www.medespoir.fr\/es\/#\/schema\/logo\/image\/"},"sameAs":["https:\/\/www.facebook.com\/MedEspoirFr","https:\/\/x.com\/MedEspoirTN"]}]}},"_links":{"self":[{"href":"https:\/\/www.medespoir.fr\/es\/wp-json\/wp\/v2\/pages\/24781","targetHints":{"allow":["GET"]}}],"collection":[{"href":"https:\/\/www.medespoir.fr\/es\/wp-json\/wp\/v2\/pages"}],"about":[{"href":"https:\/\/www.medespoir.fr\/es\/wp-json\/wp\/v2\/types\/page"}],"author":[{"embeddable":true,"href":"https:\/\/www.medespoir.fr\/es\/wp-json\/wp\/v2\/users\/2"}],"replies":[{"embeddable":true,"href":"https:\/\/www.medespoir.fr\/es\/wp-json\/wp\/v2\/comments?post=24781"}],"version-history":[{"count":0,"href":"https:\/\/www.medespoir.fr\/es\/wp-json\/wp\/v2\/pages\/24781\/revisions"}],"wp:featuredmedia":[{"embeddable":true,"href":"https:\/\/www.medespoir.fr\/es\/wp-json\/wp\/v2\/media\/20844"}],"wp:attachment":[{"href":"https:\/\/www.medespoir.fr\/es\/wp-json\/wp\/v2\/media?parent=24781"}],"curies":[{"name":"wp","href":"https:\/\/api.w.org\/{rel}","templated":true}]}}