{"id":24455,"date":"2020-02-18T11:02:07","date_gmt":"2020-02-18T10:02:07","guid":{"rendered":"https:\/\/www.medespoir.fr\/bichectomie-tunisie-reduction-des-boules-de-bichat\/"},"modified":"2022-12-19T16:13:58","modified_gmt":"2022-12-19T15:13:58","slug":"bichectomia","status":"publish","type":"page","link":"https:\/\/www.medespoir.fr\/es\/bichectomia\/","title":{"rendered":"Bichectom\u00eda T\u00fanez: reducci\u00f3n de las bolas de bichat"},"content":{"rendered":"\t\t<div data-elementor-type=\"wp-page\" data-elementor-id=\"24455\" class=\"elementor elementor-24455\">\n\t\t\t\t\t\t<section class=\"elementor-section elementor-top-section elementor-element elementor-element-6772e76 elementor-section-boxed elementor-section-height-default elementor-section-height-default\" data-id=\"6772e76\" data-element_type=\"section\" data-e-type=\"section\">\n\t\t\t\t\t\t<div class=\"elementor-container elementor-column-gap-default\">\n\t\t\t\t\t<div class=\"elementor-column elementor-col-66 elementor-top-column elementor-element elementor-element-075dfdf\" data-id=\"075dfdf\" data-element_type=\"column\" data-e-type=\"column\">\n\t\t\t<div class=\"elementor-widget-wrap elementor-element-populated\">\n\t\t\t\t\t\t<div class=\"elementor-element elementor-element-eac9934 elementor-widget elementor-widget-text-editor\" data-id=\"eac9934\" data-element_type=\"widget\" data-e-type=\"widget\" data-widget_type=\"text-editor.default\">\n\t\t\t\t<div class=\"elementor-widget-container\">\n\t\t\t\t\t\t\t\t\tLa <strong>bichectom\u00eda T\u00fanez<\/strong> o <strong>cirug\u00eda de las bolas de bichat<\/strong> es una <strong>cirug\u00eda est\u00e9tica de la cara<\/strong> que consiste en una <strong>extirpaci\u00f3n de la acumulaci\u00f3n grasa situada a nivel de las mejillas<\/strong>.\n\nCuando el tama\u00f1o y la forma de las <strong>mejillas<\/strong> son desproporcionados con respecto a la figura, puede resultar embarazoso para muchas personas.\n\nAs\u00ed, tener un <strong>rostro bien<\/strong> definido es una aspiraci\u00f3n para muchas personas, hombres y mujeres, con grandes p\u00f3mulos.\n\n <strong>La bichectom\u00eda<\/strong> es un procedimiento de cirug\u00eda est\u00e9tica facial que ha ganado popularidad debido a su eficacia para <strong>reducir la grasa de la boca<\/strong>.\n\nLa reducci\u00f3n de las almohadillas de grasa bucal<a href=\"https:\/\/www.medespoir.fr\/es\/liposuccion\/\">(eliminaci\u00f3n de la masa grasa de la boca<\/a>) se recomienda a las personas que, a pesar de hacer dieta y ejercicio, siguen teniendo las mejillas regordetas.\n\nSi usted es un adulto sano y desea tener un rostro con un contorno bien definido y armonioso, <strong>opte por una bichectom\u00eda en T\u00fanez<\/strong> para hacer realidad su deseo.\t\t\t\t\t\t\t\t<\/div>\n\t\t\t\t<\/div>\n\t\t\t\t\t<\/div>\n\t\t<\/div>\n\t\t\t\t<div class=\"elementor-column elementor-col-33 elementor-top-column elementor-element elementor-element-94b0d1e\" data-id=\"94b0d1e\" data-element_type=\"column\" data-e-type=\"column\">\n\t\t\t<div class=\"elementor-widget-wrap elementor-element-populated\">\n\t\t\t\t\t\t<div class=\"elementor-element elementor-element-4be5999 elementor-widget elementor-widget-text-editor\" data-id=\"4be5999\" data-element_type=\"widget\" data-e-type=\"widget\" id=\"margin__btm\" data-widget_type=\"text-editor.default\">\n\t\t\t\t<div class=\"elementor-widget-container\">\n\t\t\t\t\t\t\t\t\t<p><img decoding=\"async\" class=\"aligncenter\" src=\"https:\/\/www.medespoir.fr\/wp-content\/uploads\/2021\/11\/bichectomie-Tunisiejpg.jpg\" alt=\"bichectom\u00eda T\u00fanez\"><\/p>\n\t\t\t\t\t\t\t\t<\/div>\n\t\t\t\t<\/div>\n\t\t\t\t\t<\/div>\n\t\t<\/div>\n\t\t\t\t\t<\/div>\n\t\t<\/section>\n\t\t\t\t<section class=\"elementor-section elementor-top-section elementor-element elementor-element-af65601 elementor-section-boxed elementor-section-height-default elementor-section-height-default\" data-id=\"af65601\" data-element_type=\"section\" data-e-type=\"section\">\n\t\t\t\t\t\t<div class=\"elementor-container elementor-column-gap-default\">\n\t\t\t\t\t<div class=\"elementor-column elementor-col-100 elementor-top-column elementor-element elementor-element-85fffcc\" data-id=\"85fffcc\" data-element_type=\"column\" data-e-type=\"column\">\n\t\t\t<div class=\"elementor-widget-wrap elementor-element-populated\">\n\t\t\t\t\t\t<div class=\"elementor-element elementor-element-703b186 elementor-widget elementor-widget-text-editor\" data-id=\"703b186\" data-element_type=\"widget\" data-e-type=\"widget\" data-widget_type=\"text-editor.default\">\n\t\t\t\t<div class=\"elementor-widget-container\">\n\t\t\t\t\t\t\t\t\t<h2>Precio de una bichectom\u00eda en T\u00fanez<\/h2>\nPuede someterse a una <strong>operaci\u00f3n de p\u00f3mulos redondos en T\u00fanez<\/strong> para<strong>tener un rostro m\u00e1s est\u00e9tico<\/strong>, y a un precio m\u00e1s barato que el que se ofrece en la mayor\u00eda de los pa\u00edses europeos.\n\nLa bichectom\u00eda es cada vez m\u00e1s una de las <strong>cirug\u00edas<\/strong> m\u00e1s solicitadas en T\u00fanez. Por ello, nuestra <strong>cl\u00ednica Medespoir<\/strong> ofrece a sus pacientes que desean <strong>eliminar la grasa de sus mejillas<\/strong> una tarifa asequible con todo incluido.\n\nTodos los gastos relacionados con su estancia m\u00e9dica en T\u00fanez est\u00e1n incluidos en esta tarifa: los honorarios del cirujano y del asistente, los gastos de la cl\u00ednica (quir\u00f3fano, material necesario, &#8230;), los gastos de transporte en T\u00fanez (aeropuerto-hotel, hotel-cl\u00ednica y viceversa), los gastos de la habitaci\u00f3n del hotel donde el paciente pasar\u00e1 unos d\u00edas de convalecencia&#8230;\n\n\u00bfListo para deshacerte <strong>de la grasa de tus mejillas<\/strong>? Puede solicitar un presupuesto gratuito en l\u00ednea, y le responderemos en un plazo razonable.\t\t\t\t\t\t\t\t<\/div>\n\t\t\t\t<\/div>\n\t\t\t\t\t<\/div>\n\t\t<\/div>\n\t\t\t\t\t<\/div>\n\t\t<\/section>\n\t\t\t\t<section class=\"elementor-section elementor-top-section elementor-element elementor-element-cd9baa2 elementor-section-boxed elementor-section-height-default elementor-section-height-default\" data-id=\"cd9baa2\" data-element_type=\"section\" data-e-type=\"section\" id=\"bg-devis-express\">\n\t\t\t\t\t\t<div class=\"elementor-container elementor-column-gap-default\">\n\t\t\t\t\t<div class=\"elementor-column elementor-col-100 elementor-top-column elementor-element elementor-element-cd5ec2f\" data-id=\"cd5ec2f\" data-element_type=\"column\" data-e-type=\"column\">\n\t\t\t<div class=\"elementor-widget-wrap elementor-element-populated\">\n\t\t\t\t\t\t<div class=\"elementor-element elementor-element-92948b2 elementor-widget elementor-widget-text-editor\" data-id=\"92948b2\" data-element_type=\"widget\" data-e-type=\"widget\" data-widget_type=\"text-editor.default\">\n\t\t\t\t<div class=\"elementor-widget-container\">\n\t\t\t\t\t\t\t\t\t<style>\r\n\tbody.home #main-form h2 {\r\n   display:none;\r\n}\r\n<\/style>\r\n<h2 style=\"text-align: center;font-weight: bold;\">Presupuesto r\u00e1pido gratuito<\/h2>\r\n<iframe src=\"https:\/\/app.metocrm.com\/web-forms\/e1cab5bd-ef56-4a37-aa71-4857d931f368\"  height=\"700px\" width=\"100%\"  frameborder=\"0\"><\/iframe>\t\t\t\t\t\t\t\t<\/div>\n\t\t\t\t<\/div>\n\t\t\t\t\t<\/div>\n\t\t<\/div>\n\t\t\t\t\t<\/div>\n\t\t<\/section>\n\t\t\t\t<section class=\"elementor-section elementor-top-section elementor-element elementor-element-81e7a3e elementor-section-boxed elementor-section-height-default elementor-section-height-default\" data-id=\"81e7a3e\" data-element_type=\"section\" data-e-type=\"section\">\n\t\t\t\t\t\t<div class=\"elementor-container elementor-column-gap-default\">\n\t\t\t\t\t<div class=\"elementor-column elementor-col-100 elementor-top-column elementor-element elementor-element-5db9e1f4\" data-id=\"5db9e1f4\" data-element_type=\"column\" data-e-type=\"column\">\n\t\t\t<div class=\"elementor-widget-wrap elementor-element-populated\">\n\t\t\t\t\t\t<div class=\"elementor-element elementor-element-4ac4605c elementor-widget elementor-widget-text-editor\" data-id=\"4ac4605c\" data-element_type=\"widget\" data-e-type=\"widget\" data-widget_type=\"text-editor.default\">\n\t\t\t\t<div class=\"elementor-widget-container\">\n\t\t\t\t\t\t\t\t\t<h2>Procedimiento de extracci\u00f3n de las bolas de bichat en T\u00fanez: antes y durante<\/h2>\n\t\t\t\t\t\t\t\t<\/div>\n\t\t\t\t<\/div>\n\t\t\t\t<section class=\"elementor-section elementor-inner-section elementor-element elementor-element-9bea329 elementor-section-boxed elementor-section-height-default elementor-section-height-default\" data-id=\"9bea329\" data-element_type=\"section\" data-e-type=\"section\">\n\t\t\t\t\t\t<div class=\"elementor-container elementor-column-gap-default\">\n\t\t\t\t\t<div class=\"elementor-column elementor-col-50 elementor-inner-column elementor-element elementor-element-519dc96\" data-id=\"519dc96\" data-element_type=\"column\" data-e-type=\"column\">\n\t\t\t<div class=\"elementor-widget-wrap elementor-element-populated\">\n\t\t\t\t\t\t<div class=\"elementor-element elementor-element-82af7ca elementor-widget elementor-widget-text-editor\" data-id=\"82af7ca\" data-element_type=\"widget\" data-e-type=\"widget\" data-widget_type=\"text-editor.default\">\n\t\t\t\t<div class=\"elementor-widget-container\">\n\t\t\t\t\t\t\t\t\t<h3>Antes de la cirug\u00eda de p\u00f3mulos<\/h3>\nSi est\u00e1 pensando en someterse a <strong>una operaci\u00f3n de p\u00f3mulos<\/strong>, debe tener en cuenta los siguientes requisitos antes de la intervenci\u00f3n:\n<ul class=\"liste-style\">\n \t<li>Dejar de fumar un mes antes y un mes despu\u00e9s de la operaci\u00f3n.<\/li>\n \t<li>Deje de tomar antiinflamatorios 10 d\u00edas antes de la operaci\u00f3n.<\/li>\n \t<li>Tener una excelente salud dental, ya que la curaci\u00f3n se produce directamente en la boca.<\/li>\n<\/ul>\n\t\t\t\t\t\t\t\t<\/div>\n\t\t\t\t<\/div>\n\t\t\t\t<div class=\"elementor-element elementor-element-6066df1 elementor-widget elementor-widget-text-editor\" data-id=\"6066df1\" data-element_type=\"widget\" data-e-type=\"widget\" data-widget_type=\"text-editor.default\">\n\t\t\t\t<div class=\"elementor-widget-container\">\n\t\t\t\t\t\t\t\t\t<h3>Durante la cirug\u00eda de las mejillas<\/h3>\nEste procedimiento suele realizarse con anestesia local y no requiere hospitalizaci\u00f3n.\n\nDurante la intervenci\u00f3n, el cirujano realiza una peque\u00f1a incisi\u00f3n en el interior de la boca, cerca de las bolsas de grasa, y una vez localizado el dep\u00f3sito de grasa, el m\u00e9dico extrae parte de la grasa yugal y sutura la herida.\n\nSe trata de un procedimiento r\u00e1pido, que no dura m\u00e1s de una hora y suele durar 45 minutos.\n\nDado que las incisiones s\u00f3lo se realizan en el interior de la boca, la operaci\u00f3n no deja cicatriz visible.\t\t\t\t\t\t\t\t<\/div>\n\t\t\t\t<\/div>\n\t\t\t\t\t<\/div>\n\t\t<\/div>\n\t\t\t\t<div class=\"elementor-column elementor-col-50 elementor-inner-column elementor-element elementor-element-e7c4f65\" data-id=\"e7c4f65\" data-element_type=\"column\" data-e-type=\"column\">\n\t\t\t<div class=\"elementor-widget-wrap elementor-element-populated\">\n\t\t\t\t\t\t<div class=\"elementor-element elementor-element-1d6ea80 elementor-widget elementor-widget-text-editor\" data-id=\"1d6ea80\" data-element_type=\"widget\" data-e-type=\"widget\" data-widget_type=\"text-editor.default\">\n\t\t\t\t<div class=\"elementor-widget-container\">\n\t\t\t\t\t\t\t\t\t<figure id=\"attachment_4535\" aria-describedby=\"caption-attachment-4535\" style=\"width: 480px\" class=\"wp-caption alignright\"><img fetchpriority=\"high\" decoding=\"async\" class=\"size-full\" src=\"https:\/\/www.medespoir.fr\/wp-content\/uploads\/2020\/02\/deroulement-bichectomie-en-Tunisie.jpg\" alt=\"{%ALT_TEXT%}\" width=\"480\" height=\"360\"><figcaption id=\"caption-attachment-4535\" class=\"wp-caption-text\">{%CAPTION%}<\/figcaption><\/figure>\n\t\t\t\t\t\t\t\t<\/div>\n\t\t\t\t<\/div>\n\t\t\t\t\t<\/div>\n\t\t<\/div>\n\t\t\t\t\t<\/div>\n\t\t<\/section>\n\t\t\t\t\t<\/div>\n\t\t<\/div>\n\t\t\t\t\t<\/div>\n\t\t<\/section>\n\t\t\t\t<section class=\"elementor-section elementor-top-section elementor-element elementor-element-0d45a86 elementor-section-boxed elementor-section-height-default elementor-section-height-default\" data-id=\"0d45a86\" data-element_type=\"section\" data-e-type=\"section\">\n\t\t\t\t\t\t<div class=\"elementor-container elementor-column-gap-default\">\n\t\t\t\t\t<div class=\"elementor-column elementor-col-100 elementor-top-column elementor-element elementor-element-498500b\" data-id=\"498500b\" data-element_type=\"column\" data-e-type=\"column\">\n\t\t\t<div class=\"elementor-widget-wrap elementor-element-populated\">\n\t\t\t\t\t\t<div class=\"elementor-element elementor-element-978a14c elementor-widget elementor-widget-text-editor\" data-id=\"978a14c\" data-element_type=\"widget\" data-e-type=\"widget\" data-widget_type=\"text-editor.default\">\n\t\t\t\t<div class=\"elementor-widget-container\">\n\t\t\t\t\t\t\t\t\t<h2>Postoperatorio<\/h2>\nLa <strong>reducci\u00f3n de bola de Bichat en T\u00fanez<\/strong> es, en la mayor\u00eda de los casos, indolora en el postoperatorio. Sin embargo, si el paciente experimenta dolor, el paracetamol es suficiente para aliviarlo.\n\nDurante la primera semana despu\u00e9s de la operaci\u00f3n, se recomienda evitar la exposici\u00f3n al sol o cualquier actividad f\u00edsica que pueda provocar un aumento de la temperatura.\n\nSe produce edema postoperatorio, que desaparece al cabo de dos semanas. El resultado de la operaci\u00f3n es visible en cuanto la inflamaci\u00f3n ha desaparecido por completo.\n\nEl paciente debe ingerir alimentos blandos durante siete d\u00edas para que descansen los m\u00fasculos masticatorios.\n\nPuede volver al trabajo al d\u00eda siguiente, pero es aconsejable guardar reposo durante unas 48 horas despu\u00e9s de la bichectom\u00eda.\n\t\t\t\t\t\t\t\t<\/div>\n\t\t\t\t<\/div>\n\t\t\t\t\t<\/div>\n\t\t<\/div>\n\t\t\t\t\t<\/div>\n\t\t<\/section>\n\t\t\t\t<section class=\"elementor-section elementor-top-section elementor-element elementor-element-429743c elementor-section-boxed elementor-section-height-default elementor-section-height-default\" data-id=\"429743c\" data-element_type=\"section\" data-e-type=\"section\">\n\t\t\t\t\t\t<div class=\"elementor-container elementor-column-gap-default\">\n\t\t\t\t\t<div class=\"elementor-column elementor-col-66 elementor-top-column elementor-element elementor-element-cc5e965\" data-id=\"cc5e965\" data-element_type=\"column\" data-e-type=\"column\">\n\t\t\t<div class=\"elementor-widget-wrap elementor-element-populated\">\n\t\t\t\t\t\t<div class=\"elementor-element elementor-element-83d32ed elementor-widget elementor-widget-text-editor\" data-id=\"83d32ed\" data-element_type=\"widget\" data-e-type=\"widget\" data-widget_type=\"text-editor.default\">\n\t\t\t\t<div class=\"elementor-widget-container\">\n\t\t\t\t\t\t\t\t\t<h2>  Resultado de la bichectom\u00eda<\/h2>\nLa bichectom\u00eda en T\u00fanez permite adelgazar o<strong>afinar el rostro<\/strong> d\u00e1ndole un contorno que se corresponde con el resto de la silueta del paciente.\n\nEl paciente <a href=\"https:\/\/www.medespoir.fr\/es\/cirugia-facial\/\">\n  <strong>recupera un rostro m\u00e1s est\u00e9tico<\/strong>\n<\/a> con mejillas de aspecto m\u00e1s joven.\t\t\t\t\t\t\t\t<\/div>\n\t\t\t\t<\/div>\n\t\t\t\t<div class=\"elementor-element elementor-element-96c79e5 elementor-widget elementor-widget-html\" data-id=\"96c79e5\" data-element_type=\"widget\" data-e-type=\"widget\" data-widget_type=\"html.default\">\n\t\t\t\t<div class=\"elementor-widget-container\">\n\t\t\t\t\t<a href=\"https:\/\/www.medespoir.fr\/es\/presupuesto\/\" class=\"main__btn blue\"><span>Presupuesto gratuito<\/span><\/a>\t\t\t\t<\/div>\n\t\t\t\t<\/div>\n\t\t\t\t\t<\/div>\n\t\t<\/div>\n\t\t\t\t<div class=\"elementor-column elementor-col-33 elementor-top-column elementor-element elementor-element-f23c52f\" data-id=\"f23c52f\" data-element_type=\"column\" data-e-type=\"column\">\n\t\t\t<div class=\"elementor-widget-wrap elementor-element-populated\">\n\t\t\t\t\t\t<div class=\"elementor-element elementor-element-6ef30bc elementor-widget elementor-widget-text-editor\" data-id=\"6ef30bc\" data-element_type=\"widget\" data-e-type=\"widget\" data-widget_type=\"text-editor.default\">\n\t\t\t\t<div class=\"elementor-widget-container\">\n\t\t\t\t\t\t\t\t\t<p><img decoding=\"async\" class=\" aligncenter\" src=\"https:\/\/www.medespoir.fr\/wp-content\/uploads\/2020\/02\/bichectomie-tunisie-avant-apres.jpg\" alt=\"bichectomia tunisia antes y despues\" width=\"542\" height=\"271\"><\/p>\n\t\t\t\t\t\t\t\t<\/div>\n\t\t\t\t<\/div>\n\t\t\t\t\t<\/div>\n\t\t<\/div>\n\t\t\t\t\t<\/div>\n\t\t<\/section>\n\t\t\t\t<\/div>\n\t\t","protected":false},"excerpt":{"rendered":"<p>La bichectom\u00eda T\u00fanez o cirug\u00eda de las bolas de bichat es una cirug\u00eda est\u00e9tica de la cara que consiste en [&hellip;]<\/p>\n","protected":false},"author":1,"featured_media":20781,"parent":0,"menu_order":52,"comment_status":"closed","ping_status":"closed","template":"","meta":{"footnotes":""},"class_list":["post-24455","page","type-page","status-publish","has-post-thumbnail","hentry"],"yoast_head":"<!-- This site is optimized with the Yoast SEO plugin v27.5 - https:\/\/yoast.com\/product\/yoast-seo-wordpress\/ -->\n<title>Bichectomy T\u00fanez : Reducci\u00f3n de precios Bichat bolas T\u00fanez<\/title>\n<meta name=\"description\" content=\"Bichectom\u00eda T\u00fanez: \u00bfListo para deshacerte de los dep\u00f3sitos de grasa de tus mejillas? Puede solicitar un presupuesto gratuito en l\u00ednea.\" \/>\n<meta name=\"robots\" content=\"index, follow, max-snippet:-1, max-image-preview:large, max-video-preview:-1\" \/>\n<link rel=\"canonical\" href=\"https:\/\/www.medespoir.fr\/es\/bichectomia\/\" \/>\n<meta name=\"twitter:label1\" content=\"Tiempo de lectura\" \/>\n\t<meta name=\"twitter:data1\" content=\"4 minutos\" \/>\n<script type=\"application\/ld+json\" class=\"yoast-schema-graph\">{\"@context\":\"https:\\\/\\\/schema.org\",\"@graph\":[{\"@type\":\"WebPage\",\"@id\":\"https:\\\/\\\/www.medespoir.fr\\\/es\\\/bichectomia\\\/\",\"url\":\"https:\\\/\\\/www.medespoir.fr\\\/es\\\/bichectomia\\\/\",\"name\":\"Bichectomy T\u00fanez : Reducci\u00f3n de precios Bichat bolas T\u00fanez\",\"isPartOf\":{\"@id\":\"https:\\\/\\\/www.medespoir.fr\\\/es\\\/#website\"},\"primaryImageOfPage\":{\"@id\":\"https:\\\/\\\/www.medespoir.fr\\\/es\\\/bichectomia\\\/#primaryimage\"},\"image\":{\"@id\":\"https:\\\/\\\/www.medespoir.fr\\\/es\\\/bichectomia\\\/#primaryimage\"},\"thumbnailUrl\":\"https:\\\/\\\/www.medespoir.fr\\\/wp-content\\\/uploads\\\/2021\\\/11\\\/header-visage.jpg\",\"datePublished\":\"2020-02-18T10:02:07+00:00\",\"dateModified\":\"2022-12-19T15:13:58+00:00\",\"description\":\"Bichectom\u00eda T\u00fanez: \u00bfListo para deshacerte de los dep\u00f3sitos de grasa de tus mejillas? Puede solicitar un presupuesto gratuito en l\u00ednea.\",\"breadcrumb\":{\"@id\":\"https:\\\/\\\/www.medespoir.fr\\\/es\\\/bichectomia\\\/#breadcrumb\"},\"inLanguage\":\"es\",\"potentialAction\":[{\"@type\":\"ReadAction\",\"target\":[\"https:\\\/\\\/www.medespoir.fr\\\/es\\\/bichectomia\\\/\"]}]},{\"@type\":\"ImageObject\",\"inLanguage\":\"es\",\"@id\":\"https:\\\/\\\/www.medespoir.fr\\\/es\\\/bichectomia\\\/#primaryimage\",\"url\":\"https:\\\/\\\/www.medespoir.fr\\\/wp-content\\\/uploads\\\/2021\\\/11\\\/header-visage.jpg\",\"contentUrl\":\"https:\\\/\\\/www.medespoir.fr\\\/wp-content\\\/uploads\\\/2021\\\/11\\\/header-visage.jpg\",\"width\":1928,\"height\":479},{\"@type\":\"BreadcrumbList\",\"@id\":\"https:\\\/\\\/www.medespoir.fr\\\/es\\\/bichectomia\\\/#breadcrumb\",\"itemListElement\":[{\"@type\":\"ListItem\",\"position\":1,\"name\":\"Accueil\",\"item\":\"https:\\\/\\\/www.medespoir.fr\\\/es\\\/\"},{\"@type\":\"ListItem\",\"position\":2,\"name\":\"Bichectom\u00eda T\u00fanez: reducci\u00f3n de las bolas de bichat\"}]},{\"@type\":\"WebSite\",\"@id\":\"https:\\\/\\\/www.medespoir.fr\\\/es\\\/#website\",\"url\":\"https:\\\/\\\/www.medespoir.fr\\\/es\\\/\",\"name\":\"Medespoir France\",\"description\":\"Chirurgie esthetique Tunisie\",\"publisher\":{\"@id\":\"https:\\\/\\\/www.medespoir.fr\\\/es\\\/#organization\"},\"potentialAction\":[{\"@type\":\"SearchAction\",\"target\":{\"@type\":\"EntryPoint\",\"urlTemplate\":\"https:\\\/\\\/www.medespoir.fr\\\/es\\\/?s={search_term_string}\"},\"query-input\":{\"@type\":\"PropertyValueSpecification\",\"valueRequired\":true,\"valueName\":\"search_term_string\"}}],\"inLanguage\":\"es\"},{\"@type\":\"Organization\",\"@id\":\"https:\\\/\\\/www.medespoir.fr\\\/es\\\/#organization\",\"name\":\"Medespoir France\",\"url\":\"https:\\\/\\\/www.medespoir.fr\\\/es\\\/\",\"logo\":{\"@type\":\"ImageObject\",\"inLanguage\":\"es\",\"@id\":\"https:\\\/\\\/www.medespoir.fr\\\/es\\\/#\\\/schema\\\/logo\\\/image\\\/\",\"url\":\"https:\\\/\\\/www.medespoir.fr\\\/wp-content\\\/uploads\\\/2021\\\/10\\\/cropped-logo__medespoirFR.png\",\"contentUrl\":\"https:\\\/\\\/www.medespoir.fr\\\/wp-content\\\/uploads\\\/2021\\\/10\\\/cropped-logo__medespoirFR.png\",\"width\":150,\"height\":62,\"caption\":\"Medespoir France\"},\"image\":{\"@id\":\"https:\\\/\\\/www.medespoir.fr\\\/es\\\/#\\\/schema\\\/logo\\\/image\\\/\"},\"sameAs\":[\"https:\\\/\\\/www.facebook.com\\\/MedEspoirFr\",\"https:\\\/\\\/x.com\\\/MedEspoirTN\"]}]}<\/script>\n<!-- \/ Yoast SEO plugin. -->","yoast_head_json":{"title":"Bichectomy T\u00fanez : Reducci\u00f3n de precios Bichat bolas T\u00fanez","description":"Bichectom\u00eda T\u00fanez: \u00bfListo para deshacerte de los dep\u00f3sitos de grasa de tus mejillas? Puede solicitar un presupuesto gratuito en l\u00ednea.","robots":{"index":"index","follow":"follow","max-snippet":"max-snippet:-1","max-image-preview":"max-image-preview:large","max-video-preview":"max-video-preview:-1"},"canonical":"https:\/\/www.medespoir.fr\/es\/bichectomia\/","twitter_misc":{"Tiempo de lectura":"4 minutos"},"schema":{"@context":"https:\/\/schema.org","@graph":[{"@type":"WebPage","@id":"https:\/\/www.medespoir.fr\/es\/bichectomia\/","url":"https:\/\/www.medespoir.fr\/es\/bichectomia\/","name":"Bichectomy T\u00fanez : Reducci\u00f3n de precios Bichat bolas T\u00fanez","isPartOf":{"@id":"https:\/\/www.medespoir.fr\/es\/#website"},"primaryImageOfPage":{"@id":"https:\/\/www.medespoir.fr\/es\/bichectomia\/#primaryimage"},"image":{"@id":"https:\/\/www.medespoir.fr\/es\/bichectomia\/#primaryimage"},"thumbnailUrl":"https:\/\/www.medespoir.fr\/wp-content\/uploads\/2021\/11\/header-visage.jpg","datePublished":"2020-02-18T10:02:07+00:00","dateModified":"2022-12-19T15:13:58+00:00","description":"Bichectom\u00eda T\u00fanez: \u00bfListo para deshacerte de los dep\u00f3sitos de grasa de tus mejillas? Puede solicitar un presupuesto gratuito en l\u00ednea.","breadcrumb":{"@id":"https:\/\/www.medespoir.fr\/es\/bichectomia\/#breadcrumb"},"inLanguage":"es","potentialAction":[{"@type":"ReadAction","target":["https:\/\/www.medespoir.fr\/es\/bichectomia\/"]}]},{"@type":"ImageObject","inLanguage":"es","@id":"https:\/\/www.medespoir.fr\/es\/bichectomia\/#primaryimage","url":"https:\/\/www.medespoir.fr\/wp-content\/uploads\/2021\/11\/header-visage.jpg","contentUrl":"https:\/\/www.medespoir.fr\/wp-content\/uploads\/2021\/11\/header-visage.jpg","width":1928,"height":479},{"@type":"BreadcrumbList","@id":"https:\/\/www.medespoir.fr\/es\/bichectomia\/#breadcrumb","itemListElement":[{"@type":"ListItem","position":1,"name":"Accueil","item":"https:\/\/www.medespoir.fr\/es\/"},{"@type":"ListItem","position":2,"name":"Bichectom\u00eda T\u00fanez: reducci\u00f3n de las bolas de bichat"}]},{"@type":"WebSite","@id":"https:\/\/www.medespoir.fr\/es\/#website","url":"https:\/\/www.medespoir.fr\/es\/","name":"Medespoir France","description":"Chirurgie esthetique Tunisie","publisher":{"@id":"https:\/\/www.medespoir.fr\/es\/#organization"},"potentialAction":[{"@type":"SearchAction","target":{"@type":"EntryPoint","urlTemplate":"https:\/\/www.medespoir.fr\/es\/?s={search_term_string}"},"query-input":{"@type":"PropertyValueSpecification","valueRequired":true,"valueName":"search_term_string"}}],"inLanguage":"es"},{"@type":"Organization","@id":"https:\/\/www.medespoir.fr\/es\/#organization","name":"Medespoir France","url":"https:\/\/www.medespoir.fr\/es\/","logo":{"@type":"ImageObject","inLanguage":"es","@id":"https:\/\/www.medespoir.fr\/es\/#\/schema\/logo\/image\/","url":"https:\/\/www.medespoir.fr\/wp-content\/uploads\/2021\/10\/cropped-logo__medespoirFR.png","contentUrl":"https:\/\/www.medespoir.fr\/wp-content\/uploads\/2021\/10\/cropped-logo__medespoirFR.png","width":150,"height":62,"caption":"Medespoir France"},"image":{"@id":"https:\/\/www.medespoir.fr\/es\/#\/schema\/logo\/image\/"},"sameAs":["https:\/\/www.facebook.com\/MedEspoirFr","https:\/\/x.com\/MedEspoirTN"]}]}},"_links":{"self":[{"href":"https:\/\/www.medespoir.fr\/es\/wp-json\/wp\/v2\/pages\/24455","targetHints":{"allow":["GET"]}}],"collection":[{"href":"https:\/\/www.medespoir.fr\/es\/wp-json\/wp\/v2\/pages"}],"about":[{"href":"https:\/\/www.medespoir.fr\/es\/wp-json\/wp\/v2\/types\/page"}],"author":[{"embeddable":true,"href":"https:\/\/www.medespoir.fr\/es\/wp-json\/wp\/v2\/users\/1"}],"replies":[{"embeddable":true,"href":"https:\/\/www.medespoir.fr\/es\/wp-json\/wp\/v2\/comments?post=24455"}],"version-history":[{"count":0,"href":"https:\/\/www.medespoir.fr\/es\/wp-json\/wp\/v2\/pages\/24455\/revisions"}],"wp:featuredmedia":[{"embeddable":true,"href":"https:\/\/www.medespoir.fr\/es\/wp-json\/wp\/v2\/media\/20781"}],"wp:attachment":[{"href":"https:\/\/www.medespoir.fr\/es\/wp-json\/wp\/v2\/media?parent=24455"}],"curies":[{"name":"wp","href":"https:\/\/api.w.org\/{rel}","templated":true}]}}