{"id":21654,"date":"2017-02-09T15:43:26","date_gmt":"2017-02-09T14:43:26","guid":{"rendered":"https:\/\/www.medespoir.fr\/acido-hialuronico-en-tunez-para-una-piel-mas-joven\/"},"modified":"2022-12-19T15:39:10","modified_gmt":"2022-12-19T14:39:10","slug":"acido-hialuronico","status":"publish","type":"page","link":"https:\/\/www.medespoir.fr\/es\/acido-hialuronico\/","title":{"rendered":"\u00c1cido hialur\u00f3nico en T\u00fanez para una piel m\u00e1s joven"},"content":{"rendered":"\t\t<div data-elementor-type=\"wp-page\" data-elementor-id=\"21654\" class=\"elementor elementor-21654\">\n\t\t\t\t\t\t<section class=\"elementor-section elementor-top-section elementor-element elementor-element-c705ec7 elementor-section-boxed elementor-section-height-default elementor-section-height-default\" data-id=\"c705ec7\" data-element_type=\"section\" data-e-type=\"section\">\n\t\t\t\t\t\t<div class=\"elementor-container elementor-column-gap-default\">\n\t\t\t\t\t<div class=\"elementor-column elementor-col-66 elementor-top-column elementor-element elementor-element-77062e8\" data-id=\"77062e8\" data-element_type=\"column\" data-e-type=\"column\">\n\t\t\t<div class=\"elementor-widget-wrap elementor-element-populated\">\n\t\t\t\t\t\t<div class=\"elementor-element elementor-element-3a83435 elementor-widget elementor-widget-text-editor\" data-id=\"3a83435\" data-element_type=\"widget\" data-e-type=\"widget\" data-widget_type=\"text-editor.default\">\n\t\t\t\t<div class=\"elementor-widget-container\">\n\t\t\t\t\t\t\t\t\t<strong>El \u00e1cido hialur\u00f3nico<\/strong> es muy beneficioso para la piel por su capacidad de retenci\u00f3n de agua. El organismo puede sintetizarlo, pero tambi\u00e9n se utiliza en muchos productos cosm\u00e9ticos. Se encuentra, por ejemplo, en productos antienvejecimiento y en ciertos complementos alimenticios. Ahora est\u00e1 disponible incluso en forma de inyecci\u00f3n.\n\n\n\n<b>El \u00e1cido hialur\u00f3nico<\/b> es un componente muy conocido en el campo de la medicina est\u00e9tica por su capacidad de retener 1.000 veces su peso en agua. Por ello, es muy eficaz para hidratar la piel en profundidad. Tambi\u00e9n hace desaparecer las arrugas y las l\u00edneas de expresi\u00f3n al aumentar el volumen de la piel. Contrariamente a la creencia popular, las inyecciones de<strong>\u00e1cido hialur\u00f3nico<\/strong> en<strong>T\u00fanez<\/strong> son una sustancia natural que ya est\u00e1 presente en la piel. Sin embargo, con el tiempo y la degradaci\u00f3n ambiental, las c\u00e9lulas que lo producen pueden fatigarse. Afortunadamente, existen varios productos cosm\u00e9ticos, complementos alimenticios e inyecciones que pueden utilizarse para compensar la falta de \u00e1cido hialur\u00f3nico.\t\t\t\t\t\t\t\t<\/div>\n\t\t\t\t<\/div>\n\t\t\t\t\t<\/div>\n\t\t<\/div>\n\t\t\t\t<div class=\"elementor-column elementor-col-33 elementor-top-column elementor-element elementor-element-f71d688\" data-id=\"f71d688\" data-element_type=\"column\" data-e-type=\"column\">\n\t\t\t<div class=\"elementor-widget-wrap elementor-element-populated\">\n\t\t\t\t\t\t<div class=\"elementor-element elementor-element-2dac62e elementor-widget elementor-widget-text-editor\" data-id=\"2dac62e\" data-element_type=\"widget\" data-e-type=\"widget\" data-widget_type=\"text-editor.default\">\n\t\t\t\t<div class=\"elementor-widget-container\">\n\t\t\t\t\t\t\t\t\t<p><img fetchpriority=\"high\" decoding=\"async\" class=\"size-full wp-image-1024 aligncenter\" src=\"https:\/\/www.medespoir.fr\/wp-content\/uploads\/2021\/11\/acide-hyaluronique-tunisie.jpg\" alt=\"\u00e1cido hialur\u00f3nico tunisia\" width=\"512\" height=\"342\"><\/p>\n\t\t\t\t\t\t\t\t<\/div>\n\t\t\t\t<\/div>\n\t\t\t\t\t<\/div>\n\t\t<\/div>\n\t\t\t\t\t<\/div>\n\t\t<\/section>\n\t\t\t\t<section class=\"elementor-section elementor-top-section elementor-element elementor-element-42aa278 elementor-section-boxed elementor-section-height-default elementor-section-height-default\" data-id=\"42aa278\" data-element_type=\"section\" data-e-type=\"section\">\n\t\t\t\t\t\t<div class=\"elementor-container elementor-column-gap-default\">\n\t\t\t\t\t<div class=\"elementor-column elementor-col-100 elementor-top-column elementor-element elementor-element-44535d8\" data-id=\"44535d8\" data-element_type=\"column\" data-e-type=\"column\">\n\t\t\t<div class=\"elementor-widget-wrap elementor-element-populated\">\n\t\t\t\t\t\t<div class=\"elementor-element elementor-element-440b7fc elementor-widget elementor-widget-text-editor\" data-id=\"440b7fc\" data-element_type=\"widget\" data-e-type=\"widget\" data-widget_type=\"text-editor.default\">\n\t\t\t\t<div class=\"elementor-widget-container\">\n\t\t\t\t\t\t\t\t\t<h2>Precio de las inyecciones de \u00e1cido hialur\u00f3nico en T\u00fanez<\/h2>\n\t\t\t\t\t\t\t\t<\/div>\n\t\t\t\t<\/div>\n\t\t\t\t<div class=\"elementor-element elementor-element-3d863a9 elementor-widget elementor-widget-text-editor\" data-id=\"3d863a9\" data-element_type=\"widget\" data-e-type=\"widget\" id=\"price\" data-widget_type=\"text-editor.default\">\n\t\t\t\t<div class=\"elementor-widget-container\">\n\t\t\t\t\t\t\t\t\t<table>\n<thead>\n<tr>\n<th>Producto utilizado<\/th>\n<th>Tratamiento<\/th>\n<th>Precio (en euros)<\/th>\n<\/tr>\n<\/thead>\n<tbody>\n<tr>\n<td><strong>Inyecci\u00f3n de \u00e1cido hialur\u00f3nico  <\/strong><\/td>\n<td>Relleno de arrugas<\/td>\n<td>350 \/ Botella<\/td>\n<\/tr>\n<\/tbody>\n<\/table>\t\t\t\t\t\t\t\t<\/div>\n\t\t\t\t<\/div>\n\t\t\t\t\t<\/div>\n\t\t<\/div>\n\t\t\t\t\t<\/div>\n\t\t<\/section>\n\t\t\t\t<section class=\"elementor-section elementor-top-section elementor-element elementor-element-aea31cd elementor-section-boxed elementor-section-height-default elementor-section-height-default\" data-id=\"aea31cd\" data-element_type=\"section\" data-e-type=\"section\" id=\"bg-devis-express\">\n\t\t\t\t\t\t<div class=\"elementor-container elementor-column-gap-default\">\n\t\t\t\t\t<div class=\"elementor-column elementor-col-100 elementor-top-column elementor-element elementor-element-3dcadd5\" data-id=\"3dcadd5\" data-element_type=\"column\" data-e-type=\"column\">\n\t\t\t<div class=\"elementor-widget-wrap elementor-element-populated\">\n\t\t\t\t\t\t<div class=\"elementor-element elementor-element-e4837ce elementor-widget elementor-widget-text-editor\" data-id=\"e4837ce\" data-element_type=\"widget\" data-e-type=\"widget\" data-widget_type=\"text-editor.default\">\n\t\t\t\t<div class=\"elementor-widget-container\">\n\t\t\t\t\t\t\t\t\t<style>\r\n\tbody.home #main-form h2 {\r\n   display:none;\r\n}\r\n<\/style>\r\n<h2 style=\"text-align: center;font-weight: bold;\">Presupuesto r\u00e1pido gratuito<\/h2>\r\n<iframe src=\"https:\/\/app.metocrm.com\/web-forms\/e1cab5bd-ef56-4a37-aa71-4857d931f368\"  height=\"700px\" width=\"100%\"  frameborder=\"0\"><\/iframe>\t\t\t\t\t\t\t\t<\/div>\n\t\t\t\t<\/div>\n\t\t\t\t\t<\/div>\n\t\t<\/div>\n\t\t\t\t\t<\/div>\n\t\t<\/section>\n\t\t\t\t<section class=\"elementor-section elementor-top-section elementor-element elementor-element-4999e78c elementor-section-boxed elementor-section-height-default elementor-section-height-default\" data-id=\"4999e78c\" data-element_type=\"section\" data-e-type=\"section\">\n\t\t\t\t\t\t<div class=\"elementor-container elementor-column-gap-default\">\n\t\t\t\t\t<div class=\"elementor-column elementor-col-100 elementor-top-column elementor-element elementor-element-3e9ba573\" data-id=\"3e9ba573\" data-element_type=\"column\" data-e-type=\"column\">\n\t\t\t<div class=\"elementor-widget-wrap elementor-element-populated\">\n\t\t\t\t\t\t<div class=\"elementor-element elementor-element-30190d67 elementor-widget elementor-widget-text-editor\" data-id=\"30190d67\" data-element_type=\"widget\" data-e-type=\"widget\" data-widget_type=\"text-editor.default\">\n\t\t\t\t<div class=\"elementor-widget-container\">\n\t\t\t\t\t\t\t\t\t<h2>Las propiedades del \u00e1cido hialur\u00f3nico<\/h2>\nEl \u00e1cido hialur\u00f3nico proporciona hidrataci\u00f3n profunda y volumen a la piel. Ayuda a <a href=\"https:\/\/www.medespoir.fr\/es\/lifting-facial\/\">reducir los signos del envejecimiento<\/a> cut\u00e1neo eliminando las arrugas. El \u00e1cido hialur\u00f3nico forma una pel\u00edcula protectora no oclusiva para tonificar la piel. Gracias a ella, la piel recupera su brillo y suavidad. Aunque el organismo puede sintetizar el \u00e1cido hialur\u00f3nico, es posible que no est\u00e9 presente en cantidades suficientes en la piel, lo que provoca deshidrataci\u00f3n. A veces s\u00ed es necesario utilizar productos que los contengan. El \u00e1cido hialur\u00f3nico utilizado en cremas, c\u00e1psulas o inyecciones se extrae de la cresta de un gallo o se sintetiza a partir de un cultivo bacteriano.\n<h2>Inyecciones de \u00e1cido hialur\u00f3nico<\/h2>\nLas <strong>inyecciones de \u00e1cido hialur\u00f3nico<\/strong> pueden utilizarse para eliminar las comisuras labiales, los surcos nasogenianos, los pliegues periorales, las arrugas del entrecejo, las arrugas estrelladas y las l\u00edneas horizontales de la frente. Sin embargo, s\u00f3lo deben realizarlas m\u00e9dicos especializados en cirug\u00eda est\u00e9tica. De lo contrario, podr\u00eda causar da\u00f1os irreversibles. Cuando se utiliza como inyecci\u00f3n, el \u00e1cido hialur\u00f3nico tiene muchas m\u00e1s ventajas que el col\u00e1geno porque es 100% natural y, por tanto, reabsorbible. Act\u00faa durante mucho tiempo en el organismo, ya que sus efectos s\u00f3lo desaparecen 9 meses despu\u00e9s de la inyecci\u00f3n. El \u00e1cido hialur\u00f3nico tambi\u00e9n tiene la ventaja de que no act\u00faa sobre los m\u00fasculos de la cara y, por lo tanto, no congela las expresiones del rostro. Si la inyectan profesionales, tambi\u00e9n es segura.\n<h2>Cremas y c\u00e1psulas que contienen \u00e1cido hialur\u00f3nico<\/h2>\nLas cremas antiedad a base de \u00e1cido hialur\u00f3nico son tan eficaces como las inyecciones. Al tener propiedades viscoel\u00e1sticas, no s\u00f3lo hidratan la piel, sino que tambi\u00e9n hacen que la epidermis sea mucho m\u00e1s el\u00e1stica. Sin embargo, deben elegirse en funci\u00f3n del tipo de piel y de las arrugas que se vayan a tratar. Debe consultar a un m\u00e9dico o especialista, que tambi\u00e9n podr\u00e1 aconsejarle sobre las contraindicaciones de cada crema. Se utilizar\u00e1n cremas antienvejecimiento a base de \u00e1cido hialur\u00f3nico para hidratar el exterior de la piel. Las c\u00e1psulas, en cambio, permitir\u00e1n una hidrataci\u00f3n desde el interior. Dar\u00e1n volumen a la piel y la tonificar\u00e1n. Incluso pueden utilizarse para tratar problemas articulares. Las c\u00e1psulas de \u00e1cido hialur\u00f3nico son excelentes complementos alimenticios. Sin embargo, hay que tener en cuenta que en algunos casos no ser\u00e1n realmente eficaces, sobre todo cuando la deshidrataci\u00f3n de la piel no se deba a una falta de \u00e1cido hialur\u00f3nico.\n<h2>Hidrataci\u00f3n profunda con Skin Booster<\/h2>\nSi su piel ha perdido brillo, frescura y empiezan a aparecer arrugas alrededor de los ojos, boca y\/o cuello, es el momento de un tratamiento de hidrataci\u00f3n profunda con el potenciador de la piel en T\u00fanez.\n<h3>Qu\u00e9 es el Skin booster<\/h3>\nEl potenciador cut\u00e1neo aumenta la hidrataci\u00f3n de la dermis, generando de inmediato luminosidad y suavidad en la superficie de la piel para que su piel est\u00e9 completamente renovada y llena de energ\u00eda.\n\nMediante una hidrataci\u00f3n profunda, es posible recuperar la piel y darle un brillo saludable.\n\nLa piel contiene col\u00e1geno, elastina y \u00e1cido hialur\u00f3nico (AH), a medida que envejecemos perdemos estos componentes, por lo que nuestra piel pierde elasticidad y se deshidrata.\n\nSkin booster es un gel que contiene \u00e1cido hialur\u00f3nico, muy similar al \u00e1cido hialur\u00f3nico que el cuerpo pierde debido al da\u00f1o solar y al paso del tiempo. Cuando se coloca en la dermis profunda, repone el \u00e1cido hialur\u00f3nico perdido, consiguiendo de nuevo la retenci\u00f3n de agua.\n\nDe este modo, la piel recupera su brillo, frescura, juventud, elasticidad y belleza natural.\n\nEsta t\u00e9cnica se utiliza en la cara, el cuello, los labios, el dorso de las manos y el escote, las zonas anat\u00f3micas m\u00e1s afectadas y da\u00f1adas por el sol, tanto en hombres como en mujeres.\n\nEs muy importante realizar este procedimiento ante los primeros signos de envejecimiento, para evitar que siga avanzando.\n\nUna hora antes del tratamiento, el paciente recibe una crema anest\u00e9sica en la zona a tratar, lo que hace que el procedimiento sea pr\u00e1cticamente indoloro.\n\nEl paciente puede volver al trabajo al d\u00eda siguiente.\t\t\t\t\t\t\t\t<\/div>\n\t\t\t\t<\/div>\n\t\t\t\t\t<\/div>\n\t\t<\/div>\n\t\t\t\t\t<\/div>\n\t\t<\/section>\n\t\t\t\t<section class=\"elementor-section elementor-top-section elementor-element elementor-element-e280672 elementor-section-boxed elementor-section-height-default elementor-section-height-default\" data-id=\"e280672\" data-element_type=\"section\" data-e-type=\"section\">\n\t\t\t\t\t\t<div class=\"elementor-container elementor-column-gap-default\">\n\t\t\t\t\t<div class=\"elementor-column elementor-col-50 elementor-top-column elementor-element elementor-element-e45ba1e\" data-id=\"e45ba1e\" data-element_type=\"column\" data-e-type=\"column\">\n\t\t\t<div class=\"elementor-widget-wrap elementor-element-populated\">\n\t\t\t\t\t\t<div class=\"elementor-element elementor-element-eb9727d elementor-widget elementor-widget-html\" data-id=\"eb9727d\" data-element_type=\"widget\" data-e-type=\"widget\" data-widget_type=\"html.default\">\n\t\t\t\t<div class=\"elementor-widget-container\">\n\t\t\t\t\t<a href=\"https:\/\/www.medespoir.fr\/es\/presupuesto\/\" class=\"main__btn blue\"><span>Presupuesto gratuito<\/span><\/a>\t\t\t\t<\/div>\n\t\t\t\t<\/div>\n\t\t\t\t\t<\/div>\n\t\t<\/div>\n\t\t\t\t<div class=\"elementor-column elementor-col-50 elementor-top-column elementor-element elementor-element-ff1173e\" data-id=\"ff1173e\" data-element_type=\"column\" data-e-type=\"column\">\n\t\t\t<div class=\"elementor-widget-wrap\">\n\t\t\t\t\t\t\t<\/div>\n\t\t<\/div>\n\t\t\t\t\t<\/div>\n\t\t<\/section>\n\t\t\t\t<\/div>\n\t\t","protected":false},"excerpt":{"rendered":"<p>El \u00e1cido hialur\u00f3nico es muy beneficioso para la piel por su capacidad de retenci\u00f3n de agua. El organismo puede sintetizarlo, [&hellip;]<\/p>\n","protected":false},"author":1,"featured_media":21104,"parent":0,"menu_order":75,"comment_status":"closed","ping_status":"closed","template":"","meta":{"footnotes":""},"class_list":["post-21654","page","type-page","status-publish","has-post-thumbnail","hentry"],"yoast_head":"<!-- This site is optimized with the Yoast SEO plugin v27.5 - https:\/\/yoast.com\/product\/yoast-seo-wordpress\/ -->\n<title>\u00c1cido hialur\u00f3nico T\u00fanez : Relleno de arrugas precio T\u00fanez<\/title>\n<meta name=\"description\" content=\"Aproveche las inyecciones de \u00e1cido hialur\u00f3nico en T\u00fanez a precios atractivos con Medespoir Francia para que su piel parezca mucho m\u00e1s joven. Relleno de arrugas en T\u00fanez a bajo coste\" \/>\n<meta name=\"robots\" content=\"index, follow, max-snippet:-1, max-image-preview:large, max-video-preview:-1\" \/>\n<link rel=\"canonical\" href=\"https:\/\/www.medespoir.fr\/es\/acido-hialuronico\/\" \/>\n<meta name=\"twitter:label1\" content=\"Tiempo de lectura\" \/>\n\t<meta name=\"twitter:data1\" content=\"5 minutos\" \/>\n<script type=\"application\/ld+json\" class=\"yoast-schema-graph\">{\"@context\":\"https:\\\/\\\/schema.org\",\"@graph\":[{\"@type\":\"WebPage\",\"@id\":\"https:\\\/\\\/www.medespoir.fr\\\/es\\\/acido-hialuronico\\\/\",\"url\":\"https:\\\/\\\/www.medespoir.fr\\\/es\\\/acido-hialuronico\\\/\",\"name\":\"\u00c1cido hialur\u00f3nico T\u00fanez : Relleno de arrugas precio T\u00fanez\",\"isPartOf\":{\"@id\":\"https:\\\/\\\/www.medespoir.fr\\\/es\\\/#website\"},\"primaryImageOfPage\":{\"@id\":\"https:\\\/\\\/www.medespoir.fr\\\/es\\\/acido-hialuronico\\\/#primaryimage\"},\"image\":{\"@id\":\"https:\\\/\\\/www.medespoir.fr\\\/es\\\/acido-hialuronico\\\/#primaryimage\"},\"thumbnailUrl\":\"https:\\\/\\\/www.medespoir.fr\\\/wp-content\\\/uploads\\\/2021\\\/11\\\/header-esthetique.jpg\",\"datePublished\":\"2017-02-09T14:43:26+00:00\",\"dateModified\":\"2022-12-19T14:39:10+00:00\",\"description\":\"Aproveche las inyecciones de \u00e1cido hialur\u00f3nico en T\u00fanez a precios atractivos con Medespoir Francia para que su piel parezca mucho m\u00e1s joven. Relleno de arrugas en T\u00fanez a bajo coste\",\"breadcrumb\":{\"@id\":\"https:\\\/\\\/www.medespoir.fr\\\/es\\\/acido-hialuronico\\\/#breadcrumb\"},\"inLanguage\":\"es\",\"potentialAction\":[{\"@type\":\"ReadAction\",\"target\":[\"https:\\\/\\\/www.medespoir.fr\\\/es\\\/acido-hialuronico\\\/\"]}]},{\"@type\":\"ImageObject\",\"inLanguage\":\"es\",\"@id\":\"https:\\\/\\\/www.medespoir.fr\\\/es\\\/acido-hialuronico\\\/#primaryimage\",\"url\":\"https:\\\/\\\/www.medespoir.fr\\\/wp-content\\\/uploads\\\/2021\\\/11\\\/header-esthetique.jpg\",\"contentUrl\":\"https:\\\/\\\/www.medespoir.fr\\\/wp-content\\\/uploads\\\/2021\\\/11\\\/header-esthetique.jpg\",\"width\":1928,\"height\":479},{\"@type\":\"BreadcrumbList\",\"@id\":\"https:\\\/\\\/www.medespoir.fr\\\/es\\\/acido-hialuronico\\\/#breadcrumb\",\"itemListElement\":[{\"@type\":\"ListItem\",\"position\":1,\"name\":\"Accueil\",\"item\":\"https:\\\/\\\/www.medespoir.fr\\\/es\\\/\"},{\"@type\":\"ListItem\",\"position\":2,\"name\":\"\u00c1cido hialur\u00f3nico en T\u00fanez para una piel m\u00e1s joven\"}]},{\"@type\":\"WebSite\",\"@id\":\"https:\\\/\\\/www.medespoir.fr\\\/es\\\/#website\",\"url\":\"https:\\\/\\\/www.medespoir.fr\\\/es\\\/\",\"name\":\"Medespoir France\",\"description\":\"Chirurgie esthetique Tunisie\",\"publisher\":{\"@id\":\"https:\\\/\\\/www.medespoir.fr\\\/es\\\/#organization\"},\"potentialAction\":[{\"@type\":\"SearchAction\",\"target\":{\"@type\":\"EntryPoint\",\"urlTemplate\":\"https:\\\/\\\/www.medespoir.fr\\\/es\\\/?s={search_term_string}\"},\"query-input\":{\"@type\":\"PropertyValueSpecification\",\"valueRequired\":true,\"valueName\":\"search_term_string\"}}],\"inLanguage\":\"es\"},{\"@type\":\"Organization\",\"@id\":\"https:\\\/\\\/www.medespoir.fr\\\/es\\\/#organization\",\"name\":\"Medespoir France\",\"url\":\"https:\\\/\\\/www.medespoir.fr\\\/es\\\/\",\"logo\":{\"@type\":\"ImageObject\",\"inLanguage\":\"es\",\"@id\":\"https:\\\/\\\/www.medespoir.fr\\\/es\\\/#\\\/schema\\\/logo\\\/image\\\/\",\"url\":\"https:\\\/\\\/www.medespoir.fr\\\/wp-content\\\/uploads\\\/2021\\\/10\\\/cropped-logo__medespoirFR.png\",\"contentUrl\":\"https:\\\/\\\/www.medespoir.fr\\\/wp-content\\\/uploads\\\/2021\\\/10\\\/cropped-logo__medespoirFR.png\",\"width\":150,\"height\":62,\"caption\":\"Medespoir France\"},\"image\":{\"@id\":\"https:\\\/\\\/www.medespoir.fr\\\/es\\\/#\\\/schema\\\/logo\\\/image\\\/\"},\"sameAs\":[\"https:\\\/\\\/www.facebook.com\\\/MedEspoirFr\",\"https:\\\/\\\/x.com\\\/MedEspoirTN\"]}]}<\/script>\n<!-- \/ Yoast SEO plugin. -->","yoast_head_json":{"title":"\u00c1cido hialur\u00f3nico T\u00fanez : Relleno de arrugas precio T\u00fanez","description":"Aproveche las inyecciones de \u00e1cido hialur\u00f3nico en T\u00fanez a precios atractivos con Medespoir Francia para que su piel parezca mucho m\u00e1s joven. Relleno de arrugas en T\u00fanez a bajo coste","robots":{"index":"index","follow":"follow","max-snippet":"max-snippet:-1","max-image-preview":"max-image-preview:large","max-video-preview":"max-video-preview:-1"},"canonical":"https:\/\/www.medespoir.fr\/es\/acido-hialuronico\/","twitter_misc":{"Tiempo de lectura":"5 minutos"},"schema":{"@context":"https:\/\/schema.org","@graph":[{"@type":"WebPage","@id":"https:\/\/www.medespoir.fr\/es\/acido-hialuronico\/","url":"https:\/\/www.medespoir.fr\/es\/acido-hialuronico\/","name":"\u00c1cido hialur\u00f3nico T\u00fanez : Relleno de arrugas precio T\u00fanez","isPartOf":{"@id":"https:\/\/www.medespoir.fr\/es\/#website"},"primaryImageOfPage":{"@id":"https:\/\/www.medespoir.fr\/es\/acido-hialuronico\/#primaryimage"},"image":{"@id":"https:\/\/www.medespoir.fr\/es\/acido-hialuronico\/#primaryimage"},"thumbnailUrl":"https:\/\/www.medespoir.fr\/wp-content\/uploads\/2021\/11\/header-esthetique.jpg","datePublished":"2017-02-09T14:43:26+00:00","dateModified":"2022-12-19T14:39:10+00:00","description":"Aproveche las inyecciones de \u00e1cido hialur\u00f3nico en T\u00fanez a precios atractivos con Medespoir Francia para que su piel parezca mucho m\u00e1s joven. Relleno de arrugas en T\u00fanez a bajo coste","breadcrumb":{"@id":"https:\/\/www.medespoir.fr\/es\/acido-hialuronico\/#breadcrumb"},"inLanguage":"es","potentialAction":[{"@type":"ReadAction","target":["https:\/\/www.medespoir.fr\/es\/acido-hialuronico\/"]}]},{"@type":"ImageObject","inLanguage":"es","@id":"https:\/\/www.medespoir.fr\/es\/acido-hialuronico\/#primaryimage","url":"https:\/\/www.medespoir.fr\/wp-content\/uploads\/2021\/11\/header-esthetique.jpg","contentUrl":"https:\/\/www.medespoir.fr\/wp-content\/uploads\/2021\/11\/header-esthetique.jpg","width":1928,"height":479},{"@type":"BreadcrumbList","@id":"https:\/\/www.medespoir.fr\/es\/acido-hialuronico\/#breadcrumb","itemListElement":[{"@type":"ListItem","position":1,"name":"Accueil","item":"https:\/\/www.medespoir.fr\/es\/"},{"@type":"ListItem","position":2,"name":"\u00c1cido hialur\u00f3nico en T\u00fanez para una piel m\u00e1s joven"}]},{"@type":"WebSite","@id":"https:\/\/www.medespoir.fr\/es\/#website","url":"https:\/\/www.medespoir.fr\/es\/","name":"Medespoir France","description":"Chirurgie esthetique Tunisie","publisher":{"@id":"https:\/\/www.medespoir.fr\/es\/#organization"},"potentialAction":[{"@type":"SearchAction","target":{"@type":"EntryPoint","urlTemplate":"https:\/\/www.medespoir.fr\/es\/?s={search_term_string}"},"query-input":{"@type":"PropertyValueSpecification","valueRequired":true,"valueName":"search_term_string"}}],"inLanguage":"es"},{"@type":"Organization","@id":"https:\/\/www.medespoir.fr\/es\/#organization","name":"Medespoir France","url":"https:\/\/www.medespoir.fr\/es\/","logo":{"@type":"ImageObject","inLanguage":"es","@id":"https:\/\/www.medespoir.fr\/es\/#\/schema\/logo\/image\/","url":"https:\/\/www.medespoir.fr\/wp-content\/uploads\/2021\/10\/cropped-logo__medespoirFR.png","contentUrl":"https:\/\/www.medespoir.fr\/wp-content\/uploads\/2021\/10\/cropped-logo__medespoirFR.png","width":150,"height":62,"caption":"Medespoir France"},"image":{"@id":"https:\/\/www.medespoir.fr\/es\/#\/schema\/logo\/image\/"},"sameAs":["https:\/\/www.facebook.com\/MedEspoirFr","https:\/\/x.com\/MedEspoirTN"]}]}},"_links":{"self":[{"href":"https:\/\/www.medespoir.fr\/es\/wp-json\/wp\/v2\/pages\/21654","targetHints":{"allow":["GET"]}}],"collection":[{"href":"https:\/\/www.medespoir.fr\/es\/wp-json\/wp\/v2\/pages"}],"about":[{"href":"https:\/\/www.medespoir.fr\/es\/wp-json\/wp\/v2\/types\/page"}],"author":[{"embeddable":true,"href":"https:\/\/www.medespoir.fr\/es\/wp-json\/wp\/v2\/users\/1"}],"replies":[{"embeddable":true,"href":"https:\/\/www.medespoir.fr\/es\/wp-json\/wp\/v2\/comments?post=21654"}],"version-history":[{"count":0,"href":"https:\/\/www.medespoir.fr\/es\/wp-json\/wp\/v2\/pages\/21654\/revisions"}],"wp:featuredmedia":[{"embeddable":true,"href":"https:\/\/www.medespoir.fr\/es\/wp-json\/wp\/v2\/media\/21104"}],"wp:attachment":[{"href":"https:\/\/www.medespoir.fr\/es\/wp-json\/wp\/v2\/media?parent=21654"}],"curies":[{"name":"wp","href":"https:\/\/api.w.org\/{rel}","templated":true}]}}