{"id":21641,"date":"2017-09-11T16:14:40","date_gmt":"2017-09-11T14:14:40","guid":{"rendered":"https:\/\/www.medespoir.fr\/carillas-dentales-tunez-mejora-estetica-de-sus-dientes\/"},"modified":"2022-12-20T16:40:54","modified_gmt":"2022-12-20T15:40:54","slug":"carillas","status":"publish","type":"page","link":"https:\/\/www.medespoir.fr\/es\/carillas\/","title":{"rendered":"Carillas dentales T\u00fanez : Mejora est\u00e9tica de sus dientes"},"content":{"rendered":"\t\t<div data-elementor-type=\"wp-page\" data-elementor-id=\"21641\" class=\"elementor elementor-21641\">\n\t\t\t\t\t\t<section class=\"elementor-section elementor-top-section elementor-element elementor-element-696c194 elementor-section-boxed elementor-section-height-default elementor-section-height-default\" data-id=\"696c194\" data-element_type=\"section\" data-e-type=\"section\">\n\t\t\t\t\t\t<div class=\"elementor-container elementor-column-gap-default\">\n\t\t\t\t\t<div class=\"elementor-column elementor-col-66 elementor-top-column elementor-element elementor-element-937189f\" data-id=\"937189f\" data-element_type=\"column\" data-e-type=\"column\">\n\t\t\t<div class=\"elementor-widget-wrap elementor-element-populated\">\n\t\t\t\t\t\t<div class=\"elementor-element elementor-element-6c4e05d elementor-widget elementor-widget-text-editor\" data-id=\"6c4e05d\" data-element_type=\"widget\" data-e-type=\"widget\" data-widget_type=\"text-editor.default\">\n\t\t\t\t<div class=\"elementor-widget-container\">\n\t\t\t\t\t\t\t\t\t<p>La instalaci\u00f3n de <strong>carillas dentales T\u00fanez<\/strong> permite mejorar la alineaci\u00f3n y modificar la forma y el color de un diente. Es un tratamiento odontol\u00f3gico que se realiza en un consultorio o cl\u00ednica dental.<\/p>\n<p>Las carillas dentales son finas l\u00e1minas de cer\u00e1mica o composite y s\u00f3lo se recomiendan para los dientes frontales. El dise\u00f1o de las carillas debe hacerse a medida para adoptar la forma exacta de los dientes del paciente.<\/p>\n<p>El objetivo de la <strong>instalaci\u00f3n de carillas dentales<\/strong> realizada en T\u00fanez es ocultar las imperfecciones de los dientes y contribuir a una bella sonrisa. Menos invasivo que los implantes dentales, este tratamiento bucal no supone ning\u00fan riesgo para las enc\u00edas y los dientes naturales.<\/p>\n\t\t\t\t\t\t\t\t<\/div>\n\t\t\t\t<\/div>\n\t\t\t\t<div class=\"elementor-element elementor-element-1e4edb6 elementor-widget elementor-widget-text-editor\" data-id=\"1e4edb6\" data-element_type=\"widget\" data-e-type=\"widget\" data-widget_type=\"text-editor.default\">\n\t\t\t\t<div class=\"elementor-widget-container\">\n\t\t\t\t\t\t\t\t\t<h2>Precio de las carillas dentales en T\u00fanez<\/h2>\nEn <em>\n  <strong>El precio de la instalaci\u00f3n de la carilla dental en T\u00fanez es a partir de 280\u20ac.<\/strong>\n<\/em>. El precio final depende del n\u00famero de dientes que se vayan a cubrir con carillas y de la combinaci\u00f3n de este tratamiento dental con otros tratamientos est\u00e9ticos. El precio en dinares puede facilitarse enviando una solicitud de presupuesto.\n\t\t\t\t\t\t\t\t<\/div>\n\t\t\t\t<\/div>\n\t\t\t\t\t<\/div>\n\t\t<\/div>\n\t\t\t\t<div class=\"elementor-column elementor-col-33 elementor-top-column elementor-element elementor-element-a1ee24b\" data-id=\"a1ee24b\" data-element_type=\"column\" data-e-type=\"column\">\n\t\t\t<div class=\"elementor-widget-wrap elementor-element-populated\">\n\t\t\t\t\t\t<div class=\"elementor-element elementor-element-dc05a22 elementor-widget elementor-widget-text-editor\" data-id=\"dc05a22\" data-element_type=\"widget\" data-e-type=\"widget\" id=\"margin__btm\" data-widget_type=\"text-editor.default\">\n\t\t\t\t<div class=\"elementor-widget-container\">\n\t\t\t\t\t\t\t\t\t<p><img decoding=\"async\" class=\"alignleft\" src=\"https:\/\/www.medespoir.fr\/wp-content\/uploads\/2021\/11\/facettes-dentaires-tunisie.jpg\" alt=\"Carillas dentales T\u00fanez\"><\/p>\n\t\t\t\t\t\t\t\t<\/div>\n\t\t\t\t<\/div>\n\t\t\t\t<div class=\"elementor-element elementor-element-bc62a50 elementor-widget elementor-widget-text-editor\" data-id=\"bc62a50\" data-element_type=\"widget\" data-e-type=\"widget\" id=\"price__homepage\" data-widget_type=\"text-editor.default\">\n\t\t\t\t<div class=\"elementor-widget-container\">\n\t\t\t\t\t\t\t\t\t<table>\n<tbody>\n<tr>\n<td><center><strong>ACTOS ODONTOL\u00d3GICOS<\/strong><\/center><\/td>\n<td><center><strong>PRECIO<\/strong><\/center><\/td>\n<\/tr>\n<tr>\n<td style=\"text-align: center;\">Implantes dentales<\/td>\n<td style=\"text-align: center;\">Precios sobre presupuesto<\/td>\n<\/tr>\n<tr>\n<td style=\"text-align: center;\">Carilla dental<\/td>\n<td style=\"text-align: center;\">Precios sobre presupuesto<\/td>\n<\/tr>\n<tr>\n<td style=\"text-align: center;\">Blanqueamiento dental<\/td>\n<td style=\"text-align: center;\">Precios sobre presupuesto<\/td>\n<\/tr>\n<\/tbody>\n<\/table>\t\t\t\t\t\t\t\t<\/div>\n\t\t\t\t<\/div>\n\t\t\t\t\t<\/div>\n\t\t<\/div>\n\t\t\t\t\t<\/div>\n\t\t<\/section>\n\t\t\t\t<section class=\"elementor-section elementor-top-section elementor-element elementor-element-17258dc elementor-section-boxed elementor-section-height-default elementor-section-height-default\" data-id=\"17258dc\" data-element_type=\"section\" data-e-type=\"section\" id=\"bg-devis-express\">\n\t\t\t\t\t\t<div class=\"elementor-container elementor-column-gap-default\">\n\t\t\t\t\t<div class=\"elementor-column elementor-col-100 elementor-top-column elementor-element elementor-element-28727fa\" data-id=\"28727fa\" data-element_type=\"column\" data-e-type=\"column\">\n\t\t\t<div class=\"elementor-widget-wrap elementor-element-populated\">\n\t\t\t\t\t\t<div class=\"elementor-element elementor-element-b788f11 elementor-widget elementor-widget-text-editor\" data-id=\"b788f11\" data-element_type=\"widget\" data-e-type=\"widget\" data-widget_type=\"text-editor.default\">\n\t\t\t\t<div class=\"elementor-widget-container\">\n\t\t\t\t\t\t\t\t\t<style>\r\n\tbody.home #main-form h2 {\r\n   display:none;\r\n}\r\n<\/style>\r\n<h2 style=\"text-align: center;font-weight: bold;\">Presupuesto r\u00e1pido gratuito<\/h2>\r\n<iframe src=\"https:\/\/app.metocrm.com\/web-forms\/e1cab5bd-ef56-4a37-aa71-4857d931f368\"  height=\"700px\" width=\"100%\"  frameborder=\"0\"><\/iframe>\t\t\t\t\t\t\t\t<\/div>\n\t\t\t\t<\/div>\n\t\t\t\t\t<\/div>\n\t\t<\/div>\n\t\t\t\t\t<\/div>\n\t\t<\/section>\n\t\t\t\t<section class=\"elementor-section elementor-top-section elementor-element elementor-element-be0fb6a elementor-section-boxed elementor-section-height-default elementor-section-height-default\" data-id=\"be0fb6a\" data-element_type=\"section\" data-e-type=\"section\">\n\t\t\t\t\t\t<div class=\"elementor-container elementor-column-gap-default\">\n\t\t\t\t\t<div class=\"elementor-column elementor-col-100 elementor-top-column elementor-element elementor-element-45a1062\" data-id=\"45a1062\" data-element_type=\"column\" data-e-type=\"column\">\n\t\t\t<div class=\"elementor-widget-wrap elementor-element-populated\">\n\t\t\t\t\t\t<div class=\"elementor-element elementor-element-32cc49c elementor-widget elementor-widget-text-editor\" data-id=\"32cc49c\" data-element_type=\"widget\" data-e-type=\"widget\" data-widget_type=\"text-editor.default\">\n\t\t\t\t<div class=\"elementor-widget-container\">\n\t\t\t\t\t\t\t\t\t<h2>Procedimiento de aplicaci\u00f3n de las carillas dentales<\/h2>\n<p>Antes de la fabricaci\u00f3n de carillas a medida, el odont\u00f3logo debe detallar los pasos del tratamiento y el tiempo necesario. En resumen, he aqu\u00ed las fases de la instalaci\u00f3n de la carilla dental practicada en T\u00fanez.<\/p>\n<ul class=\"liste-style\">\n<li>Una cita inicial con el dentista para determinar las expectativas del paciente y tomar medidas, marcas e impresiones del aparato bucal del paciente con la ayuda de una radiograf\u00eda.<\/li>\n<li>La segunda cita es para la transformaci\u00f3n del molde en una boquilla que se colocar\u00e1 en el diente o dientes del paciente. Este paso es importante para tener una idea precisa del futuro aspecto de los dientes.<\/li>\n<\/ul>\n<p>Durante esta cita, el dentista puede recortar algunos dientes para adaptarlos a la carilla. Este procedimiento s\u00f3lo dura unos minutos y es indoloro.<\/p>\n<p><strong>Las carillas definitivas se colocan<\/strong> con anestesia local para evitar molestias ocasionales durante el tratamiento dental.<\/p>\n<p>Esta etapa dura unas 2 horas. As\u00ed que, en total, ser\u00e1n necesarias 3 horas de trabajo para colocar las carillas dentales.<\/p>\n<h2>Seguimiento de las sesiones de carillas dentales<\/h2>\n<p>No hay efectos postoperatorios tras la aplicaci\u00f3n de carillas dentales. Sin embargo, el paciente debe optar por una higiene bucal saludable (cepillarse los dientes 3 veces al d\u00eda, raspado cada seis meses).<\/p>\n<p>El paciente tambi\u00e9n debe llevar un protector bucal si padece bruxismo (mayor rechinamiento de los dientes durante el sue\u00f1o).<\/p>\n\t\t\t\t\t\t\t\t<\/div>\n\t\t\t\t<\/div>\n\t\t\t\t\t<\/div>\n\t\t<\/div>\n\t\t\t\t\t<\/div>\n\t\t<\/section>\n\t\t\t\t<section class=\"elementor-section elementor-top-section elementor-element elementor-element-6887cd9 elementor-section-boxed elementor-section-height-default elementor-section-height-default\" data-id=\"6887cd9\" data-element_type=\"section\" data-e-type=\"section\">\n\t\t\t\t\t\t<div class=\"elementor-container elementor-column-gap-default\">\n\t\t\t\t\t<div class=\"elementor-column elementor-col-66 elementor-top-column elementor-element elementor-element-93b3b99\" data-id=\"93b3b99\" data-element_type=\"column\" data-e-type=\"column\">\n\t\t\t<div class=\"elementor-widget-wrap elementor-element-populated\">\n\t\t\t\t\t\t<div class=\"elementor-element elementor-element-da9f934 elementor-widget elementor-widget-text-editor\" data-id=\"da9f934\" data-element_type=\"widget\" data-e-type=\"widget\" data-widget_type=\"text-editor.default\">\n\t\t\t\t<div class=\"elementor-widget-container\">\n\t\t\t\t\t\t\t\t\t<h2>Resultado de la colocaci\u00f3n de las carillas dentales<\/h2>\n<p>El resultado es inmediato, los dientes se alinean, el color de los dientes es m\u00e1s blanco y se corrige su forma.<\/p>\n\t\t\t\t\t\t\t\t<\/div>\n\t\t\t\t<\/div>\n\t\t\t\t\t<\/div>\n\t\t<\/div>\n\t\t\t\t<div class=\"elementor-column elementor-col-33 elementor-top-column elementor-element elementor-element-07c845f\" data-id=\"07c845f\" data-element_type=\"column\" data-e-type=\"column\">\n\t\t\t<div class=\"elementor-widget-wrap elementor-element-populated\">\n\t\t\t\t\t\t<div class=\"elementor-element elementor-element-7891fc9 elementor-widget elementor-widget-text-editor\" data-id=\"7891fc9\" data-element_type=\"widget\" data-e-type=\"widget\" data-widget_type=\"text-editor.default\">\n\t\t\t\t<div class=\"elementor-widget-container\">\n\t\t\t\t\t\t\t\t\t<p><img decoding=\"async\" class=\"alignrightsize-full\" src=\"https:\/\/www.medespoir.fr\/wp-content\/uploads\/2018\/02\/resultat-pose-facettes-dentaires.jpg\" alt=\"resultado-facetas-dentales\"><\/p>\n\t\t\t\t\t\t\t\t<\/div>\n\t\t\t\t<\/div>\n\t\t\t\t\t<\/div>\n\t\t<\/div>\n\t\t\t\t\t<\/div>\n\t\t<\/section>\n\t\t\t\t<section class=\"elementor-section elementor-top-section elementor-element elementor-element-2365b94 elementor-section-boxed elementor-section-height-default elementor-section-height-default\" data-id=\"2365b94\" data-element_type=\"section\" data-e-type=\"section\">\n\t\t\t\t\t\t<div class=\"elementor-container elementor-column-gap-default\">\n\t\t\t\t\t<div class=\"elementor-column elementor-col-50 elementor-top-column elementor-element elementor-element-1010019\" data-id=\"1010019\" data-element_type=\"column\" data-e-type=\"column\">\n\t\t\t<div class=\"elementor-widget-wrap elementor-element-populated\">\n\t\t\t\t\t\t<div class=\"elementor-element elementor-element-00156a6 elementor-widget elementor-widget-html\" data-id=\"00156a6\" data-element_type=\"widget\" data-e-type=\"widget\" data-widget_type=\"html.default\">\n\t\t\t\t<div class=\"elementor-widget-container\">\n\t\t\t\t\t<a href=\"https:\/\/www.medespoir.fr\/es\/presupuesto\/\" class=\"main__btn blue\"><span>Presupuesto gratuito<\/span><\/a>\t\t\t\t<\/div>\n\t\t\t\t<\/div>\n\t\t\t\t\t<\/div>\n\t\t<\/div>\n\t\t\t\t<div class=\"elementor-column elementor-col-50 elementor-top-column elementor-element elementor-element-5c74d69\" data-id=\"5c74d69\" data-element_type=\"column\" data-e-type=\"column\">\n\t\t\t<div class=\"elementor-widget-wrap\">\n\t\t\t\t\t\t\t<\/div>\n\t\t<\/div>\n\t\t\t\t\t<\/div>\n\t\t<\/section>\n\t\t\t\t<section class=\"elementor-section elementor-top-section elementor-element elementor-element-3f290dc5 elementor-section-boxed elementor-section-height-default elementor-section-height-default\" data-id=\"3f290dc5\" data-element_type=\"section\" data-e-type=\"section\">\n\t\t\t\t\t\t<div class=\"elementor-container elementor-column-gap-default\">\n\t\t\t\t\t<div class=\"elementor-column elementor-col-100 elementor-top-column elementor-element elementor-element-587958f5\" data-id=\"587958f5\" data-element_type=\"column\" data-e-type=\"column\">\n\t\t\t<div class=\"elementor-widget-wrap elementor-element-populated\">\n\t\t\t\t\t\t<div class=\"elementor-element elementor-element-4bf14742 elementor-widget elementor-widget-text-editor\" data-id=\"4bf14742\" data-element_type=\"widget\" data-e-type=\"widget\" data-widget_type=\"text-editor.default\">\n\t\t\t\t<div class=\"elementor-widget-container\">\n\t\t\t\t\t\t\t\t\t<h2>Los diferentes tipos de carillas dentales<\/h2>\n<p>Existen dos categor\u00edas principales de carillas dentales: las carillas de porcelana y cer\u00e1mica y las carillas de composite, que se caracterizan por su uso poco frecuente.<\/p>\n<h3>Carillas de resina compuesta<\/h3>\n<p>Esta t\u00e9cnica se desarrolla in situ, por el propio dentista, sin recurrir a un laboratorio. Se opera directamente sobre el diente. De este modo, en una sola consulta, se muestra una sonrisa bella y radiante.<\/p>\n<h3>Carillas de porcelana\/cer\u00e1mica<\/h3>\n<p>La <strong>carilla de porcelana o cer\u00e1mica<\/strong> cubre la cara visible del diente. Garantiza el reflejo de una bella sonrisa actuando sobre el color, la forma y la alineaci\u00f3n de los dientes, incluso cubriendo peque\u00f1as deformidades. Por tanto, desempe\u00f1a la misma funci\u00f3n que una carilla de composite, salvo que se fabrica en un laboratorio. A diferencia de los clavos postizos, las carillas dentales se moldean a los dientes y luego se cementan a la fachada dental, por lo que es necesario realizar dos visitas.<\/p>\n\t\t\t\t\t\t\t\t<\/div>\n\t\t\t\t<\/div>\n\t\t\t\t\t<\/div>\n\t\t<\/div>\n\t\t\t\t\t<\/div>\n\t\t<\/section>\n\t\t\t\t<\/div>\n\t\t","protected":false},"excerpt":{"rendered":"<p>La instalaci\u00f3n de carillas dentales T\u00fanez permite mejorar la alineaci\u00f3n y modificar la forma y el color de un diente. [&hellip;]<\/p>\n","protected":false},"author":1,"featured_media":21040,"parent":0,"menu_order":101,"comment_status":"closed","ping_status":"closed","template":"","meta":{"footnotes":""},"class_list":["post-21641","page","type-page","status-publish","has-post-thumbnail","hentry"],"yoast_head":"<!-- This site is optimized with the Yoast SEO plugin v27.4 - https:\/\/yoast.com\/product\/yoast-seo-wordpress\/ -->\n<title>Carilla dental T\u00fanez: Precio de la carilla dental<\/title>\n<meta name=\"description\" content=\"Carillas dentales T\u00fanez, Encuentra una sonrisa brillante a un precio bajo con la oferta todo incluido de carillas dentales de Medespoir.\" \/>\n<meta name=\"robots\" content=\"index, follow, max-snippet:-1, max-image-preview:large, max-video-preview:-1\" \/>\n<link rel=\"canonical\" href=\"https:\/\/www.medespoir.fr\/es\/carillas\/\" \/>\n<meta name=\"twitter:label1\" content=\"Tiempo de lectura\" \/>\n\t<meta name=\"twitter:data1\" content=\"4 minutos\" \/>\n<script type=\"application\/ld+json\" class=\"yoast-schema-graph\">{\"@context\":\"https:\\\/\\\/schema.org\",\"@graph\":[{\"@type\":\"WebPage\",\"@id\":\"https:\\\/\\\/www.medespoir.fr\\\/es\\\/carillas\\\/\",\"url\":\"https:\\\/\\\/www.medespoir.fr\\\/es\\\/carillas\\\/\",\"name\":\"Carilla dental T\u00fanez: Precio de la carilla dental\",\"isPartOf\":{\"@id\":\"https:\\\/\\\/www.medespoir.fr\\\/es\\\/#website\"},\"primaryImageOfPage\":{\"@id\":\"https:\\\/\\\/www.medespoir.fr\\\/es\\\/carillas\\\/#primaryimage\"},\"image\":{\"@id\":\"https:\\\/\\\/www.medespoir.fr\\\/es\\\/carillas\\\/#primaryimage\"},\"thumbnailUrl\":\"https:\\\/\\\/www.medespoir.fr\\\/wp-content\\\/uploads\\\/2021\\\/11\\\/header-dentaire.jpg\",\"datePublished\":\"2017-09-11T14:14:40+00:00\",\"dateModified\":\"2022-12-20T15:40:54+00:00\",\"description\":\"Carillas dentales T\u00fanez, Encuentra una sonrisa brillante a un precio bajo con la oferta todo incluido de carillas dentales de Medespoir.\",\"breadcrumb\":{\"@id\":\"https:\\\/\\\/www.medespoir.fr\\\/es\\\/carillas\\\/#breadcrumb\"},\"inLanguage\":\"es\",\"potentialAction\":[{\"@type\":\"ReadAction\",\"target\":[\"https:\\\/\\\/www.medespoir.fr\\\/es\\\/carillas\\\/\"]}]},{\"@type\":\"ImageObject\",\"inLanguage\":\"es\",\"@id\":\"https:\\\/\\\/www.medespoir.fr\\\/es\\\/carillas\\\/#primaryimage\",\"url\":\"https:\\\/\\\/www.medespoir.fr\\\/wp-content\\\/uploads\\\/2021\\\/11\\\/header-dentaire.jpg\",\"contentUrl\":\"https:\\\/\\\/www.medespoir.fr\\\/wp-content\\\/uploads\\\/2021\\\/11\\\/header-dentaire.jpg\",\"width\":1928,\"height\":479},{\"@type\":\"BreadcrumbList\",\"@id\":\"https:\\\/\\\/www.medespoir.fr\\\/es\\\/carillas\\\/#breadcrumb\",\"itemListElement\":[{\"@type\":\"ListItem\",\"position\":1,\"name\":\"Accueil\",\"item\":\"https:\\\/\\\/www.medespoir.fr\\\/es\\\/\"},{\"@type\":\"ListItem\",\"position\":2,\"name\":\"Carillas dentales T\u00fanez : Mejora est\u00e9tica de sus dientes\"}]},{\"@type\":\"WebSite\",\"@id\":\"https:\\\/\\\/www.medespoir.fr\\\/es\\\/#website\",\"url\":\"https:\\\/\\\/www.medespoir.fr\\\/es\\\/\",\"name\":\"Medespoir France\",\"description\":\"Chirurgie esthetique Tunisie\",\"publisher\":{\"@id\":\"https:\\\/\\\/www.medespoir.fr\\\/es\\\/#organization\"},\"potentialAction\":[{\"@type\":\"SearchAction\",\"target\":{\"@type\":\"EntryPoint\",\"urlTemplate\":\"https:\\\/\\\/www.medespoir.fr\\\/es\\\/?s={search_term_string}\"},\"query-input\":{\"@type\":\"PropertyValueSpecification\",\"valueRequired\":true,\"valueName\":\"search_term_string\"}}],\"inLanguage\":\"es\"},{\"@type\":\"Organization\",\"@id\":\"https:\\\/\\\/www.medespoir.fr\\\/es\\\/#organization\",\"name\":\"Medespoir France\",\"url\":\"https:\\\/\\\/www.medespoir.fr\\\/es\\\/\",\"logo\":{\"@type\":\"ImageObject\",\"inLanguage\":\"es\",\"@id\":\"https:\\\/\\\/www.medespoir.fr\\\/es\\\/#\\\/schema\\\/logo\\\/image\\\/\",\"url\":\"https:\\\/\\\/www.medespoir.fr\\\/wp-content\\\/uploads\\\/2021\\\/10\\\/cropped-logo__medespoirFR.png\",\"contentUrl\":\"https:\\\/\\\/www.medespoir.fr\\\/wp-content\\\/uploads\\\/2021\\\/10\\\/cropped-logo__medespoirFR.png\",\"width\":150,\"height\":62,\"caption\":\"Medespoir France\"},\"image\":{\"@id\":\"https:\\\/\\\/www.medespoir.fr\\\/es\\\/#\\\/schema\\\/logo\\\/image\\\/\"},\"sameAs\":[\"https:\\\/\\\/www.facebook.com\\\/MedEspoirFr\",\"https:\\\/\\\/x.com\\\/MedEspoirTN\"]}]}<\/script>\n<!-- \/ Yoast SEO plugin. -->","yoast_head_json":{"title":"Carilla dental T\u00fanez: Precio de la carilla dental","description":"Carillas dentales T\u00fanez, Encuentra una sonrisa brillante a un precio bajo con la oferta todo incluido de carillas dentales de Medespoir.","robots":{"index":"index","follow":"follow","max-snippet":"max-snippet:-1","max-image-preview":"max-image-preview:large","max-video-preview":"max-video-preview:-1"},"canonical":"https:\/\/www.medespoir.fr\/es\/carillas\/","twitter_misc":{"Tiempo de lectura":"4 minutos"},"schema":{"@context":"https:\/\/schema.org","@graph":[{"@type":"WebPage","@id":"https:\/\/www.medespoir.fr\/es\/carillas\/","url":"https:\/\/www.medespoir.fr\/es\/carillas\/","name":"Carilla dental T\u00fanez: Precio de la carilla dental","isPartOf":{"@id":"https:\/\/www.medespoir.fr\/es\/#website"},"primaryImageOfPage":{"@id":"https:\/\/www.medespoir.fr\/es\/carillas\/#primaryimage"},"image":{"@id":"https:\/\/www.medespoir.fr\/es\/carillas\/#primaryimage"},"thumbnailUrl":"https:\/\/www.medespoir.fr\/wp-content\/uploads\/2021\/11\/header-dentaire.jpg","datePublished":"2017-09-11T14:14:40+00:00","dateModified":"2022-12-20T15:40:54+00:00","description":"Carillas dentales T\u00fanez, Encuentra una sonrisa brillante a un precio bajo con la oferta todo incluido de carillas dentales de Medespoir.","breadcrumb":{"@id":"https:\/\/www.medespoir.fr\/es\/carillas\/#breadcrumb"},"inLanguage":"es","potentialAction":[{"@type":"ReadAction","target":["https:\/\/www.medespoir.fr\/es\/carillas\/"]}]},{"@type":"ImageObject","inLanguage":"es","@id":"https:\/\/www.medespoir.fr\/es\/carillas\/#primaryimage","url":"https:\/\/www.medespoir.fr\/wp-content\/uploads\/2021\/11\/header-dentaire.jpg","contentUrl":"https:\/\/www.medespoir.fr\/wp-content\/uploads\/2021\/11\/header-dentaire.jpg","width":1928,"height":479},{"@type":"BreadcrumbList","@id":"https:\/\/www.medespoir.fr\/es\/carillas\/#breadcrumb","itemListElement":[{"@type":"ListItem","position":1,"name":"Accueil","item":"https:\/\/www.medespoir.fr\/es\/"},{"@type":"ListItem","position":2,"name":"Carillas dentales T\u00fanez : Mejora est\u00e9tica de sus dientes"}]},{"@type":"WebSite","@id":"https:\/\/www.medespoir.fr\/es\/#website","url":"https:\/\/www.medespoir.fr\/es\/","name":"Medespoir France","description":"Chirurgie esthetique Tunisie","publisher":{"@id":"https:\/\/www.medespoir.fr\/es\/#organization"},"potentialAction":[{"@type":"SearchAction","target":{"@type":"EntryPoint","urlTemplate":"https:\/\/www.medespoir.fr\/es\/?s={search_term_string}"},"query-input":{"@type":"PropertyValueSpecification","valueRequired":true,"valueName":"search_term_string"}}],"inLanguage":"es"},{"@type":"Organization","@id":"https:\/\/www.medespoir.fr\/es\/#organization","name":"Medespoir France","url":"https:\/\/www.medespoir.fr\/es\/","logo":{"@type":"ImageObject","inLanguage":"es","@id":"https:\/\/www.medespoir.fr\/es\/#\/schema\/logo\/image\/","url":"https:\/\/www.medespoir.fr\/wp-content\/uploads\/2021\/10\/cropped-logo__medespoirFR.png","contentUrl":"https:\/\/www.medespoir.fr\/wp-content\/uploads\/2021\/10\/cropped-logo__medespoirFR.png","width":150,"height":62,"caption":"Medespoir France"},"image":{"@id":"https:\/\/www.medespoir.fr\/es\/#\/schema\/logo\/image\/"},"sameAs":["https:\/\/www.facebook.com\/MedEspoirFr","https:\/\/x.com\/MedEspoirTN"]}]}},"_links":{"self":[{"href":"https:\/\/www.medespoir.fr\/es\/wp-json\/wp\/v2\/pages\/21641","targetHints":{"allow":["GET"]}}],"collection":[{"href":"https:\/\/www.medespoir.fr\/es\/wp-json\/wp\/v2\/pages"}],"about":[{"href":"https:\/\/www.medespoir.fr\/es\/wp-json\/wp\/v2\/types\/page"}],"author":[{"embeddable":true,"href":"https:\/\/www.medespoir.fr\/es\/wp-json\/wp\/v2\/users\/1"}],"replies":[{"embeddable":true,"href":"https:\/\/www.medespoir.fr\/es\/wp-json\/wp\/v2\/comments?post=21641"}],"version-history":[{"count":0,"href":"https:\/\/www.medespoir.fr\/es\/wp-json\/wp\/v2\/pages\/21641\/revisions"}],"wp:featuredmedia":[{"embeddable":true,"href":"https:\/\/www.medespoir.fr\/es\/wp-json\/wp\/v2\/media\/21040"}],"wp:attachment":[{"href":"https:\/\/www.medespoir.fr\/es\/wp-json\/wp\/v2\/media?parent=21641"}],"curies":[{"name":"wp","href":"https:\/\/api.w.org\/{rel}","templated":true}]}}