{"id":21637,"date":"2017-09-08T12:59:39","date_gmt":"2017-09-08T10:59:39","guid":{"rendered":"https:\/\/www.medespoir.fr\/blanqueamiento-dental-en-tunez-lo-que-hay-que-saber\/"},"modified":"2022-12-20T12:22:30","modified_gmt":"2022-12-20T11:22:30","slug":"blanquamiento","status":"publish","type":"page","link":"https:\/\/www.medespoir.fr\/es\/blanquamiento\/","title":{"rendered":"Blanqueamiento dental en T\u00fanez: \u00a1lo que hay que saber!"},"content":{"rendered":"\t\t<div data-elementor-type=\"wp-page\" data-elementor-id=\"21637\" class=\"elementor elementor-21637\">\n\t\t\t\t\t\t<section class=\"elementor-section elementor-top-section elementor-element elementor-element-4e8c153 elementor-section-boxed elementor-section-height-default elementor-section-height-default\" data-id=\"4e8c153\" data-element_type=\"section\" data-e-type=\"section\">\n\t\t\t\t\t\t<div class=\"elementor-container elementor-column-gap-default\">\n\t\t\t\t\t<div class=\"elementor-column elementor-col-66 elementor-top-column elementor-element elementor-element-448a4ae\" data-id=\"448a4ae\" data-element_type=\"column\" data-e-type=\"column\">\n\t\t\t<div class=\"elementor-widget-wrap elementor-element-populated\">\n\t\t\t\t\t\t<div class=\"elementor-element elementor-element-b3874a9 elementor-widget elementor-widget-text-editor\" data-id=\"b3874a9\" data-element_type=\"widget\" data-e-type=\"widget\" data-widget_type=\"text-editor.default\">\n\t\t\t\t<div class=\"elementor-widget-container\">\n\t\t\t\t\t\t\t\t\tTener los dientes de color marr\u00f3n o amarillo, o incluso gris, es embarazoso e inc\u00f3modo, porque limitan nuestras sonrisas e incluso las evitamos escondi\u00e9ndolas con la punta de los dedos. Pensar en t\u00e9cnicas de <strong>blanqueamiento dental<\/strong> en <strong>T\u00fanez<\/strong> para recuperar la atractiva sonrisa blanca se convierte en algo esencial.\n\nLas \u00faltimas tendencias en el campo de la salud y la est\u00e9tica dental giran en torno a la ortodoncia para adultos y <a href=\"https:\/\/www.medespoir.fr\/es\/implante-dental\/\">los implantes dentales<\/a>.\t\t\t\t\t\t\t\t<\/div>\n\t\t\t\t<\/div>\n\t\t\t\t<div class=\"elementor-element elementor-element-ee83843 elementor-widget elementor-widget-text-editor\" data-id=\"ee83843\" data-element_type=\"widget\" data-e-type=\"widget\" data-widget_type=\"text-editor.default\">\n\t\t\t\t<div class=\"elementor-widget-container\">\n\t\t\t\t\t\t\t\t\t<h2>\u00bfQu\u00e9 es el blanqueamiento dental?<\/h2>\nEs <strong>\n  <u>una t\u00e9cnica de blanqueamiento en odontolog\u00eda est\u00e9tica<\/u>\n<\/strong> poco sofisticado. El blanqueamiento dental es el resultado de una reacci\u00f3n de sustancias qu\u00edmicas oxidantes, liberando as\u00ed la mol\u00e9cula de ox\u00edgeno, una entidad blanqueadora, que garantizar\u00e1 m\u00e1s blancura y brillo a sus emails y dientes.\n\nPor su nombre, este proceso es un tratamiento espec\u00edfico de los dientes manchados o alterados con el fin de mejorar el color.\t\t\t\t\t\t\t\t<\/div>\n\t\t\t\t<\/div>\n\t\t\t\t\t<\/div>\n\t\t<\/div>\n\t\t\t\t<div class=\"elementor-column elementor-col-33 elementor-top-column elementor-element elementor-element-07b8c41\" data-id=\"07b8c41\" data-element_type=\"column\" data-e-type=\"column\">\n\t\t\t<div class=\"elementor-widget-wrap elementor-element-populated\">\n\t\t\t\t\t\t<div class=\"elementor-element elementor-element-5a55637 elementor-widget elementor-widget-text-editor\" data-id=\"5a55637\" data-element_type=\"widget\" data-e-type=\"widget\" data-widget_type=\"text-editor.default\">\n\t\t\t\t<div class=\"elementor-widget-container\">\n\t\t\t\t\t\t\t\t\t<p><img decoding=\"async\" class=\"size-full\" src=\"https:\/\/www.medespoir.fr\/wp-content\/uploads\/2021\/11\/blanchiment-dents-tunisie.jpg\" alt=\"Blanqueamiento dental en T\u00fanez: \u00a1lo que hay que saber!\"><\/p>\n\t\t\t\t\t\t\t\t<\/div>\n\t\t\t\t<\/div>\n\t\t\t\t\t<\/div>\n\t\t<\/div>\n\t\t\t\t\t<\/div>\n\t\t<\/section>\n\t\t\t\t<section class=\"elementor-section elementor-top-section elementor-element elementor-element-9fb2ffe elementor-section-boxed elementor-section-height-default elementor-section-height-default\" data-id=\"9fb2ffe\" data-element_type=\"section\" data-e-type=\"section\" id=\"bg-devis-express\">\n\t\t\t\t\t\t<div class=\"elementor-container elementor-column-gap-default\">\n\t\t\t\t\t<div class=\"elementor-column elementor-col-100 elementor-top-column elementor-element elementor-element-0ade294\" data-id=\"0ade294\" data-element_type=\"column\" data-e-type=\"column\">\n\t\t\t<div class=\"elementor-widget-wrap elementor-element-populated\">\n\t\t\t\t\t\t<div class=\"elementor-element elementor-element-a7b6b66 elementor-widget elementor-widget-text-editor\" data-id=\"a7b6b66\" data-element_type=\"widget\" data-e-type=\"widget\" data-widget_type=\"text-editor.default\">\n\t\t\t\t<div class=\"elementor-widget-container\">\n\t\t\t\t\t\t\t\t\t<style>\r\n\tbody.home #main-form h2 {\r\n   display:none;\r\n}\r\n<\/style>\r\n<h2 style=\"text-align: center;font-weight: bold;\">Presupuesto r\u00e1pido gratuito<\/h2>\r\n<iframe src=\"https:\/\/app.metocrm.com\/web-forms\/e1cab5bd-ef56-4a37-aa71-4857d931f368\"  height=\"700px\" width=\"100%\"  frameborder=\"0\"><\/iframe>\t\t\t\t\t\t\t\t<\/div>\n\t\t\t\t<\/div>\n\t\t\t\t\t<\/div>\n\t\t<\/div>\n\t\t\t\t\t<\/div>\n\t\t<\/section>\n\t\t\t\t<section class=\"elementor-section elementor-top-section elementor-element elementor-element-5654c145 elementor-section-boxed elementor-section-height-default elementor-section-height-default\" data-id=\"5654c145\" data-element_type=\"section\" data-e-type=\"section\">\n\t\t\t\t\t\t<div class=\"elementor-container elementor-column-gap-default\">\n\t\t\t\t\t<div class=\"elementor-column elementor-col-100 elementor-top-column elementor-element elementor-element-6e457a87\" data-id=\"6e457a87\" data-element_type=\"column\" data-e-type=\"column\">\n\t\t\t<div class=\"elementor-widget-wrap elementor-element-populated\">\n\t\t\t\t\t\t<div class=\"elementor-element elementor-element-69cff458 elementor-widget elementor-widget-text-editor\" data-id=\"69cff458\" data-element_type=\"widget\" data-e-type=\"widget\" data-widget_type=\"text-editor.default\">\n\t\t\t\t<div class=\"elementor-widget-container\">\n\t\t\t\t\t\t\t\t\t\n<h2>Causas de los dientes manchados o descoloridos<\/h2>\nEl esmalte de cada diente est\u00e1 formado por su capa externa. Al observar y proyectar la luz fuera del esmalte, se crea el color natural de los dientes combin\u00e1ndolo con el color de la dentina bajo el esmalte. La consistencia del esmalte se ve afectada por nuestros genes. Esto se debe a que un esmalte fino dejar\u00e1 ver m\u00e1s del color de la dentina. Un esmalte m\u00e1s suave o m\u00e1s grueso tambi\u00e9n simula la radiaci\u00f3n de la luz y, por tanto, el color.\n\nSe aplica una fina capa sobre el esmalte todos los d\u00edas y elimina todas las manchas. El esmalte de los dientes tambi\u00e9n tiene agujeros que pueden contener suciedad.\n\nVarios factores contribuyen al cambio del color natural de los dientes y a la atribuci\u00f3n del aspecto amarillento. De hecho, hay :\n<ul class=\"liste-style\">\n \t<li>factores hereditarios<\/li>\n \t<li>factores patol\u00f3gicos relacionados con determinadas enfermedades<\/li>\n \t<li>consumo excesivo de caf\u00e9, t\u00e9, vino, tabaco, etc.<\/li>\n \t<li>higiene dental poco saludable.<\/li>\n \t<li>Edad: los dientes de una persona mayor ser\u00e1n menos brillantes debido a un esmalte m\u00e1s fino y una dentina m\u00e1s oscura.<\/li>\n \t<li>La formaci\u00f3n de unas manchas internas en el diente llamadas manchas intr\u00ednsecas. Por ejemplo, las manchas intr\u00ednsecas causadas por el exceso de fl\u00faor en la infancia durante el desarrollo dental.<\/li>\n \t<li>El uso de algunos antibi\u00f3ticos (tetraciclina) puede provocar manchas en los dientes del ni\u00f1o si son consumidos por la madre en la \u00faltima mitad del embarazo o por un ni\u00f1o menor de 8 a\u00f1os.<\/li>\n<\/ul>\nPor lo tanto, el blanqueamiento dental es la soluci\u00f3n definitiva para deshacerse de este amarilleamiento.\t\t\t\t\t\t\t\t<\/div>\n\t\t\t\t<\/div>\n\t\t\t\t\t<\/div>\n\t\t<\/div>\n\t\t\t\t\t<\/div>\n\t\t<\/section>\n\t\t\t\t<section class=\"elementor-section elementor-top-section elementor-element elementor-element-d564cb1 elementor-section-boxed elementor-section-height-default elementor-section-height-default\" data-id=\"d564cb1\" data-element_type=\"section\" data-e-type=\"section\">\n\t\t\t\t\t\t<div class=\"elementor-container elementor-column-gap-default\">\n\t\t\t\t\t<div class=\"elementor-column elementor-col-50 elementor-top-column elementor-element elementor-element-221b672\" data-id=\"221b672\" data-element_type=\"column\" data-e-type=\"column\">\n\t\t\t<div class=\"elementor-widget-wrap elementor-element-populated\">\n\t\t\t\t\t\t<div class=\"elementor-element elementor-element-66efc72 elementor-widget elementor-widget-html\" data-id=\"66efc72\" data-element_type=\"widget\" data-e-type=\"widget\" data-widget_type=\"html.default\">\n\t\t\t\t<div class=\"elementor-widget-container\">\n\t\t\t\t\t<a href=\"https:\/\/www.medespoir.fr\/es\/presupuesto\/\" class=\"main__btn blue\"><span>Presupuesto gratuito<\/span><\/a>\t\t\t\t<\/div>\n\t\t\t\t<\/div>\n\t\t\t\t\t<\/div>\n\t\t<\/div>\n\t\t\t\t<div class=\"elementor-column elementor-col-50 elementor-top-column elementor-element elementor-element-31a92ae\" data-id=\"31a92ae\" data-element_type=\"column\" data-e-type=\"column\">\n\t\t\t<div class=\"elementor-widget-wrap\">\n\t\t\t\t\t\t\t<\/div>\n\t\t<\/div>\n\t\t\t\t\t<\/div>\n\t\t<\/section>\n\t\t\t\t<\/div>\n\t\t","protected":false},"excerpt":{"rendered":"<p>Tener los dientes de color marr\u00f3n o amarillo, o incluso gris, es embarazoso e inc\u00f3modo, porque limitan nuestras sonrisas e [&hellip;]<\/p>\n","protected":false},"author":1,"featured_media":21040,"parent":0,"menu_order":100,"comment_status":"closed","ping_status":"closed","template":"","meta":{"footnotes":""},"class_list":["post-21637","page","type-page","status-publish","has-post-thumbnail","hentry"],"yoast_head":"<!-- This site is optimized with the Yoast SEO plugin v27.4 - https:\/\/yoast.com\/product\/yoast-seo-wordpress\/ -->\n<title>Blanqueamiento dental en T\u00fanez : precio del blanqueamiento dental<\/title>\n<meta name=\"description\" content=\"Considere las t\u00e9cnicas de blanqueamiento dental en T\u00fanez para recuperar esa atractiva sonrisa blanca. Medespoir Francia ofrece precios bajos\" \/>\n<meta name=\"robots\" content=\"index, follow, max-snippet:-1, max-image-preview:large, max-video-preview:-1\" \/>\n<link rel=\"canonical\" href=\"https:\/\/www.medespoir.fr\/es\/blanquamiento\/\" \/>\n<meta name=\"twitter:label1\" content=\"Tiempo de lectura\" \/>\n\t<meta name=\"twitter:data1\" content=\"3 minutos\" \/>\n<script type=\"application\/ld+json\" class=\"yoast-schema-graph\">{\"@context\":\"https:\\\/\\\/schema.org\",\"@graph\":[{\"@type\":\"WebPage\",\"@id\":\"https:\\\/\\\/www.medespoir.fr\\\/es\\\/blanquamiento\\\/\",\"url\":\"https:\\\/\\\/www.medespoir.fr\\\/es\\\/blanquamiento\\\/\",\"name\":\"Blanqueamiento dental en T\u00fanez : precio del blanqueamiento dental\",\"isPartOf\":{\"@id\":\"https:\\\/\\\/www.medespoir.fr\\\/es\\\/#website\"},\"primaryImageOfPage\":{\"@id\":\"https:\\\/\\\/www.medespoir.fr\\\/es\\\/blanquamiento\\\/#primaryimage\"},\"image\":{\"@id\":\"https:\\\/\\\/www.medespoir.fr\\\/es\\\/blanquamiento\\\/#primaryimage\"},\"thumbnailUrl\":\"https:\\\/\\\/www.medespoir.fr\\\/wp-content\\\/uploads\\\/2021\\\/11\\\/header-dentaire.jpg\",\"datePublished\":\"2017-09-08T10:59:39+00:00\",\"dateModified\":\"2022-12-20T11:22:30+00:00\",\"description\":\"Considere las t\u00e9cnicas de blanqueamiento dental en T\u00fanez para recuperar esa atractiva sonrisa blanca. Medespoir Francia ofrece precios bajos\",\"breadcrumb\":{\"@id\":\"https:\\\/\\\/www.medespoir.fr\\\/es\\\/blanquamiento\\\/#breadcrumb\"},\"inLanguage\":\"es\",\"potentialAction\":[{\"@type\":\"ReadAction\",\"target\":[\"https:\\\/\\\/www.medespoir.fr\\\/es\\\/blanquamiento\\\/\"]}]},{\"@type\":\"ImageObject\",\"inLanguage\":\"es\",\"@id\":\"https:\\\/\\\/www.medespoir.fr\\\/es\\\/blanquamiento\\\/#primaryimage\",\"url\":\"https:\\\/\\\/www.medespoir.fr\\\/wp-content\\\/uploads\\\/2021\\\/11\\\/header-dentaire.jpg\",\"contentUrl\":\"https:\\\/\\\/www.medespoir.fr\\\/wp-content\\\/uploads\\\/2021\\\/11\\\/header-dentaire.jpg\",\"width\":1928,\"height\":479},{\"@type\":\"BreadcrumbList\",\"@id\":\"https:\\\/\\\/www.medespoir.fr\\\/es\\\/blanquamiento\\\/#breadcrumb\",\"itemListElement\":[{\"@type\":\"ListItem\",\"position\":1,\"name\":\"Accueil\",\"item\":\"https:\\\/\\\/www.medespoir.fr\\\/es\\\/\"},{\"@type\":\"ListItem\",\"position\":2,\"name\":\"Blanqueamiento dental en T\u00fanez: \u00a1lo que hay que saber!\"}]},{\"@type\":\"WebSite\",\"@id\":\"https:\\\/\\\/www.medespoir.fr\\\/es\\\/#website\",\"url\":\"https:\\\/\\\/www.medespoir.fr\\\/es\\\/\",\"name\":\"Medespoir France\",\"description\":\"Chirurgie esthetique Tunisie\",\"publisher\":{\"@id\":\"https:\\\/\\\/www.medespoir.fr\\\/es\\\/#organization\"},\"potentialAction\":[{\"@type\":\"SearchAction\",\"target\":{\"@type\":\"EntryPoint\",\"urlTemplate\":\"https:\\\/\\\/www.medespoir.fr\\\/es\\\/?s={search_term_string}\"},\"query-input\":{\"@type\":\"PropertyValueSpecification\",\"valueRequired\":true,\"valueName\":\"search_term_string\"}}],\"inLanguage\":\"es\"},{\"@type\":\"Organization\",\"@id\":\"https:\\\/\\\/www.medespoir.fr\\\/es\\\/#organization\",\"name\":\"Medespoir France\",\"url\":\"https:\\\/\\\/www.medespoir.fr\\\/es\\\/\",\"logo\":{\"@type\":\"ImageObject\",\"inLanguage\":\"es\",\"@id\":\"https:\\\/\\\/www.medespoir.fr\\\/es\\\/#\\\/schema\\\/logo\\\/image\\\/\",\"url\":\"https:\\\/\\\/www.medespoir.fr\\\/wp-content\\\/uploads\\\/2021\\\/10\\\/cropped-logo__medespoirFR.png\",\"contentUrl\":\"https:\\\/\\\/www.medespoir.fr\\\/wp-content\\\/uploads\\\/2021\\\/10\\\/cropped-logo__medespoirFR.png\",\"width\":150,\"height\":62,\"caption\":\"Medespoir France\"},\"image\":{\"@id\":\"https:\\\/\\\/www.medespoir.fr\\\/es\\\/#\\\/schema\\\/logo\\\/image\\\/\"},\"sameAs\":[\"https:\\\/\\\/www.facebook.com\\\/MedEspoirFr\",\"https:\\\/\\\/x.com\\\/MedEspoirTN\"]}]}<\/script>\n<!-- \/ Yoast SEO plugin. -->","yoast_head_json":{"title":"Blanqueamiento dental en T\u00fanez : precio del blanqueamiento dental","description":"Considere las t\u00e9cnicas de blanqueamiento dental en T\u00fanez para recuperar esa atractiva sonrisa blanca. Medespoir Francia ofrece precios bajos","robots":{"index":"index","follow":"follow","max-snippet":"max-snippet:-1","max-image-preview":"max-image-preview:large","max-video-preview":"max-video-preview:-1"},"canonical":"https:\/\/www.medespoir.fr\/es\/blanquamiento\/","twitter_misc":{"Tiempo de lectura":"3 minutos"},"schema":{"@context":"https:\/\/schema.org","@graph":[{"@type":"WebPage","@id":"https:\/\/www.medespoir.fr\/es\/blanquamiento\/","url":"https:\/\/www.medespoir.fr\/es\/blanquamiento\/","name":"Blanqueamiento dental en T\u00fanez : precio del blanqueamiento dental","isPartOf":{"@id":"https:\/\/www.medespoir.fr\/es\/#website"},"primaryImageOfPage":{"@id":"https:\/\/www.medespoir.fr\/es\/blanquamiento\/#primaryimage"},"image":{"@id":"https:\/\/www.medespoir.fr\/es\/blanquamiento\/#primaryimage"},"thumbnailUrl":"https:\/\/www.medespoir.fr\/wp-content\/uploads\/2021\/11\/header-dentaire.jpg","datePublished":"2017-09-08T10:59:39+00:00","dateModified":"2022-12-20T11:22:30+00:00","description":"Considere las t\u00e9cnicas de blanqueamiento dental en T\u00fanez para recuperar esa atractiva sonrisa blanca. Medespoir Francia ofrece precios bajos","breadcrumb":{"@id":"https:\/\/www.medespoir.fr\/es\/blanquamiento\/#breadcrumb"},"inLanguage":"es","potentialAction":[{"@type":"ReadAction","target":["https:\/\/www.medespoir.fr\/es\/blanquamiento\/"]}]},{"@type":"ImageObject","inLanguage":"es","@id":"https:\/\/www.medespoir.fr\/es\/blanquamiento\/#primaryimage","url":"https:\/\/www.medespoir.fr\/wp-content\/uploads\/2021\/11\/header-dentaire.jpg","contentUrl":"https:\/\/www.medespoir.fr\/wp-content\/uploads\/2021\/11\/header-dentaire.jpg","width":1928,"height":479},{"@type":"BreadcrumbList","@id":"https:\/\/www.medespoir.fr\/es\/blanquamiento\/#breadcrumb","itemListElement":[{"@type":"ListItem","position":1,"name":"Accueil","item":"https:\/\/www.medespoir.fr\/es\/"},{"@type":"ListItem","position":2,"name":"Blanqueamiento dental en T\u00fanez: \u00a1lo que hay que saber!"}]},{"@type":"WebSite","@id":"https:\/\/www.medespoir.fr\/es\/#website","url":"https:\/\/www.medespoir.fr\/es\/","name":"Medespoir France","description":"Chirurgie esthetique Tunisie","publisher":{"@id":"https:\/\/www.medespoir.fr\/es\/#organization"},"potentialAction":[{"@type":"SearchAction","target":{"@type":"EntryPoint","urlTemplate":"https:\/\/www.medespoir.fr\/es\/?s={search_term_string}"},"query-input":{"@type":"PropertyValueSpecification","valueRequired":true,"valueName":"search_term_string"}}],"inLanguage":"es"},{"@type":"Organization","@id":"https:\/\/www.medespoir.fr\/es\/#organization","name":"Medespoir France","url":"https:\/\/www.medespoir.fr\/es\/","logo":{"@type":"ImageObject","inLanguage":"es","@id":"https:\/\/www.medespoir.fr\/es\/#\/schema\/logo\/image\/","url":"https:\/\/www.medespoir.fr\/wp-content\/uploads\/2021\/10\/cropped-logo__medespoirFR.png","contentUrl":"https:\/\/www.medespoir.fr\/wp-content\/uploads\/2021\/10\/cropped-logo__medespoirFR.png","width":150,"height":62,"caption":"Medespoir France"},"image":{"@id":"https:\/\/www.medespoir.fr\/es\/#\/schema\/logo\/image\/"},"sameAs":["https:\/\/www.facebook.com\/MedEspoirFr","https:\/\/x.com\/MedEspoirTN"]}]}},"_links":{"self":[{"href":"https:\/\/www.medespoir.fr\/es\/wp-json\/wp\/v2\/pages\/21637","targetHints":{"allow":["GET"]}}],"collection":[{"href":"https:\/\/www.medespoir.fr\/es\/wp-json\/wp\/v2\/pages"}],"about":[{"href":"https:\/\/www.medespoir.fr\/es\/wp-json\/wp\/v2\/types\/page"}],"author":[{"embeddable":true,"href":"https:\/\/www.medespoir.fr\/es\/wp-json\/wp\/v2\/users\/1"}],"replies":[{"embeddable":true,"href":"https:\/\/www.medespoir.fr\/es\/wp-json\/wp\/v2\/comments?post=21637"}],"version-history":[{"count":0,"href":"https:\/\/www.medespoir.fr\/es\/wp-json\/wp\/v2\/pages\/21637\/revisions"}],"wp:featuredmedia":[{"embeddable":true,"href":"https:\/\/www.medespoir.fr\/es\/wp-json\/wp\/v2\/media\/21040"}],"wp:attachment":[{"href":"https:\/\/www.medespoir.fr\/es\/wp-json\/wp\/v2\/media?parent=21637"}],"curies":[{"name":"wp","href":"https:\/\/api.w.org\/{rel}","templated":true}]}}