{"id":21628,"date":"2017-03-22T10:34:06","date_gmt":"2017-03-22T09:34:06","guid":{"rendered":"https:\/\/www.medespoir.fr\/implante-dental-tunez-transformacion-estetica-dental\/"},"modified":"2022-12-20T12:20:40","modified_gmt":"2022-12-20T11:20:40","slug":"implante-dental","status":"publish","type":"page","link":"https:\/\/www.medespoir.fr\/es\/implante-dental\/","title":{"rendered":"Implante dental T\u00fanez : Transformaci\u00f3n est\u00e9tica dental"},"content":{"rendered":"\t\t<div data-elementor-type=\"wp-page\" data-elementor-id=\"21628\" class=\"elementor elementor-21628\">\n\t\t\t\t\t\t<section class=\"elementor-section elementor-top-section elementor-element elementor-element-e6ce507 elementor-section-boxed elementor-section-height-default elementor-section-height-default\" data-id=\"e6ce507\" data-element_type=\"section\" data-e-type=\"section\">\n\t\t\t\t\t\t<div class=\"elementor-container elementor-column-gap-default\">\n\t\t\t\t\t<div class=\"elementor-column elementor-col-66 elementor-top-column elementor-element elementor-element-2c7774b\" data-id=\"2c7774b\" data-element_type=\"column\" data-e-type=\"column\">\n\t\t\t<div class=\"elementor-widget-wrap elementor-element-populated\">\n\t\t\t\t\t\t<div class=\"elementor-element elementor-element-ae8b5eb elementor-widget elementor-widget-text-editor\" data-id=\"ae8b5eb\" data-element_type=\"widget\" data-e-type=\"widget\" data-widget_type=\"text-editor.default\">\n\t\t\t\t<div class=\"elementor-widget-container\">\n\t\t\t\t\t\t\t\t\t<p>La <strong>colocaci\u00f3n de implantes dentales<\/strong> es un <strong>procedimiento<\/strong> quir\u00fargico est\u00e9tico en el que se inserta una ra\u00edz artificial de titanio en el hueso por debajo de la l\u00ednea de las enc\u00edas en lugar de una ra\u00edz natural perdida o ausente, para que sirva de pilar de una corona dental.<\/p>\n<p>Este dispositivo artificial puede sustituir a uno o varios dientes ausentes y estabilizar una dentadura para conseguir una verdadera transformaci\u00f3n est\u00e9tica y mejorar la calidad de vida.<\/p>\n\t\t\t\t\t\t\t\t<\/div>\n\t\t\t\t<\/div>\n\t\t\t\t<div class=\"elementor-element elementor-element-0b1ffc7 elementor-widget elementor-widget-text-editor\" data-id=\"0b1ffc7\" data-element_type=\"widget\" data-e-type=\"widget\" data-widget_type=\"text-editor.default\">\n\t\t\t\t<div class=\"elementor-widget-container\">\n\t\t\t\t\t\t\t\t\t<h2>Precio de un implante dental en T\u00fanez<\/h2>\nEl precio de un solo <strong>implante dental en T\u00fa<\/strong> nez var\u00eda seg\u00fan el lugar, y es hasta m\u00e1s de <strong>un 50% m\u00e1s barato que el precio en Europa<\/strong>, con una f\u00f3rmula todo incluido (el <strong>precio del implante dental en T\u00fanez<\/strong>, todos los componentes, los honorarios del cirujano, etc.).\n\t\t\t\t\t\t\t\t<\/div>\n\t\t\t\t<\/div>\n\t\t\t\t<div class=\"elementor-element elementor-element-a72657f elementor-widget elementor-widget-text-editor\" data-id=\"a72657f\" data-element_type=\"widget\" data-e-type=\"widget\" id=\"price\" data-widget_type=\"text-editor.default\">\n\t\t\t\t<div class=\"elementor-widget-container\">\n\t\t\t\t\t\t\t\t\t<table class=\"cmsms_table\">\n<thead>\n<tr class=\"cmsms_table_row_header\">\n<th class=\"cmsms_table_cell_alignleft\">Intervenci\u00f3n<\/th>\n<th class=\"cmsms_table_cell_aligncenter\">Premios<\/th>\n<th class=\"cmsms_table_cell_aligncenter\">Permanezca en<\/th>\n<\/tr>\n<\/thead>\n<tbody>\n<tr>\n<td class=\"cmsms_table_cell_alignleft\">Implantes dentales<\/td>\n<td class=\"cmsms_table_cell_aligncenter\">Precios sobre presupuesto<\/td>\n<td class=\"cmsms_table_cell_aligncenter\"><\/td>\n<\/tr>\n<tr>\n<td class=\"cmsms_table_cell_alignleft\">Carilla dental<\/td>\n<td class=\"cmsms_table_cell_aligncenter\">Precios sobre presupuesto<\/td>\n<td class=\"cmsms_table_cell_aligncenter\"><\/td>\n<\/tr>\n<tr>\n<td class=\"cmsms_table_cell_alignleft\">Blanqueamiento dental<\/td>\n<td class=\"cmsms_table_cell_aligncenter\">Precios sobre presupuesto<\/td>\n<td class=\"cmsms_table_cell_aligncenter\"><\/td>\n<\/tr>\n<\/tbody>\n<\/table>\t\t\t\t\t\t\t\t<\/div>\n\t\t\t\t<\/div>\n\t\t\t\t\t<\/div>\n\t\t<\/div>\n\t\t\t\t<div class=\"elementor-column elementor-col-33 elementor-top-column elementor-element elementor-element-c9cfce0\" data-id=\"c9cfce0\" data-element_type=\"column\" data-e-type=\"column\">\n\t\t\t<div class=\"elementor-widget-wrap elementor-element-populated\">\n\t\t\t\t\t\t<div class=\"elementor-element elementor-element-9f713e1 elementor-widget elementor-widget-text-editor\" data-id=\"9f713e1\" data-element_type=\"widget\" data-e-type=\"widget\" data-widget_type=\"text-editor.default\">\n\t\t\t\t<div class=\"elementor-widget-container\">\n\t\t\t\t\t\t\t\t\t<p><img decoding=\"async\" class=\"aligncenter\" src=\"https:\/\/www.medespoir.fr\/wp-content\/uploads\/2021\/11\/implant-dentaire-pas-cher.jpg\" alt=\"Implante dental T\u00fanez\"><\/p>\n\t\t\t\t\t\t\t\t<\/div>\n\t\t\t\t<\/div>\n\t\t\t\t\t<\/div>\n\t\t<\/div>\n\t\t\t\t\t<\/div>\n\t\t<\/section>\n\t\t\t\t<section class=\"elementor-section elementor-top-section elementor-element elementor-element-2023f85 elementor-section-boxed elementor-section-height-default elementor-section-height-default\" data-id=\"2023f85\" data-element_type=\"section\" data-e-type=\"section\">\n\t\t\t\t\t\t<div class=\"elementor-container elementor-column-gap-default\">\n\t\t\t\t\t<div class=\"elementor-column elementor-col-100 elementor-top-column elementor-element elementor-element-653054b\" data-id=\"653054b\" data-element_type=\"column\" data-e-type=\"column\">\n\t\t\t<div class=\"elementor-widget-wrap\">\n\t\t\t\t\t\t\t<\/div>\n\t\t<\/div>\n\t\t\t\t\t<\/div>\n\t\t<\/section>\n\t\t\t\t<section class=\"elementor-section elementor-top-section elementor-element elementor-element-bdf61d4 elementor-section-boxed elementor-section-height-default elementor-section-height-default\" data-id=\"bdf61d4\" data-element_type=\"section\" data-e-type=\"section\" id=\"bg-devis-express\">\n\t\t\t\t\t\t<div class=\"elementor-container elementor-column-gap-default\">\n\t\t\t\t\t<div class=\"elementor-column elementor-col-100 elementor-top-column elementor-element elementor-element-3088c87\" data-id=\"3088c87\" data-element_type=\"column\" data-e-type=\"column\">\n\t\t\t<div class=\"elementor-widget-wrap elementor-element-populated\">\n\t\t\t\t\t\t<div class=\"elementor-element elementor-element-9ff8b62 elementor-widget elementor-widget-text-editor\" data-id=\"9ff8b62\" data-element_type=\"widget\" data-e-type=\"widget\" data-widget_type=\"text-editor.default\">\n\t\t\t\t<div class=\"elementor-widget-container\">\n\t\t\t\t\t\t\t\t\t<style>\r\n\tbody.home #main-form h2 {\r\n   display:none;\r\n}\r\n<\/style>\r\n<h2 style=\"text-align: center;font-weight: bold;\">Presupuesto r\u00e1pido gratuito<\/h2>\r\n<iframe src=\"https:\/\/app.metocrm.com\/web-forms\/e1cab5bd-ef56-4a37-aa71-4857d931f368\"  height=\"700px\" width=\"100%\"  frameborder=\"0\"><\/iframe>\t\t\t\t\t\t\t\t<\/div>\n\t\t\t\t<\/div>\n\t\t\t\t\t<\/div>\n\t\t<\/div>\n\t\t\t\t\t<\/div>\n\t\t<\/section>\n\t\t\t\t<section class=\"elementor-section elementor-top-section elementor-element elementor-element-b343a60 elementor-section-boxed elementor-section-height-default elementor-section-height-default\" data-id=\"b343a60\" data-element_type=\"section\" data-e-type=\"section\">\n\t\t\t\t\t\t<div class=\"elementor-container elementor-column-gap-default\">\n\t\t\t\t\t<div class=\"elementor-column elementor-col-100 elementor-top-column elementor-element elementor-element-1f08bde\" data-id=\"1f08bde\" data-element_type=\"column\" data-e-type=\"column\">\n\t\t\t<div class=\"elementor-widget-wrap elementor-element-populated\">\n\t\t\t\t\t\t<div class=\"elementor-element elementor-element-9d1a5d4 elementor-widget elementor-widget-text-editor\" data-id=\"9d1a5d4\" data-element_type=\"widget\" data-e-type=\"widget\" data-widget_type=\"text-editor.default\">\n\t\t\t\t<div class=\"elementor-widget-container\">\n\t\t\t\t\t\t\t\t\t<h2>\u00bfPor qu\u00e9 un implante dental en T\u00fanez?<\/h2>\nUna sonrisa bonita refleja buena salud. Perder un diente, ya sea por un accidente, una caries o una enfermedad de las enc\u00edas, genera un sentimiento interior desfavorable, sobre todo porque la falta de un diente se asocia a una mala percepci\u00f3n social y a una apariencia desagradable para los dem\u00e1s. Adem\u00e1s, esto conduce a un deterioro precoz de toda la dentici\u00f3n, enc\u00edas fr\u00e1giles y mala est\u00e9tica.\n\nPor lo tanto, para remediar este problema, un <strong>implante dental en T\u00fanez<\/strong> es la mejor soluci\u00f3n.\n<h2 style=\"text-align: left;\">Procedimiento para la colocaci\u00f3n de un implante dental<\/h2>\nLa intervenci\u00f3n de implantes dentales se realiza en un quir\u00f3fano implantol\u00f3gico bajo anestesia general.\n\nPara empezar, se realiza una abertura en la enc\u00eda para exponer el hueso donde se colocar\u00e1 el implante.\n\nSe practica un orificio en el tejido \u00f3seo de la mand\u00edbula y, mediante un tornillo, se inserta el implante dental en la mand\u00edbula al mismo nivel del hueso bajo la enc\u00eda.\n\nLa abertura se cose o se cubre temporalmente para proteger la zona.\n\nTras un periodo de cicatrizaci\u00f3n necesario (entre 2 y 6 meses) durante el cual el implante se fusiona perfectamente con el hueso, el profesional instala un pilar en cada implante dental y cierra la enc\u00eda.\n\nEs necesario un periodo de cicatrizaci\u00f3n de las enc\u00edas (unos 15 d\u00edas), durante el cual el diente artificial, denominado corona, se fabrica en el laboratorio espec\u00edficamente seg\u00fan las impresiones de los dientes del paciente y, a continuaci\u00f3n, se fija al pilar.\n\nDe este modo, el paciente puede masticar de forma m\u00e1s c\u00f3moda y natural con unos dientes bonitos.\n\nDurante m\u00e1s de cuarenta a\u00f1os, <strong>los implantes dentales<\/strong> han sido una soluci\u00f3n viable y persistente para sustituir los dientes naturales perdidos. Se trata de una t\u00e9cnica quir\u00fargica odontol\u00f3gica habitual pero poco conocida.\n\nMediante el<strong>procedimiento de implante dental<\/strong>, el objetivo es sustituir la ra\u00edz de un diente original por una ra\u00edz dental artificial de titanio, que se enra\u00edza en el hueso maxilar y sobre la que se coloca una corona de forma permanente.\n\nEsta t\u00e9cnica requiere :\n<ul class=\"liste-style\">\n \t<li>Un implante es un tornillo c\u00f3nico o recto, que mide entre 10 y 15 mm de longitud y entre 3 y 5 mm de anchura.<\/li>\n \t<li>A titanio: es un material utilizado en los implantes. El titanio tiene una tolerancia perfecta debido a su uni\u00f3n natural con el hueso, lo que garantiza el \u00e9xito de la implantolog\u00eda de los dientes.<\/li>\n<\/ul>\nHoy en d\u00eda se utiliza el circonio porque es blanco y, por tanto, est\u00e9ticamente muy fiable, pero no es muy resistente.\t\t\t\t\t\t\t\t<\/div>\n\t\t\t\t<\/div>\n\t\t\t\t\t<\/div>\n\t\t<\/div>\n\t\t\t\t\t<\/div>\n\t\t<\/section>\n\t\t\t\t<section class=\"elementor-section elementor-top-section elementor-element elementor-element-13720e6 elementor-section-boxed elementor-section-height-default elementor-section-height-default\" data-id=\"13720e6\" data-element_type=\"section\" data-e-type=\"section\">\n\t\t\t\t\t\t<div class=\"elementor-container elementor-column-gap-default\">\n\t\t\t\t\t<div class=\"elementor-column elementor-col-50 elementor-top-column elementor-element elementor-element-74d46ed\" data-id=\"74d46ed\" data-element_type=\"column\" data-e-type=\"column\">\n\t\t\t<div class=\"elementor-widget-wrap elementor-element-populated\">\n\t\t\t\t\t\t<div class=\"elementor-element elementor-element-12e579c elementor-widget elementor-widget-text-editor\" data-id=\"12e579c\" data-element_type=\"widget\" data-e-type=\"widget\" data-widget_type=\"text-editor.default\">\n\t\t\t\t<div class=\"elementor-widget-container\">\n\t\t\t\t\t\t\t\t\t<p style=\"text-align: center;\">Obtenga un presupuesto personalizado, en dinares, rellenando esta solicitud en l\u00ednea.<\/p>\n\t\t\t\t\t\t\t\t<\/div>\n\t\t\t\t<\/div>\n\t\t\t\t<div class=\"elementor-element elementor-element-f0258f2 elementor-widget elementor-widget-html\" data-id=\"f0258f2\" data-element_type=\"widget\" data-e-type=\"widget\" data-widget_type=\"html.default\">\n\t\t\t\t<div class=\"elementor-widget-container\">\n\t\t\t\t\t<a href=\"https:\/\/www.medespoir.fr\/es\/presupuesto\/\" class=\"main__btn blue\"><span>Presupuesto gratuito<\/span><\/a>\t\t\t\t<\/div>\n\t\t\t\t<\/div>\n\t\t\t\t\t<\/div>\n\t\t<\/div>\n\t\t\t\t<div class=\"elementor-column elementor-col-50 elementor-top-column elementor-element elementor-element-2989bb5\" data-id=\"2989bb5\" data-element_type=\"column\" data-e-type=\"column\">\n\t\t\t<div class=\"elementor-widget-wrap\">\n\t\t\t\t\t\t\t<\/div>\n\t\t<\/div>\n\t\t\t\t\t<\/div>\n\t\t<\/section>\n\t\t\t\t<section class=\"elementor-section elementor-top-section elementor-element elementor-element-190db78 elementor-section-boxed elementor-section-height-default elementor-section-height-default\" data-id=\"190db78\" data-element_type=\"section\" data-e-type=\"section\">\n\t\t\t\t\t\t<div class=\"elementor-container elementor-column-gap-default\">\n\t\t\t\t\t<div class=\"elementor-column elementor-col-100 elementor-top-column elementor-element elementor-element-6b4a12b4\" data-id=\"6b4a12b4\" data-element_type=\"column\" data-e-type=\"column\">\n\t\t\t<div class=\"elementor-widget-wrap elementor-element-populated\">\n\t\t\t\t\t\t<div class=\"elementor-element elementor-element-3fdb3a93 elementor-widget elementor-widget-text-editor\" data-id=\"3fdb3a93\" data-element_type=\"widget\" data-e-type=\"widget\" data-widget_type=\"text-editor.default\">\n\t\t\t\t<div class=\"elementor-widget-container\">\n\t\t\t\t\t\t\t\t\t\n<h2>\u00bfPor qu\u00e9 T\u00fanez para un implante dental?<\/h2>\nUn implante dental de calidad requiere tanto una buena elecci\u00f3n del material como, sobre todo, un buen especialista. Por eso T\u00fanez es el verdadero destino de este tipo de intervenci\u00f3n.\n\nDe hecho, a trav\u00e9s de precios muy competitivos de los implantes y mucho menos costoso que en Europa con una calidad igual de servicios, usted puede beneficiarse de una implantolog\u00eda dental en T\u00fanez garantizar su satisfacci\u00f3n en todas las plantas m\u00e9dicas, sociales, psicol\u00f3gicos, est\u00e9ticos &#8230; Nuestros cirujanos competentes y experimentados llevar a cabo esta incisi\u00f3n a nivel de la enc\u00eda seguido de la colocaci\u00f3n del implante de una manera muy profesional y con \u00e9xito\n<h2>Las diferentes etapas de un implante dental<\/h2>\nPara colocar un implante dental, se deben seguir los tres pasos siguientes:\n<ul class=\"liste-style\">\n \t<li>La fase de la cirug\u00eda en los dientes: el cirujano primero abrir\u00e1 la mand\u00edbula y luego colocar\u00e1 el implante de titanio.<\/li>\n \t<li>La fase de cicatrizaci\u00f3n: se necesita un buen periodo de tiempo, de 2 a 6 meses, para que el implante se fije al hueso.<\/li>\n \t<li>La fase prot\u00e9sica: el profesional coloca un tornillo, toma una impresi\u00f3n de los dientes y finalmente coloca la corona.<\/li>\n<\/ul>\nAs\u00ed, se puede implantar un aparato completo, colocando varios implantes similares a los dientes naturales y sin riesgo de caries o abscesos nerviosos.\n<h2>Los diferentes tipos de implantolog\u00eda dental<\/h2>\nExisten esencialmente dos tipos de implantes dentales\n<h3>Implante dental en una fase o inmediato<\/h3>\nEst\u00e1 arraigada directamente en la mand\u00edbula. Garantiza la sujeci\u00f3n de uno o varios dientes.\n\nElegido para superar la segunda fase de la implantolog\u00eda, por lo que no es necesaria una incisi\u00f3n en la enc\u00eda para la inserci\u00f3n del pilar, este implante es procedimental. En una sola visita se colocan los implantes y se fijan las coronas. Para beneficiarse de este tipo de implante se requiere una buena calidad y cantidad de hueso.\n<h3>Implante dental bif\u00e1sico<\/h3>\nSe realiza en dos etapas. La primera fase consiste en la colocaci\u00f3n del implante dental, que debe fijarse al hueso, lo que requiere un periodo de tiempo para pasar a la segunda fase. Durante este \u00faltimo paso, se coloca un tornillo en el implante, sobre el que se coloca la corona definitiva.\n<h2>Postoperatorio de implantes dentales<\/h2>\n<ul class=\"liste-style\">\n \t<li>Casi ninguna p\u00e9rdida de sangre<\/li>\n \t<li>Ausencia de hinchaz\u00f3n y dolor<\/li>\n \t<li>Debe seguirse una higiene bucal y dental consciente como en el caso de los dientes naturales.<\/li>\n \t<li>Las revisiones peri\u00f3dicas con el dentista son necesarias para mantener una buena salud dental.<\/li>\n<\/ul>\n<h2>Resultados de la cirug\u00eda de implantes dentales<\/h2>\nEl resultado es instant\u00e1neo, unos dientes sanos y en armon\u00eda, que pueden durar mucho tiempo con una higiene bucal rigurosa.\n\nLa <strong>colocaci\u00f3n de un implante<\/strong> dental proporciona al paciente una c\u00f3moda transformaci\u00f3n est\u00e9tica con una bonita sonrisa y sin molestias en las relaciones sociales.\t\t\t\t\t\t\t\t<\/div>\n\t\t\t\t<\/div>\n\t\t\t\t\t<\/div>\n\t\t<\/div>\n\t\t\t\t\t<\/div>\n\t\t<\/section>\n\t\t\t\t<section class=\"elementor-section elementor-top-section elementor-element elementor-element-92e4e26 elementor-section-boxed elementor-section-height-default elementor-section-height-default\" data-id=\"92e4e26\" data-element_type=\"section\" data-e-type=\"section\">\n\t\t\t\t\t\t<div class=\"elementor-container elementor-column-gap-default\">\n\t\t\t\t\t<div class=\"elementor-column elementor-col-50 elementor-top-column elementor-element elementor-element-9f283c6\" data-id=\"9f283c6\" data-element_type=\"column\" data-e-type=\"column\">\n\t\t\t<div class=\"elementor-widget-wrap elementor-element-populated\">\n\t\t\t\t\t\t<div class=\"elementor-element elementor-element-6afd88c elementor-widget elementor-widget-html\" data-id=\"6afd88c\" data-element_type=\"widget\" data-e-type=\"widget\" data-widget_type=\"html.default\">\n\t\t\t\t<div class=\"elementor-widget-container\">\n\t\t\t\t\t<a href=\"https:\/\/www.medespoir.fr\/es\/presupuesto\/\" class=\"main__btn blue\"><span>Presupuesto gratuito<\/span><\/a>\t\t\t\t<\/div>\n\t\t\t\t<\/div>\n\t\t\t\t\t<\/div>\n\t\t<\/div>\n\t\t\t\t<div class=\"elementor-column elementor-col-50 elementor-top-column elementor-element elementor-element-31062f8\" data-id=\"31062f8\" data-element_type=\"column\" data-e-type=\"column\">\n\t\t\t<div class=\"elementor-widget-wrap\">\n\t\t\t\t\t\t\t<\/div>\n\t\t<\/div>\n\t\t\t\t\t<\/div>\n\t\t<\/section>\n\t\t\t\t<\/div>\n\t\t","protected":false},"excerpt":{"rendered":"<p>La colocaci\u00f3n de implantes dentales es un procedimiento quir\u00fargico est\u00e9tico en el que se inserta una ra\u00edz artificial de titanio [&hellip;]<\/p>\n","protected":false},"author":1,"featured_media":21040,"parent":0,"menu_order":95,"comment_status":"closed","ping_status":"closed","template":"","meta":{"footnotes":""},"class_list":["post-21628","page","type-page","status-publish","has-post-thumbnail","hentry"],"yoast_head":"<!-- This site is optimized with the Yoast SEO plugin v27.5 - https:\/\/yoast.com\/product\/yoast-seo-wordpress\/ -->\n<title>Implante dental T\u00fanez : implante dental barato T\u00fanez<\/title>\n<meta name=\"description\" content=\"Implante dental T\u00fanez, todo sobre los implantes dentales en T\u00fanez, precio de los implantes dentales en T\u00fanez.\" \/>\n<meta name=\"robots\" content=\"index, follow, max-snippet:-1, max-image-preview:large, max-video-preview:-1\" \/>\n<link rel=\"canonical\" href=\"https:\/\/www.medespoir.fr\/es\/implante-dental\/\" \/>\n<meta name=\"twitter:label1\" content=\"Tiempo de lectura\" \/>\n\t<meta name=\"twitter:data1\" content=\"5 minutos\" \/>\n<script type=\"application\/ld+json\" class=\"yoast-schema-graph\">{\"@context\":\"https:\\\/\\\/schema.org\",\"@graph\":[{\"@type\":\"WebPage\",\"@id\":\"https:\\\/\\\/www.medespoir.fr\\\/es\\\/implante-dental\\\/\",\"url\":\"https:\\\/\\\/www.medespoir.fr\\\/es\\\/implante-dental\\\/\",\"name\":\"Implante dental T\u00fanez : implante dental barato T\u00fanez\",\"isPartOf\":{\"@id\":\"https:\\\/\\\/www.medespoir.fr\\\/es\\\/#website\"},\"primaryImageOfPage\":{\"@id\":\"https:\\\/\\\/www.medespoir.fr\\\/es\\\/implante-dental\\\/#primaryimage\"},\"image\":{\"@id\":\"https:\\\/\\\/www.medespoir.fr\\\/es\\\/implante-dental\\\/#primaryimage\"},\"thumbnailUrl\":\"https:\\\/\\\/www.medespoir.fr\\\/wp-content\\\/uploads\\\/2021\\\/11\\\/header-dentaire.jpg\",\"datePublished\":\"2017-03-22T09:34:06+00:00\",\"dateModified\":\"2022-12-20T11:20:40+00:00\",\"description\":\"Implante dental T\u00fanez, todo sobre los implantes dentales en T\u00fanez, precio de los implantes dentales en T\u00fanez.\",\"breadcrumb\":{\"@id\":\"https:\\\/\\\/www.medespoir.fr\\\/es\\\/implante-dental\\\/#breadcrumb\"},\"inLanguage\":\"es\",\"potentialAction\":[{\"@type\":\"ReadAction\",\"target\":[\"https:\\\/\\\/www.medespoir.fr\\\/es\\\/implante-dental\\\/\"]}]},{\"@type\":\"ImageObject\",\"inLanguage\":\"es\",\"@id\":\"https:\\\/\\\/www.medespoir.fr\\\/es\\\/implante-dental\\\/#primaryimage\",\"url\":\"https:\\\/\\\/www.medespoir.fr\\\/wp-content\\\/uploads\\\/2021\\\/11\\\/header-dentaire.jpg\",\"contentUrl\":\"https:\\\/\\\/www.medespoir.fr\\\/wp-content\\\/uploads\\\/2021\\\/11\\\/header-dentaire.jpg\",\"width\":1928,\"height\":479},{\"@type\":\"BreadcrumbList\",\"@id\":\"https:\\\/\\\/www.medespoir.fr\\\/es\\\/implante-dental\\\/#breadcrumb\",\"itemListElement\":[{\"@type\":\"ListItem\",\"position\":1,\"name\":\"Accueil\",\"item\":\"https:\\\/\\\/www.medespoir.fr\\\/es\\\/\"},{\"@type\":\"ListItem\",\"position\":2,\"name\":\"Implante dental T\u00fanez : Transformaci\u00f3n est\u00e9tica dental\"}]},{\"@type\":\"WebSite\",\"@id\":\"https:\\\/\\\/www.medespoir.fr\\\/es\\\/#website\",\"url\":\"https:\\\/\\\/www.medespoir.fr\\\/es\\\/\",\"name\":\"Medespoir France\",\"description\":\"Chirurgie esthetique Tunisie\",\"publisher\":{\"@id\":\"https:\\\/\\\/www.medespoir.fr\\\/es\\\/#organization\"},\"potentialAction\":[{\"@type\":\"SearchAction\",\"target\":{\"@type\":\"EntryPoint\",\"urlTemplate\":\"https:\\\/\\\/www.medespoir.fr\\\/es\\\/?s={search_term_string}\"},\"query-input\":{\"@type\":\"PropertyValueSpecification\",\"valueRequired\":true,\"valueName\":\"search_term_string\"}}],\"inLanguage\":\"es\"},{\"@type\":\"Organization\",\"@id\":\"https:\\\/\\\/www.medespoir.fr\\\/es\\\/#organization\",\"name\":\"Medespoir France\",\"url\":\"https:\\\/\\\/www.medespoir.fr\\\/es\\\/\",\"logo\":{\"@type\":\"ImageObject\",\"inLanguage\":\"es\",\"@id\":\"https:\\\/\\\/www.medespoir.fr\\\/es\\\/#\\\/schema\\\/logo\\\/image\\\/\",\"url\":\"https:\\\/\\\/www.medespoir.fr\\\/wp-content\\\/uploads\\\/2021\\\/10\\\/cropped-logo__medespoirFR.png\",\"contentUrl\":\"https:\\\/\\\/www.medespoir.fr\\\/wp-content\\\/uploads\\\/2021\\\/10\\\/cropped-logo__medespoirFR.png\",\"width\":150,\"height\":62,\"caption\":\"Medespoir France\"},\"image\":{\"@id\":\"https:\\\/\\\/www.medespoir.fr\\\/es\\\/#\\\/schema\\\/logo\\\/image\\\/\"},\"sameAs\":[\"https:\\\/\\\/www.facebook.com\\\/MedEspoirFr\",\"https:\\\/\\\/x.com\\\/MedEspoirTN\"]}]}<\/script>\n<!-- \/ Yoast SEO plugin. -->","yoast_head_json":{"title":"Implante dental T\u00fanez : implante dental barato T\u00fanez","description":"Implante dental T\u00fanez, todo sobre los implantes dentales en T\u00fanez, precio de los implantes dentales en T\u00fanez.","robots":{"index":"index","follow":"follow","max-snippet":"max-snippet:-1","max-image-preview":"max-image-preview:large","max-video-preview":"max-video-preview:-1"},"canonical":"https:\/\/www.medespoir.fr\/es\/implante-dental\/","twitter_misc":{"Tiempo de lectura":"5 minutos"},"schema":{"@context":"https:\/\/schema.org","@graph":[{"@type":"WebPage","@id":"https:\/\/www.medespoir.fr\/es\/implante-dental\/","url":"https:\/\/www.medespoir.fr\/es\/implante-dental\/","name":"Implante dental T\u00fanez : implante dental barato T\u00fanez","isPartOf":{"@id":"https:\/\/www.medespoir.fr\/es\/#website"},"primaryImageOfPage":{"@id":"https:\/\/www.medespoir.fr\/es\/implante-dental\/#primaryimage"},"image":{"@id":"https:\/\/www.medespoir.fr\/es\/implante-dental\/#primaryimage"},"thumbnailUrl":"https:\/\/www.medespoir.fr\/wp-content\/uploads\/2021\/11\/header-dentaire.jpg","datePublished":"2017-03-22T09:34:06+00:00","dateModified":"2022-12-20T11:20:40+00:00","description":"Implante dental T\u00fanez, todo sobre los implantes dentales en T\u00fanez, precio de los implantes dentales en T\u00fanez.","breadcrumb":{"@id":"https:\/\/www.medespoir.fr\/es\/implante-dental\/#breadcrumb"},"inLanguage":"es","potentialAction":[{"@type":"ReadAction","target":["https:\/\/www.medespoir.fr\/es\/implante-dental\/"]}]},{"@type":"ImageObject","inLanguage":"es","@id":"https:\/\/www.medespoir.fr\/es\/implante-dental\/#primaryimage","url":"https:\/\/www.medespoir.fr\/wp-content\/uploads\/2021\/11\/header-dentaire.jpg","contentUrl":"https:\/\/www.medespoir.fr\/wp-content\/uploads\/2021\/11\/header-dentaire.jpg","width":1928,"height":479},{"@type":"BreadcrumbList","@id":"https:\/\/www.medespoir.fr\/es\/implante-dental\/#breadcrumb","itemListElement":[{"@type":"ListItem","position":1,"name":"Accueil","item":"https:\/\/www.medespoir.fr\/es\/"},{"@type":"ListItem","position":2,"name":"Implante dental T\u00fanez : Transformaci\u00f3n est\u00e9tica dental"}]},{"@type":"WebSite","@id":"https:\/\/www.medespoir.fr\/es\/#website","url":"https:\/\/www.medespoir.fr\/es\/","name":"Medespoir France","description":"Chirurgie esthetique Tunisie","publisher":{"@id":"https:\/\/www.medespoir.fr\/es\/#organization"},"potentialAction":[{"@type":"SearchAction","target":{"@type":"EntryPoint","urlTemplate":"https:\/\/www.medespoir.fr\/es\/?s={search_term_string}"},"query-input":{"@type":"PropertyValueSpecification","valueRequired":true,"valueName":"search_term_string"}}],"inLanguage":"es"},{"@type":"Organization","@id":"https:\/\/www.medespoir.fr\/es\/#organization","name":"Medespoir France","url":"https:\/\/www.medespoir.fr\/es\/","logo":{"@type":"ImageObject","inLanguage":"es","@id":"https:\/\/www.medespoir.fr\/es\/#\/schema\/logo\/image\/","url":"https:\/\/www.medespoir.fr\/wp-content\/uploads\/2021\/10\/cropped-logo__medespoirFR.png","contentUrl":"https:\/\/www.medespoir.fr\/wp-content\/uploads\/2021\/10\/cropped-logo__medespoirFR.png","width":150,"height":62,"caption":"Medespoir France"},"image":{"@id":"https:\/\/www.medespoir.fr\/es\/#\/schema\/logo\/image\/"},"sameAs":["https:\/\/www.facebook.com\/MedEspoirFr","https:\/\/x.com\/MedEspoirTN"]}]}},"_links":{"self":[{"href":"https:\/\/www.medespoir.fr\/es\/wp-json\/wp\/v2\/pages\/21628","targetHints":{"allow":["GET"]}}],"collection":[{"href":"https:\/\/www.medespoir.fr\/es\/wp-json\/wp\/v2\/pages"}],"about":[{"href":"https:\/\/www.medespoir.fr\/es\/wp-json\/wp\/v2\/types\/page"}],"author":[{"embeddable":true,"href":"https:\/\/www.medespoir.fr\/es\/wp-json\/wp\/v2\/users\/1"}],"replies":[{"embeddable":true,"href":"https:\/\/www.medespoir.fr\/es\/wp-json\/wp\/v2\/comments?post=21628"}],"version-history":[{"count":0,"href":"https:\/\/www.medespoir.fr\/es\/wp-json\/wp\/v2\/pages\/21628\/revisions"}],"wp:featuredmedia":[{"embeddable":true,"href":"https:\/\/www.medespoir.fr\/es\/wp-json\/wp\/v2\/media\/21040"}],"wp:attachment":[{"href":"https:\/\/www.medespoir.fr\/es\/wp-json\/wp\/v2\/media?parent=21628"}],"curies":[{"name":"wp","href":"https:\/\/api.w.org\/{rel}","templated":true}]}}