{"id":21558,"date":"2016-09-27T12:03:14","date_gmt":"2016-09-27T10:03:14","guid":{"rendered":"https:\/\/www.medespoir.fr\/banda-gastrica-en-tunez-gastroplastia-precio-tunez\/"},"modified":"2022-12-19T15:29:57","modified_gmt":"2022-12-19T14:29:57","slug":"gastroplastia","status":"publish","type":"page","link":"https:\/\/www.medespoir.fr\/es\/gastroplastia\/","title":{"rendered":"Banda G\u00e1strica en T\u00fanez : Gastroplastia precio T\u00fanez"},"content":{"rendered":"\t\t<div data-elementor-type=\"wp-page\" data-elementor-id=\"21558\" class=\"elementor elementor-21558\">\n\t\t\t\t\t\t<section class=\"elementor-section elementor-top-section elementor-element elementor-element-1cc01b6 elementor-section-boxed elementor-section-height-default elementor-section-height-default\" data-id=\"1cc01b6\" data-element_type=\"section\" data-e-type=\"section\">\n\t\t\t\t\t\t<div class=\"elementor-container elementor-column-gap-default\">\n\t\t\t\t\t<div class=\"elementor-column elementor-col-50 elementor-top-column elementor-element elementor-element-c9e7817\" data-id=\"c9e7817\" data-element_type=\"column\" data-e-type=\"column\">\n\t\t\t<div class=\"elementor-widget-wrap elementor-element-populated\">\n\t\t\t\t\t\t<div class=\"elementor-element elementor-element-e11ec29 elementor-widget elementor-widget-text-editor\" data-id=\"e11ec29\" data-element_type=\"widget\" data-e-type=\"widget\" data-widget_type=\"text-editor.default\">\n\t\t\t\t<div class=\"elementor-widget-container\">\n\t\t\t\t\t\t\t\t\t<p style=\"text-align: justify;\">El <strong>anillo g\u00e1strico T\u00fanez<\/strong>, el bypass, la gastrectom\u00eda en manga, son todas intervenciones de <strong>cirug\u00eda bari\u00e1trica<\/strong>. Pero la especificidad de la banda g\u00e1strica consiste en poner un anillo alrededor de la parte superior del est\u00f3mago, para limitar la cantidad de alimentos consumidos y as\u00ed <a href=\"https:\/\/www.medespoir.fr\/es\/sleeve\/\">\n  <em>lucha contra la obesidad<\/em>\n<\/a>.<\/p>\n\n<h2 style=\"text-align: justify;\">Indicaciones de la gastroplastia<\/h2>\n<p style=\"text-align: justify;\">La <strong>gastroplastia<\/strong> es una operaci\u00f3n que se realiza a partir de los 18 a\u00f1os. Est\u00e1 indicado para pacientes con un IMC \u2265 30kg\/m2. El \u00edndice de masa corporal se calcula dividiendo el peso del paciente entre su talla por<sup>m2<\/sup>. Este procedimiento est\u00e1 indicado para <strong>combatir la obesidad m\u00f3rbida<\/strong> o la obesidad cr\u00f3nica.<\/p>\n\n<h2 style=\"text-align: justify;\">Precio de la banda g\u00e1strica en T\u00fanez<\/h2>\nDisfrute de una estancia m\u00e9dica todo incluido con Medespoir Francia y benef\u00edciese de una cirug\u00eda de <strong>banda g\u00e1strica<\/strong> barata en <strong>T\u00fanez<\/strong>.\n<h3>\u00bfcu\u00e1nto cuesta una banda g\u00e1strica?<\/h3>\t\t\t\t\t\t\t\t<\/div>\n\t\t\t\t<\/div>\n\t\t\t\t\t<\/div>\n\t\t<\/div>\n\t\t\t\t<div class=\"elementor-column elementor-col-50 elementor-top-column elementor-element elementor-element-08714fe\" data-id=\"08714fe\" data-element_type=\"column\" data-e-type=\"column\">\n\t\t\t<div class=\"elementor-widget-wrap elementor-element-populated\">\n\t\t\t\t\t\t<div class=\"elementor-element elementor-element-ccdc25e elementor-widget elementor-widget-text-editor\" data-id=\"ccdc25e\" data-element_type=\"widget\" data-e-type=\"widget\" id=\"margin__btm\" data-widget_type=\"text-editor.default\">\n\t\t\t\t<div class=\"elementor-widget-container\">\n\t\t\t\t\t\t\t\t\t<p><img decoding=\"async\" class=\"aligncenter\" src=\"https:\/\/www.medespoir.fr\/wp-content\/uploads\/2022\/07\/anneau-gastrique-tunisie.png\" alt=\"PRP capilar T\u00fanez  \"><\/p>\n\t\t\t\t\t\t\t\t<\/div>\n\t\t\t\t<\/div>\n\t\t\t\t<div class=\"elementor-element elementor-element-2416b89 elementor-widget elementor-widget-text-editor\" data-id=\"2416b89\" data-element_type=\"widget\" data-e-type=\"widget\" id=\"price__homepage\" data-widget_type=\"text-editor.default\">\n\t\t\t\t<div class=\"elementor-widget-container\">\n\t\t\t\t\t\t\t\t\t<table class=\"cmsms_table\">\n<thead>\n<tr class=\"cmsms_table_row_header\">\n<th class=\"cmsms_table_cell_alignleft\">Intervenci\u00f3n<\/th>\n<th class=\"cmsms_table_cell_aligncenter\">Premios<\/th>\n<th class=\"cmsms_table_cell_aligncenter\">Permanezca en<\/th>\n<\/tr>\n<\/thead>\n<tbody>\n<tr>\n<td class=\"cmsms_table_cell_alignleft\">Banda g\u00e1strica<\/td>\n<td class=\"cmsms_table_cell_aligncenter\">3650 \u20ac<\/td>\n<td class=\"cmsms_table_cell_aligncenter\">5 noches \/ 6 d\u00edas<\/td>\n<\/tr>\n<\/tbody>\n<\/table>\t\t\t\t\t\t\t\t<\/div>\n\t\t\t\t<\/div>\n\t\t\t\t\t<\/div>\n\t\t<\/div>\n\t\t\t\t\t<\/div>\n\t\t<\/section>\n\t\t\t\t<section class=\"elementor-section elementor-top-section elementor-element elementor-element-19d1802 elementor-section-boxed elementor-section-height-default elementor-section-height-default\" data-id=\"19d1802\" data-element_type=\"section\" data-e-type=\"section\" id=\"bg-devis-express\">\n\t\t\t\t\t\t<div class=\"elementor-container elementor-column-gap-default\">\n\t\t\t\t\t<div class=\"elementor-column elementor-col-100 elementor-top-column elementor-element elementor-element-8f963a1\" data-id=\"8f963a1\" data-element_type=\"column\" data-e-type=\"column\">\n\t\t\t<div class=\"elementor-widget-wrap elementor-element-populated\">\n\t\t\t\t\t\t<div class=\"elementor-element elementor-element-33bed54 elementor-widget elementor-widget-text-editor\" data-id=\"33bed54\" data-element_type=\"widget\" data-e-type=\"widget\" data-widget_type=\"text-editor.default\">\n\t\t\t\t<div class=\"elementor-widget-container\">\n\t\t\t\t\t\t\t\t\t<style>\r\n\tbody.home #main-form h2 {\r\n   display:none;\r\n}\r\n<\/style>\r\n<h2 style=\"text-align: center;font-weight: bold;\">Presupuesto r\u00e1pido gratuito<\/h2>\r\n<iframe src=\"https:\/\/app.metocrm.com\/web-forms\/e1cab5bd-ef56-4a37-aa71-4857d931f368\"  height=\"700px\" width=\"100%\"  frameborder=\"0\"><\/iframe>\t\t\t\t\t\t\t\t<\/div>\n\t\t\t\t<\/div>\n\t\t\t\t\t<\/div>\n\t\t<\/div>\n\t\t\t\t\t<\/div>\n\t\t<\/section>\n\t\t\t\t<section class=\"elementor-section elementor-top-section elementor-element elementor-element-dea4055 elementor-section-boxed elementor-section-height-default elementor-section-height-default\" data-id=\"dea4055\" data-element_type=\"section\" data-e-type=\"section\">\n\t\t\t\t\t\t<div class=\"elementor-container elementor-column-gap-default\">\n\t\t\t\t\t<div class=\"elementor-column elementor-col-66 elementor-top-column elementor-element elementor-element-a7a762e\" data-id=\"a7a762e\" data-element_type=\"column\" data-e-type=\"column\">\n\t\t\t<div class=\"elementor-widget-wrap elementor-element-populated\">\n\t\t\t\t\t\t<div class=\"elementor-element elementor-element-2e3dcff elementor-widget elementor-widget-text-editor\" data-id=\"2e3dcff\" data-element_type=\"widget\" data-e-type=\"widget\" data-widget_type=\"text-editor.default\">\n\t\t\t\t<div class=\"elementor-widget-container\">\n\t\t\t\t\t\t\t\t\t<h2 style=\"text-align: justify;\">Cirug\u00eda de banda g\u00e1strica en T\u00fanez<\/h2>\nSe trata de una t\u00e9cnica restrictiva que consiste en <em>reducir el volumen del est\u00f3mago<\/em> y ralentizar el paso de los alimentos, sin alterar la digesti\u00f3n. Por este motivo, el profesional transforma el est\u00f3mago en una peque\u00f1a bolsa colocando un anillo modular alrededor de la parte superior del est\u00f3mago. Una peque\u00f1a cantidad de comida llenar\u00e1 esta bolsa, y la sensaci\u00f3n de saciedad es inmediata. El est\u00f3mago funciona ahora como un reloj de arena. La peque\u00f1a bolsa situada sobre el anillo se llena r\u00e1pidamente y da al paciente la sensaci\u00f3n de estar lleno. Esto permite comer poco y despacio, y hacer la digesti\u00f3n con facilidad.\n\t\t\t\t\t\t\t\t<\/div>\n\t\t\t\t<\/div>\n\t\t\t\t<div class=\"elementor-element elementor-element-da6fb07 elementor-widget elementor-widget-text-editor\" data-id=\"da6fb07\" data-element_type=\"widget\" data-e-type=\"widget\" data-widget_type=\"text-editor.default\">\n\t\t\t\t<div class=\"elementor-widget-container\">\n\t\t\t\t\t\t\t\t\t<p style=\"text-align: justify;\">El anillo utilizado est\u00e1 unido por un tubo a una caja de control oculta bajo la piel. El anillo puede apretarse y aflojarse inyectando l\u00edquido en el alojamiento situado bajo la piel. Sin embargo, en caso de complicaciones o a petici\u00f3n del paciente, la banda puede retirarse, a diferencia de la gastrectom\u00eda en manga, que no es reversible.<\/p>\n\t\t\t\t\t\t\t\t<\/div>\n\t\t\t\t<\/div>\n\t\t\t\t<div class=\"elementor-element elementor-element-c26c9c4 elementor-widget elementor-widget-text-editor\" data-id=\"c26c9c4\" data-element_type=\"widget\" data-e-type=\"widget\" data-widget_type=\"text-editor.default\">\n\t\t\t\t<div class=\"elementor-widget-container\">\n\t\t\t\t\t\t\t\t\t<p style=\"text-align: justify;\">La duraci\u00f3n de la intervenci\u00f3n es de una hora. El anillo se coloca por v\u00eda laparosc\u00f3pica.<\/p>\n\t\t\t\t\t\t\t\t<\/div>\n\t\t\t\t<\/div>\n\t\t\t\t\t<\/div>\n\t\t<\/div>\n\t\t\t\t<div class=\"elementor-column elementor-col-33 elementor-top-column elementor-element elementor-element-42b3d07\" data-id=\"42b3d07\" data-element_type=\"column\" data-e-type=\"column\">\n\t\t\t<div class=\"elementor-widget-wrap elementor-element-populated\">\n\t\t\t\t\t\t<div class=\"elementor-element elementor-element-21f9521 elementor-widget elementor-widget-text-editor\" data-id=\"21f9521\" data-element_type=\"widget\" data-e-type=\"widget\" data-widget_type=\"text-editor.default\">\n\t\t\t\t<div class=\"elementor-widget-container\">\n\t\t\t\t\t\t\t\t\t<p><img fetchpriority=\"high\" decoding=\"async\" class=\"alignright size-full\" src=\"https:\/\/www.medespoir.fr\/wp-content\/uploads\/2016\/09\/anneau-gastrique.jpg\" alt=\"banda g\u00e1strica tunez barata\" width=\"359\" height=\"480\"><\/p>\n\t\t\t\t\t\t\t\t<\/div>\n\t\t\t\t<\/div>\n\t\t\t\t\t<\/div>\n\t\t<\/div>\n\t\t\t\t\t<\/div>\n\t\t<\/section>\n\t\t\t\t<section class=\"elementor-section elementor-top-section elementor-element elementor-element-11b18655 elementor-section-boxed elementor-section-height-default elementor-section-height-default\" data-id=\"11b18655\" data-element_type=\"section\" data-e-type=\"section\">\n\t\t\t\t\t\t<div class=\"elementor-container elementor-column-gap-default\">\n\t\t\t\t\t<div class=\"elementor-column elementor-col-100 elementor-top-column elementor-element elementor-element-5c187ed7\" data-id=\"5c187ed7\" data-element_type=\"column\" data-e-type=\"column\">\n\t\t\t<div class=\"elementor-widget-wrap elementor-element-populated\">\n\t\t\t\t\t\t<div class=\"elementor-element elementor-element-3655d675 elementor-widget elementor-widget-text-editor\" data-id=\"3655d675\" data-element_type=\"widget\" data-e-type=\"widget\" data-widget_type=\"text-editor.default\">\n\t\t\t\t<div class=\"elementor-widget-container\">\n\t\t\t\t\t\t\t\t\t<h2 style=\"text-align: justify;\">Banda g\u00e1strica ajustable T\u00fanez : Resultado<\/h2>\n<p style=\"text-align: justify;\">La <strong>p\u00e9rdida de peso<\/strong> tras este procedimiento oscila entre el 40 y el 60% del exceso de peso, es decir, entre 20 y 30 kg del peso del paciente. La recuperaci\u00f3n de peso es inevitable una vez retirado el anillo. Sin embargo, la p\u00e9rdida de peso con la banda g\u00e1strica ajustable parece ser m\u00e1s lenta que con la cirug\u00eda de <a href=\"https:\/\/www.medespoir.fr\/es\/bypass\/\">bypass<\/a>.<\/p>\n<p style=\"text-align: justify;\">Despu\u00e9s de una gastroplastia, es aconsejable adoptar una dieta m\u00e1s sana. Esto significa evitar el picoteo, evitar ciertos alimentos (chocolate, limonada, nata, refrescos, cerveza, alcohol). Todos estos alimentos l\u00edquidos pueden fluir f\u00e1cilmente a trav\u00e9s de la estanqueidad del anillo.<\/p>\n\n<h2 style=\"text-align: justify;\">Complicaciones<\/h2>\n<p style=\"text-align: justify;\">Las principales complicaciones de este procedimiento, que ayuda a combatir la obesidad y las enfermedades relacionadas, como la hipertensi\u00f3n y la diabetes, son: problemas causados por el dispositivo: infecci\u00f3n, desplazamiento del dispositivo, dolor en el lugar donde se coloca el dispositivo, rotura del tubo que conecta el dispositivo y la banda. La peque\u00f1a bolsa situada sobre el anillo tambi\u00e9n puede deslizarse y dilatarse, provocando v\u00f3mitos y trastornos alimentarios. Tambi\u00e9n puede haber trastornos esof\u00e1gicos o da\u00f1os g\u00e1stricos causados por la banda. Algunas de estas complicaciones pueden requerir la retirada de la banda y la repetici\u00f3n del procedimiento.<\/p>\n\n<h2 style=\"text-align: justify;\">Contraindicaciones<\/h2>\n<p style=\"text-align: justify;\">Quedan excluidas de este procedimiento todas las personas con riesgo quir\u00fargico. Lo mismo se aplica a las personas con enfermedades endocrinas como el hipotiroidismo; las que padecen enfermedades inflamatorias como \u00falceras, inflamaci\u00f3n del es\u00f3fago, enfermedad de Crohn, etc.; las personas con alergias a los anillos, los adictos al alcohol, etc.<\/p>\n<p style=\"text-align: center;\"><\/p>\t\t\t\t\t\t\t\t<\/div>\n\t\t\t\t<\/div>\n\t\t\t\t\t<\/div>\n\t\t<\/div>\n\t\t\t\t\t<\/div>\n\t\t<\/section>\n\t\t\t\t<section class=\"elementor-section elementor-top-section elementor-element elementor-element-2fc0afe elementor-section-boxed elementor-section-height-default elementor-section-height-default\" data-id=\"2fc0afe\" data-element_type=\"section\" data-e-type=\"section\">\n\t\t\t\t\t\t<div class=\"elementor-container elementor-column-gap-default\">\n\t\t\t\t\t<div class=\"elementor-column elementor-col-50 elementor-top-column elementor-element elementor-element-b181b9e\" data-id=\"b181b9e\" data-element_type=\"column\" data-e-type=\"column\">\n\t\t\t<div class=\"elementor-widget-wrap elementor-element-populated\">\n\t\t\t\t\t\t<div class=\"elementor-element elementor-element-c74bfeb elementor-widget elementor-widget-html\" data-id=\"c74bfeb\" data-element_type=\"widget\" data-e-type=\"widget\" data-widget_type=\"html.default\">\n\t\t\t\t<div class=\"elementor-widget-container\">\n\t\t\t\t\t<a href=\"https:\/\/www.medespoir.fr\/es\/presupuesto\/\" class=\"main__btn blue\"><span>Presupuesto gratuito<\/span><\/a>\t\t\t\t<\/div>\n\t\t\t\t<\/div>\n\t\t\t\t\t<\/div>\n\t\t<\/div>\n\t\t\t\t<div class=\"elementor-column elementor-col-50 elementor-top-column elementor-element elementor-element-7ec7281\" data-id=\"7ec7281\" data-element_type=\"column\" data-e-type=\"column\">\n\t\t\t<div class=\"elementor-widget-wrap\">\n\t\t\t\t\t\t\t<\/div>\n\t\t<\/div>\n\t\t\t\t\t<\/div>\n\t\t<\/section>\n\t\t\t\t<\/div>\n\t\t","protected":false},"excerpt":{"rendered":"<p>El anillo g\u00e1strico T\u00fanez, el bypass, la gastrectom\u00eda en manga, son todas intervenciones de cirug\u00eda bari\u00e1trica. Pero la especificidad de [&hellip;]<\/p>\n","protected":false},"author":1,"featured_media":20975,"parent":0,"menu_order":67,"comment_status":"closed","ping_status":"closed","template":"","meta":{"footnotes":""},"class_list":["post-21558","page","type-page","status-publish","has-post-thumbnail","hentry"],"yoast_head":"<!-- This site is optimized with the Yoast SEO plugin v27.4 - https:\/\/yoast.com\/product\/yoast-seo-wordpress\/ -->\n<title>Banda G\u00e1strica T\u00fanez : Gastroplastia precio T\u00fanez<\/title>\n<meta name=\"description\" content=\"Banda g\u00e1strica T\u00fanez, Todos los detalles de una gastroplastia T\u00fanez por banda g\u00e1strica ajustable en nuestro sitio, operaci\u00f3n de obesidad IMC 35\" \/>\n<meta name=\"robots\" content=\"index, follow, max-snippet:-1, max-image-preview:large, max-video-preview:-1\" \/>\n<link rel=\"canonical\" href=\"https:\/\/www.medespoir.fr\/es\/gastroplastia\/\" \/>\n<meta name=\"twitter:label1\" content=\"Tiempo de lectura\" \/>\n\t<meta name=\"twitter:data1\" content=\"4 minutos\" \/>\n<script type=\"application\/ld+json\" class=\"yoast-schema-graph\">{\"@context\":\"https:\\\/\\\/schema.org\",\"@graph\":[{\"@type\":\"WebPage\",\"@id\":\"https:\\\/\\\/www.medespoir.fr\\\/es\\\/gastroplastia\\\/\",\"url\":\"https:\\\/\\\/www.medespoir.fr\\\/es\\\/gastroplastia\\\/\",\"name\":\"Banda G\u00e1strica T\u00fanez : Gastroplastia precio T\u00fanez\",\"isPartOf\":{\"@id\":\"https:\\\/\\\/www.medespoir.fr\\\/es\\\/#website\"},\"primaryImageOfPage\":{\"@id\":\"https:\\\/\\\/www.medespoir.fr\\\/es\\\/gastroplastia\\\/#primaryimage\"},\"image\":{\"@id\":\"https:\\\/\\\/www.medespoir.fr\\\/es\\\/gastroplastia\\\/#primaryimage\"},\"thumbnailUrl\":\"https:\\\/\\\/www.medespoir.fr\\\/wp-content\\\/uploads\\\/2021\\\/11\\\/header-obesite.jpg\",\"datePublished\":\"2016-09-27T10:03:14+00:00\",\"dateModified\":\"2022-12-19T14:29:57+00:00\",\"description\":\"Banda g\u00e1strica T\u00fanez, Todos los detalles de una gastroplastia T\u00fanez por banda g\u00e1strica ajustable en nuestro sitio, operaci\u00f3n de obesidad IMC 35\",\"breadcrumb\":{\"@id\":\"https:\\\/\\\/www.medespoir.fr\\\/es\\\/gastroplastia\\\/#breadcrumb\"},\"inLanguage\":\"es\",\"potentialAction\":[{\"@type\":\"ReadAction\",\"target\":[\"https:\\\/\\\/www.medespoir.fr\\\/es\\\/gastroplastia\\\/\"]}]},{\"@type\":\"ImageObject\",\"inLanguage\":\"es\",\"@id\":\"https:\\\/\\\/www.medespoir.fr\\\/es\\\/gastroplastia\\\/#primaryimage\",\"url\":\"https:\\\/\\\/www.medespoir.fr\\\/wp-content\\\/uploads\\\/2021\\\/11\\\/header-obesite.jpg\",\"contentUrl\":\"https:\\\/\\\/www.medespoir.fr\\\/wp-content\\\/uploads\\\/2021\\\/11\\\/header-obesite.jpg\",\"width\":1928,\"height\":479},{\"@type\":\"BreadcrumbList\",\"@id\":\"https:\\\/\\\/www.medespoir.fr\\\/es\\\/gastroplastia\\\/#breadcrumb\",\"itemListElement\":[{\"@type\":\"ListItem\",\"position\":1,\"name\":\"Accueil\",\"item\":\"https:\\\/\\\/www.medespoir.fr\\\/es\\\/\"},{\"@type\":\"ListItem\",\"position\":2,\"name\":\"Banda G\u00e1strica en T\u00fanez : Gastroplastia precio T\u00fanez\"}]},{\"@type\":\"WebSite\",\"@id\":\"https:\\\/\\\/www.medespoir.fr\\\/es\\\/#website\",\"url\":\"https:\\\/\\\/www.medespoir.fr\\\/es\\\/\",\"name\":\"Medespoir France\",\"description\":\"Chirurgie esthetique Tunisie\",\"publisher\":{\"@id\":\"https:\\\/\\\/www.medespoir.fr\\\/es\\\/#organization\"},\"potentialAction\":[{\"@type\":\"SearchAction\",\"target\":{\"@type\":\"EntryPoint\",\"urlTemplate\":\"https:\\\/\\\/www.medespoir.fr\\\/es\\\/?s={search_term_string}\"},\"query-input\":{\"@type\":\"PropertyValueSpecification\",\"valueRequired\":true,\"valueName\":\"search_term_string\"}}],\"inLanguage\":\"es\"},{\"@type\":\"Organization\",\"@id\":\"https:\\\/\\\/www.medespoir.fr\\\/es\\\/#organization\",\"name\":\"Medespoir France\",\"url\":\"https:\\\/\\\/www.medespoir.fr\\\/es\\\/\",\"logo\":{\"@type\":\"ImageObject\",\"inLanguage\":\"es\",\"@id\":\"https:\\\/\\\/www.medespoir.fr\\\/es\\\/#\\\/schema\\\/logo\\\/image\\\/\",\"url\":\"https:\\\/\\\/www.medespoir.fr\\\/wp-content\\\/uploads\\\/2021\\\/10\\\/cropped-logo__medespoirFR.png\",\"contentUrl\":\"https:\\\/\\\/www.medespoir.fr\\\/wp-content\\\/uploads\\\/2021\\\/10\\\/cropped-logo__medespoirFR.png\",\"width\":150,\"height\":62,\"caption\":\"Medespoir France\"},\"image\":{\"@id\":\"https:\\\/\\\/www.medespoir.fr\\\/es\\\/#\\\/schema\\\/logo\\\/image\\\/\"},\"sameAs\":[\"https:\\\/\\\/www.facebook.com\\\/MedEspoirFr\",\"https:\\\/\\\/x.com\\\/MedEspoirTN\"]}]}<\/script>\n<!-- \/ Yoast SEO plugin. -->","yoast_head_json":{"title":"Banda G\u00e1strica T\u00fanez : Gastroplastia precio T\u00fanez","description":"Banda g\u00e1strica T\u00fanez, Todos los detalles de una gastroplastia T\u00fanez por banda g\u00e1strica ajustable en nuestro sitio, operaci\u00f3n de obesidad IMC 35","robots":{"index":"index","follow":"follow","max-snippet":"max-snippet:-1","max-image-preview":"max-image-preview:large","max-video-preview":"max-video-preview:-1"},"canonical":"https:\/\/www.medespoir.fr\/es\/gastroplastia\/","twitter_misc":{"Tiempo de lectura":"4 minutos"},"schema":{"@context":"https:\/\/schema.org","@graph":[{"@type":"WebPage","@id":"https:\/\/www.medespoir.fr\/es\/gastroplastia\/","url":"https:\/\/www.medespoir.fr\/es\/gastroplastia\/","name":"Banda G\u00e1strica T\u00fanez : Gastroplastia precio T\u00fanez","isPartOf":{"@id":"https:\/\/www.medespoir.fr\/es\/#website"},"primaryImageOfPage":{"@id":"https:\/\/www.medespoir.fr\/es\/gastroplastia\/#primaryimage"},"image":{"@id":"https:\/\/www.medespoir.fr\/es\/gastroplastia\/#primaryimage"},"thumbnailUrl":"https:\/\/www.medespoir.fr\/wp-content\/uploads\/2021\/11\/header-obesite.jpg","datePublished":"2016-09-27T10:03:14+00:00","dateModified":"2022-12-19T14:29:57+00:00","description":"Banda g\u00e1strica T\u00fanez, Todos los detalles de una gastroplastia T\u00fanez por banda g\u00e1strica ajustable en nuestro sitio, operaci\u00f3n de obesidad IMC 35","breadcrumb":{"@id":"https:\/\/www.medespoir.fr\/es\/gastroplastia\/#breadcrumb"},"inLanguage":"es","potentialAction":[{"@type":"ReadAction","target":["https:\/\/www.medespoir.fr\/es\/gastroplastia\/"]}]},{"@type":"ImageObject","inLanguage":"es","@id":"https:\/\/www.medespoir.fr\/es\/gastroplastia\/#primaryimage","url":"https:\/\/www.medespoir.fr\/wp-content\/uploads\/2021\/11\/header-obesite.jpg","contentUrl":"https:\/\/www.medespoir.fr\/wp-content\/uploads\/2021\/11\/header-obesite.jpg","width":1928,"height":479},{"@type":"BreadcrumbList","@id":"https:\/\/www.medespoir.fr\/es\/gastroplastia\/#breadcrumb","itemListElement":[{"@type":"ListItem","position":1,"name":"Accueil","item":"https:\/\/www.medespoir.fr\/es\/"},{"@type":"ListItem","position":2,"name":"Banda G\u00e1strica en T\u00fanez : Gastroplastia precio T\u00fanez"}]},{"@type":"WebSite","@id":"https:\/\/www.medespoir.fr\/es\/#website","url":"https:\/\/www.medespoir.fr\/es\/","name":"Medespoir France","description":"Chirurgie esthetique Tunisie","publisher":{"@id":"https:\/\/www.medespoir.fr\/es\/#organization"},"potentialAction":[{"@type":"SearchAction","target":{"@type":"EntryPoint","urlTemplate":"https:\/\/www.medespoir.fr\/es\/?s={search_term_string}"},"query-input":{"@type":"PropertyValueSpecification","valueRequired":true,"valueName":"search_term_string"}}],"inLanguage":"es"},{"@type":"Organization","@id":"https:\/\/www.medespoir.fr\/es\/#organization","name":"Medespoir France","url":"https:\/\/www.medespoir.fr\/es\/","logo":{"@type":"ImageObject","inLanguage":"es","@id":"https:\/\/www.medespoir.fr\/es\/#\/schema\/logo\/image\/","url":"https:\/\/www.medespoir.fr\/wp-content\/uploads\/2021\/10\/cropped-logo__medespoirFR.png","contentUrl":"https:\/\/www.medespoir.fr\/wp-content\/uploads\/2021\/10\/cropped-logo__medespoirFR.png","width":150,"height":62,"caption":"Medespoir France"},"image":{"@id":"https:\/\/www.medespoir.fr\/es\/#\/schema\/logo\/image\/"},"sameAs":["https:\/\/www.facebook.com\/MedEspoirFr","https:\/\/x.com\/MedEspoirTN"]}]}},"_links":{"self":[{"href":"https:\/\/www.medespoir.fr\/es\/wp-json\/wp\/v2\/pages\/21558","targetHints":{"allow":["GET"]}}],"collection":[{"href":"https:\/\/www.medespoir.fr\/es\/wp-json\/wp\/v2\/pages"}],"about":[{"href":"https:\/\/www.medespoir.fr\/es\/wp-json\/wp\/v2\/types\/page"}],"author":[{"embeddable":true,"href":"https:\/\/www.medespoir.fr\/es\/wp-json\/wp\/v2\/users\/1"}],"replies":[{"embeddable":true,"href":"https:\/\/www.medespoir.fr\/es\/wp-json\/wp\/v2\/comments?post=21558"}],"version-history":[{"count":0,"href":"https:\/\/www.medespoir.fr\/es\/wp-json\/wp\/v2\/pages\/21558\/revisions"}],"wp:featuredmedia":[{"embeddable":true,"href":"https:\/\/www.medespoir.fr\/es\/wp-json\/wp\/v2\/media\/20975"}],"wp:attachment":[{"href":"https:\/\/www.medespoir.fr\/es\/wp-json\/wp\/v2\/media?parent=21558"}],"curies":[{"name":"wp","href":"https:\/\/api.w.org\/{rel}","templated":true}]}}