{"id":21549,"date":"2016-09-27T11:25:40","date_gmt":"2016-09-27T09:25:40","guid":{"rendered":"https:\/\/www.medespoir.fr\/bypass-tunez-cirugia-bariatrica-precio-barato\/"},"modified":"2022-12-19T15:28:04","modified_gmt":"2022-12-19T14:28:04","slug":"bypass","status":"publish","type":"page","link":"https:\/\/www.medespoir.fr\/es\/bypass\/","title":{"rendered":"Bypass T\u00fanez : cirug\u00eda bari\u00e1trica precio barato"},"content":{"rendered":"\t\t<div data-elementor-type=\"wp-page\" data-elementor-id=\"21549\" class=\"elementor elementor-21549\">\n\t\t\t\t\t\t<section class=\"elementor-section elementor-top-section elementor-element elementor-element-df300d5 elementor-section-boxed elementor-section-height-default elementor-section-height-default\" data-id=\"df300d5\" data-element_type=\"section\" data-e-type=\"section\">\n\t\t\t\t\t\t<div class=\"elementor-container elementor-column-gap-default\">\n\t\t\t\t\t<div class=\"elementor-column elementor-col-66 elementor-top-column elementor-element elementor-element-66e5653\" data-id=\"66e5653\" data-element_type=\"column\" data-e-type=\"column\">\n\t\t\t<div class=\"elementor-widget-wrap elementor-element-populated\">\n\t\t\t\t\t\t<div class=\"elementor-element elementor-element-e14825f elementor-widget elementor-widget-text-editor\" data-id=\"e14825f\" data-element_type=\"widget\" data-e-type=\"widget\" data-widget_type=\"text-editor.default\">\n\t\t\t\t<div class=\"elementor-widget-container\">\n\t\t\t\t\t\t\t\t\t<strong> El bypass g\u00e1strico<\/strong> es una cirug\u00eda de la obesidad que modifica el aparato digestivo del paciente con obesidad grave para ayudarle a perder peso. La cirug\u00eda de bypass act\u00faa limitando la cantidad de alimentos que se ingieren y reduciendo la absorci\u00f3n de nutrientes, lo que se traduce en una <strong>p\u00e9rdida de peso<span class=\"st\"> significativa y r\u00e1pida<\/span><\/strong>.\n\nEl bypass g\u00e1strico est\u00e1 indicado cuando la dieta y el ejercicio no funcionan y los problemas de salud siguen empeorando debido al exceso de peso. El paciente puede someterse a un bypass g\u00e1strico si su \u00edndice de masa corporal (IMC) es igual o superior a 40 (obesidad grave) o si ese mismo \u00edndice se sit\u00faa entre 35 y 39,9 (obesidad) combinado con graves problemas de salud relacionados con el peso, como diabetes de tipo 2, hipertensi\u00f3n arterial o apnea del sue\u00f1o grave.\n\n\t\t\t\t\t\t\t\t<\/div>\n\t\t\t\t<\/div>\n\t\t\t\t<div class=\"elementor-element elementor-element-e06d350 elementor-widget elementor-widget-text-editor\" data-id=\"e06d350\" data-element_type=\"widget\" data-e-type=\"widget\" data-widget_type=\"text-editor.default\">\n\t\t\t\t<div class=\"elementor-widget-container\">\n\t\t\t\t\t\t\t\t\t<h2>Precios del bypass g\u00e1strico en T\u00fanez<\/h2>\nLa oferta de <strong>precios bypass T\u00fanez<\/strong> propuesta por Medspoir incluye los honorarios del cirujano especializado en el tratamiento de la obesidad y del anestesista, los gastos de la cl\u00ednica y la estancia en el hotel.\n\t\t\t\t\t\t\t\t<\/div>\n\t\t\t\t<\/div>\n\t\t\t\t<div class=\"elementor-element elementor-element-7d3c959 elementor-widget elementor-widget-text-editor\" data-id=\"7d3c959\" data-element_type=\"widget\" data-e-type=\"widget\" id=\"price\" data-widget_type=\"text-editor.default\">\n\t\t\t\t<div class=\"elementor-widget-container\">\n\t\t\t\t\t\t\t\t\t<table width=\"100%\">\n<tbody>\n<tr>\n<th style=\"text-align: center;\">Cirug\u00eda bari\u00e1trica<\/th>\n<th style=\"text-align: center;\">Premios<\/th>\n<th style=\"text-align: center;\">Permanezca en<\/th>\n<\/tr>\n<tr>\n<td>Bypass g\u00e1strico<\/td>\n<td style=\"text-align: center;\"><strong>6150\u20ac<\/strong><\/td>\n<td style=\"text-align: center;\">5 noches \/6 d\u00edas<\/td>\n<\/tr>\n<\/tbody>\n<\/table>\t\t\t\t\t\t\t\t<\/div>\n\t\t\t\t<\/div>\n\t\t\t\t\t<\/div>\n\t\t<\/div>\n\t\t\t\t<div class=\"elementor-column elementor-col-33 elementor-top-column elementor-element elementor-element-6a6b1ba\" data-id=\"6a6b1ba\" data-element_type=\"column\" data-e-type=\"column\">\n\t\t\t<div class=\"elementor-widget-wrap elementor-element-populated\">\n\t\t\t\t\t\t<div class=\"elementor-element elementor-element-861cd8f elementor-widget elementor-widget-text-editor\" data-id=\"861cd8f\" data-element_type=\"widget\" data-e-type=\"widget\" data-widget_type=\"text-editor.default\">\n\t\t\t\t<div class=\"elementor-widget-container\">\n\t\t\t\t\t\t\t\t\t<figure id=\"attachment_2788\" aria-describedby=\"caption-attachment-2788\" style=\"width: 600px\" class=\"wp-caption aligncenter\"><img fetchpriority=\"high\" decoding=\"async\" class=\"size-full\" src=\"https:\/\/www.medespoir.fr\/wp-content\/uploads\/2016\/09\/schema-bypass-gastrique-3.jpg\" alt=\"{%ALT_TEXT%}\" width=\"600\" height=\"420\"><figcaption id=\"caption-attachment-2788\" class=\"wp-caption-text\"><em>Bypass g\u00e1strico (cirug\u00eda bari\u00e1trica)<\/em><strong><br \/><\/strong><\/figcaption><\/figure>\n\t\t\t\t\t\t\t\t<\/div>\n\t\t\t\t<\/div>\n\t\t\t\t\t<\/div>\n\t\t<\/div>\n\t\t\t\t\t<\/div>\n\t\t<\/section>\n\t\t\t\t<section class=\"elementor-section elementor-top-section elementor-element elementor-element-f0c75c1 elementor-section-boxed elementor-section-height-default elementor-section-height-default\" data-id=\"f0c75c1\" data-element_type=\"section\" data-e-type=\"section\" id=\"bg-devis-express\">\n\t\t\t\t\t\t<div class=\"elementor-container elementor-column-gap-default\">\n\t\t\t\t\t<div class=\"elementor-column elementor-col-100 elementor-top-column elementor-element elementor-element-022c423\" data-id=\"022c423\" data-element_type=\"column\" data-e-type=\"column\">\n\t\t\t<div class=\"elementor-widget-wrap elementor-element-populated\">\n\t\t\t\t\t\t<div class=\"elementor-element elementor-element-932328c elementor-widget elementor-widget-text-editor\" data-id=\"932328c\" data-element_type=\"widget\" data-e-type=\"widget\" data-widget_type=\"text-editor.default\">\n\t\t\t\t<div class=\"elementor-widget-container\">\n\t\t\t\t\t\t\t\t\t<style>\r\n\tbody.home #main-form h2 {\r\n   display:none;\r\n}\r\n<\/style>\r\n<h2 style=\"text-align: center;font-weight: bold;\">Presupuesto r\u00e1pido gratuito<\/h2>\r\n<iframe src=\"https:\/\/app.metocrm.com\/web-forms\/e1cab5bd-ef56-4a37-aa71-4857d931f368\"  height=\"700px\" width=\"100%\"  frameborder=\"0\"><\/iframe>\t\t\t\t\t\t\t\t<\/div>\n\t\t\t\t<\/div>\n\t\t\t\t\t<\/div>\n\t\t<\/div>\n\t\t\t\t\t<\/div>\n\t\t<\/section>\n\t\t\t\t<section class=\"elementor-section elementor-top-section elementor-element elementor-element-721270ed elementor-section-boxed elementor-section-height-default elementor-section-height-default\" data-id=\"721270ed\" data-element_type=\"section\" data-e-type=\"section\">\n\t\t\t\t\t\t<div class=\"elementor-container elementor-column-gap-default\">\n\t\t\t\t\t<div class=\"elementor-column elementor-col-100 elementor-top-column elementor-element elementor-element-400da13c\" data-id=\"400da13c\" data-element_type=\"column\" data-e-type=\"column\">\n\t\t\t<div class=\"elementor-widget-wrap elementor-element-populated\">\n\t\t\t\t\t\t<div class=\"elementor-element elementor-element-28162b1f elementor-widget elementor-widget-text-editor\" data-id=\"28162b1f\" data-element_type=\"widget\" data-e-type=\"widget\" data-widget_type=\"text-editor.default\">\n\t\t\t\t<div class=\"elementor-widget-container\">\n\t\t\t\t\t\t\t\t\t<h2 class=\"r\">Bypass g\u00e1strico: \u00bfc\u00f3mo funciona el procedimiento?<\/h2><p>El cirujano corta la parte superior del est\u00f3mago y la sella. La bolsa resultante, el nuevo est\u00f3mago, es peque\u00f1a y tiene una capacidad de 25 ml.<\/p><p>A continuaci\u00f3n, el cirujano corta el intestino delgado y cose una parte de \u00e9l directamente en la bolsa. Con el nuevo <a href=\"https:\/\/es.wikipedia.org\/wiki\/Baip%C3%A1s_g%C3%A1strico\">bypass g\u00e1strico<\/a>, los alimentos pasan a trav\u00e9s de esta peque\u00f1a bolsa estomacal directamente al intestino delgado. Pasan por alto la mayor parte del est\u00f3mago y la primera secci\u00f3n del intestino delgado, y entran directamente en su secci\u00f3n media.<\/p><h3>T\u00e9cnicas quir\u00fargicas :<\/h3><p>Dependiendo del estado de salud del paciente y de su \u00edndice de masa corporal, el cirujano puede optar por una de las siguientes t\u00e9cnicas de cirug\u00eda bari\u00e1trica:<\/p><ul class=\"liste-style\"><li><strong>La derivaci\u00f3n cl\u00e1sica: <\/strong>con un bucle <strong>en forma de Y<\/strong>. Esta t\u00e9cnica es engorrosa y requiere dos suturas, una en la parte inferior del asa y la otra a 2 metros del origen del intestino delgado.<\/li><li><strong>El Mini-bypass:<\/strong> con un bucle omega <strong>O<\/strong>. T\u00e9cnica menos invasiva y reversible, el minibypass requiere una \u00fanica sutura entre el intestino delgado y el est\u00f3mago.<\/li><\/ul><figure id=\"attachment_2762\" aria-describedby=\"caption-attachment-2762\" style=\"width: 580px\" class=\"wp-caption aligncenter\"><img decoding=\"async\" class=\"size-project-thumb\" src=\"https:\/\/www.medespoir.fr\/wp-content\/uploads\/2016\/09\/technique-chirurgie-bypass-580x357.jpg\" alt=\"{%ALT_TEXT%}\" width=\"580\" height=\"357\" \/><figcaption id=\"caption-attachment-2762\" class=\"wp-caption-text\"><em>Diferencias entre el bypass convencional y el mini-bypass<\/em><\/figcaption><\/figure><p>Ambas<strong> t\u00e9cnicas de bypass g\u00e1strico<\/strong> se realizan por v\u00eda laparosc\u00f3pica. Un laparoscopio es un peque\u00f1o instrumento tubular con una c\u00e1mara incorporada. El laparoscopio se introduce en el abdomen del paciente a trav\u00e9s de peque\u00f1as incisiones. La c\u00e1mara situada en el extremo del laparoscopio permite al cirujano ver y operar. La cirug\u00eda laparosc\u00f3pica utilizada en la cirug\u00eda de bypass g\u00e1strico permite una recuperaci\u00f3n m\u00e1s r\u00e1pida en un periodo de tiempo m\u00e1s corto. Las cicatrices resultantes de esta cirug\u00eda bari\u00e1trica son muy discretas.<\/p><p>La intervenci\u00f3n dura de 2 a 3 horas y se realiza bajo anestesia general. Tras la intervenci\u00f3n, el paciente queda bajo supervisi\u00f3n m\u00e9dica en una sala de recuperaci\u00f3n para prevenir cualquier complicaci\u00f3n.<\/p><p>La estancia hospitalaria puede durar de tres a cinco d\u00edas.<\/p><p>La operaci\u00f3n de bypass va precedida de una serie de preparativos para garantizar su \u00e9xito. El paciente se somete a pruebas y ex\u00e1menes antes de la operaci\u00f3n de bypass cl\u00e1sico o mini bypass en T\u00fanez. Puede haber restricciones sobre lo que pueden comer y beber y sobre los medicamentos que pueden tomar y dejar de tomar. Se puede pedir al paciente que establezca un programa de actividad f\u00edsica y, sobre todo, que deje de fumar.<\/p><h2>Bypass g\u00e1strico: las secuelas<\/h2><p>Recuperaci\u00f3n completa despu\u00e9s de la cirug\u00eda de bypass g\u00e1strico y en un plazo de 15 a 21 d\u00edas despu\u00e9s de la cirug\u00eda<\/p><p>Tras la cirug\u00eda de <strong>bypass g\u00e1strico<\/strong>, el paciente no puede comer durante uno o dos d\u00edas para que el est\u00f3mago y todo el aparato digestivo puedan recuperarse.<\/p><p>Despu\u00e9s, sigue una dieta espec\u00edfica durante unas 12 semanas. La dieta empieza s\u00f3lo con l\u00edquidos, pasa a alimentos triturados o blandos y, por \u00faltimo, a alimentos normales.<\/p><p>Se prev\u00e9n controles m\u00e9dicos frecuentes para vigilar la salud del paciente en los primeros meses tras la cirug\u00eda de bypass g\u00e1strico: pruebas y ex\u00e1menes.<\/p><p>El paciente puede experimentar cambios a medida que el cuerpo reacciona a la r\u00e1pida p\u00e9rdida de peso en los primeros tres a seis meses: dolores y molestias, piel seca, ca\u00edda del cabello, cambios de humor&#8230;<\/p><h2>Resultados de la cirug\u00eda de bypass g\u00e1strico<\/h2><p>La cirug\u00eda de bypass g\u00e1strico permite perder peso y reducir los riesgos y problemas de salud potencialmente mortales asociados a la obesidad.<\/p><p>Los pacientes que se han sometido a esta cirug\u00eda bari\u00e1trica consiguen una p\u00e9rdida del 70% del exceso de peso en un a\u00f1o y experimentan una notable mejor\u00eda de los s\u00edntomas de reflujo gastroesof\u00e1gico, hipertensi\u00f3n, apnea del sue\u00f1o, diabetes, etc.<\/p><h3>Posibles complicaciones:<\/h3><p>Como cualquier intervenci\u00f3n quir\u00fargica, <strong>el bypass g\u00e1strico<\/strong> u otro tipo de <a href=\"https:\/\/www.medespoir.fr\/es\/cirugia-obesidad\/\">cirug\u00eda bari\u00e1trica<\/a> entra\u00f1a riesgos potenciales para la salud,<\/p><p>Los riesgos asociados pueden incluir:<\/p><ul class=\"liste-style\"><li>Reacciones al\u00e9rgicas a la anestesia<\/li><li>Hemorragia excesiva<\/li><li>Infecci\u00f3n y f\u00edstula<\/li><li>Co\u00e1gulos sangu\u00edneos<\/li><li>Problemas respiratorios<\/li><li>Fugas en el tracto gastrointestinal<\/li><\/ul><p>La atenci\u00f3n m\u00e9dica prestada por el personal de enfermer\u00eda, combinada con un estilo de vida saludable, ayudar\u00e1 a los pacientes a evitar estas complicaciones.<\/p>\t\t\t\t\t\t\t\t<\/div>\n\t\t\t\t<\/div>\n\t\t\t\t\t<\/div>\n\t\t<\/div>\n\t\t\t\t\t<\/div>\n\t\t<\/section>\n\t\t\t\t<section class=\"elementor-section elementor-top-section elementor-element elementor-element-19c79e7 elementor-section-boxed elementor-section-height-default elementor-section-height-default\" data-id=\"19c79e7\" data-element_type=\"section\" data-e-type=\"section\">\n\t\t\t\t\t\t<div class=\"elementor-container elementor-column-gap-default\">\n\t\t\t\t\t<div class=\"elementor-column elementor-col-50 elementor-top-column elementor-element elementor-element-efface3\" data-id=\"efface3\" data-element_type=\"column\" data-e-type=\"column\">\n\t\t\t<div class=\"elementor-widget-wrap elementor-element-populated\">\n\t\t\t\t\t\t<div class=\"elementor-element elementor-element-73171d0 elementor-widget elementor-widget-html\" data-id=\"73171d0\" data-element_type=\"widget\" data-e-type=\"widget\" data-widget_type=\"html.default\">\n\t\t\t\t<div class=\"elementor-widget-container\">\n\t\t\t\t\t<a href=\"https:\/\/www.medespoir.fr\/es\/presupuesto\/\" class=\"main__btn blue\"><span>Presupuesto gratuito<\/span><\/a>\t\t\t\t<\/div>\n\t\t\t\t<\/div>\n\t\t\t\t\t<\/div>\n\t\t<\/div>\n\t\t\t\t<div class=\"elementor-column elementor-col-50 elementor-top-column elementor-element elementor-element-7fb8bfc\" data-id=\"7fb8bfc\" data-element_type=\"column\" data-e-type=\"column\">\n\t\t\t<div class=\"elementor-widget-wrap\">\n\t\t\t\t\t\t\t<\/div>\n\t\t<\/div>\n\t\t\t\t\t<\/div>\n\t\t<\/section>\n\t\t\t\t<\/div>\n\t\t","protected":false},"excerpt":{"rendered":"<p>El bypass g\u00e1strico es una cirug\u00eda de la obesidad que modifica el aparato digestivo del paciente con obesidad grave para [&hellip;]<\/p>\n","protected":false},"author":1,"featured_media":20975,"parent":0,"menu_order":89,"comment_status":"closed","ping_status":"closed","template":"","meta":{"footnotes":""},"class_list":["post-21549","page","type-page","status-publish","has-post-thumbnail","hentry"],"yoast_head":"<!-- This site is optimized with the Yoast SEO plugin v27.5 - https:\/\/yoast.com\/product\/yoast-seo-wordpress\/ -->\n<title>Bypass T\u00fanez : lista de precios todo incluido para la cirug\u00eda de bypass g\u00e1strico<\/title>\n<meta name=\"description\" content=\"Bypass T\u00fanez: cirug\u00eda de la obesidad para adelgazar r\u00e1pidamente. Cirug\u00eda de bypass barata en T\u00fanez, mini-bypass y cirug\u00eda bari\u00e1trica. Solicite un presupuesto gratuito\" \/>\n<meta name=\"robots\" content=\"index, follow, max-snippet:-1, max-image-preview:large, max-video-preview:-1\" \/>\n<link rel=\"canonical\" href=\"https:\/\/www.medespoir.fr\/es\/bypass\/\" \/>\n<meta name=\"twitter:label1\" content=\"Tiempo de lectura\" \/>\n\t<meta name=\"twitter:data1\" content=\"5 minutos\" \/>\n<script type=\"application\/ld+json\" class=\"yoast-schema-graph\">{\"@context\":\"https:\\\/\\\/schema.org\",\"@graph\":[{\"@type\":\"WebPage\",\"@id\":\"https:\\\/\\\/www.medespoir.fr\\\/es\\\/bypass\\\/\",\"url\":\"https:\\\/\\\/www.medespoir.fr\\\/es\\\/bypass\\\/\",\"name\":\"Bypass T\u00fanez : lista de precios todo incluido para la cirug\u00eda de bypass g\u00e1strico\",\"isPartOf\":{\"@id\":\"https:\\\/\\\/www.medespoir.fr\\\/es\\\/#website\"},\"primaryImageOfPage\":{\"@id\":\"https:\\\/\\\/www.medespoir.fr\\\/es\\\/bypass\\\/#primaryimage\"},\"image\":{\"@id\":\"https:\\\/\\\/www.medespoir.fr\\\/es\\\/bypass\\\/#primaryimage\"},\"thumbnailUrl\":\"https:\\\/\\\/www.medespoir.fr\\\/wp-content\\\/uploads\\\/2021\\\/11\\\/header-obesite.jpg\",\"datePublished\":\"2016-09-27T09:25:40+00:00\",\"dateModified\":\"2022-12-19T14:28:04+00:00\",\"description\":\"Bypass T\u00fanez: cirug\u00eda de la obesidad para adelgazar r\u00e1pidamente. Cirug\u00eda de bypass barata en T\u00fanez, mini-bypass y cirug\u00eda bari\u00e1trica. Solicite un presupuesto gratuito\",\"breadcrumb\":{\"@id\":\"https:\\\/\\\/www.medespoir.fr\\\/es\\\/bypass\\\/#breadcrumb\"},\"inLanguage\":\"es\",\"potentialAction\":[{\"@type\":\"ReadAction\",\"target\":[\"https:\\\/\\\/www.medespoir.fr\\\/es\\\/bypass\\\/\"]}]},{\"@type\":\"ImageObject\",\"inLanguage\":\"es\",\"@id\":\"https:\\\/\\\/www.medespoir.fr\\\/es\\\/bypass\\\/#primaryimage\",\"url\":\"https:\\\/\\\/www.medespoir.fr\\\/wp-content\\\/uploads\\\/2021\\\/11\\\/header-obesite.jpg\",\"contentUrl\":\"https:\\\/\\\/www.medespoir.fr\\\/wp-content\\\/uploads\\\/2021\\\/11\\\/header-obesite.jpg\",\"width\":1928,\"height\":479},{\"@type\":\"BreadcrumbList\",\"@id\":\"https:\\\/\\\/www.medespoir.fr\\\/es\\\/bypass\\\/#breadcrumb\",\"itemListElement\":[{\"@type\":\"ListItem\",\"position\":1,\"name\":\"Accueil\",\"item\":\"https:\\\/\\\/www.medespoir.fr\\\/es\\\/\"},{\"@type\":\"ListItem\",\"position\":2,\"name\":\"Bypass T\u00fanez : cirug\u00eda bari\u00e1trica precio barato\"}]},{\"@type\":\"WebSite\",\"@id\":\"https:\\\/\\\/www.medespoir.fr\\\/es\\\/#website\",\"url\":\"https:\\\/\\\/www.medespoir.fr\\\/es\\\/\",\"name\":\"Medespoir France\",\"description\":\"Chirurgie esthetique Tunisie\",\"publisher\":{\"@id\":\"https:\\\/\\\/www.medespoir.fr\\\/es\\\/#organization\"},\"potentialAction\":[{\"@type\":\"SearchAction\",\"target\":{\"@type\":\"EntryPoint\",\"urlTemplate\":\"https:\\\/\\\/www.medespoir.fr\\\/es\\\/?s={search_term_string}\"},\"query-input\":{\"@type\":\"PropertyValueSpecification\",\"valueRequired\":true,\"valueName\":\"search_term_string\"}}],\"inLanguage\":\"es\"},{\"@type\":\"Organization\",\"@id\":\"https:\\\/\\\/www.medespoir.fr\\\/es\\\/#organization\",\"name\":\"Medespoir France\",\"url\":\"https:\\\/\\\/www.medespoir.fr\\\/es\\\/\",\"logo\":{\"@type\":\"ImageObject\",\"inLanguage\":\"es\",\"@id\":\"https:\\\/\\\/www.medespoir.fr\\\/es\\\/#\\\/schema\\\/logo\\\/image\\\/\",\"url\":\"https:\\\/\\\/www.medespoir.fr\\\/wp-content\\\/uploads\\\/2021\\\/10\\\/cropped-logo__medespoirFR.png\",\"contentUrl\":\"https:\\\/\\\/www.medespoir.fr\\\/wp-content\\\/uploads\\\/2021\\\/10\\\/cropped-logo__medespoirFR.png\",\"width\":150,\"height\":62,\"caption\":\"Medespoir France\"},\"image\":{\"@id\":\"https:\\\/\\\/www.medespoir.fr\\\/es\\\/#\\\/schema\\\/logo\\\/image\\\/\"},\"sameAs\":[\"https:\\\/\\\/www.facebook.com\\\/MedEspoirFr\",\"https:\\\/\\\/x.com\\\/MedEspoirTN\"]}]}<\/script>\n<!-- \/ Yoast SEO plugin. -->","yoast_head_json":{"title":"Bypass T\u00fanez : lista de precios todo incluido para la cirug\u00eda de bypass g\u00e1strico","description":"Bypass T\u00fanez: cirug\u00eda de la obesidad para adelgazar r\u00e1pidamente. Cirug\u00eda de bypass barata en T\u00fanez, mini-bypass y cirug\u00eda bari\u00e1trica. Solicite un presupuesto gratuito","robots":{"index":"index","follow":"follow","max-snippet":"max-snippet:-1","max-image-preview":"max-image-preview:large","max-video-preview":"max-video-preview:-1"},"canonical":"https:\/\/www.medespoir.fr\/es\/bypass\/","twitter_misc":{"Tiempo de lectura":"5 minutos"},"schema":{"@context":"https:\/\/schema.org","@graph":[{"@type":"WebPage","@id":"https:\/\/www.medespoir.fr\/es\/bypass\/","url":"https:\/\/www.medespoir.fr\/es\/bypass\/","name":"Bypass T\u00fanez : lista de precios todo incluido para la cirug\u00eda de bypass g\u00e1strico","isPartOf":{"@id":"https:\/\/www.medespoir.fr\/es\/#website"},"primaryImageOfPage":{"@id":"https:\/\/www.medespoir.fr\/es\/bypass\/#primaryimage"},"image":{"@id":"https:\/\/www.medespoir.fr\/es\/bypass\/#primaryimage"},"thumbnailUrl":"https:\/\/www.medespoir.fr\/wp-content\/uploads\/2021\/11\/header-obesite.jpg","datePublished":"2016-09-27T09:25:40+00:00","dateModified":"2022-12-19T14:28:04+00:00","description":"Bypass T\u00fanez: cirug\u00eda de la obesidad para adelgazar r\u00e1pidamente. Cirug\u00eda de bypass barata en T\u00fanez, mini-bypass y cirug\u00eda bari\u00e1trica. Solicite un presupuesto gratuito","breadcrumb":{"@id":"https:\/\/www.medespoir.fr\/es\/bypass\/#breadcrumb"},"inLanguage":"es","potentialAction":[{"@type":"ReadAction","target":["https:\/\/www.medespoir.fr\/es\/bypass\/"]}]},{"@type":"ImageObject","inLanguage":"es","@id":"https:\/\/www.medespoir.fr\/es\/bypass\/#primaryimage","url":"https:\/\/www.medespoir.fr\/wp-content\/uploads\/2021\/11\/header-obesite.jpg","contentUrl":"https:\/\/www.medespoir.fr\/wp-content\/uploads\/2021\/11\/header-obesite.jpg","width":1928,"height":479},{"@type":"BreadcrumbList","@id":"https:\/\/www.medespoir.fr\/es\/bypass\/#breadcrumb","itemListElement":[{"@type":"ListItem","position":1,"name":"Accueil","item":"https:\/\/www.medespoir.fr\/es\/"},{"@type":"ListItem","position":2,"name":"Bypass T\u00fanez : cirug\u00eda bari\u00e1trica precio barato"}]},{"@type":"WebSite","@id":"https:\/\/www.medespoir.fr\/es\/#website","url":"https:\/\/www.medespoir.fr\/es\/","name":"Medespoir France","description":"Chirurgie esthetique Tunisie","publisher":{"@id":"https:\/\/www.medespoir.fr\/es\/#organization"},"potentialAction":[{"@type":"SearchAction","target":{"@type":"EntryPoint","urlTemplate":"https:\/\/www.medespoir.fr\/es\/?s={search_term_string}"},"query-input":{"@type":"PropertyValueSpecification","valueRequired":true,"valueName":"search_term_string"}}],"inLanguage":"es"},{"@type":"Organization","@id":"https:\/\/www.medespoir.fr\/es\/#organization","name":"Medespoir France","url":"https:\/\/www.medespoir.fr\/es\/","logo":{"@type":"ImageObject","inLanguage":"es","@id":"https:\/\/www.medespoir.fr\/es\/#\/schema\/logo\/image\/","url":"https:\/\/www.medespoir.fr\/wp-content\/uploads\/2021\/10\/cropped-logo__medespoirFR.png","contentUrl":"https:\/\/www.medespoir.fr\/wp-content\/uploads\/2021\/10\/cropped-logo__medespoirFR.png","width":150,"height":62,"caption":"Medespoir France"},"image":{"@id":"https:\/\/www.medespoir.fr\/es\/#\/schema\/logo\/image\/"},"sameAs":["https:\/\/www.facebook.com\/MedEspoirFr","https:\/\/x.com\/MedEspoirTN"]}]}},"_links":{"self":[{"href":"https:\/\/www.medespoir.fr\/es\/wp-json\/wp\/v2\/pages\/21549","targetHints":{"allow":["GET"]}}],"collection":[{"href":"https:\/\/www.medespoir.fr\/es\/wp-json\/wp\/v2\/pages"}],"about":[{"href":"https:\/\/www.medespoir.fr\/es\/wp-json\/wp\/v2\/types\/page"}],"author":[{"embeddable":true,"href":"https:\/\/www.medespoir.fr\/es\/wp-json\/wp\/v2\/users\/1"}],"replies":[{"embeddable":true,"href":"https:\/\/www.medespoir.fr\/es\/wp-json\/wp\/v2\/comments?post=21549"}],"version-history":[{"count":0,"href":"https:\/\/www.medespoir.fr\/es\/wp-json\/wp\/v2\/pages\/21549\/revisions"}],"wp:featuredmedia":[{"embeddable":true,"href":"https:\/\/www.medespoir.fr\/es\/wp-json\/wp\/v2\/media\/20975"}],"wp:attachment":[{"href":"https:\/\/www.medespoir.fr\/es\/wp-json\/wp\/v2\/media?parent=21549"}],"curies":[{"name":"wp","href":"https:\/\/api.w.org\/{rel}","templated":true}]}}