{"id":21423,"date":"2016-09-27T12:02:13","date_gmt":"2016-09-27T10:02:13","guid":{"rendered":"https:\/\/www.medespoir.fr\/aumento-de-gluteos-tunez-implantes-y-lipofilling-de-gluteos\/"},"modified":"2022-12-19T14:51:06","modified_gmt":"2022-12-19T13:51:06","slug":"crecimiento-de-gluteos","status":"publish","type":"page","link":"https:\/\/www.medespoir.fr\/es\/crecimiento-de-gluteos\/","title":{"rendered":"Aumento de gl\u00fateos T\u00fanez : Implantes y lipofilling de gl\u00fateos"},"content":{"rendered":"\t\t<div data-elementor-type=\"wp-page\" data-elementor-id=\"21423\" class=\"elementor elementor-21423\">\n\t\t\t\t\t\t<section class=\"elementor-section elementor-top-section elementor-element elementor-element-9d3a892 elementor-section-boxed elementor-section-height-default elementor-section-height-default\" data-id=\"9d3a892\" data-element_type=\"section\" data-e-type=\"section\">\n\t\t\t\t\t\t<div class=\"elementor-container elementor-column-gap-default\">\n\t\t\t\t\t<div class=\"elementor-column elementor-col-66 elementor-top-column elementor-element elementor-element-f3e0a8c\" data-id=\"f3e0a8c\" data-element_type=\"column\" data-e-type=\"column\">\n\t\t\t<div class=\"elementor-widget-wrap elementor-element-populated\">\n\t\t\t\t\t\t<div class=\"elementor-element elementor-element-cc73c0a elementor-widget elementor-widget-text-editor\" data-id=\"cc73c0a\" data-element_type=\"widget\" data-e-type=\"widget\" data-widget_type=\"text-editor.default\">\n\t\t\t\t<div class=\"elementor-widget-container\">\n\t\t\t\t\t\t\t\t\t\n<strong>El aumento de gl\u00fateos <\/strong>es una cirug\u00eda est\u00e9tica que interesa tanto a mujeres como a hombres. Esta intervenci\u00f3n quir\u00fargica tiene por objeto <em>moldear los gl\u00fateos<\/em> y dar m\u00e1s relieve a la figura.\n<p style=\"text-align: justify;\">A trav\u00e9s de sus cl\u00ednicas y cirujanos asociados, MedEspoir France garantiza el buen funcionamiento de la estancia m\u00e9dica dedicada a esta operaci\u00f3n. Ya sea mediante implante de gl\u00fateos o lipofilling, el<strong>aumento de gl\u00fateos en T\u00fanez<\/strong> se realizar\u00e1 respetando las normas \u00e9ticas y deontol\u00f3gicas.<\/p>\t\t\t\t\t\t\t\t<\/div>\n\t\t\t\t<\/div>\n\t\t\t\t<div class=\"elementor-element elementor-element-00ddd7a elementor-widget elementor-widget-text-editor\" data-id=\"00ddd7a\" data-element_type=\"widget\" data-e-type=\"widget\" data-widget_type=\"text-editor.default\">\n\t\t\t\t<div class=\"elementor-widget-container\">\n\t\t\t\t\t\t\t\t\t<h2 style=\"text-align: justify;\">Precio del aumento de gl\u00fateos T\u00fanez<\/h2>\nAproveche una estancia m\u00e9dica todo incluido con Medespoir Francia y benef\u00edciese de un <strong>precio bajo para el aumento de gl\u00fateos en T\u00fanez<\/strong>.\n\n\n\t\t\t\t\t\t\t\t<\/div>\n\t\t\t\t<\/div>\n\t\t\t\t<div class=\"elementor-element elementor-element-9255194 elementor-widget elementor-widget-text-editor\" data-id=\"9255194\" data-element_type=\"widget\" data-e-type=\"widget\" id=\"price\" data-widget_type=\"text-editor.default\">\n\t\t\t\t<div class=\"elementor-widget-container\">\n\t\t\t\t\t\t\t\t\t<table class=\"cmsms_table\">\n<thead>\n<tr class=\"cmsms_table_row_header\">\n<th class=\"cmsms_table_cell_alignleft\">Intervenci\u00f3n<\/th>\n<th class=\"cmsms_table_cell_aligncenter\">Premios<\/th>\n<th class=\"cmsms_table_cell_aligncenter\">Permanezca en<\/th>\n<\/tr>\n<\/thead>\n<tbody>\n<tr>\n<td class=\"cmsms_table_cell_alignleft\">Aumento de gl\u00fateos mediante pr\u00f3tesis<\/td>\n<td class=\"cmsms_table_cell_aligncenter\">2950 \u20ac<\/td>\n<td class=\"cmsms_table_cell_aligncenter\">5 noches \/ 6 d\u00edas<\/td>\n<\/tr>\n<tr>\n<td class=\"cmsms_table_cell_alignleft\">Aumento de gl\u00fateos mediante inyecci\u00f3n de grasa (lipofilling)<\/td>\n<td class=\"cmsms_table_cell_aligncenter\">2950 \u20ac<\/td>\n<td class=\"cmsms_table_cell_aligncenter\">5 noches \/ 6 d\u00edas<\/td>\n<\/tr>\n<\/tbody>\n<\/table>\t\t\t\t\t\t\t\t<\/div>\n\t\t\t\t<\/div>\n\t\t\t\t\t<\/div>\n\t\t<\/div>\n\t\t\t\t<div class=\"elementor-column elementor-col-33 elementor-top-column elementor-element elementor-element-cd6b854\" data-id=\"cd6b854\" data-element_type=\"column\" data-e-type=\"column\">\n\t\t\t<div class=\"elementor-widget-wrap elementor-element-populated\">\n\t\t\t\t\t\t<div class=\"elementor-element elementor-element-af112f4 elementor-widget elementor-widget-text-editor\" data-id=\"af112f4\" data-element_type=\"widget\" data-e-type=\"widget\" data-widget_type=\"text-editor.default\">\n\t\t\t\t<div class=\"elementor-widget-container\">\n\t\t\t\t\t\t\t\t\t<p><img decoding=\"async\" class=\"\" src=\"https:\/\/www.medespoir.fr\/wp-content\/uploads\/2021\/11\/augmetnation-fesses.jpg\" alt=\"aumento de gl\u00fateos T\u00fanez\"><\/p>\n\t\t\t\t\t\t\t\t<\/div>\n\t\t\t\t<\/div>\n\t\t\t\t\t<\/div>\n\t\t<\/div>\n\t\t\t\t\t<\/div>\n\t\t<\/section>\n\t\t\t\t<section class=\"elementor-section elementor-top-section elementor-element elementor-element-7a4c889 elementor-section-boxed elementor-section-height-default elementor-section-height-default\" data-id=\"7a4c889\" data-element_type=\"section\" data-e-type=\"section\" id=\"bg-devis-express\">\n\t\t\t\t\t\t<div class=\"elementor-container elementor-column-gap-default\">\n\t\t\t\t\t<div class=\"elementor-column elementor-col-100 elementor-top-column elementor-element elementor-element-b5b7c0f\" data-id=\"b5b7c0f\" data-element_type=\"column\" data-e-type=\"column\">\n\t\t\t<div class=\"elementor-widget-wrap elementor-element-populated\">\n\t\t\t\t\t\t<div class=\"elementor-element elementor-element-952566b elementor-widget elementor-widget-text-editor\" data-id=\"952566b\" data-element_type=\"widget\" data-e-type=\"widget\" data-widget_type=\"text-editor.default\">\n\t\t\t\t<div class=\"elementor-widget-container\">\n\t\t\t\t\t\t\t\t\t<style>\r\n\tbody.home #main-form h2 {\r\n   display:none;\r\n}\r\n<\/style>\r\n<h2 style=\"text-align: center;font-weight: bold;\">Presupuesto r\u00e1pido gratuito<\/h2>\r\n<iframe src=\"https:\/\/app.metocrm.com\/web-forms\/e1cab5bd-ef56-4a37-aa71-4857d931f368\"  height=\"700px\" width=\"100%\"  frameborder=\"0\"><\/iframe>\t\t\t\t\t\t\t\t<\/div>\n\t\t\t\t<\/div>\n\t\t\t\t\t<\/div>\n\t\t<\/div>\n\t\t\t\t\t<\/div>\n\t\t<\/section>\n\t\t\t\t<section class=\"elementor-section elementor-top-section elementor-element elementor-element-61891532 elementor-section-boxed elementor-section-height-default elementor-section-height-default\" data-id=\"61891532\" data-element_type=\"section\" data-e-type=\"section\">\n\t\t\t\t\t\t<div class=\"elementor-container elementor-column-gap-default\">\n\t\t\t\t\t<div class=\"elementor-column elementor-col-100 elementor-top-column elementor-element elementor-element-4bcaeda4\" data-id=\"4bcaeda4\" data-element_type=\"column\" data-e-type=\"column\">\n\t\t\t<div class=\"elementor-widget-wrap elementor-element-populated\">\n\t\t\t\t\t\t<div class=\"elementor-element elementor-element-5e400309 elementor-widget elementor-widget-text-editor\" data-id=\"5e400309\" data-element_type=\"widget\" data-e-type=\"widget\" data-widget_type=\"text-editor.default\">\n\t\t\t\t<div class=\"elementor-widget-container\">\n\t\t\t\t\t\t\t\t\t<h2>T\u00e9cnicas de aumento de gl\u00fateos<\/h2><p>Hay dos m\u00e9todos quir\u00fargicos que pueden utilizarse para conseguir unos gl\u00fateos maravillosamente curvados. La colocaci\u00f3n de <strong>pr\u00f3tesis gl\u00fateas<\/strong> de silicona y la<strong>inyecci\u00f3n de grasa en la zona gl\u00fatea<\/strong>. Este procedimiento se denomina en la jerga de la cirug\u00eda pl\u00e1stica el <a href=\"https:\/\/www.medespoir.fr\/es\/lipofilling-gluteos\/\"><br \/><strong>lipofilling de gl\u00fateos<\/strong><br \/><\/a>. Ambas t\u00e9cnicas son prometedoras, salvo que la segunda no puede indicarse en mujeres delgadas: el cuerpo de la paciente debe tener zonas suficientemente ricas en infiltraciones grasas para poder extraer una cantidad suficiente de grasa. Esto es lo que debe saber sobre estas dos intervenciones est\u00e9ticas en T\u00fanez.<\/p>\t\t\t\t\t\t\t\t<\/div>\n\t\t\t\t<\/div>\n\t\t\t\t<div class=\"elementor-element elementor-element-f470975 elementor-widget elementor-widget-text-editor\" data-id=\"f470975\" data-element_type=\"widget\" data-e-type=\"widget\" data-widget_type=\"text-editor.default\">\n\t\t\t\t<div class=\"elementor-widget-container\">\n\t\t\t\t\t\t\t\t\t<h3>La instalaci\u00f3n de implantes de gl\u00fateos en T\u00fanez<\/h3>\nTras examinar la morfolog\u00eda de la paciente, el cirujano pl\u00e1stico tunecino le recomienda la mejor opci\u00f3n y le da los argumentos asociados a la soluci\u00f3n que propone. En el marco de un consentimiento informado, el cirujano explica las t\u00e9cnicas quir\u00fargicas, habla con el paciente sobre el resultado, las secuelas y las precauciones que debe tomar.\n\n\t\t\t\t\t\t\t\t<\/div>\n\t\t\t\t<\/div>\n\t\t\t\t<div class=\"elementor-element elementor-element-01173de elementor-widget elementor-widget-text-editor\" data-id=\"01173de\" data-element_type=\"widget\" data-e-type=\"widget\" data-widget_type=\"text-editor.default\">\n\t\t\t\t<div class=\"elementor-widget-container\">\n\t\t\t\t\t\t\t\t\tSe informa al paciente sobre las diferentes formas de las pr\u00f3tesis: algunas son redondas. Otras son anat\u00f3micas, con forma de gota de agua. Los implantes adquiridos por la Clinique de l&#8217;Espoir son de la m\u00e1xima calidad: se fabrican de acuerdo con las normas internacionales y son robustos y duraderos. Estos implantes pueden soportar el peso del paciente y todas las posibles sacudidas, independientemente de su magnitud.\n\n\t\t\t\t\t\t\t\t<\/div>\n\t\t\t\t<\/div>\n\t\t\t\t<div class=\"elementor-element elementor-element-ea76062 elementor-widget elementor-widget-text-editor\" data-id=\"ea76062\" data-element_type=\"widget\" data-e-type=\"widget\" data-widget_type=\"text-editor.default\">\n\t\t\t\t<div class=\"elementor-widget-container\">\n\t\t\t\t\t\t\t\t\tLas <strong>pr\u00f3tesis de gl\u00fateos<\/strong> no se colocan directamente bajo la piel, sino entre los m\u00fasculos de los gl\u00fateos. Est\u00e1n fabricados con una cubierta rellena de gel de silicona. La posibilidad de grietas es muy rara. Incluso en caso de accidente grave, la sustancia contenida en la membrana no podr\u00e1 extenderse por todo el cuerpo.\n\n\t\t\t\t\t\t\t\t<\/div>\n\t\t\t\t<\/div>\n\t\t\t\t<div class=\"elementor-element elementor-element-acb0d2b elementor-widget elementor-widget-text-editor\" data-id=\"acb0d2b\" data-element_type=\"widget\" data-e-type=\"widget\" data-widget_type=\"text-editor.default\">\n\t\t\t\t<div class=\"elementor-widget-container\">\n\t\t\t\t\t\t\t\t\tOtra buena noticia es que la incisi\u00f3n necesaria para este procedimiento se realiza en el pliegue gl\u00fateo. Obviamente, no ser\u00e1 visible. El resultado de un <strong>aumento de gl\u00fateos en T\u00fanez<\/strong> es excelente: los gl\u00fateos adquieren una nueva curvatura muy est\u00e9tica y sobre todo en perfecta armon\u00eda con la morfolog\u00eda de la paciente. Adem\u00e1s, e insistimos en este punto, el tacto sigue siendo muy natural.\n\n\t\t\t\t\t\t\t\t<\/div>\n\t\t\t\t<\/div>\n\t\t\t\t<div class=\"elementor-element elementor-element-32e41a2 elementor-widget elementor-widget-text-editor\" data-id=\"32e41a2\" data-element_type=\"widget\" data-e-type=\"widget\" data-widget_type=\"text-editor.default\">\n\t\t\t\t<div class=\"elementor-widget-container\">\n\t\t\t\t\t\t\t\t\tLas nalgas son muy duraderas. Sin embargo, los cirujanos est\u00e9ticos tunecinos aconsejan cambiarlas al cabo de 15 a\u00f1os. La <strong>cirug\u00eda de gl\u00fateos en T\u00fanez<\/strong> suele requerir dos d\u00edas de hospitalizaci\u00f3n en la Cl\u00ednica de la Esperanza. La operaci\u00f3n dura 02 horas.\n\n\t\t\t\t\t\t\t\t<\/div>\n\t\t\t\t<\/div>\n\t\t\t\t<div class=\"elementor-element elementor-element-e43483b elementor-widget elementor-widget-text-editor\" data-id=\"e43483b\" data-element_type=\"widget\" data-e-type=\"widget\" data-widget_type=\"text-editor.default\">\n\t\t\t\t<div class=\"elementor-widget-container\">\n\t\t\t\t\t\t\t\t\tDurante el periodo de recuperaci\u00f3n, el paciente puede experimentar fuertes dolores. Estas molestias no durar\u00e1n mucho tiempo y se calmar\u00e1n bien con la ayuda de algunos analg\u00e9sicos fuertes. El paciente no podr\u00e1 sentarse durante los primeros ocho d\u00edas para evitar ejercer mucha presi\u00f3n sobre las pr\u00f3tesis. A partir de la tercera semana podr\u00e1 reanudar todas sus actividades cotidianas.\n\t\t\t\t\t\t\t\t<\/div>\n\t\t\t\t<\/div>\n\t\t\t\t\t<\/div>\n\t\t<\/div>\n\t\t\t\t\t<\/div>\n\t\t<\/section>\n\t\t\t\t<section class=\"elementor-section elementor-top-section elementor-element elementor-element-fdfe58c elementor-section-boxed elementor-section-height-default elementor-section-height-default\" data-id=\"fdfe58c\" data-element_type=\"section\" data-e-type=\"section\">\n\t\t\t\t\t\t<div class=\"elementor-container elementor-column-gap-default\">\n\t\t\t\t\t<div class=\"elementor-column elementor-col-100 elementor-top-column elementor-element elementor-element-fd5641c\" data-id=\"fd5641c\" data-element_type=\"column\" data-e-type=\"column\">\n\t\t\t<div class=\"elementor-widget-wrap elementor-element-populated\">\n\t\t\t\t\t\t<div class=\"elementor-element elementor-element-a12bb58 elementor-widget elementor-widget-text-editor\" data-id=\"a12bb58\" data-element_type=\"widget\" data-e-type=\"widget\" data-widget_type=\"text-editor.default\">\n\t\t\t\t<div class=\"elementor-widget-container\">\n\t\t\t\t\t\t\t\t\t<h3>Lipofilling de gl\u00fateos en T\u00fanez<strong>\n<\/strong><\/h3>\nDurante la primera consulta, el cirujano est\u00e9tico tunecino se toma su tiempo para hablar con la paciente, examina su morfolog\u00eda y mide la anchura de la cintura y los muslos. Traza l\u00edneas en la piel para identificar las zonas donantes, es decir, las zonas ricas en grasa.\n\n\t\t\t\t\t\t\t\t<\/div>\n\t\t\t\t<\/div>\n\t\t\t\t<div class=\"elementor-element elementor-element-2f22893 elementor-widget elementor-widget-text-editor\" data-id=\"2f22893\" data-element_type=\"widget\" data-e-type=\"widget\" data-widget_type=\"text-editor.default\">\n\t\t\t\t<div class=\"elementor-widget-container\">\n\t\t\t\t\t\t\t\t\tEl lipofilling de gl\u00fateos es un procedimiento que suele realizarse en combinaci\u00f3n con la liposucci\u00f3n. El cirujano extrae grasa del abdomen y a veces de las alforjas, la centrifuga para extraer grasa de buena calidad y luego la reinyecta en la zona de los gl\u00fateos. El aumento de gl\u00fateos con lipofilling dura entre 1 y 3 horas. Requiere una \u00fanica noche de estancia en la cl\u00ednica y puede realizarse como procedimiento ambulatorio.\n\n\t\t\t\t\t\t\t\t<\/div>\n\t\t\t\t<\/div>\n\t\t\t\t<div class=\"elementor-element elementor-element-7079e68 elementor-widget elementor-widget-text-editor\" data-id=\"7079e68\" data-element_type=\"widget\" data-e-type=\"widget\" data-widget_type=\"text-editor.default\">\n\t\t\t\t<div class=\"elementor-widget-container\">\n\t\t\t\t\t\t\t\t\t<p>Se tomar\u00e1n algunas precauciones adicionales para desinfectar las zonas tratadas mediante liposucci\u00f3n. El uso de una braga es obligatorio. La vaina proporciona un mejor soporte, ayuda al tejido cut\u00e1neo a contraerse y facilita la desaparici\u00f3n del edema. No ser\u00e1 necesario retirar los alambres, ya que se caer\u00e1n solos al cabo de cinco d\u00edas. El periodo de recuperaci\u00f3n dura un m\u00e1ximo de diez d\u00edas. Tras este periodo, el paciente puede volver al trabajo. Es necesario esperar un mes antes de reanudar las actividades f\u00edsicas. El resultado final de un lipofilling de gl\u00fateos en T\u00fanez puede observarse al cabo de 4 meses.<\/p>\n\t\t\t\t\t\t\t\t<\/div>\n\t\t\t\t<\/div>\n\t\t\t\t\t<\/div>\n\t\t<\/div>\n\t\t\t\t\t<\/div>\n\t\t<\/section>\n\t\t\t\t<section class=\"elementor-section elementor-top-section elementor-element elementor-element-f9fa6b9 elementor-section-boxed elementor-section-height-default elementor-section-height-default\" data-id=\"f9fa6b9\" data-element_type=\"section\" data-e-type=\"section\">\n\t\t\t\t\t\t<div class=\"elementor-container elementor-column-gap-default\">\n\t\t\t\t\t<div class=\"elementor-column elementor-col-50 elementor-top-column elementor-element elementor-element-67fce9d\" data-id=\"67fce9d\" data-element_type=\"column\" data-e-type=\"column\">\n\t\t\t<div class=\"elementor-widget-wrap elementor-element-populated\">\n\t\t\t\t\t\t<div class=\"elementor-element elementor-element-12efcd1 elementor-widget elementor-widget-html\" data-id=\"12efcd1\" data-element_type=\"widget\" data-e-type=\"widget\" data-widget_type=\"html.default\">\n\t\t\t\t<div class=\"elementor-widget-container\">\n\t\t\t\t\t<a href=\"https:\/\/www.medespoir.fr\/es\/presupuesto\/\" class=\"main__btn blue\"><span>Presupuesto gratuito<\/span><\/a>\t\t\t\t<\/div>\n\t\t\t\t<\/div>\n\t\t\t\t\t<\/div>\n\t\t<\/div>\n\t\t\t\t<div class=\"elementor-column elementor-col-50 elementor-top-column elementor-element elementor-element-8c3a27f\" data-id=\"8c3a27f\" data-element_type=\"column\" data-e-type=\"column\">\n\t\t\t<div class=\"elementor-widget-wrap\">\n\t\t\t\t\t\t\t<\/div>\n\t\t<\/div>\n\t\t\t\t\t<\/div>\n\t\t<\/section>\n\t\t\t\t<\/div>\n\t\t","protected":false},"excerpt":{"rendered":"<p>El aumento de gl\u00fateos es una cirug\u00eda est\u00e9tica que interesa tanto a mujeres como a hombres. Esta intervenci\u00f3n quir\u00fargica tiene [&hellip;]<\/p>\n","protected":false},"author":1,"featured_media":20927,"parent":0,"menu_order":65,"comment_status":"closed","ping_status":"closed","template":"","meta":{"footnotes":""},"class_list":["post-21423","page","type-page","status-publish","has-post-thumbnail","hentry"],"yoast_head":"<!-- This site is optimized with the Yoast SEO plugin v27.5 - https:\/\/yoast.com\/product\/yoast-seo-wordpress\/ -->\n<title>Aumento de gl\u00fateos T\u00fanez : Precio de los implantes de gl\u00fateos<\/title>\n<meta name=\"description\" content=\"Aumento de gl\u00fateos T\u00fanez, la soluci\u00f3n a los gl\u00fateos planos dentro de su presupuesto. Nuestros implantes de gl\u00fateos baratos en T\u00fanez realizados por un cirujano cualificado\" \/>\n<meta name=\"robots\" content=\"index, follow, max-snippet:-1, max-image-preview:large, max-video-preview:-1\" \/>\n<link rel=\"canonical\" href=\"https:\/\/www.medespoir.fr\/es\/crecimiento-de-gluteos\/\" \/>\n<meta name=\"twitter:label1\" content=\"Tiempo de lectura\" \/>\n\t<meta name=\"twitter:data1\" content=\"4 minutos\" \/>\n<script type=\"application\/ld+json\" class=\"yoast-schema-graph\">{\"@context\":\"https:\\\/\\\/schema.org\",\"@graph\":[{\"@type\":\"WebPage\",\"@id\":\"https:\\\/\\\/www.medespoir.fr\\\/es\\\/crecimiento-de-gluteos\\\/\",\"url\":\"https:\\\/\\\/www.medespoir.fr\\\/es\\\/crecimiento-de-gluteos\\\/\",\"name\":\"Aumento de gl\u00fateos T\u00fanez : Precio de los implantes de gl\u00fateos\",\"isPartOf\":{\"@id\":\"https:\\\/\\\/www.medespoir.fr\\\/es\\\/#website\"},\"primaryImageOfPage\":{\"@id\":\"https:\\\/\\\/www.medespoir.fr\\\/es\\\/crecimiento-de-gluteos\\\/#primaryimage\"},\"image\":{\"@id\":\"https:\\\/\\\/www.medespoir.fr\\\/es\\\/crecimiento-de-gluteos\\\/#primaryimage\"},\"thumbnailUrl\":\"https:\\\/\\\/www.medespoir.fr\\\/wp-content\\\/uploads\\\/2021\\\/11\\\/header-corps.jpg\",\"datePublished\":\"2016-09-27T10:02:13+00:00\",\"dateModified\":\"2022-12-19T13:51:06+00:00\",\"description\":\"Aumento de gl\u00fateos T\u00fanez, la soluci\u00f3n a los gl\u00fateos planos dentro de su presupuesto. Nuestros implantes de gl\u00fateos baratos en T\u00fanez realizados por un cirujano cualificado\",\"breadcrumb\":{\"@id\":\"https:\\\/\\\/www.medespoir.fr\\\/es\\\/crecimiento-de-gluteos\\\/#breadcrumb\"},\"inLanguage\":\"es\",\"potentialAction\":[{\"@type\":\"ReadAction\",\"target\":[\"https:\\\/\\\/www.medespoir.fr\\\/es\\\/crecimiento-de-gluteos\\\/\"]}]},{\"@type\":\"ImageObject\",\"inLanguage\":\"es\",\"@id\":\"https:\\\/\\\/www.medespoir.fr\\\/es\\\/crecimiento-de-gluteos\\\/#primaryimage\",\"url\":\"https:\\\/\\\/www.medespoir.fr\\\/wp-content\\\/uploads\\\/2021\\\/11\\\/header-corps.jpg\",\"contentUrl\":\"https:\\\/\\\/www.medespoir.fr\\\/wp-content\\\/uploads\\\/2021\\\/11\\\/header-corps.jpg\",\"width\":1928,\"height\":479},{\"@type\":\"BreadcrumbList\",\"@id\":\"https:\\\/\\\/www.medespoir.fr\\\/es\\\/crecimiento-de-gluteos\\\/#breadcrumb\",\"itemListElement\":[{\"@type\":\"ListItem\",\"position\":1,\"name\":\"Accueil\",\"item\":\"https:\\\/\\\/www.medespoir.fr\\\/es\\\/\"},{\"@type\":\"ListItem\",\"position\":2,\"name\":\"Aumento de gl\u00fateos T\u00fanez : Implantes y lipofilling de gl\u00fateos\"}]},{\"@type\":\"WebSite\",\"@id\":\"https:\\\/\\\/www.medespoir.fr\\\/es\\\/#website\",\"url\":\"https:\\\/\\\/www.medespoir.fr\\\/es\\\/\",\"name\":\"Medespoir France\",\"description\":\"Chirurgie esthetique Tunisie\",\"publisher\":{\"@id\":\"https:\\\/\\\/www.medespoir.fr\\\/es\\\/#organization\"},\"potentialAction\":[{\"@type\":\"SearchAction\",\"target\":{\"@type\":\"EntryPoint\",\"urlTemplate\":\"https:\\\/\\\/www.medespoir.fr\\\/es\\\/?s={search_term_string}\"},\"query-input\":{\"@type\":\"PropertyValueSpecification\",\"valueRequired\":true,\"valueName\":\"search_term_string\"}}],\"inLanguage\":\"es\"},{\"@type\":\"Organization\",\"@id\":\"https:\\\/\\\/www.medespoir.fr\\\/es\\\/#organization\",\"name\":\"Medespoir France\",\"url\":\"https:\\\/\\\/www.medespoir.fr\\\/es\\\/\",\"logo\":{\"@type\":\"ImageObject\",\"inLanguage\":\"es\",\"@id\":\"https:\\\/\\\/www.medespoir.fr\\\/es\\\/#\\\/schema\\\/logo\\\/image\\\/\",\"url\":\"https:\\\/\\\/www.medespoir.fr\\\/wp-content\\\/uploads\\\/2021\\\/10\\\/cropped-logo__medespoirFR.png\",\"contentUrl\":\"https:\\\/\\\/www.medespoir.fr\\\/wp-content\\\/uploads\\\/2021\\\/10\\\/cropped-logo__medespoirFR.png\",\"width\":150,\"height\":62,\"caption\":\"Medespoir France\"},\"image\":{\"@id\":\"https:\\\/\\\/www.medespoir.fr\\\/es\\\/#\\\/schema\\\/logo\\\/image\\\/\"},\"sameAs\":[\"https:\\\/\\\/www.facebook.com\\\/MedEspoirFr\",\"https:\\\/\\\/x.com\\\/MedEspoirTN\"]}]}<\/script>\n<!-- \/ Yoast SEO plugin. -->","yoast_head_json":{"title":"Aumento de gl\u00fateos T\u00fanez : Precio de los implantes de gl\u00fateos","description":"Aumento de gl\u00fateos T\u00fanez, la soluci\u00f3n a los gl\u00fateos planos dentro de su presupuesto. Nuestros implantes de gl\u00fateos baratos en T\u00fanez realizados por un cirujano cualificado","robots":{"index":"index","follow":"follow","max-snippet":"max-snippet:-1","max-image-preview":"max-image-preview:large","max-video-preview":"max-video-preview:-1"},"canonical":"https:\/\/www.medespoir.fr\/es\/crecimiento-de-gluteos\/","twitter_misc":{"Tiempo de lectura":"4 minutos"},"schema":{"@context":"https:\/\/schema.org","@graph":[{"@type":"WebPage","@id":"https:\/\/www.medespoir.fr\/es\/crecimiento-de-gluteos\/","url":"https:\/\/www.medespoir.fr\/es\/crecimiento-de-gluteos\/","name":"Aumento de gl\u00fateos T\u00fanez : Precio de los implantes de gl\u00fateos","isPartOf":{"@id":"https:\/\/www.medespoir.fr\/es\/#website"},"primaryImageOfPage":{"@id":"https:\/\/www.medespoir.fr\/es\/crecimiento-de-gluteos\/#primaryimage"},"image":{"@id":"https:\/\/www.medespoir.fr\/es\/crecimiento-de-gluteos\/#primaryimage"},"thumbnailUrl":"https:\/\/www.medespoir.fr\/wp-content\/uploads\/2021\/11\/header-corps.jpg","datePublished":"2016-09-27T10:02:13+00:00","dateModified":"2022-12-19T13:51:06+00:00","description":"Aumento de gl\u00fateos T\u00fanez, la soluci\u00f3n a los gl\u00fateos planos dentro de su presupuesto. Nuestros implantes de gl\u00fateos baratos en T\u00fanez realizados por un cirujano cualificado","breadcrumb":{"@id":"https:\/\/www.medespoir.fr\/es\/crecimiento-de-gluteos\/#breadcrumb"},"inLanguage":"es","potentialAction":[{"@type":"ReadAction","target":["https:\/\/www.medespoir.fr\/es\/crecimiento-de-gluteos\/"]}]},{"@type":"ImageObject","inLanguage":"es","@id":"https:\/\/www.medespoir.fr\/es\/crecimiento-de-gluteos\/#primaryimage","url":"https:\/\/www.medespoir.fr\/wp-content\/uploads\/2021\/11\/header-corps.jpg","contentUrl":"https:\/\/www.medespoir.fr\/wp-content\/uploads\/2021\/11\/header-corps.jpg","width":1928,"height":479},{"@type":"BreadcrumbList","@id":"https:\/\/www.medespoir.fr\/es\/crecimiento-de-gluteos\/#breadcrumb","itemListElement":[{"@type":"ListItem","position":1,"name":"Accueil","item":"https:\/\/www.medespoir.fr\/es\/"},{"@type":"ListItem","position":2,"name":"Aumento de gl\u00fateos T\u00fanez : Implantes y lipofilling de gl\u00fateos"}]},{"@type":"WebSite","@id":"https:\/\/www.medespoir.fr\/es\/#website","url":"https:\/\/www.medespoir.fr\/es\/","name":"Medespoir France","description":"Chirurgie esthetique Tunisie","publisher":{"@id":"https:\/\/www.medespoir.fr\/es\/#organization"},"potentialAction":[{"@type":"SearchAction","target":{"@type":"EntryPoint","urlTemplate":"https:\/\/www.medespoir.fr\/es\/?s={search_term_string}"},"query-input":{"@type":"PropertyValueSpecification","valueRequired":true,"valueName":"search_term_string"}}],"inLanguage":"es"},{"@type":"Organization","@id":"https:\/\/www.medespoir.fr\/es\/#organization","name":"Medespoir France","url":"https:\/\/www.medespoir.fr\/es\/","logo":{"@type":"ImageObject","inLanguage":"es","@id":"https:\/\/www.medespoir.fr\/es\/#\/schema\/logo\/image\/","url":"https:\/\/www.medespoir.fr\/wp-content\/uploads\/2021\/10\/cropped-logo__medespoirFR.png","contentUrl":"https:\/\/www.medespoir.fr\/wp-content\/uploads\/2021\/10\/cropped-logo__medespoirFR.png","width":150,"height":62,"caption":"Medespoir France"},"image":{"@id":"https:\/\/www.medespoir.fr\/es\/#\/schema\/logo\/image\/"},"sameAs":["https:\/\/www.facebook.com\/MedEspoirFr","https:\/\/x.com\/MedEspoirTN"]}]}},"_links":{"self":[{"href":"https:\/\/www.medespoir.fr\/es\/wp-json\/wp\/v2\/pages\/21423","targetHints":{"allow":["GET"]}}],"collection":[{"href":"https:\/\/www.medespoir.fr\/es\/wp-json\/wp\/v2\/pages"}],"about":[{"href":"https:\/\/www.medespoir.fr\/es\/wp-json\/wp\/v2\/types\/page"}],"author":[{"embeddable":true,"href":"https:\/\/www.medespoir.fr\/es\/wp-json\/wp\/v2\/users\/1"}],"replies":[{"embeddable":true,"href":"https:\/\/www.medespoir.fr\/es\/wp-json\/wp\/v2\/comments?post=21423"}],"version-history":[{"count":0,"href":"https:\/\/www.medespoir.fr\/es\/wp-json\/wp\/v2\/pages\/21423\/revisions"}],"wp:featuredmedia":[{"embeddable":true,"href":"https:\/\/www.medespoir.fr\/es\/wp-json\/wp\/v2\/media\/20927"}],"wp:attachment":[{"href":"https:\/\/www.medespoir.fr\/es\/wp-json\/wp\/v2\/media?parent=21423"}],"curies":[{"name":"wp","href":"https:\/\/api.w.org\/{rel}","templated":true}]}}