{"id":21417,"date":"2017-06-28T15:00:03","date_gmt":"2017-06-28T13:00:03","guid":{"rendered":"https:\/\/www.medespoir.fr\/abdominoplastia-tunez-cirugia-de-vientre-plano-barata\/"},"modified":"2022-12-19T14:42:22","modified_gmt":"2022-12-19T13:42:22","slug":"abdominoplastia","status":"publish","type":"page","link":"https:\/\/www.medespoir.fr\/es\/abdominoplastia\/","title":{"rendered":"Abdominoplastia T\u00fanez: cirug\u00eda de vientre plano barata"},"content":{"rendered":"\t\t<div data-elementor-type=\"wp-page\" data-elementor-id=\"21417\" class=\"elementor elementor-21417\">\n\t\t\t\t\t\t<section class=\"elementor-section elementor-top-section elementor-element elementor-element-1db3e1f elementor-section-boxed elementor-section-height-default elementor-section-height-default\" data-id=\"1db3e1f\" data-element_type=\"section\" data-e-type=\"section\">\n\t\t\t\t\t\t<div class=\"elementor-container elementor-column-gap-default\">\n\t\t\t\t\t<div class=\"elementor-column elementor-col-66 elementor-top-column elementor-element elementor-element-6b6f649\" data-id=\"6b6f649\" data-element_type=\"column\" data-e-type=\"column\">\n\t\t\t<div class=\"elementor-widget-wrap elementor-element-populated\">\n\t\t\t\t\t\t<div class=\"elementor-element elementor-element-eea0871 elementor-widget elementor-widget-text-editor\" data-id=\"eea0871\" data-element_type=\"widget\" data-e-type=\"widget\" data-widget_type=\"text-editor.default\">\n\t\t\t\t<div class=\"elementor-widget-container\">\n\t\t\t\t\t\t\t\t\t<p>La<strong>abdominoplastia<\/strong> o <strong>cirug\u00eda est\u00e9tica de abdomen<\/strong> es una operaci\u00f3n est\u00e9tica que trata la distensi\u00f3n de la piel del abdomen, o del delantal abdominal en el caso de piel excesivamente fl\u00e1cida.<\/p>\n\t\t\t\t\t\t\t\t<\/div>\n\t\t\t\t<\/div>\n\t\t\t\t<div class=\"elementor-element elementor-element-0624ad0 elementor-widget elementor-widget-text-editor\" data-id=\"0624ad0\" data-element_type=\"widget\" data-e-type=\"widget\" data-widget_type=\"text-editor.default\">\n\t\t\t\t<div class=\"elementor-widget-container\">\n\t\t\t\t\t\t\t\t\t<p>El procedimiento permite al paciente <em>recuperar un vientre<\/em> plano mediante la pr\u00e1ctica de tres gestos principales: aspirar el exceso de grasa mediante liposucci\u00f3n, tensar los m\u00fasculos del abdomen y, por \u00faltimo, eliminar la piel sobrante.<\/p>\n\t\t\t\t\t\t\t\t<\/div>\n\t\t\t\t<\/div>\n\t\t\t\t<div class=\"elementor-element elementor-element-e764b2f elementor-widget elementor-widget-text-editor\" data-id=\"e764b2f\" data-element_type=\"widget\" data-e-type=\"widget\" data-widget_type=\"text-editor.default\">\n\t\t\t\t<div class=\"elementor-widget-container\">\n\t\t\t\t\t\t\t\t\t<p>La abdominoplastia se realiza bajo anestesia general y dura aproximadamente 1h30. Se debe considerar una o tres noches en el hospital.<\/p>\n\t\t\t\t\t\t\t\t<\/div>\n\t\t\t\t<\/div>\n\t\t\t\t<div class=\"elementor-element elementor-element-97f27ce elementor-widget elementor-widget-text-editor\" data-id=\"97f27ce\" data-element_type=\"widget\" data-e-type=\"widget\" data-widget_type=\"text-editor.default\">\n\t\t\t\t<div class=\"elementor-widget-container\">\n\t\t\t\t\t\t\t\t\t<p>La <strong>cirug\u00eda est\u00e9tica del vientre <\/strong>tambi\u00e9n trata las estr\u00edas entre el ombligo y el pubis. Por razones puramente est\u00e9ticas, esta operaci\u00f3n est\u00e1 indicada para reconstruir las l\u00edneas del vientre que se han deformado debido a m\u00faltiples variaciones de peso, trabajo sedentario o embarazo.<\/p>\n\t\t\t\t\t\t\t\t<\/div>\n\t\t\t\t<\/div>\n\t\t\t\t\t<\/div>\n\t\t<\/div>\n\t\t\t\t<div class=\"elementor-column elementor-col-33 elementor-top-column elementor-element elementor-element-ef737d3\" data-id=\"ef737d3\" data-element_type=\"column\" data-e-type=\"column\">\n\t\t\t<div class=\"elementor-widget-wrap elementor-element-populated\">\n\t\t\t\t\t\t<div class=\"elementor-element elementor-element-71c2a74 elementor-widget elementor-widget-text-editor\" data-id=\"71c2a74\" data-element_type=\"widget\" data-e-type=\"widget\" data-widget_type=\"text-editor.default\">\n\t\t\t\t<div class=\"elementor-widget-container\">\n\t\t\t\t\t\t\t\t\t<p><img decoding=\"async\" class=\"size-full\" src=\"https:\/\/www.medespoir.fr\/wp-content\/uploads\/2021\/11\/abdominoplastie.jpg\" alt=\"abdominoplastia tunez\"><\/p>\n\t\t\t\t\t\t\t\t<\/div>\n\t\t\t\t<\/div>\n\t\t\t\t\t<\/div>\n\t\t<\/div>\n\t\t\t\t\t<\/div>\n\t\t<\/section>\n\t\t\t\t<section class=\"elementor-section elementor-top-section elementor-element elementor-element-aa37074 elementor-section-boxed elementor-section-height-default elementor-section-height-default\" data-id=\"aa37074\" data-element_type=\"section\" data-e-type=\"section\">\n\t\t\t\t\t\t<div class=\"elementor-container elementor-column-gap-default\">\n\t\t\t\t\t<div class=\"elementor-column elementor-col-100 elementor-top-column elementor-element elementor-element-b1c30c3\" data-id=\"b1c30c3\" data-element_type=\"column\" data-e-type=\"column\">\n\t\t\t<div class=\"elementor-widget-wrap elementor-element-populated\">\n\t\t\t\t\t\t<div class=\"elementor-element elementor-element-62c4dbe elementor-widget elementor-widget-text-editor\" data-id=\"62c4dbe\" data-element_type=\"widget\" data-e-type=\"widget\" data-widget_type=\"text-editor.default\">\n\t\t\t\t<div class=\"elementor-widget-container\">\n\t\t\t\t\t\t\t\t\t<h2>Precio de una abdominoplastia en T\u00fanez<\/h2>\nAproveche una estancia m\u00e9dica todo incluido con Medespoir France y benef\u00edciese de un <strong>precio abdominoplastia T\u00fanez<\/strong> barato.\n\n\n\t\t\t\t\t\t\t\t<\/div>\n\t\t\t\t<\/div>\n\t\t\t\t<div class=\"elementor-element elementor-element-c40c5a2 elementor-widget elementor-widget-text-editor\" data-id=\"c40c5a2\" data-element_type=\"widget\" data-e-type=\"widget\" id=\"price\" data-widget_type=\"text-editor.default\">\n\t\t\t\t<div class=\"elementor-widget-container\">\n\t\t\t\t\t\t\t\t\t<table class=\"cmsms_table\" width=\"100%\">\n<thead>\n<tr class=\"cmsms_table_row_header\">\n<th class=\"cmsms_table_cell_alignleft\" style=\"text-align: center;\">Intervenci\u00f3n<\/th>\n<th class=\"cmsms_table_cell_aligncenter\" style=\"text-align: center;\">Premios<\/th>\n<th class=\"cmsms_table_cell_aligncenter\" style=\"text-align: center;\">Permanezca en<\/th>\n<\/tr>\n<\/thead>\n<tbody>\n<tr>\n<td class=\"cmsms_table_cell_alignleft\">Abdominoplastia<\/td>\n<td class=\"cmsms_table_cell_aligncenter\" style=\"text-align: center;\">2100 \u20ac<\/td>\n<td class=\"cmsms_table_cell_aligncenter\" style=\"text-align: center;\">5 noches \/ 6 d\u00edas<\/td>\n<\/tr>\n<tr>\n<td class=\"cmsms_table_cell_alignleft\">Liposucci\u00f3n y abdominoplastia<\/td>\n<td class=\"cmsms_table_cell_aligncenter\" style=\"text-align: center;\">2950 \u20ac<\/td>\n<td class=\"cmsms_table_cell_aligncenter\" style=\"text-align: center;\">6 noches \/ 7 d\u00edas<\/td>\n<\/tr>\n<\/tbody>\n<\/table>\t\t\t\t\t\t\t\t<\/div>\n\t\t\t\t<\/div>\n\t\t\t\t\t<\/div>\n\t\t<\/div>\n\t\t\t\t\t<\/div>\n\t\t<\/section>\n\t\t\t\t<section class=\"elementor-section elementor-top-section elementor-element elementor-element-dee123d elementor-section-boxed elementor-section-height-default elementor-section-height-default\" data-id=\"dee123d\" data-element_type=\"section\" data-e-type=\"section\" id=\"bg-devis-express\">\n\t\t\t\t\t\t<div class=\"elementor-container elementor-column-gap-default\">\n\t\t\t\t\t<div class=\"elementor-column elementor-col-100 elementor-top-column elementor-element elementor-element-adb74ee\" data-id=\"adb74ee\" data-element_type=\"column\" data-e-type=\"column\">\n\t\t\t<div class=\"elementor-widget-wrap elementor-element-populated\">\n\t\t\t\t\t\t<div class=\"elementor-element elementor-element-5b33545 elementor-widget elementor-widget-text-editor\" data-id=\"5b33545\" data-element_type=\"widget\" data-e-type=\"widget\" data-widget_type=\"text-editor.default\">\n\t\t\t\t<div class=\"elementor-widget-container\">\n\t\t\t\t\t\t\t\t\t<style>\r\n\tbody.home #main-form h2 {\r\n   display:none;\r\n}\r\n<\/style>\r\n<h2 style=\"text-align: center;font-weight: bold;\">Presupuesto r\u00e1pido gratuito<\/h2>\r\n<iframe src=\"https:\/\/app.metocrm.com\/web-forms\/e1cab5bd-ef56-4a37-aa71-4857d931f368\"  height=\"700px\" width=\"100%\"  frameborder=\"0\"><\/iframe>\t\t\t\t\t\t\t\t<\/div>\n\t\t\t\t<\/div>\n\t\t\t\t\t<\/div>\n\t\t<\/div>\n\t\t\t\t\t<\/div>\n\t\t<\/section>\n\t\t\t\t<section class=\"elementor-section elementor-top-section elementor-element elementor-element-619140a9 elementor-section-boxed elementor-section-height-default elementor-section-height-default\" data-id=\"619140a9\" data-element_type=\"section\" data-e-type=\"section\">\n\t\t\t\t\t\t<div class=\"elementor-container elementor-column-gap-default\">\n\t\t\t\t\t<div class=\"elementor-column elementor-col-100 elementor-top-column elementor-element elementor-element-7fe01d42\" data-id=\"7fe01d42\" data-element_type=\"column\" data-e-type=\"column\">\n\t\t\t<div class=\"elementor-widget-wrap elementor-element-populated\">\n\t\t\t\t\t\t<div class=\"elementor-element elementor-element-72daa273 elementor-widget elementor-widget-text-editor\" data-id=\"72daa273\" data-element_type=\"widget\" data-e-type=\"widget\" data-widget_type=\"text-editor.default\">\n\t\t\t\t<div class=\"elementor-widget-container\">\n\t\t\t\t\t\t\t\t\t<h2>Abdominoplastia: indicaciones y contraindicaciones<\/h2><p>El candidato ideal para una abdominoplastia es una mujer (aunque cada vez son m\u00e1s los hombres que optan por una abdominoplastia) que haya tenido uno o m\u00e1s embarazos y una parte inferior del abdomen fl\u00e1cida. La mayor\u00eda de estas mujeres han intentado hacer ejercicio y dietas, pero no han podido recuperar su forma anterior. La obesidad puede ser un motivo para someterse a una abdominoplastia.<\/p><p>Los elementos de una abdominoplastia exitosa son<\/p><ul class=\"liste-style\"><li>Peso: estable durante m\u00e1s de 6 meses y sin sobrepeso excesivo (IMC inferior a 30).<\/li><li>Estado de salud: sin problemas m\u00e9dicos importantes como hipertensi\u00f3n, diabetes no controlada o cardiopat\u00eda coronaria.<\/li><li>Estado psicol\u00f3gico: bien motivado y realista (por ejemplo, pacientes de bypass o manga).<\/li><li>Estilo de vida: ejercicio regular, dieta equilibrada y no fumar ni consumir alcohol en exceso.<\/li><\/ul><h2>Procedimiento para una abdominoplastia<\/h2><p>El cirujano realiza una incisi\u00f3n en el surco por encima de la ingle. Este procedimiento permite realizar una incisi\u00f3n discreta que quedar\u00e1 oculta por la ropa interior.<\/p><p>Se extirpa la piel del abdomen y el vientre para alisar la piel sobrante y tonificar los m\u00fasculos. La piel restante se vuelve a cubrir, se estira hacia abajo y se sutura con puntos absorbibles.<\/p><p>Se har\u00e1 una cicatriz muy fina en el ombligo para desplazarlo. Se recolocar\u00e1 cuidadosamente en su nueva ubicaci\u00f3n al final del procedimiento.<\/p><p>La anestesia es general debido a la larga duraci\u00f3n de la intervenci\u00f3n (3 horas como m\u00e1ximo).<\/p><p>La <strong>cirug\u00eda est\u00e9tica del<\/strong> abdomen suele ir precedida de una <strong>liposucci\u00f3n<\/strong> para eliminar la grasa que probablemente se utilizar\u00e1 en otros procedimientos est\u00e9ticos como el <a href=\"https:\/\/www.medespoir.fr\/es\/lipofilling-gluteos\/\">aumento de gl\u00fateos mediante lipofilling<\/a>. Se puede realizar una incisi\u00f3n debajo del ombligo para reajustar la posici\u00f3n del ombligo.<\/p><p>Para detectar problemas que puedan impedir la operaci\u00f3n, es necesaria una consulta m\u00e9dica, durante la cual se realizan minuciosos chequeos m\u00e9dicos para estudiar la viabilidad de cada paso quir\u00fargico.<\/p><figure id=\"attachment_414\" aria-describedby=\"caption-attachment-414\" style=\"width: 456px\" class=\"wp-caption aligncenter\"><img fetchpriority=\"high\" decoding=\"async\" src=\"https:\/\/www.medespoir.fr\/wp-content\/uploads\/2016\/09\/plastie-abdominale.jpg\" alt=\"cirug\u00eda del vientre T\u00fanez\" width=\"456\" height=\"212\" \/><figcaption id=\"caption-attachment-414\" class=\"wp-caption-text\"><em><strong>Procedimiento para una abdominoplastia<\/strong><\/em><\/figcaption><\/figure><h2>Las secuelas de una abdominoplastia<\/h2><p>En general, el postoperatorio no es muy doloroso. La nueva tensi\u00f3n de los m\u00fasculos puede provocar una sensaci\u00f3n de tirantez m\u00e1s o menos intensa. En este caso, el cirujano receta analg\u00e9sicos para aliviar el dolor. Quince d\u00edas despu\u00e9s, retir\u00f3 los cables.<\/p><p>Un mes es el tiempo estimado para que desaparezcan la hinchaz\u00f3n y los hematomas. El paciente lleva una faja de soporte d\u00eda y noche durante las seis primeras semanas tras la operaci\u00f3n. Durante este periodo, deber\u00e1 evitar cualquier esfuerzo f\u00edsico importante.<\/p><p>Al final de la estancia hospitalaria, se pide al paciente que abandone toda actividad f\u00edsica de alta intensidad durante al menos 6 semanas. Para una mujer que desee quedarse embarazada, se recomienda encarecidamente posponer el embarazo hasta que las incisiones hayan cicatrizado.<\/p><p>Cada individuo operado debe prever :<\/p><ul class=\"liste-style\"><li>Un cambio diario del vendaje de presi\u00f3n<\/li><li>Administraci\u00f3n regular de anticoagulantes y analg\u00e9sicos<\/li><li>Llevar una prenda de sujeci\u00f3n durante 1 mes<\/li><li>Una pausa de 15 d\u00edas en las actividades socioprofesionales<\/li><li>Duchas diarias para una buena higiene y evitar infecciones<\/li><\/ul>\t\t\t\t\t\t\t\t<\/div>\n\t\t\t\t<\/div>\n\t\t\t\t\t<\/div>\n\t\t<\/div>\n\t\t\t\t\t<\/div>\n\t\t<\/section>\n\t\t\t\t<section class=\"elementor-section elementor-top-section elementor-element elementor-element-571046d elementor-section-boxed elementor-section-height-default elementor-section-height-default\" data-id=\"571046d\" data-element_type=\"section\" data-e-type=\"section\">\n\t\t\t\t\t\t<div class=\"elementor-container elementor-column-gap-default\">\n\t\t\t\t\t<div class=\"elementor-column elementor-col-66 elementor-top-column elementor-element elementor-element-80a3170\" data-id=\"80a3170\" data-element_type=\"column\" data-e-type=\"column\">\n\t\t\t<div class=\"elementor-widget-wrap elementor-element-populated\">\n\t\t\t\t\t\t<div class=\"elementor-element elementor-element-678484e elementor-widget elementor-widget-text-editor\" data-id=\"678484e\" data-element_type=\"widget\" data-e-type=\"widget\" data-widget_type=\"text-editor.default\">\n\t\t\t\t<div class=\"elementor-widget-container\">\n\t\t\t\t\t\t\t\t\t<h2>\u00bfCu\u00e1l es el resultado esperado de una abdominoplastia?<\/h2>\nLa afinidad entre el abdomen y el vientre se nota inmediatamente despu\u00e9s de la intervenci\u00f3n. Sin embargo, el resultado final s\u00f3lo es visible cuando el edema y la retracci\u00f3n cicatricial han desaparecido por completo.\n\nEl resultado de una <strong>abdominoplastia en T\u00fanez<\/strong> s\u00f3lo puede evaluarse tras un periodo de 12 meses desde el final de la operaci\u00f3n. Este es el tiempo necesario para la curaci\u00f3n completa. Las cicatrices desaparecen al cabo de un a\u00f1o y se vuelven casi invisibles a los 24 meses. La abdominoplastia garantiza un notable tensado est\u00e9tico. Las molestias funcionales ya no son un problema y la abdominoplastia se considera una de las operaciones de cirug\u00eda est\u00e9tica m\u00e1s espectaculares en cuanto a resultados y sensaci\u00f3n de bienestar obtenida.\n\n\t\t\t\t\t\t\t\t<\/div>\n\t\t\t\t<\/div>\n\t\t\t\t\t<\/div>\n\t\t<\/div>\n\t\t\t\t<div class=\"elementor-column elementor-col-33 elementor-top-column elementor-element elementor-element-dc2fee1\" data-id=\"dc2fee1\" data-element_type=\"column\" data-e-type=\"column\">\n\t\t\t<div class=\"elementor-widget-wrap elementor-element-populated\">\n\t\t\t\t\t\t<div class=\"elementor-element elementor-element-7acd639 elementor-widget elementor-widget-text-editor\" data-id=\"7acd639\" data-element_type=\"widget\" data-e-type=\"widget\" data-widget_type=\"text-editor.default\">\n\t\t\t\t<div class=\"elementor-widget-container\">\n\t\t\t\t\t\t\t\t\t<figure id=\"attachment_1911\" aria-describedby=\"caption-attachment-1911\" style=\"width: 400px\" class=\"wp-caption aligncenter\"><img decoding=\"async\" class=\"size-full\" src=\"https:\/\/www.medespoir.fr\/wp-content\/uploads\/2017\/06\/abdominoplastie-Tunisie-avant-apres.jpg\" alt=\"{%ALT_TEXT%}\" width=\"400\" height=\"333\"><figcaption id=\"caption-attachment-1911\" class=\"wp-caption-text\">Antes y despu\u00e9s de una abdominoplastia en T\u00fanez<\/figcaption><\/figure>\n\t\t\t\t\t\t\t\t<\/div>\n\t\t\t\t<\/div>\n\t\t\t\t\t<\/div>\n\t\t<\/div>\n\t\t\t\t\t<\/div>\n\t\t<\/section>\n\t\t\t\t<section class=\"elementor-section elementor-top-section elementor-element elementor-element-446a44f elementor-section-boxed elementor-section-height-default elementor-section-height-default\" data-id=\"446a44f\" data-element_type=\"section\" data-e-type=\"section\">\n\t\t\t\t\t\t<div class=\"elementor-container elementor-column-gap-default\">\n\t\t\t\t\t<div class=\"elementor-column elementor-col-50 elementor-top-column elementor-element elementor-element-fc450fc\" data-id=\"fc450fc\" data-element_type=\"column\" data-e-type=\"column\">\n\t\t\t<div class=\"elementor-widget-wrap elementor-element-populated\">\n\t\t\t\t\t\t<div class=\"elementor-element elementor-element-9184d05 elementor-widget elementor-widget-html\" data-id=\"9184d05\" data-element_type=\"widget\" data-e-type=\"widget\" data-widget_type=\"html.default\">\n\t\t\t\t<div class=\"elementor-widget-container\">\n\t\t\t\t\t<a href=\"https:\/\/www.medespoir.fr\/es\/presupuesto\/\" class=\"main__btn blue\"><span>Presupuesto gratuito<\/span><\/a>\t\t\t\t<\/div>\n\t\t\t\t<\/div>\n\t\t\t\t\t<\/div>\n\t\t<\/div>\n\t\t\t\t<div class=\"elementor-column elementor-col-50 elementor-top-column elementor-element elementor-element-27fb049\" data-id=\"27fb049\" data-element_type=\"column\" data-e-type=\"column\">\n\t\t\t<div class=\"elementor-widget-wrap\">\n\t\t\t\t\t\t\t<\/div>\n\t\t<\/div>\n\t\t\t\t\t<\/div>\n\t\t<\/section>\n\t\t\t\t<\/div>\n\t\t","protected":false},"excerpt":{"rendered":"<p>Laabdominoplastia o cirug\u00eda est\u00e9tica de abdomen es una operaci\u00f3n est\u00e9tica que trata la distensi\u00f3n de la piel del abdomen, o [&hellip;]<\/p>\n","protected":false},"author":1,"featured_media":20927,"parent":0,"menu_order":112,"comment_status":"closed","ping_status":"closed","template":"","meta":{"footnotes":""},"class_list":["post-21417","page","type-page","status-publish","has-post-thumbnail","hentry"],"yoast_head":"<!-- This site is optimized with the Yoast SEO plugin v27.5 - https:\/\/yoast.com\/product\/yoast-seo-wordpress\/ -->\n<title>Abdominoplastia T\u00fanez : Precio cirug\u00eda vientre plano T\u00fanez<\/title>\n<meta name=\"description\" content=\"Abdominoplastia T\u00fanez: abdominoplastia que elimina el exceso de grasa y piel y restaura los m\u00fasculos sueltos y separados creando una figura m\u00e1s esbelta y firme. \u00a1Obtenga su presupuesto gratuito de abdominoplastia!\" \/>\n<meta name=\"robots\" content=\"index, follow, max-snippet:-1, max-image-preview:large, max-video-preview:-1\" \/>\n<link rel=\"canonical\" href=\"https:\/\/www.medespoir.fr\/es\/abdominoplastia\/\" \/>\n<meta name=\"twitter:label1\" content=\"Tiempo de lectura\" \/>\n\t<meta name=\"twitter:data1\" content=\"5 minutos\" \/>\n<script type=\"application\/ld+json\" class=\"yoast-schema-graph\">{\"@context\":\"https:\\\/\\\/schema.org\",\"@graph\":[{\"@type\":\"WebPage\",\"@id\":\"https:\\\/\\\/www.medespoir.fr\\\/es\\\/abdominoplastia\\\/\",\"url\":\"https:\\\/\\\/www.medespoir.fr\\\/es\\\/abdominoplastia\\\/\",\"name\":\"Abdominoplastia T\u00fanez : Precio cirug\u00eda vientre plano T\u00fanez\",\"isPartOf\":{\"@id\":\"https:\\\/\\\/www.medespoir.fr\\\/es\\\/#website\"},\"primaryImageOfPage\":{\"@id\":\"https:\\\/\\\/www.medespoir.fr\\\/es\\\/abdominoplastia\\\/#primaryimage\"},\"image\":{\"@id\":\"https:\\\/\\\/www.medespoir.fr\\\/es\\\/abdominoplastia\\\/#primaryimage\"},\"thumbnailUrl\":\"https:\\\/\\\/www.medespoir.fr\\\/wp-content\\\/uploads\\\/2021\\\/11\\\/header-corps.jpg\",\"datePublished\":\"2017-06-28T13:00:03+00:00\",\"dateModified\":\"2022-12-19T13:42:22+00:00\",\"description\":\"Abdominoplastia T\u00fanez: abdominoplastia que elimina el exceso de grasa y piel y restaura los m\u00fasculos sueltos y separados creando una figura m\u00e1s esbelta y firme. \u00a1Obtenga su presupuesto gratuito de abdominoplastia!\",\"breadcrumb\":{\"@id\":\"https:\\\/\\\/www.medespoir.fr\\\/es\\\/abdominoplastia\\\/#breadcrumb\"},\"inLanguage\":\"es\",\"potentialAction\":[{\"@type\":\"ReadAction\",\"target\":[\"https:\\\/\\\/www.medespoir.fr\\\/es\\\/abdominoplastia\\\/\"]}]},{\"@type\":\"ImageObject\",\"inLanguage\":\"es\",\"@id\":\"https:\\\/\\\/www.medespoir.fr\\\/es\\\/abdominoplastia\\\/#primaryimage\",\"url\":\"https:\\\/\\\/www.medespoir.fr\\\/wp-content\\\/uploads\\\/2021\\\/11\\\/header-corps.jpg\",\"contentUrl\":\"https:\\\/\\\/www.medespoir.fr\\\/wp-content\\\/uploads\\\/2021\\\/11\\\/header-corps.jpg\",\"width\":1928,\"height\":479},{\"@type\":\"BreadcrumbList\",\"@id\":\"https:\\\/\\\/www.medespoir.fr\\\/es\\\/abdominoplastia\\\/#breadcrumb\",\"itemListElement\":[{\"@type\":\"ListItem\",\"position\":1,\"name\":\"Accueil\",\"item\":\"https:\\\/\\\/www.medespoir.fr\\\/es\\\/\"},{\"@type\":\"ListItem\",\"position\":2,\"name\":\"Abdominoplastia T\u00fanez: cirug\u00eda de vientre plano barata\"}]},{\"@type\":\"WebSite\",\"@id\":\"https:\\\/\\\/www.medespoir.fr\\\/es\\\/#website\",\"url\":\"https:\\\/\\\/www.medespoir.fr\\\/es\\\/\",\"name\":\"Medespoir France\",\"description\":\"Chirurgie esthetique Tunisie\",\"publisher\":{\"@id\":\"https:\\\/\\\/www.medespoir.fr\\\/es\\\/#organization\"},\"potentialAction\":[{\"@type\":\"SearchAction\",\"target\":{\"@type\":\"EntryPoint\",\"urlTemplate\":\"https:\\\/\\\/www.medespoir.fr\\\/es\\\/?s={search_term_string}\"},\"query-input\":{\"@type\":\"PropertyValueSpecification\",\"valueRequired\":true,\"valueName\":\"search_term_string\"}}],\"inLanguage\":\"es\"},{\"@type\":\"Organization\",\"@id\":\"https:\\\/\\\/www.medespoir.fr\\\/es\\\/#organization\",\"name\":\"Medespoir France\",\"url\":\"https:\\\/\\\/www.medespoir.fr\\\/es\\\/\",\"logo\":{\"@type\":\"ImageObject\",\"inLanguage\":\"es\",\"@id\":\"https:\\\/\\\/www.medespoir.fr\\\/es\\\/#\\\/schema\\\/logo\\\/image\\\/\",\"url\":\"https:\\\/\\\/www.medespoir.fr\\\/wp-content\\\/uploads\\\/2021\\\/10\\\/cropped-logo__medespoirFR.png\",\"contentUrl\":\"https:\\\/\\\/www.medespoir.fr\\\/wp-content\\\/uploads\\\/2021\\\/10\\\/cropped-logo__medespoirFR.png\",\"width\":150,\"height\":62,\"caption\":\"Medespoir France\"},\"image\":{\"@id\":\"https:\\\/\\\/www.medespoir.fr\\\/es\\\/#\\\/schema\\\/logo\\\/image\\\/\"},\"sameAs\":[\"https:\\\/\\\/www.facebook.com\\\/MedEspoirFr\",\"https:\\\/\\\/x.com\\\/MedEspoirTN\"]}]}<\/script>\n<!-- \/ Yoast SEO plugin. -->","yoast_head_json":{"title":"Abdominoplastia T\u00fanez : Precio cirug\u00eda vientre plano T\u00fanez","description":"Abdominoplastia T\u00fanez: abdominoplastia que elimina el exceso de grasa y piel y restaura los m\u00fasculos sueltos y separados creando una figura m\u00e1s esbelta y firme. \u00a1Obtenga su presupuesto gratuito de abdominoplastia!","robots":{"index":"index","follow":"follow","max-snippet":"max-snippet:-1","max-image-preview":"max-image-preview:large","max-video-preview":"max-video-preview:-1"},"canonical":"https:\/\/www.medespoir.fr\/es\/abdominoplastia\/","twitter_misc":{"Tiempo de lectura":"5 minutos"},"schema":{"@context":"https:\/\/schema.org","@graph":[{"@type":"WebPage","@id":"https:\/\/www.medespoir.fr\/es\/abdominoplastia\/","url":"https:\/\/www.medespoir.fr\/es\/abdominoplastia\/","name":"Abdominoplastia T\u00fanez : Precio cirug\u00eda vientre plano T\u00fanez","isPartOf":{"@id":"https:\/\/www.medespoir.fr\/es\/#website"},"primaryImageOfPage":{"@id":"https:\/\/www.medespoir.fr\/es\/abdominoplastia\/#primaryimage"},"image":{"@id":"https:\/\/www.medespoir.fr\/es\/abdominoplastia\/#primaryimage"},"thumbnailUrl":"https:\/\/www.medespoir.fr\/wp-content\/uploads\/2021\/11\/header-corps.jpg","datePublished":"2017-06-28T13:00:03+00:00","dateModified":"2022-12-19T13:42:22+00:00","description":"Abdominoplastia T\u00fanez: abdominoplastia que elimina el exceso de grasa y piel y restaura los m\u00fasculos sueltos y separados creando una figura m\u00e1s esbelta y firme. \u00a1Obtenga su presupuesto gratuito de abdominoplastia!","breadcrumb":{"@id":"https:\/\/www.medespoir.fr\/es\/abdominoplastia\/#breadcrumb"},"inLanguage":"es","potentialAction":[{"@type":"ReadAction","target":["https:\/\/www.medespoir.fr\/es\/abdominoplastia\/"]}]},{"@type":"ImageObject","inLanguage":"es","@id":"https:\/\/www.medespoir.fr\/es\/abdominoplastia\/#primaryimage","url":"https:\/\/www.medespoir.fr\/wp-content\/uploads\/2021\/11\/header-corps.jpg","contentUrl":"https:\/\/www.medespoir.fr\/wp-content\/uploads\/2021\/11\/header-corps.jpg","width":1928,"height":479},{"@type":"BreadcrumbList","@id":"https:\/\/www.medespoir.fr\/es\/abdominoplastia\/#breadcrumb","itemListElement":[{"@type":"ListItem","position":1,"name":"Accueil","item":"https:\/\/www.medespoir.fr\/es\/"},{"@type":"ListItem","position":2,"name":"Abdominoplastia T\u00fanez: cirug\u00eda de vientre plano barata"}]},{"@type":"WebSite","@id":"https:\/\/www.medespoir.fr\/es\/#website","url":"https:\/\/www.medespoir.fr\/es\/","name":"Medespoir France","description":"Chirurgie esthetique Tunisie","publisher":{"@id":"https:\/\/www.medespoir.fr\/es\/#organization"},"potentialAction":[{"@type":"SearchAction","target":{"@type":"EntryPoint","urlTemplate":"https:\/\/www.medespoir.fr\/es\/?s={search_term_string}"},"query-input":{"@type":"PropertyValueSpecification","valueRequired":true,"valueName":"search_term_string"}}],"inLanguage":"es"},{"@type":"Organization","@id":"https:\/\/www.medespoir.fr\/es\/#organization","name":"Medespoir France","url":"https:\/\/www.medespoir.fr\/es\/","logo":{"@type":"ImageObject","inLanguage":"es","@id":"https:\/\/www.medespoir.fr\/es\/#\/schema\/logo\/image\/","url":"https:\/\/www.medespoir.fr\/wp-content\/uploads\/2021\/10\/cropped-logo__medespoirFR.png","contentUrl":"https:\/\/www.medespoir.fr\/wp-content\/uploads\/2021\/10\/cropped-logo__medespoirFR.png","width":150,"height":62,"caption":"Medespoir France"},"image":{"@id":"https:\/\/www.medespoir.fr\/es\/#\/schema\/logo\/image\/"},"sameAs":["https:\/\/www.facebook.com\/MedEspoirFr","https:\/\/x.com\/MedEspoirTN"]}]}},"_links":{"self":[{"href":"https:\/\/www.medespoir.fr\/es\/wp-json\/wp\/v2\/pages\/21417","targetHints":{"allow":["GET"]}}],"collection":[{"href":"https:\/\/www.medespoir.fr\/es\/wp-json\/wp\/v2\/pages"}],"about":[{"href":"https:\/\/www.medespoir.fr\/es\/wp-json\/wp\/v2\/types\/page"}],"author":[{"embeddable":true,"href":"https:\/\/www.medespoir.fr\/es\/wp-json\/wp\/v2\/users\/1"}],"replies":[{"embeddable":true,"href":"https:\/\/www.medespoir.fr\/es\/wp-json\/wp\/v2\/comments?post=21417"}],"version-history":[{"count":0,"href":"https:\/\/www.medespoir.fr\/es\/wp-json\/wp\/v2\/pages\/21417\/revisions"}],"wp:featuredmedia":[{"embeddable":true,"href":"https:\/\/www.medespoir.fr\/es\/wp-json\/wp\/v2\/media\/20927"}],"wp:attachment":[{"href":"https:\/\/www.medespoir.fr\/es\/wp-json\/wp\/v2\/media?parent=21417"}],"curies":[{"name":"wp","href":"https:\/\/api.w.org\/{rel}","templated":true}]}}