{"id":21244,"date":"2016-09-27T11:59:12","date_gmt":"2016-09-27T09:59:12","guid":{"rendered":"https:\/\/www.medespoir.fr\/ginecomastia-en-tunez-reduccion-de-mamas-masculinas\/"},"modified":"2022-12-20T12:09:47","modified_gmt":"2022-12-20T11:09:47","slug":"ginecomastia","status":"publish","type":"page","link":"https:\/\/www.medespoir.fr\/es\/ginecomastia\/","title":{"rendered":"Ginecomastia en T\u00fanez: Reducci\u00f3n de mamas masculinas"},"content":{"rendered":"\t\t<div data-elementor-type=\"wp-page\" data-elementor-id=\"21244\" class=\"elementor elementor-21244\">\n\t\t\t\t\t\t<section class=\"elementor-section elementor-top-section elementor-element elementor-element-6e9106b elementor-section-boxed elementor-section-height-default elementor-section-height-default\" data-id=\"6e9106b\" data-element_type=\"section\" data-e-type=\"section\">\n\t\t\t\t\t\t<div class=\"elementor-container elementor-column-gap-default\">\n\t\t\t\t\t<div class=\"elementor-column elementor-col-66 elementor-top-column elementor-element elementor-element-cd5299a\" data-id=\"cd5299a\" data-element_type=\"column\" data-e-type=\"column\">\n\t\t\t<div class=\"elementor-widget-wrap elementor-element-populated\">\n\t\t\t\t\t\t<div class=\"elementor-element elementor-element-75e112b elementor-widget elementor-widget-text-editor\" data-id=\"75e112b\" data-element_type=\"widget\" data-e-type=\"widget\" data-widget_type=\"text-editor.default\">\n\t\t\t\t<div class=\"elementor-widget-container\">\n\t\t\t\t\t\t\t\t\t<h2>Correcci\u00f3n de la ginecomastia en T\u00fanez mediante intervenci\u00f3n quir\u00fargica<\/h2>\nAl optar por la correcci\u00f3n de la <strong>ginecomastia en T\u00fanez<\/strong>, los pacientes franc\u00f3fonos eligen la cirug\u00eda est\u00e9tica y reconstructiva para tratar el problema del<strong>aumento de las mamas masculinas<\/strong> o <strong>ginecomastia<\/strong>.\n<h3>\u00bfQu\u00e9 es la ginecomastia?<\/h3>\nEs un fen\u00f3meno que afecta aproximadamente al 10% de los varones despu\u00e9s de la pubertad. Se trata de un desarrollo anormal del tejido glandular en los hombres que se manifiesta morfol\u00f3gicamente como <strong>un aumento de las mamas<\/strong>. Se trata del desarrollo excesivo de las gl\u00e1ndulas mamarias en los hombres, que morfol\u00f3gicamente provoca un aumento de las mamas. Este problema puede afectar a una sola mama (ginecomastia unilateral) o a dos (ginecomastia bilateral).\t\t\t\t\t\t\t\t<\/div>\n\t\t\t\t<\/div>\n\t\t\t\t<div class=\"elementor-element elementor-element-32664af elementor-widget elementor-widget-text-editor\" data-id=\"32664af\" data-element_type=\"widget\" data-e-type=\"widget\" data-widget_type=\"text-editor.default\">\n\t\t\t\t<div class=\"elementor-widget-container\">\n\t\t\t\t\t\t\t\t\t<h3>\u00bfCu\u00e1l es la causa de esta anomal\u00eda?<\/h3>\nExisten varias causas posibles de la ginecomastia:\n<ul class=\"liste-style\">\n \t<li>El consumo de drogas y estupefacientes ;<\/li>\n \t<li>La acci\u00f3n de principios activos como los estr\u00f3genos (hormona femenina) ;<\/li>\n \t<li>Alteraciones hormonales causadas por la pubertad;<\/li>\n \t<li>Ciertas enfermedades: c\u00e1ncer, enfermedad hep\u00e1tica, insuficiencia renal, etc.<\/li>\n \t<li>Envejecimiento.<\/li>\n<\/ul>\t\t\t\t\t\t\t\t<\/div>\n\t\t\t\t<\/div>\n\t\t\t\t\t<\/div>\n\t\t<\/div>\n\t\t\t\t<div class=\"elementor-column elementor-col-33 elementor-top-column elementor-element elementor-element-de4558f\" data-id=\"de4558f\" data-element_type=\"column\" data-e-type=\"column\">\n\t\t\t<div class=\"elementor-widget-wrap elementor-element-populated\">\n\t\t\t\t\t\t<div class=\"elementor-element elementor-element-cd3854d elementor-widget elementor-widget-text-editor\" data-id=\"cd3854d\" data-element_type=\"widget\" data-e-type=\"widget\" data-widget_type=\"text-editor.default\">\n\t\t\t\t<div class=\"elementor-widget-container\">\n\t\t\t\t\t\t\t\t\t<p><img decoding=\"async\" class=\"alignleft\" src=\"https:\/\/www.medespoir.fr\/wp-content\/uploads\/2021\/11\/chirurgie-poitrine-homme.jpg\" alt=\"cirug\u00eda mamaria masculina\"><\/p>\n\t\t\t\t\t\t\t\t<\/div>\n\t\t\t\t<\/div>\n\t\t\t\t\t<\/div>\n\t\t<\/div>\n\t\t\t\t\t<\/div>\n\t\t<\/section>\n\t\t\t\t<section class=\"elementor-section elementor-top-section elementor-element elementor-element-852f18c elementor-section-boxed elementor-section-height-default elementor-section-height-default\" data-id=\"852f18c\" data-element_type=\"section\" data-e-type=\"section\" id=\"bg-devis-express\">\n\t\t\t\t\t\t<div class=\"elementor-container elementor-column-gap-default\">\n\t\t\t\t\t<div class=\"elementor-column elementor-col-100 elementor-top-column elementor-element elementor-element-27ef9f3\" data-id=\"27ef9f3\" data-element_type=\"column\" data-e-type=\"column\">\n\t\t\t<div class=\"elementor-widget-wrap elementor-element-populated\">\n\t\t\t\t\t\t<div class=\"elementor-element elementor-element-e5797c8 elementor-widget elementor-widget-text-editor\" data-id=\"e5797c8\" data-element_type=\"widget\" data-e-type=\"widget\" data-widget_type=\"text-editor.default\">\n\t\t\t\t<div class=\"elementor-widget-container\">\n\t\t\t\t\t\t\t\t\t<style>\r\n\tbody.home #main-form h2 {\r\n   display:none;\r\n}\r\n<\/style>\r\n<h2 style=\"text-align: center;font-weight: bold;\">Presupuesto r\u00e1pido gratuito<\/h2>\r\n<iframe src=\"https:\/\/app.metocrm.com\/web-forms\/e1cab5bd-ef56-4a37-aa71-4857d931f368\"  height=\"700px\" width=\"100%\"  frameborder=\"0\"><\/iframe>\t\t\t\t\t\t\t\t<\/div>\n\t\t\t\t<\/div>\n\t\t\t\t\t<\/div>\n\t\t<\/div>\n\t\t\t\t\t<\/div>\n\t\t<\/section>\n\t\t\t\t<section class=\"elementor-section elementor-top-section elementor-element elementor-element-311bbf9 elementor-section-boxed elementor-section-height-default elementor-section-height-default\" data-id=\"311bbf9\" data-element_type=\"section\" data-e-type=\"section\">\n\t\t\t\t\t\t<div class=\"elementor-container elementor-column-gap-default\">\n\t\t\t\t\t<div class=\"elementor-column elementor-col-100 elementor-top-column elementor-element elementor-element-41fdab7\" data-id=\"41fdab7\" data-element_type=\"column\" data-e-type=\"column\">\n\t\t\t<div class=\"elementor-widget-wrap elementor-element-populated\">\n\t\t\t\t\t\t<div class=\"elementor-element elementor-element-6dfeda4 elementor-widget elementor-widget-text-editor\" data-id=\"6dfeda4\" data-element_type=\"widget\" data-e-type=\"widget\" data-widget_type=\"text-editor.default\">\n\t\t\t\t<div class=\"elementor-widget-container\">\n\t\t\t\t\t\t\t\t\t<h2>Precio de la ginecomastia T\u00fanez<\/h2>\nDisfrute de una estancia m\u00e9dica todo incluido con Medespoir Francia y benef\u00edciese de un <strong>precio ginecomastia T\u00fanez<\/strong> barato.\n\t\t\t\t\t\t\t\t<\/div>\n\t\t\t\t<\/div>\n\t\t\t\t<div class=\"elementor-element elementor-element-279e348 elementor-widget elementor-widget-text-editor\" data-id=\"279e348\" data-element_type=\"widget\" data-e-type=\"widget\" id=\"price\" data-widget_type=\"text-editor.default\">\n\t\t\t\t<div class=\"elementor-widget-container\">\n\t\t\t\t\t\t\t\t\t<table class=\"cmsms_table\">\n<thead>\n<tr class=\"cmsms_table_row_header\">\n<th class=\"cmsms_table_cell_alignleft\">Intervenci\u00f3n<\/th>\n<th class=\"cmsms_table_cell_aligncenter\">Premios<\/th>\n<th class=\"cmsms_table_cell_aligncenter\">Permanezca en<\/th>\n<\/tr>\n<\/thead>\n<tbody>\n<tr>\n<td class=\"cmsms_table_cell_alignleft\">Ginecomastia<\/td>\n<td class=\"cmsms_table_cell_aligncenter\">2100 \u20ac<\/td>\n<td class=\"cmsms_table_cell_aligncenter\">5 noches \/ 6 d\u00edas<\/td>\n<\/tr>\n<\/tbody>\n<\/table>\t\t\t\t\t\t\t\t<\/div>\n\t\t\t\t<\/div>\n\t\t\t\t\t<\/div>\n\t\t<\/div>\n\t\t\t\t\t<\/div>\n\t\t<\/section>\n\t\t\t\t<section class=\"elementor-section elementor-top-section elementor-element elementor-element-d955581 elementor-section-boxed elementor-section-height-default elementor-section-height-default\" data-id=\"d955581\" data-element_type=\"section\" data-e-type=\"section\">\n\t\t\t\t\t\t<div class=\"elementor-container elementor-column-gap-default\">\n\t\t\t\t\t<div class=\"elementor-column elementor-col-50 elementor-top-column elementor-element elementor-element-f0c04c3\" data-id=\"f0c04c3\" data-element_type=\"column\" data-e-type=\"column\">\n\t\t\t<div class=\"elementor-widget-wrap elementor-element-populated\">\n\t\t\t\t\t\t<div class=\"elementor-element elementor-element-765c90b elementor-widget elementor-widget-html\" data-id=\"765c90b\" data-element_type=\"widget\" data-e-type=\"widget\" data-widget_type=\"html.default\">\n\t\t\t\t<div class=\"elementor-widget-container\">\n\t\t\t\t\t<a href=\"https:\/\/www.medespoir.fr\/es\/presupuesto\/\" class=\"main__btn blue\"><span>Presupuesto gratuito<\/span><\/a>\t\t\t\t<\/div>\n\t\t\t\t<\/div>\n\t\t\t\t\t<\/div>\n\t\t<\/div>\n\t\t\t\t<div class=\"elementor-column elementor-col-50 elementor-top-column elementor-element elementor-element-16969f2\" data-id=\"16969f2\" data-element_type=\"column\" data-e-type=\"column\">\n\t\t\t<div class=\"elementor-widget-wrap\">\n\t\t\t\t\t\t\t<\/div>\n\t\t<\/div>\n\t\t\t\t\t<\/div>\n\t\t<\/section>\n\t\t\t\t<section class=\"elementor-section elementor-top-section elementor-element elementor-element-73a96a8b elementor-section-boxed elementor-section-height-default elementor-section-height-default\" data-id=\"73a96a8b\" data-element_type=\"section\" data-e-type=\"section\">\n\t\t\t\t\t\t<div class=\"elementor-container elementor-column-gap-default\">\n\t\t\t\t\t<div class=\"elementor-column elementor-col-100 elementor-top-column elementor-element elementor-element-113e7464\" data-id=\"113e7464\" data-element_type=\"column\" data-e-type=\"column\">\n\t\t\t<div class=\"elementor-widget-wrap elementor-element-populated\">\n\t\t\t\t\t\t<div class=\"elementor-element elementor-element-6b8d43ba elementor-widget elementor-widget-text-editor\" data-id=\"6b8d43ba\" data-element_type=\"widget\" data-e-type=\"widget\" data-widget_type=\"text-editor.default\">\n\t\t\t\t<div class=\"elementor-widget-container\">\n\t\t\t\t\t\t\t\t\t<h3>\u00bfCu\u00e1les son las diferencias con la adipomastia?<\/h3><p>La<strong>adipomastia<\/strong> o <strong>pseudoginecomastia<\/strong> se caracteriza por <strong>mamas hipertr\u00f3ficas<\/strong> pero de aspecto blando (lo que no ocurre con la ginecomastia). Como su nombre indica, la adipomastia est\u00e1 causada por una acumulaci\u00f3n de grasa alrededor del tejido glandular y estos dep\u00f3sitos grasos pueden eliminarse mediante una <a href=\"https:\/\/www.medespoir.fr\/es\/liposuccion\/\">simple liposucci\u00f3n local<\/a>, ofreciendo resultados eficaces y duraderos. Sin embargo, en los hombres con ginecomastia, el aspecto de las mamas es dif\u00edcil y el tratamiento quir\u00fargico ser\u00e1 diferente.<\/p><h3>\u00bfCu\u00e1les son las soluciones propuestas para tratar la ginecomastia en T\u00fanez?<\/h3><h4>Soluciones m\u00e9dicas<\/h4><p>Esta soluci\u00f3n es eficaz si el origen del aumento de pecho es hormonal. En este caso, el m\u00e9dico prescribe un tratamiento antiestrog\u00e9nico, generalmente a base de testosterona. Sin embargo, las soluciones m\u00e9dicas no siempre son eficaces, de ah\u00ed la necesidad del tratamiento quir\u00fargico.<img fetchpriority=\"high\" decoding=\"async\" class=\"aligncenter size-full\" src=\"https:\/\/www.medespoir.fr\/wp-content\/uploads\/2016\/09\/gynecomastie.jpg\" alt=\"gynecomastie tunisie pas cher\" width=\"560\" height=\"168\" \/><\/p><h4>Las soluciones de la cirug\u00eda reconstructiva<\/h4><p>La <a href=\"https:\/\/www.medespoir.fr\/es\/\">cirug\u00eda est\u00e9tica o reparadora en T\u00fanez<\/a> ofrece a sus pacientes extranjeros soluciones radicales a la ginecomastia. El profesional practica una discreta incisi\u00f3n en el pecho y extirpa el exceso de gl\u00e1ndula mamaria. Esta operaci\u00f3n dura aproximadamente 1 hora bajo anestesia general y requiere pasar una noche en el hospital.<\/p><p>Si hay exceso de grasa, puede realizarse una liposucci\u00f3n simult\u00e1neamente con la extirpaci\u00f3n del tejido glandular. Por \u00faltimo, si el origen es patol\u00f3gico, la curaci\u00f3n o extirpaci\u00f3n del tumor puede ser la soluci\u00f3n.<\/p><h4>Correcci\u00f3n de la ginecomastia en T\u00fanez: \u00bfcu\u00e1les son las secuelas?<\/h4><p>Una vez colocados los ap\u00f3sitos, el paciente debe permanecer tumbado boca arriba durante los primeros d\u00edas tras la operaci\u00f3n. El dolor es moderado y puede calmarse tomando analg\u00e9sicos. La inflamaci\u00f3n y los hematomas disminuir\u00e1n gradualmente y tendr\u00e1 los pectorales de sus sue\u00f1os.<\/p>\t\t\t\t\t\t\t\t<\/div>\n\t\t\t\t<\/div>\n\t\t\t\t\t<\/div>\n\t\t<\/div>\n\t\t\t\t\t<\/div>\n\t\t<\/section>\n\t\t\t\t<section class=\"elementor-section elementor-top-section elementor-element elementor-element-3244d22 elementor-section-boxed elementor-section-height-default elementor-section-height-default\" data-id=\"3244d22\" data-element_type=\"section\" data-e-type=\"section\">\n\t\t\t\t\t\t<div class=\"elementor-container elementor-column-gap-default\">\n\t\t\t\t\t<div class=\"elementor-column elementor-col-50 elementor-top-column elementor-element elementor-element-886ef69\" data-id=\"886ef69\" data-element_type=\"column\" data-e-type=\"column\">\n\t\t\t<div class=\"elementor-widget-wrap elementor-element-populated\">\n\t\t\t\t\t\t<div class=\"elementor-element elementor-element-0c4bcf6 elementor-widget elementor-widget-html\" data-id=\"0c4bcf6\" data-element_type=\"widget\" data-e-type=\"widget\" data-widget_type=\"html.default\">\n\t\t\t\t<div class=\"elementor-widget-container\">\n\t\t\t\t\t<a href=\"https:\/\/www.medespoir.fr\/es\/presupuesto\/\" class=\"main__btn blue\"><span>Presupuesto gratuito<\/span><\/a>\t\t\t\t<\/div>\n\t\t\t\t<\/div>\n\t\t\t\t\t<\/div>\n\t\t<\/div>\n\t\t\t\t<div class=\"elementor-column elementor-col-50 elementor-top-column elementor-element elementor-element-5aeb41b\" data-id=\"5aeb41b\" data-element_type=\"column\" data-e-type=\"column\">\n\t\t\t<div class=\"elementor-widget-wrap\">\n\t\t\t\t\t\t\t<\/div>\n\t\t<\/div>\n\t\t\t\t\t<\/div>\n\t\t<\/section>\n\t\t\t\t<\/div>\n\t\t","protected":false},"excerpt":{"rendered":"<p>Correcci\u00f3n de la ginecomastia en T\u00fanez mediante intervenci\u00f3n quir\u00fargica Al optar por la correcci\u00f3n de la ginecomastia en T\u00fanez, los [&hellip;]<\/p>\n","protected":false},"author":1,"featured_media":21247,"parent":0,"menu_order":93,"comment_status":"closed","ping_status":"closed","template":"","meta":{"footnotes":""},"class_list":["post-21244","page","type-page","status-publish","has-post-thumbnail","hentry"],"yoast_head":"<!-- This site is optimized with the Yoast SEO plugin v27.5 - https:\/\/yoast.com\/product\/yoast-seo-wordpress\/ -->\n<title>Gynecomastie T\u00fanez : Precios de la reducci\u00f3n mamaria masculina<\/title>\n<meta name=\"description\" content=\"Gynecomastie T\u00fanez, La intervenci\u00f3n adaptada para eliminar los senos visibles en un hombre. Presupuesto GRATUITO para una nueva vida\" \/>\n<meta name=\"robots\" content=\"index, follow, max-snippet:-1, max-image-preview:large, max-video-preview:-1\" \/>\n<link rel=\"canonical\" href=\"https:\/\/www.medespoir.fr\/es\/ginecomastia\/\" \/>\n<meta name=\"twitter:label1\" content=\"Tiempo de lectura\" \/>\n\t<meta name=\"twitter:data1\" content=\"3 minutos\" \/>\n<script type=\"application\/ld+json\" class=\"yoast-schema-graph\">{\"@context\":\"https:\\\/\\\/schema.org\",\"@graph\":[{\"@type\":\"WebPage\",\"@id\":\"https:\\\/\\\/www.medespoir.fr\\\/es\\\/ginecomastia\\\/\",\"url\":\"https:\\\/\\\/www.medespoir.fr\\\/es\\\/ginecomastia\\\/\",\"name\":\"Gynecomastie T\u00fanez : Precios de la reducci\u00f3n mamaria masculina\",\"isPartOf\":{\"@id\":\"https:\\\/\\\/www.medespoir.fr\\\/es\\\/#website\"},\"primaryImageOfPage\":{\"@id\":\"https:\\\/\\\/www.medespoir.fr\\\/es\\\/ginecomastia\\\/#primaryimage\"},\"image\":{\"@id\":\"https:\\\/\\\/www.medespoir.fr\\\/es\\\/ginecomastia\\\/#primaryimage\"},\"thumbnailUrl\":\"https:\\\/\\\/www.medespoir.fr\\\/wp-content\\\/uploads\\\/2021\\\/11\\\/header-homme.jpg\",\"datePublished\":\"2016-09-27T09:59:12+00:00\",\"dateModified\":\"2022-12-20T11:09:47+00:00\",\"description\":\"Gynecomastie T\u00fanez, La intervenci\u00f3n adaptada para eliminar los senos visibles en un hombre. Presupuesto GRATUITO para una nueva vida\",\"breadcrumb\":{\"@id\":\"https:\\\/\\\/www.medespoir.fr\\\/es\\\/ginecomastia\\\/#breadcrumb\"},\"inLanguage\":\"es\",\"potentialAction\":[{\"@type\":\"ReadAction\",\"target\":[\"https:\\\/\\\/www.medespoir.fr\\\/es\\\/ginecomastia\\\/\"]}]},{\"@type\":\"ImageObject\",\"inLanguage\":\"es\",\"@id\":\"https:\\\/\\\/www.medespoir.fr\\\/es\\\/ginecomastia\\\/#primaryimage\",\"url\":\"https:\\\/\\\/www.medespoir.fr\\\/wp-content\\\/uploads\\\/2021\\\/11\\\/header-homme.jpg\",\"contentUrl\":\"https:\\\/\\\/www.medespoir.fr\\\/wp-content\\\/uploads\\\/2021\\\/11\\\/header-homme.jpg\",\"width\":1928,\"height\":479},{\"@type\":\"BreadcrumbList\",\"@id\":\"https:\\\/\\\/www.medespoir.fr\\\/es\\\/ginecomastia\\\/#breadcrumb\",\"itemListElement\":[{\"@type\":\"ListItem\",\"position\":1,\"name\":\"Accueil\",\"item\":\"https:\\\/\\\/www.medespoir.fr\\\/es\\\/\"},{\"@type\":\"ListItem\",\"position\":2,\"name\":\"Ginecomastia en T\u00fanez: Reducci\u00f3n de mamas masculinas\"}]},{\"@type\":\"WebSite\",\"@id\":\"https:\\\/\\\/www.medespoir.fr\\\/es\\\/#website\",\"url\":\"https:\\\/\\\/www.medespoir.fr\\\/es\\\/\",\"name\":\"Medespoir France\",\"description\":\"Chirurgie esthetique Tunisie\",\"publisher\":{\"@id\":\"https:\\\/\\\/www.medespoir.fr\\\/es\\\/#organization\"},\"potentialAction\":[{\"@type\":\"SearchAction\",\"target\":{\"@type\":\"EntryPoint\",\"urlTemplate\":\"https:\\\/\\\/www.medespoir.fr\\\/es\\\/?s={search_term_string}\"},\"query-input\":{\"@type\":\"PropertyValueSpecification\",\"valueRequired\":true,\"valueName\":\"search_term_string\"}}],\"inLanguage\":\"es\"},{\"@type\":\"Organization\",\"@id\":\"https:\\\/\\\/www.medespoir.fr\\\/es\\\/#organization\",\"name\":\"Medespoir France\",\"url\":\"https:\\\/\\\/www.medespoir.fr\\\/es\\\/\",\"logo\":{\"@type\":\"ImageObject\",\"inLanguage\":\"es\",\"@id\":\"https:\\\/\\\/www.medespoir.fr\\\/es\\\/#\\\/schema\\\/logo\\\/image\\\/\",\"url\":\"https:\\\/\\\/www.medespoir.fr\\\/wp-content\\\/uploads\\\/2021\\\/10\\\/cropped-logo__medespoirFR.png\",\"contentUrl\":\"https:\\\/\\\/www.medespoir.fr\\\/wp-content\\\/uploads\\\/2021\\\/10\\\/cropped-logo__medespoirFR.png\",\"width\":150,\"height\":62,\"caption\":\"Medespoir France\"},\"image\":{\"@id\":\"https:\\\/\\\/www.medespoir.fr\\\/es\\\/#\\\/schema\\\/logo\\\/image\\\/\"},\"sameAs\":[\"https:\\\/\\\/www.facebook.com\\\/MedEspoirFr\",\"https:\\\/\\\/x.com\\\/MedEspoirTN\"]}]}<\/script>\n<!-- \/ Yoast SEO plugin. -->","yoast_head_json":{"title":"Gynecomastie T\u00fanez : Precios de la reducci\u00f3n mamaria masculina","description":"Gynecomastie T\u00fanez, La intervenci\u00f3n adaptada para eliminar los senos visibles en un hombre. Presupuesto GRATUITO para una nueva vida","robots":{"index":"index","follow":"follow","max-snippet":"max-snippet:-1","max-image-preview":"max-image-preview:large","max-video-preview":"max-video-preview:-1"},"canonical":"https:\/\/www.medespoir.fr\/es\/ginecomastia\/","twitter_misc":{"Tiempo de lectura":"3 minutos"},"schema":{"@context":"https:\/\/schema.org","@graph":[{"@type":"WebPage","@id":"https:\/\/www.medespoir.fr\/es\/ginecomastia\/","url":"https:\/\/www.medespoir.fr\/es\/ginecomastia\/","name":"Gynecomastie T\u00fanez : Precios de la reducci\u00f3n mamaria masculina","isPartOf":{"@id":"https:\/\/www.medespoir.fr\/es\/#website"},"primaryImageOfPage":{"@id":"https:\/\/www.medespoir.fr\/es\/ginecomastia\/#primaryimage"},"image":{"@id":"https:\/\/www.medespoir.fr\/es\/ginecomastia\/#primaryimage"},"thumbnailUrl":"https:\/\/www.medespoir.fr\/wp-content\/uploads\/2021\/11\/header-homme.jpg","datePublished":"2016-09-27T09:59:12+00:00","dateModified":"2022-12-20T11:09:47+00:00","description":"Gynecomastie T\u00fanez, La intervenci\u00f3n adaptada para eliminar los senos visibles en un hombre. Presupuesto GRATUITO para una nueva vida","breadcrumb":{"@id":"https:\/\/www.medespoir.fr\/es\/ginecomastia\/#breadcrumb"},"inLanguage":"es","potentialAction":[{"@type":"ReadAction","target":["https:\/\/www.medespoir.fr\/es\/ginecomastia\/"]}]},{"@type":"ImageObject","inLanguage":"es","@id":"https:\/\/www.medespoir.fr\/es\/ginecomastia\/#primaryimage","url":"https:\/\/www.medespoir.fr\/wp-content\/uploads\/2021\/11\/header-homme.jpg","contentUrl":"https:\/\/www.medespoir.fr\/wp-content\/uploads\/2021\/11\/header-homme.jpg","width":1928,"height":479},{"@type":"BreadcrumbList","@id":"https:\/\/www.medespoir.fr\/es\/ginecomastia\/#breadcrumb","itemListElement":[{"@type":"ListItem","position":1,"name":"Accueil","item":"https:\/\/www.medespoir.fr\/es\/"},{"@type":"ListItem","position":2,"name":"Ginecomastia en T\u00fanez: Reducci\u00f3n de mamas masculinas"}]},{"@type":"WebSite","@id":"https:\/\/www.medespoir.fr\/es\/#website","url":"https:\/\/www.medespoir.fr\/es\/","name":"Medespoir France","description":"Chirurgie esthetique Tunisie","publisher":{"@id":"https:\/\/www.medespoir.fr\/es\/#organization"},"potentialAction":[{"@type":"SearchAction","target":{"@type":"EntryPoint","urlTemplate":"https:\/\/www.medespoir.fr\/es\/?s={search_term_string}"},"query-input":{"@type":"PropertyValueSpecification","valueRequired":true,"valueName":"search_term_string"}}],"inLanguage":"es"},{"@type":"Organization","@id":"https:\/\/www.medespoir.fr\/es\/#organization","name":"Medespoir France","url":"https:\/\/www.medespoir.fr\/es\/","logo":{"@type":"ImageObject","inLanguage":"es","@id":"https:\/\/www.medespoir.fr\/es\/#\/schema\/logo\/image\/","url":"https:\/\/www.medespoir.fr\/wp-content\/uploads\/2021\/10\/cropped-logo__medespoirFR.png","contentUrl":"https:\/\/www.medespoir.fr\/wp-content\/uploads\/2021\/10\/cropped-logo__medespoirFR.png","width":150,"height":62,"caption":"Medespoir France"},"image":{"@id":"https:\/\/www.medespoir.fr\/es\/#\/schema\/logo\/image\/"},"sameAs":["https:\/\/www.facebook.com\/MedEspoirFr","https:\/\/x.com\/MedEspoirTN"]}]}},"_links":{"self":[{"href":"https:\/\/www.medespoir.fr\/es\/wp-json\/wp\/v2\/pages\/21244","targetHints":{"allow":["GET"]}}],"collection":[{"href":"https:\/\/www.medespoir.fr\/es\/wp-json\/wp\/v2\/pages"}],"about":[{"href":"https:\/\/www.medespoir.fr\/es\/wp-json\/wp\/v2\/types\/page"}],"author":[{"embeddable":true,"href":"https:\/\/www.medespoir.fr\/es\/wp-json\/wp\/v2\/users\/1"}],"replies":[{"embeddable":true,"href":"https:\/\/www.medespoir.fr\/es\/wp-json\/wp\/v2\/comments?post=21244"}],"version-history":[{"count":0,"href":"https:\/\/www.medespoir.fr\/es\/wp-json\/wp\/v2\/pages\/21244\/revisions"}],"wp:featuredmedia":[{"embeddable":true,"href":"https:\/\/www.medespoir.fr\/es\/wp-json\/wp\/v2\/media\/21247"}],"wp:attachment":[{"href":"https:\/\/www.medespoir.fr\/es\/wp-json\/wp\/v2\/media?parent=21244"}],"curies":[{"name":"wp","href":"https:\/\/api.w.org\/{rel}","templated":true}]}}