{"id":21102,"date":"2017-02-20T14:45:12","date_gmt":"2017-02-20T13:45:12","guid":{"rendered":"https:\/\/www.medespoir.fr\/medicina-estetica-no-invasiva-en-tunez\/"},"modified":"2022-12-19T15:33:04","modified_gmt":"2022-12-19T14:33:04","slug":"medicina-estetica","status":"publish","type":"page","link":"https:\/\/www.medespoir.fr\/es\/medicina-estetica\/","title":{"rendered":"Medicina est\u00e9tica no invasiva en T\u00fanez"},"content":{"rendered":"\t\t<div data-elementor-type=\"wp-page\" data-elementor-id=\"21102\" class=\"elementor elementor-21102\">\n\t\t\t\t\t\t<section class=\"elementor-section elementor-top-section elementor-element elementor-element-bc447d0 elementor-section-boxed elementor-section-height-default elementor-section-height-default\" data-id=\"bc447d0\" data-element_type=\"section\" data-e-type=\"section\">\n\t\t\t\t\t\t<div class=\"elementor-container elementor-column-gap-default\">\n\t\t\t\t\t<div class=\"elementor-column elementor-col-66 elementor-top-column elementor-element elementor-element-4d0a74e\" data-id=\"4d0a74e\" data-element_type=\"column\" data-e-type=\"column\">\n\t\t\t<div class=\"elementor-widget-wrap elementor-element-populated\">\n\t\t\t\t\t\t<div class=\"elementor-element elementor-element-acaadba elementor-widget elementor-widget-text-editor\" data-id=\"acaadba\" data-element_type=\"widget\" data-e-type=\"widget\" data-widget_type=\"text-editor.default\">\n\t\t\t\t<div class=\"elementor-widget-container\">\n\t\t\t\t\t\t\t\t\tEl especialista en <strong>cirug\u00eda est\u00e9tica y pl\u00e1stica<\/strong> tambi\u00e9n puede dominar todos los tratamientos no invasivos de <strong>medicina<\/strong> est\u00e9tica que \u00faltimamente son muy demandados por las personas que desean rejuvenecerse.\n\t\t\t\t\t\t\t\t<\/div>\n\t\t\t\t<\/div>\n\t\t\t\t<div class=\"elementor-element elementor-element-98174dd elementor-widget elementor-widget-text-editor\" data-id=\"98174dd\" data-element_type=\"widget\" data-e-type=\"widget\" data-widget_type=\"text-editor.default\">\n\t\t\t\t<div class=\"elementor-widget-container\">\n\t\t\t\t\t\t\t\t\t<h2>\u00bfPara qu\u00e9 sirve la medicina est\u00e9tica?<\/h2>\nEsto se debe a que implica m\u00e9todos m\u00e9dicos que no causan cicatrices ni secuelas quir\u00fargicas.\n\n\t\t\t\t\t\t\t\t<\/div>\n\t\t\t\t<\/div>\n\t\t\t\t<div class=\"elementor-element elementor-element-b920ca8 elementor-widget elementor-widget-text-editor\" data-id=\"b920ca8\" data-element_type=\"widget\" data-e-type=\"widget\" data-widget_type=\"text-editor.default\">\n\t\t\t\t<div class=\"elementor-widget-container\">\n\t\t\t\t\t\t\t\t\tHoy en d\u00eda, la <strong>medicina est\u00e9tica en T\u00fanez<\/strong> se ha convertido en un importante pe\u00f3n del <strong>turismo m\u00e9dico<\/strong> y el <a href=\"https:\/\/www.medespoir.fr\/es\/cirugia-silueta\/\">rejuvenecimiento corporal<\/a>.\n\n\t\t\t\t\t\t\t\t<\/div>\n\t\t\t\t<\/div>\n\t\t\t\t<div class=\"elementor-element elementor-element-61d3100 elementor-widget elementor-widget-text-editor\" data-id=\"61d3100\" data-element_type=\"widget\" data-e-type=\"widget\" data-widget_type=\"text-editor.default\">\n\t\t\t\t<div class=\"elementor-widget-container\">\n\t\t\t\t\t\t\t\t\tEsta rama en constante crecimiento incluye varias t\u00e9cnicas innovadoras que requieren un alto grado de precisi\u00f3n y habilidad por parte del equipo m\u00e9dico.\n\n\t\t\t\t\t\t\t\t<\/div>\n\t\t\t\t<\/div>\n\t\t\t\t<div class=\"elementor-element elementor-element-cc0a013 elementor-widget elementor-widget-text-editor\" data-id=\"cc0a013\" data-element_type=\"widget\" data-e-type=\"widget\" data-widget_type=\"text-editor.default\">\n\t\t\t\t<div class=\"elementor-widget-container\">\n\t\t\t\t\t\t\t\t\t<p>La medicina est\u00e9tica en T\u00fanez se lleva a cabo con la misma vigilancia que la cirug\u00eda est\u00e9tica. Los principales procedimientos a seguir son la consulta m\u00e9dica previa al tratamiento, las revisiones necesarias,&#8230;<\/p>\n\t\t\t\t\t\t\t\t<\/div>\n\t\t\t\t<\/div>\n\t\t\t\t\t<\/div>\n\t\t<\/div>\n\t\t\t\t<div class=\"elementor-column elementor-col-33 elementor-top-column elementor-element elementor-element-f6b8b80\" data-id=\"f6b8b80\" data-element_type=\"column\" data-e-type=\"column\">\n\t\t\t<div class=\"elementor-widget-wrap elementor-element-populated\">\n\t\t\t\t\t\t<div class=\"elementor-element elementor-element-c846fa2 elementor-widget elementor-widget-text-editor\" data-id=\"c846fa2\" data-element_type=\"widget\" data-e-type=\"widget\" data-widget_type=\"text-editor.default\">\n\t\t\t\t<div class=\"elementor-widget-container\">\n\t\t\t\t\t\t\t\t\t<p><img decoding=\"async\" class=\"aligncenter\" src=\"https:\/\/www.medespoir.fr\/wp-content\/uploads\/2021\/11\/acide-hyaluronique-tunisie-pas-cher.jpg\" alt=\"clase\"><\/p>\n\t\t\t\t\t\t\t\t<\/div>\n\t\t\t\t<\/div>\n\t\t\t\t\t<\/div>\n\t\t<\/div>\n\t\t\t\t\t<\/div>\n\t\t<\/section>\n\t\t\t\t<section class=\"elementor-section elementor-top-section elementor-element elementor-element-5e8f1dc elementor-section-boxed elementor-section-height-default elementor-section-height-default\" data-id=\"5e8f1dc\" data-element_type=\"section\" data-e-type=\"section\" id=\"bg-devis-express\">\n\t\t\t\t\t\t<div class=\"elementor-container elementor-column-gap-default\">\n\t\t\t\t\t<div class=\"elementor-column elementor-col-100 elementor-top-column elementor-element elementor-element-889894c\" data-id=\"889894c\" data-element_type=\"column\" data-e-type=\"column\">\n\t\t\t<div class=\"elementor-widget-wrap elementor-element-populated\">\n\t\t\t\t\t\t<div class=\"elementor-element elementor-element-abc04ef elementor-widget elementor-widget-text-editor\" data-id=\"abc04ef\" data-element_type=\"widget\" data-e-type=\"widget\" data-widget_type=\"text-editor.default\">\n\t\t\t\t<div class=\"elementor-widget-container\">\n\t\t\t\t\t\t\t\t\t<style>\r\n\tbody.home #main-form h2 {\r\n   display:none;\r\n}\r\n<\/style>\r\n<h2 style=\"text-align: center;font-weight: bold;\">Presupuesto r\u00e1pido gratuito<\/h2>\r\n<iframe src=\"https:\/\/app.metocrm.com\/web-forms\/e1cab5bd-ef56-4a37-aa71-4857d931f368\"  height=\"700px\" width=\"100%\"  frameborder=\"0\"><\/iframe>\t\t\t\t\t\t\t\t<\/div>\n\t\t\t\t<\/div>\n\t\t\t\t\t<\/div>\n\t\t<\/div>\n\t\t\t\t\t<\/div>\n\t\t<\/section>\n\t\t\t\t<section class=\"elementor-section elementor-top-section elementor-element elementor-element-299c62f elementor-section-full_width elementor-section-height-default elementor-section-height-default\" data-id=\"299c62f\" data-element_type=\"section\" data-e-type=\"section\" id=\"medicine-esth\" data-settings=\"{&quot;background_background&quot;:&quot;classic&quot;}\">\n\t\t\t\t\t\t<div class=\"elementor-container elementor-column-gap-default\">\n\t\t\t\t\t<div class=\"elementor-column elementor-col-100 elementor-top-column elementor-element elementor-element-c8c90de\" data-id=\"c8c90de\" data-element_type=\"column\" data-e-type=\"column\">\n\t\t\t<div class=\"elementor-widget-wrap elementor-element-populated\">\n\t\t\t\t\t\t<div class=\"elementor-element elementor-element-ceed345 elementor-widget elementor-widget-text-editor\" data-id=\"ceed345\" data-element_type=\"widget\" data-e-type=\"widget\" data-widget_type=\"text-editor.default\">\n\t\t\t\t<div class=\"elementor-widget-container\">\n\t\t\t\t\t\t\t\t\t<div class=\"container-fluid \">\n<div class=\"row\">\n<div class=\"col-md-6 col-12 padding-60\">\n<h2 style=\"text-align: left;\">Inyecci\u00f3n de rellenos<\/h2>\n<p style=\"text-align: left;\"><strong>Toxina botul\u00ednica<\/strong>, <a href=\"https:\/\/www.medespoir.fr\/es\/acido-hialuronico\/\">\n<strong>\u00e1cido hialur\u00f3nico<\/strong>\n<\/a> u otros son los mejores productos para corregir las arrugas. Totalmente inocuas para la piel, son eficaces para ayudar al individuo a recuperar su juventud. Su acci\u00f3n consiste en eliminar las arrugas finas y las ojeras del rostro.<\/p>\n\n<h2 style=\"text-align: left;\">El l\u00e1ser<\/h2>\n<p style=\"text-align: left;\">Utilizando equipos m\u00e9dicos de alto rendimiento, el l\u00e1ser puede eliminar muchos pigmentos naturales o artificiales como tatuajes, puntos negros, lunares benignos, &#8230;.<\/p>\n<p style=\"text-align: left;\">Tambi\u00e9n puede utilizarse para la depilaci\u00f3n corporal permanente o la lip\u00f3lisis de la grasa adiposa.<\/p>\n\n<h2 style=\"text-align: left;\">El GWP<\/h2>\n<p style=\"text-align: left;\">Estos son los <a href=\"https:\/\/www.medespoir.fr\/es\/prp\/\">\n<strong>plaquetas ricas en plasma<\/strong>\n<\/a> que se utilizan para limpiar el tejido cut\u00e1neo del rostro y el escote de residuos sangu\u00edneos como piedras o rojeces.<\/p>\n\n<h2 style=\"text-align: left;\">Tarifas de la medicina est\u00e9tica en T\u00fanez<\/h2>\n<p style=\"text-align: left;\">Los precios de los distintos tratamientos de medicina est\u00e9tica en T\u00fanez son asequibles y baratos. Con <strong>medespoir France<\/strong> y sus cl\u00ednicas podr\u00e1 beneficiarse de numerosas ofertas que incluyen cirug\u00eda est\u00e9tica, tratamientos no invasivos y alojamiento en un hotel de 5 estrellas.<\/p>\n<a class=\"main__btn blue\" href=\"https:\/\/www.medespoir.fr\/es\/presupuesto\/\">Presupuesto gratuito<\/a>\n\n<\/div>\n<div class=\"col-md-6 col-12 bg-medicine-esth\"><\/div>\n<\/div>\n<\/div>\t\t\t\t\t\t\t\t<\/div>\n\t\t\t\t<\/div>\n\t\t\t\t\t<\/div>\n\t\t<\/div>\n\t\t\t\t\t<\/div>\n\t\t<\/section>\n\t\t\t\t<\/div>\n\t\t","protected":false},"excerpt":{"rendered":"<p>El especialista en cirug\u00eda est\u00e9tica y pl\u00e1stica tambi\u00e9n puede dominar todos los tratamientos no invasivos de medicina est\u00e9tica que \u00faltimamente [&hellip;]<\/p>\n","protected":false},"author":1,"featured_media":21104,"parent":0,"menu_order":76,"comment_status":"closed","ping_status":"closed","template":"","meta":{"footnotes":""},"class_list":["post-21102","page","type-page","status-publish","has-post-thumbnail","hentry"],"yoast_head":"<!-- This site is optimized with the Yoast SEO plugin v27.5 - https:\/\/yoast.com\/product\/yoast-seo-wordpress\/ -->\n<title>Medicina est\u00e9tica T\u00fanez : precio botox T\u00fanez y \u00e1cido hialur\u00f3nico<\/title>\n<meta name=\"description\" content=\"Medespoir France ofrece procedimientos de medicina est\u00e9tica en T\u00fanez con todo incluido y sin costes ocultos. Botx, PRP, \u00e1cido hialur\u00f3nico...\" \/>\n<meta name=\"robots\" content=\"index, follow, max-snippet:-1, max-image-preview:large, max-video-preview:-1\" \/>\n<link rel=\"canonical\" href=\"https:\/\/www.medespoir.fr\/es\/medicina-estetica\/\" \/>\n<meta name=\"twitter:label1\" content=\"Tiempo de lectura\" \/>\n\t<meta name=\"twitter:data1\" content=\"2 minutos\" \/>\n<script type=\"application\/ld+json\" class=\"yoast-schema-graph\">{\"@context\":\"https:\\\/\\\/schema.org\",\"@graph\":[{\"@type\":\"WebPage\",\"@id\":\"https:\\\/\\\/www.medespoir.fr\\\/es\\\/medicina-estetica\\\/\",\"url\":\"https:\\\/\\\/www.medespoir.fr\\\/es\\\/medicina-estetica\\\/\",\"name\":\"Medicina est\u00e9tica T\u00fanez : precio botox T\u00fanez y \u00e1cido hialur\u00f3nico\",\"isPartOf\":{\"@id\":\"https:\\\/\\\/www.medespoir.fr\\\/es\\\/#website\"},\"primaryImageOfPage\":{\"@id\":\"https:\\\/\\\/www.medespoir.fr\\\/es\\\/medicina-estetica\\\/#primaryimage\"},\"image\":{\"@id\":\"https:\\\/\\\/www.medespoir.fr\\\/es\\\/medicina-estetica\\\/#primaryimage\"},\"thumbnailUrl\":\"https:\\\/\\\/www.medespoir.fr\\\/wp-content\\\/uploads\\\/2021\\\/11\\\/header-esthetique.jpg\",\"datePublished\":\"2017-02-20T13:45:12+00:00\",\"dateModified\":\"2022-12-19T14:33:04+00:00\",\"description\":\"Medespoir France ofrece procedimientos de medicina est\u00e9tica en T\u00fanez con todo incluido y sin costes ocultos. Botx, PRP, \u00e1cido hialur\u00f3nico...\",\"breadcrumb\":{\"@id\":\"https:\\\/\\\/www.medespoir.fr\\\/es\\\/medicina-estetica\\\/#breadcrumb\"},\"inLanguage\":\"es\",\"potentialAction\":[{\"@type\":\"ReadAction\",\"target\":[\"https:\\\/\\\/www.medespoir.fr\\\/es\\\/medicina-estetica\\\/\"]}]},{\"@type\":\"ImageObject\",\"inLanguage\":\"es\",\"@id\":\"https:\\\/\\\/www.medespoir.fr\\\/es\\\/medicina-estetica\\\/#primaryimage\",\"url\":\"https:\\\/\\\/www.medespoir.fr\\\/wp-content\\\/uploads\\\/2021\\\/11\\\/header-esthetique.jpg\",\"contentUrl\":\"https:\\\/\\\/www.medespoir.fr\\\/wp-content\\\/uploads\\\/2021\\\/11\\\/header-esthetique.jpg\",\"width\":1928,\"height\":479},{\"@type\":\"BreadcrumbList\",\"@id\":\"https:\\\/\\\/www.medespoir.fr\\\/es\\\/medicina-estetica\\\/#breadcrumb\",\"itemListElement\":[{\"@type\":\"ListItem\",\"position\":1,\"name\":\"Accueil\",\"item\":\"https:\\\/\\\/www.medespoir.fr\\\/es\\\/\"},{\"@type\":\"ListItem\",\"position\":2,\"name\":\"Medicina est\u00e9tica no invasiva en T\u00fanez\"}]},{\"@type\":\"WebSite\",\"@id\":\"https:\\\/\\\/www.medespoir.fr\\\/es\\\/#website\",\"url\":\"https:\\\/\\\/www.medespoir.fr\\\/es\\\/\",\"name\":\"Medespoir France\",\"description\":\"Chirurgie esthetique Tunisie\",\"publisher\":{\"@id\":\"https:\\\/\\\/www.medespoir.fr\\\/es\\\/#organization\"},\"potentialAction\":[{\"@type\":\"SearchAction\",\"target\":{\"@type\":\"EntryPoint\",\"urlTemplate\":\"https:\\\/\\\/www.medespoir.fr\\\/es\\\/?s={search_term_string}\"},\"query-input\":{\"@type\":\"PropertyValueSpecification\",\"valueRequired\":true,\"valueName\":\"search_term_string\"}}],\"inLanguage\":\"es\"},{\"@type\":\"Organization\",\"@id\":\"https:\\\/\\\/www.medespoir.fr\\\/es\\\/#organization\",\"name\":\"Medespoir France\",\"url\":\"https:\\\/\\\/www.medespoir.fr\\\/es\\\/\",\"logo\":{\"@type\":\"ImageObject\",\"inLanguage\":\"es\",\"@id\":\"https:\\\/\\\/www.medespoir.fr\\\/es\\\/#\\\/schema\\\/logo\\\/image\\\/\",\"url\":\"https:\\\/\\\/www.medespoir.fr\\\/wp-content\\\/uploads\\\/2021\\\/10\\\/cropped-logo__medespoirFR.png\",\"contentUrl\":\"https:\\\/\\\/www.medespoir.fr\\\/wp-content\\\/uploads\\\/2021\\\/10\\\/cropped-logo__medespoirFR.png\",\"width\":150,\"height\":62,\"caption\":\"Medespoir France\"},\"image\":{\"@id\":\"https:\\\/\\\/www.medespoir.fr\\\/es\\\/#\\\/schema\\\/logo\\\/image\\\/\"},\"sameAs\":[\"https:\\\/\\\/www.facebook.com\\\/MedEspoirFr\",\"https:\\\/\\\/x.com\\\/MedEspoirTN\"]}]}<\/script>\n<!-- \/ Yoast SEO plugin. -->","yoast_head_json":{"title":"Medicina est\u00e9tica T\u00fanez : precio botox T\u00fanez y \u00e1cido hialur\u00f3nico","description":"Medespoir France ofrece procedimientos de medicina est\u00e9tica en T\u00fanez con todo incluido y sin costes ocultos. Botx, PRP, \u00e1cido hialur\u00f3nico...","robots":{"index":"index","follow":"follow","max-snippet":"max-snippet:-1","max-image-preview":"max-image-preview:large","max-video-preview":"max-video-preview:-1"},"canonical":"https:\/\/www.medespoir.fr\/es\/medicina-estetica\/","twitter_misc":{"Tiempo de lectura":"2 minutos"},"schema":{"@context":"https:\/\/schema.org","@graph":[{"@type":"WebPage","@id":"https:\/\/www.medespoir.fr\/es\/medicina-estetica\/","url":"https:\/\/www.medespoir.fr\/es\/medicina-estetica\/","name":"Medicina est\u00e9tica T\u00fanez : precio botox T\u00fanez y \u00e1cido hialur\u00f3nico","isPartOf":{"@id":"https:\/\/www.medespoir.fr\/es\/#website"},"primaryImageOfPage":{"@id":"https:\/\/www.medespoir.fr\/es\/medicina-estetica\/#primaryimage"},"image":{"@id":"https:\/\/www.medespoir.fr\/es\/medicina-estetica\/#primaryimage"},"thumbnailUrl":"https:\/\/www.medespoir.fr\/wp-content\/uploads\/2021\/11\/header-esthetique.jpg","datePublished":"2017-02-20T13:45:12+00:00","dateModified":"2022-12-19T14:33:04+00:00","description":"Medespoir France ofrece procedimientos de medicina est\u00e9tica en T\u00fanez con todo incluido y sin costes ocultos. Botx, PRP, \u00e1cido hialur\u00f3nico...","breadcrumb":{"@id":"https:\/\/www.medespoir.fr\/es\/medicina-estetica\/#breadcrumb"},"inLanguage":"es","potentialAction":[{"@type":"ReadAction","target":["https:\/\/www.medespoir.fr\/es\/medicina-estetica\/"]}]},{"@type":"ImageObject","inLanguage":"es","@id":"https:\/\/www.medespoir.fr\/es\/medicina-estetica\/#primaryimage","url":"https:\/\/www.medespoir.fr\/wp-content\/uploads\/2021\/11\/header-esthetique.jpg","contentUrl":"https:\/\/www.medespoir.fr\/wp-content\/uploads\/2021\/11\/header-esthetique.jpg","width":1928,"height":479},{"@type":"BreadcrumbList","@id":"https:\/\/www.medespoir.fr\/es\/medicina-estetica\/#breadcrumb","itemListElement":[{"@type":"ListItem","position":1,"name":"Accueil","item":"https:\/\/www.medespoir.fr\/es\/"},{"@type":"ListItem","position":2,"name":"Medicina est\u00e9tica no invasiva en T\u00fanez"}]},{"@type":"WebSite","@id":"https:\/\/www.medespoir.fr\/es\/#website","url":"https:\/\/www.medespoir.fr\/es\/","name":"Medespoir France","description":"Chirurgie esthetique Tunisie","publisher":{"@id":"https:\/\/www.medespoir.fr\/es\/#organization"},"potentialAction":[{"@type":"SearchAction","target":{"@type":"EntryPoint","urlTemplate":"https:\/\/www.medespoir.fr\/es\/?s={search_term_string}"},"query-input":{"@type":"PropertyValueSpecification","valueRequired":true,"valueName":"search_term_string"}}],"inLanguage":"es"},{"@type":"Organization","@id":"https:\/\/www.medespoir.fr\/es\/#organization","name":"Medespoir France","url":"https:\/\/www.medespoir.fr\/es\/","logo":{"@type":"ImageObject","inLanguage":"es","@id":"https:\/\/www.medespoir.fr\/es\/#\/schema\/logo\/image\/","url":"https:\/\/www.medespoir.fr\/wp-content\/uploads\/2021\/10\/cropped-logo__medespoirFR.png","contentUrl":"https:\/\/www.medespoir.fr\/wp-content\/uploads\/2021\/10\/cropped-logo__medespoirFR.png","width":150,"height":62,"caption":"Medespoir France"},"image":{"@id":"https:\/\/www.medespoir.fr\/es\/#\/schema\/logo\/image\/"},"sameAs":["https:\/\/www.facebook.com\/MedEspoirFr","https:\/\/x.com\/MedEspoirTN"]}]}},"_links":{"self":[{"href":"https:\/\/www.medespoir.fr\/es\/wp-json\/wp\/v2\/pages\/21102","targetHints":{"allow":["GET"]}}],"collection":[{"href":"https:\/\/www.medespoir.fr\/es\/wp-json\/wp\/v2\/pages"}],"about":[{"href":"https:\/\/www.medespoir.fr\/es\/wp-json\/wp\/v2\/types\/page"}],"author":[{"embeddable":true,"href":"https:\/\/www.medespoir.fr\/es\/wp-json\/wp\/v2\/users\/1"}],"replies":[{"embeddable":true,"href":"https:\/\/www.medespoir.fr\/es\/wp-json\/wp\/v2\/comments?post=21102"}],"version-history":[{"count":0,"href":"https:\/\/www.medespoir.fr\/es\/wp-json\/wp\/v2\/pages\/21102\/revisions"}],"wp:featuredmedia":[{"embeddable":true,"href":"https:\/\/www.medespoir.fr\/es\/wp-json\/wp\/v2\/media\/21104"}],"wp:attachment":[{"href":"https:\/\/www.medespoir.fr\/es\/wp-json\/wp\/v2\/media?parent=21102"}],"curies":[{"name":"wp","href":"https:\/\/api.w.org\/{rel}","templated":true}]}}