{"id":21034,"date":"2017-09-08T11:39:08","date_gmt":"2017-09-08T09:39:08","guid":{"rendered":"https:\/\/www.medespoir.fr\/cirugia-dental-en-tunez-lo-que-hay-que-saber\/"},"modified":"2022-12-20T12:17:51","modified_gmt":"2022-12-20T11:17:51","slug":"cirugia-dental","status":"publish","type":"page","link":"https:\/\/www.medespoir.fr\/es\/cirugia-dental\/","title":{"rendered":"Cirug\u00eda dental en T\u00fanez: \u00a1lo que hay que saber!"},"content":{"rendered":"\t\t<div data-elementor-type=\"wp-page\" data-elementor-id=\"21034\" class=\"elementor elementor-21034\">\n\t\t\t\t\t\t<section class=\"elementor-section elementor-top-section elementor-element elementor-element-fdc2c7a elementor-section-boxed elementor-section-height-default elementor-section-height-default\" data-id=\"fdc2c7a\" data-element_type=\"section\" data-e-type=\"section\">\n\t\t\t\t\t\t<div class=\"elementor-container elementor-column-gap-default\">\n\t\t\t\t\t<div class=\"elementor-column elementor-col-50 elementor-top-column elementor-element elementor-element-4ffea39\" data-id=\"4ffea39\" data-element_type=\"column\" data-e-type=\"column\">\n\t\t\t<div class=\"elementor-widget-wrap elementor-element-populated\">\n\t\t\t\t\t\t<div class=\"elementor-element elementor-element-1715f14 elementor-widget elementor-widget-text-editor\" data-id=\"1715f14\" data-element_type=\"widget\" data-e-type=\"widget\" data-widget_type=\"text-editor.default\">\n\t\t\t\t<div class=\"elementor-widget-container\">\n\t\t\t\t\t\t\t\t\t<div class=\"column_attr clearfix\">La sonrisa es el vector universal de la amabilidad y la simpat\u00eda. La sonrisa es una llave secreta que abre muchos corazones. Es una fuerza de dulzura y resplandor que todo el mundo desea tener.\n<h2>T\u00fanez: una oportunidad que hay que aprovechar<\/h2>\nDescontento con el aspecto de tu sonrisa e inc\u00f3modo con tu dentadura, sue\u00f1as con un aspecto bonito con dientes rectos y blancos, \u00a1no te lo pienses demasiado! T\u00fanez y concretamente la <strong>cl\u00ednica Medespoir<\/strong> France se comprometen y te ofrecen una buena oportunidad. De hecho, nuestros centros se destacan en la <strong>cirug\u00eda dental en T\u00fanez<\/strong> y garantizar una hermosa mejora de sus dientes y. Le brindan la oportunidad de redise\u00f1ar esa bonita sonrisa con dientes sanos que le den confianza en su aspecto.\n\nEn efecto, T\u00fanez acude al rescate de las numerosas personas que padecen dolor de muelas y de los enormes gastos en que incurren para solucionarlo.\n\nOpte por su <strong>cirug\u00eda dental en T\u00fanez<\/strong> y benef\u00edciese de una tarifa muy interesante y ventajosa.  <strong>Precios baratos para operaciones dentales<\/strong> que no son reembolsadas por la seguridad social o lo son muy poco.\n\n<em>Redescubra su sonrisa<\/em> en condiciones superiores y a precios inmejorables controlados por nuestros valientes, experimentados y competentes profesionales con la ayuda de equipos de alta tecnolog\u00eda.\n\nUna <strong>operaci\u00f3n dental en T\u00fanez<\/strong> afecta simult\u00e1neamente al aspecto funcional y est\u00e9tico de los dientes, lo que permite al paciente recuperar un uso \u00f3ptimo de su boca y una sonrisa brillante.\n<h2>Tabla de precios de la cirug\u00eda dental en T\u00fanez<\/h2>\n\n\n<\/div>\t\t\t\t\t\t\t\t<\/div>\n\t\t\t\t<\/div>\n\t\t\t\t\t<\/div>\n\t\t<\/div>\n\t\t\t\t<div class=\"elementor-column elementor-col-50 elementor-top-column elementor-element elementor-element-f89d67e\" data-id=\"f89d67e\" data-element_type=\"column\" data-e-type=\"column\">\n\t\t\t<div class=\"elementor-widget-wrap elementor-element-populated\">\n\t\t\t\t\t\t<div class=\"elementor-element elementor-element-4335a35 elementor-widget elementor-widget-text-editor\" data-id=\"4335a35\" data-element_type=\"widget\" data-e-type=\"widget\" id=\"margin__btm\" data-widget_type=\"text-editor.default\">\n\t\t\t\t<div class=\"elementor-widget-container\">\n\t\t\t\t\t\t\t\t\t<p><img decoding=\"async\" class=\"alignright\" src=\"https:\/\/www.medespoir.fr\/wp-content\/uploads\/2021\/11\/chirurgie-dentaire-Tunisie.jpg\" alt=\"Cirug\u00eda dental en T\u00fanez: \u00a1lo que hay que saber!\"><\/p>\n\t\t\t\t\t\t\t\t<\/div>\n\t\t\t\t<\/div>\n\t\t\t\t<div class=\"elementor-element elementor-element-03d49de elementor-widget elementor-widget-html\" data-id=\"03d49de\" data-element_type=\"widget\" data-e-type=\"widget\" id=\"price__homepage\" data-widget_type=\"html.default\">\n\t\t\t\t<div class=\"elementor-widget-container\">\n\t\t\t\t\t<table class=\"table___price\">\n   <thead>\n<tr class=\"cmsms_table_row_header\">\n<th class=\"cmsms_table_cell_alignleft\">Intervenci\u00f3n<\/th>\n<th class=\"cmsms_table_cell_aligncenter\">Premios<\/th>\n<th class=\"cmsms_table_cell_aligncenter\">Permanezca en<\/th>\n<\/tr>\n<\/thead>\n<tbody>\n<tr>\n<td class=\"cmsms_table_cell_alignleft\">Implantes dentales<\/td>\n<td class=\"cmsms_table_cell_aligncenter\">Precios sobre presupuesto<\/td>\n<td class=\"cmsms_table_cell_aligncenter\"><\/td>\n<\/tr>\n<tr>\n<td class=\"cmsms_table_cell_alignleft\">Carilla dental<\/td>\n<td class=\"cmsms_table_cell_aligncenter\">Precios sobre presupuesto<\/td>\n<td class=\"cmsms_table_cell_aligncenter\"><\/td>\n<\/tr>\n<tr>\n<td class=\"cmsms_table_cell_alignleft\">Blanqueamiento dental<\/td>\n<td class=\"cmsms_table_cell_aligncenter\">Precios sobre presupuesto<\/td>\n<td class=\"cmsms_table_cell_aligncenter\"><\/td>\n<\/tr>\n<\/tbody>\n<\/table>\t\t\t\t<\/div>\n\t\t\t\t<\/div>\n\t\t\t\t\t<\/div>\n\t\t<\/div>\n\t\t\t\t\t<\/div>\n\t\t<\/section>\n\t\t\t\t<section class=\"elementor-section elementor-top-section elementor-element elementor-element-42bfc0d elementor-section-boxed elementor-section-height-default elementor-section-height-default\" data-id=\"42bfc0d\" data-element_type=\"section\" data-e-type=\"section\" id=\"bg-devis-express\">\n\t\t\t\t\t\t<div class=\"elementor-container elementor-column-gap-default\">\n\t\t\t\t\t<div class=\"elementor-column elementor-col-100 elementor-top-column elementor-element elementor-element-e8f4bbd\" data-id=\"e8f4bbd\" data-element_type=\"column\" data-e-type=\"column\">\n\t\t\t<div class=\"elementor-widget-wrap elementor-element-populated\">\n\t\t\t\t\t\t<div class=\"elementor-element elementor-element-69bced8 elementor-widget elementor-widget-text-editor\" data-id=\"69bced8\" data-element_type=\"widget\" data-e-type=\"widget\" data-widget_type=\"text-editor.default\">\n\t\t\t\t<div class=\"elementor-widget-container\">\n\t\t\t\t\t\t\t\t\t<style>\r\n\tbody.home #main-form h2 {\r\n   display:none;\r\n}\r\n<\/style>\r\n<h2 style=\"text-align: center;font-weight: bold;\">Presupuesto r\u00e1pido gratuito<\/h2>\r\n<iframe src=\"https:\/\/app.metocrm.com\/web-forms\/e1cab5bd-ef56-4a37-aa71-4857d931f368\"  height=\"700px\" width=\"100%\"  frameborder=\"0\"><\/iframe>\t\t\t\t\t\t\t\t<\/div>\n\t\t\t\t<\/div>\n\t\t\t\t\t<\/div>\n\t\t<\/div>\n\t\t\t\t\t<\/div>\n\t\t<\/section>\n\t\t\t\t<section class=\"elementor-section elementor-top-section elementor-element elementor-element-ced0a7c elementor-section-boxed elementor-section-height-default elementor-section-height-default\" data-id=\"ced0a7c\" data-element_type=\"section\" data-e-type=\"section\">\n\t\t\t\t\t\t<div class=\"elementor-container elementor-column-gap-default\">\n\t\t\t\t\t<div class=\"elementor-column elementor-col-100 elementor-top-column elementor-element elementor-element-c657e48\" data-id=\"c657e48\" data-element_type=\"column\" data-e-type=\"column\">\n\t\t\t<div class=\"elementor-widget-wrap elementor-element-populated\">\n\t\t\t\t\t\t<div class=\"elementor-element elementor-element-ca98ed9 elementor-widget elementor-widget-text-editor\" data-id=\"ca98ed9\" data-element_type=\"widget\" data-e-type=\"widget\" data-widget_type=\"text-editor.default\">\n\t\t\t\t<div class=\"elementor-widget-container\">\n\t\t\t\t\t\t\t\t\t<h2>Los diferentes procedimientos de cirug\u00eda dental<\/h2>\nComo acabamos de mencionar, la atenci\u00f3n odontol\u00f3gica en T\u00fanez consta de 2 elementos. De hecho, el primer elemento es el aspecto est\u00e9tico, que nos permite restaurar una sonrisa natural en armon\u00eda con los dem\u00e1s rasgos faciales mediante el uso de nuevas t\u00e9cnicas como el blanqueamiento dental con l\u00e1ser y las carillas dentales. El segundo elemento es puramente funcional, mediante reconstrucci\u00f3n \u00f3sea, implantes dentales, tratamientos radiculares y de enfermedades de las enc\u00edas.\n\nTodos estos servicios ofrecidos, a tarifas hasta 3 veces m\u00e1s baratas que en Europa, tienen como objetivo su satisfacci\u00f3n devolvi\u00e9ndole una maravillosa sonrisa en la cara con unos dientes atractivos y brillantes.\n\t\t\t\t\t\t\t\t<\/div>\n\t\t\t\t<\/div>\n\t\t\t\t\t<\/div>\n\t\t<\/div>\n\t\t\t\t\t<\/div>\n\t\t<\/section>\n\t\t\t\t<section class=\"elementor-section elementor-top-section elementor-element elementor-element-a572386 elementor-section-boxed elementor-section-height-default elementor-section-height-default\" data-id=\"a572386\" data-element_type=\"section\" data-e-type=\"section\" id=\"dentaire\">\n\t\t\t\t\t\t<div class=\"elementor-container elementor-column-gap-default\">\n\t\t\t\t\t<div class=\"elementor-column elementor-col-50 elementor-top-column elementor-element elementor-element-a8a49ba\" data-id=\"a8a49ba\" data-element_type=\"column\" data-e-type=\"column\">\n\t\t\t<div class=\"elementor-widget-wrap elementor-element-populated\">\n\t\t\t\t\t\t<div class=\"elementor-element elementor-element-3a6c446 elementor-widget elementor-widget-html\" data-id=\"3a6c446\" data-element_type=\"widget\" data-e-type=\"widget\" data-widget_type=\"html.default\">\n\t\t\t\t<div class=\"elementor-widget-container\">\n\t\t\t\t\t<div class=\"categ__Home 1\">\n    <div>\n        <div class=\"imageCateg\">\n            <img decoding=\"async\" class=\"alignleft wp-image-1150\" src=\"https:\/\/www.medespoir.fr\/wp-content\/uploads\/2021\/11\/implant-dentaire.png\" alt=\"implante dental\" width=\"193\" height=\"109\">\n        <\/div>\n        <div class=\"categDesc\">\n            <h3>La t\u00e9cnica del implante dental<\/h3>\n  La<a href=\"https:\/\/www.medespoir.fr\/es\/implante-dental\/\">cirug\u00eda de implantes dentales<\/a> tiene como objetivo restaurar los dientes del paciente. As\u00ed, esta operaci\u00f3n viene al rescate de las personas que han perdido uno o varios dientes, de las que tienen una p\u00e9rdida total de dientes en uno o ambos maxilares, de las que tienen dificultades para triturar bien los alimentos, de las que sienten una verg\u00fcenza psicol\u00f3gica al ponerse una pr\u00f3tesis dental o de las que tienen un defecto morfol\u00f3gico en la boca o un envejecimiento prematuro de la cara.\n\n        <\/div>\n  El principio de este procedimiento est\u00e9tico es sencillo: bajo anestesia local, se coloca en el hueso maxilar un tornillo de titanio en lugar de la ra\u00edz del diente, al que se fijar\u00e1 una pr\u00f3tesis dental, la corona de cer\u00e1mica. Este procedimiento dar\u00e1 un resultado estable, c\u00f3modo y est\u00e9tico, y el tiempo necesario para que el maxilar superior se recupere entre los dos procedimientos es de tres meses, mientras que para el maxilar inferior es de seis meses, durante los cuales se colocar\u00e1 una corona provisional.\n    <\/div>\n<\/div>\t\t\t\t<\/div>\n\t\t\t\t<\/div>\n\t\t\t\t\t<\/div>\n\t\t<\/div>\n\t\t\t\t<div class=\"elementor-column elementor-col-50 elementor-top-column elementor-element elementor-element-ca4bb0b\" data-id=\"ca4bb0b\" data-element_type=\"column\" data-e-type=\"column\">\n\t\t\t<div class=\"elementor-widget-wrap elementor-element-populated\">\n\t\t\t\t\t\t<div class=\"elementor-element elementor-element-dc33825 elementor-widget elementor-widget-html\" data-id=\"dc33825\" data-element_type=\"widget\" data-e-type=\"widget\" data-widget_type=\"html.default\">\n\t\t\t\t<div class=\"elementor-widget-container\">\n\t\t\t\t\t<div class=\"categ__Home 2\">\n    <div>\n        <div class=\"imageCateg\">\n            <img decoding=\"async\" class=\"alignright wp-image-1200\" src=\"https:\/\/www.medespoir.fr\/wp-content\/uploads\/2021\/11\/couronne-dentaire.png\" alt=\"corona dental\">\n        <\/div>\n        <div class=\"categDesc\">\n            <h3>La corona quir\u00fargica<\/h3>\n  Se trata de un tratamiento en dos fases, realizado con anestesia local, indicado para personas con un diente roto o cariado que no desean una intervenci\u00f3n quir\u00fargica.\n          <br> <br>\n  En primer lugar, el dentista prepara el diente cort\u00e1ndolo y, a continuaci\u00f3n, le coloca la corona de cer\u00e1mica de forma permanente.\n\n        <\/div>\n    <\/div>\n<\/div>\t\t\t\t<\/div>\n\t\t\t\t<\/div>\n\t\t\t\t\t<\/div>\n\t\t<\/div>\n\t\t\t\t\t<\/div>\n\t\t<\/section>\n\t\t\t\t<section class=\"elementor-section elementor-top-section elementor-element elementor-element-39b0987 elementor-section-boxed elementor-section-height-default elementor-section-height-default\" data-id=\"39b0987\" data-element_type=\"section\" data-e-type=\"section\" id=\"dentaire\">\n\t\t\t\t\t\t<div class=\"elementor-container elementor-column-gap-default\">\n\t\t\t\t\t<div class=\"elementor-column elementor-col-50 elementor-top-column elementor-element elementor-element-5df1497\" data-id=\"5df1497\" data-element_type=\"column\" data-e-type=\"column\">\n\t\t\t<div class=\"elementor-widget-wrap elementor-element-populated\">\n\t\t\t\t\t\t<div class=\"elementor-element elementor-element-0255fec elementor-widget elementor-widget-html\" data-id=\"0255fec\" data-element_type=\"widget\" data-e-type=\"widget\" data-widget_type=\"html.default\">\n\t\t\t\t<div class=\"elementor-widget-container\">\n\t\t\t\t\t<div class=\"categ__Home 3\">\n    <div>\n        <div class=\"imageCateg\">\n             <img decoding=\"async\" class=\"alignleft wp-image-1150\" src=\"https:\/\/www.medespoir.fr\/wp-content\/uploads\/2021\/11\/facettes-dentaire.png\" alt=\"carillas dentales\">\n        <\/div>\n        <div class=\"categDesc\">\n            <h3>Carillas dentales<\/h3>\n  Esta t\u00e9cnica no quir\u00fargica se utiliza para conseguir una sonrisa m\u00e1s bonita. Es una forma sencilla y suave de disimular los defectos de los dientes. Frente a dientes deteriorados, amarillentos, espaciados o desalineados, y en s\u00f3lo dos sesiones, se puede recuperar una dentadura perfecta mediante el uso de carillas dentales.  <br> <br>Bajo anestesia local, el dentista comienza en la primera sesi\u00f3n limando y recortando los dientes sobre los que coloca las carillas provisionales. En segundo lugar, y durante la siguiente sesi\u00f3n, se fijar\u00e1n las carillas cer\u00e1micas definitivas con un adhesivo especial.\n        <\/div>\n    <\/div>\n<\/div>\t\t\t\t<\/div>\n\t\t\t\t<\/div>\n\t\t\t\t\t<\/div>\n\t\t<\/div>\n\t\t\t\t<div class=\"elementor-column elementor-col-50 elementor-top-column elementor-element elementor-element-96bf9b9\" data-id=\"96bf9b9\" data-element_type=\"column\" data-e-type=\"column\">\n\t\t\t<div class=\"elementor-widget-wrap elementor-element-populated\">\n\t\t\t\t\t\t<div class=\"elementor-element elementor-element-7e5501d elementor-widget elementor-widget-html\" data-id=\"7e5501d\" data-element_type=\"widget\" data-e-type=\"widget\" data-widget_type=\"html.default\">\n\t\t\t\t<div class=\"elementor-widget-container\">\n\t\t\t\t\t<div class=\"categ__Home 4\">\n    <div>\n        <div class=\"imageCateg\">\n            <img decoding=\"async\" class=\"alignright wp-image-1200\" src=\"https:\/\/www.medespoir.fr\/wp-content\/uploads\/2021\/11\/blanchiment-dentaire.png\" alt=\"blanqueamiento dental\">\n        <\/div>\n        <div class=\"categDesc\">\n            <h3>\nBlanqueamiento dental<\/h3>\n  El blanqueamiento dental es un remedio qu\u00edmico que garantiza unos dientes blancos. Consiste en aplicar gel de per\u00f3xido de hidr\u00f3geno en los dientes con la ayuda del haz de luz de una l\u00e1mpara especial, que el dentista vuelve a aplicar cada cuarto de hora, por un tiempo total de tratamiento de una hora.  <br> <br>Esta operaci\u00f3n no es peligrosa para el esmalte dental y ofrece un resultado sorprendente al obtener unos dientes claros y sanos.\n        <\/div>\n    <\/div>\n<\/div>\t\t\t\t<\/div>\n\t\t\t\t<\/div>\n\t\t\t\t\t<\/div>\n\t\t<\/div>\n\t\t\t\t\t<\/div>\n\t\t<\/section>\n\t\t\t\t<section class=\"elementor-section elementor-top-section elementor-element elementor-element-7103408 elementor-section-boxed elementor-section-height-default elementor-section-height-default\" data-id=\"7103408\" data-element_type=\"section\" data-e-type=\"section\">\n\t\t\t\t\t\t<div class=\"elementor-container elementor-column-gap-default\">\n\t\t\t\t\t<div class=\"elementor-column elementor-col-50 elementor-top-column elementor-element elementor-element-7462bd9\" data-id=\"7462bd9\" data-element_type=\"column\" data-e-type=\"column\">\n\t\t\t<div class=\"elementor-widget-wrap elementor-element-populated\">\n\t\t\t\t\t\t<div class=\"elementor-element elementor-element-721bbee elementor-widget elementor-widget-html\" data-id=\"721bbee\" data-element_type=\"widget\" data-e-type=\"widget\" data-widget_type=\"html.default\">\n\t\t\t\t<div class=\"elementor-widget-container\">\n\t\t\t\t\t<a href=\"https:\/\/www.medespoir.fr\/es\/presupuesto\/\" class=\"main__btn blue\"><span>Presupuesto gratuito<\/span><\/a>\t\t\t\t<\/div>\n\t\t\t\t<\/div>\n\t\t\t\t\t<\/div>\n\t\t<\/div>\n\t\t\t\t<div class=\"elementor-column elementor-col-50 elementor-top-column elementor-element elementor-element-c965459\" data-id=\"c965459\" data-element_type=\"column\" data-e-type=\"column\">\n\t\t\t<div class=\"elementor-widget-wrap\">\n\t\t\t\t\t\t\t<\/div>\n\t\t<\/div>\n\t\t\t\t\t<\/div>\n\t\t<\/section>\n\t\t\t\t<\/div>\n\t\t","protected":false},"excerpt":{"rendered":"<p>La sonrisa es el vector universal de la amabilidad y la simpat\u00eda. La sonrisa es una llave secreta que abre [&hellip;]<\/p>\n","protected":false},"author":1,"featured_media":21040,"parent":0,"menu_order":99,"comment_status":"closed","ping_status":"closed","template":"","meta":{"footnotes":""},"class_list":["post-21034","page","type-page","status-publish","has-post-thumbnail","hentry"],"yoast_head":"<!-- This site is optimized with the Yoast SEO plugin v27.5 - https:\/\/yoast.com\/product\/yoast-seo-wordpress\/ -->\n<title>Cirug\u00eda dental en T\u00fanez: cuidados dentales, implantes, blanqueamiento<\/title>\n<meta name=\"description\" content=\"\u00a1Cirug\u00eda dental T\u00fanez, \u00bfsue\u00f1as con un aspecto hermoso de los dientes, todos blancos, no pienses demasiado! Medespoir le ofrece la oportunidad adecuada\" \/>\n<meta name=\"robots\" content=\"index, follow, max-snippet:-1, max-image-preview:large, max-video-preview:-1\" \/>\n<link rel=\"canonical\" href=\"https:\/\/www.medespoir.fr\/es\/cirugia-dental\/\" \/>\n<meta name=\"twitter:label1\" content=\"Tiempo de lectura\" \/>\n\t<meta name=\"twitter:data1\" content=\"5 minutos\" \/>\n<script type=\"application\/ld+json\" class=\"yoast-schema-graph\">{\"@context\":\"https:\\\/\\\/schema.org\",\"@graph\":[{\"@type\":\"WebPage\",\"@id\":\"https:\\\/\\\/www.medespoir.fr\\\/es\\\/cirugia-dental\\\/\",\"url\":\"https:\\\/\\\/www.medespoir.fr\\\/es\\\/cirugia-dental\\\/\",\"name\":\"Cirug\u00eda dental en T\u00fanez: cuidados dentales, implantes, blanqueamiento\",\"isPartOf\":{\"@id\":\"https:\\\/\\\/www.medespoir.fr\\\/es\\\/#website\"},\"primaryImageOfPage\":{\"@id\":\"https:\\\/\\\/www.medespoir.fr\\\/es\\\/cirugia-dental\\\/#primaryimage\"},\"image\":{\"@id\":\"https:\\\/\\\/www.medespoir.fr\\\/es\\\/cirugia-dental\\\/#primaryimage\"},\"thumbnailUrl\":\"https:\\\/\\\/www.medespoir.fr\\\/wp-content\\\/uploads\\\/2021\\\/11\\\/header-dentaire.jpg\",\"datePublished\":\"2017-09-08T09:39:08+00:00\",\"dateModified\":\"2022-12-20T11:17:51+00:00\",\"description\":\"\u00a1Cirug\u00eda dental T\u00fanez, \u00bfsue\u00f1as con un aspecto hermoso de los dientes, todos blancos, no pienses demasiado! Medespoir le ofrece la oportunidad adecuada\",\"breadcrumb\":{\"@id\":\"https:\\\/\\\/www.medespoir.fr\\\/es\\\/cirugia-dental\\\/#breadcrumb\"},\"inLanguage\":\"es\",\"potentialAction\":[{\"@type\":\"ReadAction\",\"target\":[\"https:\\\/\\\/www.medespoir.fr\\\/es\\\/cirugia-dental\\\/\"]}]},{\"@type\":\"ImageObject\",\"inLanguage\":\"es\",\"@id\":\"https:\\\/\\\/www.medespoir.fr\\\/es\\\/cirugia-dental\\\/#primaryimage\",\"url\":\"https:\\\/\\\/www.medespoir.fr\\\/wp-content\\\/uploads\\\/2021\\\/11\\\/header-dentaire.jpg\",\"contentUrl\":\"https:\\\/\\\/www.medespoir.fr\\\/wp-content\\\/uploads\\\/2021\\\/11\\\/header-dentaire.jpg\",\"width\":1928,\"height\":479},{\"@type\":\"BreadcrumbList\",\"@id\":\"https:\\\/\\\/www.medespoir.fr\\\/es\\\/cirugia-dental\\\/#breadcrumb\",\"itemListElement\":[{\"@type\":\"ListItem\",\"position\":1,\"name\":\"Accueil\",\"item\":\"https:\\\/\\\/www.medespoir.fr\\\/es\\\/\"},{\"@type\":\"ListItem\",\"position\":2,\"name\":\"Cirug\u00eda dental en T\u00fanez: \u00a1lo que hay que saber!\"}]},{\"@type\":\"WebSite\",\"@id\":\"https:\\\/\\\/www.medespoir.fr\\\/es\\\/#website\",\"url\":\"https:\\\/\\\/www.medespoir.fr\\\/es\\\/\",\"name\":\"Medespoir France\",\"description\":\"Chirurgie esthetique Tunisie\",\"publisher\":{\"@id\":\"https:\\\/\\\/www.medespoir.fr\\\/es\\\/#organization\"},\"potentialAction\":[{\"@type\":\"SearchAction\",\"target\":{\"@type\":\"EntryPoint\",\"urlTemplate\":\"https:\\\/\\\/www.medespoir.fr\\\/es\\\/?s={search_term_string}\"},\"query-input\":{\"@type\":\"PropertyValueSpecification\",\"valueRequired\":true,\"valueName\":\"search_term_string\"}}],\"inLanguage\":\"es\"},{\"@type\":\"Organization\",\"@id\":\"https:\\\/\\\/www.medespoir.fr\\\/es\\\/#organization\",\"name\":\"Medespoir France\",\"url\":\"https:\\\/\\\/www.medespoir.fr\\\/es\\\/\",\"logo\":{\"@type\":\"ImageObject\",\"inLanguage\":\"es\",\"@id\":\"https:\\\/\\\/www.medespoir.fr\\\/es\\\/#\\\/schema\\\/logo\\\/image\\\/\",\"url\":\"https:\\\/\\\/www.medespoir.fr\\\/wp-content\\\/uploads\\\/2021\\\/10\\\/cropped-logo__medespoirFR.png\",\"contentUrl\":\"https:\\\/\\\/www.medespoir.fr\\\/wp-content\\\/uploads\\\/2021\\\/10\\\/cropped-logo__medespoirFR.png\",\"width\":150,\"height\":62,\"caption\":\"Medespoir France\"},\"image\":{\"@id\":\"https:\\\/\\\/www.medespoir.fr\\\/es\\\/#\\\/schema\\\/logo\\\/image\\\/\"},\"sameAs\":[\"https:\\\/\\\/www.facebook.com\\\/MedEspoirFr\",\"https:\\\/\\\/x.com\\\/MedEspoirTN\"]}]}<\/script>\n<!-- \/ Yoast SEO plugin. -->","yoast_head_json":{"title":"Cirug\u00eda dental en T\u00fanez: cuidados dentales, implantes, blanqueamiento","description":"\u00a1Cirug\u00eda dental T\u00fanez, \u00bfsue\u00f1as con un aspecto hermoso de los dientes, todos blancos, no pienses demasiado! Medespoir le ofrece la oportunidad adecuada","robots":{"index":"index","follow":"follow","max-snippet":"max-snippet:-1","max-image-preview":"max-image-preview:large","max-video-preview":"max-video-preview:-1"},"canonical":"https:\/\/www.medespoir.fr\/es\/cirugia-dental\/","twitter_misc":{"Tiempo de lectura":"5 minutos"},"schema":{"@context":"https:\/\/schema.org","@graph":[{"@type":"WebPage","@id":"https:\/\/www.medespoir.fr\/es\/cirugia-dental\/","url":"https:\/\/www.medespoir.fr\/es\/cirugia-dental\/","name":"Cirug\u00eda dental en T\u00fanez: cuidados dentales, implantes, blanqueamiento","isPartOf":{"@id":"https:\/\/www.medespoir.fr\/es\/#website"},"primaryImageOfPage":{"@id":"https:\/\/www.medespoir.fr\/es\/cirugia-dental\/#primaryimage"},"image":{"@id":"https:\/\/www.medespoir.fr\/es\/cirugia-dental\/#primaryimage"},"thumbnailUrl":"https:\/\/www.medespoir.fr\/wp-content\/uploads\/2021\/11\/header-dentaire.jpg","datePublished":"2017-09-08T09:39:08+00:00","dateModified":"2022-12-20T11:17:51+00:00","description":"\u00a1Cirug\u00eda dental T\u00fanez, \u00bfsue\u00f1as con un aspecto hermoso de los dientes, todos blancos, no pienses demasiado! Medespoir le ofrece la oportunidad adecuada","breadcrumb":{"@id":"https:\/\/www.medespoir.fr\/es\/cirugia-dental\/#breadcrumb"},"inLanguage":"es","potentialAction":[{"@type":"ReadAction","target":["https:\/\/www.medespoir.fr\/es\/cirugia-dental\/"]}]},{"@type":"ImageObject","inLanguage":"es","@id":"https:\/\/www.medespoir.fr\/es\/cirugia-dental\/#primaryimage","url":"https:\/\/www.medespoir.fr\/wp-content\/uploads\/2021\/11\/header-dentaire.jpg","contentUrl":"https:\/\/www.medespoir.fr\/wp-content\/uploads\/2021\/11\/header-dentaire.jpg","width":1928,"height":479},{"@type":"BreadcrumbList","@id":"https:\/\/www.medespoir.fr\/es\/cirugia-dental\/#breadcrumb","itemListElement":[{"@type":"ListItem","position":1,"name":"Accueil","item":"https:\/\/www.medespoir.fr\/es\/"},{"@type":"ListItem","position":2,"name":"Cirug\u00eda dental en T\u00fanez: \u00a1lo que hay que saber!"}]},{"@type":"WebSite","@id":"https:\/\/www.medespoir.fr\/es\/#website","url":"https:\/\/www.medespoir.fr\/es\/","name":"Medespoir France","description":"Chirurgie esthetique Tunisie","publisher":{"@id":"https:\/\/www.medespoir.fr\/es\/#organization"},"potentialAction":[{"@type":"SearchAction","target":{"@type":"EntryPoint","urlTemplate":"https:\/\/www.medespoir.fr\/es\/?s={search_term_string}"},"query-input":{"@type":"PropertyValueSpecification","valueRequired":true,"valueName":"search_term_string"}}],"inLanguage":"es"},{"@type":"Organization","@id":"https:\/\/www.medespoir.fr\/es\/#organization","name":"Medespoir France","url":"https:\/\/www.medespoir.fr\/es\/","logo":{"@type":"ImageObject","inLanguage":"es","@id":"https:\/\/www.medespoir.fr\/es\/#\/schema\/logo\/image\/","url":"https:\/\/www.medespoir.fr\/wp-content\/uploads\/2021\/10\/cropped-logo__medespoirFR.png","contentUrl":"https:\/\/www.medespoir.fr\/wp-content\/uploads\/2021\/10\/cropped-logo__medespoirFR.png","width":150,"height":62,"caption":"Medespoir France"},"image":{"@id":"https:\/\/www.medespoir.fr\/es\/#\/schema\/logo\/image\/"},"sameAs":["https:\/\/www.facebook.com\/MedEspoirFr","https:\/\/x.com\/MedEspoirTN"]}]}},"_links":{"self":[{"href":"https:\/\/www.medespoir.fr\/es\/wp-json\/wp\/v2\/pages\/21034","targetHints":{"allow":["GET"]}}],"collection":[{"href":"https:\/\/www.medespoir.fr\/es\/wp-json\/wp\/v2\/pages"}],"about":[{"href":"https:\/\/www.medespoir.fr\/es\/wp-json\/wp\/v2\/types\/page"}],"author":[{"embeddable":true,"href":"https:\/\/www.medespoir.fr\/es\/wp-json\/wp\/v2\/users\/1"}],"replies":[{"embeddable":true,"href":"https:\/\/www.medespoir.fr\/es\/wp-json\/wp\/v2\/comments?post=21034"}],"version-history":[{"count":0,"href":"https:\/\/www.medespoir.fr\/es\/wp-json\/wp\/v2\/pages\/21034\/revisions"}],"wp:featuredmedia":[{"embeddable":true,"href":"https:\/\/www.medespoir.fr\/es\/wp-json\/wp\/v2\/media\/21040"}],"wp:attachment":[{"href":"https:\/\/www.medespoir.fr\/es\/wp-json\/wp\/v2\/media?parent=21034"}],"curies":[{"name":"wp","href":"https:\/\/api.w.org\/{rel}","templated":true}]}}