{"id":20919,"date":"2017-02-08T14:19:21","date_gmt":"2017-02-08T13:19:21","guid":{"rendered":"https:\/\/www.medespoir.fr\/cirugia-corporal-en-tunez-procedimientos-ofrecidos-por-medespoir-france\/"},"modified":"2022-12-19T14:28:33","modified_gmt":"2022-12-19T13:28:33","slug":"cirugia-silueta","status":"publish","type":"page","link":"https:\/\/www.medespoir.fr\/es\/cirugia-silueta\/","title":{"rendered":"Cirug\u00eda corporal en T\u00fanez: Procedimientos ofrecidos por Medespoir France"},"content":{"rendered":"\t\t<div data-elementor-type=\"wp-page\" data-elementor-id=\"20919\" class=\"elementor elementor-20919\">\n\t\t\t\t\t\t<section class=\"elementor-section elementor-top-section elementor-element elementor-element-f4d7bc3 elementor-section-boxed elementor-section-height-default elementor-section-height-default\" data-id=\"f4d7bc3\" data-element_type=\"section\" data-e-type=\"section\">\n\t\t\t\t\t\t<div class=\"elementor-container elementor-column-gap-default\">\n\t\t\t\t\t<div class=\"elementor-column elementor-col-66 elementor-top-column elementor-element elementor-element-6f810b6\" data-id=\"6f810b6\" data-element_type=\"column\" data-e-type=\"column\">\n\t\t\t<div class=\"elementor-widget-wrap elementor-element-populated\">\n\t\t\t\t\t\t<div class=\"elementor-element elementor-element-dc4f088 elementor-widget elementor-widget-text-editor\" data-id=\"dc4f088\" data-element_type=\"widget\" data-e-type=\"widget\" data-widget_type=\"text-editor.default\">\n\t\t\t\t<div class=\"elementor-widget-container\">\n\t\t\t\t\t\t\t\t\t<p style=\"text-align: left;\">La cirug\u00eda est\u00e9tica engloba una serie de t\u00e9cnicas de<em>embellecimiento corporal<\/em> realizadas por cirujanos est\u00e9ticos cualificados, cuyo objetivo es puramente remodelar las distintas zonas del cuerpo.<\/p>\n<p style=\"text-align: left;\">Mediante la <strong>cirug\u00eda corporal<\/strong>, los pacientes pueden eliminar eficazmente el exceso de grasa y la flacidez de la piel que no responde a la dieta ni al ejercicio.<\/p>\n<p style=\"text-align: left;\">Nuestro equipo especialmente seleccionado incluye a <a href=\"https:\/\/www.medespoir.fr\/es\/cirujanos\/\">los cirujanos est\u00e9ticos m\u00e1s experimentados y cualificados de T\u00fanez<\/a>. Este grupo de \u00e9lite de especialistas en cirug\u00eda est\u00e9tica, pl\u00e1stica y reparadora ofrece una gama completa de procedimientos de cirug\u00eda corporal, ofreci\u00e9ndole una amplia selecci\u00f3n para devolverle la confianza en s\u00ed mismo.<\/p>\n\t\t\t\t\t\t\t\t<\/div>\n\t\t\t\t<\/div>\n\t\t\t\t\t<\/div>\n\t\t<\/div>\n\t\t\t\t<div class=\"elementor-column elementor-col-33 elementor-top-column elementor-element elementor-element-dd6798d\" data-id=\"dd6798d\" data-element_type=\"column\" data-e-type=\"column\">\n\t\t\t<div class=\"elementor-widget-wrap elementor-element-populated\">\n\t\t\t\t\t\t<div class=\"elementor-element elementor-element-bc90af7 elementor-widget elementor-widget-text-editor\" data-id=\"bc90af7\" data-element_type=\"widget\" data-e-type=\"widget\" id=\"margin__btm\" data-widget_type=\"text-editor.default\">\n\t\t\t\t<div class=\"elementor-widget-container\">\n\t\t\t\t\t\t\t\t\t<p><img decoding=\"async\" class=\"scale-with-grid\" src=\"https:\/\/www.medespoir.fr\/wp-content\/uploads\/2021\/11\/chirurgie-corps-pas-cher.jpg\" alt=\"Cirug\u00eda corporal T\u00fanez\"><\/p>\n\t\t\t\t\t\t\t\t<\/div>\n\t\t\t\t<\/div>\n\t\t\t\t\t<\/div>\n\t\t<\/div>\n\t\t\t\t\t<\/div>\n\t\t<\/section>\n\t\t\t\t<section class=\"elementor-section elementor-top-section elementor-element elementor-element-b227778 elementor-section-boxed elementor-section-height-default elementor-section-height-default\" data-id=\"b227778\" data-element_type=\"section\" data-e-type=\"section\" id=\"bg-devis-express\">\n\t\t\t\t\t\t<div class=\"elementor-container elementor-column-gap-default\">\n\t\t\t\t\t<div class=\"elementor-column elementor-col-100 elementor-top-column elementor-element elementor-element-29fec42\" data-id=\"29fec42\" data-element_type=\"column\" data-e-type=\"column\">\n\t\t\t<div class=\"elementor-widget-wrap elementor-element-populated\">\n\t\t\t\t\t\t<div class=\"elementor-element elementor-element-1dbba70 elementor-widget elementor-widget-text-editor\" data-id=\"1dbba70\" data-element_type=\"widget\" data-e-type=\"widget\" data-widget_type=\"text-editor.default\">\n\t\t\t\t<div class=\"elementor-widget-container\">\n\t\t\t\t\t\t\t\t\t<style>\r\n\tbody.home #main-form h2 {\r\n   display:none;\r\n}\r\n<\/style>\r\n<h2 style=\"text-align: center;font-weight: bold;\">Presupuesto r\u00e1pido gratuito<\/h2>\r\n<iframe src=\"https:\/\/app.metocrm.com\/web-forms\/e1cab5bd-ef56-4a37-aa71-4857d931f368\"  height=\"700px\" width=\"100%\"  frameborder=\"0\"><\/iframe>\t\t\t\t\t\t\t\t<\/div>\n\t\t\t\t<\/div>\n\t\t\t\t\t<\/div>\n\t\t<\/div>\n\t\t\t\t\t<\/div>\n\t\t<\/section>\n\t\t\t\t<section class=\"elementor-section elementor-top-section elementor-element elementor-element-a63d77a elementor-section-boxed elementor-section-height-default elementor-section-height-default\" data-id=\"a63d77a\" data-element_type=\"section\" data-e-type=\"section\" data-settings=\"{&quot;background_background&quot;:&quot;classic&quot;}\">\n\t\t\t\t\t\t<div class=\"elementor-container elementor-column-gap-default\">\n\t\t\t\t\t<div class=\"elementor-column elementor-col-100 elementor-top-column elementor-element elementor-element-6fbbc00\" data-id=\"6fbbc00\" data-element_type=\"column\" data-e-type=\"column\">\n\t\t\t<div class=\"elementor-widget-wrap elementor-element-populated\">\n\t\t\t\t\t\t<div class=\"elementor-element elementor-element-b627d6f elementor-widget elementor-widget-text-editor\" data-id=\"b627d6f\" data-element_type=\"widget\" data-e-type=\"widget\" data-widget_type=\"text-editor.default\">\n\t\t\t\t<div class=\"elementor-widget-container\">\n\t\t\t\t\t\t\t\t\t<h2 style=\"text-align: left;\">Cirug\u00eda corporal en T\u00fanez : Intervenciones realizadas por Medespoir France<\/h2>\n<p style=\"text-align: left;\">Medespoir France ofrece una variedad de procedimientos de <strong>cirug\u00eda est\u00e9tica<\/strong> corporal. Obtenga m\u00e1s informaci\u00f3n sobre las diferentes t\u00e9cnicas de contorno corporal y procedimientos de cirug\u00eda pl\u00e1stica que realizamos en nuestra cl\u00ednica.<\/p>\t\t\t\t\t\t\t\t<\/div>\n\t\t\t\t<\/div>\n\t\t\t\t<section class=\"elementor-section elementor-inner-section elementor-element elementor-element-62640dd elementor-section-boxed elementor-section-height-default elementor-section-height-default\" data-id=\"62640dd\" data-element_type=\"section\" data-e-type=\"section\">\n\t\t\t\t\t\t<div class=\"elementor-container elementor-column-gap-default\">\n\t\t\t\t\t<div class=\"elementor-column elementor-col-20 elementor-inner-column elementor-element elementor-element-5401d46\" data-id=\"5401d46\" data-element_type=\"column\" data-e-type=\"column\">\n\t\t\t<div class=\"elementor-widget-wrap elementor-element-populated\">\n\t\t\t\t\t\t<div class=\"elementor-element elementor-element-d7bf560 elementor-widget elementor-widget-html\" data-id=\"d7bf560\" data-element_type=\"widget\" data-e-type=\"widget\" data-widget_type=\"html.default\">\n\t\t\t\t<div class=\"elementor-widget-container\">\n\t\t\t\t\t<div class=\"categ__interne\">\n    <div>\n        <div class=\"imageCateginterne\">\n             <a href=\"https:\/\/www.medespoir.fr\/es\/liposuccion\/\"><img decoding=\"async\" class=\"aligncenter\" src=\"https:\/\/www.medespoir.fr\/wp-content\/uploads\/2021\/11\/liposuccion-espoir.png\" alt=\"\" width=\"193\" height=\"109\"><\/a>\n        <\/div>\n        <div class=\"categDescinterne\">\n            <h4>Liposucci\u00f3n<\/h4>\n\n        <\/div>\n    <\/div>\n<\/div>\t\t\t\t<\/div>\n\t\t\t\t<\/div>\n\t\t\t\t\t<\/div>\n\t\t<\/div>\n\t\t\t\t<div class=\"elementor-column elementor-col-20 elementor-inner-column elementor-element elementor-element-e215458\" data-id=\"e215458\" data-element_type=\"column\" data-e-type=\"column\">\n\t\t\t<div class=\"elementor-widget-wrap elementor-element-populated\">\n\t\t\t\t\t\t<div class=\"elementor-element elementor-element-e02aa6e elementor-widget elementor-widget-html\" data-id=\"e02aa6e\" data-element_type=\"widget\" data-e-type=\"widget\" data-widget_type=\"html.default\">\n\t\t\t\t<div class=\"elementor-widget-container\">\n\t\t\t\t\t<div class=\"categ__interne\">\n    <div>\n        <div class=\"imageCateginterne\">\n             <a href=\"https:\/\/www.medespoir.fr\/es\/abdominoplastia\/\"><img decoding=\"async\" class=\"aligncenter\" src=\"https:\/\/www.medespoir.fr\/wp-content\/uploads\/2021\/11\/abdominoplastie.png\" alt=\"\" width=\"193\" height=\"109\"><\/a>\n        <\/div>\n        <div class=\"categDescinterne\">\n            <h4>Abdominoplastia<\/h4>\n\n        <\/div>\n    <\/div>\n<\/div>\t\t\t\t<\/div>\n\t\t\t\t<\/div>\n\t\t\t\t\t<\/div>\n\t\t<\/div>\n\t\t\t\t<div class=\"elementor-column elementor-col-20 elementor-inner-column elementor-element elementor-element-98543cd\" data-id=\"98543cd\" data-element_type=\"column\" data-e-type=\"column\">\n\t\t\t<div class=\"elementor-widget-wrap elementor-element-populated\">\n\t\t\t\t\t\t<div class=\"elementor-element elementor-element-3db74b5 elementor-widget elementor-widget-html\" data-id=\"3db74b5\" data-element_type=\"widget\" data-e-type=\"widget\" data-widget_type=\"html.default\">\n\t\t\t\t<div class=\"elementor-widget-container\">\n\t\t\t\t\t<div class=\"categ__interne\">\n    <div>\n        <div class=\"imageCateginterne\">\n             <a href=\"https:\/\/www.medespoir.fr\/es\/crecimiento-de-gluteos\/\"><img decoding=\"async\" class=\"aligncenter\" src=\"https:\/\/www.medespoir.fr\/wp-content\/uploads\/2021\/11\/augmentation-fesses.png\" alt=\"\" width=\"193\" height=\"109\"><\/a>\n        <\/div>\n        <div class=\"categDescinterne\">\n            <h4>Aumento de gl\u00fateos<\/h4>\n\n        <\/div>\n    <\/div>\n<\/div>\t\t\t\t<\/div>\n\t\t\t\t<\/div>\n\t\t\t\t\t<\/div>\n\t\t<\/div>\n\t\t\t\t<div class=\"elementor-column elementor-col-20 elementor-inner-column elementor-element elementor-element-abb9a04\" data-id=\"abb9a04\" data-element_type=\"column\" data-e-type=\"column\">\n\t\t\t<div class=\"elementor-widget-wrap elementor-element-populated\">\n\t\t\t\t\t\t<div class=\"elementor-element elementor-element-f9cbb1a elementor-widget elementor-widget-html\" data-id=\"f9cbb1a\" data-element_type=\"widget\" data-e-type=\"widget\" data-widget_type=\"html.default\">\n\t\t\t\t<div class=\"elementor-widget-container\">\n\t\t\t\t\t<div class=\"categ__interne\">\n    <div>\n        <div class=\"imageCateginterne\">\n             <a href=\"https:\/\/www.medespoir.fr\/es\/lifting-brazos\/\"><img loading=\"lazy\" decoding=\"async\" class=\"aligncenter\" src=\"https:\/\/www.medespoir.fr\/wp-content\/uploads\/2021\/11\/lifting-bras.png\" alt=\"\" width=\"193\" height=\"109\"><\/a>\n        <\/div>\n        <div class=\"categDescinterne\">\n            <h4>Elevaci\u00f3n del brazo<\/h4>\n\n        <\/div>\n    <\/div>\n<\/div>\t\t\t\t<\/div>\n\t\t\t\t<\/div>\n\t\t\t\t\t<\/div>\n\t\t<\/div>\n\t\t\t\t<div class=\"elementor-column elementor-col-20 elementor-inner-column elementor-element elementor-element-082b387\" data-id=\"082b387\" data-element_type=\"column\" data-e-type=\"column\">\n\t\t\t<div class=\"elementor-widget-wrap elementor-element-populated\">\n\t\t\t\t\t\t<div class=\"elementor-element elementor-element-1bf9d13 elementor-widget elementor-widget-html\" data-id=\"1bf9d13\" data-element_type=\"widget\" data-e-type=\"widget\" data-widget_type=\"html.default\">\n\t\t\t\t<div class=\"elementor-widget-container\">\n\t\t\t\t\t<div class=\"categ__interne\">\n    <div>\n        <div class=\"imageCateginterne\">\n             <a href=\"https:\/\/www.medespoir.fr\/es\/musloplastia\/\"><img loading=\"lazy\" decoding=\"async\" class=\"aligncenter wp-image-1150\" src=\"https:\/\/www.medespoir.fr\/wp-content\/uploads\/2021\/11\/lifting-cuisses.png\" alt=\"\" width=\"193\" height=\"109\"><\/a>\n        <\/div>\n        <div class=\"categDescinterne\">\n            <h4>Lifting de muslos<\/h4>\n\n        <\/div>\n    <\/div>\n<\/div>\t\t\t\t<\/div>\n\t\t\t\t<\/div>\n\t\t\t\t\t<\/div>\n\t\t<\/div>\n\t\t\t\t\t<\/div>\n\t\t<\/section>\n\t\t\t\t\t<\/div>\n\t\t<\/div>\n\t\t\t\t\t<\/div>\n\t\t<\/section>\n\t\t\t\t<section class=\"elementor-section elementor-top-section elementor-element elementor-element-aced185 elementor-section-boxed elementor-section-height-default elementor-section-height-default\" data-id=\"aced185\" data-element_type=\"section\" data-e-type=\"section\">\n\t\t\t\t\t\t<div class=\"elementor-container elementor-column-gap-default\">\n\t\t\t\t\t<div class=\"elementor-column elementor-col-50 elementor-top-column elementor-element elementor-element-ea0455b\" data-id=\"ea0455b\" data-element_type=\"column\" data-e-type=\"column\">\n\t\t\t<div class=\"elementor-widget-wrap elementor-element-populated\">\n\t\t\t\t\t\t<div class=\"elementor-element elementor-element-6f98a65 elementor-widget elementor-widget-text-editor\" data-id=\"6f98a65\" data-element_type=\"widget\" data-e-type=\"widget\" data-widget_type=\"text-editor.default\">\n\t\t\t\t<div class=\"elementor-widget-container\">\n\t\t\t\t\t\t\t\t\t<div class=\"column_attr clearfix\">\n<h2 style=\"text-align: left;\">Precio de la cirug\u00eda corporal en T\u00fanez<\/h2>\n<\/div>\t\t\t\t\t\t\t\t<\/div>\n\t\t\t\t<\/div>\n\t\t\t\t<div class=\"elementor-element elementor-element-9232a39 elementor-widget elementor-widget-html\" data-id=\"9232a39\" data-element_type=\"widget\" data-e-type=\"widget\" data-widget_type=\"html.default\">\n\t\t\t\t<div class=\"elementor-widget-container\">\n\t\t\t\t\t<a href=\"https:\/\/www.medespoir.fr\/es\/presupuesto\/\" class=\"main__btn blue\"><span>Presupuesto gratuito<\/span><\/a>\t\t\t\t<\/div>\n\t\t\t\t<\/div>\n\t\t\t\t\t<\/div>\n\t\t<\/div>\n\t\t\t\t<div class=\"elementor-column elementor-col-50 elementor-top-column elementor-element elementor-element-a87b81c\" data-id=\"a87b81c\" data-element_type=\"column\" data-e-type=\"column\">\n\t\t\t<div class=\"elementor-widget-wrap elementor-element-populated\">\n\t\t\t\t\t\t<div class=\"elementor-element elementor-element-dbf2c65 elementor-widget elementor-widget-text-editor\" data-id=\"dbf2c65\" data-element_type=\"widget\" data-e-type=\"widget\" data-widget_type=\"text-editor.default\">\n\t\t\t\t<div class=\"elementor-widget-container\">\n\t\t\t\t\t\t\t\t\t<p><img decoding=\"async\" src=\"https:\/\/www.medespoir.fr\/wp-content\/uploads\/2021\/11\/chirurgie-corps-pas-cher-2.jpg\" alt=\"Precio de la cirug\u00eda corporal en T\u00fanez\"><\/p>\n\t\t\t\t\t\t\t\t<\/div>\n\t\t\t\t<\/div>\n\t\t\t\t<div class=\"elementor-element elementor-element-f7c8387 elementor-widget elementor-widget-html\" data-id=\"f7c8387\" data-element_type=\"widget\" data-e-type=\"widget\" id=\"price__interne\" data-widget_type=\"html.default\">\n\t\t\t\t<div class=\"elementor-widget-container\">\n\t\t\t\t\t<table class=\"table___price\">\n<thead>\n<tr class=\"cmsms_table_row_header\">\n<th class=\"cmsms_table_cell_alignleft\">Intervenci\u00f3n<\/th>\n<th class=\"cmsms_table_cell_aligncenter\">Premios<\/th>\n<th class=\"cmsms_table_cell_aligncenter\">Permanezca en<\/th>\n<\/tr>\n<\/thead>\n<tbody>\n<tr>\n<td class=\"cmsms_table_cell_alignleft\">Liposucci\u00f3n completa<\/td>\n<td class=\"cmsms_table_cell_aligncenter\">2050 \u20ac<\/td>\n<td class=\"cmsms_table_cell_aligncenter\">5 noches \/ 6 d\u00edas<\/td>\n<\/tr>\n<tr class=\"gris\">\n<td class=\"cmsms_table_cell_alignleft\">Liposucci\u00f3n 1 zona<\/td>\n<td class=\"cmsms_table_cell_aligncenter\">1600 \u20ac<\/td>\n<td class=\"cmsms_table_cell_aligncenter\">5 noches \/ 6 d\u00edas<\/td>\n<\/tr>\n<tr>\n<td class=\"cmsms_table_cell_alignleft\">Liposucci\u00f3n media<\/td>\n<td class=\"cmsms_table_cell_aligncenter\">1900 \u20ac<\/td>\n<td class=\"cmsms_table_cell_aligncenter\">5 noches \/ 6 d\u00edas<\/td>\n<\/tr>\n<tr class=\"gris\">\n<td class=\"cmsms_table_cell_alignleft\">Abdominoplastia<\/td>\n<td class=\"cmsms_table_cell_aligncenter\">2100 \u20ac<\/td>\n<td class=\"cmsms_table_cell_aligncenter\">5 noches \/ 6 d\u00edas<\/td>\n<\/tr>\n<tr>\n<td class=\"cmsms_table_cell_alignleft\">Liposucci\u00f3n y abdominoplastia<\/td>\n<td class=\"cmsms_table_cell_aligncenter\">2950 \u20ac<\/td>\n<td class=\"cmsms_table_cell_aligncenter\">6 noches \/ 7 d\u00edas<\/td>\n<\/tr>\n<tr class=\"gris\">\n<td class=\"cmsms_table_cell_alignleft\">Aumento de gl\u00fateos mediante pr\u00f3tesis<\/td>\n<td class=\"cmsms_table_cell_aligncenter\">2950 \u20ac<\/td>\n<td class=\"cmsms_table_cell_aligncenter\">5 noches \/ 6 d\u00edas<\/td>\n<\/tr>\n<tr class=\"gris\">\n<td class=\"cmsms_table_cell_alignleft\">Aumento de gl\u00fateos mediante inyecci\u00f3n de grasa (lipofeeling de gl\u00fateos)<\/td>\n<td class=\"cmsms_table_cell_aligncenter\">2950 \u20ac<\/td>\n<td class=\"cmsms_table_cell_aligncenter\">5 noches \/ 6 d\u00edas<\/td>\n<\/tr>\n<tr>\n<td class=\"cmsms_table_cell_alignleft\">Elevaci\u00f3n del brazo<\/td>\n<td class=\"cmsms_table_cell_aligncenter\">1600 \u20ac<\/td>\n<td class=\"cmsms_table_cell_aligncenter\">5 noches \/ 6 d\u00edas<\/td>\n<\/tr>\n<\/tbody>\n<\/table>\t\t\t\t<\/div>\n\t\t\t\t<\/div>\n\t\t\t\t\t<\/div>\n\t\t<\/div>\n\t\t\t\t\t<\/div>\n\t\t<\/section>\n\t\t\t\t<\/div>\n\t\t","protected":false},"excerpt":{"rendered":"<p>La cirug\u00eda est\u00e9tica engloba una serie de t\u00e9cnicas deembellecimiento corporal realizadas por cirujanos est\u00e9ticos cualificados, cuyo objetivo es puramente remodelar [&hellip;]<\/p>\n","protected":false},"author":1,"featured_media":20927,"parent":0,"menu_order":73,"comment_status":"closed","ping_status":"closed","template":"","meta":{"footnotes":""},"class_list":["post-20919","page","type-page","status-publish","has-post-thumbnail","hentry"],"yoast_head":"<!-- This site is optimized with the Yoast SEO plugin v27.5 - https:\/\/yoast.com\/product\/yoast-seo-wordpress\/ -->\n<title>Cirug\u00eda Corporal T\u00fanez : Precios e Intervenciones - Medespoir France<\/title>\n<meta name=\"description\" content=\"Medespoir France le propone precios ventajosos de cirug\u00eda corporal en T\u00fanez. M\u00e1s informaci\u00f3n sobre nuestras intervenciones\" \/>\n<meta name=\"robots\" content=\"index, follow, max-snippet:-1, max-image-preview:large, max-video-preview:-1\" \/>\n<link rel=\"canonical\" href=\"https:\/\/www.medespoir.fr\/es\/cirugia-silueta\/\" \/>\n<meta name=\"twitter:label1\" content=\"Tiempo de lectura\" \/>\n\t<meta name=\"twitter:data1\" content=\"3 minutos\" \/>\n<script type=\"application\/ld+json\" class=\"yoast-schema-graph\">{\"@context\":\"https:\\\/\\\/schema.org\",\"@graph\":[{\"@type\":\"WebPage\",\"@id\":\"https:\\\/\\\/www.medespoir.fr\\\/es\\\/cirugia-silueta\\\/\",\"url\":\"https:\\\/\\\/www.medespoir.fr\\\/es\\\/cirugia-silueta\\\/\",\"name\":\"Cirug\u00eda Corporal T\u00fanez : Precios e Intervenciones - Medespoir France\",\"isPartOf\":{\"@id\":\"https:\\\/\\\/www.medespoir.fr\\\/es\\\/#website\"},\"primaryImageOfPage\":{\"@id\":\"https:\\\/\\\/www.medespoir.fr\\\/es\\\/cirugia-silueta\\\/#primaryimage\"},\"image\":{\"@id\":\"https:\\\/\\\/www.medespoir.fr\\\/es\\\/cirugia-silueta\\\/#primaryimage\"},\"thumbnailUrl\":\"https:\\\/\\\/www.medespoir.fr\\\/wp-content\\\/uploads\\\/2021\\\/11\\\/header-corps.jpg\",\"datePublished\":\"2017-02-08T13:19:21+00:00\",\"dateModified\":\"2022-12-19T13:28:33+00:00\",\"description\":\"Medespoir France le propone precios ventajosos de cirug\u00eda corporal en T\u00fanez. M\u00e1s informaci\u00f3n sobre nuestras intervenciones\",\"breadcrumb\":{\"@id\":\"https:\\\/\\\/www.medespoir.fr\\\/es\\\/cirugia-silueta\\\/#breadcrumb\"},\"inLanguage\":\"es\",\"potentialAction\":[{\"@type\":\"ReadAction\",\"target\":[\"https:\\\/\\\/www.medespoir.fr\\\/es\\\/cirugia-silueta\\\/\"]}]},{\"@type\":\"ImageObject\",\"inLanguage\":\"es\",\"@id\":\"https:\\\/\\\/www.medespoir.fr\\\/es\\\/cirugia-silueta\\\/#primaryimage\",\"url\":\"https:\\\/\\\/www.medespoir.fr\\\/wp-content\\\/uploads\\\/2021\\\/11\\\/header-corps.jpg\",\"contentUrl\":\"https:\\\/\\\/www.medespoir.fr\\\/wp-content\\\/uploads\\\/2021\\\/11\\\/header-corps.jpg\",\"width\":1928,\"height\":479},{\"@type\":\"BreadcrumbList\",\"@id\":\"https:\\\/\\\/www.medespoir.fr\\\/es\\\/cirugia-silueta\\\/#breadcrumb\",\"itemListElement\":[{\"@type\":\"ListItem\",\"position\":1,\"name\":\"Accueil\",\"item\":\"https:\\\/\\\/www.medespoir.fr\\\/es\\\/\"},{\"@type\":\"ListItem\",\"position\":2,\"name\":\"Cirug\u00eda corporal en T\u00fanez: Procedimientos ofrecidos por Medespoir France\"}]},{\"@type\":\"WebSite\",\"@id\":\"https:\\\/\\\/www.medespoir.fr\\\/es\\\/#website\",\"url\":\"https:\\\/\\\/www.medespoir.fr\\\/es\\\/\",\"name\":\"Medespoir France\",\"description\":\"Chirurgie esthetique Tunisie\",\"publisher\":{\"@id\":\"https:\\\/\\\/www.medespoir.fr\\\/es\\\/#organization\"},\"potentialAction\":[{\"@type\":\"SearchAction\",\"target\":{\"@type\":\"EntryPoint\",\"urlTemplate\":\"https:\\\/\\\/www.medespoir.fr\\\/es\\\/?s={search_term_string}\"},\"query-input\":{\"@type\":\"PropertyValueSpecification\",\"valueRequired\":true,\"valueName\":\"search_term_string\"}}],\"inLanguage\":\"es\"},{\"@type\":\"Organization\",\"@id\":\"https:\\\/\\\/www.medespoir.fr\\\/es\\\/#organization\",\"name\":\"Medespoir France\",\"url\":\"https:\\\/\\\/www.medespoir.fr\\\/es\\\/\",\"logo\":{\"@type\":\"ImageObject\",\"inLanguage\":\"es\",\"@id\":\"https:\\\/\\\/www.medespoir.fr\\\/es\\\/#\\\/schema\\\/logo\\\/image\\\/\",\"url\":\"https:\\\/\\\/www.medespoir.fr\\\/wp-content\\\/uploads\\\/2021\\\/10\\\/cropped-logo__medespoirFR.png\",\"contentUrl\":\"https:\\\/\\\/www.medespoir.fr\\\/wp-content\\\/uploads\\\/2021\\\/10\\\/cropped-logo__medespoirFR.png\",\"width\":150,\"height\":62,\"caption\":\"Medespoir France\"},\"image\":{\"@id\":\"https:\\\/\\\/www.medespoir.fr\\\/es\\\/#\\\/schema\\\/logo\\\/image\\\/\"},\"sameAs\":[\"https:\\\/\\\/www.facebook.com\\\/MedEspoirFr\",\"https:\\\/\\\/x.com\\\/MedEspoirTN\"]}]}<\/script>\n<!-- \/ Yoast SEO plugin. -->","yoast_head_json":{"title":"Cirug\u00eda Corporal T\u00fanez : Precios e Intervenciones - Medespoir France","description":"Medespoir France le propone precios ventajosos de cirug\u00eda corporal en T\u00fanez. M\u00e1s informaci\u00f3n sobre nuestras intervenciones","robots":{"index":"index","follow":"follow","max-snippet":"max-snippet:-1","max-image-preview":"max-image-preview:large","max-video-preview":"max-video-preview:-1"},"canonical":"https:\/\/www.medespoir.fr\/es\/cirugia-silueta\/","twitter_misc":{"Tiempo de lectura":"3 minutos"},"schema":{"@context":"https:\/\/schema.org","@graph":[{"@type":"WebPage","@id":"https:\/\/www.medespoir.fr\/es\/cirugia-silueta\/","url":"https:\/\/www.medespoir.fr\/es\/cirugia-silueta\/","name":"Cirug\u00eda Corporal T\u00fanez : Precios e Intervenciones - Medespoir France","isPartOf":{"@id":"https:\/\/www.medespoir.fr\/es\/#website"},"primaryImageOfPage":{"@id":"https:\/\/www.medespoir.fr\/es\/cirugia-silueta\/#primaryimage"},"image":{"@id":"https:\/\/www.medespoir.fr\/es\/cirugia-silueta\/#primaryimage"},"thumbnailUrl":"https:\/\/www.medespoir.fr\/wp-content\/uploads\/2021\/11\/header-corps.jpg","datePublished":"2017-02-08T13:19:21+00:00","dateModified":"2022-12-19T13:28:33+00:00","description":"Medespoir France le propone precios ventajosos de cirug\u00eda corporal en T\u00fanez. M\u00e1s informaci\u00f3n sobre nuestras intervenciones","breadcrumb":{"@id":"https:\/\/www.medespoir.fr\/es\/cirugia-silueta\/#breadcrumb"},"inLanguage":"es","potentialAction":[{"@type":"ReadAction","target":["https:\/\/www.medespoir.fr\/es\/cirugia-silueta\/"]}]},{"@type":"ImageObject","inLanguage":"es","@id":"https:\/\/www.medespoir.fr\/es\/cirugia-silueta\/#primaryimage","url":"https:\/\/www.medespoir.fr\/wp-content\/uploads\/2021\/11\/header-corps.jpg","contentUrl":"https:\/\/www.medespoir.fr\/wp-content\/uploads\/2021\/11\/header-corps.jpg","width":1928,"height":479},{"@type":"BreadcrumbList","@id":"https:\/\/www.medespoir.fr\/es\/cirugia-silueta\/#breadcrumb","itemListElement":[{"@type":"ListItem","position":1,"name":"Accueil","item":"https:\/\/www.medespoir.fr\/es\/"},{"@type":"ListItem","position":2,"name":"Cirug\u00eda corporal en T\u00fanez: Procedimientos ofrecidos por Medespoir France"}]},{"@type":"WebSite","@id":"https:\/\/www.medespoir.fr\/es\/#website","url":"https:\/\/www.medespoir.fr\/es\/","name":"Medespoir France","description":"Chirurgie esthetique Tunisie","publisher":{"@id":"https:\/\/www.medespoir.fr\/es\/#organization"},"potentialAction":[{"@type":"SearchAction","target":{"@type":"EntryPoint","urlTemplate":"https:\/\/www.medespoir.fr\/es\/?s={search_term_string}"},"query-input":{"@type":"PropertyValueSpecification","valueRequired":true,"valueName":"search_term_string"}}],"inLanguage":"es"},{"@type":"Organization","@id":"https:\/\/www.medespoir.fr\/es\/#organization","name":"Medespoir France","url":"https:\/\/www.medespoir.fr\/es\/","logo":{"@type":"ImageObject","inLanguage":"es","@id":"https:\/\/www.medespoir.fr\/es\/#\/schema\/logo\/image\/","url":"https:\/\/www.medespoir.fr\/wp-content\/uploads\/2021\/10\/cropped-logo__medespoirFR.png","contentUrl":"https:\/\/www.medespoir.fr\/wp-content\/uploads\/2021\/10\/cropped-logo__medespoirFR.png","width":150,"height":62,"caption":"Medespoir France"},"image":{"@id":"https:\/\/www.medespoir.fr\/es\/#\/schema\/logo\/image\/"},"sameAs":["https:\/\/www.facebook.com\/MedEspoirFr","https:\/\/x.com\/MedEspoirTN"]}]}},"_links":{"self":[{"href":"https:\/\/www.medespoir.fr\/es\/wp-json\/wp\/v2\/pages\/20919","targetHints":{"allow":["GET"]}}],"collection":[{"href":"https:\/\/www.medespoir.fr\/es\/wp-json\/wp\/v2\/pages"}],"about":[{"href":"https:\/\/www.medespoir.fr\/es\/wp-json\/wp\/v2\/types\/page"}],"author":[{"embeddable":true,"href":"https:\/\/www.medespoir.fr\/es\/wp-json\/wp\/v2\/users\/1"}],"replies":[{"embeddable":true,"href":"https:\/\/www.medespoir.fr\/es\/wp-json\/wp\/v2\/comments?post=20919"}],"version-history":[{"count":0,"href":"https:\/\/www.medespoir.fr\/es\/wp-json\/wp\/v2\/pages\/20919\/revisions"}],"wp:featuredmedia":[{"embeddable":true,"href":"https:\/\/www.medespoir.fr\/es\/wp-json\/wp\/v2\/media\/20927"}],"wp:attachment":[{"href":"https:\/\/www.medespoir.fr\/es\/wp-json\/wp\/v2\/media?parent=20919"}],"curies":[{"name":"wp","href":"https:\/\/api.w.org\/{rel}","templated":true}]}}