{"id":20838,"date":"2017-02-08T08:51:50","date_gmt":"2017-02-08T07:51:50","guid":{"rendered":"https:\/\/www.medespoir.fr\/cirugia-mamaria-tunez-cirugia-mamaria\/"},"modified":"2022-12-19T12:25:57","modified_gmt":"2022-12-19T11:25:57","slug":"cirugia-mamas","status":"publish","type":"page","link":"https:\/\/www.medespoir.fr\/es\/cirugia-mamas\/","title":{"rendered":"Cirug\u00eda mamaria T\u00fanez : Cirug\u00eda mamaria"},"content":{"rendered":"\t\t<div data-elementor-type=\"wp-page\" data-elementor-id=\"20838\" class=\"elementor elementor-20838\">\n\t\t\t\t\t\t<section class=\"elementor-section elementor-top-section elementor-element elementor-element-59989df elementor-section-boxed elementor-section-height-default elementor-section-height-default\" data-id=\"59989df\" data-element_type=\"section\" data-e-type=\"section\">\n\t\t\t\t\t\t<div class=\"elementor-container elementor-column-gap-default\">\n\t\t\t\t\t<div class=\"elementor-column elementor-col-66 elementor-top-column elementor-element elementor-element-fc33710\" data-id=\"fc33710\" data-element_type=\"column\" data-e-type=\"column\">\n\t\t\t<div class=\"elementor-widget-wrap elementor-element-populated\">\n\t\t\t\t\t\t<div class=\"elementor-element elementor-element-b250322 elementor-widget elementor-widget-text-editor\" data-id=\"b250322\" data-element_type=\"widget\" data-e-type=\"widget\" data-widget_type=\"text-editor.default\">\n\t\t\t\t<div class=\"elementor-widget-container\">\n\t\t\t\t\t\t\t\t\tMuchas mujeres se sienten inc\u00f3modas con el tama\u00f1o y la forma de sus pechos, lo que puede afectar a su confianza y autoestima. La <strong>cirug\u00eda mamaria<\/strong> suele realizarse para aumentar, reducir o elevar el pecho.\n\n\t\t\t\t\t\t\t\t<\/div>\n\t\t\t\t<\/div>\n\t\t\t\t<div class=\"elementor-element elementor-element-5d61996 elementor-widget elementor-widget-text-editor\" data-id=\"5d61996\" data-element_type=\"widget\" data-e-type=\"widget\" data-widget_type=\"text-editor.default\">\n\t\t\t\t<div class=\"elementor-widget-container\">\n\t\t\t\t\t\t\t\t\tCon <a href=\"https:\/\/www.medespoir.fr\/es\/\">\n  <strong>Medespoir Francia<\/strong>\n<\/a>nuestros especialistas en <strong>cirug\u00eda mamaria en T\u00fanez<\/strong> ofrecen el m\u00e1s alto nivel de atenci\u00f3n y experiencia para garantizar que obtenga los mejores resultados que desea.\n\t\t\t\t\t\t\t\t<\/div>\n\t\t\t\t<\/div>\n\t\t\t\t<div class=\"elementor-element elementor-element-f03545c elementor-widget elementor-widget-text-editor\" data-id=\"f03545c\" data-element_type=\"widget\" data-e-type=\"widget\" data-widget_type=\"text-editor.default\">\n\t\t\t\t<div class=\"elementor-widget-container\">\n\t\t\t\t\t\t\t\t\t\nDurante su <strong>cirug\u00eda est\u00e9tica mamaria en T\u00fanez<\/strong>, ser\u00e1 asistida por uno de nuestros cirujanos especialistas para discutir m\u00e1s a fondo sus necesidades, expectativas y resultados deseados.\t\t\t\t\t\t\t\t<\/div>\n\t\t\t\t<\/div>\n\t\t\t\t\t<\/div>\n\t\t<\/div>\n\t\t\t\t<div class=\"elementor-column elementor-col-33 elementor-top-column elementor-element elementor-element-c7b8551\" data-id=\"c7b8551\" data-element_type=\"column\" data-e-type=\"column\">\n\t\t\t<div class=\"elementor-widget-wrap elementor-element-populated\">\n\t\t\t\t\t\t<div class=\"elementor-element elementor-element-6698942 elementor-widget elementor-widget-text-editor\" data-id=\"6698942\" data-element_type=\"widget\" data-e-type=\"widget\" id=\"margin__btm\" data-widget_type=\"text-editor.default\">\n\t\t\t\t<div class=\"elementor-widget-container\">\n\t\t\t\t\t\t\t\t\t<p><img decoding=\"async\" class=\"scale-with-grid\" src=\"https:\/\/www.medespoir.fr\/wp-content\/uploads\/2021\/11\/chirurgie-mammaire-pas-cher.jpg\" alt=\"cirug\u00eda-visita-no-cher\"><\/p>\n\t\t\t\t\t\t\t\t<\/div>\n\t\t\t\t<\/div>\n\t\t\t\t\t<\/div>\n\t\t<\/div>\n\t\t\t\t\t<\/div>\n\t\t<\/section>\n\t\t\t\t<section class=\"elementor-section elementor-top-section elementor-element elementor-element-1e637f9 elementor-section-boxed elementor-section-height-default elementor-section-height-default\" data-id=\"1e637f9\" data-element_type=\"section\" data-e-type=\"section\" id=\"bg-devis-express\">\n\t\t\t\t\t\t<div class=\"elementor-container elementor-column-gap-default\">\n\t\t\t\t\t<div class=\"elementor-column elementor-col-100 elementor-top-column elementor-element elementor-element-0b3c4bc\" data-id=\"0b3c4bc\" data-element_type=\"column\" data-e-type=\"column\">\n\t\t\t<div class=\"elementor-widget-wrap elementor-element-populated\">\n\t\t\t\t\t\t<div class=\"elementor-element elementor-element-aed1d37 elementor-widget elementor-widget-text-editor\" data-id=\"aed1d37\" data-element_type=\"widget\" data-e-type=\"widget\" data-widget_type=\"text-editor.default\">\n\t\t\t\t<div class=\"elementor-widget-container\">\n\t\t\t\t\t\t\t\t\t<style>\r\n\tbody.home #main-form h2 {\r\n   display:none;\r\n}\r\n<\/style>\r\n<h2 style=\"text-align: center;font-weight: bold;\">Presupuesto r\u00e1pido gratuito<\/h2>\r\n<iframe src=\"https:\/\/app.metocrm.com\/web-forms\/e1cab5bd-ef56-4a37-aa71-4857d931f368\"  height=\"700px\" width=\"100%\"  frameborder=\"0\"><\/iframe>\t\t\t\t\t\t\t\t<\/div>\n\t\t\t\t<\/div>\n\t\t\t\t\t<\/div>\n\t\t<\/div>\n\t\t\t\t\t<\/div>\n\t\t<\/section>\n\t\t\t\t<section class=\"elementor-section elementor-top-section elementor-element elementor-element-068917c elementor-section-boxed elementor-section-height-default elementor-section-height-default\" data-id=\"068917c\" data-element_type=\"section\" data-e-type=\"section\" data-settings=\"{&quot;background_background&quot;:&quot;classic&quot;}\">\n\t\t\t\t\t\t<div class=\"elementor-container elementor-column-gap-default\">\n\t\t\t\t\t<div class=\"elementor-column elementor-col-100 elementor-top-column elementor-element elementor-element-3a3ed41\" data-id=\"3a3ed41\" data-element_type=\"column\" data-e-type=\"column\">\n\t\t\t<div class=\"elementor-widget-wrap elementor-element-populated\">\n\t\t\t\t\t\t<div class=\"elementor-element elementor-element-45a28cf elementor-widget elementor-widget-text-editor\" data-id=\"45a28cf\" data-element_type=\"widget\" data-e-type=\"widget\" data-widget_type=\"text-editor.default\">\n\t\t\t\t<div class=\"elementor-widget-container\">\n\t\t\t\t\t\t\t\t\t<h2 style=\"text-align: left;\">Cirug\u00eda mamaria en T\u00fanez: intervenciones realizadas por Medespoir France<\/h2>\n\n\t\t\t\t\t\t\t\t<\/div>\n\t\t\t\t<\/div>\n\t\t\t\t\t<\/div>\n\t\t<\/div>\n\t\t\t\t\t<\/div>\n\t\t<\/section>\n\t\t\t\t<section class=\"elementor-section elementor-top-section elementor-element elementor-element-8f68582 elementor-section-boxed elementor-section-height-default elementor-section-height-default\" data-id=\"8f68582\" data-element_type=\"section\" data-e-type=\"section\" data-settings=\"{&quot;background_background&quot;:&quot;classic&quot;}\">\n\t\t\t\t\t\t<div class=\"elementor-container elementor-column-gap-default\">\n\t\t\t\t\t<div class=\"elementor-column elementor-col-25 elementor-top-column elementor-element elementor-element-efb9497\" data-id=\"efb9497\" data-element_type=\"column\" data-e-type=\"column\">\n\t\t\t<div class=\"elementor-widget-wrap elementor-element-populated\">\n\t\t\t\t\t\t<div class=\"elementor-element elementor-element-e1de290 elementor-widget elementor-widget-html\" data-id=\"e1de290\" data-element_type=\"widget\" data-e-type=\"widget\" data-widget_type=\"html.default\">\n\t\t\t\t<div class=\"elementor-widget-container\">\n\t\t\t\t\t<div class=\"categ__interne\">\n    <div>\n        <div class=\"imageCateginterne\">\n             <a href=\"https:\/\/www.medespoir.fr\/es\/aumento-de-mamas\/\"><img decoding=\"async\" class=\"aligncenter wp-image-1150\" src=\"https:\/\/www.medespoir.fr\/wp-content\/uploads\/2021\/11\/med-augmentation-seins.png\" alt=\"\" width=\"193\" height=\"109\"><\/a>\n        <\/div>\n        <div class=\"categDescinterne\">\n            <h4>Aumento mamario<\/h4>\n\n        <\/div>\n    <\/div>\n<\/div>\t\t\t\t<\/div>\n\t\t\t\t<\/div>\n\t\t\t\t\t<\/div>\n\t\t<\/div>\n\t\t\t\t<div class=\"elementor-column elementor-col-25 elementor-top-column elementor-element elementor-element-e9ad9dc\" data-id=\"e9ad9dc\" data-element_type=\"column\" data-e-type=\"column\">\n\t\t\t<div class=\"elementor-widget-wrap elementor-element-populated\">\n\t\t\t\t\t\t<div class=\"elementor-element elementor-element-28d1c24 elementor-widget elementor-widget-html\" data-id=\"28d1c24\" data-element_type=\"widget\" data-e-type=\"widget\" data-widget_type=\"html.default\">\n\t\t\t\t<div class=\"elementor-widget-container\">\n\t\t\t\t\t<div class=\"categ__interne\">\n    <div>\n        <div class=\"imageCateginterne\">\n             <a href=\"https:\/\/www.medespoir.fr\/es\/reduccion-de-mamas\/\"><img decoding=\"async\" class=\"aligncenter wp-image-1150\" src=\"https:\/\/www.medespoir.fr\/wp-content\/uploads\/2021\/11\/med-reduction-seins.png\" alt=\"\" width=\"193\" height=\"109\"><\/a>\n        <\/div>\n        <div class=\"categDescinterne\">\n            <h4>Reducci\u00f3n mamaria<\/h4>\n\n        <\/div>\n    <\/div>\n<\/div>\t\t\t\t<\/div>\n\t\t\t\t<\/div>\n\t\t\t\t\t<\/div>\n\t\t<\/div>\n\t\t\t\t<div class=\"elementor-column elementor-col-25 elementor-top-column elementor-element elementor-element-3e0481f\" data-id=\"3e0481f\" data-element_type=\"column\" data-e-type=\"column\">\n\t\t\t<div class=\"elementor-widget-wrap elementor-element-populated\">\n\t\t\t\t\t\t<div class=\"elementor-element elementor-element-13d3620 elementor-widget elementor-widget-html\" data-id=\"13d3620\" data-element_type=\"widget\" data-e-type=\"widget\" data-widget_type=\"html.default\">\n\t\t\t\t<div class=\"elementor-widget-container\">\n\t\t\t\t\t<div class=\"categ__interne\">\n    <div>\n        <div class=\"imageCateginterne\">\n             <a href=\"https:\/\/www.medespoir.fr\/es\/mastopexia\/\"><img decoding=\"async\" class=\"aligncenter wp-image-1150\" src=\"https:\/\/www.medespoir.fr\/wp-content\/uploads\/2021\/11\/med-lifting-seins.png\" alt=\"\" width=\"193\" height=\"109\"><\/a>\n        <\/div>\n        <div class=\"categDescinterne\">\n            <h4>Elevaci\u00f3n de mamas<\/h4>\n\n        <\/div>\n    <\/div>\n<\/div>\t\t\t\t<\/div>\n\t\t\t\t<\/div>\n\t\t\t\t\t<\/div>\n\t\t<\/div>\n\t\t\t\t<div class=\"elementor-column elementor-col-25 elementor-top-column elementor-element elementor-element-0ea6520\" data-id=\"0ea6520\" data-element_type=\"column\" data-e-type=\"column\">\n\t\t\t<div class=\"elementor-widget-wrap elementor-element-populated\">\n\t\t\t\t\t\t<div class=\"elementor-element elementor-element-17ab627 elementor-widget elementor-widget-html\" data-id=\"17ab627\" data-element_type=\"widget\" data-e-type=\"widget\" data-widget_type=\"html.default\">\n\t\t\t\t<div class=\"elementor-widget-container\">\n\t\t\t\t\t<div class=\"categ__interne\">\n    <div>\n        <div class=\"imageCateginterne\">\n             <a href=\"https:\/\/www.medespoir.fr\/es\/ginecomastia\/\"><img loading=\"lazy\" decoding=\"async\" class=\"aligncenter wp-image-1150\" src=\"https:\/\/www.medespoir.fr\/wp-content\/uploads\/2021\/11\/med-gynecomastie.png\" alt=\"\" width=\"193\" height=\"109\"><\/a>\n        <\/div>\n        <div class=\"categDescinterne\">\n            <h4>Ginecomastia<\/h4>\n\n        <\/div>\n    <\/div>\n<\/div>\t\t\t\t<\/div>\n\t\t\t\t<\/div>\n\t\t\t\t\t<\/div>\n\t\t<\/div>\n\t\t\t\t\t<\/div>\n\t\t<\/section>\n\t\t\t\t<section class=\"elementor-section elementor-top-section elementor-element elementor-element-7510393 elementor-section-boxed elementor-section-height-default elementor-section-height-default\" data-id=\"7510393\" data-element_type=\"section\" data-e-type=\"section\">\n\t\t\t\t\t\t<div class=\"elementor-container elementor-column-gap-default\">\n\t\t\t\t\t<div class=\"elementor-column elementor-col-50 elementor-top-column elementor-element elementor-element-d9ffd04\" data-id=\"d9ffd04\" data-element_type=\"column\" data-e-type=\"column\">\n\t\t\t<div class=\"elementor-widget-wrap elementor-element-populated\">\n\t\t\t\t\t\t<div class=\"elementor-element elementor-element-96ac0c7 elementor-widget elementor-widget-text-editor\" data-id=\"96ac0c7\" data-element_type=\"widget\" data-e-type=\"widget\" data-widget_type=\"text-editor.default\">\n\t\t\t\t<div class=\"elementor-widget-container\">\n\t\t\t\t\t\t\t\t\t<div class=\"column_attr clearfix\">\n<h2 style=\"text-align: left;\">Precio de la cirug\u00eda mamaria en T\u00fanez<\/h2>\nEl coste es un factor determinante para usted. Nos comprometemos a ofrecerle el mejor servicio hospitalario en nuestra cl\u00ednica, al mejor precio.\n<\/div>\t\t\t\t\t\t\t\t<\/div>\n\t\t\t\t<\/div>\n\t\t\t\t<div class=\"elementor-element elementor-element-955dd5b elementor-widget elementor-widget-text-editor\" data-id=\"955dd5b\" data-element_type=\"widget\" data-e-type=\"widget\" data-widget_type=\"text-editor.default\">\n\t\t\t\t<div class=\"elementor-widget-container\">\n\t\t\t\t\t\t\t\t\t<h2>Cirug\u00eda mamaria con todo incluido en T\u00fanez<\/h2>\n<p>Es importante que conozca el coste total de su operaci\u00f3n de <strong>pecho<\/strong> antes de seguir adelante. Esto incluir\u00e1 todos los cuidados pre y postoperatorios.<\/p>\n<p>Disponemos de diversas opciones de financiaci\u00f3n para ayudarle a pagar su <a href=\"https:\/\/www.medespoir.fr\/es\/estancia\/\">estancia m\u00e9dica en T\u00fanez<\/a>, as\u00ed que solicite una consulta gratuita y su asesor estar\u00e1 encantado de orientarle.<\/p>\n<p>Para obtener un presupuesto espec\u00edfico para usted, reserve una consulta gratuita en la que podr\u00e1 hablar de sus necesidades con total confianza.\t\t\t\t\t\t\t\t<\/div>\n\t\t\t\t<\/div>\n\t\t\t\t<div class=\"elementor-element elementor-element-dec9a48 elementor-widget elementor-widget-html\" data-id=\"dec9a48\" data-element_type=\"widget\" data-e-type=\"widget\" data-widget_type=\"html.default\">\n\t\t\t\t<div class=\"elementor-widget-container\">\n\t\t\t\t\t<a href=\"https:\/\/www.medespoir.fr\/es\/presupuesto\/\" class=\"main__btn blue\"><span>Presupuesto gratuito<\/span><\/a>\t\t\t\t<\/div>\n\t\t\t\t<\/div>\n\t\t\t\t\t<\/div>\n\t\t<\/div>\n\t\t\t\t<div class=\"elementor-column elementor-col-50 elementor-top-column elementor-element elementor-element-57f7f8a\" data-id=\"57f7f8a\" data-element_type=\"column\" data-e-type=\"column\">\n\t\t\t<div class=\"elementor-widget-wrap elementor-element-populated\">\n\t\t\t\t\t\t<div class=\"elementor-element elementor-element-78be32f elementor-widget elementor-widget-text-editor\" data-id=\"78be32f\" data-element_type=\"widget\" data-e-type=\"widget\" data-widget_type=\"text-editor.default\">\n\t\t\t\t<div class=\"elementor-widget-container\">\n\t\t\t\t\t\t\t\t\t<p><img decoding=\"async\" class=\"alignright\" src=\"https:\/\/www.medespoir.fr\/wp-content\/uploads\/2021\/11\/chirurgie-mammaire-pas-cher-2.jpg\" alt=\"cirug\u00eda-visita-no-cher\"><\/p>\n\t\t\t\t\t\t\t\t<\/div>\n\t\t\t\t<\/div>\n\t\t\t\t<div class=\"elementor-element elementor-element-aaebc8b elementor-widget elementor-widget-html\" data-id=\"aaebc8b\" data-element_type=\"widget\" data-e-type=\"widget\" id=\"price__interne\" data-widget_type=\"html.default\">\n\t\t\t\t<div class=\"elementor-widget-container\">\n\t\t\t\t\t<table class=\"table___price\">\n<thead>\n<tr class=\"cmsms_table_row_header\">\n<th class=\"cmsms_table_cell_alignleft\">Intervenci\u00f3n<\/th>\n<th class=\"cmsms_table_cell_aligncenter\">Premios<\/th>\n<th class=\"cmsms_table_cell_aligncenter\">Permanezca en<\/th>\n<\/tr>\n<\/thead>\n<tbody>\n<tr class=\"gris\">\n<td class=\"cmsms_table_cell_alignleft\">Reducci\u00f3n mamaria<\/td>\n<td class=\"cmsms_table_cell_aligncenter\">2100 \u20ac<\/td>\n<td class=\"cmsms_table_cell_aligncenter\"><\/td>\n<\/tr>\n<tr>\n<td class=\"cmsms_table_cell_alignleft\">Aumento de mamas con pr\u00f3tesis redondas (certificadas no PIP)<\/td>\n<td class=\"cmsms_table_cell_aligncenter\">2400 \u20ac<\/td>\n<td class=\"cmsms_table_cell_aligncenter\">5 noches \/ 6 d\u00edas<\/td>\n<\/tr>\n<tr class=\"gris\">\n<td class=\"cmsms_table_cell_alignleft\">Aumento mamario con implantes anat\u00f3micos (certificados no PIP)<\/td>\n<td class=\"cmsms_table_cell_aligncenter\">2600 \u20ac<\/td>\n<td class=\"cmsms_table_cell_aligncenter\">5 noches \/ 6 d\u00edas<\/td>\n<\/tr>\n<tr>\n<td class=\"cmsms_table_cell_alignleft\">Elevaci\u00f3n de mamas con pr\u00f3tesis (certificada no PIP)<\/td>\n<td class=\"cmsms_table_cell_aligncenter\">3050 \u20ac<\/td>\n<td class=\"cmsms_table_cell_aligncenter\">5 noches \/ 6 d\u00edas<\/td>\n<\/tr>\n<tr class=\"gris\">\n<td class=\"cmsms_table_cell_alignleft\">Elevaci\u00f3n de mamas sin pr\u00f3tesis<\/td>\n<td class=\"cmsms_table_cell_aligncenter\">2100 \u20ac<\/td>\n<td class=\"cmsms_table_cell_aligncenter\">5 noches \/ 6 d\u00edas<\/td>\n<\/tr>\n<tr>\n<td class=\"cmsms_table_cell_alignleft\">Ginecomastia<\/td>\n<td class=\"cmsms_table_cell_aligncenter\">2100 \u20ac<\/td>\n<td class=\"cmsms_table_cell_aligncenter\">5 noches \/ 6 d\u00edas<\/td>\n<\/tr>\n<\/tbody>\n<tfoot>\n<tr class=\"cmsms_table_row_footer \">\n<td class=\"cmsms_table_cell_alignleft\">Implantes tor\u00e1cicos<\/td>\n<td class=\"cmsms_table_cell_aligncenter\">2950 \u20ac<\/td>\n<td class=\"cmsms_table_cell_aligncenter\">5 noches \/ 6 d\u00edas<\/td>\n<\/tr>\n<\/tfoot>\n<\/table>\t\t\t\t<\/div>\n\t\t\t\t<\/div>\n\t\t\t\t\t<\/div>\n\t\t<\/div>\n\t\t\t\t\t<\/div>\n\t\t<\/section>\n\t\t\t\t<\/div>\n\t\t","protected":false},"excerpt":{"rendered":"<p>Muchas mujeres se sienten inc\u00f3modas con el tama\u00f1o y la forma de sus pechos, lo que puede afectar a su [&hellip;]<\/p>\n","protected":false},"author":1,"featured_media":20844,"parent":0,"menu_order":71,"comment_status":"closed","ping_status":"closed","template":"","meta":{"footnotes":""},"class_list":["post-20838","page","type-page","status-publish","has-post-thumbnail","hentry"],"yoast_head":"<!-- This site is optimized with the Yoast SEO plugin v27.5 - https:\/\/yoast.com\/product\/yoast-seo-wordpress\/ -->\n<title>Cirug\u00eda mamaria T\u00fanez : Cirug\u00eda est\u00e9tica de los senos T\u00fanez<\/title>\n<meta name=\"description\" content=\"Medespoir France le ofrece cirug\u00eda mamaria en T\u00fanez a precios bajos. M\u00e1s informaci\u00f3n sobre nuestras intervenciones\" \/>\n<meta name=\"robots\" content=\"index, follow, max-snippet:-1, max-image-preview:large, max-video-preview:-1\" \/>\n<link rel=\"canonical\" href=\"https:\/\/www.medespoir.fr\/es\/cirugia-mamas\/\" \/>\n<meta name=\"twitter:label1\" content=\"Tiempo de lectura\" \/>\n\t<meta name=\"twitter:data1\" content=\"3 minutos\" \/>\n<script type=\"application\/ld+json\" class=\"yoast-schema-graph\">{\"@context\":\"https:\\\/\\\/schema.org\",\"@graph\":[{\"@type\":\"WebPage\",\"@id\":\"https:\\\/\\\/www.medespoir.fr\\\/es\\\/cirugia-mamas\\\/\",\"url\":\"https:\\\/\\\/www.medespoir.fr\\\/es\\\/cirugia-mamas\\\/\",\"name\":\"Cirug\u00eda mamaria T\u00fanez : Cirug\u00eda est\u00e9tica de los senos T\u00fanez\",\"isPartOf\":{\"@id\":\"https:\\\/\\\/www.medespoir.fr\\\/es\\\/#website\"},\"primaryImageOfPage\":{\"@id\":\"https:\\\/\\\/www.medespoir.fr\\\/es\\\/cirugia-mamas\\\/#primaryimage\"},\"image\":{\"@id\":\"https:\\\/\\\/www.medespoir.fr\\\/es\\\/cirugia-mamas\\\/#primaryimage\"},\"thumbnailUrl\":\"https:\\\/\\\/www.medespoir.fr\\\/wp-content\\\/uploads\\\/2021\\\/11\\\/header-mammaire.jpg\",\"datePublished\":\"2017-02-08T07:51:50+00:00\",\"dateModified\":\"2022-12-19T11:25:57+00:00\",\"description\":\"Medespoir France le ofrece cirug\u00eda mamaria en T\u00fanez a precios bajos. M\u00e1s informaci\u00f3n sobre nuestras intervenciones\",\"breadcrumb\":{\"@id\":\"https:\\\/\\\/www.medespoir.fr\\\/es\\\/cirugia-mamas\\\/#breadcrumb\"},\"inLanguage\":\"es\",\"potentialAction\":[{\"@type\":\"ReadAction\",\"target\":[\"https:\\\/\\\/www.medespoir.fr\\\/es\\\/cirugia-mamas\\\/\"]}]},{\"@type\":\"ImageObject\",\"inLanguage\":\"es\",\"@id\":\"https:\\\/\\\/www.medespoir.fr\\\/es\\\/cirugia-mamas\\\/#primaryimage\",\"url\":\"https:\\\/\\\/www.medespoir.fr\\\/wp-content\\\/uploads\\\/2021\\\/11\\\/header-mammaire.jpg\",\"contentUrl\":\"https:\\\/\\\/www.medespoir.fr\\\/wp-content\\\/uploads\\\/2021\\\/11\\\/header-mammaire.jpg\",\"width\":1928,\"height\":479},{\"@type\":\"BreadcrumbList\",\"@id\":\"https:\\\/\\\/www.medespoir.fr\\\/es\\\/cirugia-mamas\\\/#breadcrumb\",\"itemListElement\":[{\"@type\":\"ListItem\",\"position\":1,\"name\":\"Accueil\",\"item\":\"https:\\\/\\\/www.medespoir.fr\\\/es\\\/\"},{\"@type\":\"ListItem\",\"position\":2,\"name\":\"Cirug\u00eda mamaria T\u00fanez : Cirug\u00eda mamaria\"}]},{\"@type\":\"WebSite\",\"@id\":\"https:\\\/\\\/www.medespoir.fr\\\/es\\\/#website\",\"url\":\"https:\\\/\\\/www.medespoir.fr\\\/es\\\/\",\"name\":\"Medespoir France\",\"description\":\"Chirurgie esthetique Tunisie\",\"publisher\":{\"@id\":\"https:\\\/\\\/www.medespoir.fr\\\/es\\\/#organization\"},\"potentialAction\":[{\"@type\":\"SearchAction\",\"target\":{\"@type\":\"EntryPoint\",\"urlTemplate\":\"https:\\\/\\\/www.medespoir.fr\\\/es\\\/?s={search_term_string}\"},\"query-input\":{\"@type\":\"PropertyValueSpecification\",\"valueRequired\":true,\"valueName\":\"search_term_string\"}}],\"inLanguage\":\"es\"},{\"@type\":\"Organization\",\"@id\":\"https:\\\/\\\/www.medespoir.fr\\\/es\\\/#organization\",\"name\":\"Medespoir France\",\"url\":\"https:\\\/\\\/www.medespoir.fr\\\/es\\\/\",\"logo\":{\"@type\":\"ImageObject\",\"inLanguage\":\"es\",\"@id\":\"https:\\\/\\\/www.medespoir.fr\\\/es\\\/#\\\/schema\\\/logo\\\/image\\\/\",\"url\":\"https:\\\/\\\/www.medespoir.fr\\\/wp-content\\\/uploads\\\/2021\\\/10\\\/cropped-logo__medespoirFR.png\",\"contentUrl\":\"https:\\\/\\\/www.medespoir.fr\\\/wp-content\\\/uploads\\\/2021\\\/10\\\/cropped-logo__medespoirFR.png\",\"width\":150,\"height\":62,\"caption\":\"Medespoir France\"},\"image\":{\"@id\":\"https:\\\/\\\/www.medespoir.fr\\\/es\\\/#\\\/schema\\\/logo\\\/image\\\/\"},\"sameAs\":[\"https:\\\/\\\/www.facebook.com\\\/MedEspoirFr\",\"https:\\\/\\\/x.com\\\/MedEspoirTN\"]}]}<\/script>\n<!-- \/ Yoast SEO plugin. -->","yoast_head_json":{"title":"Cirug\u00eda mamaria T\u00fanez : Cirug\u00eda est\u00e9tica de los senos T\u00fanez","description":"Medespoir France le ofrece cirug\u00eda mamaria en T\u00fanez a precios bajos. M\u00e1s informaci\u00f3n sobre nuestras intervenciones","robots":{"index":"index","follow":"follow","max-snippet":"max-snippet:-1","max-image-preview":"max-image-preview:large","max-video-preview":"max-video-preview:-1"},"canonical":"https:\/\/www.medespoir.fr\/es\/cirugia-mamas\/","twitter_misc":{"Tiempo de lectura":"3 minutos"},"schema":{"@context":"https:\/\/schema.org","@graph":[{"@type":"WebPage","@id":"https:\/\/www.medespoir.fr\/es\/cirugia-mamas\/","url":"https:\/\/www.medespoir.fr\/es\/cirugia-mamas\/","name":"Cirug\u00eda mamaria T\u00fanez : Cirug\u00eda est\u00e9tica de los senos T\u00fanez","isPartOf":{"@id":"https:\/\/www.medespoir.fr\/es\/#website"},"primaryImageOfPage":{"@id":"https:\/\/www.medespoir.fr\/es\/cirugia-mamas\/#primaryimage"},"image":{"@id":"https:\/\/www.medespoir.fr\/es\/cirugia-mamas\/#primaryimage"},"thumbnailUrl":"https:\/\/www.medespoir.fr\/wp-content\/uploads\/2021\/11\/header-mammaire.jpg","datePublished":"2017-02-08T07:51:50+00:00","dateModified":"2022-12-19T11:25:57+00:00","description":"Medespoir France le ofrece cirug\u00eda mamaria en T\u00fanez a precios bajos. M\u00e1s informaci\u00f3n sobre nuestras intervenciones","breadcrumb":{"@id":"https:\/\/www.medespoir.fr\/es\/cirugia-mamas\/#breadcrumb"},"inLanguage":"es","potentialAction":[{"@type":"ReadAction","target":["https:\/\/www.medespoir.fr\/es\/cirugia-mamas\/"]}]},{"@type":"ImageObject","inLanguage":"es","@id":"https:\/\/www.medespoir.fr\/es\/cirugia-mamas\/#primaryimage","url":"https:\/\/www.medespoir.fr\/wp-content\/uploads\/2021\/11\/header-mammaire.jpg","contentUrl":"https:\/\/www.medespoir.fr\/wp-content\/uploads\/2021\/11\/header-mammaire.jpg","width":1928,"height":479},{"@type":"BreadcrumbList","@id":"https:\/\/www.medespoir.fr\/es\/cirugia-mamas\/#breadcrumb","itemListElement":[{"@type":"ListItem","position":1,"name":"Accueil","item":"https:\/\/www.medespoir.fr\/es\/"},{"@type":"ListItem","position":2,"name":"Cirug\u00eda mamaria T\u00fanez : Cirug\u00eda mamaria"}]},{"@type":"WebSite","@id":"https:\/\/www.medespoir.fr\/es\/#website","url":"https:\/\/www.medespoir.fr\/es\/","name":"Medespoir France","description":"Chirurgie esthetique Tunisie","publisher":{"@id":"https:\/\/www.medespoir.fr\/es\/#organization"},"potentialAction":[{"@type":"SearchAction","target":{"@type":"EntryPoint","urlTemplate":"https:\/\/www.medespoir.fr\/es\/?s={search_term_string}"},"query-input":{"@type":"PropertyValueSpecification","valueRequired":true,"valueName":"search_term_string"}}],"inLanguage":"es"},{"@type":"Organization","@id":"https:\/\/www.medespoir.fr\/es\/#organization","name":"Medespoir France","url":"https:\/\/www.medespoir.fr\/es\/","logo":{"@type":"ImageObject","inLanguage":"es","@id":"https:\/\/www.medespoir.fr\/es\/#\/schema\/logo\/image\/","url":"https:\/\/www.medespoir.fr\/wp-content\/uploads\/2021\/10\/cropped-logo__medespoirFR.png","contentUrl":"https:\/\/www.medespoir.fr\/wp-content\/uploads\/2021\/10\/cropped-logo__medespoirFR.png","width":150,"height":62,"caption":"Medespoir France"},"image":{"@id":"https:\/\/www.medespoir.fr\/es\/#\/schema\/logo\/image\/"},"sameAs":["https:\/\/www.facebook.com\/MedEspoirFr","https:\/\/x.com\/MedEspoirTN"]}]}},"_links":{"self":[{"href":"https:\/\/www.medespoir.fr\/es\/wp-json\/wp\/v2\/pages\/20838","targetHints":{"allow":["GET"]}}],"collection":[{"href":"https:\/\/www.medespoir.fr\/es\/wp-json\/wp\/v2\/pages"}],"about":[{"href":"https:\/\/www.medespoir.fr\/es\/wp-json\/wp\/v2\/types\/page"}],"author":[{"embeddable":true,"href":"https:\/\/www.medespoir.fr\/es\/wp-json\/wp\/v2\/users\/1"}],"replies":[{"embeddable":true,"href":"https:\/\/www.medespoir.fr\/es\/wp-json\/wp\/v2\/comments?post=20838"}],"version-history":[{"count":0,"href":"https:\/\/www.medespoir.fr\/es\/wp-json\/wp\/v2\/pages\/20838\/revisions"}],"wp:featuredmedia":[{"embeddable":true,"href":"https:\/\/www.medespoir.fr\/es\/wp-json\/wp\/v2\/media\/20844"}],"wp:attachment":[{"href":"https:\/\/www.medespoir.fr\/es\/wp-json\/wp\/v2\/media?parent=20838"}],"curies":[{"name":"wp","href":"https:\/\/api.w.org\/{rel}","templated":true}]}}