{"id":20770,"date":"2017-02-08T11:00:31","date_gmt":"2017-02-08T10:00:31","guid":{"rendered":"https:\/\/www.medespoir.fr\/precio-de-la-cirugia-facial-cirugia-facial-tunez\/"},"modified":"2022-12-19T11:11:21","modified_gmt":"2022-12-19T10:11:21","slug":"cirugia-facial","status":"publish","type":"page","link":"https:\/\/www.medespoir.fr\/es\/cirugia-facial\/","title":{"rendered":"Precio de la cirug\u00eda facial : Cirug\u00eda facial T\u00fanez"},"content":{"rendered":"\t\t<div data-elementor-type=\"wp-page\" data-elementor-id=\"20770\" class=\"elementor elementor-20770\">\n\t\t\t\t\t\t<section class=\"elementor-section elementor-top-section elementor-element elementor-element-0364798 elementor-section-boxed elementor-section-height-default elementor-section-height-default\" data-id=\"0364798\" data-element_type=\"section\" data-e-type=\"section\">\n\t\t\t\t\t\t<div class=\"elementor-container elementor-column-gap-default\">\n\t\t\t\t\t<div class=\"elementor-column elementor-col-66 elementor-top-column elementor-element elementor-element-4f2588f\" data-id=\"4f2588f\" data-element_type=\"column\" data-e-type=\"column\">\n\t\t\t<div class=\"elementor-widget-wrap elementor-element-populated\">\n\t\t\t\t\t\t<div class=\"elementor-element elementor-element-de42e13 elementor-widget elementor-widget-text-editor\" data-id=\"de42e13\" data-element_type=\"widget\" data-e-type=\"widget\" data-widget_type=\"text-editor.default\">\n\t\t\t\t<div class=\"elementor-widget-container\">\n\t\t\t\t\t\t\t\t\t<p style=\"text-align: left;\">Llevamos ofreciendo <strong>cirug\u00eda est\u00e9tica facial<\/strong> desde que nos fundamos, y con a\u00f1os de experiencia, entendemos que hay muchas razones diferentes por las que la gente acude a nosotros para que les ayudemos a mejorar sus rasgos faciales.<\/p>\n\t\t\t\t\t\t\t\t<\/div>\n\t\t\t\t<\/div>\n\t\t\t\t<div class=\"elementor-element elementor-element-de2925c elementor-widget elementor-widget-text-editor\" data-id=\"de2925c\" data-element_type=\"widget\" data-e-type=\"widget\" data-widget_type=\"text-editor.default\">\n\t\t\t\t<div class=\"elementor-widget-container\">\n\t\t\t\t\t\t\t\t\t<p style=\"text-align: left;\">Nuestras enfermeras y cirujanos cualificados y experimentados le ayudar\u00e1n a decidir cu\u00e1l de nuestras operaciones le dar\u00e1 los resultados que desea y le har\u00e1 sentirse segura y feliz con su aspecto. Ofrecemos una amplia variedad de procedimientos de <strong>cirug\u00eda<\/strong> facial y le aconsejamos que reserve una consulta gratuita para obtener m\u00e1s informaci\u00f3n y ver c\u00f3mo podemos ayudarle.<\/p>\n\t\t\t\t\t\t\t\t<\/div>\n\t\t\t\t<\/div>\n\t\t\t\t\t<\/div>\n\t\t<\/div>\n\t\t\t\t<div class=\"elementor-column elementor-col-33 elementor-top-column elementor-element elementor-element-0e83628\" data-id=\"0e83628\" data-element_type=\"column\" data-e-type=\"column\">\n\t\t\t<div class=\"elementor-widget-wrap elementor-element-populated\">\n\t\t\t\t\t\t<div class=\"elementor-element elementor-element-e5b9bd1 elementor-widget elementor-widget-text-editor\" data-id=\"e5b9bd1\" data-element_type=\"widget\" data-e-type=\"widget\" id=\"margin__btm\" data-widget_type=\"text-editor.default\">\n\t\t\t\t<div class=\"elementor-widget-container\">\n\t\t\t\t\t\t\t\t\t<p><img decoding=\"async\" class=\"scale-with-grid\" src=\"https:\/\/www.medespoir.fr\/wp-content\/uploads\/2021\/11\/chirurgie-visage-pas-cher.jpg\" alt=\"cirug\u00eda-visita-no-cher\"><\/p>\n\t\t\t\t\t\t\t\t<\/div>\n\t\t\t\t<\/div>\n\t\t\t\t\t<\/div>\n\t\t<\/div>\n\t\t\t\t\t<\/div>\n\t\t<\/section>\n\t\t\t\t<section class=\"elementor-section elementor-top-section elementor-element elementor-element-4d8ee80 elementor-section-boxed elementor-section-height-default elementor-section-height-default\" data-id=\"4d8ee80\" data-element_type=\"section\" data-e-type=\"section\" id=\"bg-devis-express\">\n\t\t\t\t\t\t<div class=\"elementor-container elementor-column-gap-default\">\n\t\t\t\t\t<div class=\"elementor-column elementor-col-100 elementor-top-column elementor-element elementor-element-7ded572\" data-id=\"7ded572\" data-element_type=\"column\" data-e-type=\"column\">\n\t\t\t<div class=\"elementor-widget-wrap elementor-element-populated\">\n\t\t\t\t\t\t<div class=\"elementor-element elementor-element-d8136dd elementor-widget elementor-widget-text-editor\" data-id=\"d8136dd\" data-element_type=\"widget\" data-e-type=\"widget\" data-widget_type=\"text-editor.default\">\n\t\t\t\t<div class=\"elementor-widget-container\">\n\t\t\t\t\t\t\t\t\t<style>\r\n\tbody.home #main-form h2 {\r\n   display:none;\r\n}\r\n<\/style>\r\n<h2 style=\"text-align: center;font-weight: bold;\">Presupuesto r\u00e1pido gratuito<\/h2>\r\n<iframe src=\"https:\/\/app.metocrm.com\/web-forms\/e1cab5bd-ef56-4a37-aa71-4857d931f368\"  height=\"700px\" width=\"100%\"  frameborder=\"0\"><\/iframe>\t\t\t\t\t\t\t\t<\/div>\n\t\t\t\t<\/div>\n\t\t\t\t\t<\/div>\n\t\t<\/div>\n\t\t\t\t\t<\/div>\n\t\t<\/section>\n\t\t\t\t<section class=\"elementor-section elementor-top-section elementor-element elementor-element-63b253c elementor-section-boxed elementor-section-height-default elementor-section-height-default\" data-id=\"63b253c\" data-element_type=\"section\" data-e-type=\"section\" data-settings=\"{&quot;background_background&quot;:&quot;classic&quot;}\">\n\t\t\t\t\t\t<div class=\"elementor-container elementor-column-gap-default\">\n\t\t\t\t\t<div class=\"elementor-column elementor-col-100 elementor-top-column elementor-element elementor-element-85ab624\" data-id=\"85ab624\" data-element_type=\"column\" data-e-type=\"column\">\n\t\t\t<div class=\"elementor-widget-wrap elementor-element-populated\">\n\t\t\t\t\t\t<div class=\"elementor-element elementor-element-58d7f69 elementor-widget elementor-widget-text-editor\" data-id=\"58d7f69\" data-element_type=\"widget\" data-e-type=\"widget\" data-widget_type=\"text-editor.default\">\n\t\t\t\t<div class=\"elementor-widget-container\">\n\t\t\t\t\t\t\t\t\t<h2 style=\"text-align: center;\">Cirug\u00eda facial en T\u00fanez: intervenciones realizadas por Medespoir France<\/h2>\n<p style=\"text-align: center;\">La cirug\u00eda facial suele tratar los efectos del envejecimiento en la cara y el cuello. <a href=\"https:\/\/www.medespoir.fr\/es\/\">\n  <strong>Medespoir Francia<\/strong>\n<\/a> ofrece una variedad de procedimientos de <strong>cirug\u00eda est\u00e9tica<\/strong> facial<\/p>\t\t\t\t\t\t\t\t<\/div>\n\t\t\t\t<\/div>\n\t\t\t\t\t<\/div>\n\t\t<\/div>\n\t\t\t\t\t<\/div>\n\t\t<\/section>\n\t\t\t\t<section class=\"elementor-section elementor-top-section elementor-element elementor-element-bf1d559 elementor-section-boxed elementor-section-height-default elementor-section-height-default\" data-id=\"bf1d559\" data-element_type=\"section\" data-e-type=\"section\" data-settings=\"{&quot;background_background&quot;:&quot;classic&quot;}\">\n\t\t\t\t\t\t<div class=\"elementor-container elementor-column-gap-default\">\n\t\t\t\t\t<div class=\"elementor-column elementor-col-25 elementor-top-column elementor-element elementor-element-2db2898\" data-id=\"2db2898\" data-element_type=\"column\" data-e-type=\"column\">\n\t\t\t<div class=\"elementor-widget-wrap elementor-element-populated\">\n\t\t\t\t\t\t<div class=\"elementor-element elementor-element-ed8e3ff elementor-widget elementor-widget-html\" data-id=\"ed8e3ff\" data-element_type=\"widget\" data-e-type=\"widget\" data-widget_type=\"html.default\">\n\t\t\t\t<div class=\"elementor-widget-container\">\n\t\t\t\t\t<div class=\"categ__interne\">\n    <div>\n        <div class=\"imageCateginterne\">\n             <a href=\"https:\/\/www.medespoir.fr\/es\/lifting-facial\/\"><img decoding=\"async\" class=\"aligncenter wp-image-1150\" src=\"https:\/\/www.medespoir.fr\/wp-content\/uploads\/2021\/11\/liftingvisage-tunisie.png\" alt=\"\" width=\"193\" height=\"109\"><\/a>\n        <\/div>\n        <div class=\"categDescinterne\">\n            <h4>Lifting facial<\/h4>\n\n        <\/div>\n    <\/div>\n<\/div>\t\t\t\t<\/div>\n\t\t\t\t<\/div>\n\t\t\t\t\t<\/div>\n\t\t<\/div>\n\t\t\t\t<div class=\"elementor-column elementor-col-25 elementor-top-column elementor-element elementor-element-3d42535\" data-id=\"3d42535\" data-element_type=\"column\" data-e-type=\"column\">\n\t\t\t<div class=\"elementor-widget-wrap elementor-element-populated\">\n\t\t\t\t\t\t<div class=\"elementor-element elementor-element-382b441 elementor-widget elementor-widget-html\" data-id=\"382b441\" data-element_type=\"widget\" data-e-type=\"widget\" data-widget_type=\"html.default\">\n\t\t\t\t<div class=\"elementor-widget-container\">\n\t\t\t\t\t<div class=\"categ__interne\">\n    <div>\n        <div class=\"imageCateginterne\">\n             <a href=\"https:\/\/www.medespoir.fr\/es\/blefaroplastia\/\"><img decoding=\"async\" class=\"aligncenter wp-image-1150\" src=\"https:\/\/www.medespoir.fr\/wp-content\/uploads\/2021\/11\/blepharoplastie-tunisie.png\" alt=\"\" width=\"193\" height=\"109\"><\/a>\n        <\/div>\n        <div class=\"categDescinterne\">\n            <h4>Blefaroplastia<\/h4>\n\n        <\/div>\n    <\/div>\n<\/div>\t\t\t\t<\/div>\n\t\t\t\t<\/div>\n\t\t\t\t\t<\/div>\n\t\t<\/div>\n\t\t\t\t<div class=\"elementor-column elementor-col-25 elementor-top-column elementor-element elementor-element-7bf33ad\" data-id=\"7bf33ad\" data-element_type=\"column\" data-e-type=\"column\">\n\t\t\t<div class=\"elementor-widget-wrap elementor-element-populated\">\n\t\t\t\t\t\t<div class=\"elementor-element elementor-element-f68f0f9 elementor-widget elementor-widget-html\" data-id=\"f68f0f9\" data-element_type=\"widget\" data-e-type=\"widget\" data-widget_type=\"html.default\">\n\t\t\t\t<div class=\"elementor-widget-container\">\n\t\t\t\t\t<div class=\"categ__interne\">\n    <div>\n        <div class=\"imageCateginterne\">\n             <a href=\"https:\/\/www.medespoir.fr\/es\/rinoplastia\/\"><img decoding=\"async\" class=\"aligncenter wp-image-1150\" src=\"https:\/\/www.medespoir.fr\/wp-content\/uploads\/2021\/11\/rhinoplastie-tunisie.png\" alt=\"\" width=\"193\" height=\"109\"><\/a>\n        <\/div>\n        <div class=\"categDescinterne\">\n            <h4>Rinoplastia<\/h4>\n\n        <\/div>\n    <\/div>\n<\/div>\t\t\t\t<\/div>\n\t\t\t\t<\/div>\n\t\t\t\t\t<\/div>\n\t\t<\/div>\n\t\t\t\t<div class=\"elementor-column elementor-col-25 elementor-top-column elementor-element elementor-element-4cac701\" data-id=\"4cac701\" data-element_type=\"column\" data-e-type=\"column\">\n\t\t\t<div class=\"elementor-widget-wrap elementor-element-populated\">\n\t\t\t\t\t\t<div class=\"elementor-element elementor-element-e5181af elementor-widget elementor-widget-html\" data-id=\"e5181af\" data-element_type=\"widget\" data-e-type=\"widget\" data-widget_type=\"html.default\">\n\t\t\t\t<div class=\"elementor-widget-container\">\n\t\t\t\t\t<div class=\"categ__interne\">\n    <div>\n        <div class=\"imageCateginterne\">\n             <a href=\"https:\/\/www.medespoir.fr\/es\/genioplastia\/\"><img loading=\"lazy\" decoding=\"async\" class=\"aligncenter wp-image-1150\" src=\"https:\/\/www.medespoir.fr\/wp-content\/uploads\/2021\/11\/genioplastie-tunisie.png\" alt=\"\" width=\"193\" height=\"109\"><\/a>\n        <\/div>\n        <div class=\"categDescinterne\">\n            <h4>Genioplastia<\/h4>\n\n        <\/div>\n    <\/div>\n<\/div>\t\t\t\t<\/div>\n\t\t\t\t<\/div>\n\t\t\t\t\t<\/div>\n\t\t<\/div>\n\t\t\t\t\t<\/div>\n\t\t<\/section>\n\t\t\t\t<section class=\"elementor-section elementor-top-section elementor-element elementor-element-2dab22d elementor-section-boxed elementor-section-height-default elementor-section-height-default\" data-id=\"2dab22d\" data-element_type=\"section\" data-e-type=\"section\">\n\t\t\t\t\t\t<div class=\"elementor-container elementor-column-gap-default\">\n\t\t\t\t\t<div class=\"elementor-column elementor-col-50 elementor-top-column elementor-element elementor-element-1f712d2\" data-id=\"1f712d2\" data-element_type=\"column\" data-e-type=\"column\">\n\t\t\t<div class=\"elementor-widget-wrap elementor-element-populated\">\n\t\t\t\t\t\t<div class=\"elementor-element elementor-element-326b980 elementor-widget elementor-widget-text-editor\" data-id=\"326b980\" data-element_type=\"widget\" data-e-type=\"widget\" data-widget_type=\"text-editor.default\">\n\t\t\t\t<div class=\"elementor-widget-container\">\n\t\t\t\t\t\t\t\t\t<div class=\"column_attr clearfix\">\n<h2>Precio de la cirug\u00eda facial<\/h2>\n\u00bfDecide someterse a una operaci\u00f3n de cirug\u00eda est\u00e9tica en nuestra prestigiosa cl\u00ednica? <strong>Medespoir Francia<\/strong> ofrece una <strong>cirug\u00eda facial<\/strong> con todo incluido y sin costes ocultos. Nuestros precios incluyen los honorarios del cirujano, la recuperaci\u00f3n en la cl\u00ednica, la estancia en el hotel, los desplazamientos y traslados, y las consultas pre y postoperatorias.\n\n<\/div>\t\t\t\t\t\t\t\t<\/div>\n\t\t\t\t<\/div>\n\t\t\t\t<div class=\"elementor-element elementor-element-96dc705 elementor-widget elementor-widget-text-editor\" data-id=\"96dc705\" data-element_type=\"widget\" data-e-type=\"widget\" data-widget_type=\"text-editor.default\">\n\t\t\t\t<div class=\"elementor-widget-container\">\n\t\t\t\t\t\t\t\t\t\n<h2>Cirug\u00eda facial con todo incluido<\/h2>\n<p style=\"text-align: left;\">Con una amplia oferta de cl\u00ednicas en <strong>T\u00fanez<\/strong> que ofrecen tratamientos especializados a precios asequibles, cada vez son m\u00e1s las personas que optan por someterse a <strong>una cirug\u00eda facial con todo incluido en T\u00fanez<\/strong>. Los pacientes tambi\u00e9n tienen la ventaja de poder prolongar su visita de forma relajante y recuperadora.<\/p>\n<span style=\"border-radius: 2px; text-indent: 20px; width: auto; padding: 0px 4px 0px 0px; text-align: center; font: bold 11px\/20px 'Helvetica Neue',Helvetica,sans-serif; color: #ffffff; background: #bd081c no-repeat scroll 3px 50% \/ 14px 14px; position: absolute; opacity: 1; z-index: 8675309; display: none; cursor: pointer;\">Guardar<\/span>\n\t\t\t\t\t\t\t\t<\/div>\n\t\t\t\t<\/div>\n\t\t\t\t<div class=\"elementor-element elementor-element-5ea19cb elementor-widget elementor-widget-html\" data-id=\"5ea19cb\" data-element_type=\"widget\" data-e-type=\"widget\" data-widget_type=\"html.default\">\n\t\t\t\t<div class=\"elementor-widget-container\">\n\t\t\t\t\t<a href=\"https:\/\/www.medespoir.fr\/es\/presupuesto\/\" class=\"main__btn blue\"><span>Presupuesto gratuito<\/span><\/a>\t\t\t\t<\/div>\n\t\t\t\t<\/div>\n\t\t\t\t\t<\/div>\n\t\t<\/div>\n\t\t\t\t<div class=\"elementor-column elementor-col-50 elementor-top-column elementor-element elementor-element-2cbd9f7\" data-id=\"2cbd9f7\" data-element_type=\"column\" data-e-type=\"column\">\n\t\t\t<div class=\"elementor-widget-wrap elementor-element-populated\">\n\t\t\t\t\t\t<div class=\"elementor-element elementor-element-02e1060 elementor-widget elementor-widget-text-editor\" data-id=\"02e1060\" data-element_type=\"widget\" data-e-type=\"widget\" id=\"margin__btm\" data-widget_type=\"text-editor.default\">\n\t\t\t\t<div class=\"elementor-widget-container\">\n\t\t\t\t\t\t\t\t\t<p><img decoding=\"async\" class=\"alignright\" src=\"https:\/\/www.medespoir.fr\/wp-content\/uploads\/2021\/11\/chirurgie-visage-prix.jpg\" alt=\"cirug\u00eda-visita-no-cher\"><\/p>\n\t\t\t\t\t\t\t\t<\/div>\n\t\t\t\t<\/div>\n\t\t\t\t<div class=\"elementor-element elementor-element-7156726 elementor-widget elementor-widget-html\" data-id=\"7156726\" data-element_type=\"widget\" data-e-type=\"widget\" id=\"price__homepage\" data-widget_type=\"html.default\">\n\t\t\t\t<div class=\"elementor-widget-container\">\n\t\t\t\t\t<table class=\"table___price\">\n<thead>\n<tr class=\"cmsms_table_row_header\">\n<th class=\"cmsms_table_cell_alignleft\">Intervenci\u00f3n<\/th>\n<th class=\"cmsms_table_cell_aligncenter\">Premios<\/th>\n<th class=\"cmsms_table_cell_aligncenter\">Permanezca en<\/th>\n<\/tr>\n<\/thead>\n<tbody>\n<tr>\n<td class=\"cmsms_table_cell_alignleft\">Rinoplastia simple<\/td>\n<td class=\"cmsms_table_cell_aligncenter\">1950 \u20ac<\/td>\n<td class=\"cmsms_table_cell_aligncenter\">5 noches \/ 6 d\u00edas<\/td>\n<\/tr>\n<tr class=\"gris\">\n<td class=\"cmsms_table_cell_alignleft\">Rinoplastia y septoplastia<\/td>\n<td class=\"cmsms_table_cell_aligncenter\">2350 \u20ac<\/td>\n<td class=\"cmsms_table_cell_aligncenter\">5 noches \/ 6 d\u00edas<\/td>\n<\/tr>\n<tr>\n<td class=\"cmsms_table_cell_alignleft\">Rinoplastia \u00e9tnica<\/td>\n<td class=\"cmsms_table_cell_aligncenter\">2350 \u20ac<\/td>\n<td class=\"cmsms_table_cell_aligncenter\">5 noches \/ 6 d\u00edas<\/td>\n<\/tr>\n<tr class=\"gris\">\n<td class=\"cmsms_table_cell_alignleft\">Blefaroplastia 2 p\u00e1rpados<\/td>\n<td class=\"cmsms_table_cell_aligncenter\">1450 \u20ac<\/td>\n<td class=\"cmsms_table_cell_aligncenter\">4 noches \/ 5 d\u00edas<\/td>\n<\/tr>\n<tr>\n<td class=\"cmsms_table_cell_alignleft\">Blefaroplastia 4 p\u00e1rpados<\/td>\n<td class=\"cmsms_table_cell_aligncenter\">1560 \u20ac<\/td>\n<td class=\"cmsms_table_cell_aligncenter\">4 noches \/ 5 d\u00edas<\/td>\n<\/tr>\n<tr class=\"gris\">\n<td class=\"cmsms_table_cell_alignleft\">Genioplastia de reducci\u00f3n<\/td>\n<td class=\"cmsms_table_cell_aligncenter\">1600 \u20ac<\/td>\n<td class=\"cmsms_table_cell_aligncenter\">4 noches \/ 5 d\u00edas<\/td>\n<\/tr>\n<tr>\n<td class=\"cmsms_table_cell_alignleft\">Genioplastia de avance<\/td>\n<td class=\"cmsms_table_cell_aligncenter\">2100 \u20ac<\/td>\n<td class=\"cmsms_table_cell_aligncenter\">5 noches \/ 6 d\u00edas<\/td>\n<\/tr>\n<\/tbody>\n<tfoot>\n<tr class=\"cmsms_table_row_footer gris\">\n<td class=\"cmsms_table_cell_alignleft\">Otoplastia<\/td>\n<td class=\"cmsms_table_cell_aligncenter\">1800 \u20ac<\/td>\n<td class=\"cmsms_table_cell_aligncenter\">5 noches \/ 6 d\u00edas<\/td>\n<\/tr>\n<\/tfoot>\n<\/table>\t\t\t\t<\/div>\n\t\t\t\t<\/div>\n\t\t\t\t\t<\/div>\n\t\t<\/div>\n\t\t\t\t\t<\/div>\n\t\t<\/section>\n\t\t\t\t<\/div>\n\t\t","protected":false},"excerpt":{"rendered":"<p>Llevamos ofreciendo cirug\u00eda est\u00e9tica facial desde que nos fundamos, y con a\u00f1os de experiencia, entendemos que hay muchas razones diferentes [&hellip;]<\/p>\n","protected":false},"author":1,"featured_media":20781,"parent":0,"menu_order":72,"comment_status":"closed","ping_status":"closed","template":"","meta":{"footnotes":""},"class_list":["post-20770","page","type-page","status-publish","has-post-thumbnail","hentry"],"yoast_head":"<!-- This site is optimized with the Yoast SEO plugin v27.4 - https:\/\/yoast.com\/product\/yoast-seo-wordpress\/ -->\n<title>Precio de la cirug\u00eda facial : Cirug\u00eda facial T\u00fanez - Medespoir<\/title>\n<meta name=\"description\" content=\"Precio cirug\u00eda facial, Disfrute de una cirug\u00eda facial barata con todo incluido en T\u00fanez con Medespoir Francia. M\u00e1s informaci\u00f3n sobre nuestras intervenciones\" \/>\n<meta name=\"robots\" content=\"index, follow, max-snippet:-1, max-image-preview:large, max-video-preview:-1\" \/>\n<link rel=\"canonical\" href=\"https:\/\/www.medespoir.fr\/es\/cirugia-facial\/\" \/>\n<meta name=\"twitter:label1\" content=\"Tiempo de lectura\" \/>\n\t<meta name=\"twitter:data1\" content=\"3 minutos\" \/>\n<script type=\"application\/ld+json\" class=\"yoast-schema-graph\">{\"@context\":\"https:\\\/\\\/schema.org\",\"@graph\":[{\"@type\":\"WebPage\",\"@id\":\"https:\\\/\\\/www.medespoir.fr\\\/es\\\/cirugia-facial\\\/\",\"url\":\"https:\\\/\\\/www.medespoir.fr\\\/es\\\/cirugia-facial\\\/\",\"name\":\"Precio de la cirug\u00eda facial : Cirug\u00eda facial T\u00fanez - Medespoir\",\"isPartOf\":{\"@id\":\"https:\\\/\\\/www.medespoir.fr\\\/es\\\/#website\"},\"primaryImageOfPage\":{\"@id\":\"https:\\\/\\\/www.medespoir.fr\\\/es\\\/cirugia-facial\\\/#primaryimage\"},\"image\":{\"@id\":\"https:\\\/\\\/www.medespoir.fr\\\/es\\\/cirugia-facial\\\/#primaryimage\"},\"thumbnailUrl\":\"https:\\\/\\\/www.medespoir.fr\\\/wp-content\\\/uploads\\\/2021\\\/11\\\/header-visage.jpg\",\"datePublished\":\"2017-02-08T10:00:31+00:00\",\"dateModified\":\"2022-12-19T10:11:21+00:00\",\"description\":\"Precio cirug\u00eda facial, Disfrute de una cirug\u00eda facial barata con todo incluido en T\u00fanez con Medespoir Francia. M\u00e1s informaci\u00f3n sobre nuestras intervenciones\",\"breadcrumb\":{\"@id\":\"https:\\\/\\\/www.medespoir.fr\\\/es\\\/cirugia-facial\\\/#breadcrumb\"},\"inLanguage\":\"es\",\"potentialAction\":[{\"@type\":\"ReadAction\",\"target\":[\"https:\\\/\\\/www.medespoir.fr\\\/es\\\/cirugia-facial\\\/\"]}]},{\"@type\":\"ImageObject\",\"inLanguage\":\"es\",\"@id\":\"https:\\\/\\\/www.medespoir.fr\\\/es\\\/cirugia-facial\\\/#primaryimage\",\"url\":\"https:\\\/\\\/www.medespoir.fr\\\/wp-content\\\/uploads\\\/2021\\\/11\\\/header-visage.jpg\",\"contentUrl\":\"https:\\\/\\\/www.medespoir.fr\\\/wp-content\\\/uploads\\\/2021\\\/11\\\/header-visage.jpg\",\"width\":1928,\"height\":479},{\"@type\":\"BreadcrumbList\",\"@id\":\"https:\\\/\\\/www.medespoir.fr\\\/es\\\/cirugia-facial\\\/#breadcrumb\",\"itemListElement\":[{\"@type\":\"ListItem\",\"position\":1,\"name\":\"Accueil\",\"item\":\"https:\\\/\\\/www.medespoir.fr\\\/es\\\/\"},{\"@type\":\"ListItem\",\"position\":2,\"name\":\"Precio de la cirug\u00eda facial : Cirug\u00eda facial T\u00fanez\"}]},{\"@type\":\"WebSite\",\"@id\":\"https:\\\/\\\/www.medespoir.fr\\\/es\\\/#website\",\"url\":\"https:\\\/\\\/www.medespoir.fr\\\/es\\\/\",\"name\":\"Medespoir France\",\"description\":\"Chirurgie esthetique Tunisie\",\"publisher\":{\"@id\":\"https:\\\/\\\/www.medespoir.fr\\\/es\\\/#organization\"},\"potentialAction\":[{\"@type\":\"SearchAction\",\"target\":{\"@type\":\"EntryPoint\",\"urlTemplate\":\"https:\\\/\\\/www.medespoir.fr\\\/es\\\/?s={search_term_string}\"},\"query-input\":{\"@type\":\"PropertyValueSpecification\",\"valueRequired\":true,\"valueName\":\"search_term_string\"}}],\"inLanguage\":\"es\"},{\"@type\":\"Organization\",\"@id\":\"https:\\\/\\\/www.medespoir.fr\\\/es\\\/#organization\",\"name\":\"Medespoir France\",\"url\":\"https:\\\/\\\/www.medespoir.fr\\\/es\\\/\",\"logo\":{\"@type\":\"ImageObject\",\"inLanguage\":\"es\",\"@id\":\"https:\\\/\\\/www.medespoir.fr\\\/es\\\/#\\\/schema\\\/logo\\\/image\\\/\",\"url\":\"https:\\\/\\\/www.medespoir.fr\\\/wp-content\\\/uploads\\\/2021\\\/10\\\/cropped-logo__medespoirFR.png\",\"contentUrl\":\"https:\\\/\\\/www.medespoir.fr\\\/wp-content\\\/uploads\\\/2021\\\/10\\\/cropped-logo__medespoirFR.png\",\"width\":150,\"height\":62,\"caption\":\"Medespoir France\"},\"image\":{\"@id\":\"https:\\\/\\\/www.medespoir.fr\\\/es\\\/#\\\/schema\\\/logo\\\/image\\\/\"},\"sameAs\":[\"https:\\\/\\\/www.facebook.com\\\/MedEspoirFr\",\"https:\\\/\\\/x.com\\\/MedEspoirTN\"]}]}<\/script>\n<!-- \/ Yoast SEO plugin. -->","yoast_head_json":{"title":"Precio de la cirug\u00eda facial : Cirug\u00eda facial T\u00fanez - Medespoir","description":"Precio cirug\u00eda facial, Disfrute de una cirug\u00eda facial barata con todo incluido en T\u00fanez con Medespoir Francia. M\u00e1s informaci\u00f3n sobre nuestras intervenciones","robots":{"index":"index","follow":"follow","max-snippet":"max-snippet:-1","max-image-preview":"max-image-preview:large","max-video-preview":"max-video-preview:-1"},"canonical":"https:\/\/www.medespoir.fr\/es\/cirugia-facial\/","twitter_misc":{"Tiempo de lectura":"3 minutos"},"schema":{"@context":"https:\/\/schema.org","@graph":[{"@type":"WebPage","@id":"https:\/\/www.medespoir.fr\/es\/cirugia-facial\/","url":"https:\/\/www.medespoir.fr\/es\/cirugia-facial\/","name":"Precio de la cirug\u00eda facial : Cirug\u00eda facial T\u00fanez - Medespoir","isPartOf":{"@id":"https:\/\/www.medespoir.fr\/es\/#website"},"primaryImageOfPage":{"@id":"https:\/\/www.medespoir.fr\/es\/cirugia-facial\/#primaryimage"},"image":{"@id":"https:\/\/www.medespoir.fr\/es\/cirugia-facial\/#primaryimage"},"thumbnailUrl":"https:\/\/www.medespoir.fr\/wp-content\/uploads\/2021\/11\/header-visage.jpg","datePublished":"2017-02-08T10:00:31+00:00","dateModified":"2022-12-19T10:11:21+00:00","description":"Precio cirug\u00eda facial, Disfrute de una cirug\u00eda facial barata con todo incluido en T\u00fanez con Medespoir Francia. M\u00e1s informaci\u00f3n sobre nuestras intervenciones","breadcrumb":{"@id":"https:\/\/www.medespoir.fr\/es\/cirugia-facial\/#breadcrumb"},"inLanguage":"es","potentialAction":[{"@type":"ReadAction","target":["https:\/\/www.medespoir.fr\/es\/cirugia-facial\/"]}]},{"@type":"ImageObject","inLanguage":"es","@id":"https:\/\/www.medespoir.fr\/es\/cirugia-facial\/#primaryimage","url":"https:\/\/www.medespoir.fr\/wp-content\/uploads\/2021\/11\/header-visage.jpg","contentUrl":"https:\/\/www.medespoir.fr\/wp-content\/uploads\/2021\/11\/header-visage.jpg","width":1928,"height":479},{"@type":"BreadcrumbList","@id":"https:\/\/www.medespoir.fr\/es\/cirugia-facial\/#breadcrumb","itemListElement":[{"@type":"ListItem","position":1,"name":"Accueil","item":"https:\/\/www.medespoir.fr\/es\/"},{"@type":"ListItem","position":2,"name":"Precio de la cirug\u00eda facial : Cirug\u00eda facial T\u00fanez"}]},{"@type":"WebSite","@id":"https:\/\/www.medespoir.fr\/es\/#website","url":"https:\/\/www.medespoir.fr\/es\/","name":"Medespoir France","description":"Chirurgie esthetique Tunisie","publisher":{"@id":"https:\/\/www.medespoir.fr\/es\/#organization"},"potentialAction":[{"@type":"SearchAction","target":{"@type":"EntryPoint","urlTemplate":"https:\/\/www.medespoir.fr\/es\/?s={search_term_string}"},"query-input":{"@type":"PropertyValueSpecification","valueRequired":true,"valueName":"search_term_string"}}],"inLanguage":"es"},{"@type":"Organization","@id":"https:\/\/www.medespoir.fr\/es\/#organization","name":"Medespoir France","url":"https:\/\/www.medespoir.fr\/es\/","logo":{"@type":"ImageObject","inLanguage":"es","@id":"https:\/\/www.medespoir.fr\/es\/#\/schema\/logo\/image\/","url":"https:\/\/www.medespoir.fr\/wp-content\/uploads\/2021\/10\/cropped-logo__medespoirFR.png","contentUrl":"https:\/\/www.medespoir.fr\/wp-content\/uploads\/2021\/10\/cropped-logo__medespoirFR.png","width":150,"height":62,"caption":"Medespoir France"},"image":{"@id":"https:\/\/www.medespoir.fr\/es\/#\/schema\/logo\/image\/"},"sameAs":["https:\/\/www.facebook.com\/MedEspoirFr","https:\/\/x.com\/MedEspoirTN"]}]}},"_links":{"self":[{"href":"https:\/\/www.medespoir.fr\/es\/wp-json\/wp\/v2\/pages\/20770","targetHints":{"allow":["GET"]}}],"collection":[{"href":"https:\/\/www.medespoir.fr\/es\/wp-json\/wp\/v2\/pages"}],"about":[{"href":"https:\/\/www.medespoir.fr\/es\/wp-json\/wp\/v2\/types\/page"}],"author":[{"embeddable":true,"href":"https:\/\/www.medespoir.fr\/es\/wp-json\/wp\/v2\/users\/1"}],"replies":[{"embeddable":true,"href":"https:\/\/www.medespoir.fr\/es\/wp-json\/wp\/v2\/comments?post=20770"}],"version-history":[{"count":0,"href":"https:\/\/www.medespoir.fr\/es\/wp-json\/wp\/v2\/pages\/20770\/revisions"}],"wp:featuredmedia":[{"embeddable":true,"href":"https:\/\/www.medespoir.fr\/es\/wp-json\/wp\/v2\/media\/20781"}],"wp:attachment":[{"href":"https:\/\/www.medespoir.fr\/es\/wp-json\/wp\/v2\/media?parent=20770"}],"curies":[{"name":"wp","href":"https:\/\/api.w.org\/{rel}","templated":true}]}}