{"id":20733,"date":"2017-03-30T15:50:38","date_gmt":"2017-03-30T13:50:38","guid":{"rendered":"https:\/\/www.medespoir.fr\/operaciones-de-cirugia-estetica-baratas-medespoir-france\/"},"modified":"2022-12-19T16:07:31","modified_gmt":"2022-12-19T15:07:31","slug":"operaciones","status":"publish","type":"page","link":"https:\/\/www.medespoir.fr\/es\/operaciones\/","title":{"rendered":"Nuestras intervenciones de cirug\u00eda est\u00e9tica"},"content":{"rendered":"\t\t<div data-elementor-type=\"wp-page\" data-elementor-id=\"20733\" class=\"elementor elementor-20733\">\n\t\t\t\t\t\t<section class=\"elementor-section elementor-top-section elementor-element elementor-element-75102e3a elementor-section-boxed elementor-section-height-default elementor-section-height-default\" data-id=\"75102e3a\" data-element_type=\"section\" data-e-type=\"section\">\n\t\t\t\t\t\t<div class=\"elementor-container elementor-column-gap-default\">\n\t\t\t\t\t<div class=\"elementor-column elementor-col-100 elementor-top-column elementor-element elementor-element-7c50e166\" data-id=\"7c50e166\" data-element_type=\"column\" data-e-type=\"column\">\n\t\t\t<div class=\"elementor-widget-wrap elementor-element-populated\">\n\t\t\t\t\t\t<div class=\"elementor-element elementor-element-662e858f elementor-widget elementor-widget-text-editor\" data-id=\"662e858f\" data-element_type=\"widget\" data-e-type=\"widget\" data-widget_type=\"text-editor.default\">\n\t\t\t\t<div class=\"elementor-widget-container\">\n\t\t\t\t\t\t\t\t\t<p>El envejecimiento, la insatisfacci\u00f3n con la forma y el tama\u00f1o de los senos, la conformaci\u00f3n de la silueta&#8230; Hay imperfecciones sin fin, peque\u00f1as o grandes que explican la decisi\u00f3n de someterse a a una intervenci\u00f3n de cirug\u00eda est\u00e9tica.<\/p>\n           \t\t\t\t\t\t\t\t<\/div>\n\t\t\t\t<\/div>\n\t\t\t\t<div class=\"elementor-element elementor-element-7dd5839 elementor-widget elementor-widget-text-editor\" data-id=\"7dd5839\" data-element_type=\"widget\" data-e-type=\"widget\" data-widget_type=\"text-editor.default\">\n\t\t\t\t<div class=\"elementor-widget-container\">\n\t\t\t\t\t\t\t\t\t <p> Por lo tanto Medespoir quer\u00eda darle acceso a todas las formas posibles de cirug\u00eda, para corregir los fastidios que afectan a la propia imagen y a la confianza en s\u00ed mismo.<\/p>\n           \t\t\t\t\t\t\t\t<\/div>\n\t\t\t\t<\/div>\n\t\t\t\t<div class=\"elementor-element elementor-element-4f94a59 elementor-widget elementor-widget-text-editor\" data-id=\"4f94a59\" data-element_type=\"widget\" data-e-type=\"widget\" data-widget_type=\"text-editor.default\">\n\t\t\t\t<div class=\"elementor-widget-container\">\n\t\t\t\t\t\t\t\t\t <p>Durante su estancia en T\u00fanez, puede someterse a una cirug\u00eda facial, cirug\u00eda de mamas o de la silueta. El lifting, la cirug\u00eda de aumento de senos o la liposucci\u00f3n, son algunos ejemplos de cirug\u00eda pl\u00e1stica y reconstructiva disponibles al mejor precio, gracias a nuestros acuerdos especiales con cl\u00ednicas de est\u00e9tica de alto nivel.<\/p>\n           \t\t\t\t\t\t\t\t<\/div>\n\t\t\t\t<\/div>\n\t\t\t\t<div class=\"elementor-element elementor-element-ba14095 elementor-widget elementor-widget-text-editor\" data-id=\"ba14095\" data-element_type=\"widget\" data-e-type=\"widget\" data-widget_type=\"text-editor.default\">\n\t\t\t\t<div class=\"elementor-widget-container\">\n\t\t\t\t\t\t\t\t\t <p>Todas nuestras intervenciones para luchar contra las arrugas, para agrandar el pecho o eliminar imperfecciones, son realizadas por cirujanos pl\u00e1sticos calificados, experimentados e inscritos en el Colegio de M\u00e9dicos de T\u00fanez.<\/p>\t\t\t\t\t\t\t\t<\/div>\n\t\t\t\t<\/div>\n\t\t\t\t\t<\/div>\n\t\t<\/div>\n\t\t\t\t\t<\/div>\n\t\t<\/section>\n\t\t\t\t<section class=\"elementor-section elementor-top-section elementor-element elementor-element-7e1dc13 elementor-section-boxed elementor-section-height-default elementor-section-height-default\" data-id=\"7e1dc13\" data-element_type=\"section\" data-e-type=\"section\" id=\"sousinter___pageinter\">\n\t\t\t\t\t\t<div class=\"elementor-container elementor-column-gap-default\">\n\t\t\t\t\t<div class=\"elementor-column elementor-col-50 elementor-top-column elementor-element elementor-element-9f0ba4c\" data-id=\"9f0ba4c\" data-element_type=\"column\" data-e-type=\"column\">\n\t\t\t<div class=\"elementor-widget-wrap elementor-element-populated\">\n\t\t\t\t\t\t<div class=\"elementor-element elementor-element-d2c85e6 elementor-widget elementor-widget-html\" data-id=\"d2c85e6\" data-element_type=\"widget\" data-e-type=\"widget\" data-widget_type=\"html.default\">\n\t\t\t\t<div class=\"elementor-widget-container\">\n\t\t\t\t\t<div class=\"categ__Home\">\n    <div>\n        <div class=\"imageCateg\">\n             <a href=\"https:\/\/www.medespoir.fr\/es\/cirugia-facial\/\"><img decoding=\"async\" class=\"alignleft\" src=\"https:\/\/www.medespoir.fr\/wp-content\/uploads\/2021\/11\/chirurgie-visage-pas-cher-1.png\" alt=\"\" width=\"193\" height=\"109\"><\/a>\n        <\/div>\n        <div class=\"categDesc\">\n            <h3>Cirug\u00eda facial<\/h3>\n            <ul class=\"inter-list\">\n                <li style=\"text-align: left;\"><a href=\"https:\/\/www.medespoir.fr\/es\/lifting-facial\/\">Lifting facial<\/a><\/li>\n                <li style=\"text-align: left;\"><a href=\"https:\/\/www.medespoir.fr\/es\/rinoplastia\/\">Rinoplastia<\/a><\/li>\n                <li style=\"text-align: left;\"><a href=\"https:\/\/www.medespoir.fr\/es\/blefaroplastia\/\">Blefaroplastia<\/a><\/li>\n                <li style=\"text-align: left;\"><a href=\"https:\/\/www.medespoir.fr\/es\/genioplastia\/\">Genioplastia<\/a><\/li>\n            <\/ul>\n            <a href=\"https:\/\/www.medespoir.fr\/es\/cirugia-facial\/\" class=\"main__btn blue\"><span>Ver M\u00e1s<\/span><\/a>\n        <\/div>\n    <\/div>\n<\/div>\t\t\t\t<\/div>\n\t\t\t\t<\/div>\n\t\t\t\t\t<\/div>\n\t\t<\/div>\n\t\t\t\t<div class=\"elementor-column elementor-col-50 elementor-top-column elementor-element elementor-element-fcd94b6\" data-id=\"fcd94b6\" data-element_type=\"column\" data-e-type=\"column\">\n\t\t\t<div class=\"elementor-widget-wrap elementor-element-populated\">\n\t\t\t\t\t\t<div class=\"elementor-element elementor-element-4c52060 elementor-widget elementor-widget-html\" data-id=\"4c52060\" data-element_type=\"widget\" data-e-type=\"widget\" data-widget_type=\"html.default\">\n\t\t\t\t<div class=\"elementor-widget-container\">\n\t\t\t\t\t<div class=\"categ__Home\">\n    <div>\n        <div class=\"imageCateg\">\n            <a href=\"https:\/\/www.medespoir.fr\/es\/cirugia-mamas\/\"><img decoding=\"async\" class=\"alignleft\" src=\"https:\/\/www.medespoir.fr\/wp-content\/uploads\/2021\/11\/chirurgie-mammaire-pas-cher-1.png\" alt=\"\" width=\"194\" height=\"109\"><\/a>\n        <\/div>\n        <div class=\"categDesc\">\n           <h3>Cirug\u00eda de los Senos<\/h3>\n            <ul class=\"inter-list\">\n                <li style=\"text-align: left;\"><a href=\"https:\/\/www.medespoir.fr\/es\/aumento-de-mamas\/\">Aumento de senos<\/a><\/li>\n                <li style=\"text-align: left;\"><a href=\"https:\/\/www.medespoir.fr\/es\/mastopexia\/\">Mastopexia<\/a><\/li>\n                <li style=\"text-align: left;\"><a href=\"https:\/\/www.medespoir.fr\/es\/reduccion-de-mamas\/\">Reducci\u00f3n de senos<\/a><\/li>\n                <li style=\"text-align: left;\"><a href=\"https:\/\/www.medespoir.fr\/es\/lipofilling-senos\/\">Lipofilling de senos<\/a><\/li>\n                 <li style=\"text-align: left;\"><a href=\"https:\/\/www.medespoir.fr\/es\/ginecomastia\/\">Ginecomastia<\/a><\/li>\n            <\/ul>\n            <a href=\"https:\/\/www.medespoir.fr\/es\/cirugia-mamas\/\" class=\"main__btn blue\"><span>Ver M\u00e1s<\/span><\/a>\n        <\/div>\n    <\/div>\n<\/div>\t\t\t\t<\/div>\n\t\t\t\t<\/div>\n\t\t\t\t\t<\/div>\n\t\t<\/div>\n\t\t\t\t\t<\/div>\n\t\t<\/section>\n\t\t\t\t<section class=\"elementor-section elementor-top-section elementor-element elementor-element-0f5564f elementor-section-boxed elementor-section-height-default elementor-section-height-default\" data-id=\"0f5564f\" data-element_type=\"section\" data-e-type=\"section\" id=\"bg-devis-express\">\n\t\t\t\t\t\t<div class=\"elementor-container elementor-column-gap-default\">\n\t\t\t\t\t<div class=\"elementor-column elementor-col-100 elementor-top-column elementor-element elementor-element-1bb6de8\" data-id=\"1bb6de8\" data-element_type=\"column\" data-e-type=\"column\">\n\t\t\t<div class=\"elementor-widget-wrap elementor-element-populated\">\n\t\t\t\t\t\t<div class=\"elementor-element elementor-element-489e74b elementor-widget elementor-widget-text-editor\" data-id=\"489e74b\" data-element_type=\"widget\" data-e-type=\"widget\" data-widget_type=\"text-editor.default\">\n\t\t\t\t<div class=\"elementor-widget-container\">\n\t\t\t\t\t\t\t\t\t<style>\r\n\tbody.home #main-form h2 {\r\n   display:none;\r\n}\r\n<\/style>\r\n<h2 style=\"text-align: center;font-weight: bold;\">Presupuesto r\u00e1pido gratuito<\/h2>\r\n<iframe src=\"https:\/\/app.metocrm.com\/web-forms\/e1cab5bd-ef56-4a37-aa71-4857d931f368\"  height=\"700px\" width=\"100%\"  frameborder=\"0\"><\/iframe>\t\t\t\t\t\t\t\t<\/div>\n\t\t\t\t<\/div>\n\t\t\t\t\t<\/div>\n\t\t<\/div>\n\t\t\t\t\t<\/div>\n\t\t<\/section>\n\t\t\t\t<section class=\"elementor-section elementor-top-section elementor-element elementor-element-ff1a7b2 elementor-section-boxed elementor-section-height-default elementor-section-height-default\" data-id=\"ff1a7b2\" data-element_type=\"section\" data-e-type=\"section\" id=\"sousinter___pageinter\">\n\t\t\t\t\t\t<div class=\"elementor-container elementor-column-gap-default\">\n\t\t\t\t\t<div class=\"elementor-column elementor-col-50 elementor-top-column elementor-element elementor-element-b2c5b1e\" data-id=\"b2c5b1e\" data-element_type=\"column\" data-e-type=\"column\">\n\t\t\t<div class=\"elementor-widget-wrap elementor-element-populated\">\n\t\t\t\t\t\t<div class=\"elementor-element elementor-element-d01f7bf elementor-widget elementor-widget-html\" data-id=\"d01f7bf\" data-element_type=\"widget\" data-e-type=\"widget\" data-widget_type=\"html.default\">\n\t\t\t\t<div class=\"elementor-widget-container\">\n\t\t\t\t\t<div class=\"categ__Home\">\n    <div>\n        <div class=\"imageCateg\">\n             <a href=\"https:\/\/www.medespoir.fr\/es\/cirugia-silueta\/\"><img decoding=\"async\" class=\"alignright\" src=\"https:\/\/www.medespoir.fr\/wp-content\/uploads\/2021\/11\/chirurgie-corps-pas-cher-1.png\" alt=\"cirug\u00eda-cuerpo-no-cher\"><\/a>\n        <\/div>\n        <div class=\"categDesc\">\n           <h3>Cirug\u00eda de la Silueta<\/h3>\n            <ul class=\"inter-list\">\n                <li style=\"text-align: left;\"><a href=\"https:\/\/www.medespoir.fr\/es\/liposuccion\/\">Liposucci\u00f3n<\/a><\/li>\n                <li style=\"text-align: left;\"><a href=\"https:\/\/www.medespoir.fr\/es\/abdominoplastia\/\">Abdominoplastia<\/a><\/li>\n                <li style=\"text-align: left;\"><a href=\"https:\/\/www.medespoir.fr\/es\/crecimiento-de-gluteos\/\">Aumento de gl\u00fateos<\/a><\/li>\n                <li style=\"text-align: left;\"><a href=\"https:\/\/www.medespoir.fr\/es\/musloplastia\/\">Musloplastia<\/a><\/li>\n\n            <\/ul>\n            <a href=\"https:\/\/www.medespoir.fr\/es\/cirugia-silueta\/\" class=\"main__btn blue\"><span>Ver M\u00e1s<\/span><\/a>\n        <\/div>\n    <\/div>\n<\/div>\t\t\t\t<\/div>\n\t\t\t\t<\/div>\n\t\t\t\t\t<\/div>\n\t\t<\/div>\n\t\t\t\t<div class=\"elementor-column elementor-col-50 elementor-top-column elementor-element elementor-element-e18af23\" data-id=\"e18af23\" data-element_type=\"column\" data-e-type=\"column\">\n\t\t\t<div class=\"elementor-widget-wrap elementor-element-populated\">\n\t\t\t\t\t\t<div class=\"elementor-element elementor-element-9d5e166 elementor-widget elementor-widget-html\" data-id=\"9d5e166\" data-element_type=\"widget\" data-e-type=\"widget\" data-widget_type=\"html.default\">\n\t\t\t\t<div class=\"elementor-widget-container\">\n\t\t\t\t\t<div class=\"categ__Home\">\n    <div>\n        <div class=\"imageCateg\">\n            <a href=\"https:\/\/www.medespoir.fr\/es\/cirugia-obesidad\/\"><img decoding=\"async\" class=\"alignright\" src=\"https:\/\/www.medespoir.fr\/wp-content\/uploads\/2022\/08\/chiriugie__obesite.webp\" alt=\"Chirurgie de l\u2019ob\u00e9sit\u00e9\" width=\"182\" height=\"109\"><\/a>\n        <\/div>\n        <div class=\"categDesc\">\n            <h3>Cirug\u00eda de la Obesidad<\/h3>\n            <ul class=\"inter-list\">\n                <li style=\"text-align: left;\"><a href=\"https:\/\/www.medespoir.fr\/es\/bypass\/\">Bypass g\u00e1strico<\/a><\/li>\n                <li style=\"text-align: left;\"><a href=\"https:\/\/www.medespoir.fr\/es\/gastroplastia\/\">Gastroplastia<\/a><\/li>\n                <li style=\"text-align: left;\"><a href=\"https:\/\/www.medespoir.fr\/es\/sleeve\/\">Gastrectom\u00eda en Manga (el Sleeve)<\/a><\/li>\n            <\/ul>\n            <a href=\"https:\/\/www.medespoir.fr\/es\/cirugia-obesidad\/\" class=\"main__btn blue\"><span>Ver M\u00e1s<\/span><\/a>\n        <\/div>\n    <\/div>\n<\/div>\t\t\t\t<\/div>\n\t\t\t\t<\/div>\n\t\t\t\t\t<\/div>\n\t\t<\/div>\n\t\t\t\t\t<\/div>\n\t\t<\/section>\n\t\t\t\t<section class=\"elementor-section elementor-top-section elementor-element elementor-element-22659ae elementor-section-boxed elementor-section-height-default elementor-section-height-default\" data-id=\"22659ae\" data-element_type=\"section\" data-e-type=\"section\">\n\t\t\t\t\t\t<div class=\"elementor-container elementor-column-gap-default\">\n\t\t\t\t\t<div class=\"elementor-column elementor-col-50 elementor-top-column elementor-element elementor-element-bf97188\" data-id=\"bf97188\" data-element_type=\"column\" data-e-type=\"column\">\n\t\t\t<div class=\"elementor-widget-wrap elementor-element-populated\">\n\t\t\t\t\t\t<div class=\"elementor-element elementor-element-9338f9f elementor-widget elementor-widget-html\" data-id=\"9338f9f\" data-element_type=\"widget\" data-e-type=\"widget\" data-widget_type=\"html.default\">\n\t\t\t\t<div class=\"elementor-widget-container\">\n\t\t\t\t\t<a href=\"https:\/\/www.medespoir.fr\/es\/presupuesto\/\" class=\"main__btn blue\"><span>Presupuesto gratuito<\/span><\/a>\t\t\t\t<\/div>\n\t\t\t\t<\/div>\n\t\t\t\t\t<\/div>\n\t\t<\/div>\n\t\t\t\t<div class=\"elementor-column elementor-col-50 elementor-top-column elementor-element elementor-element-d5d3269\" data-id=\"d5d3269\" data-element_type=\"column\" data-e-type=\"column\">\n\t\t\t<div class=\"elementor-widget-wrap\">\n\t\t\t\t\t\t\t<\/div>\n\t\t<\/div>\n\t\t\t\t\t<\/div>\n\t\t<\/section>\n\t\t\t\t<\/div>\n\t\t","protected":false},"excerpt":{"rendered":"<p>El envejecimiento, la insatisfacci\u00f3n con la forma y el tama\u00f1o de los senos, la conformaci\u00f3n de la silueta&#8230; Hay imperfecciones [&hellip;]<\/p>\n","protected":false},"author":1,"featured_media":20735,"parent":0,"menu_order":115,"comment_status":"closed","ping_status":"closed","template":"","meta":{"footnotes":""},"class_list":["post-20733","page","type-page","status-publish","has-post-thumbnail","hentry"],"yoast_head":"<!-- This site is optimized with the Yoast SEO plugin v27.5 - https:\/\/yoast.com\/product\/yoast-seo-wordpress\/ -->\n<title>Intervenciones, procedimientos quir\u00fargicos est\u00e9ticos T\u00fanez: Desarrollo y Precios<\/title>\n<meta name=\"description\" content=\"MedEspoir: informaci\u00f3n sobre las intervenciones quir\u00fargicas en T\u00fanez y sus precios: cirug\u00eda facial, cirug\u00eda de los senos, cirug\u00eda bari\u00e1trica, cirug\u00eda de la silueta.\" \/>\n<meta name=\"robots\" content=\"index, follow, max-snippet:-1, max-image-preview:large, max-video-preview:-1\" \/>\n<link rel=\"canonical\" href=\"https:\/\/www.medespoir.fr\/es\/operaciones\/\" \/>\n<meta name=\"twitter:label1\" content=\"Tiempo de lectura\" \/>\n\t<meta name=\"twitter:data1\" content=\"2 minutos\" \/>\n<script type=\"application\/ld+json\" class=\"yoast-schema-graph\">{\"@context\":\"https:\\\/\\\/schema.org\",\"@graph\":[{\"@type\":\"WebPage\",\"@id\":\"https:\\\/\\\/www.medespoir.fr\\\/es\\\/operaciones\\\/\",\"url\":\"https:\\\/\\\/www.medespoir.fr\\\/es\\\/operaciones\\\/\",\"name\":\"Intervenciones, procedimientos quir\u00fargicos est\u00e9ticos T\u00fanez: Desarrollo y Precios\",\"isPartOf\":{\"@id\":\"https:\\\/\\\/www.medespoir.fr\\\/es\\\/#website\"},\"primaryImageOfPage\":{\"@id\":\"https:\\\/\\\/www.medespoir.fr\\\/es\\\/operaciones\\\/#primaryimage\"},\"image\":{\"@id\":\"https:\\\/\\\/www.medespoir.fr\\\/es\\\/operaciones\\\/#primaryimage\"},\"thumbnailUrl\":\"https:\\\/\\\/www.medespoir.fr\\\/wp-content\\\/uploads\\\/2021\\\/11\\\/header-operations.jpg\",\"datePublished\":\"2017-03-30T13:50:38+00:00\",\"dateModified\":\"2022-12-19T15:07:31+00:00\",\"description\":\"MedEspoir: informaci\u00f3n sobre las intervenciones quir\u00fargicas en T\u00fanez y sus precios: cirug\u00eda facial, cirug\u00eda de los senos, cirug\u00eda bari\u00e1trica, cirug\u00eda de la silueta.\",\"breadcrumb\":{\"@id\":\"https:\\\/\\\/www.medespoir.fr\\\/es\\\/operaciones\\\/#breadcrumb\"},\"inLanguage\":\"es\",\"potentialAction\":[{\"@type\":\"ReadAction\",\"target\":[\"https:\\\/\\\/www.medespoir.fr\\\/es\\\/operaciones\\\/\"]}]},{\"@type\":\"ImageObject\",\"inLanguage\":\"es\",\"@id\":\"https:\\\/\\\/www.medespoir.fr\\\/es\\\/operaciones\\\/#primaryimage\",\"url\":\"https:\\\/\\\/www.medespoir.fr\\\/wp-content\\\/uploads\\\/2021\\\/11\\\/header-operations.jpg\",\"contentUrl\":\"https:\\\/\\\/www.medespoir.fr\\\/wp-content\\\/uploads\\\/2021\\\/11\\\/header-operations.jpg\",\"width\":1928,\"height\":479},{\"@type\":\"BreadcrumbList\",\"@id\":\"https:\\\/\\\/www.medespoir.fr\\\/es\\\/operaciones\\\/#breadcrumb\",\"itemListElement\":[{\"@type\":\"ListItem\",\"position\":1,\"name\":\"Accueil\",\"item\":\"https:\\\/\\\/www.medespoir.fr\\\/es\\\/\"},{\"@type\":\"ListItem\",\"position\":2,\"name\":\"Nuestras intervenciones de cirug\u00eda est\u00e9tica\"}]},{\"@type\":\"WebSite\",\"@id\":\"https:\\\/\\\/www.medespoir.fr\\\/es\\\/#website\",\"url\":\"https:\\\/\\\/www.medespoir.fr\\\/es\\\/\",\"name\":\"Medespoir France\",\"description\":\"Chirurgie esthetique Tunisie\",\"publisher\":{\"@id\":\"https:\\\/\\\/www.medespoir.fr\\\/es\\\/#organization\"},\"potentialAction\":[{\"@type\":\"SearchAction\",\"target\":{\"@type\":\"EntryPoint\",\"urlTemplate\":\"https:\\\/\\\/www.medespoir.fr\\\/es\\\/?s={search_term_string}\"},\"query-input\":{\"@type\":\"PropertyValueSpecification\",\"valueRequired\":true,\"valueName\":\"search_term_string\"}}],\"inLanguage\":\"es\"},{\"@type\":\"Organization\",\"@id\":\"https:\\\/\\\/www.medespoir.fr\\\/es\\\/#organization\",\"name\":\"Medespoir France\",\"url\":\"https:\\\/\\\/www.medespoir.fr\\\/es\\\/\",\"logo\":{\"@type\":\"ImageObject\",\"inLanguage\":\"es\",\"@id\":\"https:\\\/\\\/www.medespoir.fr\\\/es\\\/#\\\/schema\\\/logo\\\/image\\\/\",\"url\":\"https:\\\/\\\/www.medespoir.fr\\\/wp-content\\\/uploads\\\/2021\\\/10\\\/cropped-logo__medespoirFR.png\",\"contentUrl\":\"https:\\\/\\\/www.medespoir.fr\\\/wp-content\\\/uploads\\\/2021\\\/10\\\/cropped-logo__medespoirFR.png\",\"width\":150,\"height\":62,\"caption\":\"Medespoir France\"},\"image\":{\"@id\":\"https:\\\/\\\/www.medespoir.fr\\\/es\\\/#\\\/schema\\\/logo\\\/image\\\/\"},\"sameAs\":[\"https:\\\/\\\/www.facebook.com\\\/MedEspoirFr\",\"https:\\\/\\\/x.com\\\/MedEspoirTN\"]}]}<\/script>\n<!-- \/ Yoast SEO plugin. -->","yoast_head_json":{"title":"Intervenciones, procedimientos quir\u00fargicos est\u00e9ticos T\u00fanez: Desarrollo y Precios","description":"MedEspoir: informaci\u00f3n sobre las intervenciones quir\u00fargicas en T\u00fanez y sus precios: cirug\u00eda facial, cirug\u00eda de los senos, cirug\u00eda bari\u00e1trica, cirug\u00eda de la silueta.","robots":{"index":"index","follow":"follow","max-snippet":"max-snippet:-1","max-image-preview":"max-image-preview:large","max-video-preview":"max-video-preview:-1"},"canonical":"https:\/\/www.medespoir.fr\/es\/operaciones\/","twitter_misc":{"Tiempo de lectura":"2 minutos"},"schema":{"@context":"https:\/\/schema.org","@graph":[{"@type":"WebPage","@id":"https:\/\/www.medespoir.fr\/es\/operaciones\/","url":"https:\/\/www.medespoir.fr\/es\/operaciones\/","name":"Intervenciones, procedimientos quir\u00fargicos est\u00e9ticos T\u00fanez: Desarrollo y Precios","isPartOf":{"@id":"https:\/\/www.medespoir.fr\/es\/#website"},"primaryImageOfPage":{"@id":"https:\/\/www.medespoir.fr\/es\/operaciones\/#primaryimage"},"image":{"@id":"https:\/\/www.medespoir.fr\/es\/operaciones\/#primaryimage"},"thumbnailUrl":"https:\/\/www.medespoir.fr\/wp-content\/uploads\/2021\/11\/header-operations.jpg","datePublished":"2017-03-30T13:50:38+00:00","dateModified":"2022-12-19T15:07:31+00:00","description":"MedEspoir: informaci\u00f3n sobre las intervenciones quir\u00fargicas en T\u00fanez y sus precios: cirug\u00eda facial, cirug\u00eda de los senos, cirug\u00eda bari\u00e1trica, cirug\u00eda de la silueta.","breadcrumb":{"@id":"https:\/\/www.medespoir.fr\/es\/operaciones\/#breadcrumb"},"inLanguage":"es","potentialAction":[{"@type":"ReadAction","target":["https:\/\/www.medespoir.fr\/es\/operaciones\/"]}]},{"@type":"ImageObject","inLanguage":"es","@id":"https:\/\/www.medespoir.fr\/es\/operaciones\/#primaryimage","url":"https:\/\/www.medespoir.fr\/wp-content\/uploads\/2021\/11\/header-operations.jpg","contentUrl":"https:\/\/www.medespoir.fr\/wp-content\/uploads\/2021\/11\/header-operations.jpg","width":1928,"height":479},{"@type":"BreadcrumbList","@id":"https:\/\/www.medespoir.fr\/es\/operaciones\/#breadcrumb","itemListElement":[{"@type":"ListItem","position":1,"name":"Accueil","item":"https:\/\/www.medespoir.fr\/es\/"},{"@type":"ListItem","position":2,"name":"Nuestras intervenciones de cirug\u00eda est\u00e9tica"}]},{"@type":"WebSite","@id":"https:\/\/www.medespoir.fr\/es\/#website","url":"https:\/\/www.medespoir.fr\/es\/","name":"Medespoir France","description":"Chirurgie esthetique Tunisie","publisher":{"@id":"https:\/\/www.medespoir.fr\/es\/#organization"},"potentialAction":[{"@type":"SearchAction","target":{"@type":"EntryPoint","urlTemplate":"https:\/\/www.medespoir.fr\/es\/?s={search_term_string}"},"query-input":{"@type":"PropertyValueSpecification","valueRequired":true,"valueName":"search_term_string"}}],"inLanguage":"es"},{"@type":"Organization","@id":"https:\/\/www.medespoir.fr\/es\/#organization","name":"Medespoir France","url":"https:\/\/www.medespoir.fr\/es\/","logo":{"@type":"ImageObject","inLanguage":"es","@id":"https:\/\/www.medespoir.fr\/es\/#\/schema\/logo\/image\/","url":"https:\/\/www.medespoir.fr\/wp-content\/uploads\/2021\/10\/cropped-logo__medespoirFR.png","contentUrl":"https:\/\/www.medespoir.fr\/wp-content\/uploads\/2021\/10\/cropped-logo__medespoirFR.png","width":150,"height":62,"caption":"Medespoir France"},"image":{"@id":"https:\/\/www.medespoir.fr\/es\/#\/schema\/logo\/image\/"},"sameAs":["https:\/\/www.facebook.com\/MedEspoirFr","https:\/\/x.com\/MedEspoirTN"]}]}},"_links":{"self":[{"href":"https:\/\/www.medespoir.fr\/es\/wp-json\/wp\/v2\/pages\/20733","targetHints":{"allow":["GET"]}}],"collection":[{"href":"https:\/\/www.medespoir.fr\/es\/wp-json\/wp\/v2\/pages"}],"about":[{"href":"https:\/\/www.medespoir.fr\/es\/wp-json\/wp\/v2\/types\/page"}],"author":[{"embeddable":true,"href":"https:\/\/www.medespoir.fr\/es\/wp-json\/wp\/v2\/users\/1"}],"replies":[{"embeddable":true,"href":"https:\/\/www.medespoir.fr\/es\/wp-json\/wp\/v2\/comments?post=20733"}],"version-history":[{"count":0,"href":"https:\/\/www.medespoir.fr\/es\/wp-json\/wp\/v2\/pages\/20733\/revisions"}],"wp:featuredmedia":[{"embeddable":true,"href":"https:\/\/www.medespoir.fr\/es\/wp-json\/wp\/v2\/media\/20735"}],"wp:attachment":[{"href":"https:\/\/www.medespoir.fr\/es\/wp-json\/wp\/v2\/media?parent=20733"}],"curies":[{"name":"wp","href":"https:\/\/api.w.org\/{rel}","templated":true}]}}