{"id":20610,"date":"2016-08-16T14:23:15","date_gmt":"2016-08-16T12:23:15","guid":{"rendered":"https:\/\/www.medespoir.fr\/mejor-clinica-estetica-de-tunez-socio-de-medespoir-france\/"},"modified":"2022-12-14T13:55:34","modified_gmt":"2022-12-14T12:55:34","slug":"clinica","status":"publish","type":"page","link":"https:\/\/www.medespoir.fr\/es\/clinica\/","title":{"rendered":"Nuestras cl\u00ednicas de cirug\u00eda est\u00e9tica en T\u00fanez"},"content":{"rendered":"\t\t<div data-elementor-type=\"wp-page\" data-elementor-id=\"20610\" class=\"elementor elementor-20610\">\n\t\t\t\t\t\t<section class=\"elementor-section elementor-top-section elementor-element elementor-element-faa34d3 elementor-section-boxed elementor-section-height-default elementor-section-height-default\" data-id=\"faa34d3\" data-element_type=\"section\" data-e-type=\"section\">\n\t\t\t\t\t\t<div class=\"elementor-container elementor-column-gap-default\">\n\t\t\t\t\t<div class=\"elementor-column elementor-col-50 elementor-top-column elementor-element elementor-element-146a4f9\" data-id=\"146a4f9\" data-element_type=\"column\" data-e-type=\"column\">\n\t\t\t<div class=\"elementor-widget-wrap elementor-element-populated\">\n\t\t\t\t\t\t<div class=\"elementor-element elementor-element-e9d45ff elementor-widget elementor-widget-text-editor\" data-id=\"e9d45ff\" data-element_type=\"widget\" data-e-type=\"widget\" data-widget_type=\"text-editor.default\">\n\t\t\t\t<div class=\"elementor-widget-container\">\n\t\t\t\t\t\t\t\t\t<strong>Med Espoir<\/strong> garantiza a sus pacientes una atenci\u00f3n hospitalaria de calidad a\ntrav\u00e9s de cl\u00ednicas prestigiosas y especializadas en cirug\u00eda est\u00e9tica.\n\n\t\t\t\t\t\t\t\t<\/div>\n\t\t\t\t<\/div>\n\t\t\t\t<div class=\"elementor-element elementor-element-cadde34 elementor-widget elementor-widget-text-editor\" data-id=\"cadde34\" data-element_type=\"widget\" data-e-type=\"widget\" data-widget_type=\"text-editor.default\">\n\t\t\t\t<div class=\"elementor-widget-container\">\n\t\t\t\t\t\t\t\t\t<strong>Las intervenciones de cirug\u00eda est\u00e9tica en T\u00fanez<\/strong> se desarrollan en un ambiente\nconfortable donde tanto los equipos tecnol\u00f3gicos como el personal m\u00e9dico son conocidos por su\nalto nivel de rendimiento y competencia.\t\t\t\t\t\t\t\t<\/div>\n\t\t\t\t<\/div>\n\t\t\t\t<div class=\"elementor-element elementor-element-7bf1990 elementor-widget elementor-widget-html\" data-id=\"7bf1990\" data-element_type=\"widget\" data-e-type=\"widget\" data-widget_type=\"html.default\">\n\t\t\t\t<div class=\"elementor-widget-container\">\n\t\t\t\t\t<a href=\"https:\/\/www.medespoir.fr\/es\/presupuesto\/\" class=\"main__btn blue\"><span>Presupuesto gratuito<\/span><\/a>\t\t\t\t<\/div>\n\t\t\t\t<\/div>\n\t\t\t\t\t<\/div>\n\t\t<\/div>\n\t\t\t\t<div class=\"elementor-column elementor-col-50 elementor-top-column elementor-element elementor-element-dfceefc\" data-id=\"dfceefc\" data-element_type=\"column\" data-e-type=\"column\">\n\t\t\t<div class=\"elementor-widget-wrap elementor-element-populated\">\n\t\t\t\t\t\t<div class=\"elementor-element elementor-element-cbb7cde elementor-widget elementor-widget-text-editor\" data-id=\"cbb7cde\" data-element_type=\"widget\" data-e-type=\"widget\" data-widget_type=\"text-editor.default\">\n\t\t\t\t<div class=\"elementor-widget-container\">\n\t\t\t\t\t\t\t\t\t<p><img decoding=\"async\" class=\"alignright\" src=\"https:\/\/www.medespoir.fr\/wp-content\/uploads\/2021\/11\/clinique_medespoir.jpg\" alt=\"Mejor cl\u00ednica est\u00e9tica de T\u00fanez: socio de Medespoir France\"><\/p>\n\t\t\t\t\t\t\t\t<\/div>\n\t\t\t\t<\/div>\n\t\t\t\t\t<\/div>\n\t\t<\/div>\n\t\t\t\t\t<\/div>\n\t\t<\/section>\n\t\t\t\t<section class=\"elementor-section elementor-top-section elementor-element elementor-element-626d831 elementor-section-boxed elementor-section-height-default elementor-section-height-default\" data-id=\"626d831\" data-element_type=\"section\" data-e-type=\"section\" id=\"bg-devis-express\">\n\t\t\t\t\t\t<div class=\"elementor-container elementor-column-gap-default\">\n\t\t\t\t\t<div class=\"elementor-column elementor-col-100 elementor-top-column elementor-element elementor-element-1f4ad9a\" data-id=\"1f4ad9a\" data-element_type=\"column\" data-e-type=\"column\">\n\t\t\t<div class=\"elementor-widget-wrap elementor-element-populated\">\n\t\t\t\t\t\t<div class=\"elementor-element elementor-element-6f0db22 elementor-widget elementor-widget-text-editor\" data-id=\"6f0db22\" data-element_type=\"widget\" data-e-type=\"widget\" data-widget_type=\"text-editor.default\">\n\t\t\t\t<div class=\"elementor-widget-container\">\n\t\t\t\t\t\t\t\t\t\t\n<style>\r\n\tbody.home #main-form h2 {\r\n   display:none;\r\n}\r\n<\/style>\r\n<h2 style=\"text-align: center;font-weight: bold;\">Presupuesto r\u00e1pido gratuito<\/h2>\r\n<iframe src=\"https:\/\/app.metocrm.com\/web-forms\/e1cab5bd-ef56-4a37-aa71-4857d931f368\"  height=\"700px\" width=\"100%\"  frameborder=\"0\"><\/iframe>\n\t\t\t\t\t\t\t\t<\/div>\n\t\t\t\t<\/div>\n\t\t\t\t\t<\/div>\n\t\t<\/div>\n\t\t\t\t\t<\/div>\n\t\t<\/section>\n\t\t\t\t<section class=\"elementor-section elementor-top-section elementor-element elementor-element-78d20e4 elementor-section-boxed elementor-section-height-default elementor-section-height-default\" data-id=\"78d20e4\" data-element_type=\"section\" data-e-type=\"section\">\n\t\t\t\t\t\t<div class=\"elementor-container elementor-column-gap-default\">\n\t\t\t\t\t<div class=\"elementor-column elementor-col-66 elementor-top-column elementor-element elementor-element-4a1b788\" data-id=\"4a1b788\" data-element_type=\"column\" data-e-type=\"column\">\n\t\t\t<div class=\"elementor-widget-wrap elementor-element-populated\">\n\t\t\t\t\t\t<div class=\"elementor-element elementor-element-159133c elementor-widget elementor-widget-text-editor\" data-id=\"159133c\" data-element_type=\"widget\" data-e-type=\"widget\" data-widget_type=\"text-editor.default\">\n\t\t\t\t<div class=\"elementor-widget-container\">\n\t\t\t\t\t\t\t\t\t                    <h2>Nuestra cl\u00ednica de cirug\u00eda est\u00e9tica en T\u00fanez capital<\/h2>\n                    <p> Nuestra cl\u00ednica en T\u00fanez capital se encuentra situada en una zona moderna y elegante de un\n                        tranquilo barrio residencial. Conocida por la calidad de sus infraestructuras y de sus cuidados\n                        m\u00e9dicos, la cl\u00ednica alberga desde hace varios a\u00f1os un centro de cirug\u00eda est\u00e9tica de excelencia.\n                    <\/p>\t\t\t\t\t\t\t\t<\/div>\n\t\t\t\t<\/div>\n\t\t\t\t<div class=\"elementor-element elementor-element-1f2f10f elementor-widget elementor-widget-text-editor\" data-id=\"1f2f10f\" data-element_type=\"widget\" data-e-type=\"widget\" data-widget_type=\"text-editor.default\">\n\t\t\t\t<div class=\"elementor-widget-container\">\n\t\t\t\t\t\t\t\t\t <h3> Recepci\u00f3n de pacientes <\/h3>\n                                <p>Nuestra cl\u00ednica tiene una unidad quir\u00fargica totalmente accesible desde otras\n                                    instalaciones. Se compone de cuatro salas de operaciones dotadas de equipos de\n                                    anestesia y equipadas conforme a las normas de calidad m\u00e9dica de los pa\u00edses europeos\n                                    y a los est\u00e1ndares ISO.<\/p>\n                                <p>La seguridad del paciente est\u00e1 garantizada por un cumplimiento estricto de las reglas\n                                    profil\u00e1cticas y por la moderna decisi\u00f3n de instalar un piso antiest\u00e1tico dise\u00f1ado\n                                    para evitar la dispersi\u00f3n de polvo y evitar as\u00ed el riesgo de infecciones\n                                    microbianas.<\/p>\n                                <p> La comodidad del paciente, durante su permanencia, est\u00e1 garantizada por la atenci\u00f3n\n                                    puesta en el dise\u00f1o de las 24 habitaciones individuales, de hecho, todas cuentan con\n                                    televisi\u00f3n, ba\u00f1os y aseos, y son lo bastante amplias como para dar cabida a un\n                                    acompa\u00f1ante o a visitantes.<\/p>\t\t\t\t\t\t\t\t<\/div>\n\t\t\t\t<\/div>\n\t\t\t\t\t<\/div>\n\t\t<\/div>\n\t\t\t\t<div class=\"elementor-column elementor-col-33 elementor-top-column elementor-element elementor-element-9b1dce7\" data-id=\"9b1dce7\" data-element_type=\"column\" data-e-type=\"column\">\n\t\t\t<div class=\"elementor-widget-wrap elementor-element-populated\">\n\t\t\t\t\t\t<div class=\"elementor-element elementor-element-4cbb646 elementor-widget elementor-widget-text-editor\" data-id=\"4cbb646\" data-element_type=\"widget\" data-e-type=\"widget\" data-widget_type=\"text-editor.default\">\n\t\t\t\t<div class=\"elementor-widget-container\">\n\t\t\t\t\t\t\t\t\t<p><img decoding=\"async\" class=\"alignright\" src=\"https:\/\/www.medespoir.fr\/wp-content\/uploads\/2021\/11\/img_cl1.jpg\" alt=\"Mejor cl\u00ednica est\u00e9tica de T\u00fanez: socio de Medespoir France\"><\/p>\n\t\t\t\t\t\t\t\t<\/div>\n\t\t\t\t<\/div>\n\t\t\t\t\t<\/div>\n\t\t<\/div>\n\t\t\t\t\t<\/div>\n\t\t<\/section>\n\t\t\t\t<section class=\"elementor-section elementor-top-section elementor-element elementor-element-4cae51b elementor-section-boxed elementor-section-height-default elementor-section-height-default\" data-id=\"4cae51b\" data-element_type=\"section\" data-e-type=\"section\">\n\t\t\t\t\t\t<div class=\"elementor-container elementor-column-gap-default\">\n\t\t\t\t\t<div class=\"elementor-column elementor-col-33 elementor-top-column elementor-element elementor-element-3fb2fd5\" data-id=\"3fb2fd5\" data-element_type=\"column\" data-e-type=\"column\">\n\t\t\t<div class=\"elementor-widget-wrap elementor-element-populated\">\n\t\t\t\t\t\t<div class=\"elementor-element elementor-element-7571bdf elementor-widget elementor-widget-text-editor\" data-id=\"7571bdf\" data-element_type=\"widget\" data-e-type=\"widget\" data-widget_type=\"text-editor.default\">\n\t\t\t\t<div class=\"elementor-widget-container\">\n\t\t\t\t\t\t\t\t\t<p><img decoding=\"async\" class=\"alignright\" src=\"https:\/\/www.medespoir.fr\/wp-content\/uploads\/2021\/11\/img_cl3.jpg\" alt=\"Mejor cl\u00ednica est\u00e9tica de T\u00fanez: socio de Medespoir France\"><\/p>\n\t\t\t\t\t\t\t\t<\/div>\n\t\t\t\t<\/div>\n\t\t\t\t\t<\/div>\n\t\t<\/div>\n\t\t\t\t<div class=\"elementor-column elementor-col-66 elementor-top-column elementor-element elementor-element-7bef804\" data-id=\"7bef804\" data-element_type=\"column\" data-e-type=\"column\">\n\t\t\t<div class=\"elementor-widget-wrap elementor-element-populated\">\n\t\t\t\t\t\t<div class=\"elementor-element elementor-element-a3a84f1 elementor-widget elementor-widget-text-editor\" data-id=\"a3a84f1\" data-element_type=\"widget\" data-e-type=\"widget\" data-widget_type=\"text-editor.default\">\n\t\t\t\t<div class=\"elementor-widget-container\">\n\t\t\t\t\t\t\t\t\t<h2>Nuestra cl\u00ednica de cirug\u00eda est\u00e9tica en Monastir<\/h2>\nUbicada en punto estrat\u00e9gico para su conveniencia, nuestra cl\u00ednica de cirug\u00eda est\u00e9tica en\nMonastir tambi\u00e9n est\u00e1 muy cerca de los aeropuertos internacionales de Monastir y\nEnfidha-Hammamet y por fin se encuentra situada en las proximidades de las playas m\u00e1s hermosas\nde T\u00fanez .\t\t\t\t\t\t\t\t<\/div>\n\t\t\t\t<\/div>\n\t\t\t\t<div class=\"elementor-element elementor-element-d98a2dc elementor-widget elementor-widget-text-editor\" data-id=\"d98a2dc\" data-element_type=\"widget\" data-e-type=\"widget\" data-widget_type=\"text-editor.default\">\n\t\t\t\t<div class=\"elementor-widget-container\">\n\t\t\t\t\t\t\t\t\t <h3>La toma en cargo de los pacientes<\/h3>\n                                <p> La cl\u00ednica MedEspoir dispone de una unidad eficaz de cirug\u00eda pl\u00e1stica, todas las\n                                    intervenciones pueden tener lugar en cada uno de los 5 bloques quir\u00fargicos, de\n                                    hecho, todos incorporan los equipamientos m\u00e1s avanzados aplicados a la pr\u00e1ctica\n                                    quir\u00fargica y todos cumplen con los requisitos m\u00e1s estrictos para la seguridad y la\n                                    limpieza del hospital.<\/p>\n                                <p>Cada paciente podr\u00e1 c\u00f3modamente instalarse en una habitaci\u00f3n de lujo con vista al mar\n                                    y provista de: <\/p>\n                                <ul class=\"liste-style\">\n                                    <li> Mamparas de yeso para obtener un aislamiento t\u00e9rmico y ac\u00fastico \u00f3ptimo. <\/li>\n                                    <li> Cuarto de ba\u00f1o propio, adaptado para personas con movilidad reducida.<\/li>\n                                    <li> Puertas cortafuego que se atienen a las normas de seguridad.<\/li>\n                                <\/ul>\t\t\t\t\t\t\t\t<\/div>\n\t\t\t\t<\/div>\n\t\t\t\t\t<\/div>\n\t\t<\/div>\n\t\t\t\t\t<\/div>\n\t\t<\/section>\n\t\t\t\t<\/div>\n\t\t","protected":false},"excerpt":{"rendered":"<p>Med Espoir garantiza a sus pacientes una atenci\u00f3n hospitalaria de calidad a trav\u00e9s de cl\u00ednicas prestigiosas y especializadas en cirug\u00eda [&hellip;]<\/p>\n","protected":false},"author":1,"featured_media":20617,"parent":0,"menu_order":83,"comment_status":"closed","ping_status":"closed","template":"","meta":{"footnotes":""},"class_list":["post-20610","page","type-page","status-publish","has-post-thumbnail","hentry"],"yoast_head":"<!-- This site is optimized with the Yoast SEO plugin v27.5 - https:\/\/yoast.com\/product\/yoast-seo-wordpress\/ -->\n<title>Cl\u00ednicas de cirug\u00eda est\u00e9tica T\u00fanez: Medespoir<\/title>\n<meta name=\"description\" content=\"Cl\u00ednicas de cirug\u00eda est\u00e9tica en T\u00fanez acreditadas que conf\u00edan en Medespoir y que hemos seleccionado por la calidad de sus equipos y sus cuidadores\" \/>\n<meta name=\"robots\" content=\"index, follow, max-snippet:-1, max-image-preview:large, max-video-preview:-1\" \/>\n<link rel=\"canonical\" href=\"https:\/\/www.medespoir.fr\/es\/clinica\/\" \/>\n<meta name=\"twitter:label1\" content=\"Tiempo de lectura\" \/>\n\t<meta name=\"twitter:data1\" content=\"3 minutos\" \/>\n<script type=\"application\/ld+json\" class=\"yoast-schema-graph\">{\"@context\":\"https:\\\/\\\/schema.org\",\"@graph\":[{\"@type\":\"WebPage\",\"@id\":\"https:\\\/\\\/www.medespoir.fr\\\/es\\\/clinica\\\/\",\"url\":\"https:\\\/\\\/www.medespoir.fr\\\/es\\\/clinica\\\/\",\"name\":\"Cl\u00ednicas de cirug\u00eda est\u00e9tica T\u00fanez: Medespoir\",\"isPartOf\":{\"@id\":\"https:\\\/\\\/www.medespoir.fr\\\/es\\\/#website\"},\"primaryImageOfPage\":{\"@id\":\"https:\\\/\\\/www.medespoir.fr\\\/es\\\/clinica\\\/#primaryimage\"},\"image\":{\"@id\":\"https:\\\/\\\/www.medespoir.fr\\\/es\\\/clinica\\\/#primaryimage\"},\"thumbnailUrl\":\"https:\\\/\\\/www.medespoir.fr\\\/wp-content\\\/uploads\\\/2021\\\/11\\\/header-clinique.jpg\",\"datePublished\":\"2016-08-16T12:23:15+00:00\",\"dateModified\":\"2022-12-14T12:55:34+00:00\",\"description\":\"Cl\u00ednicas de cirug\u00eda est\u00e9tica en T\u00fanez acreditadas que conf\u00edan en Medespoir y que hemos seleccionado por la calidad de sus equipos y sus cuidadores\",\"breadcrumb\":{\"@id\":\"https:\\\/\\\/www.medespoir.fr\\\/es\\\/clinica\\\/#breadcrumb\"},\"inLanguage\":\"es\",\"potentialAction\":[{\"@type\":\"ReadAction\",\"target\":[\"https:\\\/\\\/www.medespoir.fr\\\/es\\\/clinica\\\/\"]}]},{\"@type\":\"ImageObject\",\"inLanguage\":\"es\",\"@id\":\"https:\\\/\\\/www.medespoir.fr\\\/es\\\/clinica\\\/#primaryimage\",\"url\":\"https:\\\/\\\/www.medespoir.fr\\\/wp-content\\\/uploads\\\/2021\\\/11\\\/header-clinique.jpg\",\"contentUrl\":\"https:\\\/\\\/www.medespoir.fr\\\/wp-content\\\/uploads\\\/2021\\\/11\\\/header-clinique.jpg\",\"width\":1928,\"height\":479},{\"@type\":\"BreadcrumbList\",\"@id\":\"https:\\\/\\\/www.medespoir.fr\\\/es\\\/clinica\\\/#breadcrumb\",\"itemListElement\":[{\"@type\":\"ListItem\",\"position\":1,\"name\":\"Accueil\",\"item\":\"https:\\\/\\\/www.medespoir.fr\\\/es\\\/\"},{\"@type\":\"ListItem\",\"position\":2,\"name\":\"Nuestras cl\u00ednicas de cirug\u00eda est\u00e9tica en T\u00fanez\"}]},{\"@type\":\"WebSite\",\"@id\":\"https:\\\/\\\/www.medespoir.fr\\\/es\\\/#website\",\"url\":\"https:\\\/\\\/www.medespoir.fr\\\/es\\\/\",\"name\":\"Medespoir France\",\"description\":\"Chirurgie esthetique Tunisie\",\"publisher\":{\"@id\":\"https:\\\/\\\/www.medespoir.fr\\\/es\\\/#organization\"},\"potentialAction\":[{\"@type\":\"SearchAction\",\"target\":{\"@type\":\"EntryPoint\",\"urlTemplate\":\"https:\\\/\\\/www.medespoir.fr\\\/es\\\/?s={search_term_string}\"},\"query-input\":{\"@type\":\"PropertyValueSpecification\",\"valueRequired\":true,\"valueName\":\"search_term_string\"}}],\"inLanguage\":\"es\"},{\"@type\":\"Organization\",\"@id\":\"https:\\\/\\\/www.medespoir.fr\\\/es\\\/#organization\",\"name\":\"Medespoir France\",\"url\":\"https:\\\/\\\/www.medespoir.fr\\\/es\\\/\",\"logo\":{\"@type\":\"ImageObject\",\"inLanguage\":\"es\",\"@id\":\"https:\\\/\\\/www.medespoir.fr\\\/es\\\/#\\\/schema\\\/logo\\\/image\\\/\",\"url\":\"https:\\\/\\\/www.medespoir.fr\\\/wp-content\\\/uploads\\\/2021\\\/10\\\/cropped-logo__medespoirFR.png\",\"contentUrl\":\"https:\\\/\\\/www.medespoir.fr\\\/wp-content\\\/uploads\\\/2021\\\/10\\\/cropped-logo__medespoirFR.png\",\"width\":150,\"height\":62,\"caption\":\"Medespoir France\"},\"image\":{\"@id\":\"https:\\\/\\\/www.medespoir.fr\\\/es\\\/#\\\/schema\\\/logo\\\/image\\\/\"},\"sameAs\":[\"https:\\\/\\\/www.facebook.com\\\/MedEspoirFr\",\"https:\\\/\\\/x.com\\\/MedEspoirTN\"]}]}<\/script>\n<!-- \/ Yoast SEO plugin. -->","yoast_head_json":{"title":"Cl\u00ednicas de cirug\u00eda est\u00e9tica T\u00fanez: Medespoir","description":"Cl\u00ednicas de cirug\u00eda est\u00e9tica en T\u00fanez acreditadas que conf\u00edan en Medespoir y que hemos seleccionado por la calidad de sus equipos y sus cuidadores","robots":{"index":"index","follow":"follow","max-snippet":"max-snippet:-1","max-image-preview":"max-image-preview:large","max-video-preview":"max-video-preview:-1"},"canonical":"https:\/\/www.medespoir.fr\/es\/clinica\/","twitter_misc":{"Tiempo de lectura":"3 minutos"},"schema":{"@context":"https:\/\/schema.org","@graph":[{"@type":"WebPage","@id":"https:\/\/www.medespoir.fr\/es\/clinica\/","url":"https:\/\/www.medespoir.fr\/es\/clinica\/","name":"Cl\u00ednicas de cirug\u00eda est\u00e9tica T\u00fanez: Medespoir","isPartOf":{"@id":"https:\/\/www.medespoir.fr\/es\/#website"},"primaryImageOfPage":{"@id":"https:\/\/www.medespoir.fr\/es\/clinica\/#primaryimage"},"image":{"@id":"https:\/\/www.medespoir.fr\/es\/clinica\/#primaryimage"},"thumbnailUrl":"https:\/\/www.medespoir.fr\/wp-content\/uploads\/2021\/11\/header-clinique.jpg","datePublished":"2016-08-16T12:23:15+00:00","dateModified":"2022-12-14T12:55:34+00:00","description":"Cl\u00ednicas de cirug\u00eda est\u00e9tica en T\u00fanez acreditadas que conf\u00edan en Medespoir y que hemos seleccionado por la calidad de sus equipos y sus cuidadores","breadcrumb":{"@id":"https:\/\/www.medespoir.fr\/es\/clinica\/#breadcrumb"},"inLanguage":"es","potentialAction":[{"@type":"ReadAction","target":["https:\/\/www.medespoir.fr\/es\/clinica\/"]}]},{"@type":"ImageObject","inLanguage":"es","@id":"https:\/\/www.medespoir.fr\/es\/clinica\/#primaryimage","url":"https:\/\/www.medespoir.fr\/wp-content\/uploads\/2021\/11\/header-clinique.jpg","contentUrl":"https:\/\/www.medespoir.fr\/wp-content\/uploads\/2021\/11\/header-clinique.jpg","width":1928,"height":479},{"@type":"BreadcrumbList","@id":"https:\/\/www.medespoir.fr\/es\/clinica\/#breadcrumb","itemListElement":[{"@type":"ListItem","position":1,"name":"Accueil","item":"https:\/\/www.medespoir.fr\/es\/"},{"@type":"ListItem","position":2,"name":"Nuestras cl\u00ednicas de cirug\u00eda est\u00e9tica en T\u00fanez"}]},{"@type":"WebSite","@id":"https:\/\/www.medespoir.fr\/es\/#website","url":"https:\/\/www.medespoir.fr\/es\/","name":"Medespoir France","description":"Chirurgie esthetique Tunisie","publisher":{"@id":"https:\/\/www.medespoir.fr\/es\/#organization"},"potentialAction":[{"@type":"SearchAction","target":{"@type":"EntryPoint","urlTemplate":"https:\/\/www.medespoir.fr\/es\/?s={search_term_string}"},"query-input":{"@type":"PropertyValueSpecification","valueRequired":true,"valueName":"search_term_string"}}],"inLanguage":"es"},{"@type":"Organization","@id":"https:\/\/www.medespoir.fr\/es\/#organization","name":"Medespoir France","url":"https:\/\/www.medespoir.fr\/es\/","logo":{"@type":"ImageObject","inLanguage":"es","@id":"https:\/\/www.medespoir.fr\/es\/#\/schema\/logo\/image\/","url":"https:\/\/www.medespoir.fr\/wp-content\/uploads\/2021\/10\/cropped-logo__medespoirFR.png","contentUrl":"https:\/\/www.medespoir.fr\/wp-content\/uploads\/2021\/10\/cropped-logo__medespoirFR.png","width":150,"height":62,"caption":"Medespoir France"},"image":{"@id":"https:\/\/www.medespoir.fr\/es\/#\/schema\/logo\/image\/"},"sameAs":["https:\/\/www.facebook.com\/MedEspoirFr","https:\/\/x.com\/MedEspoirTN"]}]}},"_links":{"self":[{"href":"https:\/\/www.medespoir.fr\/es\/wp-json\/wp\/v2\/pages\/20610","targetHints":{"allow":["GET"]}}],"collection":[{"href":"https:\/\/www.medespoir.fr\/es\/wp-json\/wp\/v2\/pages"}],"about":[{"href":"https:\/\/www.medespoir.fr\/es\/wp-json\/wp\/v2\/types\/page"}],"author":[{"embeddable":true,"href":"https:\/\/www.medespoir.fr\/es\/wp-json\/wp\/v2\/users\/1"}],"replies":[{"embeddable":true,"href":"https:\/\/www.medespoir.fr\/es\/wp-json\/wp\/v2\/comments?post=20610"}],"version-history":[{"count":0,"href":"https:\/\/www.medespoir.fr\/es\/wp-json\/wp\/v2\/pages\/20610\/revisions"}],"wp:featuredmedia":[{"embeddable":true,"href":"https:\/\/www.medespoir.fr\/es\/wp-json\/wp\/v2\/media\/20617"}],"wp:attachment":[{"href":"https:\/\/www.medespoir.fr\/es\/wp-json\/wp\/v2\/media?parent=20610"}],"curies":[{"name":"wp","href":"https:\/\/api.w.org\/{rel}","templated":true}]}}